{"id":8873,"date":"2026-01-22T21:12:39","date_gmt":"2026-01-22T21:12:39","guid":{"rendered":"https:\/\/gotec-bonding-agent-systems.com\/kamelock-km-14\/"},"modified":"2026-04-05T09:46:42","modified_gmt":"2026-04-05T09:46:42","slug":"kamelock-km-14","status":"publish","type":"page","link":"https:\/\/gotec-bonding-agent-systems.com\/de\/kamelock-km-14\/","title":{"rendered":"KA&amp;MELOCK KM 14 &#8211; hocheffizientes Haftsystem"},"content":{"rendered":"\t\t<div data-elementor-type=\"wp-page\" data-elementor-id=\"8873\" class=\"elementor elementor-8873 elementor-7760\">\n\t\t\t\t<div class=\"elementor-element elementor-element-1f622a0 e-flex e-con-boxed wpr-particle-no wpr-jarallax-no wpr-parallax-no wpr-sticky-section-no wpr-equal-height-no e-con e-parent\" data-id=\"1f622a0\" data-element_type=\"container\" data-e-type=\"container\" data-settings=\"{&quot;background_background&quot;:&quot;classic&quot;}\">\n\t\t\t\t\t<div class=\"e-con-inner\">\n\t\t<div class=\"elementor-element elementor-element-3459be7 e-con-full e-flex wpr-particle-no wpr-jarallax-no wpr-parallax-no wpr-sticky-section-no wpr-equal-height-no e-con e-child\" data-id=\"3459be7\" data-element_type=\"container\" data-e-type=\"container\">\n\t\t\t\t<div class=\"elementor-element elementor-element-5274b39 elementor-widget elementor-widget-elementskit-heading\" data-id=\"5274b39\" data-element_type=\"widget\" data-e-type=\"widget\" data-widget_type=\"elementskit-heading.default\">\n\t\t\t\t\t<div class=\"ekit-wid-con\" ><div class=\"ekit-heading elementskit-section-title-wraper text_left   ekit_heading_tablet-   ekit_heading_mobile-\"><h2 class=\"ekit-heading--title elementskit-section-title \">KA&amp;MELOCK KM 14<\/h2>\t\t\t\t<div class='ekit-heading__description'>\n\t\t\t\t\t<p>KA&amp;MELOCK KM 14 ist ein hocheffizientes <strong>Haftsystem<\/strong>, der sowohl f\u00fcr <strong>Niedrigtemperatur-Vulkanisations<\/strong>prozesse bei <strong>90\u2013100 \u00b0C<\/strong> als auch f\u00fcr <strong>Standard-Vulkanisationstemperaturen<\/strong> im Bereich von <strong>150\u2013170 \u00b0C<\/strong> geeignet ist.<br>In Kombination mit dem <strong>KA&amp;MELOCK MP 05 Primer<\/strong> liefert das System eine hervorragende Performance f\u00fcr Anwendungen wie <strong>Tankauskleidungen<\/strong> sowie f\u00fcr die Herstellung von <strong>Gummiwalzen und Gummizylindern<\/strong>.<\/p>\n<p>KA&amp;MELOCK KM 14 erm\u00f6glicht eine zuverl\u00e4ssige Haftung von Textilsubstraten, einschlie\u00dflich Polyester und Polyamid, an eine Vielzahl von Gummimischungen, wie z. B. Brom-\/Chlorbutylkautschuk (BIIR\/CIIR), Chloroprenkautschuk (CR), chlorosulfoniertes Polyethylen (CSM), Ethylen-Propylen-Kautschuk (EPDM), Butylkautschuk (IIR), Polyisopren (IR), Nitrilkautschuk (NBR), Naturkautschuk (NR) und Styrol-Butadien-Kautschuk (SBR).<\/p>\n<p>Dar\u00fcber hinaus eignet sich KA&amp;MELOCK KM 14 f\u00fcr die Haftung von <strong>unvulkanisiertem Gummi auf vulkanisiertem Gummi<\/strong> auf Basis von <strong>CR, CSM, EPDM, IIR, NBR, NR und SBR<\/strong> und erm\u00f6glicht stabile und dauerhafte Haftungsergebnisse.<\/p>\n<p>Das Produkt eignet sich zudem sehr gut f\u00fcr die <strong>Herstellung von Dichtungen<\/strong>.<\/p>\n\t\t\t\t<\/div>\n\t\t\t<\/div><\/div>\t\t\t\t<\/div>\n\t\t\t\t<\/div>\n\t\t<div class=\"elementor-element elementor-element-d7d36e3 e-con-full e-flex wpr-particle-no wpr-jarallax-no wpr-parallax-no wpr-sticky-section-no wpr-equal-height-no e-con e-child\" data-id=\"d7d36e3\" data-element_type=\"container\" data-e-type=\"container\">\n\t\t\t\t<div class=\"elementor-element elementor-element-20d3825 elementor-widget elementor-widget-image\" data-id=\"20d3825\" data-element_type=\"widget\" data-e-type=\"widget\" data-widget_type=\"image.default\">\n\t\t\t\t\t\t\t\t\t\t\t\t\t\t\t<img fetchpriority=\"high\" decoding=\"async\" width=\"950\" height=\"634\" src=\"https:\/\/gotec-bonding-agent-systems.com\/wp-content\/uploads\/2026\/02\/KAMELOCK-KM-14-1024x683.png\" class=\"attachment-large size-large wp-image-8875\" alt=\"KA&amp;MELOCK KM 14\" srcset=\"https:\/\/gotec-bonding-agent-systems.com\/wp-content\/uploads\/2026\/02\/KAMELOCK-KM-14-1024x683.png 1024w, https:\/\/gotec-bonding-agent-systems.com\/wp-content\/uploads\/2026\/02\/KAMELOCK-KM-14-300x200.png 300w, https:\/\/gotec-bonding-agent-systems.com\/wp-content\/uploads\/2026\/02\/KAMELOCK-KM-14-600x400.png 600w, https:\/\/gotec-bonding-agent-systems.com\/wp-content\/uploads\/2026\/02\/KAMELOCK-KM-14-1200x800.png 1200w, https:\/\/gotec-bonding-agent-systems.com\/wp-content\/uploads\/2026\/02\/KAMELOCK-KM-14.png 1536w\" sizes=\"100vw\" \/>\t\t\t\t\t\t\t\t\t\t\t\t\t\t\t<\/div>\n\t\t\t\t<div class=\"elementor-element elementor-element-b099ba1 elementor-widget elementor-widget-spacer\" data-id=\"b099ba1\" data-element_type=\"widget\" data-e-type=\"widget\" data-widget_type=\"spacer.default\">\n\t\t\t\t\t\t\t<div class=\"elementor-spacer\">\n\t\t\t<div class=\"elementor-spacer-inner\"><\/div>\n\t\t<\/div>\n\t\t\t\t\t\t<\/div>\n\t\t\t\t<div class=\"elementor-element elementor-element-a1719ab elementor-widget elementor-widget-button\" data-id=\"a1719ab\" data-element_type=\"widget\" data-e-type=\"widget\" data-widget_type=\"button.default\">\n\t\t\t\t\t\t\t\t\t\t<a class=\"elementor-button elementor-button-link elementor-size-sm\" href=\"https:\/\/gotec-bonding-agent-systems.com\/wp-content\/uploads\/2026\/01\/6Evog2-Unknown.pdf\">\n\t\t\t\t\t\t<span class=\"elementor-button-content-wrapper\">\n\t\t\t\t\t\t\t\t\t<span class=\"elementor-button-text\">PDF HERUNTERLADEN<\/span>\n\t\t\t\t\t<\/span>\n\t\t\t\t\t<\/a>\n\t\t\t\t\t\t\t\t<\/div>\n\t\t\t\t<\/div>\n\t\t\t\t\t<\/div>\n\t\t\t\t<\/div>\n\t\t\t\t<section class=\"elementor-section elementor-top-section elementor-element elementor-element-150c821 elementor-section-boxed elementor-section-height-default elementor-section-height-default wpr-particle-no wpr-jarallax-no wpr-parallax-no wpr-sticky-section-no wpr-equal-height-no\" data-id=\"150c821\" data-element_type=\"section\" data-e-type=\"section\">\n\t\t\t\t\t\t<div class=\"elementor-container elementor-column-gap-default\">\n\t\t\t\t\t<div class=\"elementor-column elementor-col-100 elementor-top-column elementor-element elementor-element-29aed3d\" data-id=\"29aed3d\" data-element_type=\"column\" data-e-type=\"column\">\n\t\t\t<div class=\"elementor-widget-wrap elementor-element-populated\">\n\t\t\t\t\t\t<div class=\"elementor-element elementor-element-0fdcab4 elementor-widget elementor-widget-heading\" data-id=\"0fdcab4\" data-element_type=\"widget\" data-e-type=\"widget\" data-widget_type=\"heading.default\">\n\t\t\t\t\t<h2 class=\"elementor-heading-title elementor-size-default\">Technische Daten<\/h2>\t\t\t\t<\/div>\n\t\t\t\t<div class=\"elementor-element elementor-element-feec445 wpr-list-style-none elementor-widget elementor-widget-wpr-posts-timeline\" data-id=\"feec445\" data-element_type=\"widget\" data-e-type=\"widget\" data-settings=\"{&quot;animation_offset&quot;:150,&quot;aos_animation_duration&quot;:600}\" data-widget_type=\"wpr-posts-timeline.default\">\n\t\t\t\t\t\n\t\t<div class=\"wpr-wrapper wpr-vertical wpr-one-sided-wrapper\">\n\t\t\t<div class=\"wpr-timeline-centered wpr-line wpr-one-sided-timeline\"><div class=\"wpr-middle-line\"><\/div><div class=\"wpr-timeline-fill\" data-layout=\"one-sided\"><\/div><article class=\"wpr-timeline-entry wpr-right-aligned elementor-repeater-item-f94da51\" data-item-id=\"elementor-repeater-item-f94da51\"><div class=\"wpr-timeline-entry-inner\"><div class=\"wpr-main-line-icon wpr-icon\"><\/div><div class=\"wpr-story-info-vertical wpr-data-wrap \"  data-aos=\"fade\" data-aos-left=\"\" data-aos-right=\"\" data-animation-offset=\"150\" data-animation-duration=\"600\"><div class=\"wpr-timeline-content-wrapper\"><div class=\"wpr-content-wrapper\"><div class=\"wpr-description\"><table>\n<tbody>\n<tr>\n<td>\n<p>Farbe Schwarz\u2013Gr\u00fcn, fl\u00fcssig<\/p>\n<\/td>\n<td>\n<p> <\/p>\n<\/td>\n<\/tr>\n<\/tbody>\n<\/table>\n<table style=\"height: 124px\" width=\"238\">\n<tbody>\n<tr>\n<td>\n<p>Viskosit\u00e4t 4 mm DIN-Becher 70\u2013120 s<\/p>\n<\/td>\n<td>\n<p> <\/p>\n<\/td>\n<\/tr>\n<\/tbody>\n<\/table>\n<table>\n<tbody>\n<tr>\n<td>\n<p>Viskosit\u00e4t, cps bei 25\u00b0C (77\u00b0F)<\/p>\n<table>\n<tbody>\n<tr>\n<td>\n<p> 200\u2013600 mPas<\/p>\n<\/td>\n<\/tr>\n<\/tbody>\n<\/table>\n<p>Brookfield SNB1<br>Spindel 2, 30 U\/min<\/p>\n<\/td>\n<td> <\/td>\n<\/tr>\n<\/tbody>\n<\/table><\/div><\/div><\/div><\/div>\n\t\t\t\t\t\t<\/div>\n\t\t\t\t<\/article><article class=\"wpr-timeline-entry wpr-right-aligned elementor-repeater-item-2a37755\" data-item-id=\"elementor-repeater-item-2a37755\"><div class=\"wpr-timeline-entry-inner\"><div class=\"wpr-main-line-icon wpr-icon\"><\/div><div class=\"wpr-story-info-vertical wpr-data-wrap \"  data-aos=\"fade\" data-aos-left=\"\" data-aos-right=\"\" data-animation-offset=\"150\" data-animation-duration=\"600\"><div class=\"wpr-timeline-content-wrapper\"><div class=\"wpr-content-wrapper\"><div class=\"wpr-description\"><table>\n<tbody>\n<tr>\n<td>\n<p>Spezifisches Gewicht 0,93\u20130,97 g\/cm\u00b3<\/p>\n<\/td>\n<td>\n<p> <\/p>\n<\/td>\n<\/tr>\n<\/tbody>\n<\/table>\n<table style=\"height: 172px\" width=\"201\">\n<tbody>\n<tr>\n<td>\n<p>Feststoffgehalt 18\u201322 Gew.-%<\/p>\n<\/td>\n<td> <\/td>\n<\/tr>\n<\/tbody>\n<\/table>\n<table>\n<tbody>\n<tr>\n<td>\n<p>L\u00f6sungsmittel Xylol<\/p>\n<\/td>\n<td>\n<p> <\/p>\n<\/td>\n<\/tr>\n<\/tbody>\n<\/table>\n<p>*Die Daten sind typisch und nicht f\u00fcr Spezifikationszwecke zu verwenden.<\/p><\/div><\/div><\/div><\/div>\n\t\t\t\t\t\t<\/div>\n\t\t\t\t<\/article><\/div>    \n\t\t\t<\/div>\t\t\t\t<\/div>\n\t\t\t\t<div class=\"elementor-element elementor-element-4d60a54 elementor-widget elementor-widget-text-editor\" data-id=\"4d60a54\" data-element_type=\"widget\" data-e-type=\"widget\" data-widget_type=\"text-editor.default\">\n\t\t\t\t\t\t\t\t\t<p data-start=\"313\" data-end=\"551\"><strong data-start=\"313\" data-end=\"337\">GOTEC Bonding Agents<\/strong>verpflichtet sich, seinen Kunden die h\u00f6chstm\u00f6gliche Qualit\u00e4t zu liefern.<br data-start=\"411\" data-end=\"414\">Unser etabliertes Qualit\u00e4tsmanagementsystem stellt sicher, dass alle Produkte die definierten Leistungs- und Zuverl\u00e4ssigkeitsanforderungen durchg\u00e4ngig erf\u00fcllen.<\/p>\n<p data-start=\"558\" data-end=\"725\">Unsere <strong data-start=\"562\" data-end=\"593\">Elastomer-Haftl\u00f6sungen<\/strong> schaffen verl\u00e4sslichen Mehrwert f\u00fcr Ihr Unternehmen und erm\u00f6glichen einen stabilen und st\u00f6rungsfreien Betrieb in einer Vielzahl von Branchen und Anwendungen.<\/p>\n<p data-start=\"732\" data-end=\"1067\">Da <strong data-start=\"735\" data-end=\"763\">KA&amp;MELOCK Haftssysteme<\/strong> vielf\u00e4ltig und vielseitig sind, k\u00f6nnen je nach spezifischen Prozessanforderungen unterschiedliche Applikationsmethoden und Anlagen eingesetzt werden.<br data-start=\"888\" data-end=\"891\">Keine einzelne Applikationsmethode ist einer anderen \u00fcberlegen; die optimale Wahl h\u00e4ngt vom <strong data-start=\"980\" data-end=\"1002\">Haftsystem-Typen<\/strong>, vom Produktdesign sowie von den Anforderungen an Substrat und Oberfl\u00e4che ab.<\/p>\n<p data-start=\"1074\" data-end=\"1255\">Detaillierte Empfehlungen zu geeigneten Applikationsmethoden finden Sie in den jeweiligen <strong data-start=\"1163\" data-end=\"1196\">KA&amp;MELOCK Produktinformationen<\/strong> \u2013 f\u00fcr eine effiziente Verarbeitung und zuverl\u00e4ssige Performance.<\/p>\t\t\t\t\t\t\t\t<\/div>\n\t\t\t\t\t<\/div>\n\t\t<\/div>\n\t\t\t\t\t<\/div>\n\t\t<\/section>\n\t\t\t\t<\/div>\n\t\t\n    <div class=\"xs_social_share_widget xs_share_url after_content \t\tmain_content  wslu-style-1 wslu-share-box-shaped wslu-fill-colored wslu-none wslu-share-horizontal wslu-theme-font-no wslu-main_content\">\n\n\t\t\n        <ul>\n\t\t\t        <\/ul>\n    <\/div> \n","protected":false},"excerpt":{"rendered":"<p>KA&amp;MELOCK KM 14 KA&amp;MELOCK KM 14 ist ein hocheffizientes Haftsystem, der sowohl f\u00fcr Niedrigtemperatur-Vulkanisationsprozesse bei 90\u2013100 \u00b0C als auch f\u00fcr Standard-Vulkanisationstemperaturen im Bereich von 150\u2013170 \u00b0C geeignet ist.In Kombination mit dem KA&amp;MELOCK MP 05 Primer liefert das System eine hervorragende Performance f\u00fcr Anwendungen wie Tankauskleidungen sowie f\u00fcr die Herstellung von Gummiwalzen und Gummizylindern. KA&amp;MELOCK KM 14 erm\u00f6glicht eine zuverl\u00e4ssige Haftung von Textilsubstraten, einschlie\u00dflich Polyester und Polyamid, an eine Vielzahl von Gummimischungen, wie z. B. Brom-\/Chlorbutylkautschuk (BIIR\/CIIR), Chloroprenkautschuk (CR), chlorosulfoniertes Polyethylen (CSM), Ethylen-Propylen-Kautschuk (EPDM), Butylkautschuk (IIR), Polyisopren (IR), Nitrilkautschuk (NBR), Naturkautschuk (NR) und Styrol-Butadien-Kautschuk (SBR). Dar\u00fcber hinaus eignet sich KA&amp;MELOCK KM 14 f\u00fcr die Haftung von unvulkanisiertem Gummi auf vulkanisiertem Gummi auf Basis von CR, CSM, EPDM, IIR, NBR, NR und SBR und erm\u00f6glicht stabile und dauerhafte Haftungsergebnisse. Das Produkt eignet sich zudem sehr gut f\u00fcr die Herstellung von Dichtungen. PDF HERUNTERLADEN Technische Daten Farbe Schwarz\u2013Gr\u00fcn, fl\u00fcssig Viskosit\u00e4t 4 mm DIN-Becher 70\u2013120 s Viskosit\u00e4t, cps bei 25\u00b0C (77\u00b0F) 200\u2013600 mPas Brookfield SNB1Spindel 2, 30 U\/min Spezifisches Gewicht 0,93\u20130,97 g\/cm\u00b3 Feststoffgehalt 18\u201322 Gew.-% L\u00f6sungsmittel Xylol *Die Daten sind typisch und nicht f\u00fcr Spezifikationszwecke zu verwenden. GOTEC Bonding Agentsverpflichtet sich, seinen Kunden die h\u00f6chstm\u00f6gliche Qualit\u00e4t zu liefern.Unser etabliertes Qualit\u00e4tsmanagementsystem stellt sicher, dass alle Produkte die definierten Leistungs- und Zuverl\u00e4ssigkeitsanforderungen durchg\u00e4ngig erf\u00fcllen. Unsere Elastomer-Haftl\u00f6sungen schaffen verl\u00e4sslichen Mehrwert f\u00fcr Ihr Unternehmen und erm\u00f6glichen einen stabilen und st\u00f6rungsfreien Betrieb in einer Vielzahl von Branchen und Anwendungen. Da KA&amp;MELOCK Haftssysteme vielf\u00e4ltig und vielseitig sind, k\u00f6nnen je nach spezifischen Prozessanforderungen unterschiedliche Applikationsmethoden und Anlagen eingesetzt werden.Keine einzelne Applikationsmethode ist einer anderen \u00fcberlegen; die optimale Wahl h\u00e4ngt vom Haftsystem-Typen, vom Produktdesign sowie von den Anforderungen an Substrat und Oberfl\u00e4che ab. Detaillierte Empfehlungen zu geeigneten Applikationsmethoden finden Sie in den jeweiligen KA&amp;MELOCK Produktinformationen \u2013 f\u00fcr eine effiziente Verarbeitung und zuverl\u00e4ssige Performance.<\/p>\n","protected":false},"author":1,"featured_media":0,"parent":0,"menu_order":0,"comment_status":"closed","ping_status":"closed","template":"","meta":{"postBodyCss":"","postBodyMargin":[],"postBodyPadding":[],"postBodyBackground":{"backgroundType":"classic","gradient":""},"inspiro_hide_title":false,"footnotes":""},"class_list":["post-8873","page","type-page","status-publish","hentry"],"yoast_head":"<!-- This site is optimized with the Yoast SEO plugin v27.4 - https:\/\/yoast.com\/product\/yoast-seo-wordpress\/ -->\n<title>KA&amp;MELOCK KM 14 | Hocheffizientes Haftsystem<\/title>\n<meta name=\"description\" content=\"KA&amp;MELOCK KM 14 hocheffizientes Haftsystem f\u00fcr Niedrigtemperatur- und Standardvulkanisation. Ideal in Kombination mit MP 05.\" \/>\n<meta name=\"robots\" content=\"index, follow, max-snippet:-1, max-image-preview:large, max-video-preview:-1\" \/>\n<link rel=\"canonical\" href=\"https:\/\/gotec-bonding-agent-systems.com\/de\/kamelock-km-14\/\" \/>\n<meta property=\"og:locale\" content=\"de_DE\" \/>\n<meta property=\"og:type\" content=\"article\" \/>\n<meta property=\"og:title\" content=\"KA&amp;MELOCK KM 14 | Hocheffizientes Haftsystem\" \/>\n<meta property=\"og:description\" content=\"KA&amp;MELOCK KM 14 hocheffizientes Haftsystem f\u00fcr Niedrigtemperatur- und Standardvulkanisation. Ideal in Kombination mit MP 05.\" \/>\n<meta property=\"og:url\" content=\"https:\/\/gotec-bonding-agent-systems.com\/de\/kamelock-km-14\/\" \/>\n<meta property=\"og:site_name\" content=\"GOTEC Bonding Systems\" \/>\n<meta property=\"article:modified_time\" content=\"2026-04-05T09:46:42+00:00\" \/>\n<meta property=\"og:image\" content=\"https:\/\/gotec-bonding-agent-systems.com\/wp-content\/uploads\/2026\/02\/KAMELOCK-KM-14-1024x683.png\" \/>\n<meta name=\"twitter:card\" content=\"summary_large_image\" \/>\n<meta name=\"twitter:label1\" content=\"Gesch\u00e4tzte Lesezeit\" \/>\n\t<meta name=\"twitter:data1\" content=\"2\u00a0Minuten\" \/>\n<script type=\"application\/ld+json\" class=\"yoast-schema-graph\">{\"@context\":\"https:\\\/\\\/schema.org\",\"@graph\":[{\"@type\":\"WebPage\",\"@id\":\"https:\\\/\\\/gotec-bonding-agent-systems.com\\\/de\\\/kamelock-km-14\\\/\",\"url\":\"https:\\\/\\\/gotec-bonding-agent-systems.com\\\/de\\\/kamelock-km-14\\\/\",\"name\":\"KA&MELOCK KM 14 | Hocheffizientes Haftsystem\",\"isPartOf\":{\"@id\":\"https:\\\/\\\/gotec-bonding-agent-systems.com\\\/#website\"},\"primaryImageOfPage\":{\"@id\":\"https:\\\/\\\/gotec-bonding-agent-systems.com\\\/de\\\/kamelock-km-14\\\/#primaryimage\"},\"image\":{\"@id\":\"https:\\\/\\\/gotec-bonding-agent-systems.com\\\/de\\\/kamelock-km-14\\\/#primaryimage\"},\"thumbnailUrl\":\"https:\\\/\\\/gotec-bonding-agent-systems.com\\\/wp-content\\\/uploads\\\/2026\\\/02\\\/KAMELOCK-KM-14-1024x683.png\",\"datePublished\":\"2026-01-22T21:12:39+00:00\",\"dateModified\":\"2026-04-05T09:46:42+00:00\",\"description\":\"KA&MELOCK KM 14 hocheffizientes Haftsystem f\u00fcr Niedrigtemperatur- und Standardvulkanisation. Ideal in Kombination mit MP 05.\",\"breadcrumb\":{\"@id\":\"https:\\\/\\\/gotec-bonding-agent-systems.com\\\/de\\\/kamelock-km-14\\\/#breadcrumb\"},\"inLanguage\":\"de\",\"potentialAction\":[{\"@type\":\"ReadAction\",\"target\":[\"https:\\\/\\\/gotec-bonding-agent-systems.com\\\/de\\\/kamelock-km-14\\\/\"]}]},{\"@type\":\"ImageObject\",\"inLanguage\":\"de\",\"@id\":\"https:\\\/\\\/gotec-bonding-agent-systems.com\\\/de\\\/kamelock-km-14\\\/#primaryimage\",\"url\":\"https:\\\/\\\/gotec-bonding-agent-systems.com\\\/wp-content\\\/uploads\\\/2026\\\/02\\\/KAMELOCK-KM-14-1024x683.png\",\"contentUrl\":\"https:\\\/\\\/gotec-bonding-agent-systems.com\\\/wp-content\\\/uploads\\\/2026\\\/02\\\/KAMELOCK-KM-14-1024x683.png\"},{\"@type\":\"BreadcrumbList\",\"@id\":\"https:\\\/\\\/gotec-bonding-agent-systems.com\\\/de\\\/kamelock-km-14\\\/#breadcrumb\",\"itemListElement\":[{\"@type\":\"ListItem\",\"position\":1,\"name\":\"Start\",\"item\":\"https:\\\/\\\/gotec-bonding-agent-systems.com\\\/de\\\/\"},{\"@type\":\"ListItem\",\"position\":2,\"name\":\"KA&amp;MELOCK KM 14 &#8211; hocheffizientes Haftsystem\"}]},{\"@type\":\"WebSite\",\"@id\":\"https:\\\/\\\/gotec-bonding-agent-systems.com\\\/#website\",\"url\":\"https:\\\/\\\/gotec-bonding-agent-systems.com\\\/\",\"name\":\"GOTEC Bonding Systems\",\"description\":\"\",\"publisher\":{\"@id\":\"https:\\\/\\\/gotec-bonding-agent-systems.com\\\/#organization\"},\"potentialAction\":[{\"@type\":\"SearchAction\",\"target\":{\"@type\":\"EntryPoint\",\"urlTemplate\":\"https:\\\/\\\/gotec-bonding-agent-systems.com\\\/?s={search_term_string}\"},\"query-input\":{\"@type\":\"PropertyValueSpecification\",\"valueRequired\":true,\"valueName\":\"search_term_string\"}}],\"inLanguage\":\"de\"},{\"@type\":\"Organization\",\"@id\":\"https:\\\/\\\/gotec-bonding-agent-systems.com\\\/#organization\",\"name\":\"GOTEC Bonding Systems\",\"url\":\"https:\\\/\\\/gotec-bonding-agent-systems.com\\\/\",\"logo\":{\"@type\":\"ImageObject\",\"inLanguage\":\"de\",\"@id\":\"https:\\\/\\\/gotec-bonding-agent-systems.com\\\/#\\\/schema\\\/logo\\\/image\\\/\",\"url\":\"https:\\\/\\\/gotec-bonding-agent-systems.com\\\/wp-content\\\/uploads\\\/2025\\\/11\\\/cropped-GOTEC_Bonding_Systems_Logo.png\",\"contentUrl\":\"https:\\\/\\\/gotec-bonding-agent-systems.com\\\/wp-content\\\/uploads\\\/2025\\\/11\\\/cropped-GOTEC_Bonding_Systems_Logo.png\",\"width\":2122,\"height\":1287,\"caption\":\"GOTEC Bonding Systems\"},\"image\":{\"@id\":\"https:\\\/\\\/gotec-bonding-agent-systems.com\\\/#\\\/schema\\\/logo\\\/image\\\/\"}}]}<\/script>\n<!-- \/ Yoast SEO plugin. -->","yoast_head_json":{"title":"KA&MELOCK KM 14 | Hocheffizientes Haftsystem","description":"KA&MELOCK KM 14 hocheffizientes Haftsystem f\u00fcr Niedrigtemperatur- und Standardvulkanisation. Ideal in Kombination mit MP 05.","robots":{"index":"index","follow":"follow","max-snippet":"max-snippet:-1","max-image-preview":"max-image-preview:large","max-video-preview":"max-video-preview:-1"},"canonical":"https:\/\/gotec-bonding-agent-systems.com\/de\/kamelock-km-14\/","og_locale":"de_DE","og_type":"article","og_title":"KA&MELOCK KM 14 | Hocheffizientes Haftsystem","og_description":"KA&MELOCK KM 14 hocheffizientes Haftsystem f\u00fcr Niedrigtemperatur- und Standardvulkanisation. Ideal in Kombination mit MP 05.","og_url":"https:\/\/gotec-bonding-agent-systems.com\/de\/kamelock-km-14\/","og_site_name":"GOTEC Bonding Systems","article_modified_time":"2026-04-05T09:46:42+00:00","og_image":[{"url":"https:\/\/gotec-bonding-agent-systems.com\/wp-content\/uploads\/2026\/02\/KAMELOCK-KM-14-1024x683.png","type":"","width":"","height":""}],"twitter_card":"summary_large_image","twitter_misc":{"Gesch\u00e4tzte Lesezeit":"2\u00a0Minuten"},"schema":{"@context":"https:\/\/schema.org","@graph":[{"@type":"WebPage","@id":"https:\/\/gotec-bonding-agent-systems.com\/de\/kamelock-km-14\/","url":"https:\/\/gotec-bonding-agent-systems.com\/de\/kamelock-km-14\/","name":"KA&MELOCK KM 14 | Hocheffizientes Haftsystem","isPartOf":{"@id":"https:\/\/gotec-bonding-agent-systems.com\/#website"},"primaryImageOfPage":{"@id":"https:\/\/gotec-bonding-agent-systems.com\/de\/kamelock-km-14\/#primaryimage"},"image":{"@id":"https:\/\/gotec-bonding-agent-systems.com\/de\/kamelock-km-14\/#primaryimage"},"thumbnailUrl":"https:\/\/gotec-bonding-agent-systems.com\/wp-content\/uploads\/2026\/02\/KAMELOCK-KM-14-1024x683.png","datePublished":"2026-01-22T21:12:39+00:00","dateModified":"2026-04-05T09:46:42+00:00","description":"KA&MELOCK KM 14 hocheffizientes Haftsystem f\u00fcr Niedrigtemperatur- und Standardvulkanisation. Ideal in Kombination mit MP 05.","breadcrumb":{"@id":"https:\/\/gotec-bonding-agent-systems.com\/de\/kamelock-km-14\/#breadcrumb"},"inLanguage":"de","potentialAction":[{"@type":"ReadAction","target":["https:\/\/gotec-bonding-agent-systems.com\/de\/kamelock-km-14\/"]}]},{"@type":"ImageObject","inLanguage":"de","@id":"https:\/\/gotec-bonding-agent-systems.com\/de\/kamelock-km-14\/#primaryimage","url":"https:\/\/gotec-bonding-agent-systems.com\/wp-content\/uploads\/2026\/02\/KAMELOCK-KM-14-1024x683.png","contentUrl":"https:\/\/gotec-bonding-agent-systems.com\/wp-content\/uploads\/2026\/02\/KAMELOCK-KM-14-1024x683.png"},{"@type":"BreadcrumbList","@id":"https:\/\/gotec-bonding-agent-systems.com\/de\/kamelock-km-14\/#breadcrumb","itemListElement":[{"@type":"ListItem","position":1,"name":"Start","item":"https:\/\/gotec-bonding-agent-systems.com\/de\/"},{"@type":"ListItem","position":2,"name":"KA&amp;MELOCK KM 14 &#8211; hocheffizientes Haftsystem"}]},{"@type":"WebSite","@id":"https:\/\/gotec-bonding-agent-systems.com\/#website","url":"https:\/\/gotec-bonding-agent-systems.com\/","name":"GOTEC Bonding Systems","description":"","publisher":{"@id":"https:\/\/gotec-bonding-agent-systems.com\/#organization"},"potentialAction":[{"@type":"SearchAction","target":{"@type":"EntryPoint","urlTemplate":"https:\/\/gotec-bonding-agent-systems.com\/?s={search_term_string}"},"query-input":{"@type":"PropertyValueSpecification","valueRequired":true,"valueName":"search_term_string"}}],"inLanguage":"de"},{"@type":"Organization","@id":"https:\/\/gotec-bonding-agent-systems.com\/#organization","name":"GOTEC Bonding Systems","url":"https:\/\/gotec-bonding-agent-systems.com\/","logo":{"@type":"ImageObject","inLanguage":"de","@id":"https:\/\/gotec-bonding-agent-systems.com\/#\/schema\/logo\/image\/","url":"https:\/\/gotec-bonding-agent-systems.com\/wp-content\/uploads\/2025\/11\/cropped-GOTEC_Bonding_Systems_Logo.png","contentUrl":"https:\/\/gotec-bonding-agent-systems.com\/wp-content\/uploads\/2025\/11\/cropped-GOTEC_Bonding_Systems_Logo.png","width":2122,"height":1287,"caption":"GOTEC Bonding Systems"},"image":{"@id":"https:\/\/gotec-bonding-agent-systems.com\/#\/schema\/logo\/image\/"}}]}},"featured_media_urls":[],"_links":{"self":[{"href":"https:\/\/gotec-bonding-agent-systems.com\/de\/wp-json\/wp\/v2\/pages\/8873","targetHints":{"allow":["GET"]}}],"collection":[{"href":"https:\/\/gotec-bonding-agent-systems.com\/de\/wp-json\/wp\/v2\/pages"}],"about":[{"href":"https:\/\/gotec-bonding-agent-systems.com\/de\/wp-json\/wp\/v2\/types\/page"}],"author":[{"embeddable":true,"href":"https:\/\/gotec-bonding-agent-systems.com\/de\/wp-json\/wp\/v2\/users\/1"}],"replies":[{"embeddable":true,"href":"https:\/\/gotec-bonding-agent-systems.com\/de\/wp-json\/wp\/v2\/comments?post=8873"}],"version-history":[{"count":18,"href":"https:\/\/gotec-bonding-agent-systems.com\/de\/wp-json\/wp\/v2\/pages\/8873\/revisions"}],"predecessor-version":[{"id":9550,"href":"https:\/\/gotec-bonding-agent-systems.com\/de\/wp-json\/wp\/v2\/pages\/8873\/revisions\/9550"}],"wp:attachment":[{"href":"https:\/\/gotec-bonding-agent-systems.com\/de\/wp-json\/wp\/v2\/media?parent=8873"}],"curies":[{"name":"wp","href":"https:\/\/api.w.org\/{rel}","templated":true}]}}