{"id":8878,"date":"2026-01-22T21:21:20","date_gmt":"2026-01-22T21:21:20","guid":{"rendered":"https:\/\/gotec-bonding-agent-systems.com\/kamelock-km-16\/"},"modified":"2026-04-05T10:21:12","modified_gmt":"2026-04-05T10:21:12","slug":"kamelock-km-16","status":"publish","type":"page","link":"https:\/\/gotec-bonding-agent-systems.com\/de\/kamelock-km-16\/","title":{"rendered":"KA&amp;MELOCK KM 16 &#8211; Elastomer-Haftsystem"},"content":{"rendered":"\t\t<div data-elementor-type=\"wp-page\" data-elementor-id=\"8878\" class=\"elementor elementor-8878 elementor-7776\">\n\t\t\t\t<div class=\"elementor-element elementor-element-befc3f2 e-flex e-con-boxed wpr-particle-no wpr-jarallax-no wpr-parallax-no wpr-sticky-section-no wpr-equal-height-no e-con e-parent\" data-id=\"befc3f2\" data-element_type=\"container\" data-e-type=\"container\" data-settings=\"{&quot;background_background&quot;:&quot;classic&quot;}\">\n\t\t\t\t\t<div class=\"e-con-inner\">\n\t\t<div class=\"elementor-element elementor-element-471d8ad e-con-full e-flex wpr-particle-no wpr-jarallax-no wpr-parallax-no wpr-sticky-section-no wpr-equal-height-no e-con e-child\" data-id=\"471d8ad\" data-element_type=\"container\" data-e-type=\"container\">\n\t\t\t\t<div class=\"elementor-element elementor-element-e75b00c elementor-widget elementor-widget-elementskit-heading\" data-id=\"e75b00c\" data-element_type=\"widget\" data-e-type=\"widget\" data-widget_type=\"elementskit-heading.default\">\n\t\t\t\t\t<div class=\"ekit-wid-con\" ><div class=\"ekit-heading elementskit-section-title-wraper text_left   ekit_heading_tablet-   ekit_heading_mobile-\"><h2 class=\"ekit-heading--title elementskit-section-title \">KA&amp;MELOCK KM 16<\/h2>\t\t\t\t<div class='ekit-heading__description'>\n\t\t\t\t\t<p><strong>KA&amp;MELOCK KM 16<\/strong> ist ein <strong>Elastomer-Haftsystem<\/strong>, der als <strong>Decklack<\/strong> entwickelt wurde.<br>In Kombination mit dem <strong>KA&amp;MELOCK MP 05 Primer<\/strong> eignet er sich besonders f\u00fcr Anwendungen, die eine hohe Best\u00e4ndigkeit gegen\u00fcber erh\u00f6hten Temperaturen, Korrosion und dynamischen Belastungen w\u00e4hrend des Vulkanisationsprozesses von Elastomeren erfordern, die auf Metall- und Kunststoffsubstrate geklebt werden.<br>In bestimmten Anwendungen kann KA&amp;MELOCK KM 16 auch als <strong>Einschicht-Haftsystem<\/strong>verwendet werden.<\/p>\n<p>Die Beschichtung mit KA&amp;MELOCK KM 16 bietet eine <strong>gute Best\u00e4ndigkeit gegen Korrosion, \u00d6le und L\u00f6sungsmittel<\/strong>. Die <strong>Korrosions- und Hitzebest\u00e4ndigkeit werden jedoch erheblich verbessert<\/strong>, wenn das System in Kombination mit dem <strong>KA&amp;MELOCK MP 05 Primer<\/strong> angewendet wird. <\/p>\n<p>KA&amp;MELOCK KM 16 erm\u00f6glicht eine zuverl\u00e4ssige Verklebung von Elastomerverbindungen auf Basis von Naturkautschuk (NR), Polyisopren (IR), Polybutadien (BR), Styrol-Butadien-Kautschuk (SBR), Nitrilkautschuk (NBR), Chloroprenkautschuk (CR), Butylkautschuk (IIR) und Ethylen-Propylen-Kautschuk (EPDM) mit einer Vielzahl von <strong>Metall- und Kunststoffsubstraten<\/strong> w\u00e4hrend des Vulkanisationsprozesses.<\/p>\n<p>Die Kombination aus <strong>KA&amp;MELOCK MP 05 und KA&amp;MELOCK KM 16<\/strong> eignet sich besonders gut f\u00fcr <strong>weiche NBR- und NR-Mischungen<\/strong>, insbesondere bei der Herstellung von <strong>Transfermolding (TM)- und Spritzguss (IM)<\/strong>-Komponenten.<\/p>\n\t\t\t\t<\/div>\n\t\t\t<\/div><\/div>\t\t\t\t<\/div>\n\t\t\t\t<\/div>\n\t\t<div class=\"elementor-element elementor-element-d50dec6 e-con-full e-flex wpr-particle-no wpr-jarallax-no wpr-parallax-no wpr-sticky-section-no wpr-equal-height-no e-con e-child\" data-id=\"d50dec6\" data-element_type=\"container\" data-e-type=\"container\">\n\t\t\t\t<div class=\"elementor-element elementor-element-3217d04 elementor-widget elementor-widget-image\" data-id=\"3217d04\" data-element_type=\"widget\" data-e-type=\"widget\" data-widget_type=\"image.default\">\n\t\t\t\t\t\t\t\t\t\t\t\t\t\t\t<img fetchpriority=\"high\" decoding=\"async\" width=\"950\" height=\"634\" src=\"https:\/\/gotec-bonding-agent-systems.com\/wp-content\/uploads\/2026\/02\/KAMELOCK-KM-16-1024x683.png\" class=\"attachment-large size-large wp-image-8880\" alt=\"KA&amp;MELOCK KM 16\" srcset=\"https:\/\/gotec-bonding-agent-systems.com\/wp-content\/uploads\/2026\/02\/KAMELOCK-KM-16-1024x683.png 1024w, https:\/\/gotec-bonding-agent-systems.com\/wp-content\/uploads\/2026\/02\/KAMELOCK-KM-16-300x200.png 300w, https:\/\/gotec-bonding-agent-systems.com\/wp-content\/uploads\/2026\/02\/KAMELOCK-KM-16-600x400.png 600w, https:\/\/gotec-bonding-agent-systems.com\/wp-content\/uploads\/2026\/02\/KAMELOCK-KM-16-1200x800.png 1200w, https:\/\/gotec-bonding-agent-systems.com\/wp-content\/uploads\/2026\/02\/KAMELOCK-KM-16.png 1536w\" sizes=\"100vw\" \/>\t\t\t\t\t\t\t\t\t\t\t\t\t\t\t<\/div>\n\t\t\t\t<div class=\"elementor-element elementor-element-f3fb0ba elementor-widget elementor-widget-spacer\" data-id=\"f3fb0ba\" data-element_type=\"widget\" data-e-type=\"widget\" data-widget_type=\"spacer.default\">\n\t\t\t\t\t\t\t<div class=\"elementor-spacer\">\n\t\t\t<div class=\"elementor-spacer-inner\"><\/div>\n\t\t<\/div>\n\t\t\t\t\t\t<\/div>\n\t\t\t\t<div class=\"elementor-element elementor-element-c4ef493 elementor-widget elementor-widget-button\" data-id=\"c4ef493\" data-element_type=\"widget\" data-e-type=\"widget\" data-widget_type=\"button.default\">\n\t\t\t\t\t\t\t\t\t\t<a class=\"elementor-button elementor-button-link elementor-size-sm\" href=\"https:\/\/gotec-bonding-agent-systems.com\/wp-content\/uploads\/2026\/01\/heLwaO-Unknown.pdf\">\n\t\t\t\t\t\t<span class=\"elementor-button-content-wrapper\">\n\t\t\t\t\t\t\t\t\t<span class=\"elementor-button-text\">PDF HERUNTERLADEN<\/span>\n\t\t\t\t\t<\/span>\n\t\t\t\t\t<\/a>\n\t\t\t\t\t\t\t\t<\/div>\n\t\t\t\t<\/div>\n\t\t\t\t\t<\/div>\n\t\t\t\t<\/div>\n\t\t\t\t<section class=\"elementor-section elementor-top-section elementor-element elementor-element-49d1c87 elementor-section-boxed elementor-section-height-default elementor-section-height-default wpr-particle-no wpr-jarallax-no wpr-parallax-no wpr-sticky-section-no wpr-equal-height-no\" data-id=\"49d1c87\" data-element_type=\"section\" data-e-type=\"section\">\n\t\t\t\t\t\t<div class=\"elementor-container elementor-column-gap-default\">\n\t\t\t\t\t<div class=\"elementor-column elementor-col-100 elementor-top-column elementor-element elementor-element-b4d3f9b\" data-id=\"b4d3f9b\" data-element_type=\"column\" data-e-type=\"column\">\n\t\t\t<div class=\"elementor-widget-wrap elementor-element-populated\">\n\t\t\t\t\t\t<div class=\"elementor-element elementor-element-c4de5a8 elementor-widget elementor-widget-heading\" data-id=\"c4de5a8\" data-element_type=\"widget\" data-e-type=\"widget\" data-widget_type=\"heading.default\">\n\t\t\t\t\t<h2 class=\"elementor-heading-title elementor-size-default\">Technische Daten<\/h2>\t\t\t\t<\/div>\n\t\t\t\t<div class=\"elementor-element elementor-element-2a37bcb wpr-list-style-none elementor-widget elementor-widget-wpr-posts-timeline\" data-id=\"2a37bcb\" data-element_type=\"widget\" data-e-type=\"widget\" data-settings=\"{&quot;animation_offset&quot;:150,&quot;aos_animation_duration&quot;:600}\" data-widget_type=\"wpr-posts-timeline.default\">\n\t\t\t\t\t\n\t\t<div class=\"wpr-wrapper wpr-vertical wpr-one-sided-wrapper\">\n\t\t\t<div class=\"wpr-timeline-centered wpr-line wpr-one-sided-timeline\"><div class=\"wpr-middle-line\"><\/div><div class=\"wpr-timeline-fill\" data-layout=\"one-sided\"><\/div><article class=\"wpr-timeline-entry wpr-right-aligned elementor-repeater-item-f94da51\" data-item-id=\"elementor-repeater-item-f94da51\"><div class=\"wpr-timeline-entry-inner\"><div class=\"wpr-main-line-icon wpr-icon\"><\/div><div class=\"wpr-story-info-vertical wpr-data-wrap \"  data-aos=\"fade\" data-aos-left=\"\" data-aos-right=\"\" data-animation-offset=\"150\" data-animation-duration=\"600\"><div class=\"wpr-timeline-content-wrapper\"><div class=\"wpr-content-wrapper\"><div class=\"wpr-description\"><table><tbody><tr><td><p>Farbe Schwarz\u2013Gr\u00fcn, fl\u00fcssig<\/p><\/td><td> <\/td><\/tr><\/tbody><\/table><table style=\"height: 124px\" width=\"238\"><tbody><tr><td><p>Viskosit\u00e4t 4 mm DIN-Becher 80 \u2013 120 s<\/p><\/td><td> <\/td><\/tr><\/tbody><\/table><table><tbody><tr><td><p>Viskosit\u00e4t, cps bei 25\u00b0C (77\u00b0F)<\/p><table><tbody><tr><td><p> 200\u2013600 mPas<\/p><\/td><\/tr><\/tbody><\/table><p>Brookfield SNB1<br>Spindel 2, 30 U\/min<\/p><\/td><td> <\/td><\/tr><\/tbody><\/table><\/div><\/div><\/div><\/div>\n\t\t\t\t\t\t<\/div>\n\t\t\t\t<\/article><article class=\"wpr-timeline-entry wpr-right-aligned elementor-repeater-item-2a37755\" data-item-id=\"elementor-repeater-item-2a37755\"><div class=\"wpr-timeline-entry-inner\"><div class=\"wpr-main-line-icon wpr-icon\"><\/div><div class=\"wpr-story-info-vertical wpr-data-wrap \"  data-aos=\"fade\" data-aos-left=\"\" data-aos-right=\"\" data-animation-offset=\"150\" data-animation-duration=\"600\"><div class=\"wpr-timeline-content-wrapper\"><div class=\"wpr-content-wrapper\"><div class=\"wpr-description\"><table><tbody><tr><td><p>Spezifisches Gewicht 0,96 \u2013 1,04 g\/cm\u00b3<\/p><\/td><td> <\/td><\/tr><\/tbody><\/table><table style=\"height: 172px\" width=\"201\"><tbody><tr><td><p>Feststoffgehalt 22 \u2013 26 Gew.-%<\/p><\/td><td> <\/td><\/tr><\/tbody><\/table><table><tbody><tr><td><p>L\u00f6sungsmittel Xylol<\/p><\/td><td> <\/td><\/tr><\/tbody><\/table><p>*Die Daten sind typische Werte und nicht f\u00fcr Spezifikationszwecke zu verwenden.<\/p><\/div><\/div><\/div><\/div>\n\t\t\t\t\t\t<\/div>\n\t\t\t\t<\/article><\/div>    \n\t\t\t<\/div>\t\t\t\t<\/div>\n\t\t\t\t<div class=\"elementor-element elementor-element-12b57ba elementor-widget elementor-widget-text-editor\" data-id=\"12b57ba\" data-element_type=\"widget\" data-e-type=\"widget\" data-widget_type=\"text-editor.default\">\n\t\t\t\t\t\t\t\t\t<p data-start=\"269\" data-end=\"621\"><strong data-start=\"269\" data-end=\"366\">Bei GOTEC Bonding Agents sind pr\u00e4zise Tests und Analysen grundlegend f\u00fcr die Produktleistung.<\/strong><br data-start=\"366\" data-end=\"369\">Alle KA&amp;MELOCK Haftsl\u00f6sungen werden in unseren Laboren getestet, dokumentiert und validiert. Parallel dazu werden kontinuierliche Forschungs- und Entwicklungsaktivit\u00e4ten durch fortlaufende Produktoptimierung in unseren speziellen Demo- und Anwendungszentren durchgef\u00fchrt. <\/p><p data-start=\"628\" data-end=\"807\">Unsere <strong data-start=\"632\" data-end=\"663\">Elastomer-Haftl\u00f6sungen<\/strong> schaffen einen zuverl\u00e4ssigen Mehrwert f\u00fcr Ihr Unternehmen, indem sie stabile Prozesse und einen st\u00f6rungsfreien Betrieb in einer Vielzahl von Branchen und Anwendungen erm\u00f6glichen.<\/p><p data-start=\"814\" data-end=\"1158\"><strong data-start=\"814\" data-end=\"842\">KA&amp;MELOCK Haftsysteme <\/strong>eignen sich f\u00fcr <strong data-start=\"860\" data-end=\"903\">ein- oder zweischichtige Systeme<\/strong> und erm\u00f6glichen eine zuverl\u00e4ssige Verklebung von Elastomerverbindungen mit Substraten wie <strong data-start=\"976\" data-end=\"1031\">Metallen, Kunststoffen, PTFE (Teflon) und Textilfasern<\/strong> w\u00e4hrend des <strong data-start=\"1043\" data-end=\"1068\">Vulkanisationsprozesses<\/strong>.<br data-start=\"1069\" data-end=\"1072\">Detaillierte Systemempfehlungen finden Sie in der <strong data-start=\"1094\" data-end=\"1121\">KA&amp;MELOCK Produktpalette<\/strong>.<\/p>\t\t\t\t\t\t\t\t<\/div>\n\t\t\t\t\t<\/div>\n\t\t<\/div>\n\t\t\t\t\t<\/div>\n\t\t<\/section>\n\t\t\t\t<\/div>\n\t\t\n    <div class=\"xs_social_share_widget xs_share_url after_content \t\tmain_content  wslu-style-1 wslu-share-box-shaped wslu-fill-colored wslu-none wslu-share-horizontal wslu-theme-font-no wslu-main_content\">\n\n\t\t\n        <ul>\n\t\t\t        <\/ul>\n    <\/div> \n","protected":false},"excerpt":{"rendered":"<p>KA&amp;MELOCK KM 16 KA&amp;MELOCK KM 16 ist ein Elastomer-Haftsystem, der als Decklack entwickelt wurde.In Kombination mit dem KA&amp;MELOCK MP 05 Primer eignet er sich besonders f\u00fcr Anwendungen, die eine hohe Best\u00e4ndigkeit gegen\u00fcber erh\u00f6hten Temperaturen, Korrosion und dynamischen Belastungen w\u00e4hrend des Vulkanisationsprozesses von Elastomeren erfordern, die auf Metall- und Kunststoffsubstrate geklebt werden.In bestimmten Anwendungen kann KA&amp;MELOCK KM 16 auch als Einschicht-Haftsystemverwendet werden. Die Beschichtung mit KA&amp;MELOCK KM 16 bietet eine gute Best\u00e4ndigkeit gegen Korrosion, \u00d6le und L\u00f6sungsmittel. Die Korrosions- und Hitzebest\u00e4ndigkeit werden jedoch erheblich verbessert, wenn das System in Kombination mit dem KA&amp;MELOCK MP 05 Primer angewendet wird. KA&amp;MELOCK KM 16 erm\u00f6glicht eine zuverl\u00e4ssige Verklebung von Elastomerverbindungen auf Basis von Naturkautschuk (NR), Polyisopren (IR), Polybutadien (BR), Styrol-Butadien-Kautschuk (SBR), Nitrilkautschuk (NBR), Chloroprenkautschuk (CR), Butylkautschuk (IIR) und Ethylen-Propylen-Kautschuk (EPDM) mit einer Vielzahl von Metall- und Kunststoffsubstraten w\u00e4hrend des Vulkanisationsprozesses. Die Kombination aus KA&amp;MELOCK MP 05 und KA&amp;MELOCK KM 16 eignet sich besonders gut f\u00fcr weiche NBR- und NR-Mischungen, insbesondere bei der Herstellung von Transfermolding (TM)- und Spritzguss (IM)-Komponenten. PDF HERUNTERLADEN Technische Daten Farbe Schwarz\u2013Gr\u00fcn, fl\u00fcssig Viskosit\u00e4t 4 mm DIN-Becher 80 \u2013 120 s Viskosit\u00e4t, cps bei 25\u00b0C (77\u00b0F) 200\u2013600 mPas Brookfield SNB1Spindel 2, 30 U\/min Spezifisches Gewicht 0,96 \u2013 1,04 g\/cm\u00b3 Feststoffgehalt 22 \u2013 26 Gew.-% L\u00f6sungsmittel Xylol *Die Daten sind typische Werte und nicht f\u00fcr Spezifikationszwecke zu verwenden. Bei GOTEC Bonding Agents sind pr\u00e4zise Tests und Analysen grundlegend f\u00fcr die Produktleistung.Alle KA&amp;MELOCK Haftsl\u00f6sungen werden in unseren Laboren getestet, dokumentiert und validiert. Parallel dazu werden kontinuierliche Forschungs- und Entwicklungsaktivit\u00e4ten durch fortlaufende Produktoptimierung in unseren speziellen Demo- und Anwendungszentren durchgef\u00fchrt. Unsere Elastomer-Haftl\u00f6sungen schaffen einen zuverl\u00e4ssigen Mehrwert f\u00fcr Ihr Unternehmen, indem sie stabile Prozesse und einen st\u00f6rungsfreien Betrieb in einer Vielzahl von Branchen und Anwendungen erm\u00f6glichen. KA&amp;MELOCK Haftsysteme eignen sich f\u00fcr ein- oder zweischichtige Systeme und erm\u00f6glichen eine zuverl\u00e4ssige Verklebung von Elastomerverbindungen mit Substraten wie Metallen, Kunststoffen, PTFE (Teflon) und Textilfasern w\u00e4hrend des Vulkanisationsprozesses.Detaillierte Systemempfehlungen finden Sie in der KA&amp;MELOCK Produktpalette.<\/p>\n","protected":false},"author":1,"featured_media":0,"parent":0,"menu_order":0,"comment_status":"closed","ping_status":"closed","template":"","meta":{"postBodyCss":"","postBodyMargin":[],"postBodyPadding":[],"postBodyBackground":{"backgroundType":"classic","gradient":""},"inspiro_hide_title":false,"footnotes":""},"class_list":["post-8878","page","type-page","status-publish","hentry"],"yoast_head":"<!-- This site is optimized with the Yoast SEO plugin v27.4 - https:\/\/yoast.com\/product\/yoast-seo-wordpress\/ -->\n<title>KA&amp;MELOCK KM 16 | Elastomer-Haftsystem<\/title>\n<meta name=\"description\" content=\"KA&amp;MELOCK KM 16 Decklack f\u00fcr Elastomerverklebungen mit hoher Hitze-, Korrosions- und dynamischer Best\u00e4ndigkeit.\" \/>\n<meta name=\"robots\" content=\"index, follow, max-snippet:-1, max-image-preview:large, max-video-preview:-1\" \/>\n<link rel=\"canonical\" href=\"https:\/\/gotec-bonding-agent-systems.com\/de\/kamelock-km-16\/\" \/>\n<meta property=\"og:locale\" content=\"de_DE\" \/>\n<meta property=\"og:type\" content=\"article\" \/>\n<meta property=\"og:title\" content=\"KA&amp;MELOCK KM 16 | Elastomer-Haftsystem\" \/>\n<meta property=\"og:description\" content=\"KA&amp;MELOCK KM 16 Decklack f\u00fcr Elastomerverklebungen mit hoher Hitze-, Korrosions- und dynamischer Best\u00e4ndigkeit.\" \/>\n<meta property=\"og:url\" content=\"https:\/\/gotec-bonding-agent-systems.com\/de\/kamelock-km-16\/\" \/>\n<meta property=\"og:site_name\" content=\"GOTEC Bonding Systems\" \/>\n<meta property=\"article:modified_time\" content=\"2026-04-05T10:21:12+00:00\" \/>\n<meta property=\"og:image\" content=\"https:\/\/gotec-bonding-agent-systems.com\/wp-content\/uploads\/2026\/02\/KAMELOCK-KM-16.png\" \/>\n\t<meta property=\"og:image:width\" content=\"1536\" \/>\n\t<meta property=\"og:image:height\" content=\"1024\" \/>\n\t<meta property=\"og:image:type\" content=\"image\/png\" \/>\n<meta name=\"twitter:card\" content=\"summary_large_image\" \/>\n<meta name=\"twitter:label1\" content=\"Gesch\u00e4tzte Lesezeit\" \/>\n\t<meta name=\"twitter:data1\" content=\"2\u00a0Minuten\" \/>\n<script type=\"application\/ld+json\" class=\"yoast-schema-graph\">{\"@context\":\"https:\\\/\\\/schema.org\",\"@graph\":[{\"@type\":\"WebPage\",\"@id\":\"https:\\\/\\\/gotec-bonding-agent-systems.com\\\/de\\\/kamelock-km-16\\\/\",\"url\":\"https:\\\/\\\/gotec-bonding-agent-systems.com\\\/de\\\/kamelock-km-16\\\/\",\"name\":\"KA&MELOCK KM 16 | Elastomer-Haftsystem\",\"isPartOf\":{\"@id\":\"https:\\\/\\\/gotec-bonding-agent-systems.com\\\/#website\"},\"primaryImageOfPage\":{\"@id\":\"https:\\\/\\\/gotec-bonding-agent-systems.com\\\/de\\\/kamelock-km-16\\\/#primaryimage\"},\"image\":{\"@id\":\"https:\\\/\\\/gotec-bonding-agent-systems.com\\\/de\\\/kamelock-km-16\\\/#primaryimage\"},\"thumbnailUrl\":\"https:\\\/\\\/gotec-bonding-agent-systems.com\\\/wp-content\\\/uploads\\\/2026\\\/02\\\/KAMELOCK-KM-16-1024x683.png\",\"datePublished\":\"2026-01-22T21:21:20+00:00\",\"dateModified\":\"2026-04-05T10:21:12+00:00\",\"description\":\"KA&MELOCK KM 16 Decklack f\u00fcr Elastomerverklebungen mit hoher Hitze-, Korrosions- und dynamischer Best\u00e4ndigkeit.\",\"breadcrumb\":{\"@id\":\"https:\\\/\\\/gotec-bonding-agent-systems.com\\\/de\\\/kamelock-km-16\\\/#breadcrumb\"},\"inLanguage\":\"de\",\"potentialAction\":[{\"@type\":\"ReadAction\",\"target\":[\"https:\\\/\\\/gotec-bonding-agent-systems.com\\\/de\\\/kamelock-km-16\\\/\"]}]},{\"@type\":\"ImageObject\",\"inLanguage\":\"de\",\"@id\":\"https:\\\/\\\/gotec-bonding-agent-systems.com\\\/de\\\/kamelock-km-16\\\/#primaryimage\",\"url\":\"https:\\\/\\\/gotec-bonding-agent-systems.com\\\/wp-content\\\/uploads\\\/2026\\\/02\\\/KAMELOCK-KM-16-1024x683.png\",\"contentUrl\":\"https:\\\/\\\/gotec-bonding-agent-systems.com\\\/wp-content\\\/uploads\\\/2026\\\/02\\\/KAMELOCK-KM-16-1024x683.png\"},{\"@type\":\"BreadcrumbList\",\"@id\":\"https:\\\/\\\/gotec-bonding-agent-systems.com\\\/de\\\/kamelock-km-16\\\/#breadcrumb\",\"itemListElement\":[{\"@type\":\"ListItem\",\"position\":1,\"name\":\"Start\",\"item\":\"https:\\\/\\\/gotec-bonding-agent-systems.com\\\/de\\\/\"},{\"@type\":\"ListItem\",\"position\":2,\"name\":\"KA&amp;MELOCK KM 16 &#8211; Elastomer-Haftsystem\"}]},{\"@type\":\"WebSite\",\"@id\":\"https:\\\/\\\/gotec-bonding-agent-systems.com\\\/#website\",\"url\":\"https:\\\/\\\/gotec-bonding-agent-systems.com\\\/\",\"name\":\"GOTEC Bonding Systems\",\"description\":\"\",\"publisher\":{\"@id\":\"https:\\\/\\\/gotec-bonding-agent-systems.com\\\/#organization\"},\"potentialAction\":[{\"@type\":\"SearchAction\",\"target\":{\"@type\":\"EntryPoint\",\"urlTemplate\":\"https:\\\/\\\/gotec-bonding-agent-systems.com\\\/?s={search_term_string}\"},\"query-input\":{\"@type\":\"PropertyValueSpecification\",\"valueRequired\":true,\"valueName\":\"search_term_string\"}}],\"inLanguage\":\"de\"},{\"@type\":\"Organization\",\"@id\":\"https:\\\/\\\/gotec-bonding-agent-systems.com\\\/#organization\",\"name\":\"GOTEC Bonding Systems\",\"url\":\"https:\\\/\\\/gotec-bonding-agent-systems.com\\\/\",\"logo\":{\"@type\":\"ImageObject\",\"inLanguage\":\"de\",\"@id\":\"https:\\\/\\\/gotec-bonding-agent-systems.com\\\/#\\\/schema\\\/logo\\\/image\\\/\",\"url\":\"https:\\\/\\\/gotec-bonding-agent-systems.com\\\/wp-content\\\/uploads\\\/2025\\\/11\\\/cropped-GOTEC_Bonding_Systems_Logo.png\",\"contentUrl\":\"https:\\\/\\\/gotec-bonding-agent-systems.com\\\/wp-content\\\/uploads\\\/2025\\\/11\\\/cropped-GOTEC_Bonding_Systems_Logo.png\",\"width\":2122,\"height\":1287,\"caption\":\"GOTEC Bonding Systems\"},\"image\":{\"@id\":\"https:\\\/\\\/gotec-bonding-agent-systems.com\\\/#\\\/schema\\\/logo\\\/image\\\/\"}}]}<\/script>\n<!-- \/ Yoast SEO plugin. -->","yoast_head_json":{"title":"KA&MELOCK KM 16 | Elastomer-Haftsystem","description":"KA&MELOCK KM 16 Decklack f\u00fcr Elastomerverklebungen mit hoher Hitze-, Korrosions- und dynamischer Best\u00e4ndigkeit.","robots":{"index":"index","follow":"follow","max-snippet":"max-snippet:-1","max-image-preview":"max-image-preview:large","max-video-preview":"max-video-preview:-1"},"canonical":"https:\/\/gotec-bonding-agent-systems.com\/de\/kamelock-km-16\/","og_locale":"de_DE","og_type":"article","og_title":"KA&MELOCK KM 16 | Elastomer-Haftsystem","og_description":"KA&MELOCK KM 16 Decklack f\u00fcr Elastomerverklebungen mit hoher Hitze-, Korrosions- und dynamischer Best\u00e4ndigkeit.","og_url":"https:\/\/gotec-bonding-agent-systems.com\/de\/kamelock-km-16\/","og_site_name":"GOTEC Bonding Systems","article_modified_time":"2026-04-05T10:21:12+00:00","og_image":[{"width":1536,"height":1024,"url":"https:\/\/gotec-bonding-agent-systems.com\/wp-content\/uploads\/2026\/02\/KAMELOCK-KM-16.png","type":"image\/png"}],"twitter_card":"summary_large_image","twitter_misc":{"Gesch\u00e4tzte Lesezeit":"2\u00a0Minuten"},"schema":{"@context":"https:\/\/schema.org","@graph":[{"@type":"WebPage","@id":"https:\/\/gotec-bonding-agent-systems.com\/de\/kamelock-km-16\/","url":"https:\/\/gotec-bonding-agent-systems.com\/de\/kamelock-km-16\/","name":"KA&MELOCK KM 16 | Elastomer-Haftsystem","isPartOf":{"@id":"https:\/\/gotec-bonding-agent-systems.com\/#website"},"primaryImageOfPage":{"@id":"https:\/\/gotec-bonding-agent-systems.com\/de\/kamelock-km-16\/#primaryimage"},"image":{"@id":"https:\/\/gotec-bonding-agent-systems.com\/de\/kamelock-km-16\/#primaryimage"},"thumbnailUrl":"https:\/\/gotec-bonding-agent-systems.com\/wp-content\/uploads\/2026\/02\/KAMELOCK-KM-16-1024x683.png","datePublished":"2026-01-22T21:21:20+00:00","dateModified":"2026-04-05T10:21:12+00:00","description":"KA&MELOCK KM 16 Decklack f\u00fcr Elastomerverklebungen mit hoher Hitze-, Korrosions- und dynamischer Best\u00e4ndigkeit.","breadcrumb":{"@id":"https:\/\/gotec-bonding-agent-systems.com\/de\/kamelock-km-16\/#breadcrumb"},"inLanguage":"de","potentialAction":[{"@type":"ReadAction","target":["https:\/\/gotec-bonding-agent-systems.com\/de\/kamelock-km-16\/"]}]},{"@type":"ImageObject","inLanguage":"de","@id":"https:\/\/gotec-bonding-agent-systems.com\/de\/kamelock-km-16\/#primaryimage","url":"https:\/\/gotec-bonding-agent-systems.com\/wp-content\/uploads\/2026\/02\/KAMELOCK-KM-16-1024x683.png","contentUrl":"https:\/\/gotec-bonding-agent-systems.com\/wp-content\/uploads\/2026\/02\/KAMELOCK-KM-16-1024x683.png"},{"@type":"BreadcrumbList","@id":"https:\/\/gotec-bonding-agent-systems.com\/de\/kamelock-km-16\/#breadcrumb","itemListElement":[{"@type":"ListItem","position":1,"name":"Start","item":"https:\/\/gotec-bonding-agent-systems.com\/de\/"},{"@type":"ListItem","position":2,"name":"KA&amp;MELOCK KM 16 &#8211; Elastomer-Haftsystem"}]},{"@type":"WebSite","@id":"https:\/\/gotec-bonding-agent-systems.com\/#website","url":"https:\/\/gotec-bonding-agent-systems.com\/","name":"GOTEC Bonding Systems","description":"","publisher":{"@id":"https:\/\/gotec-bonding-agent-systems.com\/#organization"},"potentialAction":[{"@type":"SearchAction","target":{"@type":"EntryPoint","urlTemplate":"https:\/\/gotec-bonding-agent-systems.com\/?s={search_term_string}"},"query-input":{"@type":"PropertyValueSpecification","valueRequired":true,"valueName":"search_term_string"}}],"inLanguage":"de"},{"@type":"Organization","@id":"https:\/\/gotec-bonding-agent-systems.com\/#organization","name":"GOTEC Bonding Systems","url":"https:\/\/gotec-bonding-agent-systems.com\/","logo":{"@type":"ImageObject","inLanguage":"de","@id":"https:\/\/gotec-bonding-agent-systems.com\/#\/schema\/logo\/image\/","url":"https:\/\/gotec-bonding-agent-systems.com\/wp-content\/uploads\/2025\/11\/cropped-GOTEC_Bonding_Systems_Logo.png","contentUrl":"https:\/\/gotec-bonding-agent-systems.com\/wp-content\/uploads\/2025\/11\/cropped-GOTEC_Bonding_Systems_Logo.png","width":2122,"height":1287,"caption":"GOTEC Bonding Systems"},"image":{"@id":"https:\/\/gotec-bonding-agent-systems.com\/#\/schema\/logo\/image\/"}}]}},"featured_media_urls":[],"_links":{"self":[{"href":"https:\/\/gotec-bonding-agent-systems.com\/de\/wp-json\/wp\/v2\/pages\/8878","targetHints":{"allow":["GET"]}}],"collection":[{"href":"https:\/\/gotec-bonding-agent-systems.com\/de\/wp-json\/wp\/v2\/pages"}],"about":[{"href":"https:\/\/gotec-bonding-agent-systems.com\/de\/wp-json\/wp\/v2\/types\/page"}],"author":[{"embeddable":true,"href":"https:\/\/gotec-bonding-agent-systems.com\/de\/wp-json\/wp\/v2\/users\/1"}],"replies":[{"embeddable":true,"href":"https:\/\/gotec-bonding-agent-systems.com\/de\/wp-json\/wp\/v2\/comments?post=8878"}],"version-history":[{"count":10,"href":"https:\/\/gotec-bonding-agent-systems.com\/de\/wp-json\/wp\/v2\/pages\/8878\/revisions"}],"predecessor-version":[{"id":9589,"href":"https:\/\/gotec-bonding-agent-systems.com\/de\/wp-json\/wp\/v2\/pages\/8878\/revisions\/9589"}],"wp:attachment":[{"href":"https:\/\/gotec-bonding-agent-systems.com\/de\/wp-json\/wp\/v2\/media?parent=8878"}],"curies":[{"name":"wp","href":"https:\/\/api.w.org\/{rel}","templated":true}]}}