{"id":8928,"date":"2026-01-23T19:16:58","date_gmt":"2026-01-23T19:16:58","guid":{"rendered":"https:\/\/gotec-bonding-agent-systems.com\/kamelock-mp-05cc\/"},"modified":"2026-04-05T09:52:38","modified_gmt":"2026-04-05T09:52:38","slug":"kamelock-mp-05cc","status":"publish","type":"page","link":"https:\/\/gotec-bonding-agent-systems.com\/de\/kamelock-mp-05cc\/","title":{"rendered":"KA&amp;MELOCK MP 05CC &#8211; Universal-Primer f\u00fcr KA&amp;MELOCK Haftsysteme"},"content":{"rendered":"\t\t<div data-elementor-type=\"wp-page\" data-elementor-id=\"8928\" class=\"elementor elementor-8928 elementor-7918\">\n\t\t\t\t<div class=\"elementor-element elementor-element-d02585c e-flex e-con-boxed wpr-particle-no wpr-jarallax-no wpr-parallax-no wpr-sticky-section-no wpr-equal-height-no e-con e-parent\" data-id=\"d02585c\" data-element_type=\"container\" data-e-type=\"container\" data-settings=\"{&quot;background_background&quot;:&quot;classic&quot;}\">\n\t\t\t\t\t<div class=\"e-con-inner\">\n\t\t<div class=\"elementor-element elementor-element-0859b28 e-con-full e-flex wpr-particle-no wpr-jarallax-no wpr-parallax-no wpr-sticky-section-no wpr-equal-height-no e-con e-child\" data-id=\"0859b28\" data-element_type=\"container\" data-e-type=\"container\">\n\t\t\t\t<div class=\"elementor-element elementor-element-4ab1798 elementor-widget elementor-widget-elementskit-heading\" data-id=\"4ab1798\" data-element_type=\"widget\" data-e-type=\"widget\" data-widget_type=\"elementskit-heading.default\">\n\t\t\t\t\t<div class=\"ekit-wid-con\" ><div class=\"ekit-heading elementskit-section-title-wraper text_left   ekit_heading_tablet-   ekit_heading_mobile-\"><h2 class=\"ekit-heading--title elementskit-section-title \">KA&amp;MELOCK MP 05CC<\/h2>\t\t\t\t<div class='ekit-heading__description'>\n\t\t\t\t\t<p><strong>KA&amp;MELOCK MP 05<\/strong> ist ein Universal-Primer, der f\u00fcr den Einsatz mit <strong>KA&amp;MELOCK Haftsystemen <\/strong>entwickelt wurde.<br>Er bietet eine Elastomer-Metall-Haftung mit ausgezeichnetem Schutz gegen Wasser, Korrosion und hydrolytische Einfl\u00fcsse bei gleichzeitig hervorragender dynamischer und thermischer Stabilit\u00e4t. Ein zus\u00e4tzlicher Vorteil von KA&amp;MELOCK MP 05 ist seine Best\u00e4ndigkeit gegen technische Fette und \u00d6le. <\/p>\n<p>Selbst bei der Anwendung auf <strong>schwer zu verklebenden Substraten<\/strong> erm\u00f6glicht KA&amp;MELOCK MP 05 die Erzielung einer <strong>zuverl\u00e4ssigen und dauerhaften Verbindung<\/strong>.<br>Er eignet sich besonders gut f\u00fcr die <strong>Einschicht-Haftung von Nitrilkautschuk (NBR)<\/strong> und wird h\u00e4ufig in der <strong>Herstellung von Dichtungen<\/strong> eingesetzt.<\/p>\n\t\t\t\t<\/div>\n\t\t\t<\/div><\/div>\t\t\t\t<\/div>\n\t\t\t\t<\/div>\n\t\t<div class=\"elementor-element elementor-element-03166b5 e-con-full e-flex wpr-particle-no wpr-jarallax-no wpr-parallax-no wpr-sticky-section-no wpr-equal-height-no e-con e-child\" data-id=\"03166b5\" data-element_type=\"container\" data-e-type=\"container\">\n\t\t\t\t<div class=\"elementor-element elementor-element-922643f elementor-widget elementor-widget-image\" data-id=\"922643f\" data-element_type=\"widget\" data-e-type=\"widget\" data-widget_type=\"image.default\">\n\t\t\t\t\t\t\t\t\t\t\t\t\t\t\t<img fetchpriority=\"high\" decoding=\"async\" width=\"950\" height=\"634\" src=\"https:\/\/gotec-bonding-agent-systems.com\/wp-content\/uploads\/2026\/02\/KAMELOCK-MP-05CC-1024x683.png\" class=\"attachment-large size-large wp-image-8930\" alt=\"KA&amp;MELOCK MP 05CC\" srcset=\"https:\/\/gotec-bonding-agent-systems.com\/wp-content\/uploads\/2026\/02\/KAMELOCK-MP-05CC-1024x683.png 1024w, https:\/\/gotec-bonding-agent-systems.com\/wp-content\/uploads\/2026\/02\/KAMELOCK-MP-05CC-300x200.png 300w, https:\/\/gotec-bonding-agent-systems.com\/wp-content\/uploads\/2026\/02\/KAMELOCK-MP-05CC-600x400.png 600w, https:\/\/gotec-bonding-agent-systems.com\/wp-content\/uploads\/2026\/02\/KAMELOCK-MP-05CC-1200x800.png 1200w, https:\/\/gotec-bonding-agent-systems.com\/wp-content\/uploads\/2026\/02\/KAMELOCK-MP-05CC.png 1536w\" sizes=\"100vw\" \/>\t\t\t\t\t\t\t\t\t\t\t\t\t\t\t<\/div>\n\t\t\t\t<div class=\"elementor-element elementor-element-17bb618 elementor-widget elementor-widget-spacer\" data-id=\"17bb618\" data-element_type=\"widget\" data-e-type=\"widget\" data-widget_type=\"spacer.default\">\n\t\t\t\t\t\t\t<div class=\"elementor-spacer\">\n\t\t\t<div class=\"elementor-spacer-inner\"><\/div>\n\t\t<\/div>\n\t\t\t\t\t\t<\/div>\n\t\t\t\t<div class=\"elementor-element elementor-element-5f83442 elementor-widget elementor-widget-button\" data-id=\"5f83442\" data-element_type=\"widget\" data-e-type=\"widget\" data-widget_type=\"button.default\">\n\t\t\t\t\t\t\t\t\t\t<a class=\"elementor-button elementor-button-link elementor-size-sm\" href=\"https:\/\/gotec-bonding-agent-systems.com\/wp-content\/uploads\/2026\/01\/lJoTZ2-Unknown.pdf\">\n\t\t\t\t\t\t<span class=\"elementor-button-content-wrapper\">\n\t\t\t\t\t\t\t\t\t<span class=\"elementor-button-text\">PDF HERUNTERLADEN<\/span>\n\t\t\t\t\t<\/span>\n\t\t\t\t\t<\/a>\n\t\t\t\t\t\t\t\t<\/div>\n\t\t\t\t<\/div>\n\t\t\t\t\t<\/div>\n\t\t\t\t<\/div>\n\t\t\t\t<section class=\"elementor-section elementor-top-section elementor-element elementor-element-4187885 elementor-section-boxed elementor-section-height-default elementor-section-height-default wpr-particle-no wpr-jarallax-no wpr-parallax-no wpr-sticky-section-no wpr-equal-height-no\" data-id=\"4187885\" data-element_type=\"section\" data-e-type=\"section\">\n\t\t\t\t\t\t<div class=\"elementor-container elementor-column-gap-default\">\n\t\t\t\t\t<div class=\"elementor-column elementor-col-100 elementor-top-column elementor-element elementor-element-204a21a\" data-id=\"204a21a\" data-element_type=\"column\" data-e-type=\"column\">\n\t\t\t<div class=\"elementor-widget-wrap elementor-element-populated\">\n\t\t\t\t\t\t<div class=\"elementor-element elementor-element-30e4bf4 elementor-widget elementor-widget-heading\" data-id=\"30e4bf4\" data-element_type=\"widget\" data-e-type=\"widget\" data-widget_type=\"heading.default\">\n\t\t\t\t\t<h2 class=\"elementor-heading-title elementor-size-default\">Technische Daten<\/h2>\t\t\t\t<\/div>\n\t\t\t\t<div class=\"elementor-element elementor-element-c6742d1 wpr-list-style-none elementor-widget elementor-widget-wpr-posts-timeline\" data-id=\"c6742d1\" data-element_type=\"widget\" data-e-type=\"widget\" data-settings=\"{&quot;animation_offset&quot;:150,&quot;aos_animation_duration&quot;:600}\" data-widget_type=\"wpr-posts-timeline.default\">\n\t\t\t\t\t\n\t\t<div class=\"wpr-wrapper wpr-vertical wpr-one-sided-wrapper\">\n\t\t\t<div class=\"wpr-timeline-centered wpr-line wpr-one-sided-timeline\"><div class=\"wpr-middle-line\"><\/div><div class=\"wpr-timeline-fill\" data-layout=\"one-sided\"><\/div><article class=\"wpr-timeline-entry wpr-right-aligned elementor-repeater-item-f94da51\" data-item-id=\"elementor-repeater-item-f94da51\"><div class=\"wpr-timeline-entry-inner\"><div class=\"wpr-main-line-icon wpr-icon\"><\/div><div class=\"wpr-story-info-vertical wpr-data-wrap \"  data-aos=\"fade\" data-aos-left=\"\" data-aos-right=\"\" data-animation-offset=\"150\" data-animation-duration=\"600\"><div class=\"wpr-timeline-content-wrapper\"><div class=\"wpr-content-wrapper\"><div class=\"wpr-description\"><table><tbody><tr><td><p>Farbe Graue Fl\u00fcssigkeit<\/p><\/td><td> <\/td><\/tr><\/tbody><\/table><table style=\"height: 124px\" width=\"238\"><tbody><tr><td><p>Viskosit\u00e4t 4 mm DIN-Becher 16 \u2013 22 s<\/p><\/td><td> <\/td><\/tr><\/tbody><\/table><table><tbody><tr><td><p>Viskosit\u00e4t, cps bei 25\u00b0C (77\u00b0F)<\/p><table><tbody><tr><td><p>  50 \u2013 300 mPas<\/p><\/td><\/tr><\/tbody><\/table><p>Brookfield SNB1<br>Spindel 2, 30 U\/min<\/p><\/td><td> <\/td><\/tr><\/tbody><\/table><\/div><\/div><\/div><\/div>\n\t\t\t\t\t\t<\/div>\n\t\t\t\t<\/article><article class=\"wpr-timeline-entry wpr-right-aligned elementor-repeater-item-2a37755\" data-item-id=\"elementor-repeater-item-2a37755\"><div class=\"wpr-timeline-entry-inner\"><div class=\"wpr-main-line-icon wpr-icon\"><\/div><div class=\"wpr-story-info-vertical wpr-data-wrap \"  data-aos=\"fade\" data-aos-left=\"\" data-aos-right=\"\" data-animation-offset=\"150\" data-animation-duration=\"600\"><div class=\"wpr-timeline-content-wrapper\"><div class=\"wpr-content-wrapper\"><div class=\"wpr-description\"><table><tbody><tr><td><p>Spezifisches Gewicht 0,90 \u2013 0,94 g\/cm\u00b3<\/p><\/td><td> <\/td><\/tr><\/tbody><\/table><table style=\"height: 172px\" width=\"201\"><tbody><tr><td><p>Festk\u00f6rpergehalt 23 \u2013 26 Gew.-%<\/p><\/td><td> <\/td><\/tr><\/tbody><\/table><table><tbody><tr><td><p>L\u00f6sungsmittel Methylisobutylketon (MIBK), MEK<\/p><\/td><td> <\/td><\/tr><\/tbody><\/table><p>*Die Daten sind typisch und nicht f\u00fcr Spezifikationszwecke zu verwenden.<\/p><\/div><\/div><\/div><\/div>\n\t\t\t\t\t\t<\/div>\n\t\t\t\t<\/article><\/div>    \n\t\t\t<\/div>\t\t\t\t<\/div>\n\t\t\t\t<div class=\"elementor-element elementor-element-b344d90 elementor-widget elementor-widget-text-editor\" data-id=\"b344d90\" data-element_type=\"widget\" data-e-type=\"widget\" data-widget_type=\"text-editor.default\">\n\t\t\t\t\t\t\t\t\t<p data-start=\"241\" data-end=\"523\">Wir sind davon \u00fcberzeugt, dass pr\u00e4zise Tests und Analysen unerl\u00e4sslich sind.<br data-start=\"305\" data-end=\"308\">Bei GOTEC Bonding Systems werden alle unsere Produkte <strong data-start=\"362\" data-end=\"419\">in unseren Laboren getestet, dokumentiert und validiert<\/strong>. Dar\u00fcber hinaus setzen sich unsere F&amp;E-Aktivit\u00e4ten durch laufende Produktentwicklung in unserer Demo-Anlage fort. <\/p><p data-start=\"525\" data-end=\"677\">Unsere <strong data-start=\"529\" data-end=\"560\">Elastomer-Haftungsl\u00f6sungen<\/strong> bieten einen <strong data-start=\"565\" data-end=\"600\">zuverl\u00e4ssigen Mehrwert f\u00fcr Ihr Unternehmen<\/strong> und gew\u00e4hrleisten einen <strong data-start=\"611\" data-end=\"676\">st\u00f6rungsfreien Betrieb \u00fcber alle Branchen und Anwendungen hinweg<\/strong>.<\/p><p data-start=\"679\" data-end=\"967\"><strong data-start=\"679\" data-end=\"707\">KA&amp;MELOCK Haftsystem<\/strong> werden f\u00fcr die <strong data-start=\"721\" data-end=\"756\">Ein- oder Zweischicht-Haftung<\/strong> von Mischungen auf Oberfl\u00e4chen wie <strong data-start=\"790\" data-end=\"845\">Metallen, Kunststoffen, PTFE (Teflon) und Textilfasern<\/strong> w\u00e4hrend des <strong data-start=\"857\" data-end=\"882\">Vulkanisationsprozesses<\/strong> verwendet.<br data-start=\"883\" data-end=\"886\">Detaillierte Anwendungsm\u00f6glichkeiten entnehmen Sie bitte dem <strong data-start=\"906\" data-end=\"933\">KA&amp;MELOCK Produktsortiment<\/strong>.<\/p>\t\t\t\t\t\t\t\t<\/div>\n\t\t\t\t\t<\/div>\n\t\t<\/div>\n\t\t\t\t\t<\/div>\n\t\t<\/section>\n\t\t\t\t<\/div>\n\t\t\n    <div class=\"xs_social_share_widget xs_share_url after_content \t\tmain_content  wslu-style-1 wslu-share-box-shaped wslu-fill-colored wslu-none wslu-share-horizontal wslu-theme-font-no wslu-main_content\">\n\n\t\t\n        <ul>\n\t\t\t        <\/ul>\n    <\/div> \n","protected":false},"excerpt":{"rendered":"<p>KA&amp;MELOCK MP 05CC KA&amp;MELOCK MP 05 ist ein Universal-Primer, der f\u00fcr den Einsatz mit KA&amp;MELOCK Haftsystemen entwickelt wurde.Er bietet eine Elastomer-Metall-Haftung mit ausgezeichnetem Schutz gegen Wasser, Korrosion und hydrolytische Einfl\u00fcsse bei gleichzeitig hervorragender dynamischer und thermischer Stabilit\u00e4t. Ein zus\u00e4tzlicher Vorteil von KA&amp;MELOCK MP 05 ist seine Best\u00e4ndigkeit gegen technische Fette und \u00d6le. Selbst bei der Anwendung auf schwer zu verklebenden Substraten erm\u00f6glicht KA&amp;MELOCK MP 05 die Erzielung einer zuverl\u00e4ssigen und dauerhaften Verbindung.Er eignet sich besonders gut f\u00fcr die Einschicht-Haftung von Nitrilkautschuk (NBR) und wird h\u00e4ufig in der Herstellung von Dichtungen eingesetzt. PDF HERUNTERLADEN Technische Daten Farbe Graue Fl\u00fcssigkeit Viskosit\u00e4t 4 mm DIN-Becher 16 \u2013 22 s Viskosit\u00e4t, cps bei 25\u00b0C (77\u00b0F) 50 \u2013 300 mPas Brookfield SNB1Spindel 2, 30 U\/min Spezifisches Gewicht 0,90 \u2013 0,94 g\/cm\u00b3 Festk\u00f6rpergehalt 23 \u2013 26 Gew.-% L\u00f6sungsmittel Methylisobutylketon (MIBK), MEK *Die Daten sind typisch und nicht f\u00fcr Spezifikationszwecke zu verwenden. Wir sind davon \u00fcberzeugt, dass pr\u00e4zise Tests und Analysen unerl\u00e4sslich sind.Bei GOTEC Bonding Systems werden alle unsere Produkte in unseren Laboren getestet, dokumentiert und validiert. Dar\u00fcber hinaus setzen sich unsere F&amp;E-Aktivit\u00e4ten durch laufende Produktentwicklung in unserer Demo-Anlage fort. Unsere Elastomer-Haftungsl\u00f6sungen bieten einen zuverl\u00e4ssigen Mehrwert f\u00fcr Ihr Unternehmen und gew\u00e4hrleisten einen st\u00f6rungsfreien Betrieb \u00fcber alle Branchen und Anwendungen hinweg. KA&amp;MELOCK Haftsystem werden f\u00fcr die Ein- oder Zweischicht-Haftung von Mischungen auf Oberfl\u00e4chen wie Metallen, Kunststoffen, PTFE (Teflon) und Textilfasern w\u00e4hrend des Vulkanisationsprozesses verwendet.Detaillierte Anwendungsm\u00f6glichkeiten entnehmen Sie bitte dem KA&amp;MELOCK Produktsortiment.<\/p>\n","protected":false},"author":1,"featured_media":0,"parent":0,"menu_order":0,"comment_status":"closed","ping_status":"closed","template":"","meta":{"postBodyCss":"","postBodyMargin":[],"postBodyPadding":[],"postBodyBackground":{"backgroundType":"classic","gradient":""},"inspiro_hide_title":false,"footnotes":""},"class_list":["post-8928","page","type-page","status-publish","hentry"],"yoast_head":"<!-- This site is optimized with the Yoast SEO plugin v27.4 - https:\/\/yoast.com\/product\/yoast-seo-wordpress\/ -->\n<title>KA&amp;MELOCK MP 05CC | Universalprimer f\u00fcr Haftsysteme<\/title>\n<meta name=\"description\" content=\"KA&amp;MELOCK MP 05CC Universal-Primer f\u00fcr die Gummi-Metall-Haftung. Korrosions- und Hydrolyseschutz mit Temperaturbest\u00e4ndigkeit.\" \/>\n<meta name=\"robots\" content=\"index, follow, max-snippet:-1, max-image-preview:large, max-video-preview:-1\" \/>\n<link rel=\"canonical\" href=\"https:\/\/gotec-bonding-agent-systems.com\/de\/kamelock-mp-05cc\/\" \/>\n<meta property=\"og:locale\" content=\"de_DE\" \/>\n<meta property=\"og:type\" content=\"article\" \/>\n<meta property=\"og:title\" content=\"KA&amp;MELOCK MP 05CC | Universalprimer f\u00fcr Haftsysteme\" \/>\n<meta property=\"og:description\" content=\"KA&amp;MELOCK MP 05CC Universal-Primer f\u00fcr die Gummi-Metall-Haftung. Korrosions- und Hydrolyseschutz mit Temperaturbest\u00e4ndigkeit.\" \/>\n<meta property=\"og:url\" content=\"https:\/\/gotec-bonding-agent-systems.com\/de\/kamelock-mp-05cc\/\" \/>\n<meta property=\"og:site_name\" content=\"GOTEC Bonding Systems\" \/>\n<meta property=\"article:modified_time\" content=\"2026-04-05T09:52:38+00:00\" \/>\n<meta property=\"og:image\" content=\"https:\/\/gotec-bonding-agent-systems.com\/wp-content\/uploads\/2026\/02\/KAMELOCK-MP-05CC-1024x683.png\" \/>\n<meta name=\"twitter:card\" content=\"summary_large_image\" \/>\n<meta name=\"twitter:label1\" content=\"Gesch\u00e4tzte Lesezeit\" \/>\n\t<meta name=\"twitter:data1\" content=\"2\u00a0Minuten\" \/>\n<script type=\"application\/ld+json\" class=\"yoast-schema-graph\">{\"@context\":\"https:\\\/\\\/schema.org\",\"@graph\":[{\"@type\":\"WebPage\",\"@id\":\"https:\\\/\\\/gotec-bonding-agent-systems.com\\\/de\\\/kamelock-mp-05cc\\\/\",\"url\":\"https:\\\/\\\/gotec-bonding-agent-systems.com\\\/de\\\/kamelock-mp-05cc\\\/\",\"name\":\"KA&MELOCK MP 05CC | Universalprimer f\u00fcr Haftsysteme\",\"isPartOf\":{\"@id\":\"https:\\\/\\\/gotec-bonding-agent-systems.com\\\/#website\"},\"primaryImageOfPage\":{\"@id\":\"https:\\\/\\\/gotec-bonding-agent-systems.com\\\/de\\\/kamelock-mp-05cc\\\/#primaryimage\"},\"image\":{\"@id\":\"https:\\\/\\\/gotec-bonding-agent-systems.com\\\/de\\\/kamelock-mp-05cc\\\/#primaryimage\"},\"thumbnailUrl\":\"https:\\\/\\\/gotec-bonding-agent-systems.com\\\/wp-content\\\/uploads\\\/2026\\\/02\\\/KAMELOCK-MP-05CC-1024x683.png\",\"datePublished\":\"2026-01-23T19:16:58+00:00\",\"dateModified\":\"2026-04-05T09:52:38+00:00\",\"description\":\"KA&MELOCK MP 05CC Universal-Primer f\u00fcr die Gummi-Metall-Haftung. Korrosions- und Hydrolyseschutz mit Temperaturbest\u00e4ndigkeit.\",\"breadcrumb\":{\"@id\":\"https:\\\/\\\/gotec-bonding-agent-systems.com\\\/de\\\/kamelock-mp-05cc\\\/#breadcrumb\"},\"inLanguage\":\"de\",\"potentialAction\":[{\"@type\":\"ReadAction\",\"target\":[\"https:\\\/\\\/gotec-bonding-agent-systems.com\\\/de\\\/kamelock-mp-05cc\\\/\"]}]},{\"@type\":\"ImageObject\",\"inLanguage\":\"de\",\"@id\":\"https:\\\/\\\/gotec-bonding-agent-systems.com\\\/de\\\/kamelock-mp-05cc\\\/#primaryimage\",\"url\":\"https:\\\/\\\/gotec-bonding-agent-systems.com\\\/wp-content\\\/uploads\\\/2026\\\/02\\\/KAMELOCK-MP-05CC-1024x683.png\",\"contentUrl\":\"https:\\\/\\\/gotec-bonding-agent-systems.com\\\/wp-content\\\/uploads\\\/2026\\\/02\\\/KAMELOCK-MP-05CC-1024x683.png\"},{\"@type\":\"BreadcrumbList\",\"@id\":\"https:\\\/\\\/gotec-bonding-agent-systems.com\\\/de\\\/kamelock-mp-05cc\\\/#breadcrumb\",\"itemListElement\":[{\"@type\":\"ListItem\",\"position\":1,\"name\":\"Start\",\"item\":\"https:\\\/\\\/gotec-bonding-agent-systems.com\\\/de\\\/\"},{\"@type\":\"ListItem\",\"position\":2,\"name\":\"KA&amp;MELOCK MP 05CC &#8211; Universal-Primer f\u00fcr KA&amp;MELOCK Haftsysteme\"}]},{\"@type\":\"WebSite\",\"@id\":\"https:\\\/\\\/gotec-bonding-agent-systems.com\\\/#website\",\"url\":\"https:\\\/\\\/gotec-bonding-agent-systems.com\\\/\",\"name\":\"GOTEC Bonding Systems\",\"description\":\"\",\"publisher\":{\"@id\":\"https:\\\/\\\/gotec-bonding-agent-systems.com\\\/#organization\"},\"potentialAction\":[{\"@type\":\"SearchAction\",\"target\":{\"@type\":\"EntryPoint\",\"urlTemplate\":\"https:\\\/\\\/gotec-bonding-agent-systems.com\\\/?s={search_term_string}\"},\"query-input\":{\"@type\":\"PropertyValueSpecification\",\"valueRequired\":true,\"valueName\":\"search_term_string\"}}],\"inLanguage\":\"de\"},{\"@type\":\"Organization\",\"@id\":\"https:\\\/\\\/gotec-bonding-agent-systems.com\\\/#organization\",\"name\":\"GOTEC Bonding Systems\",\"url\":\"https:\\\/\\\/gotec-bonding-agent-systems.com\\\/\",\"logo\":{\"@type\":\"ImageObject\",\"inLanguage\":\"de\",\"@id\":\"https:\\\/\\\/gotec-bonding-agent-systems.com\\\/#\\\/schema\\\/logo\\\/image\\\/\",\"url\":\"https:\\\/\\\/gotec-bonding-agent-systems.com\\\/wp-content\\\/uploads\\\/2025\\\/11\\\/cropped-GOTEC_Bonding_Systems_Logo.png\",\"contentUrl\":\"https:\\\/\\\/gotec-bonding-agent-systems.com\\\/wp-content\\\/uploads\\\/2025\\\/11\\\/cropped-GOTEC_Bonding_Systems_Logo.png\",\"width\":2122,\"height\":1287,\"caption\":\"GOTEC Bonding Systems\"},\"image\":{\"@id\":\"https:\\\/\\\/gotec-bonding-agent-systems.com\\\/#\\\/schema\\\/logo\\\/image\\\/\"}}]}<\/script>\n<!-- \/ Yoast SEO plugin. -->","yoast_head_json":{"title":"KA&MELOCK MP 05CC | Universalprimer f\u00fcr Haftsysteme","description":"KA&MELOCK MP 05CC Universal-Primer f\u00fcr die Gummi-Metall-Haftung. Korrosions- und Hydrolyseschutz mit Temperaturbest\u00e4ndigkeit.","robots":{"index":"index","follow":"follow","max-snippet":"max-snippet:-1","max-image-preview":"max-image-preview:large","max-video-preview":"max-video-preview:-1"},"canonical":"https:\/\/gotec-bonding-agent-systems.com\/de\/kamelock-mp-05cc\/","og_locale":"de_DE","og_type":"article","og_title":"KA&MELOCK MP 05CC | Universalprimer f\u00fcr Haftsysteme","og_description":"KA&MELOCK MP 05CC Universal-Primer f\u00fcr die Gummi-Metall-Haftung. Korrosions- und Hydrolyseschutz mit Temperaturbest\u00e4ndigkeit.","og_url":"https:\/\/gotec-bonding-agent-systems.com\/de\/kamelock-mp-05cc\/","og_site_name":"GOTEC Bonding Systems","article_modified_time":"2026-04-05T09:52:38+00:00","og_image":[{"url":"https:\/\/gotec-bonding-agent-systems.com\/wp-content\/uploads\/2026\/02\/KAMELOCK-MP-05CC-1024x683.png","type":"","width":"","height":""}],"twitter_card":"summary_large_image","twitter_misc":{"Gesch\u00e4tzte Lesezeit":"2\u00a0Minuten"},"schema":{"@context":"https:\/\/schema.org","@graph":[{"@type":"WebPage","@id":"https:\/\/gotec-bonding-agent-systems.com\/de\/kamelock-mp-05cc\/","url":"https:\/\/gotec-bonding-agent-systems.com\/de\/kamelock-mp-05cc\/","name":"KA&MELOCK MP 05CC | Universalprimer f\u00fcr Haftsysteme","isPartOf":{"@id":"https:\/\/gotec-bonding-agent-systems.com\/#website"},"primaryImageOfPage":{"@id":"https:\/\/gotec-bonding-agent-systems.com\/de\/kamelock-mp-05cc\/#primaryimage"},"image":{"@id":"https:\/\/gotec-bonding-agent-systems.com\/de\/kamelock-mp-05cc\/#primaryimage"},"thumbnailUrl":"https:\/\/gotec-bonding-agent-systems.com\/wp-content\/uploads\/2026\/02\/KAMELOCK-MP-05CC-1024x683.png","datePublished":"2026-01-23T19:16:58+00:00","dateModified":"2026-04-05T09:52:38+00:00","description":"KA&MELOCK MP 05CC Universal-Primer f\u00fcr die Gummi-Metall-Haftung. Korrosions- und Hydrolyseschutz mit Temperaturbest\u00e4ndigkeit.","breadcrumb":{"@id":"https:\/\/gotec-bonding-agent-systems.com\/de\/kamelock-mp-05cc\/#breadcrumb"},"inLanguage":"de","potentialAction":[{"@type":"ReadAction","target":["https:\/\/gotec-bonding-agent-systems.com\/de\/kamelock-mp-05cc\/"]}]},{"@type":"ImageObject","inLanguage":"de","@id":"https:\/\/gotec-bonding-agent-systems.com\/de\/kamelock-mp-05cc\/#primaryimage","url":"https:\/\/gotec-bonding-agent-systems.com\/wp-content\/uploads\/2026\/02\/KAMELOCK-MP-05CC-1024x683.png","contentUrl":"https:\/\/gotec-bonding-agent-systems.com\/wp-content\/uploads\/2026\/02\/KAMELOCK-MP-05CC-1024x683.png"},{"@type":"BreadcrumbList","@id":"https:\/\/gotec-bonding-agent-systems.com\/de\/kamelock-mp-05cc\/#breadcrumb","itemListElement":[{"@type":"ListItem","position":1,"name":"Start","item":"https:\/\/gotec-bonding-agent-systems.com\/de\/"},{"@type":"ListItem","position":2,"name":"KA&amp;MELOCK MP 05CC &#8211; Universal-Primer f\u00fcr KA&amp;MELOCK Haftsysteme"}]},{"@type":"WebSite","@id":"https:\/\/gotec-bonding-agent-systems.com\/#website","url":"https:\/\/gotec-bonding-agent-systems.com\/","name":"GOTEC Bonding Systems","description":"","publisher":{"@id":"https:\/\/gotec-bonding-agent-systems.com\/#organization"},"potentialAction":[{"@type":"SearchAction","target":{"@type":"EntryPoint","urlTemplate":"https:\/\/gotec-bonding-agent-systems.com\/?s={search_term_string}"},"query-input":{"@type":"PropertyValueSpecification","valueRequired":true,"valueName":"search_term_string"}}],"inLanguage":"de"},{"@type":"Organization","@id":"https:\/\/gotec-bonding-agent-systems.com\/#organization","name":"GOTEC Bonding Systems","url":"https:\/\/gotec-bonding-agent-systems.com\/","logo":{"@type":"ImageObject","inLanguage":"de","@id":"https:\/\/gotec-bonding-agent-systems.com\/#\/schema\/logo\/image\/","url":"https:\/\/gotec-bonding-agent-systems.com\/wp-content\/uploads\/2025\/11\/cropped-GOTEC_Bonding_Systems_Logo.png","contentUrl":"https:\/\/gotec-bonding-agent-systems.com\/wp-content\/uploads\/2025\/11\/cropped-GOTEC_Bonding_Systems_Logo.png","width":2122,"height":1287,"caption":"GOTEC Bonding Systems"},"image":{"@id":"https:\/\/gotec-bonding-agent-systems.com\/#\/schema\/logo\/image\/"}}]}},"featured_media_urls":[],"_links":{"self":[{"href":"https:\/\/gotec-bonding-agent-systems.com\/de\/wp-json\/wp\/v2\/pages\/8928","targetHints":{"allow":["GET"]}}],"collection":[{"href":"https:\/\/gotec-bonding-agent-systems.com\/de\/wp-json\/wp\/v2\/pages"}],"about":[{"href":"https:\/\/gotec-bonding-agent-systems.com\/de\/wp-json\/wp\/v2\/types\/page"}],"author":[{"embeddable":true,"href":"https:\/\/gotec-bonding-agent-systems.com\/de\/wp-json\/wp\/v2\/users\/1"}],"replies":[{"embeddable":true,"href":"https:\/\/gotec-bonding-agent-systems.com\/de\/wp-json\/wp\/v2\/comments?post=8928"}],"version-history":[{"count":23,"href":"https:\/\/gotec-bonding-agent-systems.com\/de\/wp-json\/wp\/v2\/pages\/8928\/revisions"}],"predecessor-version":[{"id":9558,"href":"https:\/\/gotec-bonding-agent-systems.com\/de\/wp-json\/wp\/v2\/pages\/8928\/revisions\/9558"}],"wp:attachment":[{"href":"https:\/\/gotec-bonding-agent-systems.com\/de\/wp-json\/wp\/v2\/media?parent=8928"}],"curies":[{"name":"wp","href":"https:\/\/api.w.org\/{rel}","templated":true}]}}