{"id":8934,"date":"2026-01-23T18:57:22","date_gmt":"2026-01-23T18:57:22","guid":{"rendered":"https:\/\/gotec-bonding-agent-systems.com\/kamelock-km-25\/"},"modified":"2026-04-03T13:53:50","modified_gmt":"2026-04-03T13:53:50","slug":"kamelock-km-25","status":"publish","type":"page","link":"https:\/\/gotec-bonding-agent-systems.com\/de\/kamelock-km-25\/","title":{"rendered":"KA&amp;MELOCK KM 25 &#8211; Elastomer-Haftsystem f\u00fcr\u00a0Decklack-Anwendungen"},"content":{"rendered":"\t\t<div data-elementor-type=\"wp-page\" data-elementor-id=\"8934\" class=\"elementor elementor-8934 elementor-7876\">\n\t\t\t\t<div class=\"elementor-element elementor-element-808ac83 e-flex e-con-boxed wpr-particle-no wpr-jarallax-no wpr-parallax-no wpr-sticky-section-no wpr-equal-height-no e-con e-parent\" data-id=\"808ac83\" data-element_type=\"container\" data-e-type=\"container\" data-settings=\"{&quot;background_background&quot;:&quot;classic&quot;}\">\n\t\t\t\t\t<div class=\"e-con-inner\">\n\t\t<div class=\"elementor-element elementor-element-e549ca5 e-con-full e-flex wpr-particle-no wpr-jarallax-no wpr-parallax-no wpr-sticky-section-no wpr-equal-height-no e-con e-child\" data-id=\"e549ca5\" data-element_type=\"container\" data-e-type=\"container\">\n\t\t\t\t<div class=\"elementor-element elementor-element-833773f elementor-widget elementor-widget-elementskit-heading\" data-id=\"833773f\" data-element_type=\"widget\" data-e-type=\"widget\" data-widget_type=\"elementskit-heading.default\">\n\t\t\t\t\t<div class=\"ekit-wid-con\" ><div class=\"ekit-heading elementskit-section-title-wraper text_left   ekit_heading_tablet-   ekit_heading_mobile-\"><h2 class=\"ekit-heading--title elementskit-section-title \">KA&amp;MELOCK KM 25<\/h2>\t\t\t\t<div class='ekit-heading__description'>\n\t\t\t\t\t<p><strong>KA&amp;MELOCK KM 25<\/strong> ist ein <strong>Elastomer-Haftsystem<\/strong>, der f\u00fcr <strong>Decklack-Anwendungen<\/strong> geeignet ist. Er wird in Kombination mit <strong>KA&amp;MELOCK MP 05 Primer<\/strong> eingesetzt, wenn <strong>Hochtemperatur-Korrosionsbest\u00e4ndigkeit und dynamische Best\u00e4ndigkeit<\/strong> f\u00fcr die Verbindung verschiedener Elastomere mit Metall- und Kunststoffsubstraten w\u00e4hrend des <strong>Vulkanisationsprozesses<\/strong> erforderlich sind. <\/p>\n<p>Das Haftsystem besteht aus einer Mischung aus <strong>dispergierten Polymeren, Vernetzungsmitteln und Schwebstoffen<\/strong> in einem <strong>organischen L\u00f6sungsmittelsystem<\/strong>.<\/p>\n<p>KA&amp;MELOCK KM 25 erm\u00f6glicht die zuverl\u00e4ssige Bindung von Gummimischungen auf Basis von <strong>Naturkautschuk (NR), Polyisopren (IR), Polybutadien (BR), Styrol-Butadien (SBR), Nitrilkautschuk (NBR), Chloropren-Kautschuk (CR), Butylkautschuk (IIR), chlorsulfoniertem Polyethylen (CSM) und Ethylen-Propylen-Kautschuk (EPDM)<\/strong> an eine Vielzahl von <strong>Metall- und Kunststoffsubstraten<\/strong> w\u00e4hrend der Vulkanisation.<\/p>\n\t\t\t\t<\/div>\n\t\t\t<\/div><\/div>\t\t\t\t<\/div>\n\t\t\t\t<\/div>\n\t\t<div class=\"elementor-element elementor-element-705eea2 e-con-full e-flex wpr-particle-no wpr-jarallax-no wpr-parallax-no wpr-sticky-section-no wpr-equal-height-no e-con e-child\" data-id=\"705eea2\" data-element_type=\"container\" data-e-type=\"container\">\n\t\t\t\t<div class=\"elementor-element elementor-element-a86ce28 elementor-widget elementor-widget-image\" data-id=\"a86ce28\" data-element_type=\"widget\" data-e-type=\"widget\" data-widget_type=\"image.default\">\n\t\t\t\t\t\t\t\t\t\t\t\t\t\t\t<img fetchpriority=\"high\" decoding=\"async\" width=\"950\" height=\"634\" src=\"https:\/\/gotec-bonding-agent-systems.com\/wp-content\/uploads\/2026\/02\/KAMELOCK-KM-25-1024x683.png\" class=\"attachment-large size-large wp-image-8938\" alt=\"KA&amp;MELOCK KM 25\" srcset=\"https:\/\/gotec-bonding-agent-systems.com\/wp-content\/uploads\/2026\/02\/KAMELOCK-KM-25-1024x683.png 1024w, https:\/\/gotec-bonding-agent-systems.com\/wp-content\/uploads\/2026\/02\/KAMELOCK-KM-25-300x200.png 300w, https:\/\/gotec-bonding-agent-systems.com\/wp-content\/uploads\/2026\/02\/KAMELOCK-KM-25-600x400.png 600w, https:\/\/gotec-bonding-agent-systems.com\/wp-content\/uploads\/2026\/02\/KAMELOCK-KM-25-1200x800.png 1200w, https:\/\/gotec-bonding-agent-systems.com\/wp-content\/uploads\/2026\/02\/KAMELOCK-KM-25.png 1536w\" sizes=\"100vw\" \/>\t\t\t\t\t\t\t\t\t\t\t\t\t\t\t<\/div>\n\t\t\t\t<div class=\"elementor-element elementor-element-8552ff8 elementor-widget elementor-widget-spacer\" data-id=\"8552ff8\" data-element_type=\"widget\" data-e-type=\"widget\" data-widget_type=\"spacer.default\">\n\t\t\t\t\t\t\t<div class=\"elementor-spacer\">\n\t\t\t<div class=\"elementor-spacer-inner\"><\/div>\n\t\t<\/div>\n\t\t\t\t\t\t<\/div>\n\t\t\t\t<div class=\"elementor-element elementor-element-59732fa elementor-widget elementor-widget-button\" data-id=\"59732fa\" data-element_type=\"widget\" data-e-type=\"widget\" data-widget_type=\"button.default\">\n\t\t\t\t\t\t\t\t\t\t<a class=\"elementor-button elementor-button-link elementor-size-sm\" href=\"#\">\n\t\t\t\t\t\t<span class=\"elementor-button-content-wrapper\">\n\t\t\t\t\t\t\t\t\t<span class=\"elementor-button-text\">PDF HERUNTERLADEN<\/span>\n\t\t\t\t\t<\/span>\n\t\t\t\t\t<\/a>\n\t\t\t\t\t\t\t\t<\/div>\n\t\t\t\t<\/div>\n\t\t\t\t\t<\/div>\n\t\t\t\t<\/div>\n\t\t\t\t<section class=\"elementor-section elementor-top-section elementor-element elementor-element-45f9e12 elementor-section-boxed elementor-section-height-default elementor-section-height-default wpr-particle-no wpr-jarallax-no wpr-parallax-no wpr-sticky-section-no wpr-equal-height-no\" data-id=\"45f9e12\" data-element_type=\"section\" data-e-type=\"section\">\n\t\t\t\t\t\t<div class=\"elementor-container elementor-column-gap-default\">\n\t\t\t\t\t<div class=\"elementor-column elementor-col-100 elementor-top-column elementor-element elementor-element-6d52a9b\" data-id=\"6d52a9b\" data-element_type=\"column\" data-e-type=\"column\">\n\t\t\t<div class=\"elementor-widget-wrap elementor-element-populated\">\n\t\t\t\t\t\t<div class=\"elementor-element elementor-element-152844e elementor-widget elementor-widget-heading\" data-id=\"152844e\" data-element_type=\"widget\" data-e-type=\"widget\" data-widget_type=\"heading.default\">\n\t\t\t\t\t<h2 class=\"elementor-heading-title elementor-size-default\">Technische Daten<\/h2>\t\t\t\t<\/div>\n\t\t\t\t<div class=\"elementor-element elementor-element-694c8f4 wpr-list-style-none elementor-widget elementor-widget-wpr-posts-timeline\" data-id=\"694c8f4\" data-element_type=\"widget\" data-e-type=\"widget\" data-settings=\"{&quot;animation_offset&quot;:150,&quot;aos_animation_duration&quot;:600}\" data-widget_type=\"wpr-posts-timeline.default\">\n\t\t\t\t\t\n\t\t<div class=\"wpr-wrapper wpr-vertical wpr-one-sided-wrapper\">\n\t\t\t<div class=\"wpr-timeline-centered wpr-line wpr-one-sided-timeline\"><div class=\"wpr-middle-line\"><\/div><div class=\"wpr-timeline-fill\" data-layout=\"one-sided\"><\/div><article class=\"wpr-timeline-entry wpr-right-aligned elementor-repeater-item-f94da51\" data-item-id=\"elementor-repeater-item-f94da51\"><div class=\"wpr-timeline-entry-inner\"><div class=\"wpr-main-line-icon wpr-icon\"><\/div><div class=\"wpr-story-info-vertical wpr-data-wrap \"  data-aos=\"fade\" data-aos-left=\"\" data-aos-right=\"\" data-animation-offset=\"150\" data-animation-duration=\"600\"><div class=\"wpr-timeline-content-wrapper\"><div class=\"wpr-content-wrapper\"><div class=\"wpr-description\"><table><tbody><tr><td><p>Farbe: Gr\u00fcn-schwarze Fl\u00fcssigkeit<\/p><\/td><td> <\/td><\/tr><\/tbody><\/table><table style=\"height: 124px\" width=\"238\"><tbody><tr><td><p>Viskosit\u00e4t 4 mm DIN-Becher 80 \u2013 120 s<\/p><\/td><td> <\/td><\/tr><\/tbody><\/table><table><tbody><tr><td><p>Viskosit\u00e4t, cps @ 25 \u00b0C (77 \u00b0F)<\/p><table><tbody><tr><td><p>  200 \u2013 800 mPas<\/p><\/td><\/tr><\/tbody><\/table><p>Brookfield SNB1<br>Spindel 2, 30 U\/min<\/p><\/td><td> <\/td><\/tr><\/tbody><\/table><\/div><\/div><\/div><\/div>\n\t\t\t\t\t\t<\/div>\n\t\t\t\t<\/article><article class=\"wpr-timeline-entry wpr-right-aligned elementor-repeater-item-2a37755\" data-item-id=\"elementor-repeater-item-2a37755\"><div class=\"wpr-timeline-entry-inner\"><div class=\"wpr-main-line-icon wpr-icon\"><\/div><div class=\"wpr-story-info-vertical wpr-data-wrap \"  data-aos=\"fade\" data-aos-left=\"\" data-aos-right=\"\" data-animation-offset=\"150\" data-animation-duration=\"600\"><div class=\"wpr-timeline-content-wrapper\"><div class=\"wpr-content-wrapper\"><div class=\"wpr-description\"><table><tbody><tr><td><p>Spezifisches Gewicht 0,98 \u2013 1,02 g\/cm\u00b3<\/p><\/td><td> <\/td><\/tr><\/tbody><\/table><table style=\"height: 172px\" width=\"201\"><tbody><tr><td><p>Festk\u00f6rpergehalt 22 \u2013 27 Gew.-%<\/p><\/td><td> <\/td><\/tr><\/tbody><\/table><table><tbody><tr><td><p>L\u00f6sungsmittel Xylol<\/p><\/td><td> <\/td><\/tr><\/tbody><\/table><p>*Die Daten sind typisch und nicht f\u00fcr Spezifikationszwecke zu verwenden.<\/p><\/div><\/div><\/div><\/div>\n\t\t\t\t\t\t<\/div>\n\t\t\t\t<\/article><\/div>    \n\t\t\t<\/div>\t\t\t\t<\/div>\n\t\t\t\t<div class=\"elementor-element elementor-element-e029327 elementor-widget elementor-widget-text-editor\" data-id=\"e029327\" data-element_type=\"widget\" data-e-type=\"widget\" data-widget_type=\"text-editor.default\">\n\t\t\t\t\t\t\t\t\t<p data-start=\"206\" data-end=\"644\">Da <strong data-start=\"209\" data-end=\"231\">KA&amp;MELOCK-Produkte<\/strong> vielf\u00e4ltig und vielseitig sind, k\u00f6nnen <strong data-start=\"259\" data-end=\"304\">verschiedene Applikationsmethoden und Ger\u00e4te<\/strong> eingesetzt werden. Keine einzelne Applikationsmethode ist einer anderen \u00fcberlegen; die Auswahl sollte auf der Grundlage des <strong data-start=\"408\" data-end=\"433\">Haftssystem-Typs<\/strong>, der <strong data-start=\"439\" data-end=\"464\">Art des Produkts<\/strong> und der <strong data-start=\"474\" data-end=\"498\">Oberfl\u00e4chenanforderungen<\/strong> erfolgen.<br data-start=\"499\" data-end=\"502\">Die KA&amp;MELOCK-Produktinformationen enthalten <strong data-start=\"541\" data-end=\"584\">Empfehlungen f\u00fcr die sachgem\u00e4\u00dfe Verwendung<\/strong> unserer Produkte gem\u00e4\u00df den verschiedenen Applikationsmethoden. <\/p><p data-start=\"646\" data-end=\"944\">Wir sind davon \u00fcberzeugt, dass <strong data-start=\"662\" data-end=\"709\">pr\u00e4zise Tests und Analysen unerl\u00e4sslich sind<\/strong>. Bei <strong data-start=\"714\" data-end=\"739\">GOTEC Bonding Systems<\/strong> werden alle KA&amp;MELOCK-Produkte in unseren Laboren getestet und dokumentiert. Dar\u00fcber hinaus unterst\u00fctzen unsere <strong data-start=\"828\" data-end=\"846\">F&amp;E-Aktivit\u00e4ten<\/strong> kontinuierlich die Produktentwicklung durch laufende Arbeiten in unseren Demo- und Testeinrichtungen.  <\/p><p data-start=\"946\" data-end=\"1057\">Steigern Sie den Wert Ihrer Produkte mit <strong data-start=\"987\" data-end=\"1008\">KA&amp;MELOCK-Qualit\u00e4t<\/strong>.<br data-start=\"1009\" data-end=\"1012\">Unsere Support-Teams stehen Ihnen jederzeit gerne zur Verf\u00fcgung.<\/p>\t\t\t\t\t\t\t\t<\/div>\n\t\t\t\t\t<\/div>\n\t\t<\/div>\n\t\t\t\t\t<\/div>\n\t\t<\/section>\n\t\t\t\t<\/div>\n\t\t\n    <div class=\"xs_social_share_widget xs_share_url after_content \t\tmain_content  wslu-style-1 wslu-share-box-shaped wslu-fill-colored wslu-none wslu-share-horizontal wslu-theme-font-no wslu-main_content\">\n\n\t\t\n        <ul>\n\t\t\t        <\/ul>\n    <\/div> \n","protected":false},"excerpt":{"rendered":"<p>KA&amp;MELOCK KM 25 KA&amp;MELOCK KM 25 ist ein Elastomer-Haftsystem, der f\u00fcr Decklack-Anwendungen geeignet ist. Er wird in Kombination mit KA&amp;MELOCK MP 05 Primer eingesetzt, wenn Hochtemperatur-Korrosionsbest\u00e4ndigkeit und dynamische Best\u00e4ndigkeit f\u00fcr die Verbindung verschiedener Elastomere mit Metall- und Kunststoffsubstraten w\u00e4hrend des Vulkanisationsprozesses erforderlich sind. Das Haftsystem besteht aus einer Mischung aus dispergierten Polymeren, Vernetzungsmitteln und Schwebstoffen in einem organischen L\u00f6sungsmittelsystem. KA&amp;MELOCK KM 25 erm\u00f6glicht die zuverl\u00e4ssige Bindung von Gummimischungen auf Basis von Naturkautschuk (NR), Polyisopren (IR), Polybutadien (BR), Styrol-Butadien (SBR), Nitrilkautschuk (NBR), Chloropren-Kautschuk (CR), Butylkautschuk (IIR), chlorsulfoniertem Polyethylen (CSM) und Ethylen-Propylen-Kautschuk (EPDM) an eine Vielzahl von Metall- und Kunststoffsubstraten w\u00e4hrend der Vulkanisation. PDF HERUNTERLADEN Technische Daten Farbe: Gr\u00fcn-schwarze Fl\u00fcssigkeit Viskosit\u00e4t 4 mm DIN-Becher 80 \u2013 120 s Viskosit\u00e4t, cps @ 25 \u00b0C (77 \u00b0F) 200 \u2013 800 mPas Brookfield SNB1Spindel 2, 30 U\/min Spezifisches Gewicht 0,98 \u2013 1,02 g\/cm\u00b3 Festk\u00f6rpergehalt 22 \u2013 27 Gew.-% L\u00f6sungsmittel Xylol *Die Daten sind typisch und nicht f\u00fcr Spezifikationszwecke zu verwenden. Da KA&amp;MELOCK-Produkte vielf\u00e4ltig und vielseitig sind, k\u00f6nnen verschiedene Applikationsmethoden und Ger\u00e4te eingesetzt werden. Keine einzelne Applikationsmethode ist einer anderen \u00fcberlegen; die Auswahl sollte auf der Grundlage des Haftssystem-Typs, der Art des Produkts und der Oberfl\u00e4chenanforderungen erfolgen.Die KA&amp;MELOCK-Produktinformationen enthalten Empfehlungen f\u00fcr die sachgem\u00e4\u00dfe Verwendung unserer Produkte gem\u00e4\u00df den verschiedenen Applikationsmethoden. Wir sind davon \u00fcberzeugt, dass pr\u00e4zise Tests und Analysen unerl\u00e4sslich sind. Bei GOTEC Bonding Systems werden alle KA&amp;MELOCK-Produkte in unseren Laboren getestet und dokumentiert. Dar\u00fcber hinaus unterst\u00fctzen unsere F&amp;E-Aktivit\u00e4ten kontinuierlich die Produktentwicklung durch laufende Arbeiten in unseren Demo- und Testeinrichtungen. Steigern Sie den Wert Ihrer Produkte mit KA&amp;MELOCK-Qualit\u00e4t.Unsere Support-Teams stehen Ihnen jederzeit gerne zur Verf\u00fcgung.<\/p>\n","protected":false},"author":1,"featured_media":0,"parent":0,"menu_order":0,"comment_status":"closed","ping_status":"closed","template":"","meta":{"postBodyCss":"","postBodyMargin":[],"postBodyPadding":[],"postBodyBackground":{"backgroundType":"classic","gradient":""},"inspiro_hide_title":false,"footnotes":""},"class_list":["post-8934","page","type-page","status-publish","hentry"],"yoast_head":"<!-- This site is optimized with the Yoast SEO plugin v27.4 - https:\/\/yoast.com\/product\/yoast-seo-wordpress\/ -->\n<title>KA&amp;MELOCK KM 25 | Haftsystem f\u00fcr Decklacke<\/title>\n<meta name=\"description\" content=\"KA&amp;MELOCK KM 25 Decklack-Haftsysteme f\u00fcr dauerhafte Elastomer-Metall-Verbindungen. Zur Verwendung mit MP 05 f\u00fcr Hochtemperaturleistung.\" \/>\n<meta name=\"robots\" content=\"index, follow, max-snippet:-1, max-image-preview:large, max-video-preview:-1\" \/>\n<link rel=\"canonical\" href=\"https:\/\/gotec-bonding-agent-systems.com\/de\/kamelock-km-25\/\" \/>\n<meta property=\"og:locale\" content=\"de_DE\" \/>\n<meta property=\"og:type\" content=\"article\" \/>\n<meta property=\"og:title\" content=\"KA&amp;MELOCK KM 25 | Haftsystem f\u00fcr Decklacke\" \/>\n<meta property=\"og:description\" content=\"KA&amp;MELOCK KM 25 Decklack-Haftsysteme f\u00fcr dauerhafte Elastomer-Metall-Verbindungen. Zur Verwendung mit MP 05 f\u00fcr Hochtemperaturleistung.\" \/>\n<meta property=\"og:url\" content=\"https:\/\/gotec-bonding-agent-systems.com\/de\/kamelock-km-25\/\" \/>\n<meta property=\"og:site_name\" content=\"GOTEC Bonding Systems\" \/>\n<meta property=\"article:modified_time\" content=\"2026-04-03T13:53:50+00:00\" \/>\n<meta property=\"og:image\" content=\"https:\/\/gotec-bonding-agent-systems.com\/wp-content\/uploads\/2026\/02\/KAMELOCK-KM-25.png\" \/>\n\t<meta property=\"og:image:width\" content=\"1536\" \/>\n\t<meta property=\"og:image:height\" content=\"1024\" \/>\n\t<meta property=\"og:image:type\" content=\"image\/png\" \/>\n<meta name=\"twitter:card\" content=\"summary_large_image\" \/>\n<meta name=\"twitter:label1\" content=\"Gesch\u00e4tzte Lesezeit\" \/>\n\t<meta name=\"twitter:data1\" content=\"2\u00a0Minuten\" \/>\n<script type=\"application\/ld+json\" class=\"yoast-schema-graph\">{\"@context\":\"https:\\\/\\\/schema.org\",\"@graph\":[{\"@type\":\"WebPage\",\"@id\":\"https:\\\/\\\/gotec-bonding-agent-systems.com\\\/de\\\/kamelock-km-25\\\/\",\"url\":\"https:\\\/\\\/gotec-bonding-agent-systems.com\\\/de\\\/kamelock-km-25\\\/\",\"name\":\"KA&MELOCK KM 25 | Haftsystem f\u00fcr Decklacke\",\"isPartOf\":{\"@id\":\"https:\\\/\\\/gotec-bonding-agent-systems.com\\\/#website\"},\"primaryImageOfPage\":{\"@id\":\"https:\\\/\\\/gotec-bonding-agent-systems.com\\\/de\\\/kamelock-km-25\\\/#primaryimage\"},\"image\":{\"@id\":\"https:\\\/\\\/gotec-bonding-agent-systems.com\\\/de\\\/kamelock-km-25\\\/#primaryimage\"},\"thumbnailUrl\":\"https:\\\/\\\/gotec-bonding-agent-systems.com\\\/wp-content\\\/uploads\\\/2026\\\/02\\\/KAMELOCK-KM-25-1024x683.png\",\"datePublished\":\"2026-01-23T18:57:22+00:00\",\"dateModified\":\"2026-04-03T13:53:50+00:00\",\"description\":\"KA&MELOCK KM 25 Decklack-Haftsysteme f\u00fcr dauerhafte Elastomer-Metall-Verbindungen. Zur Verwendung mit MP 05 f\u00fcr Hochtemperaturleistung.\",\"breadcrumb\":{\"@id\":\"https:\\\/\\\/gotec-bonding-agent-systems.com\\\/de\\\/kamelock-km-25\\\/#breadcrumb\"},\"inLanguage\":\"de\",\"potentialAction\":[{\"@type\":\"ReadAction\",\"target\":[\"https:\\\/\\\/gotec-bonding-agent-systems.com\\\/de\\\/kamelock-km-25\\\/\"]}]},{\"@type\":\"ImageObject\",\"inLanguage\":\"de\",\"@id\":\"https:\\\/\\\/gotec-bonding-agent-systems.com\\\/de\\\/kamelock-km-25\\\/#primaryimage\",\"url\":\"https:\\\/\\\/gotec-bonding-agent-systems.com\\\/wp-content\\\/uploads\\\/2026\\\/02\\\/KAMELOCK-KM-25-1024x683.png\",\"contentUrl\":\"https:\\\/\\\/gotec-bonding-agent-systems.com\\\/wp-content\\\/uploads\\\/2026\\\/02\\\/KAMELOCK-KM-25-1024x683.png\"},{\"@type\":\"BreadcrumbList\",\"@id\":\"https:\\\/\\\/gotec-bonding-agent-systems.com\\\/de\\\/kamelock-km-25\\\/#breadcrumb\",\"itemListElement\":[{\"@type\":\"ListItem\",\"position\":1,\"name\":\"Start\",\"item\":\"https:\\\/\\\/gotec-bonding-agent-systems.com\\\/de\\\/\"},{\"@type\":\"ListItem\",\"position\":2,\"name\":\"KA&amp;MELOCK KM 25 &#8211; Elastomer-Haftsystem f\u00fcr\u00a0Decklack-Anwendungen\"}]},{\"@type\":\"WebSite\",\"@id\":\"https:\\\/\\\/gotec-bonding-agent-systems.com\\\/#website\",\"url\":\"https:\\\/\\\/gotec-bonding-agent-systems.com\\\/\",\"name\":\"GOTEC Bonding Systems\",\"description\":\"\",\"publisher\":{\"@id\":\"https:\\\/\\\/gotec-bonding-agent-systems.com\\\/#organization\"},\"potentialAction\":[{\"@type\":\"SearchAction\",\"target\":{\"@type\":\"EntryPoint\",\"urlTemplate\":\"https:\\\/\\\/gotec-bonding-agent-systems.com\\\/?s={search_term_string}\"},\"query-input\":{\"@type\":\"PropertyValueSpecification\",\"valueRequired\":true,\"valueName\":\"search_term_string\"}}],\"inLanguage\":\"de\"},{\"@type\":\"Organization\",\"@id\":\"https:\\\/\\\/gotec-bonding-agent-systems.com\\\/#organization\",\"name\":\"GOTEC Bonding Systems\",\"url\":\"https:\\\/\\\/gotec-bonding-agent-systems.com\\\/\",\"logo\":{\"@type\":\"ImageObject\",\"inLanguage\":\"de\",\"@id\":\"https:\\\/\\\/gotec-bonding-agent-systems.com\\\/#\\\/schema\\\/logo\\\/image\\\/\",\"url\":\"https:\\\/\\\/gotec-bonding-agent-systems.com\\\/wp-content\\\/uploads\\\/2025\\\/11\\\/cropped-GOTEC_Bonding_Systems_Logo.png\",\"contentUrl\":\"https:\\\/\\\/gotec-bonding-agent-systems.com\\\/wp-content\\\/uploads\\\/2025\\\/11\\\/cropped-GOTEC_Bonding_Systems_Logo.png\",\"width\":2122,\"height\":1287,\"caption\":\"GOTEC Bonding Systems\"},\"image\":{\"@id\":\"https:\\\/\\\/gotec-bonding-agent-systems.com\\\/#\\\/schema\\\/logo\\\/image\\\/\"}}]}<\/script>\n<!-- \/ Yoast SEO plugin. -->","yoast_head_json":{"title":"KA&MELOCK KM 25 | Haftsystem f\u00fcr Decklacke","description":"KA&MELOCK KM 25 Decklack-Haftsysteme f\u00fcr dauerhafte Elastomer-Metall-Verbindungen. Zur Verwendung mit MP 05 f\u00fcr Hochtemperaturleistung.","robots":{"index":"index","follow":"follow","max-snippet":"max-snippet:-1","max-image-preview":"max-image-preview:large","max-video-preview":"max-video-preview:-1"},"canonical":"https:\/\/gotec-bonding-agent-systems.com\/de\/kamelock-km-25\/","og_locale":"de_DE","og_type":"article","og_title":"KA&MELOCK KM 25 | Haftsystem f\u00fcr Decklacke","og_description":"KA&MELOCK KM 25 Decklack-Haftsysteme f\u00fcr dauerhafte Elastomer-Metall-Verbindungen. Zur Verwendung mit MP 05 f\u00fcr Hochtemperaturleistung.","og_url":"https:\/\/gotec-bonding-agent-systems.com\/de\/kamelock-km-25\/","og_site_name":"GOTEC Bonding Systems","article_modified_time":"2026-04-03T13:53:50+00:00","og_image":[{"width":1536,"height":1024,"url":"https:\/\/gotec-bonding-agent-systems.com\/wp-content\/uploads\/2026\/02\/KAMELOCK-KM-25.png","type":"image\/png"}],"twitter_card":"summary_large_image","twitter_misc":{"Gesch\u00e4tzte Lesezeit":"2\u00a0Minuten"},"schema":{"@context":"https:\/\/schema.org","@graph":[{"@type":"WebPage","@id":"https:\/\/gotec-bonding-agent-systems.com\/de\/kamelock-km-25\/","url":"https:\/\/gotec-bonding-agent-systems.com\/de\/kamelock-km-25\/","name":"KA&MELOCK KM 25 | Haftsystem f\u00fcr Decklacke","isPartOf":{"@id":"https:\/\/gotec-bonding-agent-systems.com\/#website"},"primaryImageOfPage":{"@id":"https:\/\/gotec-bonding-agent-systems.com\/de\/kamelock-km-25\/#primaryimage"},"image":{"@id":"https:\/\/gotec-bonding-agent-systems.com\/de\/kamelock-km-25\/#primaryimage"},"thumbnailUrl":"https:\/\/gotec-bonding-agent-systems.com\/wp-content\/uploads\/2026\/02\/KAMELOCK-KM-25-1024x683.png","datePublished":"2026-01-23T18:57:22+00:00","dateModified":"2026-04-03T13:53:50+00:00","description":"KA&MELOCK KM 25 Decklack-Haftsysteme f\u00fcr dauerhafte Elastomer-Metall-Verbindungen. Zur Verwendung mit MP 05 f\u00fcr Hochtemperaturleistung.","breadcrumb":{"@id":"https:\/\/gotec-bonding-agent-systems.com\/de\/kamelock-km-25\/#breadcrumb"},"inLanguage":"de","potentialAction":[{"@type":"ReadAction","target":["https:\/\/gotec-bonding-agent-systems.com\/de\/kamelock-km-25\/"]}]},{"@type":"ImageObject","inLanguage":"de","@id":"https:\/\/gotec-bonding-agent-systems.com\/de\/kamelock-km-25\/#primaryimage","url":"https:\/\/gotec-bonding-agent-systems.com\/wp-content\/uploads\/2026\/02\/KAMELOCK-KM-25-1024x683.png","contentUrl":"https:\/\/gotec-bonding-agent-systems.com\/wp-content\/uploads\/2026\/02\/KAMELOCK-KM-25-1024x683.png"},{"@type":"BreadcrumbList","@id":"https:\/\/gotec-bonding-agent-systems.com\/de\/kamelock-km-25\/#breadcrumb","itemListElement":[{"@type":"ListItem","position":1,"name":"Start","item":"https:\/\/gotec-bonding-agent-systems.com\/de\/"},{"@type":"ListItem","position":2,"name":"KA&amp;MELOCK KM 25 &#8211; Elastomer-Haftsystem f\u00fcr\u00a0Decklack-Anwendungen"}]},{"@type":"WebSite","@id":"https:\/\/gotec-bonding-agent-systems.com\/#website","url":"https:\/\/gotec-bonding-agent-systems.com\/","name":"GOTEC Bonding Systems","description":"","publisher":{"@id":"https:\/\/gotec-bonding-agent-systems.com\/#organization"},"potentialAction":[{"@type":"SearchAction","target":{"@type":"EntryPoint","urlTemplate":"https:\/\/gotec-bonding-agent-systems.com\/?s={search_term_string}"},"query-input":{"@type":"PropertyValueSpecification","valueRequired":true,"valueName":"search_term_string"}}],"inLanguage":"de"},{"@type":"Organization","@id":"https:\/\/gotec-bonding-agent-systems.com\/#organization","name":"GOTEC Bonding Systems","url":"https:\/\/gotec-bonding-agent-systems.com\/","logo":{"@type":"ImageObject","inLanguage":"de","@id":"https:\/\/gotec-bonding-agent-systems.com\/#\/schema\/logo\/image\/","url":"https:\/\/gotec-bonding-agent-systems.com\/wp-content\/uploads\/2025\/11\/cropped-GOTEC_Bonding_Systems_Logo.png","contentUrl":"https:\/\/gotec-bonding-agent-systems.com\/wp-content\/uploads\/2025\/11\/cropped-GOTEC_Bonding_Systems_Logo.png","width":2122,"height":1287,"caption":"GOTEC Bonding Systems"},"image":{"@id":"https:\/\/gotec-bonding-agent-systems.com\/#\/schema\/logo\/image\/"}}]}},"featured_media_urls":[],"_links":{"self":[{"href":"https:\/\/gotec-bonding-agent-systems.com\/de\/wp-json\/wp\/v2\/pages\/8934","targetHints":{"allow":["GET"]}}],"collection":[{"href":"https:\/\/gotec-bonding-agent-systems.com\/de\/wp-json\/wp\/v2\/pages"}],"about":[{"href":"https:\/\/gotec-bonding-agent-systems.com\/de\/wp-json\/wp\/v2\/types\/page"}],"author":[{"embeddable":true,"href":"https:\/\/gotec-bonding-agent-systems.com\/de\/wp-json\/wp\/v2\/users\/1"}],"replies":[{"embeddable":true,"href":"https:\/\/gotec-bonding-agent-systems.com\/de\/wp-json\/wp\/v2\/comments?post=8934"}],"version-history":[{"count":9,"href":"https:\/\/gotec-bonding-agent-systems.com\/de\/wp-json\/wp\/v2\/pages\/8934\/revisions"}],"predecessor-version":[{"id":9401,"href":"https:\/\/gotec-bonding-agent-systems.com\/de\/wp-json\/wp\/v2\/pages\/8934\/revisions\/9401"}],"wp:attachment":[{"href":"https:\/\/gotec-bonding-agent-systems.com\/de\/wp-json\/wp\/v2\/media?parent=8934"}],"curies":[{"name":"wp","href":"https:\/\/api.w.org\/{rel}","templated":true}]}}