{"id":8958,"date":"2026-01-23T18:48:49","date_gmt":"2026-01-23T18:48:49","guid":{"rendered":"https:\/\/gotec-bonding-agent-systems.com\/kamelock-km-36-w\/"},"modified":"2026-04-05T10:33:41","modified_gmt":"2026-04-05T10:33:41","slug":"kamelock-km-36-w","status":"publish","type":"page","link":"https:\/\/gotec-bonding-agent-systems.com\/de\/kamelock-km-36-w\/","title":{"rendered":"KA&amp;MELOCK KM 36 W \u2013 Ein-Schicht-Haftsystem"},"content":{"rendered":"\t\t<div data-elementor-type=\"wp-page\" data-elementor-id=\"8958\" class=\"elementor elementor-8958 elementor-7861\">\n\t\t\t\t<div class=\"elementor-element elementor-element-8e536b6 e-flex e-con-boxed wpr-particle-no wpr-jarallax-no wpr-parallax-no wpr-sticky-section-no wpr-equal-height-no e-con e-parent\" data-id=\"8e536b6\" data-element_type=\"container\" data-e-type=\"container\" data-settings=\"{&quot;background_background&quot;:&quot;classic&quot;}\">\n\t\t\t\t\t<div class=\"e-con-inner\">\n\t\t<div class=\"elementor-element elementor-element-db8c0e1 e-con-full e-flex wpr-particle-no wpr-jarallax-no wpr-parallax-no wpr-sticky-section-no wpr-equal-height-no e-con e-child\" data-id=\"db8c0e1\" data-element_type=\"container\" data-e-type=\"container\">\n\t\t\t\t<div class=\"elementor-element elementor-element-96c40bc elementor-widget elementor-widget-elementskit-heading\" data-id=\"96c40bc\" data-element_type=\"widget\" data-e-type=\"widget\" data-widget_type=\"elementskit-heading.default\">\n\t\t\t\t\t<div class=\"ekit-wid-con\" ><div class=\"ekit-heading elementskit-section-title-wraper text_left   ekit_heading_tablet-   ekit_heading_mobile-\"><h2 class=\"ekit-heading--title elementskit-section-title \">KA&amp;MELOCK KM 36 W<\/h2>\t\t\t\t<div class='ekit-heading__description'>\n\t\t\t\t\t<p><strong>KA&amp;MELOCK KM 36 W<\/strong> ist ein <strong>Ein-Schicht-Haftsystem<\/strong>, der f\u00fcr die Verklebung von Acrylatkautschuk (ACM), Ethylen-Acrylat-Kautschuk (AEM \u201eVAMAC\u201c), Epichlorhydrin-Kautschuk (ECO), hydriertem Nitrilkautschuk (HNBR) und Nitrilkautschuk (NBR) auf <strong>Metallsubstraten<\/strong> entwickelt wurde.<\/p>\n<p>Die Haftung zwischen der Gummimischung und dem Metall entsteht w\u00e4hrend des <strong>Vulkanisationsprozesses<\/strong>. Vor der Applikation werden Metallteile <strong>chemisch oder mechanisch vorbehandelt<\/strong>. Nach dem Beschichten der Oberfl\u00e4che mit KA&amp;MELOCK KM 36 W und dem Trocknen des Films entwickelt sich die Haftung w\u00e4hrend der Vulkanisation in der Presse.  <\/p>\n<p>KA&amp;MELOCK KM 36 W eignet sich besonders f\u00fcr die <strong>Herstellung von Dichtungskomponenten<\/strong>.<\/p>\n\t\t\t\t<\/div>\n\t\t\t<\/div><\/div>\t\t\t\t<\/div>\n\t\t\t\t<\/div>\n\t\t<div class=\"elementor-element elementor-element-8861184 e-con-full e-flex wpr-particle-no wpr-jarallax-no wpr-parallax-no wpr-sticky-section-no wpr-equal-height-no e-con e-child\" data-id=\"8861184\" data-element_type=\"container\" data-e-type=\"container\">\n\t\t\t\t<div class=\"elementor-element elementor-element-ea4073c elementor-widget elementor-widget-image\" data-id=\"ea4073c\" data-element_type=\"widget\" data-e-type=\"widget\" data-widget_type=\"image.default\">\n\t\t\t\t\t\t\t\t\t\t\t\t\t\t\t<img fetchpriority=\"high\" decoding=\"async\" width=\"683\" height=\"1024\" src=\"https:\/\/gotec-bonding-agent-systems.com\/wp-content\/uploads\/2026\/02\/KAMELOCK-KM-36-W-683x1024.png\" class=\"attachment-large size-large wp-image-8960\" alt=\"KA&amp;MELOCK KM 36 W\" srcset=\"https:\/\/gotec-bonding-agent-systems.com\/wp-content\/uploads\/2026\/02\/KAMELOCK-KM-36-W-683x1024.png 683w, https:\/\/gotec-bonding-agent-systems.com\/wp-content\/uploads\/2026\/02\/KAMELOCK-KM-36-W-200x300.png 200w, https:\/\/gotec-bonding-agent-systems.com\/wp-content\/uploads\/2026\/02\/KAMELOCK-KM-36-W-600x900.png 600w, https:\/\/gotec-bonding-agent-systems.com\/wp-content\/uploads\/2026\/02\/KAMELOCK-KM-36-W.png 1024w\" sizes=\"100vw\" \/>\t\t\t\t\t\t\t\t\t\t\t\t\t\t\t<\/div>\n\t\t\t\t<div class=\"elementor-element elementor-element-ba9551b elementor-widget elementor-widget-spacer\" data-id=\"ba9551b\" data-element_type=\"widget\" data-e-type=\"widget\" data-widget_type=\"spacer.default\">\n\t\t\t\t\t\t\t<div class=\"elementor-spacer\">\n\t\t\t<div class=\"elementor-spacer-inner\"><\/div>\n\t\t<\/div>\n\t\t\t\t\t\t<\/div>\n\t\t\t\t<div class=\"elementor-element elementor-element-16a8fa5 elementor-widget elementor-widget-button\" data-id=\"16a8fa5\" data-element_type=\"widget\" data-e-type=\"widget\" data-widget_type=\"button.default\">\n\t\t\t\t\t\t\t\t\t\t<a class=\"elementor-button elementor-button-link elementor-size-sm\" href=\"#\">\n\t\t\t\t\t\t<span class=\"elementor-button-content-wrapper\">\n\t\t\t\t\t\t\t\t\t<span class=\"elementor-button-text\">PDF HERUNTERLADEN<\/span>\n\t\t\t\t\t<\/span>\n\t\t\t\t\t<\/a>\n\t\t\t\t\t\t\t\t<\/div>\n\t\t\t\t<\/div>\n\t\t\t\t\t<\/div>\n\t\t\t\t<\/div>\n\t\t\t\t<section class=\"elementor-section elementor-top-section elementor-element elementor-element-ab58b22 elementor-section-boxed elementor-section-height-default elementor-section-height-default wpr-particle-no wpr-jarallax-no wpr-parallax-no wpr-sticky-section-no wpr-equal-height-no\" data-id=\"ab58b22\" data-element_type=\"section\" data-e-type=\"section\">\n\t\t\t\t\t\t<div class=\"elementor-container elementor-column-gap-default\">\n\t\t\t\t\t<div class=\"elementor-column elementor-col-100 elementor-top-column elementor-element elementor-element-9379605\" data-id=\"9379605\" data-element_type=\"column\" data-e-type=\"column\">\n\t\t\t<div class=\"elementor-widget-wrap elementor-element-populated\">\n\t\t\t\t\t\t<div class=\"elementor-element elementor-element-10f4094 elementor-widget elementor-widget-heading\" data-id=\"10f4094\" data-element_type=\"widget\" data-e-type=\"widget\" data-widget_type=\"heading.default\">\n\t\t\t\t\t<h2 class=\"elementor-heading-title elementor-size-default\">Technische Daten<\/h2>\t\t\t\t<\/div>\n\t\t\t\t<div class=\"elementor-element elementor-element-afc6d2e wpr-list-style-none elementor-widget elementor-widget-wpr-posts-timeline\" data-id=\"afc6d2e\" data-element_type=\"widget\" data-e-type=\"widget\" data-settings=\"{&quot;animation_offset&quot;:150,&quot;aos_animation_duration&quot;:600}\" data-widget_type=\"wpr-posts-timeline.default\">\n\t\t\t\t\t\n\t\t<div class=\"wpr-wrapper wpr-vertical wpr-one-sided-wrapper\">\n\t\t\t<div class=\"wpr-timeline-centered wpr-line wpr-one-sided-timeline\"><div class=\"wpr-middle-line\"><\/div><div class=\"wpr-timeline-fill\" data-layout=\"one-sided\"><\/div><article class=\"wpr-timeline-entry wpr-right-aligned elementor-repeater-item-f94da51\" data-item-id=\"elementor-repeater-item-f94da51\"><div class=\"wpr-timeline-entry-inner\"><div class=\"wpr-main-line-icon wpr-icon\"><\/div><div class=\"wpr-story-info-vertical wpr-data-wrap \"  data-aos=\"fade\" data-aos-left=\"\" data-aos-right=\"\" data-animation-offset=\"150\" data-animation-duration=\"600\"><div class=\"wpr-timeline-content-wrapper\"><div class=\"wpr-content-wrapper\"><div class=\"wpr-description\"><table><tbody><tr><td><p>Farbe: braune Fl\u00fcssigkeit<\/p><\/td><td> <\/td><\/tr><\/tbody><\/table><table style=\"height: 124px\" width=\"238\"><tbody><tr><td><p>Viskosit\u00e4t 4 mm DIN-Becher 9\u201313 s<\/p><\/td><td> <\/td><\/tr><\/tbody><\/table><table><tbody><tr><td><p>Viskosit\u00e4t, cps bei 25\u00b0C (77\u00b0F)<\/p><table><tbody><tr><td><p> 50\u2013120 mPas<\/p><\/td><\/tr><\/tbody><\/table><p>Brookfield SNB1<br>Spindel 2, 30 U\/min<\/p><\/td><td> <\/td><\/tr><\/tbody><\/table><\/div><\/div><\/div><\/div>\n\t\t\t\t\t\t<\/div>\n\t\t\t\t<\/article><article class=\"wpr-timeline-entry wpr-right-aligned elementor-repeater-item-2a37755\" data-item-id=\"elementor-repeater-item-2a37755\"><div class=\"wpr-timeline-entry-inner\"><div class=\"wpr-main-line-icon wpr-icon\"><\/div><div class=\"wpr-story-info-vertical wpr-data-wrap \"  data-aos=\"fade\" data-aos-left=\"\" data-aos-right=\"\" data-animation-offset=\"150\" data-animation-duration=\"600\"><div class=\"wpr-timeline-content-wrapper\"><div class=\"wpr-content-wrapper\"><div class=\"wpr-description\"><table><tbody><tr><td><p>Spezifisches Gewicht 0,96\u20130,98 g\/cm\u00b3<\/p><\/td><td> <\/td><\/tr><\/tbody><\/table><table style=\"height: 172px\" width=\"201\"><tbody><tr><td><p>Feststoffgehalt 20\u201326 % nach Gewicht<\/p><\/td><td> <\/td><\/tr><\/tbody><\/table><table><tbody><tr><td><p>L\u00f6sungsmittel Methylisobutylketon (MIBK), Ethanol<\/p><\/td><td> <\/td><\/tr><\/tbody><\/table><p>*Die Daten sind typische Werte und nicht f\u00fcr Spezifikationszwecke zu verwenden.<\/p><\/div><\/div><\/div><\/div>\n\t\t\t\t\t\t<\/div>\n\t\t\t\t<\/article><\/div>    \n\t\t\t<\/div>\t\t\t\t<\/div>\n\t\t\t\t<div class=\"elementor-element elementor-element-f96526c elementor-widget elementor-widget-text-editor\" data-id=\"f96526c\" data-element_type=\"widget\" data-e-type=\"widget\" data-widget_type=\"text-editor.default\">\n\t\t\t\t\t\t\t\t\t<p data-start=\"183\" data-end=\"430\"><strong data-start=\"183\" data-end=\"208\">GOTEC Bonding Systems<\/strong> verpflichtet sich, seinen Kunden die h\u00f6chstm\u00f6gliche Qualit\u00e4t zu liefern. Ein strukturiertes und zuverl\u00e4ssiges Qualit\u00e4tsmanagementsystem stellt sicher, dass alle Produkte die Leistungsanforderungen und Kundenerwartungen stets erf\u00fcllen. <\/p><p data-start=\"432\" data-end=\"703\">Unsere <strong data-start=\"436\" data-end=\"467\">Elastomer-Haftl\u00f6sungen<\/strong> schaffen zuverl\u00e4ssigen Mehrwert f\u00fcr Ihr Unternehmen und gew\u00e4hrleisten einen <strong data-start=\"514\" data-end=\"579\">st\u00f6rungsfreien Betrieb in allen Branchen und Anwendungen<\/strong>.<br data-start=\"580\" data-end=\"583\">Steigern Sie den Wert Ihrer Produkte mit <strong data-start=\"624\" data-end=\"645\">KA&amp;MELOCK Qualit\u00e4t<\/strong> \u2013 unsere technischen Support-Teams stehen Ihnen jederzeit zur Verf\u00fcgung.<\/p><p data-start=\"705\" data-end=\"994\">Wir sind \u00fcberzeugt, dass <strong data-start=\"721\" data-end=\"768\">pr\u00e4zise Pr\u00fcfungen und Analysen unerl\u00e4sslich sind<\/strong>. Alle KA&amp;MELOCK Produkte werden in unseren Laboren umfassend gepr\u00fcft und dokumentiert. Dar\u00fcber hinaus unterst\u00fctzen unsere <strong data-start=\"868\" data-end=\"886\">F&amp;E-Aktivit\u00e4ten<\/strong> kontinuierlich die Produktentwicklung und -optimierung in unseren eigenen Demo- und Pr\u00fcfeinrichtungen.  <\/p>\t\t\t\t\t\t\t\t<\/div>\n\t\t\t\t\t<\/div>\n\t\t<\/div>\n\t\t\t\t\t<\/div>\n\t\t<\/section>\n\t\t\t\t<\/div>\n\t\t\n    <div class=\"xs_social_share_widget xs_share_url after_content \t\tmain_content  wslu-style-1 wslu-share-box-shaped wslu-fill-colored wslu-none wslu-share-horizontal wslu-theme-font-no wslu-main_content\">\n\n\t\t\n        <ul>\n\t\t\t        <\/ul>\n    <\/div> \n","protected":false},"excerpt":{"rendered":"<p>KA&amp;MELOCK KM 36 W KA&amp;MELOCK KM 36 W ist ein Ein-Schicht-Haftsystem, der f\u00fcr die Verklebung von Acrylatkautschuk (ACM), Ethylen-Acrylat-Kautschuk (AEM \u201eVAMAC\u201c), Epichlorhydrin-Kautschuk (ECO), hydriertem Nitrilkautschuk (HNBR) und Nitrilkautschuk (NBR) auf Metallsubstraten entwickelt wurde. Die Haftung zwischen der Gummimischung und dem Metall entsteht w\u00e4hrend des Vulkanisationsprozesses. Vor der Applikation werden Metallteile chemisch oder mechanisch vorbehandelt. Nach dem Beschichten der Oberfl\u00e4che mit KA&amp;MELOCK KM 36 W und dem Trocknen des Films entwickelt sich die Haftung w\u00e4hrend der Vulkanisation in der Presse. KA&amp;MELOCK KM 36 W eignet sich besonders f\u00fcr die Herstellung von Dichtungskomponenten. PDF HERUNTERLADEN Technische Daten Farbe: braune Fl\u00fcssigkeit Viskosit\u00e4t 4 mm DIN-Becher 9\u201313 s Viskosit\u00e4t, cps bei 25\u00b0C (77\u00b0F) 50\u2013120 mPas Brookfield SNB1Spindel 2, 30 U\/min Spezifisches Gewicht 0,96\u20130,98 g\/cm\u00b3 Feststoffgehalt 20\u201326 % nach Gewicht L\u00f6sungsmittel Methylisobutylketon (MIBK), Ethanol *Die Daten sind typische Werte und nicht f\u00fcr Spezifikationszwecke zu verwenden. GOTEC Bonding Systems verpflichtet sich, seinen Kunden die h\u00f6chstm\u00f6gliche Qualit\u00e4t zu liefern. Ein strukturiertes und zuverl\u00e4ssiges Qualit\u00e4tsmanagementsystem stellt sicher, dass alle Produkte die Leistungsanforderungen und Kundenerwartungen stets erf\u00fcllen. Unsere Elastomer-Haftl\u00f6sungen schaffen zuverl\u00e4ssigen Mehrwert f\u00fcr Ihr Unternehmen und gew\u00e4hrleisten einen st\u00f6rungsfreien Betrieb in allen Branchen und Anwendungen.Steigern Sie den Wert Ihrer Produkte mit KA&amp;MELOCK Qualit\u00e4t \u2013 unsere technischen Support-Teams stehen Ihnen jederzeit zur Verf\u00fcgung. Wir sind \u00fcberzeugt, dass pr\u00e4zise Pr\u00fcfungen und Analysen unerl\u00e4sslich sind. Alle KA&amp;MELOCK Produkte werden in unseren Laboren umfassend gepr\u00fcft und dokumentiert. Dar\u00fcber hinaus unterst\u00fctzen unsere F&amp;E-Aktivit\u00e4ten kontinuierlich die Produktentwicklung und -optimierung in unseren eigenen Demo- und Pr\u00fcfeinrichtungen.<\/p>\n","protected":false},"author":1,"featured_media":0,"parent":0,"menu_order":0,"comment_status":"closed","ping_status":"closed","template":"","meta":{"postBodyCss":"","postBodyMargin":[],"postBodyPadding":[],"postBodyBackground":{"backgroundType":"classic","gradient":""},"inspiro_hide_title":false,"footnotes":""},"class_list":["post-8958","page","type-page","status-publish","hentry"],"yoast_head":"<!-- This site is optimized with the Yoast SEO plugin v27.4 - https:\/\/yoast.com\/product\/yoast-seo-wordpress\/ -->\n<title>KA&amp;MELOCK KM 36 W \u2013 Ein-Schicht-Haftsystem<\/title>\n<meta name=\"description\" content=\"KA&amp;MELOCK KM 36 W Ein-Schicht-Haftsystem f\u00fcr ACM, AEM (VAMAC), ECO, HNBR und NBR auf Metall \u2013 ideal f\u00fcr Dichtungen.\" \/>\n<meta name=\"robots\" content=\"index, follow, max-snippet:-1, max-image-preview:large, max-video-preview:-1\" \/>\n<link rel=\"canonical\" href=\"https:\/\/gotec-bonding-agent-systems.com\/de\/kamelock-km-36-w\/\" \/>\n<meta property=\"og:locale\" content=\"de_DE\" \/>\n<meta property=\"og:type\" content=\"article\" \/>\n<meta property=\"og:title\" content=\"KA&amp;MELOCK KM 36 W \u2013 Ein-Schicht-Haftsystem\" \/>\n<meta property=\"og:description\" content=\"KA&amp;MELOCK KM 36 W Ein-Schicht-Haftsystem f\u00fcr ACM, AEM (VAMAC), ECO, HNBR und NBR auf Metall \u2013 ideal f\u00fcr Dichtungen.\" \/>\n<meta property=\"og:url\" content=\"https:\/\/gotec-bonding-agent-systems.com\/de\/kamelock-km-36-w\/\" \/>\n<meta property=\"og:site_name\" content=\"GOTEC Bonding Systems\" \/>\n<meta property=\"article:modified_time\" content=\"2026-04-05T10:33:41+00:00\" \/>\n<meta property=\"og:image\" content=\"https:\/\/gotec-bonding-agent-systems.com\/wp-content\/uploads\/2026\/02\/KAMELOCK-KM-36-W-683x1024.png\" \/>\n<meta name=\"twitter:card\" content=\"summary_large_image\" \/>\n<meta name=\"twitter:label1\" content=\"Gesch\u00e4tzte Lesezeit\" \/>\n\t<meta name=\"twitter:data1\" content=\"2\u00a0Minuten\" \/>\n<script type=\"application\/ld+json\" class=\"yoast-schema-graph\">{\"@context\":\"https:\\\/\\\/schema.org\",\"@graph\":[{\"@type\":\"WebPage\",\"@id\":\"https:\\\/\\\/gotec-bonding-agent-systems.com\\\/de\\\/kamelock-km-36-w\\\/\",\"url\":\"https:\\\/\\\/gotec-bonding-agent-systems.com\\\/de\\\/kamelock-km-36-w\\\/\",\"name\":\"KA&amp;MELOCK KM 36 W \u2013 Ein-Schicht-Haftsystem\",\"isPartOf\":{\"@id\":\"https:\\\/\\\/gotec-bonding-agent-systems.com\\\/#website\"},\"primaryImageOfPage\":{\"@id\":\"https:\\\/\\\/gotec-bonding-agent-systems.com\\\/de\\\/kamelock-km-36-w\\\/#primaryimage\"},\"image\":{\"@id\":\"https:\\\/\\\/gotec-bonding-agent-systems.com\\\/de\\\/kamelock-km-36-w\\\/#primaryimage\"},\"thumbnailUrl\":\"https:\\\/\\\/gotec-bonding-agent-systems.com\\\/wp-content\\\/uploads\\\/2026\\\/02\\\/KAMELOCK-KM-36-W-683x1024.png\",\"datePublished\":\"2026-01-23T18:48:49+00:00\",\"dateModified\":\"2026-04-05T10:33:41+00:00\",\"description\":\"KA&MELOCK KM 36 W Ein-Schicht-Haftsystem f\u00fcr ACM, AEM (VAMAC), ECO, HNBR und NBR auf Metall \u2013 ideal f\u00fcr Dichtungen.\",\"breadcrumb\":{\"@id\":\"https:\\\/\\\/gotec-bonding-agent-systems.com\\\/de\\\/kamelock-km-36-w\\\/#breadcrumb\"},\"inLanguage\":\"de\",\"potentialAction\":[{\"@type\":\"ReadAction\",\"target\":[\"https:\\\/\\\/gotec-bonding-agent-systems.com\\\/de\\\/kamelock-km-36-w\\\/\"]}]},{\"@type\":\"ImageObject\",\"inLanguage\":\"de\",\"@id\":\"https:\\\/\\\/gotec-bonding-agent-systems.com\\\/de\\\/kamelock-km-36-w\\\/#primaryimage\",\"url\":\"https:\\\/\\\/gotec-bonding-agent-systems.com\\\/wp-content\\\/uploads\\\/2026\\\/02\\\/KAMELOCK-KM-36-W-683x1024.png\",\"contentUrl\":\"https:\\\/\\\/gotec-bonding-agent-systems.com\\\/wp-content\\\/uploads\\\/2026\\\/02\\\/KAMELOCK-KM-36-W-683x1024.png\"},{\"@type\":\"BreadcrumbList\",\"@id\":\"https:\\\/\\\/gotec-bonding-agent-systems.com\\\/de\\\/kamelock-km-36-w\\\/#breadcrumb\",\"itemListElement\":[{\"@type\":\"ListItem\",\"position\":1,\"name\":\"Start\",\"item\":\"https:\\\/\\\/gotec-bonding-agent-systems.com\\\/de\\\/\"},{\"@type\":\"ListItem\",\"position\":2,\"name\":\"KA&amp;MELOCK KM 36 W \u2013 Ein-Schicht-Haftsystem\"}]},{\"@type\":\"WebSite\",\"@id\":\"https:\\\/\\\/gotec-bonding-agent-systems.com\\\/#website\",\"url\":\"https:\\\/\\\/gotec-bonding-agent-systems.com\\\/\",\"name\":\"GOTEC Bonding Systems\",\"description\":\"\",\"publisher\":{\"@id\":\"https:\\\/\\\/gotec-bonding-agent-systems.com\\\/#organization\"},\"potentialAction\":[{\"@type\":\"SearchAction\",\"target\":{\"@type\":\"EntryPoint\",\"urlTemplate\":\"https:\\\/\\\/gotec-bonding-agent-systems.com\\\/?s={search_term_string}\"},\"query-input\":{\"@type\":\"PropertyValueSpecification\",\"valueRequired\":true,\"valueName\":\"search_term_string\"}}],\"inLanguage\":\"de\"},{\"@type\":\"Organization\",\"@id\":\"https:\\\/\\\/gotec-bonding-agent-systems.com\\\/#organization\",\"name\":\"GOTEC Bonding Systems\",\"url\":\"https:\\\/\\\/gotec-bonding-agent-systems.com\\\/\",\"logo\":{\"@type\":\"ImageObject\",\"inLanguage\":\"de\",\"@id\":\"https:\\\/\\\/gotec-bonding-agent-systems.com\\\/#\\\/schema\\\/logo\\\/image\\\/\",\"url\":\"https:\\\/\\\/gotec-bonding-agent-systems.com\\\/wp-content\\\/uploads\\\/2025\\\/11\\\/cropped-GOTEC_Bonding_Systems_Logo.png\",\"contentUrl\":\"https:\\\/\\\/gotec-bonding-agent-systems.com\\\/wp-content\\\/uploads\\\/2025\\\/11\\\/cropped-GOTEC_Bonding_Systems_Logo.png\",\"width\":2122,\"height\":1287,\"caption\":\"GOTEC Bonding Systems\"},\"image\":{\"@id\":\"https:\\\/\\\/gotec-bonding-agent-systems.com\\\/#\\\/schema\\\/logo\\\/image\\\/\"}}]}<\/script>\n<!-- \/ Yoast SEO plugin. -->","yoast_head_json":{"title":"KA&amp;MELOCK KM 36 W \u2013 Ein-Schicht-Haftsystem","description":"KA&MELOCK KM 36 W Ein-Schicht-Haftsystem f\u00fcr ACM, AEM (VAMAC), ECO, HNBR und NBR auf Metall \u2013 ideal f\u00fcr Dichtungen.","robots":{"index":"index","follow":"follow","max-snippet":"max-snippet:-1","max-image-preview":"max-image-preview:large","max-video-preview":"max-video-preview:-1"},"canonical":"https:\/\/gotec-bonding-agent-systems.com\/de\/kamelock-km-36-w\/","og_locale":"de_DE","og_type":"article","og_title":"KA&amp;MELOCK KM 36 W \u2013 Ein-Schicht-Haftsystem","og_description":"KA&MELOCK KM 36 W Ein-Schicht-Haftsystem f\u00fcr ACM, AEM (VAMAC), ECO, HNBR und NBR auf Metall \u2013 ideal f\u00fcr Dichtungen.","og_url":"https:\/\/gotec-bonding-agent-systems.com\/de\/kamelock-km-36-w\/","og_site_name":"GOTEC Bonding Systems","article_modified_time":"2026-04-05T10:33:41+00:00","og_image":[{"url":"https:\/\/gotec-bonding-agent-systems.com\/wp-content\/uploads\/2026\/02\/KAMELOCK-KM-36-W-683x1024.png","type":"","width":"","height":""}],"twitter_card":"summary_large_image","twitter_misc":{"Gesch\u00e4tzte Lesezeit":"2\u00a0Minuten"},"schema":{"@context":"https:\/\/schema.org","@graph":[{"@type":"WebPage","@id":"https:\/\/gotec-bonding-agent-systems.com\/de\/kamelock-km-36-w\/","url":"https:\/\/gotec-bonding-agent-systems.com\/de\/kamelock-km-36-w\/","name":"KA&amp;MELOCK KM 36 W \u2013 Ein-Schicht-Haftsystem","isPartOf":{"@id":"https:\/\/gotec-bonding-agent-systems.com\/#website"},"primaryImageOfPage":{"@id":"https:\/\/gotec-bonding-agent-systems.com\/de\/kamelock-km-36-w\/#primaryimage"},"image":{"@id":"https:\/\/gotec-bonding-agent-systems.com\/de\/kamelock-km-36-w\/#primaryimage"},"thumbnailUrl":"https:\/\/gotec-bonding-agent-systems.com\/wp-content\/uploads\/2026\/02\/KAMELOCK-KM-36-W-683x1024.png","datePublished":"2026-01-23T18:48:49+00:00","dateModified":"2026-04-05T10:33:41+00:00","description":"KA&MELOCK KM 36 W Ein-Schicht-Haftsystem f\u00fcr ACM, AEM (VAMAC), ECO, HNBR und NBR auf Metall \u2013 ideal f\u00fcr Dichtungen.","breadcrumb":{"@id":"https:\/\/gotec-bonding-agent-systems.com\/de\/kamelock-km-36-w\/#breadcrumb"},"inLanguage":"de","potentialAction":[{"@type":"ReadAction","target":["https:\/\/gotec-bonding-agent-systems.com\/de\/kamelock-km-36-w\/"]}]},{"@type":"ImageObject","inLanguage":"de","@id":"https:\/\/gotec-bonding-agent-systems.com\/de\/kamelock-km-36-w\/#primaryimage","url":"https:\/\/gotec-bonding-agent-systems.com\/wp-content\/uploads\/2026\/02\/KAMELOCK-KM-36-W-683x1024.png","contentUrl":"https:\/\/gotec-bonding-agent-systems.com\/wp-content\/uploads\/2026\/02\/KAMELOCK-KM-36-W-683x1024.png"},{"@type":"BreadcrumbList","@id":"https:\/\/gotec-bonding-agent-systems.com\/de\/kamelock-km-36-w\/#breadcrumb","itemListElement":[{"@type":"ListItem","position":1,"name":"Start","item":"https:\/\/gotec-bonding-agent-systems.com\/de\/"},{"@type":"ListItem","position":2,"name":"KA&amp;MELOCK KM 36 W \u2013 Ein-Schicht-Haftsystem"}]},{"@type":"WebSite","@id":"https:\/\/gotec-bonding-agent-systems.com\/#website","url":"https:\/\/gotec-bonding-agent-systems.com\/","name":"GOTEC Bonding Systems","description":"","publisher":{"@id":"https:\/\/gotec-bonding-agent-systems.com\/#organization"},"potentialAction":[{"@type":"SearchAction","target":{"@type":"EntryPoint","urlTemplate":"https:\/\/gotec-bonding-agent-systems.com\/?s={search_term_string}"},"query-input":{"@type":"PropertyValueSpecification","valueRequired":true,"valueName":"search_term_string"}}],"inLanguage":"de"},{"@type":"Organization","@id":"https:\/\/gotec-bonding-agent-systems.com\/#organization","name":"GOTEC Bonding Systems","url":"https:\/\/gotec-bonding-agent-systems.com\/","logo":{"@type":"ImageObject","inLanguage":"de","@id":"https:\/\/gotec-bonding-agent-systems.com\/#\/schema\/logo\/image\/","url":"https:\/\/gotec-bonding-agent-systems.com\/wp-content\/uploads\/2025\/11\/cropped-GOTEC_Bonding_Systems_Logo.png","contentUrl":"https:\/\/gotec-bonding-agent-systems.com\/wp-content\/uploads\/2025\/11\/cropped-GOTEC_Bonding_Systems_Logo.png","width":2122,"height":1287,"caption":"GOTEC Bonding Systems"},"image":{"@id":"https:\/\/gotec-bonding-agent-systems.com\/#\/schema\/logo\/image\/"}}]}},"featured_media_urls":[],"_links":{"self":[{"href":"https:\/\/gotec-bonding-agent-systems.com\/de\/wp-json\/wp\/v2\/pages\/8958","targetHints":{"allow":["GET"]}}],"collection":[{"href":"https:\/\/gotec-bonding-agent-systems.com\/de\/wp-json\/wp\/v2\/pages"}],"about":[{"href":"https:\/\/gotec-bonding-agent-systems.com\/de\/wp-json\/wp\/v2\/types\/page"}],"author":[{"embeddable":true,"href":"https:\/\/gotec-bonding-agent-systems.com\/de\/wp-json\/wp\/v2\/users\/1"}],"replies":[{"embeddable":true,"href":"https:\/\/gotec-bonding-agent-systems.com\/de\/wp-json\/wp\/v2\/comments?post=8958"}],"version-history":[{"count":9,"href":"https:\/\/gotec-bonding-agent-systems.com\/de\/wp-json\/wp\/v2\/pages\/8958\/revisions"}],"predecessor-version":[{"id":9420,"href":"https:\/\/gotec-bonding-agent-systems.com\/de\/wp-json\/wp\/v2\/pages\/8958\/revisions\/9420"}],"wp:attachment":[{"href":"https:\/\/gotec-bonding-agent-systems.com\/de\/wp-json\/wp\/v2\/media?parent=8958"}],"curies":[{"name":"wp","href":"https:\/\/api.w.org\/{rel}","templated":true}]}}