{"id":8974,"date":"2026-01-22T22:07:34","date_gmt":"2026-01-22T22:07:34","guid":{"rendered":"https:\/\/gotec-bonding-agent-systems.com\/kamelock-km-28\/"},"modified":"2026-04-03T14:00:59","modified_gmt":"2026-04-03T14:00:59","slug":"kamelock-km-28","status":"publish","type":"page","link":"https:\/\/gotec-bonding-agent-systems.com\/de\/kamelock-km-28\/","title":{"rendered":"KA&amp;MELOCK KM 28 \u2013 Ein-Schicht-Haftsysteme f\u00fcr Silikonkautschuk"},"content":{"rendered":"\t\t<div data-elementor-type=\"wp-page\" data-elementor-id=\"8974\" class=\"elementor elementor-8974 elementor-7829\">\n\t\t\t\t<div class=\"elementor-element elementor-element-6a7c7c29 e-flex e-con-boxed wpr-particle-no wpr-jarallax-no wpr-parallax-no wpr-sticky-section-no wpr-equal-height-no e-con e-parent\" data-id=\"6a7c7c29\" data-element_type=\"container\" data-e-type=\"container\">\n\t\t\t\t\t<div class=\"e-con-inner\">\n\t\t\t\t<div class=\"elementor-element elementor-element-7a8553ec elementor-widget elementor-widget-text-editor\" data-id=\"7a8553ec\" data-element_type=\"widget\" data-e-type=\"widget\" data-widget_type=\"text-editor.default\">\n\t\t\t\t\t\t\t\t\t\n<p\/>\n\n\n\n<p\/>\n\t\t\t\t\t\t\t\t<\/div>\n\t\t\t\t\t<\/div>\n\t\t\t\t<\/div>\n\t\t<div class=\"elementor-element elementor-element-eced452 e-flex e-con-boxed wpr-particle-no wpr-jarallax-no wpr-parallax-no wpr-sticky-section-no wpr-equal-height-no e-con e-parent\" data-id=\"eced452\" data-element_type=\"container\" data-e-type=\"container\" data-settings=\"{&quot;background_background&quot;:&quot;classic&quot;}\">\n\t\t\t\t\t<div class=\"e-con-inner\">\n\t\t<div class=\"elementor-element elementor-element-8f9a423 e-con-full e-flex wpr-particle-no wpr-jarallax-no wpr-parallax-no wpr-sticky-section-no wpr-equal-height-no e-con e-child\" data-id=\"8f9a423\" data-element_type=\"container\" data-e-type=\"container\">\n\t\t\t\t<div class=\"elementor-element elementor-element-cc978a0 elementor-widget elementor-widget-elementskit-heading\" data-id=\"cc978a0\" data-element_type=\"widget\" data-e-type=\"widget\" data-widget_type=\"elementskit-heading.default\">\n\t\t\t\t\t<div class=\"ekit-wid-con\" ><div class=\"ekit-heading elementskit-section-title-wraper text_left   ekit_heading_tablet-   ekit_heading_mobile-\"><h2 class=\"ekit-heading--title elementskit-section-title \">KA&amp;MELOCK KM 28<\/h2>\t\t\t\t<div class='ekit-heading__description'>\n\t\t\t\t\t<p><strong>KA&amp;MELOCK KM 28<\/strong> ist ein <strong>Ein-Schicht-Haftsysteme<\/strong>, der speziell f\u00fcr die Verklebung von <strong>Silikonkautschuk<\/strong> mit einer Vielzahl von <strong>Metallen, Kunststoffen und textilen Substraten<\/strong> entwickelt wurde.<\/p>\n<p>In Kombination mit dem Primer <strong>KA&amp;MELOCK MP 05<\/strong> ist das System auch <strong>ideal f\u00fcr EPDM-Kautschuk-Anwendungen<\/strong>. Dieses Haftsystem erzielt <strong>eine ausgezeichnete Haftung<\/strong> und bietet <strong>eine hohe Best\u00e4ndigkeit gegen Korrosion, \u00d6le und Benzin<\/strong>, selbst unter anspruchsvollen Betriebsbedingungen. <\/p>\n\t\t\t\t<\/div>\n\t\t\t<\/div><\/div>\t\t\t\t<\/div>\n\t\t\t\t<\/div>\n\t\t<div class=\"elementor-element elementor-element-94791a4 e-con-full e-flex wpr-particle-no wpr-jarallax-no wpr-parallax-no wpr-sticky-section-no wpr-equal-height-no e-con e-child\" data-id=\"94791a4\" data-element_type=\"container\" data-e-type=\"container\">\n\t\t\t\t<div class=\"elementor-element elementor-element-1bc3fed elementor-widget elementor-widget-image\" data-id=\"1bc3fed\" data-element_type=\"widget\" data-e-type=\"widget\" data-widget_type=\"image.default\">\n\t\t\t\t\t\t\t\t\t\t\t\t\t\t\t<img fetchpriority=\"high\" decoding=\"async\" width=\"950\" height=\"634\" src=\"https:\/\/gotec-bonding-agent-systems.com\/wp-content\/uploads\/2026\/02\/KAMELOCK-KM-28-1024x683.png\" class=\"attachment-large size-large wp-image-8976\" alt=\"KA&amp;MELOCK KM 28\" srcset=\"https:\/\/gotec-bonding-agent-systems.com\/wp-content\/uploads\/2026\/02\/KAMELOCK-KM-28-1024x683.png 1024w, https:\/\/gotec-bonding-agent-systems.com\/wp-content\/uploads\/2026\/02\/KAMELOCK-KM-28-300x200.png 300w, https:\/\/gotec-bonding-agent-systems.com\/wp-content\/uploads\/2026\/02\/KAMELOCK-KM-28-600x400.png 600w, https:\/\/gotec-bonding-agent-systems.com\/wp-content\/uploads\/2026\/02\/KAMELOCK-KM-28-1200x800.png 1200w, https:\/\/gotec-bonding-agent-systems.com\/wp-content\/uploads\/2026\/02\/KAMELOCK-KM-28.png 1536w\" sizes=\"100vw\" \/>\t\t\t\t\t\t\t\t\t\t\t\t\t\t\t<\/div>\n\t\t\t\t<div class=\"elementor-element elementor-element-1f5d3c3 elementor-widget elementor-widget-spacer\" data-id=\"1f5d3c3\" data-element_type=\"widget\" data-e-type=\"widget\" data-widget_type=\"spacer.default\">\n\t\t\t\t\t\t\t<div class=\"elementor-spacer\">\n\t\t\t<div class=\"elementor-spacer-inner\"><\/div>\n\t\t<\/div>\n\t\t\t\t\t\t<\/div>\n\t\t\t\t<div class=\"elementor-element elementor-element-8d15f5e elementor-widget elementor-widget-button\" data-id=\"8d15f5e\" data-element_type=\"widget\" data-e-type=\"widget\" data-widget_type=\"button.default\">\n\t\t\t\t\t\t\t\t\t\t<a class=\"elementor-button elementor-button-link elementor-size-sm\" href=\"https:\/\/gotec-bonding-agent-systems.com\/wp-content\/uploads\/2026\/01\/fU7E3N-Unknown.pdf\">\n\t\t\t\t\t\t<span class=\"elementor-button-content-wrapper\">\n\t\t\t\t\t\t\t\t\t<span class=\"elementor-button-text\">PDF HERUNTERLADEN<\/span>\n\t\t\t\t\t<\/span>\n\t\t\t\t\t<\/a>\n\t\t\t\t\t\t\t\t<\/div>\n\t\t\t\t<\/div>\n\t\t\t\t\t<\/div>\n\t\t\t\t<\/div>\n\t\t\t\t<section class=\"elementor-section elementor-top-section elementor-element elementor-element-5bc6f47 elementor-section-boxed elementor-section-height-default elementor-section-height-default wpr-particle-no wpr-jarallax-no wpr-parallax-no wpr-sticky-section-no wpr-equal-height-no\" data-id=\"5bc6f47\" data-element_type=\"section\" data-e-type=\"section\">\n\t\t\t\t\t\t<div class=\"elementor-container elementor-column-gap-default\">\n\t\t\t\t\t<div class=\"elementor-column elementor-col-100 elementor-top-column elementor-element elementor-element-78ffbf7\" data-id=\"78ffbf7\" data-element_type=\"column\" data-e-type=\"column\">\n\t\t\t<div class=\"elementor-widget-wrap elementor-element-populated\">\n\t\t\t\t\t\t<div class=\"elementor-element elementor-element-db69c5b elementor-widget elementor-widget-heading\" data-id=\"db69c5b\" data-element_type=\"widget\" data-e-type=\"widget\" data-widget_type=\"heading.default\">\n\t\t\t\t\t<h2 class=\"elementor-heading-title elementor-size-default\">Technische Daten<\/h2>\t\t\t\t<\/div>\n\t\t\t\t<div class=\"elementor-element elementor-element-62ca7a3 wpr-list-style-none elementor-widget elementor-widget-wpr-posts-timeline\" data-id=\"62ca7a3\" data-element_type=\"widget\" data-e-type=\"widget\" data-settings=\"{&quot;animation_offset&quot;:150,&quot;aos_animation_duration&quot;:600}\" data-widget_type=\"wpr-posts-timeline.default\">\n\t\t\t\t\t\n\t\t<div class=\"wpr-wrapper wpr-vertical wpr-one-sided-wrapper\">\n\t\t\t<div class=\"wpr-timeline-centered wpr-line wpr-one-sided-timeline\"><div class=\"wpr-middle-line\"><\/div><div class=\"wpr-timeline-fill\" data-layout=\"one-sided\"><\/div><article class=\"wpr-timeline-entry wpr-right-aligned elementor-repeater-item-f94da51\" data-item-id=\"elementor-repeater-item-f94da51\"><div class=\"wpr-timeline-entry-inner\"><div class=\"wpr-main-line-icon wpr-icon\"><\/div><div class=\"wpr-story-info-vertical wpr-data-wrap \"  data-aos=\"fade\" data-aos-left=\"\" data-aos-right=\"\" data-animation-offset=\"150\" data-animation-duration=\"600\"><div class=\"wpr-timeline-content-wrapper\"><div class=\"wpr-content-wrapper\"><div class=\"wpr-description\"><table>\n<tbody>\n<tr>\n<td>\n<p>Farbe Transparent<\/p>\n<\/td>\n<td>\n<p> <\/p>\n<\/td>\n<\/tr>\n<\/tbody>\n<\/table>\n<table style=\"height: 124px\" width=\"238\">\n<tbody>\n<tr>\n<td>\n<p>Viskosit\u00e4t 4 mm DIN-Becher 7\u201311 s<\/p>\n<\/td>\n<td> <\/td>\n<\/tr>\n<\/tbody>\n<\/table>\n<table>\n<tbody>\n<tr>\n<td width=\"284\">Dichte 0,80\u20130,85 g\/cm\u00b3<\/td>\n<td width=\"315\"> <\/td>\n<\/tr>\n<\/tbody>\n<\/table>\n<table>\n<tbody>\n<tr>\n<td width=\"284\">Feststoffgehalt 5\u20137 Gew.-%<\/td>\n<td width=\"315\"> <\/td>\n<\/tr>\n<\/tbody>\n<\/table>\n<table>\n<tbody>\n<tr>\n<td width=\"284\">L\u00f6semittel Ethanol<\/td>\n<td width=\"315\"> <\/td>\n<\/tr>\n<\/tbody>\n<\/table><\/div><\/div><\/div><\/div>\n\t\t\t\t\t\t<\/div>\n\t\t\t\t<\/article><\/div>    \n\t\t\t<\/div>\t\t\t\t<\/div>\n\t\t\t\t<div class=\"elementor-element elementor-element-a6965db elementor-widget elementor-widget-text-editor\" data-id=\"a6965db\" data-element_type=\"widget\" data-e-type=\"widget\" data-widget_type=\"text-editor.default\">\n\t\t\t\t\t\t\t\t\t<p data-start=\"219\" data-end=\"668\">Da <strong data-start=\"222\" data-end=\"244\">KA&amp;MELOCK Produkte<\/strong> vielf\u00e4ltig und vielseitig sind, k\u00f6nnen <strong data-start=\"272\" data-end=\"317\">verschiedene Applikationsmethoden und Anlagen<\/strong> eingesetzt werden. Keine einzelne Applikationsmethode ist einer anderen \u00fcberlegen; die Auswahl sollte sich nach dem <strong data-start=\"421\" data-end=\"443\">Haftsystem-Typen<\/strong>, den <strong data-start=\"449\" data-end=\"476\">Produkteigenschaften<\/strong> und den <strong data-start=\"486\" data-end=\"510\">Oberfl\u00e4chenanforderungen<\/strong> richten.<br data-start=\"511\" data-end=\"514\">Die KA&amp;MELOCK Produktinformationen geben <strong data-start=\"553\" data-end=\"578\">klare Empfehlungen<\/strong> f\u00fcr den sachgerechten Einsatz unserer Haftvermittler entsprechend den unterschiedlichen Applikationsmethoden. <\/p>\n<p data-start=\"670\" data-end=\"989\">Wir sind \u00fcberzeugt, dass <strong data-start=\"686\" data-end=\"733\">pr\u00e4zise Pr\u00fcfungen und Analysen unerl\u00e4sslich sind<\/strong>. Bei <strong data-start=\"738\" data-end=\"763\">GOTEC Bonding Systems<\/strong> werden alle KA&amp;MELOCK Produkte in unseren Laboren umfassend gepr\u00fcft und dokumentiert. Dar\u00fcber hinaus unterst\u00fctzen unsere <strong data-start=\"863\" data-end=\"881\">F&amp;E-Aktivit\u00e4ten<\/strong> kontinuierlich die Produktentwicklung und -optimierung in unseren eigenen Demo- und Pr\u00fcfeinrichtungen.  <\/p>\n<p data-start=\"991\" data-end=\"1112\">Steigern Sie den Wert Ihrer Produkte mit <strong data-start=\"1032\" data-end=\"1053\">KA&amp;MELOCK Qualit\u00e4t<\/strong>.<br data-start=\"1054\" data-end=\"1057\">Unsere technischen Support-Teams stehen Ihnen jederzeit zur Verf\u00fcgung.<\/p>\t\t\t\t\t\t\t\t<\/div>\n\t\t\t\t\t<\/div>\n\t\t<\/div>\n\t\t\t\t\t<\/div>\n\t\t<\/section>\n\t\t\t\t<\/div>\n\t\t\n    <div class=\"xs_social_share_widget xs_share_url after_content \t\tmain_content  wslu-style-1 wslu-share-box-shaped wslu-fill-colored wslu-none wslu-share-horizontal wslu-theme-font-no wslu-main_content\">\n\n\t\t\n        <ul>\n\t\t\t        <\/ul>\n    <\/div> \n","protected":false},"excerpt":{"rendered":"<p>KA&amp;MELOCK KM 28 KA&amp;MELOCK KM 28 ist ein Ein-Schicht-Haftsysteme, der speziell f\u00fcr die Verklebung von Silikonkautschuk mit einer Vielzahl von Metallen, Kunststoffen und textilen Substraten entwickelt wurde. In Kombination mit dem Primer KA&amp;MELOCK MP 05 ist das System auch ideal f\u00fcr EPDM-Kautschuk-Anwendungen. Dieses Haftsystem erzielt eine ausgezeichnete Haftung und bietet eine hohe Best\u00e4ndigkeit gegen Korrosion, \u00d6le und Benzin, selbst unter anspruchsvollen Betriebsbedingungen. PDF HERUNTERLADEN Technische Daten Farbe Transparent Viskosit\u00e4t 4 mm DIN-Becher 7\u201311 s Dichte 0,80\u20130,85 g\/cm\u00b3 Feststoffgehalt 5\u20137 Gew.-% L\u00f6semittel Ethanol Da KA&amp;MELOCK Produkte vielf\u00e4ltig und vielseitig sind, k\u00f6nnen verschiedene Applikationsmethoden und Anlagen eingesetzt werden. Keine einzelne Applikationsmethode ist einer anderen \u00fcberlegen; die Auswahl sollte sich nach dem Haftsystem-Typen, den Produkteigenschaften und den Oberfl\u00e4chenanforderungen richten.Die KA&amp;MELOCK Produktinformationen geben klare Empfehlungen f\u00fcr den sachgerechten Einsatz unserer Haftvermittler entsprechend den unterschiedlichen Applikationsmethoden. Wir sind \u00fcberzeugt, dass pr\u00e4zise Pr\u00fcfungen und Analysen unerl\u00e4sslich sind. Bei GOTEC Bonding Systems werden alle KA&amp;MELOCK Produkte in unseren Laboren umfassend gepr\u00fcft und dokumentiert. Dar\u00fcber hinaus unterst\u00fctzen unsere F&amp;E-Aktivit\u00e4ten kontinuierlich die Produktentwicklung und -optimierung in unseren eigenen Demo- und Pr\u00fcfeinrichtungen. Steigern Sie den Wert Ihrer Produkte mit KA&amp;MELOCK Qualit\u00e4t.Unsere technischen Support-Teams stehen Ihnen jederzeit zur Verf\u00fcgung.<\/p>\n","protected":false},"author":1,"featured_media":0,"parent":0,"menu_order":0,"comment_status":"closed","ping_status":"closed","template":"","meta":{"postBodyCss":"","postBodyMargin":[],"postBodyPadding":[],"postBodyBackground":{"backgroundType":"classic","gradient":""},"inspiro_hide_title":false,"footnotes":""},"class_list":["post-8974","page","type-page","status-publish","hentry"],"yoast_head":"<!-- This site is optimized with the Yoast SEO plugin v27.4 - https:\/\/yoast.com\/product\/yoast-seo-wordpress\/ -->\n<title>KA&amp;MELOCK KM 28 | Haftsystem f\u00fcr Silikonkautschuk<\/title>\n<meta name=\"description\" content=\"KA&amp;MELOCK KM 28 Ein-Schicht-Haftvermittler f\u00fcr Silikonkautschuk auf Metallen, Kunststoffen und Textilien. Auch geeignet f\u00fcr EPDM mit MP 05.\" \/>\n<meta name=\"robots\" content=\"index, follow, max-snippet:-1, max-image-preview:large, max-video-preview:-1\" \/>\n<link rel=\"canonical\" href=\"https:\/\/gotec-bonding-agent-systems.com\/de\/kamelock-km-28\/\" \/>\n<meta property=\"og:locale\" content=\"de_DE\" \/>\n<meta property=\"og:type\" content=\"article\" \/>\n<meta property=\"og:title\" content=\"KA&amp;MELOCK KM 28 | Haftsystem f\u00fcr Silikonkautschuk\" \/>\n<meta property=\"og:description\" content=\"KA&amp;MELOCK KM 28 Ein-Schicht-Haftvermittler f\u00fcr Silikonkautschuk auf Metallen, Kunststoffen und Textilien. Auch geeignet f\u00fcr EPDM mit MP 05.\" \/>\n<meta property=\"og:url\" content=\"https:\/\/gotec-bonding-agent-systems.com\/de\/kamelock-km-28\/\" \/>\n<meta property=\"og:site_name\" content=\"GOTEC Bonding Systems\" \/>\n<meta property=\"article:modified_time\" content=\"2026-04-03T14:00:59+00:00\" \/>\n<meta property=\"og:image\" content=\"https:\/\/gotec-bonding-agent-systems.com\/wp-content\/uploads\/2026\/02\/KAMELOCK-KM-28.png\" \/>\n\t<meta property=\"og:image:width\" content=\"1536\" \/>\n\t<meta property=\"og:image:height\" content=\"1024\" \/>\n\t<meta property=\"og:image:type\" content=\"image\/png\" \/>\n<meta name=\"twitter:card\" content=\"summary_large_image\" \/>\n<meta name=\"twitter:label1\" content=\"Gesch\u00e4tzte Lesezeit\" \/>\n\t<meta name=\"twitter:data1\" content=\"2\u00a0Minuten\" \/>\n<script type=\"application\/ld+json\" class=\"yoast-schema-graph\">{\"@context\":\"https:\\\/\\\/schema.org\",\"@graph\":[{\"@type\":\"WebPage\",\"@id\":\"https:\\\/\\\/gotec-bonding-agent-systems.com\\\/de\\\/kamelock-km-28\\\/\",\"url\":\"https:\\\/\\\/gotec-bonding-agent-systems.com\\\/de\\\/kamelock-km-28\\\/\",\"name\":\"KA&MELOCK KM 28 | Haftsystem f\u00fcr Silikonkautschuk\",\"isPartOf\":{\"@id\":\"https:\\\/\\\/gotec-bonding-agent-systems.com\\\/#website\"},\"primaryImageOfPage\":{\"@id\":\"https:\\\/\\\/gotec-bonding-agent-systems.com\\\/de\\\/kamelock-km-28\\\/#primaryimage\"},\"image\":{\"@id\":\"https:\\\/\\\/gotec-bonding-agent-systems.com\\\/de\\\/kamelock-km-28\\\/#primaryimage\"},\"thumbnailUrl\":\"https:\\\/\\\/gotec-bonding-agent-systems.com\\\/wp-content\\\/uploads\\\/2026\\\/02\\\/KAMELOCK-KM-28-1024x683.png\",\"datePublished\":\"2026-01-22T22:07:34+00:00\",\"dateModified\":\"2026-04-03T14:00:59+00:00\",\"description\":\"KA&MELOCK KM 28 Ein-Schicht-Haftvermittler f\u00fcr Silikonkautschuk auf Metallen, Kunststoffen und Textilien. Auch geeignet f\u00fcr EPDM mit MP 05.\",\"breadcrumb\":{\"@id\":\"https:\\\/\\\/gotec-bonding-agent-systems.com\\\/de\\\/kamelock-km-28\\\/#breadcrumb\"},\"inLanguage\":\"de\",\"potentialAction\":[{\"@type\":\"ReadAction\",\"target\":[\"https:\\\/\\\/gotec-bonding-agent-systems.com\\\/de\\\/kamelock-km-28\\\/\"]}]},{\"@type\":\"ImageObject\",\"inLanguage\":\"de\",\"@id\":\"https:\\\/\\\/gotec-bonding-agent-systems.com\\\/de\\\/kamelock-km-28\\\/#primaryimage\",\"url\":\"https:\\\/\\\/gotec-bonding-agent-systems.com\\\/wp-content\\\/uploads\\\/2026\\\/02\\\/KAMELOCK-KM-28-1024x683.png\",\"contentUrl\":\"https:\\\/\\\/gotec-bonding-agent-systems.com\\\/wp-content\\\/uploads\\\/2026\\\/02\\\/KAMELOCK-KM-28-1024x683.png\"},{\"@type\":\"BreadcrumbList\",\"@id\":\"https:\\\/\\\/gotec-bonding-agent-systems.com\\\/de\\\/kamelock-km-28\\\/#breadcrumb\",\"itemListElement\":[{\"@type\":\"ListItem\",\"position\":1,\"name\":\"Start\",\"item\":\"https:\\\/\\\/gotec-bonding-agent-systems.com\\\/de\\\/\"},{\"@type\":\"ListItem\",\"position\":2,\"name\":\"KA&amp;MELOCK KM 28 \u2013 Ein-Schicht-Haftsysteme f\u00fcr Silikonkautschuk\"}]},{\"@type\":\"WebSite\",\"@id\":\"https:\\\/\\\/gotec-bonding-agent-systems.com\\\/#website\",\"url\":\"https:\\\/\\\/gotec-bonding-agent-systems.com\\\/\",\"name\":\"GOTEC Bonding Systems\",\"description\":\"\",\"publisher\":{\"@id\":\"https:\\\/\\\/gotec-bonding-agent-systems.com\\\/#organization\"},\"potentialAction\":[{\"@type\":\"SearchAction\",\"target\":{\"@type\":\"EntryPoint\",\"urlTemplate\":\"https:\\\/\\\/gotec-bonding-agent-systems.com\\\/?s={search_term_string}\"},\"query-input\":{\"@type\":\"PropertyValueSpecification\",\"valueRequired\":true,\"valueName\":\"search_term_string\"}}],\"inLanguage\":\"de\"},{\"@type\":\"Organization\",\"@id\":\"https:\\\/\\\/gotec-bonding-agent-systems.com\\\/#organization\",\"name\":\"GOTEC Bonding Systems\",\"url\":\"https:\\\/\\\/gotec-bonding-agent-systems.com\\\/\",\"logo\":{\"@type\":\"ImageObject\",\"inLanguage\":\"de\",\"@id\":\"https:\\\/\\\/gotec-bonding-agent-systems.com\\\/#\\\/schema\\\/logo\\\/image\\\/\",\"url\":\"https:\\\/\\\/gotec-bonding-agent-systems.com\\\/wp-content\\\/uploads\\\/2025\\\/11\\\/cropped-GOTEC_Bonding_Systems_Logo.png\",\"contentUrl\":\"https:\\\/\\\/gotec-bonding-agent-systems.com\\\/wp-content\\\/uploads\\\/2025\\\/11\\\/cropped-GOTEC_Bonding_Systems_Logo.png\",\"width\":2122,\"height\":1287,\"caption\":\"GOTEC Bonding Systems\"},\"image\":{\"@id\":\"https:\\\/\\\/gotec-bonding-agent-systems.com\\\/#\\\/schema\\\/logo\\\/image\\\/\"}}]}<\/script>\n<!-- \/ Yoast SEO plugin. -->","yoast_head_json":{"title":"KA&MELOCK KM 28 | Haftsystem f\u00fcr Silikonkautschuk","description":"KA&MELOCK KM 28 Ein-Schicht-Haftvermittler f\u00fcr Silikonkautschuk auf Metallen, Kunststoffen und Textilien. Auch geeignet f\u00fcr EPDM mit MP 05.","robots":{"index":"index","follow":"follow","max-snippet":"max-snippet:-1","max-image-preview":"max-image-preview:large","max-video-preview":"max-video-preview:-1"},"canonical":"https:\/\/gotec-bonding-agent-systems.com\/de\/kamelock-km-28\/","og_locale":"de_DE","og_type":"article","og_title":"KA&MELOCK KM 28 | Haftsystem f\u00fcr Silikonkautschuk","og_description":"KA&MELOCK KM 28 Ein-Schicht-Haftvermittler f\u00fcr Silikonkautschuk auf Metallen, Kunststoffen und Textilien. Auch geeignet f\u00fcr EPDM mit MP 05.","og_url":"https:\/\/gotec-bonding-agent-systems.com\/de\/kamelock-km-28\/","og_site_name":"GOTEC Bonding Systems","article_modified_time":"2026-04-03T14:00:59+00:00","og_image":[{"width":1536,"height":1024,"url":"https:\/\/gotec-bonding-agent-systems.com\/wp-content\/uploads\/2026\/02\/KAMELOCK-KM-28.png","type":"image\/png"}],"twitter_card":"summary_large_image","twitter_misc":{"Gesch\u00e4tzte Lesezeit":"2\u00a0Minuten"},"schema":{"@context":"https:\/\/schema.org","@graph":[{"@type":"WebPage","@id":"https:\/\/gotec-bonding-agent-systems.com\/de\/kamelock-km-28\/","url":"https:\/\/gotec-bonding-agent-systems.com\/de\/kamelock-km-28\/","name":"KA&MELOCK KM 28 | Haftsystem f\u00fcr Silikonkautschuk","isPartOf":{"@id":"https:\/\/gotec-bonding-agent-systems.com\/#website"},"primaryImageOfPage":{"@id":"https:\/\/gotec-bonding-agent-systems.com\/de\/kamelock-km-28\/#primaryimage"},"image":{"@id":"https:\/\/gotec-bonding-agent-systems.com\/de\/kamelock-km-28\/#primaryimage"},"thumbnailUrl":"https:\/\/gotec-bonding-agent-systems.com\/wp-content\/uploads\/2026\/02\/KAMELOCK-KM-28-1024x683.png","datePublished":"2026-01-22T22:07:34+00:00","dateModified":"2026-04-03T14:00:59+00:00","description":"KA&MELOCK KM 28 Ein-Schicht-Haftvermittler f\u00fcr Silikonkautschuk auf Metallen, Kunststoffen und Textilien. Auch geeignet f\u00fcr EPDM mit MP 05.","breadcrumb":{"@id":"https:\/\/gotec-bonding-agent-systems.com\/de\/kamelock-km-28\/#breadcrumb"},"inLanguage":"de","potentialAction":[{"@type":"ReadAction","target":["https:\/\/gotec-bonding-agent-systems.com\/de\/kamelock-km-28\/"]}]},{"@type":"ImageObject","inLanguage":"de","@id":"https:\/\/gotec-bonding-agent-systems.com\/de\/kamelock-km-28\/#primaryimage","url":"https:\/\/gotec-bonding-agent-systems.com\/wp-content\/uploads\/2026\/02\/KAMELOCK-KM-28-1024x683.png","contentUrl":"https:\/\/gotec-bonding-agent-systems.com\/wp-content\/uploads\/2026\/02\/KAMELOCK-KM-28-1024x683.png"},{"@type":"BreadcrumbList","@id":"https:\/\/gotec-bonding-agent-systems.com\/de\/kamelock-km-28\/#breadcrumb","itemListElement":[{"@type":"ListItem","position":1,"name":"Start","item":"https:\/\/gotec-bonding-agent-systems.com\/de\/"},{"@type":"ListItem","position":2,"name":"KA&amp;MELOCK KM 28 \u2013 Ein-Schicht-Haftsysteme f\u00fcr Silikonkautschuk"}]},{"@type":"WebSite","@id":"https:\/\/gotec-bonding-agent-systems.com\/#website","url":"https:\/\/gotec-bonding-agent-systems.com\/","name":"GOTEC Bonding Systems","description":"","publisher":{"@id":"https:\/\/gotec-bonding-agent-systems.com\/#organization"},"potentialAction":[{"@type":"SearchAction","target":{"@type":"EntryPoint","urlTemplate":"https:\/\/gotec-bonding-agent-systems.com\/?s={search_term_string}"},"query-input":{"@type":"PropertyValueSpecification","valueRequired":true,"valueName":"search_term_string"}}],"inLanguage":"de"},{"@type":"Organization","@id":"https:\/\/gotec-bonding-agent-systems.com\/#organization","name":"GOTEC Bonding Systems","url":"https:\/\/gotec-bonding-agent-systems.com\/","logo":{"@type":"ImageObject","inLanguage":"de","@id":"https:\/\/gotec-bonding-agent-systems.com\/#\/schema\/logo\/image\/","url":"https:\/\/gotec-bonding-agent-systems.com\/wp-content\/uploads\/2025\/11\/cropped-GOTEC_Bonding_Systems_Logo.png","contentUrl":"https:\/\/gotec-bonding-agent-systems.com\/wp-content\/uploads\/2025\/11\/cropped-GOTEC_Bonding_Systems_Logo.png","width":2122,"height":1287,"caption":"GOTEC Bonding Systems"},"image":{"@id":"https:\/\/gotec-bonding-agent-systems.com\/#\/schema\/logo\/image\/"}}]}},"featured_media_urls":[],"_links":{"self":[{"href":"https:\/\/gotec-bonding-agent-systems.com\/de\/wp-json\/wp\/v2\/pages\/8974","targetHints":{"allow":["GET"]}}],"collection":[{"href":"https:\/\/gotec-bonding-agent-systems.com\/de\/wp-json\/wp\/v2\/pages"}],"about":[{"href":"https:\/\/gotec-bonding-agent-systems.com\/de\/wp-json\/wp\/v2\/types\/page"}],"author":[{"embeddable":true,"href":"https:\/\/gotec-bonding-agent-systems.com\/de\/wp-json\/wp\/v2\/users\/1"}],"replies":[{"embeddable":true,"href":"https:\/\/gotec-bonding-agent-systems.com\/de\/wp-json\/wp\/v2\/comments?post=8974"}],"version-history":[{"count":9,"href":"https:\/\/gotec-bonding-agent-systems.com\/de\/wp-json\/wp\/v2\/pages\/8974\/revisions"}],"predecessor-version":[{"id":9410,"href":"https:\/\/gotec-bonding-agent-systems.com\/de\/wp-json\/wp\/v2\/pages\/8974\/revisions\/9410"}],"wp:attachment":[{"href":"https:\/\/gotec-bonding-agent-systems.com\/de\/wp-json\/wp\/v2\/media?parent=8974"}],"curies":[{"name":"wp","href":"https:\/\/api.w.org\/{rel}","templated":true}]}}