{"id":8982,"date":"2026-01-22T21:32:31","date_gmt":"2026-01-22T21:32:31","guid":{"rendered":"https:\/\/gotec-bonding-agent-systems.com\/kamelock-km-17\/"},"modified":"2026-04-03T13:10:57","modified_gmt":"2026-04-03T13:10:57","slug":"kamelock-km-17","status":"publish","type":"page","link":"https:\/\/gotec-bonding-agent-systems.com\/de\/kamelock-km-17\/","title":{"rendered":"KA&amp;MELOCK KM 17 \u2013 Topcoat-Haftsystem"},"content":{"rendered":"\t\t<div data-elementor-type=\"wp-page\" data-elementor-id=\"8982\" class=\"elementor elementor-8982 elementor-7790\">\n\t\t\t\t<div class=\"elementor-element elementor-element-8d958a4 e-flex e-con-boxed wpr-particle-no wpr-jarallax-no wpr-parallax-no wpr-sticky-section-no wpr-equal-height-no e-con e-parent\" data-id=\"8d958a4\" data-element_type=\"container\" data-e-type=\"container\" data-settings=\"{&quot;background_background&quot;:&quot;classic&quot;}\">\n\t\t\t\t\t<div class=\"e-con-inner\">\n\t\t<div class=\"elementor-element elementor-element-26bbeaa e-con-full e-flex wpr-particle-no wpr-jarallax-no wpr-parallax-no wpr-sticky-section-no wpr-equal-height-no e-con e-child\" data-id=\"26bbeaa\" data-element_type=\"container\" data-e-type=\"container\">\n\t\t\t\t<div class=\"elementor-element elementor-element-711f11c elementor-widget elementor-widget-elementskit-heading\" data-id=\"711f11c\" data-element_type=\"widget\" data-e-type=\"widget\" data-widget_type=\"elementskit-heading.default\">\n\t\t\t\t\t<div class=\"ekit-wid-con\" ><div class=\"ekit-heading elementskit-section-title-wraper text_left   ekit_heading_tablet-   ekit_heading_mobile-\"><h2 class=\"ekit-heading--title elementskit-section-title \">KA&amp;MELOCK KM 17<\/h2>\t\t\t\t<div class='ekit-heading__description'>\n\t\t\t\t\t<p><strong>KA&amp;MELOCK KM 17<\/strong> ist ein <strong>Elastomer-Haftsystem<\/strong>, der als <strong>Topcoat<\/strong> konzipiert wurde.<br>In Kombination mit dem <strong>KA&amp;MELOCK MP 05 Primer<\/strong> eignet er sich besonders f\u00fcr Anwendungen, die w\u00e4hrend des Vulkanisationsprozesses von Elastomeren auf Metall- und Kunststoffsubstraten eine hohe Best\u00e4ndigkeit gegen erh\u00f6hte Temperaturen, Korrosion und dynamische Belastungen erfordern.<br>In bestimmten Anwendungen kann KA&amp;MELOCK KM 17 auch als <strong>Einschicht-Haftsystem<\/strong>eingesetzt werden.<\/p>\n<p>Die Beschichtung mit KA&amp;MELOCK KM 17 bietet eine <strong>gute Best\u00e4ndigkeit gegen Korrosion, \u00d6le und L\u00f6sungsmittel<\/strong>. Die <strong>Korrosions- und Hitzebest\u00e4ndigkeit wird jedoch deutlich verbessert<\/strong>, wenn das System in Kombination mit dem <strong>KA&amp;MELOCK MP 05 Primer<\/strong> angewendet wird. <\/p>\n<p>KA&amp;MELOCK KM 17 erm\u00f6glicht eine zuverl\u00e4ssige Haftung von Elastomer-Compounds auf Basis von <strong>Naturkautschuk (NR), Polyisopren (IR), Polybutadien (BR), Styrol-Butadien-Kautschuk (SBR), Nitrilkautschuk (NBR), Chloroprenkautschuk (CR), Butylkautschuk (IIR) und Ethylen-Propylen-Kautschuk (EPDM)<\/strong> auf einer Vielzahl von <strong>Metall- und Kunststoffsubstraten<\/strong> w\u00e4hrend des Vulkanisationsprozesses.<\/p>\n<p>Die Kombination aus <strong>KA&amp;MELOCK MP 05 und KA&amp;MELOCK KM 17<\/strong> eignet sich besonders gut f\u00fcr <strong>weiche NBR- und NR-Mischungen<\/strong>, insbesondere bei der Herstellung von <strong>Transferpress- (TM) und Spritzguss-Bauteilen (IM)<\/strong>.<\/p>\n\t\t\t\t<\/div>\n\t\t\t<\/div><\/div>\t\t\t\t<\/div>\n\t\t\t\t<\/div>\n\t\t<div class=\"elementor-element elementor-element-9936c04 e-con-full e-flex wpr-particle-no wpr-jarallax-no wpr-parallax-no wpr-sticky-section-no wpr-equal-height-no e-con e-child\" data-id=\"9936c04\" data-element_type=\"container\" data-e-type=\"container\">\n\t\t\t\t<div class=\"elementor-element elementor-element-28e1b4a elementor-widget elementor-widget-image\" data-id=\"28e1b4a\" data-element_type=\"widget\" data-e-type=\"widget\" data-widget_type=\"image.default\">\n\t\t\t\t\t\t\t\t\t\t\t\t\t\t\t<img fetchpriority=\"high\" decoding=\"async\" width=\"950\" height=\"634\" src=\"https:\/\/gotec-bonding-agent-systems.com\/wp-content\/uploads\/2026\/02\/KAMELOCK-KM-17-1024x683.png\" class=\"attachment-large size-large wp-image-8985\" alt=\"KA&amp;MELOCK KM 17\" srcset=\"https:\/\/gotec-bonding-agent-systems.com\/wp-content\/uploads\/2026\/02\/KAMELOCK-KM-17-1024x683.png 1024w, https:\/\/gotec-bonding-agent-systems.com\/wp-content\/uploads\/2026\/02\/KAMELOCK-KM-17-300x200.png 300w, https:\/\/gotec-bonding-agent-systems.com\/wp-content\/uploads\/2026\/02\/KAMELOCK-KM-17-600x400.png 600w, https:\/\/gotec-bonding-agent-systems.com\/wp-content\/uploads\/2026\/02\/KAMELOCK-KM-17-1200x800.png 1200w, https:\/\/gotec-bonding-agent-systems.com\/wp-content\/uploads\/2026\/02\/KAMELOCK-KM-17.png 1536w\" sizes=\"100vw\" \/>\t\t\t\t\t\t\t\t\t\t\t\t\t\t\t<\/div>\n\t\t\t\t<div class=\"elementor-element elementor-element-c3fcfd9 elementor-widget elementor-widget-spacer\" data-id=\"c3fcfd9\" data-element_type=\"widget\" data-e-type=\"widget\" data-widget_type=\"spacer.default\">\n\t\t\t\t\t\t\t<div class=\"elementor-spacer\">\n\t\t\t<div class=\"elementor-spacer-inner\"><\/div>\n\t\t<\/div>\n\t\t\t\t\t\t<\/div>\n\t\t\t\t<div class=\"elementor-element elementor-element-cc13d99 elementor-widget elementor-widget-button\" data-id=\"cc13d99\" data-element_type=\"widget\" data-e-type=\"widget\" data-widget_type=\"button.default\">\n\t\t\t\t\t\t\t\t\t\t<a class=\"elementor-button elementor-button-link elementor-size-sm\" href=\"https:\/\/gotec-bonding-agent-systems.com\/wp-content\/uploads\/2026\/01\/7ts9pw-Unknown.pdf\">\n\t\t\t\t\t\t<span class=\"elementor-button-content-wrapper\">\n\t\t\t\t\t\t\t\t\t<span class=\"elementor-button-text\">PDF HERUNTERLADEN<\/span>\n\t\t\t\t\t<\/span>\n\t\t\t\t\t<\/a>\n\t\t\t\t\t\t\t\t<\/div>\n\t\t\t\t<\/div>\n\t\t\t\t\t<\/div>\n\t\t\t\t<\/div>\n\t\t\t\t<section class=\"elementor-section elementor-top-section elementor-element elementor-element-5e3b37d elementor-section-boxed elementor-section-height-default elementor-section-height-default wpr-particle-no wpr-jarallax-no wpr-parallax-no wpr-sticky-section-no wpr-equal-height-no\" data-id=\"5e3b37d\" data-element_type=\"section\" data-e-type=\"section\">\n\t\t\t\t\t\t<div class=\"elementor-container elementor-column-gap-default\">\n\t\t\t\t\t<div class=\"elementor-column elementor-col-100 elementor-top-column elementor-element elementor-element-a235b31\" data-id=\"a235b31\" data-element_type=\"column\" data-e-type=\"column\">\n\t\t\t<div class=\"elementor-widget-wrap elementor-element-populated\">\n\t\t\t\t\t\t<div class=\"elementor-element elementor-element-0fc6c56 elementor-widget elementor-widget-heading\" data-id=\"0fc6c56\" data-element_type=\"widget\" data-e-type=\"widget\" data-widget_type=\"heading.default\">\n\t\t\t\t\t<h2 class=\"elementor-heading-title elementor-size-default\">Technische Daten<\/h2>\t\t\t\t<\/div>\n\t\t\t\t<div class=\"elementor-element elementor-element-8f674c1 wpr-list-style-none elementor-widget elementor-widget-wpr-posts-timeline\" data-id=\"8f674c1\" data-element_type=\"widget\" data-e-type=\"widget\" data-settings=\"{&quot;animation_offset&quot;:150,&quot;aos_animation_duration&quot;:600}\" data-widget_type=\"wpr-posts-timeline.default\">\n\t\t\t\t\t\n\t\t<div class=\"wpr-wrapper wpr-vertical wpr-one-sided-wrapper\">\n\t\t\t<div class=\"wpr-timeline-centered wpr-line wpr-one-sided-timeline\"><div class=\"wpr-middle-line\"><\/div><div class=\"wpr-timeline-fill\" data-layout=\"one-sided\"><\/div><article class=\"wpr-timeline-entry wpr-right-aligned elementor-repeater-item-f94da51\" data-item-id=\"elementor-repeater-item-f94da51\"><div class=\"wpr-timeline-entry-inner\"><div class=\"wpr-main-line-icon wpr-icon\"><\/div><div class=\"wpr-story-info-vertical wpr-data-wrap \"  data-aos=\"fade\" data-aos-left=\"\" data-aos-right=\"\" data-animation-offset=\"150\" data-animation-duration=\"600\"><div class=\"wpr-timeline-content-wrapper\"><div class=\"wpr-content-wrapper\"><div class=\"wpr-description\"><table><tbody><tr><td><p>Farbe Braun Fl\u00fcssigkeit<\/p><\/td><td> <\/td><\/tr><\/tbody><\/table><table style=\"height: 124px\" width=\"238\"><tbody><tr><td><p>Viskosit\u00e4t 4 mm DIN-Becher 80 \u2013 120 s<\/p><\/td><td> <\/td><\/tr><\/tbody><\/table><table><tbody><tr><td><p>Viskosit\u00e4t, cps@25\u00b0C (77\u00b0F)<\/p><table><tbody><tr><td><p> 200\u2013600 mPas<\/p><\/td><\/tr><\/tbody><\/table><p>Brookfield SNB1<br>Spindel 2, 30 U\/min<\/p><\/td><td> <\/td><\/tr><\/tbody><\/table><\/div><\/div><\/div><\/div>\n\t\t\t\t\t\t<\/div>\n\t\t\t\t<\/article><article class=\"wpr-timeline-entry wpr-right-aligned elementor-repeater-item-2a37755\" data-item-id=\"elementor-repeater-item-2a37755\"><div class=\"wpr-timeline-entry-inner\"><div class=\"wpr-main-line-icon wpr-icon\"><\/div><div class=\"wpr-story-info-vertical wpr-data-wrap \"  data-aos=\"fade\" data-aos-left=\"\" data-aos-right=\"\" data-animation-offset=\"150\" data-animation-duration=\"600\"><div class=\"wpr-timeline-content-wrapper\"><div class=\"wpr-content-wrapper\"><div class=\"wpr-description\"><table><tbody><tr><td><p>Spezifisches Gewicht 0,96 \u2013 1,04 g\/cm\u00b3<\/p><\/td><td> <\/td><\/tr><\/tbody><\/table><table style=\"height: 172px\" width=\"201\"><tbody><tr><td><p>Feststoffgehalt 22 \u2013 26 Gew.-%<\/p><\/td><td> <\/td><\/tr><\/tbody><\/table><table><tbody><tr><td><p>L\u00f6sungsmittel Xylol<\/p><\/td><td> <\/td><\/tr><\/tbody><\/table><p>*Die Daten sind typisch und d\u00fcrfen nicht f\u00fcr Spezifikationszwecke verwendet werden.<\/p><\/div><\/div><\/div><\/div>\n\t\t\t\t\t\t<\/div>\n\t\t\t\t<\/article><\/div>    \n\t\t\t<\/div>\t\t\t\t<\/div>\n\t\t\t\t<div class=\"elementor-element elementor-element-b8dfb14 elementor-widget elementor-widget-text-editor\" data-id=\"b8dfb14\" data-element_type=\"widget\" data-e-type=\"widget\" data-widget_type=\"text-editor.default\">\n\t\t\t\t\t\t\t\t\t<p data-start=\"246\" data-end=\"599\">Bei GOTEC Bonding Agents bilden pr\u00e4zise Pr\u00fcfungen und gr\u00fcndliche Analysen die Grundlage f\u00fcr zuverl\u00e4ssige Produktleistung.<br data-start=\"360\" data-end=\"363\">Alle KA&amp;MELOCK Haftsysteme werden in unseren Laboren gepr\u00fcft, dokumentiert und validiert. Parallel dazu unterst\u00fctzen kontinuierliche Forschungs- und Entwicklungsaktivit\u00e4ten die fortlaufende Produktoptimierung in unseren dedizierten Demo- und Anwendungseinrichtungen. <\/p><p data-start=\"606\" data-end=\"923\">Um den am besten geeigneten <strong data-start=\"636\" data-end=\"663\">KA&amp;MELOCK Haftvermittler<\/strong> f\u00fcr Ihre Anwendung zu ermitteln, steht Ihnen unser technisches Team zur Verf\u00fcgung.<br data-start=\"732\" data-end=\"735\">Durch Angabe von Informationen zu Ihrem Elastomer-Compound, Substrat und Anwendungsverfahren k\u00f6nnen wir das passende <strong data-start=\"858\" data-end=\"892\">KA&amp;MELOCK Haftvermittler-System<\/strong> empfehlen, das auf Ihre Anforderungen zugeschnitten ist.<\/p><p data-start=\"930\" data-end=\"1108\">Steigern Sie den Wert Ihrer Produkte mit <strong data-start=\"971\" data-end=\"992\">KA&amp;MELOCK Qualit\u00e4t<\/strong>.<br data-start=\"993\" data-end=\"996\">Unsere technischen Support-Teams stehen Ihnen w\u00e4hrend Ihrer Entwicklungs- und Produktionsprozesse zur Verf\u00fcgung.<\/p>\t\t\t\t\t\t\t\t<\/div>\n\t\t\t\t\t<\/div>\n\t\t<\/div>\n\t\t\t\t\t<\/div>\n\t\t<\/section>\n\t\t\t\t<\/div>\n\t\t\n    <div class=\"xs_social_share_widget xs_share_url after_content \t\tmain_content  wslu-style-1 wslu-share-box-shaped wslu-fill-colored wslu-none wslu-share-horizontal wslu-theme-font-no wslu-main_content\">\n\n\t\t\n        <ul>\n\t\t\t        <\/ul>\n    <\/div> \n","protected":false},"excerpt":{"rendered":"<p>KA&amp;MELOCK KM 17 KA&amp;MELOCK KM 17 ist ein Elastomer-Haftsystem, der als Topcoat konzipiert wurde.In Kombination mit dem KA&amp;MELOCK MP 05 Primer eignet er sich besonders f\u00fcr Anwendungen, die w\u00e4hrend des Vulkanisationsprozesses von Elastomeren auf Metall- und Kunststoffsubstraten eine hohe Best\u00e4ndigkeit gegen erh\u00f6hte Temperaturen, Korrosion und dynamische Belastungen erfordern.In bestimmten Anwendungen kann KA&amp;MELOCK KM 17 auch als Einschicht-Haftsystemeingesetzt werden. Die Beschichtung mit KA&amp;MELOCK KM 17 bietet eine gute Best\u00e4ndigkeit gegen Korrosion, \u00d6le und L\u00f6sungsmittel. Die Korrosions- und Hitzebest\u00e4ndigkeit wird jedoch deutlich verbessert, wenn das System in Kombination mit dem KA&amp;MELOCK MP 05 Primer angewendet wird. KA&amp;MELOCK KM 17 erm\u00f6glicht eine zuverl\u00e4ssige Haftung von Elastomer-Compounds auf Basis von Naturkautschuk (NR), Polyisopren (IR), Polybutadien (BR), Styrol-Butadien-Kautschuk (SBR), Nitrilkautschuk (NBR), Chloroprenkautschuk (CR), Butylkautschuk (IIR) und Ethylen-Propylen-Kautschuk (EPDM) auf einer Vielzahl von Metall- und Kunststoffsubstraten w\u00e4hrend des Vulkanisationsprozesses. Die Kombination aus KA&amp;MELOCK MP 05 und KA&amp;MELOCK KM 17 eignet sich besonders gut f\u00fcr weiche NBR- und NR-Mischungen, insbesondere bei der Herstellung von Transferpress- (TM) und Spritzguss-Bauteilen (IM). PDF HERUNTERLADEN Technische Daten Farbe Braun Fl\u00fcssigkeit Viskosit\u00e4t 4 mm DIN-Becher 80 \u2013 120 s Viskosit\u00e4t, cps@25\u00b0C (77\u00b0F) 200\u2013600 mPas Brookfield SNB1Spindel 2, 30 U\/min Spezifisches Gewicht 0,96 \u2013 1,04 g\/cm\u00b3 Feststoffgehalt 22 \u2013 26 Gew.-% L\u00f6sungsmittel Xylol *Die Daten sind typisch und d\u00fcrfen nicht f\u00fcr Spezifikationszwecke verwendet werden. Bei GOTEC Bonding Agents bilden pr\u00e4zise Pr\u00fcfungen und gr\u00fcndliche Analysen die Grundlage f\u00fcr zuverl\u00e4ssige Produktleistung.Alle KA&amp;MELOCK Haftsysteme werden in unseren Laboren gepr\u00fcft, dokumentiert und validiert. Parallel dazu unterst\u00fctzen kontinuierliche Forschungs- und Entwicklungsaktivit\u00e4ten die fortlaufende Produktoptimierung in unseren dedizierten Demo- und Anwendungseinrichtungen. Um den am besten geeigneten KA&amp;MELOCK Haftvermittler f\u00fcr Ihre Anwendung zu ermitteln, steht Ihnen unser technisches Team zur Verf\u00fcgung.Durch Angabe von Informationen zu Ihrem Elastomer-Compound, Substrat und Anwendungsverfahren k\u00f6nnen wir das passende KA&amp;MELOCK Haftvermittler-System empfehlen, das auf Ihre Anforderungen zugeschnitten ist. Steigern Sie den Wert Ihrer Produkte mit KA&amp;MELOCK Qualit\u00e4t.Unsere technischen Support-Teams stehen Ihnen w\u00e4hrend Ihrer Entwicklungs- und Produktionsprozesse zur Verf\u00fcgung.<\/p>\n","protected":false},"author":1,"featured_media":0,"parent":0,"menu_order":0,"comment_status":"closed","ping_status":"closed","template":"","meta":{"postBodyCss":"","postBodyMargin":[],"postBodyPadding":[],"postBodyBackground":{"backgroundType":"classic","gradient":""},"inspiro_hide_title":false,"footnotes":""},"class_list":["post-8982","page","type-page","status-publish","hentry"],"yoast_head":"<!-- This site is optimized with the Yoast SEO plugin v27.4 - https:\/\/yoast.com\/product\/yoast-seo-wordpress\/ -->\n<title>KA&amp;MELOCK KM 17 \u2013 Topcoat-Haftsystem<\/title>\n<meta name=\"description\" content=\"KA&amp;MELOCK KM 17 Topcoat-Haftvermittler f\u00fcr Elastomer-Metall-\/Kunststoff-Verbindungen. Hohe Temperatur- und Korrosionsbest\u00e4ndigkeit mit MP 05.\" \/>\n<meta name=\"robots\" content=\"index, follow, max-snippet:-1, max-image-preview:large, max-video-preview:-1\" \/>\n<link rel=\"canonical\" href=\"https:\/\/gotec-bonding-agent-systems.com\/de\/kamelock-km-17\/\" \/>\n<meta property=\"og:locale\" content=\"de_DE\" \/>\n<meta property=\"og:type\" content=\"article\" \/>\n<meta property=\"og:title\" content=\"KA&amp;MELOCK KM 17 \u2013 Topcoat-Haftsystem\" \/>\n<meta property=\"og:description\" content=\"KA&amp;MELOCK KM 17 Topcoat-Haftvermittler f\u00fcr Elastomer-Metall-\/Kunststoff-Verbindungen. Hohe Temperatur- und Korrosionsbest\u00e4ndigkeit mit MP 05.\" \/>\n<meta property=\"og:url\" content=\"https:\/\/gotec-bonding-agent-systems.com\/de\/kamelock-km-17\/\" \/>\n<meta property=\"og:site_name\" content=\"GOTEC Bonding Systems\" \/>\n<meta property=\"article:modified_time\" content=\"2026-04-03T13:10:57+00:00\" \/>\n<meta property=\"og:image\" content=\"https:\/\/gotec-bonding-agent-systems.com\/wp-content\/uploads\/2026\/02\/KAMELOCK-KM-17.png\" \/>\n\t<meta property=\"og:image:width\" content=\"1536\" \/>\n\t<meta property=\"og:image:height\" content=\"1024\" \/>\n\t<meta property=\"og:image:type\" content=\"image\/png\" \/>\n<meta name=\"twitter:card\" content=\"summary_large_image\" \/>\n<meta name=\"twitter:label1\" content=\"Gesch\u00e4tzte Lesezeit\" \/>\n\t<meta name=\"twitter:data1\" content=\"2\u00a0Minuten\" \/>\n<script type=\"application\/ld+json\" class=\"yoast-schema-graph\">{\"@context\":\"https:\\\/\\\/schema.org\",\"@graph\":[{\"@type\":\"WebPage\",\"@id\":\"https:\\\/\\\/gotec-bonding-agent-systems.com\\\/de\\\/kamelock-km-17\\\/\",\"url\":\"https:\\\/\\\/gotec-bonding-agent-systems.com\\\/de\\\/kamelock-km-17\\\/\",\"name\":\"KA&MELOCK KM 17 \u2013 Topcoat-Haftsystem\",\"isPartOf\":{\"@id\":\"https:\\\/\\\/gotec-bonding-agent-systems.com\\\/#website\"},\"primaryImageOfPage\":{\"@id\":\"https:\\\/\\\/gotec-bonding-agent-systems.com\\\/de\\\/kamelock-km-17\\\/#primaryimage\"},\"image\":{\"@id\":\"https:\\\/\\\/gotec-bonding-agent-systems.com\\\/de\\\/kamelock-km-17\\\/#primaryimage\"},\"thumbnailUrl\":\"https:\\\/\\\/gotec-bonding-agent-systems.com\\\/wp-content\\\/uploads\\\/2026\\\/02\\\/KAMELOCK-KM-17-1024x683.png\",\"datePublished\":\"2026-01-22T21:32:31+00:00\",\"dateModified\":\"2026-04-03T13:10:57+00:00\",\"description\":\"KA&MELOCK KM 17 Topcoat-Haftvermittler f\u00fcr Elastomer-Metall-\\\/Kunststoff-Verbindungen. Hohe Temperatur- und Korrosionsbest\u00e4ndigkeit mit MP 05.\",\"breadcrumb\":{\"@id\":\"https:\\\/\\\/gotec-bonding-agent-systems.com\\\/de\\\/kamelock-km-17\\\/#breadcrumb\"},\"inLanguage\":\"de\",\"potentialAction\":[{\"@type\":\"ReadAction\",\"target\":[\"https:\\\/\\\/gotec-bonding-agent-systems.com\\\/de\\\/kamelock-km-17\\\/\"]}]},{\"@type\":\"ImageObject\",\"inLanguage\":\"de\",\"@id\":\"https:\\\/\\\/gotec-bonding-agent-systems.com\\\/de\\\/kamelock-km-17\\\/#primaryimage\",\"url\":\"https:\\\/\\\/gotec-bonding-agent-systems.com\\\/wp-content\\\/uploads\\\/2026\\\/02\\\/KAMELOCK-KM-17-1024x683.png\",\"contentUrl\":\"https:\\\/\\\/gotec-bonding-agent-systems.com\\\/wp-content\\\/uploads\\\/2026\\\/02\\\/KAMELOCK-KM-17-1024x683.png\"},{\"@type\":\"BreadcrumbList\",\"@id\":\"https:\\\/\\\/gotec-bonding-agent-systems.com\\\/de\\\/kamelock-km-17\\\/#breadcrumb\",\"itemListElement\":[{\"@type\":\"ListItem\",\"position\":1,\"name\":\"Start\",\"item\":\"https:\\\/\\\/gotec-bonding-agent-systems.com\\\/de\\\/\"},{\"@type\":\"ListItem\",\"position\":2,\"name\":\"KA&amp;MELOCK KM 17 \u2013 Topcoat-Haftsystem\"}]},{\"@type\":\"WebSite\",\"@id\":\"https:\\\/\\\/gotec-bonding-agent-systems.com\\\/#website\",\"url\":\"https:\\\/\\\/gotec-bonding-agent-systems.com\\\/\",\"name\":\"GOTEC Bonding Systems\",\"description\":\"\",\"publisher\":{\"@id\":\"https:\\\/\\\/gotec-bonding-agent-systems.com\\\/#organization\"},\"potentialAction\":[{\"@type\":\"SearchAction\",\"target\":{\"@type\":\"EntryPoint\",\"urlTemplate\":\"https:\\\/\\\/gotec-bonding-agent-systems.com\\\/?s={search_term_string}\"},\"query-input\":{\"@type\":\"PropertyValueSpecification\",\"valueRequired\":true,\"valueName\":\"search_term_string\"}}],\"inLanguage\":\"de\"},{\"@type\":\"Organization\",\"@id\":\"https:\\\/\\\/gotec-bonding-agent-systems.com\\\/#organization\",\"name\":\"GOTEC Bonding Systems\",\"url\":\"https:\\\/\\\/gotec-bonding-agent-systems.com\\\/\",\"logo\":{\"@type\":\"ImageObject\",\"inLanguage\":\"de\",\"@id\":\"https:\\\/\\\/gotec-bonding-agent-systems.com\\\/#\\\/schema\\\/logo\\\/image\\\/\",\"url\":\"https:\\\/\\\/gotec-bonding-agent-systems.com\\\/wp-content\\\/uploads\\\/2025\\\/11\\\/cropped-GOTEC_Bonding_Systems_Logo.png\",\"contentUrl\":\"https:\\\/\\\/gotec-bonding-agent-systems.com\\\/wp-content\\\/uploads\\\/2025\\\/11\\\/cropped-GOTEC_Bonding_Systems_Logo.png\",\"width\":2122,\"height\":1287,\"caption\":\"GOTEC Bonding Systems\"},\"image\":{\"@id\":\"https:\\\/\\\/gotec-bonding-agent-systems.com\\\/#\\\/schema\\\/logo\\\/image\\\/\"}}]}<\/script>\n<!-- \/ Yoast SEO plugin. -->","yoast_head_json":{"title":"KA&MELOCK KM 17 \u2013 Topcoat-Haftsystem","description":"KA&MELOCK KM 17 Topcoat-Haftvermittler f\u00fcr Elastomer-Metall-\/Kunststoff-Verbindungen. Hohe Temperatur- und Korrosionsbest\u00e4ndigkeit mit MP 05.","robots":{"index":"index","follow":"follow","max-snippet":"max-snippet:-1","max-image-preview":"max-image-preview:large","max-video-preview":"max-video-preview:-1"},"canonical":"https:\/\/gotec-bonding-agent-systems.com\/de\/kamelock-km-17\/","og_locale":"de_DE","og_type":"article","og_title":"KA&MELOCK KM 17 \u2013 Topcoat-Haftsystem","og_description":"KA&MELOCK KM 17 Topcoat-Haftvermittler f\u00fcr Elastomer-Metall-\/Kunststoff-Verbindungen. Hohe Temperatur- und Korrosionsbest\u00e4ndigkeit mit MP 05.","og_url":"https:\/\/gotec-bonding-agent-systems.com\/de\/kamelock-km-17\/","og_site_name":"GOTEC Bonding Systems","article_modified_time":"2026-04-03T13:10:57+00:00","og_image":[{"width":1536,"height":1024,"url":"https:\/\/gotec-bonding-agent-systems.com\/wp-content\/uploads\/2026\/02\/KAMELOCK-KM-17.png","type":"image\/png"}],"twitter_card":"summary_large_image","twitter_misc":{"Gesch\u00e4tzte Lesezeit":"2\u00a0Minuten"},"schema":{"@context":"https:\/\/schema.org","@graph":[{"@type":"WebPage","@id":"https:\/\/gotec-bonding-agent-systems.com\/de\/kamelock-km-17\/","url":"https:\/\/gotec-bonding-agent-systems.com\/de\/kamelock-km-17\/","name":"KA&MELOCK KM 17 \u2013 Topcoat-Haftsystem","isPartOf":{"@id":"https:\/\/gotec-bonding-agent-systems.com\/#website"},"primaryImageOfPage":{"@id":"https:\/\/gotec-bonding-agent-systems.com\/de\/kamelock-km-17\/#primaryimage"},"image":{"@id":"https:\/\/gotec-bonding-agent-systems.com\/de\/kamelock-km-17\/#primaryimage"},"thumbnailUrl":"https:\/\/gotec-bonding-agent-systems.com\/wp-content\/uploads\/2026\/02\/KAMELOCK-KM-17-1024x683.png","datePublished":"2026-01-22T21:32:31+00:00","dateModified":"2026-04-03T13:10:57+00:00","description":"KA&MELOCK KM 17 Topcoat-Haftvermittler f\u00fcr Elastomer-Metall-\/Kunststoff-Verbindungen. Hohe Temperatur- und Korrosionsbest\u00e4ndigkeit mit MP 05.","breadcrumb":{"@id":"https:\/\/gotec-bonding-agent-systems.com\/de\/kamelock-km-17\/#breadcrumb"},"inLanguage":"de","potentialAction":[{"@type":"ReadAction","target":["https:\/\/gotec-bonding-agent-systems.com\/de\/kamelock-km-17\/"]}]},{"@type":"ImageObject","inLanguage":"de","@id":"https:\/\/gotec-bonding-agent-systems.com\/de\/kamelock-km-17\/#primaryimage","url":"https:\/\/gotec-bonding-agent-systems.com\/wp-content\/uploads\/2026\/02\/KAMELOCK-KM-17-1024x683.png","contentUrl":"https:\/\/gotec-bonding-agent-systems.com\/wp-content\/uploads\/2026\/02\/KAMELOCK-KM-17-1024x683.png"},{"@type":"BreadcrumbList","@id":"https:\/\/gotec-bonding-agent-systems.com\/de\/kamelock-km-17\/#breadcrumb","itemListElement":[{"@type":"ListItem","position":1,"name":"Start","item":"https:\/\/gotec-bonding-agent-systems.com\/de\/"},{"@type":"ListItem","position":2,"name":"KA&amp;MELOCK KM 17 \u2013 Topcoat-Haftsystem"}]},{"@type":"WebSite","@id":"https:\/\/gotec-bonding-agent-systems.com\/#website","url":"https:\/\/gotec-bonding-agent-systems.com\/","name":"GOTEC Bonding Systems","description":"","publisher":{"@id":"https:\/\/gotec-bonding-agent-systems.com\/#organization"},"potentialAction":[{"@type":"SearchAction","target":{"@type":"EntryPoint","urlTemplate":"https:\/\/gotec-bonding-agent-systems.com\/?s={search_term_string}"},"query-input":{"@type":"PropertyValueSpecification","valueRequired":true,"valueName":"search_term_string"}}],"inLanguage":"de"},{"@type":"Organization","@id":"https:\/\/gotec-bonding-agent-systems.com\/#organization","name":"GOTEC Bonding Systems","url":"https:\/\/gotec-bonding-agent-systems.com\/","logo":{"@type":"ImageObject","inLanguage":"de","@id":"https:\/\/gotec-bonding-agent-systems.com\/#\/schema\/logo\/image\/","url":"https:\/\/gotec-bonding-agent-systems.com\/wp-content\/uploads\/2025\/11\/cropped-GOTEC_Bonding_Systems_Logo.png","contentUrl":"https:\/\/gotec-bonding-agent-systems.com\/wp-content\/uploads\/2025\/11\/cropped-GOTEC_Bonding_Systems_Logo.png","width":2122,"height":1287,"caption":"GOTEC Bonding Systems"},"image":{"@id":"https:\/\/gotec-bonding-agent-systems.com\/#\/schema\/logo\/image\/"}}]}},"featured_media_urls":[],"_links":{"self":[{"href":"https:\/\/gotec-bonding-agent-systems.com\/de\/wp-json\/wp\/v2\/pages\/8982","targetHints":{"allow":["GET"]}}],"collection":[{"href":"https:\/\/gotec-bonding-agent-systems.com\/de\/wp-json\/wp\/v2\/pages"}],"about":[{"href":"https:\/\/gotec-bonding-agent-systems.com\/de\/wp-json\/wp\/v2\/types\/page"}],"author":[{"embeddable":true,"href":"https:\/\/gotec-bonding-agent-systems.com\/de\/wp-json\/wp\/v2\/users\/1"}],"replies":[{"embeddable":true,"href":"https:\/\/gotec-bonding-agent-systems.com\/de\/wp-json\/wp\/v2\/comments?post=8982"}],"version-history":[{"count":8,"href":"https:\/\/gotec-bonding-agent-systems.com\/de\/wp-json\/wp\/v2\/pages\/8982\/revisions"}],"predecessor-version":[{"id":9370,"href":"https:\/\/gotec-bonding-agent-systems.com\/de\/wp-json\/wp\/v2\/pages\/8982\/revisions\/9370"}],"wp:attachment":[{"href":"https:\/\/gotec-bonding-agent-systems.com\/de\/wp-json\/wp\/v2\/media?parent=8982"}],"curies":[{"name":"wp","href":"https:\/\/api.w.org\/{rel}","templated":true}]}}