{"id":8989,"date":"2026-01-22T21:54:14","date_gmt":"2026-01-22T21:54:14","guid":{"rendered":"https:\/\/gotec-bonding-agent-systems.com\/kamelock-km-22\/"},"modified":"2026-04-03T13:29:47","modified_gmt":"2026-04-03T13:29:47","slug":"kamelock-km-22","status":"publish","type":"page","link":"https:\/\/gotec-bonding-agent-systems.com\/de\/kamelock-km-22\/","title":{"rendered":"KA&amp;MELOCK KM 22 \u2013 Universelle Haftsysteme f\u00fcr Elastomere"},"content":{"rendered":"\t\t<div data-elementor-type=\"wp-page\" data-elementor-id=\"8989\" class=\"elementor elementor-8989 elementor-7815\">\n\t\t\t\t<div class=\"elementor-element elementor-element-5d1e8613 e-flex e-con-boxed wpr-particle-no wpr-jarallax-no wpr-parallax-no wpr-sticky-section-no wpr-equal-height-no e-con e-parent\" data-id=\"5d1e8613\" data-element_type=\"container\" data-e-type=\"container\">\n\t\t\t\t\t<div class=\"e-con-inner\">\n\t\t\t\t<div class=\"elementor-element elementor-element-324bb969 elementor-widget elementor-widget-text-editor\" data-id=\"324bb969\" data-element_type=\"widget\" data-e-type=\"widget\" data-widget_type=\"text-editor.default\">\n\t\t\t\t\t\t\t\t\t\n<p\/>\n\n\n\n<p\/>\n\t\t\t\t\t\t\t\t<\/div>\n\t\t\t\t\t<\/div>\n\t\t\t\t<\/div>\n\t\t<div class=\"elementor-element elementor-element-6023780 e-flex e-con-boxed wpr-particle-no wpr-jarallax-no wpr-parallax-no wpr-sticky-section-no wpr-equal-height-no e-con e-parent\" data-id=\"6023780\" data-element_type=\"container\" data-e-type=\"container\" data-settings=\"{&quot;background_background&quot;:&quot;classic&quot;}\">\n\t\t\t\t\t<div class=\"e-con-inner\">\n\t\t<div class=\"elementor-element elementor-element-d875da3 e-con-full e-flex wpr-particle-no wpr-jarallax-no wpr-parallax-no wpr-sticky-section-no wpr-equal-height-no e-con e-child\" data-id=\"d875da3\" data-element_type=\"container\" data-e-type=\"container\">\n\t\t\t\t<div class=\"elementor-element elementor-element-d988995 elementor-widget elementor-widget-elementskit-heading\" data-id=\"d988995\" data-element_type=\"widget\" data-e-type=\"widget\" data-widget_type=\"elementskit-heading.default\">\n\t\t\t\t\t<div class=\"ekit-wid-con\" ><div class=\"ekit-heading elementskit-section-title-wraper text_left   ekit_heading_tablet-   ekit_heading_mobile-\"><h2 class=\"ekit-heading--title elementskit-section-title \">KA&amp;MELOCK KM 22<\/h2>\t\t\t\t<div class='ekit-heading__description'>\n\t\t\t\t\t<p><strong>KA&amp;MELOCK KM 22<\/strong> ist ein <strong>universelles Haftsystem f\u00fcr Elastomere<\/strong>, der f\u00fcr die Verklebung einer Vielzahl von Elastomerverbindungen mit <strong>Metall- und Kunststoffsubstraten<\/strong> entwickelt wurde. Er ist f\u00fcr die Verwendung in Kombination mit dem entsprechenden Primer <strong>KA&amp;MELOCK MP 05<\/strong> vorgesehen. <\/p>\n<p>Dieses Haftsystem bietet <strong>hervorragende Best\u00e4ndigkeit gegen Korrosion, Temperatur und \u00d6le<\/strong>. Das KA&amp;MELOCK KM 22 System ist <strong>bleifrei<\/strong> und f\u00fcr anspruchsvolle industrielle Anwendungen geeignet. <\/p>\n<p>KA&amp;MELOCK KM 20 verklebt Elastomerverbindungen auf Basis von Naturkautschuk (NR), Butadien (BR), Isopren (IR), Styrol-Butadien-Kautschuk (SBR), Butylkautschuk (IIR), Nitrilkautschuk (NBR) und Chloroprenkautschuk (CR) mit einer Vielzahl von <strong>Metallen, Legierungen und polaren polymeren Substraten<\/strong>.<\/p>\n<p>Die Verklebung erfolgt w\u00e4hrend des <strong>Vulkanisationsprozesses<\/strong>. Typische Aush\u00e4rtungstemperaturen f\u00fcr Formanwendungen liegen zwischen <strong>130\u2013180 \u00b0C<\/strong>.<br>F\u00fcr <strong>Tankauskleidungsanwendungen<\/strong> k\u00f6nnen auch niedrigere Aush\u00e4rtungstemperaturen von ca. <strong>100 \u00b0C<\/strong> in Kombination mit l\u00e4ngeren Aush\u00e4rtungszeiten verwendet werden. <\/p>\n\t\t\t\t<\/div>\n\t\t\t<\/div><\/div>\t\t\t\t<\/div>\n\t\t\t\t<\/div>\n\t\t<div class=\"elementor-element elementor-element-7816eec e-con-full e-flex wpr-particle-no wpr-jarallax-no wpr-parallax-no wpr-sticky-section-no wpr-equal-height-no e-con e-child\" data-id=\"7816eec\" data-element_type=\"container\" data-e-type=\"container\">\n\t\t\t\t<div class=\"elementor-element elementor-element-c9ee38f elementor-widget elementor-widget-image\" data-id=\"c9ee38f\" data-element_type=\"widget\" data-e-type=\"widget\" data-widget_type=\"image.default\">\n\t\t\t\t\t\t\t\t\t\t\t\t\t\t\t<img fetchpriority=\"high\" decoding=\"async\" width=\"950\" height=\"634\" src=\"https:\/\/gotec-bonding-agent-systems.com\/wp-content\/uploads\/2026\/02\/KAMELOCK-KM-22-1024x683.png\" class=\"attachment-large size-large wp-image-8991\" alt=\"KA&amp;MELOCK KM 22\" srcset=\"https:\/\/gotec-bonding-agent-systems.com\/wp-content\/uploads\/2026\/02\/KAMELOCK-KM-22-1024x683.png 1024w, https:\/\/gotec-bonding-agent-systems.com\/wp-content\/uploads\/2026\/02\/KAMELOCK-KM-22-300x200.png 300w, https:\/\/gotec-bonding-agent-systems.com\/wp-content\/uploads\/2026\/02\/KAMELOCK-KM-22-600x400.png 600w, https:\/\/gotec-bonding-agent-systems.com\/wp-content\/uploads\/2026\/02\/KAMELOCK-KM-22-1200x800.png 1200w, https:\/\/gotec-bonding-agent-systems.com\/wp-content\/uploads\/2026\/02\/KAMELOCK-KM-22.png 1536w\" sizes=\"100vw\" \/>\t\t\t\t\t\t\t\t\t\t\t\t\t\t\t<\/div>\n\t\t\t\t<div class=\"elementor-element elementor-element-38f99e8 elementor-widget elementor-widget-spacer\" data-id=\"38f99e8\" data-element_type=\"widget\" data-e-type=\"widget\" data-widget_type=\"spacer.default\">\n\t\t\t\t\t\t\t<div class=\"elementor-spacer\">\n\t\t\t<div class=\"elementor-spacer-inner\"><\/div>\n\t\t<\/div>\n\t\t\t\t\t\t<\/div>\n\t\t\t\t<div class=\"elementor-element elementor-element-09f82dc elementor-widget elementor-widget-button\" data-id=\"09f82dc\" data-element_type=\"widget\" data-e-type=\"widget\" data-widget_type=\"button.default\">\n\t\t\t\t\t\t\t\t\t\t<a class=\"elementor-button elementor-button-link elementor-size-sm\" href=\"https:\/\/gotec-bonding-agent-systems.com\/wp-content\/uploads\/2026\/01\/QaszHD-Unknown.pdf\">\n\t\t\t\t\t\t<span class=\"elementor-button-content-wrapper\">\n\t\t\t\t\t\t\t\t\t<span class=\"elementor-button-text\">PDF HERUNTERLADEN<\/span>\n\t\t\t\t\t<\/span>\n\t\t\t\t\t<\/a>\n\t\t\t\t\t\t\t\t<\/div>\n\t\t\t\t<\/div>\n\t\t\t\t\t<\/div>\n\t\t\t\t<\/div>\n\t\t\t\t<section class=\"elementor-section elementor-top-section elementor-element elementor-element-2447476 elementor-section-boxed elementor-section-height-default elementor-section-height-default wpr-particle-no wpr-jarallax-no wpr-parallax-no wpr-sticky-section-no wpr-equal-height-no\" data-id=\"2447476\" data-element_type=\"section\" data-e-type=\"section\">\n\t\t\t\t\t\t<div class=\"elementor-container elementor-column-gap-default\">\n\t\t\t\t\t<div class=\"elementor-column elementor-col-100 elementor-top-column elementor-element elementor-element-8188452\" data-id=\"8188452\" data-element_type=\"column\" data-e-type=\"column\">\n\t\t\t<div class=\"elementor-widget-wrap elementor-element-populated\">\n\t\t\t\t\t\t<div class=\"elementor-element elementor-element-a47cf76 elementor-widget elementor-widget-heading\" data-id=\"a47cf76\" data-element_type=\"widget\" data-e-type=\"widget\" data-widget_type=\"heading.default\">\n\t\t\t\t\t<h2 class=\"elementor-heading-title elementor-size-default\">Technische Daten<\/h2>\t\t\t\t<\/div>\n\t\t\t\t<div class=\"elementor-element elementor-element-9494818 wpr-list-style-none elementor-widget elementor-widget-wpr-posts-timeline\" data-id=\"9494818\" data-element_type=\"widget\" data-e-type=\"widget\" data-settings=\"{&quot;animation_offset&quot;:150,&quot;aos_animation_duration&quot;:600}\" data-widget_type=\"wpr-posts-timeline.default\">\n\t\t\t\t\t\n\t\t<div class=\"wpr-wrapper wpr-vertical wpr-one-sided-wrapper\">\n\t\t\t<div class=\"wpr-timeline-centered wpr-line wpr-one-sided-timeline\"><div class=\"wpr-middle-line\"><\/div><div class=\"wpr-timeline-fill\" data-layout=\"one-sided\"><\/div><article class=\"wpr-timeline-entry wpr-right-aligned elementor-repeater-item-f94da51\" data-item-id=\"elementor-repeater-item-f94da51\"><div class=\"wpr-timeline-entry-inner\"><div class=\"wpr-main-line-icon wpr-icon\"><\/div><div class=\"wpr-story-info-vertical wpr-data-wrap \"  data-aos=\"fade\" data-aos-left=\"\" data-aos-right=\"\" data-animation-offset=\"150\" data-animation-duration=\"600\"><div class=\"wpr-timeline-content-wrapper\"><div class=\"wpr-content-wrapper\"><div class=\"wpr-description\"><table>\n<tbody>\n<tr>\n<td>\n<p>Farbe Braun Fl\u00fcssig<\/p>\n<\/td>\n<td>\n<p> <\/p>\n<\/td>\n<\/tr>\n<\/tbody>\n<\/table>\n<table style=\"height: 124px\" width=\"238\">\n<tbody>\n<tr>\n<td>\n<p>Viskosit\u00e4t 4 mm DIN-Becher 10 \u2013 14 s<\/p>\n<\/td>\n<td> <\/td>\n<\/tr>\n<\/tbody>\n<\/table>\n<table>\n<tbody>\n<tr>\n<td>\n<p>Viskosit\u00e4t, cps bei 25 \u00b0C (77 \u00b0F)<\/p>\n<table>\n<tbody>\n<tr>\n<td>\n<p> 50 \u2013 120 mPas<\/p>\n<\/td>\n<\/tr>\n<\/tbody>\n<\/table>\n<p>Brookfield SNB1<br>Spindel 2, 30 U\/min<\/p>\n<\/td>\n<td> <\/td>\n<\/tr>\n<\/tbody>\n<\/table><\/div><\/div><\/div><\/div>\n\t\t\t\t\t\t<\/div>\n\t\t\t\t<\/article><article class=\"wpr-timeline-entry wpr-right-aligned elementor-repeater-item-2a37755\" data-item-id=\"elementor-repeater-item-2a37755\"><div class=\"wpr-timeline-entry-inner\"><div class=\"wpr-main-line-icon wpr-icon\"><\/div><div class=\"wpr-story-info-vertical wpr-data-wrap \"  data-aos=\"fade\" data-aos-left=\"\" data-aos-right=\"\" data-animation-offset=\"150\" data-animation-duration=\"600\"><div class=\"wpr-timeline-content-wrapper\"><div class=\"wpr-content-wrapper\"><div class=\"wpr-description\"><table>\n<tbody>\n<tr>\n<td>\n<p>Spezifisches Gewicht 0,82 \u2013 0,86 g\/cm\u00b3<\/p>\n<\/td>\n<td> <\/td>\n<\/tr>\n<\/tbody>\n<\/table>\n<table style=\"height: 172px\" width=\"201\">\n<tbody>\n<tr>\n<td>\n<p>Feststoffgehalt 11 \u2013 15 Gew.-%<\/p>\n<\/td>\n<td> <\/td>\n<\/tr>\n<\/tbody>\n<\/table>\n<table>\n<tbody>\n<tr>\n<td>\n<p>L\u00f6sungsmittel Methylisobutylketon (MIBK), Methylethylketon (MEK)<\/p>\n<\/td>\n<td>\n<p> <\/p>\n<\/td>\n<\/tr>\n<\/tbody>\n<\/table>\n<p>*Die Daten sind typisch und nicht f\u00fcr Spezifikationszwecke zu verwenden.<\/p><\/div><\/div><\/div><\/div>\n\t\t\t\t\t\t<\/div>\n\t\t\t\t<\/article><\/div>    \n\t\t\t<\/div>\t\t\t\t<\/div>\n\t\t\t\t<div class=\"elementor-element elementor-element-362607d elementor-widget elementor-widget-text-editor\" data-id=\"362607d\" data-element_type=\"widget\" data-e-type=\"widget\" data-widget_type=\"text-editor.default\">\n\t\t\t\t\t\t\t\t\t<p data-start=\"185\" data-end=\"333\">Unsere <strong data-start=\"189\" data-end=\"220\">Elastomer-Haftl\u00f6sungen<\/strong> schaffen zuverl\u00e4ssigen Mehrwert f\u00fcr Ihr Unternehmen und gew\u00e4hrleisten einen <strong data-start=\"267\" data-end=\"332\">reibungslosen Betrieb in allen Branchen und Anwendungen<\/strong>.<\/p>\n<p data-start=\"335\" data-end=\"654\">Wir sind davon \u00fcberzeugt, dass <strong data-start=\"351\" data-end=\"398\">pr\u00e4zise Tests und Analysen unerl\u00e4sslich sind<\/strong>. Bei <strong data-start=\"403\" data-end=\"428\">GOTEC Bonding Systems<\/strong> werden alle KA&amp;MELOCK Produkte in unseren Laboren gr\u00fcndlich getestet und dokumentiert. Dar\u00fcber hinaus unterst\u00fctzen unsere <strong data-start=\"528\" data-end=\"546\">F&amp;E-Aktivit\u00e4ten<\/strong> kontinuierlich die Produktentwicklung und -optimierung in unseren speziellen Demo- und Testeinrichtungen.  <\/p>\n<p data-start=\"656\" data-end=\"955\">Um den am besten geeigneten <strong data-start=\"687\" data-end=\"714\">KA&amp;MELOCK Haftvermittler<\/strong> f\u00fcr Ihre Anwendung zu ermitteln, kontaktieren Sie bitte unser Team und geben Sie Informationen zu Ihrem <strong data-start=\"793\" data-end=\"857\">Haftsystem, der Anwendungsmethode, dem Elastomer und dem Substrat<\/strong> an. Basierend auf diesen Daten empfehlen wir Ihnen die passenden KA&amp;MELOCK Haftsysteme f\u00fcr Ihren Prozess. <\/p>\t\t\t\t\t\t\t\t<\/div>\n\t\t\t\t\t<\/div>\n\t\t<\/div>\n\t\t\t\t\t<\/div>\n\t\t<\/section>\n\t\t\t\t<\/div>\n\t\t\n    <div class=\"xs_social_share_widget xs_share_url after_content \t\tmain_content  wslu-style-1 wslu-share-box-shaped wslu-fill-colored wslu-none wslu-share-horizontal wslu-theme-font-no wslu-main_content\">\n\n\t\t\n        <ul>\n\t\t\t        <\/ul>\n    <\/div> \n","protected":false},"excerpt":{"rendered":"<p>KA&amp;MELOCK KM 22 KA&amp;MELOCK KM 22 ist ein universelles Haftsystem f\u00fcr Elastomere, der f\u00fcr die Verklebung einer Vielzahl von Elastomerverbindungen mit Metall- und Kunststoffsubstraten entwickelt wurde. Er ist f\u00fcr die Verwendung in Kombination mit dem entsprechenden Primer KA&amp;MELOCK MP 05 vorgesehen. Dieses Haftsystem bietet hervorragende Best\u00e4ndigkeit gegen Korrosion, Temperatur und \u00d6le. Das KA&amp;MELOCK KM 22 System ist bleifrei und f\u00fcr anspruchsvolle industrielle Anwendungen geeignet. KA&amp;MELOCK KM 20 verklebt Elastomerverbindungen auf Basis von Naturkautschuk (NR), Butadien (BR), Isopren (IR), Styrol-Butadien-Kautschuk (SBR), Butylkautschuk (IIR), Nitrilkautschuk (NBR) und Chloroprenkautschuk (CR) mit einer Vielzahl von Metallen, Legierungen und polaren polymeren Substraten. Die Verklebung erfolgt w\u00e4hrend des Vulkanisationsprozesses. Typische Aush\u00e4rtungstemperaturen f\u00fcr Formanwendungen liegen zwischen 130\u2013180 \u00b0C.F\u00fcr Tankauskleidungsanwendungen k\u00f6nnen auch niedrigere Aush\u00e4rtungstemperaturen von ca. 100 \u00b0C in Kombination mit l\u00e4ngeren Aush\u00e4rtungszeiten verwendet werden. PDF HERUNTERLADEN Technische Daten Farbe Braun Fl\u00fcssig Viskosit\u00e4t 4 mm DIN-Becher 10 \u2013 14 s Viskosit\u00e4t, cps bei 25 \u00b0C (77 \u00b0F) 50 \u2013 120 mPas Brookfield SNB1Spindel 2, 30 U\/min Spezifisches Gewicht 0,82 \u2013 0,86 g\/cm\u00b3 Feststoffgehalt 11 \u2013 15 Gew.-% L\u00f6sungsmittel Methylisobutylketon (MIBK), Methylethylketon (MEK) *Die Daten sind typisch und nicht f\u00fcr Spezifikationszwecke zu verwenden. Unsere Elastomer-Haftl\u00f6sungen schaffen zuverl\u00e4ssigen Mehrwert f\u00fcr Ihr Unternehmen und gew\u00e4hrleisten einen reibungslosen Betrieb in allen Branchen und Anwendungen. Wir sind davon \u00fcberzeugt, dass pr\u00e4zise Tests und Analysen unerl\u00e4sslich sind. Bei GOTEC Bonding Systems werden alle KA&amp;MELOCK Produkte in unseren Laboren gr\u00fcndlich getestet und dokumentiert. Dar\u00fcber hinaus unterst\u00fctzen unsere F&amp;E-Aktivit\u00e4ten kontinuierlich die Produktentwicklung und -optimierung in unseren speziellen Demo- und Testeinrichtungen. Um den am besten geeigneten KA&amp;MELOCK Haftvermittler f\u00fcr Ihre Anwendung zu ermitteln, kontaktieren Sie bitte unser Team und geben Sie Informationen zu Ihrem Haftsystem, der Anwendungsmethode, dem Elastomer und dem Substrat an. Basierend auf diesen Daten empfehlen wir Ihnen die passenden KA&amp;MELOCK Haftsysteme f\u00fcr Ihren Prozess.<\/p>\n","protected":false},"author":1,"featured_media":0,"parent":0,"menu_order":0,"comment_status":"closed","ping_status":"closed","template":"","meta":{"postBodyCss":"","postBodyMargin":[],"postBodyPadding":[],"postBodyBackground":{"backgroundType":"classic","gradient":""},"inspiro_hide_title":false,"footnotes":""},"class_list":["post-8989","page","type-page","status-publish","hentry"],"yoast_head":"<!-- This site is optimized with the Yoast SEO plugin v27.4 - https:\/\/yoast.com\/product\/yoast-seo-wordpress\/ -->\n<title>KA&amp;MELOCK KM 22 \u2013 Universelle Haftsysteme f\u00fcr Elastomere<\/title>\n<meta name=\"description\" content=\"KA&amp;MELOCK KM 22 universeller, bleifreier Haftvermittler f\u00fcr Elastomere auf Metall und Kunststoffe. F\u00fcr Langlebigkeit mit MP 05 kombinieren.\" \/>\n<meta name=\"robots\" content=\"index, follow, max-snippet:-1, max-image-preview:large, max-video-preview:-1\" \/>\n<link rel=\"canonical\" href=\"https:\/\/gotec-bonding-agent-systems.com\/de\/kamelock-km-22\/\" \/>\n<meta property=\"og:locale\" content=\"de_DE\" \/>\n<meta property=\"og:type\" content=\"article\" \/>\n<meta property=\"og:title\" content=\"KA&amp;MELOCK KM 22 \u2013 Universelle Haftsysteme f\u00fcr Elastomere\" \/>\n<meta property=\"og:description\" content=\"KA&amp;MELOCK KM 22 universeller, bleifreier Haftvermittler f\u00fcr Elastomere auf Metall und Kunststoffe. F\u00fcr Langlebigkeit mit MP 05 kombinieren.\" \/>\n<meta property=\"og:url\" content=\"https:\/\/gotec-bonding-agent-systems.com\/de\/kamelock-km-22\/\" \/>\n<meta property=\"og:site_name\" content=\"GOTEC Bonding Systems\" \/>\n<meta property=\"article:modified_time\" content=\"2026-04-03T13:29:47+00:00\" \/>\n<meta property=\"og:image\" content=\"https:\/\/gotec-bonding-agent-systems.com\/wp-content\/uploads\/2026\/02\/KAMELOCK-KM-22.png\" \/>\n\t<meta property=\"og:image:width\" content=\"1536\" \/>\n\t<meta property=\"og:image:height\" content=\"1024\" \/>\n\t<meta property=\"og:image:type\" content=\"image\/png\" \/>\n<meta name=\"twitter:card\" content=\"summary_large_image\" \/>\n<meta name=\"twitter:label1\" content=\"Gesch\u00e4tzte Lesezeit\" \/>\n\t<meta name=\"twitter:data1\" content=\"2\u00a0Minuten\" \/>\n<script type=\"application\/ld+json\" class=\"yoast-schema-graph\">{\"@context\":\"https:\\\/\\\/schema.org\",\"@graph\":[{\"@type\":\"WebPage\",\"@id\":\"https:\\\/\\\/gotec-bonding-agent-systems.com\\\/de\\\/kamelock-km-22\\\/\",\"url\":\"https:\\\/\\\/gotec-bonding-agent-systems.com\\\/de\\\/kamelock-km-22\\\/\",\"name\":\"KA&MELOCK KM 22 \u2013 Universelle Haftsysteme f\u00fcr Elastomere\",\"isPartOf\":{\"@id\":\"https:\\\/\\\/gotec-bonding-agent-systems.com\\\/#website\"},\"primaryImageOfPage\":{\"@id\":\"https:\\\/\\\/gotec-bonding-agent-systems.com\\\/de\\\/kamelock-km-22\\\/#primaryimage\"},\"image\":{\"@id\":\"https:\\\/\\\/gotec-bonding-agent-systems.com\\\/de\\\/kamelock-km-22\\\/#primaryimage\"},\"thumbnailUrl\":\"https:\\\/\\\/gotec-bonding-agent-systems.com\\\/wp-content\\\/uploads\\\/2026\\\/02\\\/KAMELOCK-KM-22-1024x683.png\",\"datePublished\":\"2026-01-22T21:54:14+00:00\",\"dateModified\":\"2026-04-03T13:29:47+00:00\",\"description\":\"KA&MELOCK KM 22 universeller, bleifreier Haftvermittler f\u00fcr Elastomere auf Metall und Kunststoffe. F\u00fcr Langlebigkeit mit MP 05 kombinieren.\",\"breadcrumb\":{\"@id\":\"https:\\\/\\\/gotec-bonding-agent-systems.com\\\/de\\\/kamelock-km-22\\\/#breadcrumb\"},\"inLanguage\":\"de\",\"potentialAction\":[{\"@type\":\"ReadAction\",\"target\":[\"https:\\\/\\\/gotec-bonding-agent-systems.com\\\/de\\\/kamelock-km-22\\\/\"]}]},{\"@type\":\"ImageObject\",\"inLanguage\":\"de\",\"@id\":\"https:\\\/\\\/gotec-bonding-agent-systems.com\\\/de\\\/kamelock-km-22\\\/#primaryimage\",\"url\":\"https:\\\/\\\/gotec-bonding-agent-systems.com\\\/wp-content\\\/uploads\\\/2026\\\/02\\\/KAMELOCK-KM-22-1024x683.png\",\"contentUrl\":\"https:\\\/\\\/gotec-bonding-agent-systems.com\\\/wp-content\\\/uploads\\\/2026\\\/02\\\/KAMELOCK-KM-22-1024x683.png\"},{\"@type\":\"BreadcrumbList\",\"@id\":\"https:\\\/\\\/gotec-bonding-agent-systems.com\\\/de\\\/kamelock-km-22\\\/#breadcrumb\",\"itemListElement\":[{\"@type\":\"ListItem\",\"position\":1,\"name\":\"Start\",\"item\":\"https:\\\/\\\/gotec-bonding-agent-systems.com\\\/de\\\/\"},{\"@type\":\"ListItem\",\"position\":2,\"name\":\"KA&amp;MELOCK KM 22 \u2013 Universelle Haftsysteme f\u00fcr Elastomere\"}]},{\"@type\":\"WebSite\",\"@id\":\"https:\\\/\\\/gotec-bonding-agent-systems.com\\\/#website\",\"url\":\"https:\\\/\\\/gotec-bonding-agent-systems.com\\\/\",\"name\":\"GOTEC Bonding Systems\",\"description\":\"\",\"publisher\":{\"@id\":\"https:\\\/\\\/gotec-bonding-agent-systems.com\\\/#organization\"},\"potentialAction\":[{\"@type\":\"SearchAction\",\"target\":{\"@type\":\"EntryPoint\",\"urlTemplate\":\"https:\\\/\\\/gotec-bonding-agent-systems.com\\\/?s={search_term_string}\"},\"query-input\":{\"@type\":\"PropertyValueSpecification\",\"valueRequired\":true,\"valueName\":\"search_term_string\"}}],\"inLanguage\":\"de\"},{\"@type\":\"Organization\",\"@id\":\"https:\\\/\\\/gotec-bonding-agent-systems.com\\\/#organization\",\"name\":\"GOTEC Bonding Systems\",\"url\":\"https:\\\/\\\/gotec-bonding-agent-systems.com\\\/\",\"logo\":{\"@type\":\"ImageObject\",\"inLanguage\":\"de\",\"@id\":\"https:\\\/\\\/gotec-bonding-agent-systems.com\\\/#\\\/schema\\\/logo\\\/image\\\/\",\"url\":\"https:\\\/\\\/gotec-bonding-agent-systems.com\\\/wp-content\\\/uploads\\\/2025\\\/11\\\/cropped-GOTEC_Bonding_Systems_Logo.png\",\"contentUrl\":\"https:\\\/\\\/gotec-bonding-agent-systems.com\\\/wp-content\\\/uploads\\\/2025\\\/11\\\/cropped-GOTEC_Bonding_Systems_Logo.png\",\"width\":2122,\"height\":1287,\"caption\":\"GOTEC Bonding Systems\"},\"image\":{\"@id\":\"https:\\\/\\\/gotec-bonding-agent-systems.com\\\/#\\\/schema\\\/logo\\\/image\\\/\"}}]}<\/script>\n<!-- \/ Yoast SEO plugin. -->","yoast_head_json":{"title":"KA&MELOCK KM 22 \u2013 Universelle Haftsysteme f\u00fcr Elastomere","description":"KA&MELOCK KM 22 universeller, bleifreier Haftvermittler f\u00fcr Elastomere auf Metall und Kunststoffe. F\u00fcr Langlebigkeit mit MP 05 kombinieren.","robots":{"index":"index","follow":"follow","max-snippet":"max-snippet:-1","max-image-preview":"max-image-preview:large","max-video-preview":"max-video-preview:-1"},"canonical":"https:\/\/gotec-bonding-agent-systems.com\/de\/kamelock-km-22\/","og_locale":"de_DE","og_type":"article","og_title":"KA&MELOCK KM 22 \u2013 Universelle Haftsysteme f\u00fcr Elastomere","og_description":"KA&MELOCK KM 22 universeller, bleifreier Haftvermittler f\u00fcr Elastomere auf Metall und Kunststoffe. F\u00fcr Langlebigkeit mit MP 05 kombinieren.","og_url":"https:\/\/gotec-bonding-agent-systems.com\/de\/kamelock-km-22\/","og_site_name":"GOTEC Bonding Systems","article_modified_time":"2026-04-03T13:29:47+00:00","og_image":[{"width":1536,"height":1024,"url":"https:\/\/gotec-bonding-agent-systems.com\/wp-content\/uploads\/2026\/02\/KAMELOCK-KM-22.png","type":"image\/png"}],"twitter_card":"summary_large_image","twitter_misc":{"Gesch\u00e4tzte Lesezeit":"2\u00a0Minuten"},"schema":{"@context":"https:\/\/schema.org","@graph":[{"@type":"WebPage","@id":"https:\/\/gotec-bonding-agent-systems.com\/de\/kamelock-km-22\/","url":"https:\/\/gotec-bonding-agent-systems.com\/de\/kamelock-km-22\/","name":"KA&MELOCK KM 22 \u2013 Universelle Haftsysteme f\u00fcr Elastomere","isPartOf":{"@id":"https:\/\/gotec-bonding-agent-systems.com\/#website"},"primaryImageOfPage":{"@id":"https:\/\/gotec-bonding-agent-systems.com\/de\/kamelock-km-22\/#primaryimage"},"image":{"@id":"https:\/\/gotec-bonding-agent-systems.com\/de\/kamelock-km-22\/#primaryimage"},"thumbnailUrl":"https:\/\/gotec-bonding-agent-systems.com\/wp-content\/uploads\/2026\/02\/KAMELOCK-KM-22-1024x683.png","datePublished":"2026-01-22T21:54:14+00:00","dateModified":"2026-04-03T13:29:47+00:00","description":"KA&MELOCK KM 22 universeller, bleifreier Haftvermittler f\u00fcr Elastomere auf Metall und Kunststoffe. F\u00fcr Langlebigkeit mit MP 05 kombinieren.","breadcrumb":{"@id":"https:\/\/gotec-bonding-agent-systems.com\/de\/kamelock-km-22\/#breadcrumb"},"inLanguage":"de","potentialAction":[{"@type":"ReadAction","target":["https:\/\/gotec-bonding-agent-systems.com\/de\/kamelock-km-22\/"]}]},{"@type":"ImageObject","inLanguage":"de","@id":"https:\/\/gotec-bonding-agent-systems.com\/de\/kamelock-km-22\/#primaryimage","url":"https:\/\/gotec-bonding-agent-systems.com\/wp-content\/uploads\/2026\/02\/KAMELOCK-KM-22-1024x683.png","contentUrl":"https:\/\/gotec-bonding-agent-systems.com\/wp-content\/uploads\/2026\/02\/KAMELOCK-KM-22-1024x683.png"},{"@type":"BreadcrumbList","@id":"https:\/\/gotec-bonding-agent-systems.com\/de\/kamelock-km-22\/#breadcrumb","itemListElement":[{"@type":"ListItem","position":1,"name":"Start","item":"https:\/\/gotec-bonding-agent-systems.com\/de\/"},{"@type":"ListItem","position":2,"name":"KA&amp;MELOCK KM 22 \u2013 Universelle Haftsysteme f\u00fcr Elastomere"}]},{"@type":"WebSite","@id":"https:\/\/gotec-bonding-agent-systems.com\/#website","url":"https:\/\/gotec-bonding-agent-systems.com\/","name":"GOTEC Bonding Systems","description":"","publisher":{"@id":"https:\/\/gotec-bonding-agent-systems.com\/#organization"},"potentialAction":[{"@type":"SearchAction","target":{"@type":"EntryPoint","urlTemplate":"https:\/\/gotec-bonding-agent-systems.com\/?s={search_term_string}"},"query-input":{"@type":"PropertyValueSpecification","valueRequired":true,"valueName":"search_term_string"}}],"inLanguage":"de"},{"@type":"Organization","@id":"https:\/\/gotec-bonding-agent-systems.com\/#organization","name":"GOTEC Bonding Systems","url":"https:\/\/gotec-bonding-agent-systems.com\/","logo":{"@type":"ImageObject","inLanguage":"de","@id":"https:\/\/gotec-bonding-agent-systems.com\/#\/schema\/logo\/image\/","url":"https:\/\/gotec-bonding-agent-systems.com\/wp-content\/uploads\/2025\/11\/cropped-GOTEC_Bonding_Systems_Logo.png","contentUrl":"https:\/\/gotec-bonding-agent-systems.com\/wp-content\/uploads\/2025\/11\/cropped-GOTEC_Bonding_Systems_Logo.png","width":2122,"height":1287,"caption":"GOTEC Bonding Systems"},"image":{"@id":"https:\/\/gotec-bonding-agent-systems.com\/#\/schema\/logo\/image\/"}}]}},"featured_media_urls":[],"_links":{"self":[{"href":"https:\/\/gotec-bonding-agent-systems.com\/de\/wp-json\/wp\/v2\/pages\/8989","targetHints":{"allow":["GET"]}}],"collection":[{"href":"https:\/\/gotec-bonding-agent-systems.com\/de\/wp-json\/wp\/v2\/pages"}],"about":[{"href":"https:\/\/gotec-bonding-agent-systems.com\/de\/wp-json\/wp\/v2\/types\/page"}],"author":[{"embeddable":true,"href":"https:\/\/gotec-bonding-agent-systems.com\/de\/wp-json\/wp\/v2\/users\/1"}],"replies":[{"embeddable":true,"href":"https:\/\/gotec-bonding-agent-systems.com\/de\/wp-json\/wp\/v2\/comments?post=8989"}],"version-history":[{"count":9,"href":"https:\/\/gotec-bonding-agent-systems.com\/de\/wp-json\/wp\/v2\/pages\/8989\/revisions"}],"predecessor-version":[{"id":9388,"href":"https:\/\/gotec-bonding-agent-systems.com\/de\/wp-json\/wp\/v2\/pages\/8989\/revisions\/9388"}],"wp:attachment":[{"href":"https:\/\/gotec-bonding-agent-systems.com\/de\/wp-json\/wp\/v2\/media?parent=8989"}],"curies":[{"name":"wp","href":"https:\/\/api.w.org\/{rel}","templated":true}]}}