{"id":8999,"date":"2026-01-22T21:44:14","date_gmt":"2026-01-22T21:44:14","guid":{"rendered":"https:\/\/gotec-bonding-agent-systems.com\/kamelock-km-20\/"},"modified":"2026-04-05T09:38:41","modified_gmt":"2026-04-05T09:38:41","slug":"kamelock-km-20","status":"publish","type":"page","link":"https:\/\/gotec-bonding-agent-systems.com\/de\/kamelock-km-20\/","title":{"rendered":"KA&amp;MELOCK KM 20 &#8211; Bleifreies Haftsystem"},"content":{"rendered":"\t\t<div data-elementor-type=\"wp-page\" data-elementor-id=\"8999\" class=\"elementor elementor-8999 elementor-7801\">\n\t\t\t\t<div class=\"elementor-element elementor-element-1412f02d e-flex e-con-boxed wpr-particle-no wpr-jarallax-no wpr-parallax-no wpr-sticky-section-no wpr-equal-height-no e-con e-parent\" data-id=\"1412f02d\" data-element_type=\"container\" data-e-type=\"container\">\n\t\t\t\t\t<div class=\"e-con-inner\">\n\t\t\t\t<div class=\"elementor-element elementor-element-31eaca3c elementor-widget elementor-widget-text-editor\" data-id=\"31eaca3c\" data-element_type=\"widget\" data-e-type=\"widget\" data-widget_type=\"text-editor.default\">\n\t\t\t\t\t\t\t\t\t\n<p\/>\n\n\n\n<p\/>\n\t\t\t\t\t\t\t\t<\/div>\n\t\t\t\t\t<\/div>\n\t\t\t\t<\/div>\n\t\t<div class=\"elementor-element elementor-element-3b6aab8 e-flex e-con-boxed wpr-particle-no wpr-jarallax-no wpr-parallax-no wpr-sticky-section-no wpr-equal-height-no e-con e-parent\" data-id=\"3b6aab8\" data-element_type=\"container\" data-e-type=\"container\" data-settings=\"{&quot;background_background&quot;:&quot;classic&quot;}\">\n\t\t\t\t\t<div class=\"e-con-inner\">\n\t\t<div class=\"elementor-element elementor-element-3ec5e32 e-con-full e-flex wpr-particle-no wpr-jarallax-no wpr-parallax-no wpr-sticky-section-no wpr-equal-height-no e-con e-child\" data-id=\"3ec5e32\" data-element_type=\"container\" data-e-type=\"container\">\n\t\t\t\t<div class=\"elementor-element elementor-element-4125371 elementor-widget elementor-widget-elementskit-heading\" data-id=\"4125371\" data-element_type=\"widget\" data-e-type=\"widget\" data-widget_type=\"elementskit-heading.default\">\n\t\t\t\t\t<div class=\"ekit-wid-con\" ><div class=\"ekit-heading elementskit-section-title-wraper text_left   ekit_heading_tablet-   ekit_heading_mobile-\"><h2 class=\"ekit-heading--title elementskit-section-title \">KA&amp;MELOCK KM 20<\/h2>\t\t\t\t<div class='ekit-heading__description'>\n\t\t\t\t\t<p><strong>KA&amp;MELOCK KM 20<\/strong> ist ein bleifreies und <strong>universelles Haftsystem<\/strong>, der entwickelt wurde, um eine breite Palette von Elastomerverbindungen mit <strong>Metall- und Kunststoffsubstraten<\/strong> zu verbinden.<br>Er ist f\u00fcr die Verwendung in Kombination mit dem entsprechenden <strong>KA&amp;MELOCK MP 05 Primer<\/strong> vorgesehen und bildet ein zuverl\u00e4ssiges Haftsystem.<\/p>\n<p>Dieses System bietet <strong>hervorragende Best\u00e4ndigkeit gegen Korrosion, erh\u00f6hte Temperaturen und \u00d6le<\/strong> und gew\u00e4hrleistet eine stabile Leistung unter anspruchsvollen industriellen Bedingungen.<br>Das <strong>KA&amp;MELOCK KM 20 Haftsystem ist bleifrei<\/strong>.<\/p>\n<p>KA&amp;MELOCK KM 20 erm\u00f6glicht die zuverl\u00e4ssige Verklebung von Elastomerverbindungen auf Basis von Naturkautschuk (NR), Butadienkautschuk (BR), Isoprenkautschuk (IR), Styrol-Butadien-Kautschuk (SBR), Butylkautschuk (IIR), Nitrilkautschuk (NBR) und Chloroprenkautschuk (CR) mit den <strong>meisten Metallen, Metalllegierungen und polaren polymeren Substraten<\/strong>.<\/p>\n<p>Die Verklebung erfolgt w\u00e4hrend des <strong>Vulkanisationsprozesses<\/strong> des Kautschuks.<br>Typische Aush\u00e4rtungstemperaturen f\u00fcr Formanwendungen liegen zwischen <strong>130 und 180 \u00b0C<\/strong>.<\/p>\n\t\t\t\t<\/div>\n\t\t\t<\/div><\/div>\t\t\t\t<\/div>\n\t\t\t\t<\/div>\n\t\t<div class=\"elementor-element elementor-element-97ab580 e-con-full e-flex wpr-particle-no wpr-jarallax-no wpr-parallax-no wpr-sticky-section-no wpr-equal-height-no e-con e-child\" data-id=\"97ab580\" data-element_type=\"container\" data-e-type=\"container\">\n\t\t\t\t<div class=\"elementor-element elementor-element-619c866 elementor-widget elementor-widget-image\" data-id=\"619c866\" data-element_type=\"widget\" data-e-type=\"widget\" data-widget_type=\"image.default\">\n\t\t\t\t\t\t\t\t\t\t\t\t\t\t\t<img fetchpriority=\"high\" decoding=\"async\" width=\"683\" height=\"1024\" src=\"https:\/\/gotec-bonding-agent-systems.com\/wp-content\/uploads\/2026\/02\/KAMELOCK-KM-20-683x1024.png\" class=\"attachment-large size-large wp-image-9001\" alt=\"KA&amp;MELOCK KM 20\" srcset=\"https:\/\/gotec-bonding-agent-systems.com\/wp-content\/uploads\/2026\/02\/KAMELOCK-KM-20-683x1024.png 683w, https:\/\/gotec-bonding-agent-systems.com\/wp-content\/uploads\/2026\/02\/KAMELOCK-KM-20-200x300.png 200w, https:\/\/gotec-bonding-agent-systems.com\/wp-content\/uploads\/2026\/02\/KAMELOCK-KM-20-600x900.png 600w, https:\/\/gotec-bonding-agent-systems.com\/wp-content\/uploads\/2026\/02\/KAMELOCK-KM-20.png 1024w\" sizes=\"100vw\" \/>\t\t\t\t\t\t\t\t\t\t\t\t\t\t\t<\/div>\n\t\t\t\t<div class=\"elementor-element elementor-element-3c837e0 elementor-widget elementor-widget-spacer\" data-id=\"3c837e0\" data-element_type=\"widget\" data-e-type=\"widget\" data-widget_type=\"spacer.default\">\n\t\t\t\t\t\t\t<div class=\"elementor-spacer\">\n\t\t\t<div class=\"elementor-spacer-inner\"><\/div>\n\t\t<\/div>\n\t\t\t\t\t\t<\/div>\n\t\t\t\t<div class=\"elementor-element elementor-element-ff44b2c elementor-widget elementor-widget-button\" data-id=\"ff44b2c\" data-element_type=\"widget\" data-e-type=\"widget\" data-widget_type=\"button.default\">\n\t\t\t\t\t\t\t\t\t\t<a class=\"elementor-button elementor-button-link elementor-size-sm\" href=\"https:\/\/gotec-bonding-agent-systems.com\/wp-content\/uploads\/2026\/01\/9gAZ0t-Unknown.pdf\">\n\t\t\t\t\t\t<span class=\"elementor-button-content-wrapper\">\n\t\t\t\t\t\t\t\t\t<span class=\"elementor-button-text\">PDF HERUNTERLADEN<\/span>\n\t\t\t\t\t<\/span>\n\t\t\t\t\t<\/a>\n\t\t\t\t\t\t\t\t<\/div>\n\t\t\t\t<\/div>\n\t\t\t\t\t<\/div>\n\t\t\t\t<\/div>\n\t\t\t\t<section class=\"elementor-section elementor-top-section elementor-element elementor-element-5612abe elementor-section-boxed elementor-section-height-default elementor-section-height-default wpr-particle-no wpr-jarallax-no wpr-parallax-no wpr-sticky-section-no wpr-equal-height-no\" data-id=\"5612abe\" data-element_type=\"section\" data-e-type=\"section\">\n\t\t\t\t\t\t<div class=\"elementor-container elementor-column-gap-default\">\n\t\t\t\t\t<div class=\"elementor-column elementor-col-100 elementor-top-column elementor-element elementor-element-41a7f47\" data-id=\"41a7f47\" data-element_type=\"column\" data-e-type=\"column\">\n\t\t\t<div class=\"elementor-widget-wrap elementor-element-populated\">\n\t\t\t\t\t\t<div class=\"elementor-element elementor-element-6fa31e6 elementor-widget elementor-widget-heading\" data-id=\"6fa31e6\" data-element_type=\"widget\" data-e-type=\"widget\" data-widget_type=\"heading.default\">\n\t\t\t\t\t<h2 class=\"elementor-heading-title elementor-size-default\">Technische Daten<\/h2>\t\t\t\t<\/div>\n\t\t\t\t<div class=\"elementor-element elementor-element-f480252 wpr-list-style-none elementor-widget elementor-widget-wpr-posts-timeline\" data-id=\"f480252\" data-element_type=\"widget\" data-e-type=\"widget\" data-settings=\"{&quot;animation_offset&quot;:150,&quot;aos_animation_duration&quot;:600}\" data-widget_type=\"wpr-posts-timeline.default\">\n\t\t\t\t\t\n\t\t<div class=\"wpr-wrapper wpr-vertical wpr-one-sided-wrapper\">\n\t\t\t<div class=\"wpr-timeline-centered wpr-line wpr-one-sided-timeline\"><div class=\"wpr-middle-line\"><\/div><div class=\"wpr-timeline-fill\" data-layout=\"one-sided\"><\/div><article class=\"wpr-timeline-entry wpr-right-aligned elementor-repeater-item-f94da51\" data-item-id=\"elementor-repeater-item-f94da51\"><div class=\"wpr-timeline-entry-inner\"><div class=\"wpr-main-line-icon wpr-icon\"><\/div><div class=\"wpr-story-info-vertical wpr-data-wrap \"  data-aos=\"fade\" data-aos-left=\"\" data-aos-right=\"\" data-animation-offset=\"150\" data-animation-duration=\"600\"><div class=\"wpr-timeline-content-wrapper\"><div class=\"wpr-content-wrapper\"><div class=\"wpr-description\"><table>\n<tbody>\n<tr>\n<td>\n<p>Farbe Schwarz\u2013Gr\u00fcn, fl\u00fcssig<\/p>\n<\/td>\n<td>\n<p> <\/p>\n<\/td>\n<\/tr>\n<\/tbody>\n<\/table>\n<table style=\"height: 124px\" width=\"238\">\n<tbody>\n<tr>\n<td>\n<p>Viskosit\u00e4t 4 mm DIN-Becher 30 \u2013 70 s<\/p>\n<\/td>\n<td> <\/td>\n<\/tr>\n<\/tbody>\n<\/table>\n<table>\n<tbody>\n<tr>\n<td>\n<p>Viskosit\u00e4t, cps bei 25\u00b0C (77\u00b0F)<\/p>\n<table>\n<tbody>\n<tr>\n<td>\n<p> 80 \u2013 250 mPas<\/p>\n<\/td>\n<\/tr>\n<\/tbody>\n<\/table>\n<p>Brookfield SNB1<br>Spindel 2, 30 U\/min<\/p>\n<\/td>\n<td> <\/td>\n<\/tr>\n<\/tbody>\n<\/table><\/div><\/div><\/div><\/div>\n\t\t\t\t\t\t<\/div>\n\t\t\t\t<\/article><article class=\"wpr-timeline-entry wpr-right-aligned elementor-repeater-item-2a37755\" data-item-id=\"elementor-repeater-item-2a37755\"><div class=\"wpr-timeline-entry-inner\"><div class=\"wpr-main-line-icon wpr-icon\"><\/div><div class=\"wpr-story-info-vertical wpr-data-wrap \"  data-aos=\"fade\" data-aos-left=\"\" data-aos-right=\"\" data-animation-offset=\"150\" data-animation-duration=\"600\"><div class=\"wpr-timeline-content-wrapper\"><div class=\"wpr-content-wrapper\"><div class=\"wpr-description\"><table>\n<tbody>\n<tr>\n<td>\n<p>Spezifisches Gewicht 0,96 \u2013 1,04 g\/cm\u00b3<\/p>\n<\/td>\n<td> <\/td>\n<\/tr>\n<\/tbody>\n<\/table>\n<table style=\"height: 172px\" width=\"201\">\n<tbody>\n<tr>\n<td>\n<p>Feststoffgehalt 22 \u2013 26 Gew.-%<\/p>\n<\/td>\n<td> <\/td>\n<\/tr>\n<\/tbody>\n<\/table>\n<table>\n<tbody>\n<tr>\n<td>\n<p>L\u00f6sungsmittel Xylol<\/p>\n<\/td>\n<td>\n<p> <\/p>\n<\/td>\n<\/tr>\n<\/tbody>\n<\/table>\n<p>*Die Daten sind typisch und nicht f\u00fcr Spezifikationszwecke zu verwenden.<\/p><\/div><\/div><\/div><\/div>\n\t\t\t\t\t\t<\/div>\n\t\t\t\t<\/article><\/div>    \n\t\t\t<\/div>\t\t\t\t<\/div>\n\t\t\t\t<div class=\"elementor-element elementor-element-956306b elementor-widget elementor-widget-text-editor\" data-id=\"956306b\" data-element_type=\"widget\" data-e-type=\"widget\" data-widget_type=\"text-editor.default\">\n\t\t\t\t\t\t\t\t\t<p data-start=\"257\" data-end=\"514\"><strong data-start=\"257\" data-end=\"282\">GOTEC Bonding Systems<\/strong> ist bestrebt, seinen Kunden die h\u00f6chstm\u00f6gliche Qualit\u00e4t zu liefern.<br data-start=\"356\" data-end=\"359\">Ein strukturiertes und zuverl\u00e4ssiges Qualit\u00e4tsmanagementsystem stellt sicher, dass alle Produkte stets die definierten Leistungsanforderungen und Kundenerwartungen erf\u00fcllen.<\/p>\n<p data-start=\"516\" data-end=\"752\"><strong data-start=\"516\" data-end=\"544\">KA&amp;MELOCK Haftsysteme<\/strong>sind l\u00f6sungsmittelbasiert und erm\u00f6glichen eine zuverl\u00e4ssige, st\u00f6rungsfreie Anwendung selbst unter <strong data-start=\"620\" data-end=\"640\">rauen Bedingungen<\/strong>, einschlie\u00dflich <strong data-start=\"652\" data-end=\"703\">extremen Temperaturen und hoher mechanischer Beanspruchung<\/strong>, in einer Vielzahl von industriellen Anwendungen.<\/p>\n<p data-start=\"754\" data-end=\"1045\">Wir sind davon \u00fcberzeugt, dass <strong data-start=\"770\" data-end=\"817\">pr\u00e4zise Tests und Analysen unerl\u00e4sslich sind<\/strong>.<br data-start=\"818\" data-end=\"821\">Alle KA&amp;MELOCK Produkte werden in unseren Laboren gr\u00fcndlich getestet und dokumentiert. Parallel dazu unterst\u00fctzen unsere <strong data-start=\"919\" data-end=\"937\">F&amp;E-Aktivit\u00e4ten<\/strong> kontinuierlich die Produktentwicklung und -optimierung in unseren speziellen Demo- und Testeinrichtungen. <\/p>\t\t\t\t\t\t\t\t<\/div>\n\t\t\t\t\t<\/div>\n\t\t<\/div>\n\t\t\t\t\t<\/div>\n\t\t<\/section>\n\t\t\t\t<\/div>\n\t\t\n    <div class=\"xs_social_share_widget xs_share_url after_content \t\tmain_content  wslu-style-1 wslu-share-box-shaped wslu-fill-colored wslu-none wslu-share-horizontal wslu-theme-font-no wslu-main_content\">\n\n\t\t\n        <ul>\n\t\t\t        <\/ul>\n    <\/div> \n","protected":false},"excerpt":{"rendered":"<p>KA&amp;MELOCK KM 20 KA&amp;MELOCK KM 20 ist ein bleifreies und universelles Haftsystem, der entwickelt wurde, um eine breite Palette von Elastomerverbindungen mit Metall- und Kunststoffsubstraten zu verbinden.Er ist f\u00fcr die Verwendung in Kombination mit dem entsprechenden KA&amp;MELOCK MP 05 Primer vorgesehen und bildet ein zuverl\u00e4ssiges Haftsystem. Dieses System bietet hervorragende Best\u00e4ndigkeit gegen Korrosion, erh\u00f6hte Temperaturen und \u00d6le und gew\u00e4hrleistet eine stabile Leistung unter anspruchsvollen industriellen Bedingungen.Das KA&amp;MELOCK KM 20 Haftsystem ist bleifrei. KA&amp;MELOCK KM 20 erm\u00f6glicht die zuverl\u00e4ssige Verklebung von Elastomerverbindungen auf Basis von Naturkautschuk (NR), Butadienkautschuk (BR), Isoprenkautschuk (IR), Styrol-Butadien-Kautschuk (SBR), Butylkautschuk (IIR), Nitrilkautschuk (NBR) und Chloroprenkautschuk (CR) mit den meisten Metallen, Metalllegierungen und polaren polymeren Substraten. Die Verklebung erfolgt w\u00e4hrend des Vulkanisationsprozesses des Kautschuks.Typische Aush\u00e4rtungstemperaturen f\u00fcr Formanwendungen liegen zwischen 130 und 180 \u00b0C. PDF HERUNTERLADEN Technische Daten Farbe Schwarz\u2013Gr\u00fcn, fl\u00fcssig Viskosit\u00e4t 4 mm DIN-Becher 30 \u2013 70 s Viskosit\u00e4t, cps bei 25\u00b0C (77\u00b0F) 80 \u2013 250 mPas Brookfield SNB1Spindel 2, 30 U\/min Spezifisches Gewicht 0,96 \u2013 1,04 g\/cm\u00b3 Feststoffgehalt 22 \u2013 26 Gew.-% L\u00f6sungsmittel Xylol *Die Daten sind typisch und nicht f\u00fcr Spezifikationszwecke zu verwenden. GOTEC Bonding Systems ist bestrebt, seinen Kunden die h\u00f6chstm\u00f6gliche Qualit\u00e4t zu liefern.Ein strukturiertes und zuverl\u00e4ssiges Qualit\u00e4tsmanagementsystem stellt sicher, dass alle Produkte stets die definierten Leistungsanforderungen und Kundenerwartungen erf\u00fcllen. KA&amp;MELOCK Haftsystemesind l\u00f6sungsmittelbasiert und erm\u00f6glichen eine zuverl\u00e4ssige, st\u00f6rungsfreie Anwendung selbst unter rauen Bedingungen, einschlie\u00dflich extremen Temperaturen und hoher mechanischer Beanspruchung, in einer Vielzahl von industriellen Anwendungen. Wir sind davon \u00fcberzeugt, dass pr\u00e4zise Tests und Analysen unerl\u00e4sslich sind.Alle KA&amp;MELOCK Produkte werden in unseren Laboren gr\u00fcndlich getestet und dokumentiert. Parallel dazu unterst\u00fctzen unsere F&amp;E-Aktivit\u00e4ten kontinuierlich die Produktentwicklung und -optimierung in unseren speziellen Demo- und Testeinrichtungen.<\/p>\n","protected":false},"author":1,"featured_media":0,"parent":0,"menu_order":0,"comment_status":"closed","ping_status":"closed","template":"","meta":{"postBodyCss":"","postBodyMargin":[],"postBodyPadding":[],"postBodyBackground":{"backgroundType":"classic","gradient":""},"inspiro_hide_title":false,"footnotes":""},"class_list":["post-8999","page","type-page","status-publish","hentry"],"yoast_head":"<!-- This site is optimized with the Yoast SEO plugin v27.4 - https:\/\/yoast.com\/product\/yoast-seo-wordpress\/ -->\n<title>KA&amp;MELOCK KM 20 - Bleifreies Haftsystem<\/title>\n<meta name=\"description\" content=\"KA&amp;MELOCK KM 20 universelles, bleifreies Haftsystem f\u00fcr Elastomere auf Metall und Kunststoffe. F\u00fcr dauerhafte Ergebnisse mit MP 05 verwenden.\" \/>\n<meta name=\"robots\" content=\"index, follow, max-snippet:-1, max-image-preview:large, max-video-preview:-1\" \/>\n<link rel=\"canonical\" href=\"https:\/\/gotec-bonding-agent-systems.com\/de\/kamelock-km-20\/\" \/>\n<meta property=\"og:locale\" content=\"de_DE\" \/>\n<meta property=\"og:type\" content=\"article\" \/>\n<meta property=\"og:title\" content=\"KA&amp;MELOCK KM 20 - Bleifreies Haftsystem\" \/>\n<meta property=\"og:description\" content=\"KA&amp;MELOCK KM 20 universelles, bleifreies Haftsystem f\u00fcr Elastomere auf Metall und Kunststoffe. F\u00fcr dauerhafte Ergebnisse mit MP 05 verwenden.\" \/>\n<meta property=\"og:url\" content=\"https:\/\/gotec-bonding-agent-systems.com\/de\/kamelock-km-20\/\" \/>\n<meta property=\"og:site_name\" content=\"GOTEC Bonding Systems\" \/>\n<meta property=\"article:modified_time\" content=\"2026-04-05T09:38:41+00:00\" \/>\n<meta property=\"og:image\" content=\"https:\/\/gotec-bonding-agent-systems.com\/wp-content\/uploads\/2026\/02\/KAMELOCK-KM-20-683x1024.png\" \/>\n<meta name=\"twitter:card\" content=\"summary_large_image\" \/>\n<meta name=\"twitter:label1\" content=\"Gesch\u00e4tzte Lesezeit\" \/>\n\t<meta name=\"twitter:data1\" content=\"2\u00a0Minuten\" \/>\n<script type=\"application\/ld+json\" class=\"yoast-schema-graph\">{\"@context\":\"https:\\\/\\\/schema.org\",\"@graph\":[{\"@type\":\"WebPage\",\"@id\":\"https:\\\/\\\/gotec-bonding-agent-systems.com\\\/de\\\/kamelock-km-20\\\/\",\"url\":\"https:\\\/\\\/gotec-bonding-agent-systems.com\\\/de\\\/kamelock-km-20\\\/\",\"name\":\"KA&MELOCK KM 20 - Bleifreies Haftsystem\",\"isPartOf\":{\"@id\":\"https:\\\/\\\/gotec-bonding-agent-systems.com\\\/#website\"},\"primaryImageOfPage\":{\"@id\":\"https:\\\/\\\/gotec-bonding-agent-systems.com\\\/de\\\/kamelock-km-20\\\/#primaryimage\"},\"image\":{\"@id\":\"https:\\\/\\\/gotec-bonding-agent-systems.com\\\/de\\\/kamelock-km-20\\\/#primaryimage\"},\"thumbnailUrl\":\"https:\\\/\\\/gotec-bonding-agent-systems.com\\\/wp-content\\\/uploads\\\/2026\\\/02\\\/KAMELOCK-KM-20-683x1024.png\",\"datePublished\":\"2026-01-22T21:44:14+00:00\",\"dateModified\":\"2026-04-05T09:38:41+00:00\",\"description\":\"KA&MELOCK KM 20 universelles, bleifreies Haftsystem f\u00fcr Elastomere auf Metall und Kunststoffe. F\u00fcr dauerhafte Ergebnisse mit MP 05 verwenden.\",\"breadcrumb\":{\"@id\":\"https:\\\/\\\/gotec-bonding-agent-systems.com\\\/de\\\/kamelock-km-20\\\/#breadcrumb\"},\"inLanguage\":\"de\",\"potentialAction\":[{\"@type\":\"ReadAction\",\"target\":[\"https:\\\/\\\/gotec-bonding-agent-systems.com\\\/de\\\/kamelock-km-20\\\/\"]}]},{\"@type\":\"ImageObject\",\"inLanguage\":\"de\",\"@id\":\"https:\\\/\\\/gotec-bonding-agent-systems.com\\\/de\\\/kamelock-km-20\\\/#primaryimage\",\"url\":\"https:\\\/\\\/gotec-bonding-agent-systems.com\\\/wp-content\\\/uploads\\\/2026\\\/02\\\/KAMELOCK-KM-20-683x1024.png\",\"contentUrl\":\"https:\\\/\\\/gotec-bonding-agent-systems.com\\\/wp-content\\\/uploads\\\/2026\\\/02\\\/KAMELOCK-KM-20-683x1024.png\"},{\"@type\":\"BreadcrumbList\",\"@id\":\"https:\\\/\\\/gotec-bonding-agent-systems.com\\\/de\\\/kamelock-km-20\\\/#breadcrumb\",\"itemListElement\":[{\"@type\":\"ListItem\",\"position\":1,\"name\":\"Start\",\"item\":\"https:\\\/\\\/gotec-bonding-agent-systems.com\\\/de\\\/\"},{\"@type\":\"ListItem\",\"position\":2,\"name\":\"KA&amp;MELOCK KM 20 &#8211; Bleifreies Haftsystem\"}]},{\"@type\":\"WebSite\",\"@id\":\"https:\\\/\\\/gotec-bonding-agent-systems.com\\\/#website\",\"url\":\"https:\\\/\\\/gotec-bonding-agent-systems.com\\\/\",\"name\":\"GOTEC Bonding Systems\",\"description\":\"\",\"publisher\":{\"@id\":\"https:\\\/\\\/gotec-bonding-agent-systems.com\\\/#organization\"},\"potentialAction\":[{\"@type\":\"SearchAction\",\"target\":{\"@type\":\"EntryPoint\",\"urlTemplate\":\"https:\\\/\\\/gotec-bonding-agent-systems.com\\\/?s={search_term_string}\"},\"query-input\":{\"@type\":\"PropertyValueSpecification\",\"valueRequired\":true,\"valueName\":\"search_term_string\"}}],\"inLanguage\":\"de\"},{\"@type\":\"Organization\",\"@id\":\"https:\\\/\\\/gotec-bonding-agent-systems.com\\\/#organization\",\"name\":\"GOTEC Bonding Systems\",\"url\":\"https:\\\/\\\/gotec-bonding-agent-systems.com\\\/\",\"logo\":{\"@type\":\"ImageObject\",\"inLanguage\":\"de\",\"@id\":\"https:\\\/\\\/gotec-bonding-agent-systems.com\\\/#\\\/schema\\\/logo\\\/image\\\/\",\"url\":\"https:\\\/\\\/gotec-bonding-agent-systems.com\\\/wp-content\\\/uploads\\\/2025\\\/11\\\/cropped-GOTEC_Bonding_Systems_Logo.png\",\"contentUrl\":\"https:\\\/\\\/gotec-bonding-agent-systems.com\\\/wp-content\\\/uploads\\\/2025\\\/11\\\/cropped-GOTEC_Bonding_Systems_Logo.png\",\"width\":2122,\"height\":1287,\"caption\":\"GOTEC Bonding Systems\"},\"image\":{\"@id\":\"https:\\\/\\\/gotec-bonding-agent-systems.com\\\/#\\\/schema\\\/logo\\\/image\\\/\"}}]}<\/script>\n<!-- \/ Yoast SEO plugin. -->","yoast_head_json":{"title":"KA&MELOCK KM 20 - Bleifreies Haftsystem","description":"KA&MELOCK KM 20 universelles, bleifreies Haftsystem f\u00fcr Elastomere auf Metall und Kunststoffe. F\u00fcr dauerhafte Ergebnisse mit MP 05 verwenden.","robots":{"index":"index","follow":"follow","max-snippet":"max-snippet:-1","max-image-preview":"max-image-preview:large","max-video-preview":"max-video-preview:-1"},"canonical":"https:\/\/gotec-bonding-agent-systems.com\/de\/kamelock-km-20\/","og_locale":"de_DE","og_type":"article","og_title":"KA&MELOCK KM 20 - Bleifreies Haftsystem","og_description":"KA&MELOCK KM 20 universelles, bleifreies Haftsystem f\u00fcr Elastomere auf Metall und Kunststoffe. F\u00fcr dauerhafte Ergebnisse mit MP 05 verwenden.","og_url":"https:\/\/gotec-bonding-agent-systems.com\/de\/kamelock-km-20\/","og_site_name":"GOTEC Bonding Systems","article_modified_time":"2026-04-05T09:38:41+00:00","og_image":[{"url":"https:\/\/gotec-bonding-agent-systems.com\/wp-content\/uploads\/2026\/02\/KAMELOCK-KM-20-683x1024.png","type":"","width":"","height":""}],"twitter_card":"summary_large_image","twitter_misc":{"Gesch\u00e4tzte Lesezeit":"2\u00a0Minuten"},"schema":{"@context":"https:\/\/schema.org","@graph":[{"@type":"WebPage","@id":"https:\/\/gotec-bonding-agent-systems.com\/de\/kamelock-km-20\/","url":"https:\/\/gotec-bonding-agent-systems.com\/de\/kamelock-km-20\/","name":"KA&MELOCK KM 20 - Bleifreies Haftsystem","isPartOf":{"@id":"https:\/\/gotec-bonding-agent-systems.com\/#website"},"primaryImageOfPage":{"@id":"https:\/\/gotec-bonding-agent-systems.com\/de\/kamelock-km-20\/#primaryimage"},"image":{"@id":"https:\/\/gotec-bonding-agent-systems.com\/de\/kamelock-km-20\/#primaryimage"},"thumbnailUrl":"https:\/\/gotec-bonding-agent-systems.com\/wp-content\/uploads\/2026\/02\/KAMELOCK-KM-20-683x1024.png","datePublished":"2026-01-22T21:44:14+00:00","dateModified":"2026-04-05T09:38:41+00:00","description":"KA&MELOCK KM 20 universelles, bleifreies Haftsystem f\u00fcr Elastomere auf Metall und Kunststoffe. F\u00fcr dauerhafte Ergebnisse mit MP 05 verwenden.","breadcrumb":{"@id":"https:\/\/gotec-bonding-agent-systems.com\/de\/kamelock-km-20\/#breadcrumb"},"inLanguage":"de","potentialAction":[{"@type":"ReadAction","target":["https:\/\/gotec-bonding-agent-systems.com\/de\/kamelock-km-20\/"]}]},{"@type":"ImageObject","inLanguage":"de","@id":"https:\/\/gotec-bonding-agent-systems.com\/de\/kamelock-km-20\/#primaryimage","url":"https:\/\/gotec-bonding-agent-systems.com\/wp-content\/uploads\/2026\/02\/KAMELOCK-KM-20-683x1024.png","contentUrl":"https:\/\/gotec-bonding-agent-systems.com\/wp-content\/uploads\/2026\/02\/KAMELOCK-KM-20-683x1024.png"},{"@type":"BreadcrumbList","@id":"https:\/\/gotec-bonding-agent-systems.com\/de\/kamelock-km-20\/#breadcrumb","itemListElement":[{"@type":"ListItem","position":1,"name":"Start","item":"https:\/\/gotec-bonding-agent-systems.com\/de\/"},{"@type":"ListItem","position":2,"name":"KA&amp;MELOCK KM 20 &#8211; Bleifreies Haftsystem"}]},{"@type":"WebSite","@id":"https:\/\/gotec-bonding-agent-systems.com\/#website","url":"https:\/\/gotec-bonding-agent-systems.com\/","name":"GOTEC Bonding Systems","description":"","publisher":{"@id":"https:\/\/gotec-bonding-agent-systems.com\/#organization"},"potentialAction":[{"@type":"SearchAction","target":{"@type":"EntryPoint","urlTemplate":"https:\/\/gotec-bonding-agent-systems.com\/?s={search_term_string}"},"query-input":{"@type":"PropertyValueSpecification","valueRequired":true,"valueName":"search_term_string"}}],"inLanguage":"de"},{"@type":"Organization","@id":"https:\/\/gotec-bonding-agent-systems.com\/#organization","name":"GOTEC Bonding Systems","url":"https:\/\/gotec-bonding-agent-systems.com\/","logo":{"@type":"ImageObject","inLanguage":"de","@id":"https:\/\/gotec-bonding-agent-systems.com\/#\/schema\/logo\/image\/","url":"https:\/\/gotec-bonding-agent-systems.com\/wp-content\/uploads\/2025\/11\/cropped-GOTEC_Bonding_Systems_Logo.png","contentUrl":"https:\/\/gotec-bonding-agent-systems.com\/wp-content\/uploads\/2025\/11\/cropped-GOTEC_Bonding_Systems_Logo.png","width":2122,"height":1287,"caption":"GOTEC Bonding Systems"},"image":{"@id":"https:\/\/gotec-bonding-agent-systems.com\/#\/schema\/logo\/image\/"}}]}},"featured_media_urls":[],"_links":{"self":[{"href":"https:\/\/gotec-bonding-agent-systems.com\/de\/wp-json\/wp\/v2\/pages\/8999","targetHints":{"allow":["GET"]}}],"collection":[{"href":"https:\/\/gotec-bonding-agent-systems.com\/de\/wp-json\/wp\/v2\/pages"}],"about":[{"href":"https:\/\/gotec-bonding-agent-systems.com\/de\/wp-json\/wp\/v2\/types\/page"}],"author":[{"embeddable":true,"href":"https:\/\/gotec-bonding-agent-systems.com\/de\/wp-json\/wp\/v2\/users\/1"}],"replies":[{"embeddable":true,"href":"https:\/\/gotec-bonding-agent-systems.com\/de\/wp-json\/wp\/v2\/comments?post=8999"}],"version-history":[{"count":13,"href":"https:\/\/gotec-bonding-agent-systems.com\/de\/wp-json\/wp\/v2\/pages\/8999\/revisions"}],"predecessor-version":[{"id":9544,"href":"https:\/\/gotec-bonding-agent-systems.com\/de\/wp-json\/wp\/v2\/pages\/8999\/revisions\/9544"}],"wp:attachment":[{"href":"https:\/\/gotec-bonding-agent-systems.com\/de\/wp-json\/wp\/v2\/media?parent=8999"}],"curies":[{"name":"wp","href":"https:\/\/api.w.org\/{rel}","templated":true}]}}