{"id":9012,"date":"2025-11-13T21:44:33","date_gmt":"2025-11-13T21:44:33","guid":{"rendered":"https:\/\/gotec-bonding-agent-systems.com\/umweltpolitik\/"},"modified":"2026-04-03T10:52:13","modified_gmt":"2026-04-03T10:52:13","slug":"umweltpolitik","status":"publish","type":"page","link":"https:\/\/gotec-bonding-agent-systems.com\/de\/umweltpolitik\/","title":{"rendered":"Umwelt und Nachhaltigkeit"},"content":{"rendered":"\t\t<div data-elementor-type=\"wp-page\" data-elementor-id=\"9012\" class=\"elementor elementor-9012 elementor-6831\">\n\t\t\t\t\t\t<section class=\"elementor-section elementor-top-section elementor-element elementor-element-bd346d1 elementor-section-height-min-height elementor-section-stretched elementor-section-boxed elementor-section-height-default elementor-section-items-middle wpr-particle-no wpr-jarallax-no wpr-parallax-no wpr-sticky-section-no wpr-equal-height-no\" data-id=\"bd346d1\" data-element_type=\"section\" data-e-type=\"section\" data-settings=\"{&quot;background_background&quot;:&quot;classic&quot;,&quot;shape_divider_bottom&quot;:&quot;opacity-tilt&quot;,&quot;stretch_section&quot;:&quot;section-stretched&quot;}\">\n\t\t\t\t\t\t\t<div class=\"elementor-background-overlay\"><\/div>\n\t\t\t\t\t\t<div class=\"elementor-shape elementor-shape-bottom\" aria-hidden=\"true\" data-negative=\"false\">\n\t\t\t<svg xmlns=\"http:\/\/www.w3.org\/2000\/svg\" viewBox=\"0 0 2600 131.1\" preserveAspectRatio=\"none\">\n\t<path class=\"elementor-shape-fill\" d=\"M0 0L2600 0 2600 69.1 0 0z\"\/>\n\t<path class=\"elementor-shape-fill\" style=\"opacity:0.5\" d=\"M0 0L2600 0 2600 69.1 0 69.1z\"\/>\n\t<path class=\"elementor-shape-fill\" style=\"opacity:0.25\" d=\"M2600 0L0 0 0 130.1 2600 69.1z\"\/>\n<\/svg>\t\t<\/div>\n\t\t\t\t\t<div class=\"elementor-container elementor-column-gap-default\">\n\t\t\t\t\t<div class=\"elementor-column elementor-col-100 elementor-top-column elementor-element elementor-element-53c46a8\" data-id=\"53c46a8\" data-element_type=\"column\" data-e-type=\"column\">\n\t\t\t<div class=\"elementor-widget-wrap elementor-element-populated\">\n\t\t\t\t\t\t<div class=\"elementor-element elementor-element-8be642c elementor-widget elementor-widget-heading\" data-id=\"8be642c\" data-element_type=\"widget\" data-e-type=\"widget\" data-widget_type=\"heading.default\">\n\t\t\t\t\t<h2 class=\"elementor-heading-title elementor-size-default\">Umweltpolitik<\/h2>\t\t\t\t<\/div>\n\t\t\t\t\t<\/div>\n\t\t<\/div>\n\t\t\t\t\t<\/div>\n\t\t<\/section>\n\t\t<div class=\"elementor-element elementor-element-eeea201 e-flex e-con-boxed wpr-particle-no wpr-jarallax-no wpr-parallax-no wpr-sticky-section-no wpr-equal-height-no e-con e-parent\" data-id=\"eeea201\" data-element_type=\"container\" data-e-type=\"container\">\n\t\t\t\t\t<div class=\"e-con-inner\">\n\t\t<div class=\"elementor-element elementor-element-b74b96e e-con-full e-flex wpr-particle-no wpr-jarallax-no wpr-parallax-no wpr-sticky-section-no wpr-equal-height-no e-con e-child\" data-id=\"b74b96e\" data-element_type=\"container\" data-e-type=\"container\">\n\t\t\t\t<div class=\"elementor-element elementor-element-c053407 elementor-widget-divider--view-line elementor-widget elementor-widget-divider\" data-id=\"c053407\" data-element_type=\"widget\" data-e-type=\"widget\" data-widget_type=\"divider.default\">\n\t\t\t\t\t\t\t<div class=\"elementor-divider\">\n\t\t\t<span class=\"elementor-divider-separator\">\n\t\t\t\t\t\t<\/span>\n\t\t<\/div>\n\t\t\t\t\t\t<\/div>\n\t\t\t\t<div class=\"elementor-element elementor-element-0f328f5 elementor-widget elementor-widget-text-editor\" data-id=\"0f328f5\" data-element_type=\"widget\" data-e-type=\"widget\" data-widget_type=\"text-editor.default\">\n\t\t\t\t\t\t\t\t\t<p data-start=\"659\" data-end=\"1098\">Bei <strong data-start=\"662\" data-end=\"687\">GOTEC Bonding Systems<\/strong> ist die Verantwortung gegen\u00fcber unserer Umwelt und Nachhaltigkeit ein integraler Bestandteil dessen, wer wir sind und wie wir arbeiten.<br data-start=\"771\" data-end=\"774\">Wir entwickeln jedes Produkt und jeden Prozess mit einem <strong data-start=\"823\" data-end=\"845\">Lebenszyklus-Ansatz<\/strong>, bewerten die Umweltauswirkungen von Anfang an und minimieren Abfall in jeder Phase. Durch die Kontrolle von Emissionen, die Vermeidung von Umweltverschmutzung an der Quelle sowie die Reduzierung des Wasser- und Ressourcenverbrauchs sch\u00fctzen wir die Umwelt mit nachhaltiger Zielsetzung. <\/p><p data-start=\"1100\" data-end=\"1272\">Wir erf\u00fcllen alle geltenden Umweltgesetze, Vorschriften und Compliance-Verpflichtungen \u2013 nicht nur als Anforderung, sondern als Verpflichtung gegen\u00fcber unserem Planeten und k\u00fcnftigen Generationen.<\/p><p data-start=\"1274\" data-end=\"1470\">Um das Umweltbewusstsein zu st\u00e4rken, schulen, informieren und bef\u00e4higen wir unsere Mitarbeitenden auf allen Ebenen. Gemeinsam f\u00f6rdern wir eine Kultur, in der Nachhaltigkeit und Verantwortung unsere t\u00e4glichen Entscheidungen leiten. <\/p><p data-start=\"1472\" data-end=\"1674\">Wir folgen der Abfallhierarchie, indem wir Abfall nach M\u00f6glichkeit an der Quelle vermeiden, Materialien wiederverwenden und Recycling- sowie R\u00fcckgewinnungsprogramme f\u00f6rdern, die die Natur sch\u00fctzen und Ressourcen schonen.<\/p><p data-start=\"1676\" data-end=\"1832\">Wir setzen Rohstoffe und nat\u00fcrliche Ressourcen effizient ein, reduzieren unn\u00f6tigen Verbrauch und streben eine kontinuierliche Verbesserung beim Material- und Energieeinsatz an.<\/p><p data-start=\"1834\" data-end=\"2106\">Unser Ziel ist es, das Umweltbewusstsein in unserer gesamten Organisation auszubauen \u2013 und Mitarbeitende, Lieferanten, Gesch\u00e4ftspartner sowie unser globales Netzwerk zu ermutigen, gemeinsam mit uns verantwortungsvoll zu handeln. Wir wollen Nachhaltigkeit nicht nur praktizieren, sondern <strong data-start=\"2073\" data-end=\"2105\">in unserer Branche mit gutem Beispiel vorangehen<\/strong>. <\/p><p data-start=\"2108\" data-end=\"2229\"><strong data-start=\"2108\" data-end=\"2229\">Dies ist unsere Umweltpolitik \u2013 ein Bekenntnis, das wir mit Verantwortung, Integrit\u00e4t und langfristiger Vision tragen.<\/strong><\/p>\t\t\t\t\t\t\t\t<\/div>\n\t\t\t\t<\/div>\n\t\t<div class=\"elementor-element elementor-element-eba742a e-con-full e-flex wpr-particle-no wpr-jarallax-no wpr-parallax-no wpr-sticky-section-no wpr-equal-height-no e-con e-child\" data-id=\"eba742a\" data-element_type=\"container\" data-e-type=\"container\">\n\t\t<div class=\"elementor-element elementor-element-09758c4 e-con-full e-flex wpr-particle-no wpr-jarallax-no wpr-parallax-no wpr-sticky-section-no wpr-equal-height-no e-con e-child\" data-id=\"09758c4\" data-element_type=\"container\" data-e-type=\"container\">\n\t\t\t\t<div class=\"elementor-element elementor-element-998b119 elementor-invisible elementor-widget elementor-widget-image\" data-id=\"998b119\" data-element_type=\"widget\" data-e-type=\"widget\" data-settings=\"{&quot;_animation&quot;:&quot;fadeInRight&quot;}\" data-widget_type=\"image.default\">\n\t\t\t\t\t\t\t\t\t\t\t\t\t\t\t<img fetchpriority=\"high\" decoding=\"async\" width=\"950\" height=\"676\" src=\"https:\/\/gotec-bonding-agent-systems.com\/wp-content\/uploads\/2025\/12\/Bildschirmfoto-2025-12-02-um-00.14.20.png\" class=\"attachment-large size-large wp-image-9015\" alt=\"UMWELTPOLITIK\" srcset=\"https:\/\/gotec-bonding-agent-systems.com\/wp-content\/uploads\/2025\/12\/Bildschirmfoto-2025-12-02-um-00.14.20.png 970w, https:\/\/gotec-bonding-agent-systems.com\/wp-content\/uploads\/2025\/12\/Bildschirmfoto-2025-12-02-um-00.14.20-300x213.png 300w, https:\/\/gotec-bonding-agent-systems.com\/wp-content\/uploads\/2025\/12\/Bildschirmfoto-2025-12-02-um-00.14.20-600x427.png 600w\" sizes=\"100vw\" \/>\t\t\t\t\t\t\t\t\t\t\t\t\t\t\t<\/div>\n\t\t\t\t<\/div>\n\t\t\t\t<\/div>\n\t\t\t\t\t<\/div>\n\t\t\t\t<\/div>\n\t\t<div class=\"elementor-element elementor-element-b35ca80 e-flex e-con-boxed wpr-particle-no wpr-jarallax-no wpr-parallax-no wpr-sticky-section-no wpr-equal-height-no e-con e-parent\" data-id=\"b35ca80\" data-element_type=\"container\" data-e-type=\"container\">\n\t\t\t\t\t<div class=\"e-con-inner\">\n\t\t\t\t<div class=\"elementor-element elementor-element-e1abf01 elementor-widget elementor-widget-spacer\" data-id=\"e1abf01\" data-element_type=\"widget\" data-e-type=\"widget\" data-widget_type=\"spacer.default\">\n\t\t\t\t\t\t\t<div class=\"elementor-spacer\">\n\t\t\t<div class=\"elementor-spacer-inner\"><\/div>\n\t\t<\/div>\n\t\t\t\t\t\t<\/div>\n\t\t\t\t\t<\/div>\n\t\t\t\t<\/div>\n\t\t\t\t<\/div>\n\t\t\n    <div class=\"xs_social_share_widget xs_share_url after_content \t\tmain_content  wslu-style-1 wslu-share-box-shaped wslu-fill-colored wslu-none wslu-share-horizontal wslu-theme-font-no wslu-main_content\">\n\n\t\t\n        <ul>\n\t\t\t        <\/ul>\n    <\/div> \n","protected":false},"excerpt":{"rendered":"<p>Umweltpolitik Bei GOTEC Bonding Systems ist die Verantwortung gegen\u00fcber unserer Umwelt und Nachhaltigkeit ein integraler Bestandteil dessen, wer wir sind und wie wir arbeiten.Wir entwickeln jedes Produkt und jeden Prozess mit einem Lebenszyklus-Ansatz, bewerten die Umweltauswirkungen von Anfang an und minimieren Abfall in jeder Phase. Durch die Kontrolle von Emissionen, die Vermeidung von Umweltverschmutzung an der Quelle sowie die Reduzierung des Wasser- und Ressourcenverbrauchs sch\u00fctzen wir die Umwelt mit nachhaltiger Zielsetzung. Wir erf\u00fcllen alle geltenden Umweltgesetze, Vorschriften und Compliance-Verpflichtungen \u2013 nicht nur als Anforderung, sondern als Verpflichtung gegen\u00fcber unserem Planeten und k\u00fcnftigen Generationen. Um das Umweltbewusstsein zu st\u00e4rken, schulen, informieren und bef\u00e4higen wir unsere Mitarbeitenden auf allen Ebenen. Gemeinsam f\u00f6rdern wir eine Kultur, in der Nachhaltigkeit und Verantwortung unsere t\u00e4glichen Entscheidungen leiten. Wir folgen der Abfallhierarchie, indem wir Abfall nach M\u00f6glichkeit an der Quelle vermeiden, Materialien wiederverwenden und Recycling- sowie R\u00fcckgewinnungsprogramme f\u00f6rdern, die die Natur sch\u00fctzen und Ressourcen schonen. Wir setzen Rohstoffe und nat\u00fcrliche Ressourcen effizient ein, reduzieren unn\u00f6tigen Verbrauch und streben eine kontinuierliche Verbesserung beim Material- und Energieeinsatz an. Unser Ziel ist es, das Umweltbewusstsein in unserer gesamten Organisation auszubauen \u2013 und Mitarbeitende, Lieferanten, Gesch\u00e4ftspartner sowie unser globales Netzwerk zu ermutigen, gemeinsam mit uns verantwortungsvoll zu handeln. Wir wollen Nachhaltigkeit nicht nur praktizieren, sondern in unserer Branche mit gutem Beispiel vorangehen. Dies ist unsere Umweltpolitik \u2013 ein Bekenntnis, das wir mit Verantwortung, Integrit\u00e4t und langfristiger Vision tragen.<\/p>\n","protected":false},"author":1,"featured_media":0,"parent":0,"menu_order":0,"comment_status":"closed","ping_status":"closed","template":"","meta":{"postBodyCss":"","postBodyMargin":[],"postBodyPadding":[],"postBodyBackground":{"backgroundType":"classic","gradient":""},"inspiro_hide_title":false,"footnotes":""},"class_list":["post-9012","page","type-page","status-publish","hentry"],"yoast_head":"<!-- This site is optimized with the Yoast SEO plugin v27.4 - https:\/\/yoast.com\/product\/yoast-seo-wordpress\/ -->\n<title>Umwelt und Nachhaltigkeit - GOTEC Bonding Systems<\/title>\n<meta name=\"description\" content=\"Umwelt und Nachhaltigkeit bei GOTEC Bonding Systems: Emissionen und Abfall reduzieren, Ressourcen schonen und Compliance erf\u00fcllen.\" \/>\n<meta name=\"robots\" content=\"noindex, follow\" \/>\n<meta property=\"og:locale\" content=\"de_DE\" \/>\n<meta property=\"og:type\" content=\"article\" \/>\n<meta property=\"og:title\" content=\"Umwelt und Nachhaltigkeit - GOTEC Bonding Systems\" \/>\n<meta property=\"og:description\" content=\"Umwelt und Nachhaltigkeit bei GOTEC Bonding Systems: Emissionen und Abfall reduzieren, Ressourcen schonen und Compliance erf\u00fcllen.\" \/>\n<meta property=\"og:url\" content=\"https:\/\/gotec-bonding-agent-systems.com\/de\/umweltpolitik\/\" \/>\n<meta property=\"og:site_name\" content=\"GOTEC Bonding Systems\" \/>\n<meta property=\"article:modified_time\" content=\"2026-04-03T10:52:13+00:00\" \/>\n<meta property=\"og:image\" content=\"https:\/\/gotec-bonding-agent-systems.com\/wp-content\/uploads\/2025\/12\/Bildschirmfoto-2025-12-02-um-00.14.20.png\" \/>\n<meta name=\"twitter:card\" content=\"summary_large_image\" \/>\n<meta name=\"twitter:label1\" content=\"Gesch\u00e4tzte Lesezeit\" \/>\n\t<meta name=\"twitter:data1\" content=\"2\u00a0Minuten\" \/>\n<script type=\"application\/ld+json\" class=\"yoast-schema-graph\">{\"@context\":\"https:\\\/\\\/schema.org\",\"@graph\":[{\"@type\":\"WebPage\",\"@id\":\"https:\\\/\\\/gotec-bonding-agent-systems.com\\\/de\\\/umweltpolitik\\\/\",\"url\":\"https:\\\/\\\/gotec-bonding-agent-systems.com\\\/de\\\/umweltpolitik\\\/\",\"name\":\"Umwelt und Nachhaltigkeit - GOTEC Bonding Systems\",\"isPartOf\":{\"@id\":\"https:\\\/\\\/gotec-bonding-agent-systems.com\\\/#website\"},\"primaryImageOfPage\":{\"@id\":\"https:\\\/\\\/gotec-bonding-agent-systems.com\\\/de\\\/umweltpolitik\\\/#primaryimage\"},\"image\":{\"@id\":\"https:\\\/\\\/gotec-bonding-agent-systems.com\\\/de\\\/umweltpolitik\\\/#primaryimage\"},\"thumbnailUrl\":\"https:\\\/\\\/gotec-bonding-agent-systems.com\\\/wp-content\\\/uploads\\\/2025\\\/12\\\/Bildschirmfoto-2025-12-02-um-00.14.20.png\",\"datePublished\":\"2025-11-13T21:44:33+00:00\",\"dateModified\":\"2026-04-03T10:52:13+00:00\",\"description\":\"Umwelt und Nachhaltigkeit bei GOTEC Bonding Systems: Emissionen und Abfall reduzieren, Ressourcen schonen und Compliance erf\u00fcllen.\",\"breadcrumb\":{\"@id\":\"https:\\\/\\\/gotec-bonding-agent-systems.com\\\/de\\\/umweltpolitik\\\/#breadcrumb\"},\"inLanguage\":\"de\",\"potentialAction\":[{\"@type\":\"ReadAction\",\"target\":[\"https:\\\/\\\/gotec-bonding-agent-systems.com\\\/de\\\/umweltpolitik\\\/\"]}]},{\"@type\":\"ImageObject\",\"inLanguage\":\"de\",\"@id\":\"https:\\\/\\\/gotec-bonding-agent-systems.com\\\/de\\\/umweltpolitik\\\/#primaryimage\",\"url\":\"https:\\\/\\\/gotec-bonding-agent-systems.com\\\/wp-content\\\/uploads\\\/2025\\\/12\\\/Bildschirmfoto-2025-12-02-um-00.14.20.png\",\"contentUrl\":\"https:\\\/\\\/gotec-bonding-agent-systems.com\\\/wp-content\\\/uploads\\\/2025\\\/12\\\/Bildschirmfoto-2025-12-02-um-00.14.20.png\"},{\"@type\":\"BreadcrumbList\",\"@id\":\"https:\\\/\\\/gotec-bonding-agent-systems.com\\\/de\\\/umweltpolitik\\\/#breadcrumb\",\"itemListElement\":[{\"@type\":\"ListItem\",\"position\":1,\"name\":\"Start\",\"item\":\"https:\\\/\\\/gotec-bonding-agent-systems.com\\\/de\\\/\"},{\"@type\":\"ListItem\",\"position\":2,\"name\":\"Umwelt und Nachhaltigkeit\"}]},{\"@type\":\"WebSite\",\"@id\":\"https:\\\/\\\/gotec-bonding-agent-systems.com\\\/#website\",\"url\":\"https:\\\/\\\/gotec-bonding-agent-systems.com\\\/\",\"name\":\"GOTEC Bonding Systems\",\"description\":\"\",\"publisher\":{\"@id\":\"https:\\\/\\\/gotec-bonding-agent-systems.com\\\/#organization\"},\"potentialAction\":[{\"@type\":\"SearchAction\",\"target\":{\"@type\":\"EntryPoint\",\"urlTemplate\":\"https:\\\/\\\/gotec-bonding-agent-systems.com\\\/?s={search_term_string}\"},\"query-input\":{\"@type\":\"PropertyValueSpecification\",\"valueRequired\":true,\"valueName\":\"search_term_string\"}}],\"inLanguage\":\"de\"},{\"@type\":\"Organization\",\"@id\":\"https:\\\/\\\/gotec-bonding-agent-systems.com\\\/#organization\",\"name\":\"GOTEC Bonding Systems\",\"url\":\"https:\\\/\\\/gotec-bonding-agent-systems.com\\\/\",\"logo\":{\"@type\":\"ImageObject\",\"inLanguage\":\"de\",\"@id\":\"https:\\\/\\\/gotec-bonding-agent-systems.com\\\/#\\\/schema\\\/logo\\\/image\\\/\",\"url\":\"https:\\\/\\\/gotec-bonding-agent-systems.com\\\/wp-content\\\/uploads\\\/2025\\\/11\\\/cropped-GOTEC_Bonding_Systems_Logo.png\",\"contentUrl\":\"https:\\\/\\\/gotec-bonding-agent-systems.com\\\/wp-content\\\/uploads\\\/2025\\\/11\\\/cropped-GOTEC_Bonding_Systems_Logo.png\",\"width\":2122,\"height\":1287,\"caption\":\"GOTEC Bonding Systems\"},\"image\":{\"@id\":\"https:\\\/\\\/gotec-bonding-agent-systems.com\\\/#\\\/schema\\\/logo\\\/image\\\/\"}}]}<\/script>\n<!-- \/ Yoast SEO plugin. -->","yoast_head_json":{"title":"Umwelt und Nachhaltigkeit - GOTEC Bonding Systems","description":"Umwelt und Nachhaltigkeit bei GOTEC Bonding Systems: Emissionen und Abfall reduzieren, Ressourcen schonen und Compliance erf\u00fcllen.","robots":{"index":"noindex","follow":"follow"},"og_locale":"de_DE","og_type":"article","og_title":"Umwelt und Nachhaltigkeit - GOTEC Bonding Systems","og_description":"Umwelt und Nachhaltigkeit bei GOTEC Bonding Systems: Emissionen und Abfall reduzieren, Ressourcen schonen und Compliance erf\u00fcllen.","og_url":"https:\/\/gotec-bonding-agent-systems.com\/de\/umweltpolitik\/","og_site_name":"GOTEC Bonding Systems","article_modified_time":"2026-04-03T10:52:13+00:00","og_image":[{"url":"https:\/\/gotec-bonding-agent-systems.com\/wp-content\/uploads\/2025\/12\/Bildschirmfoto-2025-12-02-um-00.14.20.png","type":"","width":"","height":""}],"twitter_card":"summary_large_image","twitter_misc":{"Gesch\u00e4tzte Lesezeit":"2\u00a0Minuten"},"schema":{"@context":"https:\/\/schema.org","@graph":[{"@type":"WebPage","@id":"https:\/\/gotec-bonding-agent-systems.com\/de\/umweltpolitik\/","url":"https:\/\/gotec-bonding-agent-systems.com\/de\/umweltpolitik\/","name":"Umwelt und Nachhaltigkeit - GOTEC Bonding Systems","isPartOf":{"@id":"https:\/\/gotec-bonding-agent-systems.com\/#website"},"primaryImageOfPage":{"@id":"https:\/\/gotec-bonding-agent-systems.com\/de\/umweltpolitik\/#primaryimage"},"image":{"@id":"https:\/\/gotec-bonding-agent-systems.com\/de\/umweltpolitik\/#primaryimage"},"thumbnailUrl":"https:\/\/gotec-bonding-agent-systems.com\/wp-content\/uploads\/2025\/12\/Bildschirmfoto-2025-12-02-um-00.14.20.png","datePublished":"2025-11-13T21:44:33+00:00","dateModified":"2026-04-03T10:52:13+00:00","description":"Umwelt und Nachhaltigkeit bei GOTEC Bonding Systems: Emissionen und Abfall reduzieren, Ressourcen schonen und Compliance erf\u00fcllen.","breadcrumb":{"@id":"https:\/\/gotec-bonding-agent-systems.com\/de\/umweltpolitik\/#breadcrumb"},"inLanguage":"de","potentialAction":[{"@type":"ReadAction","target":["https:\/\/gotec-bonding-agent-systems.com\/de\/umweltpolitik\/"]}]},{"@type":"ImageObject","inLanguage":"de","@id":"https:\/\/gotec-bonding-agent-systems.com\/de\/umweltpolitik\/#primaryimage","url":"https:\/\/gotec-bonding-agent-systems.com\/wp-content\/uploads\/2025\/12\/Bildschirmfoto-2025-12-02-um-00.14.20.png","contentUrl":"https:\/\/gotec-bonding-agent-systems.com\/wp-content\/uploads\/2025\/12\/Bildschirmfoto-2025-12-02-um-00.14.20.png"},{"@type":"BreadcrumbList","@id":"https:\/\/gotec-bonding-agent-systems.com\/de\/umweltpolitik\/#breadcrumb","itemListElement":[{"@type":"ListItem","position":1,"name":"Start","item":"https:\/\/gotec-bonding-agent-systems.com\/de\/"},{"@type":"ListItem","position":2,"name":"Umwelt und Nachhaltigkeit"}]},{"@type":"WebSite","@id":"https:\/\/gotec-bonding-agent-systems.com\/#website","url":"https:\/\/gotec-bonding-agent-systems.com\/","name":"GOTEC Bonding Systems","description":"","publisher":{"@id":"https:\/\/gotec-bonding-agent-systems.com\/#organization"},"potentialAction":[{"@type":"SearchAction","target":{"@type":"EntryPoint","urlTemplate":"https:\/\/gotec-bonding-agent-systems.com\/?s={search_term_string}"},"query-input":{"@type":"PropertyValueSpecification","valueRequired":true,"valueName":"search_term_string"}}],"inLanguage":"de"},{"@type":"Organization","@id":"https:\/\/gotec-bonding-agent-systems.com\/#organization","name":"GOTEC Bonding Systems","url":"https:\/\/gotec-bonding-agent-systems.com\/","logo":{"@type":"ImageObject","inLanguage":"de","@id":"https:\/\/gotec-bonding-agent-systems.com\/#\/schema\/logo\/image\/","url":"https:\/\/gotec-bonding-agent-systems.com\/wp-content\/uploads\/2025\/11\/cropped-GOTEC_Bonding_Systems_Logo.png","contentUrl":"https:\/\/gotec-bonding-agent-systems.com\/wp-content\/uploads\/2025\/11\/cropped-GOTEC_Bonding_Systems_Logo.png","width":2122,"height":1287,"caption":"GOTEC Bonding Systems"},"image":{"@id":"https:\/\/gotec-bonding-agent-systems.com\/#\/schema\/logo\/image\/"}}]}},"featured_media_urls":[],"_links":{"self":[{"href":"https:\/\/gotec-bonding-agent-systems.com\/de\/wp-json\/wp\/v2\/pages\/9012","targetHints":{"allow":["GET"]}}],"collection":[{"href":"https:\/\/gotec-bonding-agent-systems.com\/de\/wp-json\/wp\/v2\/pages"}],"about":[{"href":"https:\/\/gotec-bonding-agent-systems.com\/de\/wp-json\/wp\/v2\/types\/page"}],"author":[{"embeddable":true,"href":"https:\/\/gotec-bonding-agent-systems.com\/de\/wp-json\/wp\/v2\/users\/1"}],"replies":[{"embeddable":true,"href":"https:\/\/gotec-bonding-agent-systems.com\/de\/wp-json\/wp\/v2\/comments?post=9012"}],"version-history":[{"count":4,"href":"https:\/\/gotec-bonding-agent-systems.com\/de\/wp-json\/wp\/v2\/pages\/9012\/revisions"}],"predecessor-version":[{"id":9110,"href":"https:\/\/gotec-bonding-agent-systems.com\/de\/wp-json\/wp\/v2\/pages\/9012\/revisions\/9110"}],"wp:attachment":[{"href":"https:\/\/gotec-bonding-agent-systems.com\/de\/wp-json\/wp\/v2\/media?parent=9012"}],"curies":[{"name":"wp","href":"https:\/\/api.w.org\/{rel}","templated":true}]}}