{"id":9038,"date":"2026-01-23T20:47:47","date_gmt":"2026-01-23T20:47:47","guid":{"rendered":"https:\/\/gotec-bonding-agent-systems.com\/impressum\/"},"modified":"2026-03-23T16:52:26","modified_gmt":"2026-03-23T16:52:26","slug":"impressum","status":"publish","type":"page","link":"https:\/\/gotec-bonding-agent-systems.com\/de\/impressum\/","title":{"rendered":"Impressum"},"content":{"rendered":"\n<h2 class=\"wp-block-heading\"><\/h2>\n\n<h3 class=\"wp-block-heading\">Unternehmensinformationen<\/h3>\n\n<p><strong>GOTEC Bonding Agents<\/strong><br\/>Kayapa OSB, Kayapa Mah. Beyaz Cad. No: 18<br\/>Nil\u00fcfer \/ Bursa<br\/>T\u00fcrkei  <\/p>\n\n<p><strong>E-Mail:<\/strong> <a>info@gotec-bonding-systems.com<\/a><br\/><strong>Website:<\/strong> <a href=\"https:\/\/gotec-bonding-agent-systems.com\/de\/\">https:\/\/gotec-bonding-agent-systems.com<\/a><\/p>\n\n<h3 class=\"wp-block-heading\">Rechtsform &amp; Vertretung<\/h3>\n\n<p>GOTEC Bonding Agents wird durch die vertretungsberechtigte Gesch\u00e4ftsf\u00fchrung vertreten.<br\/>Weitere Einzelheiten zur gesetzlichen Vertretung werden nach der endg\u00fcltigen Genehmigung bekannt gegeben.<\/p>\n\n<h3 class=\"wp-block-heading\">Handelsregister<\/h3>\n\n<p>Eingetragen in der T\u00fcrkei.<br\/>Einzelheiten zur Handelsregistereintragung werden nach der endg\u00fcltigen Best\u00e4tigung erg\u00e4nzt.<\/p>\n\n<h3 class=\"wp-block-heading\">Umsatzsteuer-Identifikationsnummer<\/h3>\n\n<p>USt-IdNr. (falls zutreffend): wird noch angegeben.<\/p>\n\n<h3 class=\"wp-block-heading\">Haftung f\u00fcr Inhalte<\/h3>\n\n<p>Die Inhalte unserer Website wurden mit gr\u00f6\u00dftm\u00f6glicher Sorgfalt erstellt.<br\/>F\u00fcr die Richtigkeit, Vollst\u00e4ndigkeit oder Aktualit\u00e4t der Inhalte k\u00f6nnen wir jedoch keine Gew\u00e4hr \u00fcbernehmen.<br\/>Als Diensteanbieter sind wir gem\u00e4\u00df den geltenden Gesetzen f\u00fcr eigene Inhalte auf diesen Seiten verantwortlich.<\/p>\n\n<h3 class=\"wp-block-heading\">Haftung f\u00fcr Links<\/h3>\n\n<p>Unsere Website enth\u00e4lt Links zu externen Websites Dritter.<br\/>Auf die Inhalte dieser Websites haben wir keinen Einfluss und k\u00f6nnen daher keine Haftung f\u00fcr deren Inhalte \u00fcbernehmen.<br\/>F\u00fcr die Inhalte der verlinkten Seiten ist stets der jeweilige Anbieter oder Betreiber der Seiten verantwortlich.<\/p>\n\n<h3 class=\"wp-block-heading\">Geistiges Eigentum<\/h3>\n\n<p>Alle Inhalte, Texte, Bilder, Grafiken und Layouts auf dieser Website unterliegen dem Urheberrecht und den Gesetzen zum Schutz des geistigen Eigentums.<br\/>Jede Vervielf\u00e4ltigung, Bearbeitung oder Verwertung au\u00dferhalb der Grenzen des Urheberrechtes bedarf der vorherigen schriftlichen Zustimmung.<\/p>\n\n<h3 class=\"wp-block-heading\">Anwendbares Recht<\/h3>\n\n<p>Diese Website und ihre Inhalte unterliegen dem Recht der Republik T\u00fcrkei.<\/p>\n\n<p><\/p>\n\n    <div class=\"xs_social_share_widget xs_share_url after_content \t\tmain_content  wslu-style-1 wslu-share-box-shaped wslu-fill-colored wslu-none wslu-share-horizontal wslu-theme-font-no wslu-main_content\">\n\n\t\t\n        <ul>\n\t\t\t        <\/ul>\n    <\/div> \n","protected":false},"excerpt":{"rendered":"<p>Unternehmensinformationen GOTEC Bonding AgentsKayapa OSB, Kayapa Mah. Beyaz Cad. No: 18Nil\u00fcfer \/ BursaT\u00fcrkei E-Mail: info@gotec-bonding-systems.comWebsite: https:\/\/gotec-bonding-agent-systems.com Rechtsform &amp; Vertretung GOTEC Bonding Agents wird durch die vertretungsberechtigte Gesch\u00e4ftsf\u00fchrung vertreten.Weitere Einzelheiten zur gesetzlichen Vertretung werden nach der endg\u00fcltigen Genehmigung bekannt gegeben. Handelsregister Eingetragen in der T\u00fcrkei.Einzelheiten zur Handelsregistereintragung werden nach der endg\u00fcltigen Best\u00e4tigung erg\u00e4nzt. Umsatzsteuer-Identifikationsnummer USt-IdNr. (falls zutreffend): wird noch angegeben. Haftung f\u00fcr Inhalte Die Inhalte unserer Website wurden mit gr\u00f6\u00dftm\u00f6glicher Sorgfalt erstellt.F\u00fcr die Richtigkeit, Vollst\u00e4ndigkeit oder Aktualit\u00e4t der Inhalte k\u00f6nnen wir jedoch keine Gew\u00e4hr \u00fcbernehmen.Als Diensteanbieter sind wir gem\u00e4\u00df den geltenden Gesetzen f\u00fcr eigene Inhalte auf diesen Seiten verantwortlich. Haftung f\u00fcr Links Unsere Website enth\u00e4lt Links zu externen Websites Dritter.Auf die Inhalte dieser Websites haben wir keinen Einfluss und k\u00f6nnen daher keine Haftung f\u00fcr deren Inhalte \u00fcbernehmen.F\u00fcr die Inhalte der verlinkten Seiten ist stets der jeweilige Anbieter oder Betreiber der Seiten verantwortlich. Geistiges Eigentum Alle Inhalte, Texte, Bilder, Grafiken und Layouts auf dieser Website unterliegen dem Urheberrecht und den Gesetzen zum Schutz des geistigen Eigentums.Jede Vervielf\u00e4ltigung, Bearbeitung oder Verwertung au\u00dferhalb der Grenzen des Urheberrechtes bedarf der vorherigen schriftlichen Zustimmung. Anwendbares Recht Diese Website und ihre Inhalte unterliegen dem Recht der Republik T\u00fcrkei.<\/p>\n","protected":false},"author":1,"featured_media":0,"parent":0,"menu_order":0,"comment_status":"closed","ping_status":"closed","template":"","meta":{"postBodyCss":"","postBodyMargin":[],"postBodyPadding":[],"postBodyBackground":{"backgroundType":"classic","gradient":""},"inspiro_hide_title":false,"footnotes":""},"class_list":["post-9038","page","type-page","status-publish","hentry"],"yoast_head":"<!-- This site is optimized with the Yoast SEO plugin v27.4 - https:\/\/yoast.com\/product\/yoast-seo-wordpress\/ -->\n<title>Impressum - GOTEC Bonding Systems<\/title>\n<meta name=\"robots\" content=\"noindex, follow\" \/>\n<meta property=\"og:locale\" content=\"de_DE\" \/>\n<meta property=\"og:type\" content=\"article\" \/>\n<meta property=\"og:title\" content=\"Impressum - GOTEC Bonding Systems\" \/>\n<meta property=\"og:description\" content=\"Unternehmensinformationen GOTEC Bonding AgentsKayapa OSB, Kayapa Mah. Beyaz Cad. No: 18Nil\u00fcfer \/ BursaT\u00fcrkei E-Mail: info@gotec-bonding-systems.comWebsite: https:\/\/gotec-bonding-agent-systems.com Rechtsform &amp; Vertretung GOTEC Bonding Agents wird durch die vertretungsberechtigte Gesch\u00e4ftsf\u00fchrung vertreten.Weitere Einzelheiten zur gesetzlichen Vertretung werden nach der endg\u00fcltigen Genehmigung bekannt gegeben. Handelsregister Eingetragen in der T\u00fcrkei.Einzelheiten zur Handelsregistereintragung werden nach der endg\u00fcltigen Best\u00e4tigung erg\u00e4nzt. Umsatzsteuer-Identifikationsnummer USt-IdNr. (falls zutreffend): wird noch angegeben. Haftung f\u00fcr Inhalte Die Inhalte unserer Website wurden mit gr\u00f6\u00dftm\u00f6glicher Sorgfalt erstellt.F\u00fcr die Richtigkeit, Vollst\u00e4ndigkeit oder Aktualit\u00e4t der Inhalte k\u00f6nnen wir jedoch keine Gew\u00e4hr \u00fcbernehmen.Als Diensteanbieter sind wir gem\u00e4\u00df den geltenden Gesetzen f\u00fcr eigene Inhalte auf diesen Seiten verantwortlich. Haftung f\u00fcr Links Unsere Website enth\u00e4lt Links zu externen Websites Dritter.Auf die Inhalte dieser Websites haben wir keinen Einfluss und k\u00f6nnen daher keine Haftung f\u00fcr deren Inhalte \u00fcbernehmen.F\u00fcr die Inhalte der verlinkten Seiten ist stets der jeweilige Anbieter oder Betreiber der Seiten verantwortlich. Geistiges Eigentum Alle Inhalte, Texte, Bilder, Grafiken und Layouts auf dieser Website unterliegen dem Urheberrecht und den Gesetzen zum Schutz des geistigen Eigentums.Jede Vervielf\u00e4ltigung, Bearbeitung oder Verwertung au\u00dferhalb der Grenzen des Urheberrechtes bedarf der vorherigen schriftlichen Zustimmung. Anwendbares Recht Diese Website und ihre Inhalte unterliegen dem Recht der Republik T\u00fcrkei.\" \/>\n<meta property=\"og:url\" content=\"https:\/\/gotec-bonding-agent-systems.com\/de\/impressum\/\" \/>\n<meta property=\"og:site_name\" content=\"GOTEC Bonding Systems\" \/>\n<meta property=\"article:modified_time\" content=\"2026-03-23T16:52:26+00:00\" \/>\n<meta name=\"twitter:card\" content=\"summary_large_image\" \/>\n<script type=\"application\/ld+json\" class=\"yoast-schema-graph\">{\"@context\":\"https:\\\/\\\/schema.org\",\"@graph\":[{\"@type\":\"WebPage\",\"@id\":\"https:\\\/\\\/gotec-bonding-agent-systems.com\\\/de\\\/impressum\\\/\",\"url\":\"https:\\\/\\\/gotec-bonding-agent-systems.com\\\/de\\\/impressum\\\/\",\"name\":\"Impressum - GOTEC Bonding Systems\",\"isPartOf\":{\"@id\":\"https:\\\/\\\/gotec-bonding-agent-systems.com\\\/#website\"},\"datePublished\":\"2026-01-23T20:47:47+00:00\",\"dateModified\":\"2026-03-23T16:52:26+00:00\",\"breadcrumb\":{\"@id\":\"https:\\\/\\\/gotec-bonding-agent-systems.com\\\/de\\\/impressum\\\/#breadcrumb\"},\"inLanguage\":\"de\",\"potentialAction\":[{\"@type\":\"ReadAction\",\"target\":[\"https:\\\/\\\/gotec-bonding-agent-systems.com\\\/de\\\/impressum\\\/\"]}]},{\"@type\":\"BreadcrumbList\",\"@id\":\"https:\\\/\\\/gotec-bonding-agent-systems.com\\\/de\\\/impressum\\\/#breadcrumb\",\"itemListElement\":[{\"@type\":\"ListItem\",\"position\":1,\"name\":\"Start\",\"item\":\"https:\\\/\\\/gotec-bonding-agent-systems.com\\\/de\\\/\"},{\"@type\":\"ListItem\",\"position\":2,\"name\":\"Impressum\"}]},{\"@type\":\"WebSite\",\"@id\":\"https:\\\/\\\/gotec-bonding-agent-systems.com\\\/#website\",\"url\":\"https:\\\/\\\/gotec-bonding-agent-systems.com\\\/\",\"name\":\"GOTEC Bonding Systems\",\"description\":\"\",\"publisher\":{\"@id\":\"https:\\\/\\\/gotec-bonding-agent-systems.com\\\/#organization\"},\"potentialAction\":[{\"@type\":\"SearchAction\",\"target\":{\"@type\":\"EntryPoint\",\"urlTemplate\":\"https:\\\/\\\/gotec-bonding-agent-systems.com\\\/?s={search_term_string}\"},\"query-input\":{\"@type\":\"PropertyValueSpecification\",\"valueRequired\":true,\"valueName\":\"search_term_string\"}}],\"inLanguage\":\"de\"},{\"@type\":\"Organization\",\"@id\":\"https:\\\/\\\/gotec-bonding-agent-systems.com\\\/#organization\",\"name\":\"GOTEC Bonding Systems\",\"url\":\"https:\\\/\\\/gotec-bonding-agent-systems.com\\\/\",\"logo\":{\"@type\":\"ImageObject\",\"inLanguage\":\"de\",\"@id\":\"https:\\\/\\\/gotec-bonding-agent-systems.com\\\/#\\\/schema\\\/logo\\\/image\\\/\",\"url\":\"https:\\\/\\\/gotec-bonding-agent-systems.com\\\/wp-content\\\/uploads\\\/2025\\\/11\\\/cropped-GOTEC_Bonding_Systems_Logo.png\",\"contentUrl\":\"https:\\\/\\\/gotec-bonding-agent-systems.com\\\/wp-content\\\/uploads\\\/2025\\\/11\\\/cropped-GOTEC_Bonding_Systems_Logo.png\",\"width\":2122,\"height\":1287,\"caption\":\"GOTEC Bonding Systems\"},\"image\":{\"@id\":\"https:\\\/\\\/gotec-bonding-agent-systems.com\\\/#\\\/schema\\\/logo\\\/image\\\/\"}}]}<\/script>\n<!-- \/ Yoast SEO plugin. -->","yoast_head_json":{"title":"Impressum - GOTEC Bonding Systems","robots":{"index":"noindex","follow":"follow"},"og_locale":"de_DE","og_type":"article","og_title":"Impressum - GOTEC Bonding Systems","og_description":"Unternehmensinformationen GOTEC Bonding AgentsKayapa OSB, Kayapa Mah. Beyaz Cad. No: 18Nil\u00fcfer \/ BursaT\u00fcrkei E-Mail: info@gotec-bonding-systems.comWebsite: https:\/\/gotec-bonding-agent-systems.com Rechtsform &amp; Vertretung GOTEC Bonding Agents wird durch die vertretungsberechtigte Gesch\u00e4ftsf\u00fchrung vertreten.Weitere Einzelheiten zur gesetzlichen Vertretung werden nach der endg\u00fcltigen Genehmigung bekannt gegeben. Handelsregister Eingetragen in der T\u00fcrkei.Einzelheiten zur Handelsregistereintragung werden nach der endg\u00fcltigen Best\u00e4tigung erg\u00e4nzt. Umsatzsteuer-Identifikationsnummer USt-IdNr. (falls zutreffend): wird noch angegeben. Haftung f\u00fcr Inhalte Die Inhalte unserer Website wurden mit gr\u00f6\u00dftm\u00f6glicher Sorgfalt erstellt.F\u00fcr die Richtigkeit, Vollst\u00e4ndigkeit oder Aktualit\u00e4t der Inhalte k\u00f6nnen wir jedoch keine Gew\u00e4hr \u00fcbernehmen.Als Diensteanbieter sind wir gem\u00e4\u00df den geltenden Gesetzen f\u00fcr eigene Inhalte auf diesen Seiten verantwortlich. Haftung f\u00fcr Links Unsere Website enth\u00e4lt Links zu externen Websites Dritter.Auf die Inhalte dieser Websites haben wir keinen Einfluss und k\u00f6nnen daher keine Haftung f\u00fcr deren Inhalte \u00fcbernehmen.F\u00fcr die Inhalte der verlinkten Seiten ist stets der jeweilige Anbieter oder Betreiber der Seiten verantwortlich. Geistiges Eigentum Alle Inhalte, Texte, Bilder, Grafiken und Layouts auf dieser Website unterliegen dem Urheberrecht und den Gesetzen zum Schutz des geistigen Eigentums.Jede Vervielf\u00e4ltigung, Bearbeitung oder Verwertung au\u00dferhalb der Grenzen des Urheberrechtes bedarf der vorherigen schriftlichen Zustimmung. Anwendbares Recht Diese Website und ihre Inhalte unterliegen dem Recht der Republik T\u00fcrkei.","og_url":"https:\/\/gotec-bonding-agent-systems.com\/de\/impressum\/","og_site_name":"GOTEC Bonding Systems","article_modified_time":"2026-03-23T16:52:26+00:00","twitter_card":"summary_large_image","schema":{"@context":"https:\/\/schema.org","@graph":[{"@type":"WebPage","@id":"https:\/\/gotec-bonding-agent-systems.com\/de\/impressum\/","url":"https:\/\/gotec-bonding-agent-systems.com\/de\/impressum\/","name":"Impressum - GOTEC Bonding Systems","isPartOf":{"@id":"https:\/\/gotec-bonding-agent-systems.com\/#website"},"datePublished":"2026-01-23T20:47:47+00:00","dateModified":"2026-03-23T16:52:26+00:00","breadcrumb":{"@id":"https:\/\/gotec-bonding-agent-systems.com\/de\/impressum\/#breadcrumb"},"inLanguage":"de","potentialAction":[{"@type":"ReadAction","target":["https:\/\/gotec-bonding-agent-systems.com\/de\/impressum\/"]}]},{"@type":"BreadcrumbList","@id":"https:\/\/gotec-bonding-agent-systems.com\/de\/impressum\/#breadcrumb","itemListElement":[{"@type":"ListItem","position":1,"name":"Start","item":"https:\/\/gotec-bonding-agent-systems.com\/de\/"},{"@type":"ListItem","position":2,"name":"Impressum"}]},{"@type":"WebSite","@id":"https:\/\/gotec-bonding-agent-systems.com\/#website","url":"https:\/\/gotec-bonding-agent-systems.com\/","name":"GOTEC Bonding Systems","description":"","publisher":{"@id":"https:\/\/gotec-bonding-agent-systems.com\/#organization"},"potentialAction":[{"@type":"SearchAction","target":{"@type":"EntryPoint","urlTemplate":"https:\/\/gotec-bonding-agent-systems.com\/?s={search_term_string}"},"query-input":{"@type":"PropertyValueSpecification","valueRequired":true,"valueName":"search_term_string"}}],"inLanguage":"de"},{"@type":"Organization","@id":"https:\/\/gotec-bonding-agent-systems.com\/#organization","name":"GOTEC Bonding Systems","url":"https:\/\/gotec-bonding-agent-systems.com\/","logo":{"@type":"ImageObject","inLanguage":"de","@id":"https:\/\/gotec-bonding-agent-systems.com\/#\/schema\/logo\/image\/","url":"https:\/\/gotec-bonding-agent-systems.com\/wp-content\/uploads\/2025\/11\/cropped-GOTEC_Bonding_Systems_Logo.png","contentUrl":"https:\/\/gotec-bonding-agent-systems.com\/wp-content\/uploads\/2025\/11\/cropped-GOTEC_Bonding_Systems_Logo.png","width":2122,"height":1287,"caption":"GOTEC Bonding Systems"},"image":{"@id":"https:\/\/gotec-bonding-agent-systems.com\/#\/schema\/logo\/image\/"}}]}},"featured_media_urls":[],"_links":{"self":[{"href":"https:\/\/gotec-bonding-agent-systems.com\/de\/wp-json\/wp\/v2\/pages\/9038","targetHints":{"allow":["GET"]}}],"collection":[{"href":"https:\/\/gotec-bonding-agent-systems.com\/de\/wp-json\/wp\/v2\/pages"}],"about":[{"href":"https:\/\/gotec-bonding-agent-systems.com\/de\/wp-json\/wp\/v2\/types\/page"}],"author":[{"embeddable":true,"href":"https:\/\/gotec-bonding-agent-systems.com\/de\/wp-json\/wp\/v2\/users\/1"}],"replies":[{"embeddable":true,"href":"https:\/\/gotec-bonding-agent-systems.com\/de\/wp-json\/wp\/v2\/comments?post=9038"}],"version-history":[{"count":2,"href":"https:\/\/gotec-bonding-agent-systems.com\/de\/wp-json\/wp\/v2\/pages\/9038\/revisions"}],"predecessor-version":[{"id":9041,"href":"https:\/\/gotec-bonding-agent-systems.com\/de\/wp-json\/wp\/v2\/pages\/9038\/revisions\/9041"}],"wp:attachment":[{"href":"https:\/\/gotec-bonding-agent-systems.com\/de\/wp-json\/wp\/v2\/media?parent=9038"}],"curies":[{"name":"wp","href":"https:\/\/api.w.org\/{rel}","templated":true}]}}