{"id":8829,"date":"2025-11-03T22:42:09","date_gmt":"2025-11-03T22:42:09","guid":{"rendered":"https:\/\/gotec-bonding-agent-systems.com\/politica-de-privacidad\/"},"modified":"2026-04-04T09:44:52","modified_gmt":"2026-04-04T09:44:52","slug":"politica-de-privacidad","status":"publish","type":"page","link":"https:\/\/gotec-bonding-agent-systems.com\/es\/politica-de-privacidad\/","title":{"rendered":"POL\u00cdTICA DE PRIVACIDAD"},"content":{"rendered":"\n<h2 class=\"wp-block-heading\">POL\u00cdTICA DE PRIVACIDAD<\/h2>\n\n<ol start=\"1\" class=\"wp-block-list\">\n<li><strong>Informaci\u00f3n general<\/strong><\/li>\n<\/ol>\n\n<p>La protecci\u00f3n de sus datos personales es importante para nosotros. Esta Pol\u00edtica de privacidad explica qu\u00e9 datos personales recopilamos, c\u00f3mo los utilizamos y con qu\u00e9 fines cuando visita nuestro sitio web. <\/p>\n\n<p>Los datos personales se refieren a cualquier informaci\u00f3n que pueda utilizarse para identificarle personalmente.<\/p>\n\n<hr class=\"wp-block-separator has-alpha-channel-opacity\"\/>\n\n<ol start=\"2\" class=\"wp-block-list\">\n<li><strong>Responsable del tratamiento<\/strong><\/li>\n<\/ol>\n\n<p>El responsable del tratamiento de los datos personales en este sitio web es:<\/p>\n\n<p>GOTEC Bonding Agents<br\/>Kayapa OSB, Kayapa Mah. Beyaz Cad. No: 18<br\/>Nil\u00fcfer \/ Bursa, Turqu\u00eda<br\/>Correo electr\u00f3nico: <a href=\"mailto:info@gotec-bonding-systems.com\">info@gotec-bonding-systems.com<\/a>  <\/p>\n\n<hr class=\"wp-block-separator has-alpha-channel-opacity\"\/>\n\n<ol start=\"3\" class=\"wp-block-list\">\n<li><strong>Recopilaci\u00f3n y tratamiento de datos personales<\/strong><\/li>\n<\/ol>\n\n<p>Los datos personales se recopilan de las siguientes formas:<\/p>\n\n<ul class=\"wp-block-list\">\n<li>Datos que usted nos facilita activamente (p. ej., a trav\u00e9s de formularios de contacto)<\/li>\n\n\n\n<li>Datos recopilados autom\u00e1ticamente por nuestros sistemas inform\u00e1ticos cuando visita el sitio web (p. ej., tipo de navegador, sistema operativo, hora de acceso, direcci\u00f3n IP).<\/li>\n<\/ul>\n\n<hr class=\"wp-block-separator has-alpha-channel-opacity\"\/>\n\n<ol start=\"4\" class=\"wp-block-list\">\n<li><strong>Finalidad del tratamiento de datos<\/strong><\/li>\n<\/ol>\n\n<p>Sus datos se tratan con las siguientes finalidades:<\/p>\n\n<ul class=\"wp-block-list\">\n<li>Garantizar el correcto funcionamiento del sitio web<\/li>\n\n\n\n<li>Analizar el comportamiento de los usuarios para mejorar nuestros servicios<\/li>\n\n\n\n<li>Tramitar consultas y contactar con los usuarios<\/li>\n\n\n\n<li>Garantizar la seguridad y el rendimiento del sitio web<\/li>\n<\/ul>\n\n<hr class=\"wp-block-separator has-alpha-channel-opacity\"\/>\n\n<ol start=\"5\" class=\"wp-block-list\">\n<li><strong>Base jur\u00eddica del tratamiento<\/strong><\/li>\n<\/ol>\n\n<p>El tratamiento de datos se realiza de conformidad con el art\u00edculo 6, apartado 1, del RGPD:<\/p>\n\n<ul class=\"wp-block-list\">\n<li>(a) Consentimiento<\/li>\n\n\n\n<li>(b) Ejecuci\u00f3n de un contrato o medidas precontractuales<\/li>\n\n\n\n<li>(f) Intereses leg\u00edtimos (p. ej., an\u00e1lisis del sitio web, seguridad, estabilidad t\u00e9cnica).<\/li>\n<\/ul>\n\n<hr class=\"wp-block-separator has-alpha-channel-opacity\"\/>\n\n<ol start=\"6\" class=\"wp-block-list\">\n<li><strong>Herramientas y servicios utilizados<\/strong><\/li>\n<\/ol>\n\n<p><strong>6.1 Alojamiento<\/strong><\/p>\n\n<p>Este sitio web est\u00e1 alojado por:<\/p>\n\n<p>IONOS SE<br\/>Elgendorfer Str. 57<br\/>56410 Montabaur, Alemania <\/p>\n\n<p>El proveedor de alojamiento trata datos personales (p. ej., direcciones IP) para garantizar el funcionamiento y la seguridad del sitio web. Se ha suscrito un contrato de encargo de tratamiento de conformidad con el art\u00edculo 28 del RGPD. <\/p>\n\n<hr class=\"wp-block-separator has-alpha-channel-opacity\"\/>\n\n<p><strong>6.2 Anal\u00edtica \u2013 Independent Analytics<\/strong><\/p>\n\n<p>Utilizamos la herramienta \u201cIndependent Analytics\u201d para evaluar estad\u00edsticamente el uso del sitio web.<\/p>\n\n<ul class=\"wp-block-list\">\n<li>Las direcciones IP se anonimizan.<\/li>\n\n\n\n<li>No se crean perfiles de usuario personales.<\/li>\n<\/ul>\n\n<p>El tratamiento se basa en su consentimiento de conformidad con el art\u00edculo 6, apartado 1, letra a), del RGPD.<br\/>Puede retirar su consentimiento en cualquier momento a trav\u00e9s de la configuraci\u00f3n de cookies.<\/p>\n\n<hr class=\"wp-block-separator has-alpha-channel-opacity\"\/>\n\n<p><strong>6.3 Formulario de contacto<\/strong><\/p>\n\n<p>Cuando se pone en contacto con nosotros a trav\u00e9s del formulario de contacto, los datos que proporciona (incluidos los datos de contacto) se almacenan para procesar su consulta y posibles preguntas de seguimiento.<\/p>\n\n<p>El tratamiento se basa en el art\u00edculo 6, apartado 1, letra b), del RGPD.<\/p>\n\n<hr class=\"wp-block-separator has-alpha-channel-opacity\"\/>\n\n<p><strong>6.4 Enlaces a redes sociales<\/strong><\/p>\n\n<p>Nuestro sitio web contiene enlaces a nuestros perfiles en LinkedIn e Instagram.<\/p>\n\n<p>Se trata de simples enlaces externos (sin complementos integrados).<br\/>Al hacer clic en estos enlaces, usted abandona nuestro sitio web y se aplican las pol\u00edticas de privacidad de las plataformas respectivas.<\/p>\n\n<hr class=\"wp-block-separator has-alpha-channel-opacity\"\/>\n\n<p><strong>6.5 Contenido generado por IA<\/strong><\/p>\n\n<p>Algunos contenidos visuales (p. ej., im\u00e1genes) de este sitio web pueden haber sido creados mediante inteligencia artificial (IA).<\/p>\n\n<p>No se tratan datos personales en la creaci\u00f3n de dicho contenido.<\/p>\n\n<hr class=\"wp-block-separator has-alpha-channel-opacity\"\/>\n\n<ol start=\"7\" class=\"wp-block-list\">\n<li><strong>Cookies<\/strong><\/li>\n<\/ol>\n\n<p>Este sitio web utiliza cookies.<\/p>\n\n<ul class=\"wp-block-list\">\n<li>Algunas cookies son t\u00e9cnicamente necesarias.<\/li>\n\n\n\n<li>Otras (p. ej., para an\u00e1lisis) requieren su consentimiento.<\/li>\n<\/ul>\n\n<p>Puede gestionar o retirar su consentimiento en cualquier momento a trav\u00e9s del banner de cookies.<\/p>\n\n<hr class=\"wp-block-separator has-alpha-channel-opacity\"\/>\n\n<ol start=\"8\" class=\"wp-block-list\">\n<li><strong>Transferencia de datos a terceros pa\u00edses<\/strong><\/li>\n<\/ol>\n\n<p>Al utilizar servicios como LinkedIn o Instagram, los datos personales pueden transferirse a terceros pa\u00edses (p. ej., Estados Unidos).<\/p>\n\n<p>Estos proveedores utilizan cl\u00e1usulas contractuales tipo para garantizar un nivel adecuado de protecci\u00f3n de datos.<\/p>\n\n<hr class=\"wp-block-separator has-alpha-channel-opacity\"\/>\n\n<ol start=\"9\" class=\"wp-block-list\">\n<li><strong>Conservaci\u00f3n de datos<\/strong><\/li>\n<\/ol>\n\n<p>Los datos personales se almacenan \u00fanicamente durante el tiempo necesario para la finalidad correspondiente o seg\u00fan lo exijan las obligaciones legales de conservaci\u00f3n.<\/p>\n\n<hr class=\"wp-block-separator has-alpha-channel-opacity\"\/>\n\n<ol start=\"10\" class=\"wp-block-list\">\n<li><strong>Sus derechos<\/strong><\/li>\n<\/ol>\n\n<p>Usted tiene derecho a:<\/p>\n\n<ul class=\"wp-block-list\">\n<li>Acceder a sus datos personales almacenados<\/li>\n\n\n\n<li>Rectificaci\u00f3n de datos inexactos<\/li>\n\n\n\n<li>Supresi\u00f3n de sus datos<\/li>\n\n\n\n<li>Limitaci\u00f3n del tratamiento<\/li>\n\n\n\n<li>Portabilidad de los datos<\/li>\n\n\n\n<li>Retirada del consentimiento<\/li>\n\n\n\n<li>Oposici\u00f3n al tratamiento<\/li>\n\n\n\n<li>Presentar una reclamaci\u00f3n ante una autoridad de control<\/li>\n<\/ul>\n\n<hr class=\"wp-block-separator has-alpha-channel-opacity\"\/>\n\n<ol start=\"11\" class=\"wp-block-list\">\n<li><strong>Seguridad de los datos<\/strong><\/li>\n<\/ol>\n\n<p>Implementamos medidas t\u00e9cnicas y organizativas adecuadas para proteger sus datos contra el acceso no autorizado, la p\u00e9rdida o el mal uso.<\/p>\n\n<p>Esto incluye:<\/p>\n\n<ul class=\"wp-block-list\">\n<li>Cifrado SSL<\/li>\n\n\n\n<li>Controles de acceso<\/li>\n<\/ul>\n\n<hr class=\"wp-block-separator has-alpha-channel-opacity\"\/>\n\n<ol start=\"12\" class=\"wp-block-list\">\n<li><strong>Contacto<\/strong><\/li>\n<\/ol>\n\n<p>Si tiene alguna pregunta relativa a la protecci\u00f3n de datos, p\u00f3ngase en contacto con nosotros utilizando los datos facilitados anteriormente.<\/p>\n\n<hr class=\"wp-block-separator has-alpha-channel-opacity\"\/>\n\n<p>Nota: Esta pol\u00edtica de privacidad se aplica a todas las versiones ling\u00fc\u00edsticas de este sitio web.<span style=\"font-size: revert; font-weight: var(--wp--custom--font-weight--regular);\"><\/span><\/p>\n\n<p><\/p>\n\n    <div class=\"xs_social_share_widget xs_share_url after_content \t\tmain_content  wslu-style-1 wslu-share-box-shaped wslu-fill-colored wslu-none wslu-share-horizontal wslu-theme-font-no wslu-main_content\">\n\n\t\t\n        <ul>\n\t\t\t        <\/ul>\n    <\/div> \n","protected":false},"excerpt":{"rendered":"<p>POL\u00cdTICA DE PRIVACIDAD La protecci\u00f3n de sus datos personales es importante para nosotros. Esta Pol\u00edtica de privacidad explica qu\u00e9 datos personales recopilamos, c\u00f3mo los utilizamos y con qu\u00e9 fines cuando visita nuestro sitio web. Los datos personales se refieren a cualquier informaci\u00f3n que pueda utilizarse para identificarle personalmente. El responsable del tratamiento de los datos personales en este sitio web es: GOTEC Bonding AgentsKayapa OSB, Kayapa Mah. Beyaz Cad. No: 18Nil\u00fcfer \/ Bursa, Turqu\u00edaCorreo electr\u00f3nico: info@gotec-bonding-systems.com Los datos personales se recopilan de las siguientes formas: Sus datos se tratan con las siguientes finalidades: El tratamiento de datos se realiza de conformidad con el art\u00edculo 6, apartado 1, del RGPD: 6.1 Alojamiento Este sitio web est\u00e1 alojado por: IONOS SEElgendorfer Str. 5756410 Montabaur, Alemania El proveedor de alojamiento trata datos personales (p. ej., direcciones IP) para garantizar el funcionamiento y la seguridad del sitio web. Se ha suscrito un contrato de encargo de tratamiento de conformidad con el art\u00edculo 28 del RGPD. 6.2 Anal\u00edtica \u2013 Independent Analytics Utilizamos la herramienta \u201cIndependent Analytics\u201d para evaluar estad\u00edsticamente el uso del sitio web. El tratamiento se basa en su consentimiento de conformidad con el art\u00edculo 6, apartado 1, letra a), del RGPD.Puede retirar su consentimiento en cualquier momento a trav\u00e9s de la configuraci\u00f3n de cookies. 6.3 Formulario de contacto Cuando se pone en contacto con nosotros a trav\u00e9s del formulario de contacto, los datos que proporciona (incluidos los datos de contacto) se almacenan para procesar su consulta y posibles preguntas de seguimiento. El tratamiento se basa en el art\u00edculo 6, apartado 1, letra b), del RGPD. 6.4 Enlaces a redes sociales Nuestro sitio web contiene enlaces a nuestros perfiles en LinkedIn e Instagram. Se trata de simples enlaces externos (sin complementos integrados).Al hacer clic en estos enlaces, usted abandona nuestro sitio web y se aplican las pol\u00edticas de privacidad de las plataformas respectivas. 6.5 Contenido generado por IA Algunos contenidos visuales (p. ej., im\u00e1genes) de este sitio web pueden haber sido creados mediante inteligencia artificial (IA). No se tratan datos personales en la creaci\u00f3n de dicho contenido. Este sitio web utiliza cookies. Puede gestionar o retirar su consentimiento en cualquier momento a trav\u00e9s del banner de cookies. Al utilizar servicios como LinkedIn o Instagram, los datos personales pueden transferirse a terceros pa\u00edses (p. ej., Estados Unidos). Estos proveedores utilizan cl\u00e1usulas contractuales tipo para garantizar un nivel adecuado de protecci\u00f3n de datos. Los datos personales se almacenan \u00fanicamente durante el tiempo necesario para la finalidad correspondiente o seg\u00fan lo exijan las obligaciones legales de conservaci\u00f3n. Usted tiene derecho a: Implementamos medidas t\u00e9cnicas y organizativas adecuadas para proteger sus datos contra el acceso no autorizado, la p\u00e9rdida o el mal uso. Esto incluye: Si tiene alguna pregunta relativa a la protecci\u00f3n de datos, p\u00f3ngase en contacto con nosotros utilizando los datos facilitados anteriormente. Nota: Esta pol\u00edtica de privacidad se aplica a todas las versiones ling\u00fc\u00edsticas de este sitio web.<\/p>\n","protected":false},"author":1,"featured_media":0,"parent":0,"menu_order":0,"comment_status":"closed","ping_status":"closed","template":"","meta":{"postBodyCss":"","postBodyMargin":[],"postBodyPadding":[],"postBodyBackground":{"backgroundType":"classic","gradient":""},"inspiro_hide_title":false,"footnotes":""},"class_list":["post-8829","page","type-page","status-publish","hentry"],"yoast_head":"<!-- This site is optimized with the Yoast SEO plugin v27.4 - https:\/\/yoast.com\/product\/yoast-seo-wordpress\/ -->\n<title>POL\u00cdTICA DE PRIVACIDAD - GOTEC Bonding Systems<\/title>\n<meta name=\"robots\" content=\"noindex, follow\" \/>\n<meta property=\"og:locale\" content=\"es_ES\" \/>\n<meta property=\"og:type\" content=\"article\" \/>\n<meta property=\"og:title\" content=\"POL\u00cdTICA DE PRIVACIDAD - GOTEC Bonding Systems\" \/>\n<meta property=\"og:description\" content=\"POL\u00cdTICA DE PRIVACIDAD La protecci\u00f3n de sus datos personales es importante para nosotros. Esta Pol\u00edtica de privacidad explica qu\u00e9 datos personales recopilamos, c\u00f3mo los utilizamos y con qu\u00e9 fines cuando visita nuestro sitio web. Los datos personales se refieren a cualquier informaci\u00f3n que pueda utilizarse para identificarle personalmente. El responsable del tratamiento de los datos personales en este sitio web es: GOTEC Bonding AgentsKayapa OSB, Kayapa Mah. Beyaz Cad. No: 18Nil\u00fcfer \/ Bursa, Turqu\u00edaCorreo electr\u00f3nico: info@gotec-bonding-systems.com Los datos personales se recopilan de las siguientes formas: Sus datos se tratan con las siguientes finalidades: El tratamiento de datos se realiza de conformidad con el art\u00edculo 6, apartado 1, del RGPD: 6.1 Alojamiento Este sitio web est\u00e1 alojado por: IONOS SEElgendorfer Str. 5756410 Montabaur, Alemania El proveedor de alojamiento trata datos personales (p. ej., direcciones IP) para garantizar el funcionamiento y la seguridad del sitio web. Se ha suscrito un contrato de encargo de tratamiento de conformidad con el art\u00edculo 28 del RGPD. 6.2 Anal\u00edtica \u2013 Independent Analytics Utilizamos la herramienta \u201cIndependent Analytics\u201d para evaluar estad\u00edsticamente el uso del sitio web. El tratamiento se basa en su consentimiento de conformidad con el art\u00edculo 6, apartado 1, letra a), del RGPD.Puede retirar su consentimiento en cualquier momento a trav\u00e9s de la configuraci\u00f3n de cookies. 6.3 Formulario de contacto Cuando se pone en contacto con nosotros a trav\u00e9s del formulario de contacto, los datos que proporciona (incluidos los datos de contacto) se almacenan para procesar su consulta y posibles preguntas de seguimiento. El tratamiento se basa en el art\u00edculo 6, apartado 1, letra b), del RGPD. 6.4 Enlaces a redes sociales Nuestro sitio web contiene enlaces a nuestros perfiles en LinkedIn e Instagram. Se trata de simples enlaces externos (sin complementos integrados).Al hacer clic en estos enlaces, usted abandona nuestro sitio web y se aplican las pol\u00edticas de privacidad de las plataformas respectivas. 6.5 Contenido generado por IA Algunos contenidos visuales (p. ej., im\u00e1genes) de este sitio web pueden haber sido creados mediante inteligencia artificial (IA). No se tratan datos personales en la creaci\u00f3n de dicho contenido. Este sitio web utiliza cookies. Puede gestionar o retirar su consentimiento en cualquier momento a trav\u00e9s del banner de cookies. Al utilizar servicios como LinkedIn o Instagram, los datos personales pueden transferirse a terceros pa\u00edses (p. ej., Estados Unidos). Estos proveedores utilizan cl\u00e1usulas contractuales tipo para garantizar un nivel adecuado de protecci\u00f3n de datos. Los datos personales se almacenan \u00fanicamente durante el tiempo necesario para la finalidad correspondiente o seg\u00fan lo exijan las obligaciones legales de conservaci\u00f3n. Usted tiene derecho a: Implementamos medidas t\u00e9cnicas y organizativas adecuadas para proteger sus datos contra el acceso no autorizado, la p\u00e9rdida o el mal uso. Esto incluye: Si tiene alguna pregunta relativa a la protecci\u00f3n de datos, p\u00f3ngase en contacto con nosotros utilizando los datos facilitados anteriormente. Nota: Esta pol\u00edtica de privacidad se aplica a todas las versiones ling\u00fc\u00edsticas de este sitio web.\" \/>\n<meta property=\"og:url\" content=\"https:\/\/gotec-bonding-agent-systems.com\/es\/politica-de-privacidad\/\" \/>\n<meta property=\"og:site_name\" content=\"GOTEC Bonding Systems\" \/>\n<meta property=\"article:modified_time\" content=\"2026-04-04T09:44:52+00:00\" \/>\n<meta name=\"twitter:card\" content=\"summary_large_image\" \/>\n<meta name=\"twitter:label1\" content=\"Tiempo de lectura\" \/>\n\t<meta name=\"twitter:data1\" content=\"3 minutos\" \/>\n<script type=\"application\/ld+json\" class=\"yoast-schema-graph\">{\"@context\":\"https:\\\/\\\/schema.org\",\"@graph\":[{\"@type\":\"WebPage\",\"@id\":\"https:\\\/\\\/gotec-bonding-agent-systems.com\\\/es\\\/politica-de-privacidad\\\/\",\"url\":\"https:\\\/\\\/gotec-bonding-agent-systems.com\\\/es\\\/politica-de-privacidad\\\/\",\"name\":\"POL\u00cdTICA DE PRIVACIDAD - GOTEC Bonding Systems\",\"isPartOf\":{\"@id\":\"https:\\\/\\\/gotec-bonding-agent-systems.com\\\/#website\"},\"datePublished\":\"2025-11-03T22:42:09+00:00\",\"dateModified\":\"2026-04-04T09:44:52+00:00\",\"breadcrumb\":{\"@id\":\"https:\\\/\\\/gotec-bonding-agent-systems.com\\\/es\\\/politica-de-privacidad\\\/#breadcrumb\"},\"inLanguage\":\"es\",\"potentialAction\":[{\"@type\":\"ReadAction\",\"target\":[\"https:\\\/\\\/gotec-bonding-agent-systems.com\\\/es\\\/politica-de-privacidad\\\/\"]}]},{\"@type\":\"BreadcrumbList\",\"@id\":\"https:\\\/\\\/gotec-bonding-agent-systems.com\\\/es\\\/politica-de-privacidad\\\/#breadcrumb\",\"itemListElement\":[{\"@type\":\"ListItem\",\"position\":1,\"name\":\"Start\",\"item\":\"https:\\\/\\\/gotec-bonding-agent-systems.com\\\/es\\\/\"},{\"@type\":\"ListItem\",\"position\":2,\"name\":\"POL\u00cdTICA DE PRIVACIDAD\"}]},{\"@type\":\"WebSite\",\"@id\":\"https:\\\/\\\/gotec-bonding-agent-systems.com\\\/#website\",\"url\":\"https:\\\/\\\/gotec-bonding-agent-systems.com\\\/\",\"name\":\"GOTEC Bonding Systems\",\"description\":\"\",\"publisher\":{\"@id\":\"https:\\\/\\\/gotec-bonding-agent-systems.com\\\/#organization\"},\"potentialAction\":[{\"@type\":\"SearchAction\",\"target\":{\"@type\":\"EntryPoint\",\"urlTemplate\":\"https:\\\/\\\/gotec-bonding-agent-systems.com\\\/?s={search_term_string}\"},\"query-input\":{\"@type\":\"PropertyValueSpecification\",\"valueRequired\":true,\"valueName\":\"search_term_string\"}}],\"inLanguage\":\"es\"},{\"@type\":\"Organization\",\"@id\":\"https:\\\/\\\/gotec-bonding-agent-systems.com\\\/#organization\",\"name\":\"GOTEC Bonding Systems\",\"url\":\"https:\\\/\\\/gotec-bonding-agent-systems.com\\\/\",\"logo\":{\"@type\":\"ImageObject\",\"inLanguage\":\"es\",\"@id\":\"https:\\\/\\\/gotec-bonding-agent-systems.com\\\/#\\\/schema\\\/logo\\\/image\\\/\",\"url\":\"https:\\\/\\\/gotec-bonding-agent-systems.com\\\/wp-content\\\/uploads\\\/2025\\\/11\\\/cropped-GOTEC_Bonding_Systems_Logo.png\",\"contentUrl\":\"https:\\\/\\\/gotec-bonding-agent-systems.com\\\/wp-content\\\/uploads\\\/2025\\\/11\\\/cropped-GOTEC_Bonding_Systems_Logo.png\",\"width\":2122,\"height\":1287,\"caption\":\"GOTEC Bonding Systems\"},\"image\":{\"@id\":\"https:\\\/\\\/gotec-bonding-agent-systems.com\\\/#\\\/schema\\\/logo\\\/image\\\/\"}}]}<\/script>\n<!-- \/ Yoast SEO plugin. -->","yoast_head_json":{"title":"POL\u00cdTICA DE PRIVACIDAD - GOTEC Bonding Systems","robots":{"index":"noindex","follow":"follow"},"og_locale":"es_ES","og_type":"article","og_title":"POL\u00cdTICA DE PRIVACIDAD - GOTEC Bonding Systems","og_description":"POL\u00cdTICA DE PRIVACIDAD La protecci\u00f3n de sus datos personales es importante para nosotros. Esta Pol\u00edtica de privacidad explica qu\u00e9 datos personales recopilamos, c\u00f3mo los utilizamos y con qu\u00e9 fines cuando visita nuestro sitio web. Los datos personales se refieren a cualquier informaci\u00f3n que pueda utilizarse para identificarle personalmente. El responsable del tratamiento de los datos personales en este sitio web es: GOTEC Bonding AgentsKayapa OSB, Kayapa Mah. Beyaz Cad. No: 18Nil\u00fcfer \/ Bursa, Turqu\u00edaCorreo electr\u00f3nico: info@gotec-bonding-systems.com Los datos personales se recopilan de las siguientes formas: Sus datos se tratan con las siguientes finalidades: El tratamiento de datos se realiza de conformidad con el art\u00edculo 6, apartado 1, del RGPD: 6.1 Alojamiento Este sitio web est\u00e1 alojado por: IONOS SEElgendorfer Str. 5756410 Montabaur, Alemania El proveedor de alojamiento trata datos personales (p. ej., direcciones IP) para garantizar el funcionamiento y la seguridad del sitio web. Se ha suscrito un contrato de encargo de tratamiento de conformidad con el art\u00edculo 28 del RGPD. 6.2 Anal\u00edtica \u2013 Independent Analytics Utilizamos la herramienta \u201cIndependent Analytics\u201d para evaluar estad\u00edsticamente el uso del sitio web. El tratamiento se basa en su consentimiento de conformidad con el art\u00edculo 6, apartado 1, letra a), del RGPD.Puede retirar su consentimiento en cualquier momento a trav\u00e9s de la configuraci\u00f3n de cookies. 6.3 Formulario de contacto Cuando se pone en contacto con nosotros a trav\u00e9s del formulario de contacto, los datos que proporciona (incluidos los datos de contacto) se almacenan para procesar su consulta y posibles preguntas de seguimiento. El tratamiento se basa en el art\u00edculo 6, apartado 1, letra b), del RGPD. 6.4 Enlaces a redes sociales Nuestro sitio web contiene enlaces a nuestros perfiles en LinkedIn e Instagram. Se trata de simples enlaces externos (sin complementos integrados).Al hacer clic en estos enlaces, usted abandona nuestro sitio web y se aplican las pol\u00edticas de privacidad de las plataformas respectivas. 6.5 Contenido generado por IA Algunos contenidos visuales (p. ej., im\u00e1genes) de este sitio web pueden haber sido creados mediante inteligencia artificial (IA). No se tratan datos personales en la creaci\u00f3n de dicho contenido. Este sitio web utiliza cookies. Puede gestionar o retirar su consentimiento en cualquier momento a trav\u00e9s del banner de cookies. Al utilizar servicios como LinkedIn o Instagram, los datos personales pueden transferirse a terceros pa\u00edses (p. ej., Estados Unidos). Estos proveedores utilizan cl\u00e1usulas contractuales tipo para garantizar un nivel adecuado de protecci\u00f3n de datos. Los datos personales se almacenan \u00fanicamente durante el tiempo necesario para la finalidad correspondiente o seg\u00fan lo exijan las obligaciones legales de conservaci\u00f3n. Usted tiene derecho a: Implementamos medidas t\u00e9cnicas y organizativas adecuadas para proteger sus datos contra el acceso no autorizado, la p\u00e9rdida o el mal uso. Esto incluye: Si tiene alguna pregunta relativa a la protecci\u00f3n de datos, p\u00f3ngase en contacto con nosotros utilizando los datos facilitados anteriormente. Nota: Esta pol\u00edtica de privacidad se aplica a todas las versiones ling\u00fc\u00edsticas de este sitio web.","og_url":"https:\/\/gotec-bonding-agent-systems.com\/es\/politica-de-privacidad\/","og_site_name":"GOTEC Bonding Systems","article_modified_time":"2026-04-04T09:44:52+00:00","twitter_card":"summary_large_image","twitter_misc":{"Tiempo de lectura":"3 minutos"},"schema":{"@context":"https:\/\/schema.org","@graph":[{"@type":"WebPage","@id":"https:\/\/gotec-bonding-agent-systems.com\/es\/politica-de-privacidad\/","url":"https:\/\/gotec-bonding-agent-systems.com\/es\/politica-de-privacidad\/","name":"POL\u00cdTICA DE PRIVACIDAD - GOTEC Bonding Systems","isPartOf":{"@id":"https:\/\/gotec-bonding-agent-systems.com\/#website"},"datePublished":"2025-11-03T22:42:09+00:00","dateModified":"2026-04-04T09:44:52+00:00","breadcrumb":{"@id":"https:\/\/gotec-bonding-agent-systems.com\/es\/politica-de-privacidad\/#breadcrumb"},"inLanguage":"es","potentialAction":[{"@type":"ReadAction","target":["https:\/\/gotec-bonding-agent-systems.com\/es\/politica-de-privacidad\/"]}]},{"@type":"BreadcrumbList","@id":"https:\/\/gotec-bonding-agent-systems.com\/es\/politica-de-privacidad\/#breadcrumb","itemListElement":[{"@type":"ListItem","position":1,"name":"Start","item":"https:\/\/gotec-bonding-agent-systems.com\/es\/"},{"@type":"ListItem","position":2,"name":"POL\u00cdTICA DE PRIVACIDAD"}]},{"@type":"WebSite","@id":"https:\/\/gotec-bonding-agent-systems.com\/#website","url":"https:\/\/gotec-bonding-agent-systems.com\/","name":"GOTEC Bonding Systems","description":"","publisher":{"@id":"https:\/\/gotec-bonding-agent-systems.com\/#organization"},"potentialAction":[{"@type":"SearchAction","target":{"@type":"EntryPoint","urlTemplate":"https:\/\/gotec-bonding-agent-systems.com\/?s={search_term_string}"},"query-input":{"@type":"PropertyValueSpecification","valueRequired":true,"valueName":"search_term_string"}}],"inLanguage":"es"},{"@type":"Organization","@id":"https:\/\/gotec-bonding-agent-systems.com\/#organization","name":"GOTEC Bonding Systems","url":"https:\/\/gotec-bonding-agent-systems.com\/","logo":{"@type":"ImageObject","inLanguage":"es","@id":"https:\/\/gotec-bonding-agent-systems.com\/#\/schema\/logo\/image\/","url":"https:\/\/gotec-bonding-agent-systems.com\/wp-content\/uploads\/2025\/11\/cropped-GOTEC_Bonding_Systems_Logo.png","contentUrl":"https:\/\/gotec-bonding-agent-systems.com\/wp-content\/uploads\/2025\/11\/cropped-GOTEC_Bonding_Systems_Logo.png","width":2122,"height":1287,"caption":"GOTEC Bonding Systems"},"image":{"@id":"https:\/\/gotec-bonding-agent-systems.com\/#\/schema\/logo\/image\/"}}]}},"featured_media_urls":[],"_links":{"self":[{"href":"https:\/\/gotec-bonding-agent-systems.com\/es\/wp-json\/wp\/v2\/pages\/8829","targetHints":{"allow":["GET"]}}],"collection":[{"href":"https:\/\/gotec-bonding-agent-systems.com\/es\/wp-json\/wp\/v2\/pages"}],"about":[{"href":"https:\/\/gotec-bonding-agent-systems.com\/es\/wp-json\/wp\/v2\/types\/page"}],"author":[{"embeddable":true,"href":"https:\/\/gotec-bonding-agent-systems.com\/es\/wp-json\/wp\/v2\/users\/1"}],"replies":[{"embeddable":true,"href":"https:\/\/gotec-bonding-agent-systems.com\/es\/wp-json\/wp\/v2\/comments?post=8829"}],"version-history":[{"count":3,"href":"https:\/\/gotec-bonding-agent-systems.com\/es\/wp-json\/wp\/v2\/pages\/8829\/revisions"}],"predecessor-version":[{"id":9490,"href":"https:\/\/gotec-bonding-agent-systems.com\/es\/wp-json\/wp\/v2\/pages\/8829\/revisions\/9490"}],"wp:attachment":[{"href":"https:\/\/gotec-bonding-agent-systems.com\/es\/wp-json\/wp\/v2\/media?parent=8829"}],"curies":[{"name":"wp","href":"https:\/\/api.w.org\/{rel}","templated":true}]}}