{"id":8850,"date":"2025-11-13T21:44:33","date_gmt":"2025-11-13T21:44:33","guid":{"rendered":"https:\/\/gotec-bonding-agent-systems.com\/politica-medioambiental\/"},"modified":"2026-04-03T10:52:08","modified_gmt":"2026-04-03T10:52:08","slug":"politica-medioambiental","status":"publish","type":"page","link":"https:\/\/gotec-bonding-agent-systems.com\/es\/politica-medioambiental\/","title":{"rendered":"POL\u00cdTICA MEDIOAMBIENTAL"},"content":{"rendered":"\t\t<div data-elementor-type=\"wp-page\" data-elementor-id=\"8850\" class=\"elementor elementor-8850 elementor-6831\">\n\t\t\t\t\t\t<section class=\"elementor-section elementor-top-section elementor-element elementor-element-bd346d1 elementor-section-height-min-height elementor-section-stretched elementor-section-boxed elementor-section-height-default elementor-section-items-middle wpr-particle-no wpr-jarallax-no wpr-parallax-no wpr-sticky-section-no wpr-equal-height-no\" data-id=\"bd346d1\" data-element_type=\"section\" data-e-type=\"section\" data-settings=\"{&quot;background_background&quot;:&quot;classic&quot;,&quot;shape_divider_bottom&quot;:&quot;opacity-tilt&quot;,&quot;stretch_section&quot;:&quot;section-stretched&quot;}\">\n\t\t\t\t\t\t\t<div class=\"elementor-background-overlay\"><\/div>\n\t\t\t\t\t\t<div class=\"elementor-shape elementor-shape-bottom\" aria-hidden=\"true\" data-negative=\"false\">\n\t\t\t<svg xmlns=\"http:\/\/www.w3.org\/2000\/svg\" viewBox=\"0 0 2600 131.1\" preserveAspectRatio=\"none\">\n\t<path class=\"elementor-shape-fill\" d=\"M0 0L2600 0 2600 69.1 0 0z\"\/>\n\t<path class=\"elementor-shape-fill\" style=\"opacity:0.5\" d=\"M0 0L2600 0 2600 69.1 0 69.1z\"\/>\n\t<path class=\"elementor-shape-fill\" style=\"opacity:0.25\" d=\"M2600 0L0 0 0 130.1 2600 69.1z\"\/>\n<\/svg>\t\t<\/div>\n\t\t\t\t\t<div class=\"elementor-container elementor-column-gap-default\">\n\t\t\t\t\t<div class=\"elementor-column elementor-col-100 elementor-top-column elementor-element elementor-element-53c46a8\" data-id=\"53c46a8\" data-element_type=\"column\" data-e-type=\"column\">\n\t\t\t<div class=\"elementor-widget-wrap elementor-element-populated\">\n\t\t\t\t\t\t<div class=\"elementor-element elementor-element-8be642c elementor-widget elementor-widget-heading\" data-id=\"8be642c\" data-element_type=\"widget\" data-e-type=\"widget\" data-widget_type=\"heading.default\">\n\t\t\t\t\t<h2 class=\"elementor-heading-title elementor-size-default\">Pol\u00edtica Medioambiental<\/h2>\t\t\t\t<\/div>\n\t\t\t\t\t<\/div>\n\t\t<\/div>\n\t\t\t\t\t<\/div>\n\t\t<\/section>\n\t\t<div class=\"elementor-element elementor-element-eeea201 e-flex e-con-boxed wpr-particle-no wpr-jarallax-no wpr-parallax-no wpr-sticky-section-no wpr-equal-height-no e-con e-parent\" data-id=\"eeea201\" data-element_type=\"container\" data-e-type=\"container\">\n\t\t\t\t\t<div class=\"e-con-inner\">\n\t\t<div class=\"elementor-element elementor-element-b74b96e e-con-full e-flex wpr-particle-no wpr-jarallax-no wpr-parallax-no wpr-sticky-section-no wpr-equal-height-no e-con e-child\" data-id=\"b74b96e\" data-element_type=\"container\" data-e-type=\"container\">\n\t\t\t\t<div class=\"elementor-element elementor-element-c053407 elementor-widget-divider--view-line elementor-widget elementor-widget-divider\" data-id=\"c053407\" data-element_type=\"widget\" data-e-type=\"widget\" data-widget_type=\"divider.default\">\n\t\t\t\t\t\t\t<div class=\"elementor-divider\">\n\t\t\t<span class=\"elementor-divider-separator\">\n\t\t\t\t\t\t<\/span>\n\t\t<\/div>\n\t\t\t\t\t\t<\/div>\n\t\t\t\t<div class=\"elementor-element elementor-element-0f328f5 elementor-widget elementor-widget-text-editor\" data-id=\"0f328f5\" data-element_type=\"widget\" data-e-type=\"widget\" data-widget_type=\"text-editor.default\">\n\t\t\t\t\t\t\t\t\t<p data-start=\"659\" data-end=\"1098\">La <strong data-start=\"662\" data-end=\"687\">Pol\u00edtica medioambiental de GOTEC Bonding Systems<\/strong> refleja nuestro compromiso con una forma de actuar responsable y sostenible. La responsabilidad medioambiental es una parte integral de nuestra identidad y de nuestra forma de operar. Dise\u00f1amos cada producto y cada proceso con una visi\u00f3n de ciclo de vida, evaluando el impacto medioambiental desde el principio y minimizando los residuos en cada etapa. Al controlar las emisiones, prevenir la contaminaci\u00f3n en su origen y reducir el consumo de agua y recursos, protegemos el medioambiente con un enfoque sostenible. <\/p><p data-start=\"1100\" data-end=\"1272\">Cumplimos con todas las leyes, regulaciones y obligaciones de conformidad medioambientales aplicables, no solo como un requisito, sino como un compromiso con nuestro planeta y con las generaciones futuras.<\/p><p data-start=\"1274\" data-end=\"1470\">Para fortalecer la conciencia medioambiental, formamos, educamos y empoderamos a nuestros empleados en todos los niveles. Juntos, fomentamos una cultura donde la sostenibilidad y la responsabilidad gu\u00edan nuestras decisiones diarias. <\/p><p data-start=\"1472\" data-end=\"1674\">Seguimos la jerarqu\u00eda de gesti\u00f3n de residuos previniendo los residuos en su origen siempre que sea posible, reutilizando materiales y promoviendo programas de reciclaje y recuperaci\u00f3n que protegen la naturaleza y conservan los recursos.<\/p><p data-start=\"1676\" data-end=\"1832\">Utilizamos las materias primas y los recursos naturales de manera eficiente, reduciendo el consumo innecesario y esforz\u00e1ndonos por una mejora continua en el uso de materiales y energ\u00eda.<\/p><p data-start=\"1834\" data-end=\"2106\">Nuestro objetivo es expandir la conciencia medioambiental en toda nuestra organizaci\u00f3n, animando a empleados, proveedores, socios comerciales y a nuestra red global a unirse a nosotros para actuar de manera responsable. Nuestro prop\u00f3sito no es solo practicar la sostenibilidad, sino <strong data-start=\"2073\" data-end=\"2105\">liderar nuestra industria con el ejemplo<\/strong>. <\/p><p data-start=\"2108\" data-end=\"2229\"><strong data-start=\"2108\" data-end=\"2229\">Esta es nuestra Pol\u00edtica Medioambiental, un compromiso que respaldamos con responsabilidad, integridad y visi\u00f3n a largo plazo.<\/strong><\/p>\t\t\t\t\t\t\t\t<\/div>\n\t\t\t\t<\/div>\n\t\t<div class=\"elementor-element elementor-element-eba742a e-con-full e-flex wpr-particle-no wpr-jarallax-no wpr-parallax-no wpr-sticky-section-no wpr-equal-height-no e-con e-child\" data-id=\"eba742a\" data-element_type=\"container\" data-e-type=\"container\">\n\t\t<div class=\"elementor-element elementor-element-09758c4 e-con-full e-flex wpr-particle-no wpr-jarallax-no wpr-parallax-no wpr-sticky-section-no wpr-equal-height-no e-con e-child\" data-id=\"09758c4\" data-element_type=\"container\" data-e-type=\"container\">\n\t\t\t\t<div class=\"elementor-element elementor-element-998b119 elementor-invisible elementor-widget elementor-widget-image\" data-id=\"998b119\" data-element_type=\"widget\" data-e-type=\"widget\" data-settings=\"{&quot;_animation&quot;:&quot;fadeInRight&quot;}\" data-widget_type=\"image.default\">\n\t\t\t\t\t\t\t\t\t\t\t\t\t\t\t<img fetchpriority=\"high\" decoding=\"async\" width=\"950\" height=\"676\" src=\"https:\/\/gotec-bonding-agent-systems.com\/wp-content\/uploads\/2025\/12\/Bildschirmfoto-2025-12-02-um-00.14.20.png\" class=\"attachment-large size-large wp-image-8853\" alt=\"POL\u00cdTICA MEDIOAMBIENTAL\" srcset=\"https:\/\/gotec-bonding-agent-systems.com\/wp-content\/uploads\/2025\/12\/Bildschirmfoto-2025-12-02-um-00.14.20.png 970w, https:\/\/gotec-bonding-agent-systems.com\/wp-content\/uploads\/2025\/12\/Bildschirmfoto-2025-12-02-um-00.14.20-300x213.png 300w, https:\/\/gotec-bonding-agent-systems.com\/wp-content\/uploads\/2025\/12\/Bildschirmfoto-2025-12-02-um-00.14.20-600x427.png 600w\" sizes=\"100vw\" \/>\t\t\t\t\t\t\t\t\t\t\t\t\t\t\t<\/div>\n\t\t\t\t<\/div>\n\t\t\t\t<\/div>\n\t\t\t\t\t<\/div>\n\t\t\t\t<\/div>\n\t\t<div class=\"elementor-element elementor-element-b35ca80 e-flex e-con-boxed wpr-particle-no wpr-jarallax-no wpr-parallax-no wpr-sticky-section-no wpr-equal-height-no e-con e-parent\" data-id=\"b35ca80\" data-element_type=\"container\" data-e-type=\"container\">\n\t\t\t\t\t<div class=\"e-con-inner\">\n\t\t\t\t<div class=\"elementor-element elementor-element-e1abf01 elementor-widget elementor-widget-spacer\" data-id=\"e1abf01\" data-element_type=\"widget\" data-e-type=\"widget\" data-widget_type=\"spacer.default\">\n\t\t\t\t\t\t\t<div class=\"elementor-spacer\">\n\t\t\t<div class=\"elementor-spacer-inner\"><\/div>\n\t\t<\/div>\n\t\t\t\t\t\t<\/div>\n\t\t\t\t\t<\/div>\n\t\t\t\t<\/div>\n\t\t\t\t<\/div>\n\t\t\n    <div class=\"xs_social_share_widget xs_share_url after_content \t\tmain_content  wslu-style-1 wslu-share-box-shaped wslu-fill-colored wslu-none wslu-share-horizontal wslu-theme-font-no wslu-main_content\">\n\n\t\t\n        <ul>\n\t\t\t        <\/ul>\n    <\/div> \n","protected":false},"excerpt":{"rendered":"<p>Pol\u00edtica Medioambiental La Pol\u00edtica medioambiental de GOTEC Bonding Systems refleja nuestro compromiso con una forma de actuar responsable y sostenible. La responsabilidad medioambiental es una parte integral de nuestra identidad y de nuestra forma de operar. Dise\u00f1amos cada producto y cada proceso con una visi\u00f3n de ciclo de vida, evaluando el impacto medioambiental desde el principio y minimizando los residuos en cada etapa. Al controlar las emisiones, prevenir la contaminaci\u00f3n en su origen y reducir el consumo de agua y recursos, protegemos el medioambiente con un enfoque sostenible. Cumplimos con todas las leyes, regulaciones y obligaciones de conformidad medioambientales aplicables, no solo como un requisito, sino como un compromiso con nuestro planeta y con las generaciones futuras. Para fortalecer la conciencia medioambiental, formamos, educamos y empoderamos a nuestros empleados en todos los niveles. Juntos, fomentamos una cultura donde la sostenibilidad y la responsabilidad gu\u00edan nuestras decisiones diarias. Seguimos la jerarqu\u00eda de gesti\u00f3n de residuos previniendo los residuos en su origen siempre que sea posible, reutilizando materiales y promoviendo programas de reciclaje y recuperaci\u00f3n que protegen la naturaleza y conservan los recursos. Utilizamos las materias primas y los recursos naturales de manera eficiente, reduciendo el consumo innecesario y esforz\u00e1ndonos por una mejora continua en el uso de materiales y energ\u00eda. Nuestro objetivo es expandir la conciencia medioambiental en toda nuestra organizaci\u00f3n, animando a empleados, proveedores, socios comerciales y a nuestra red global a unirse a nosotros para actuar de manera responsable. Nuestro prop\u00f3sito no es solo practicar la sostenibilidad, sino liderar nuestra industria con el ejemplo. Esta es nuestra Pol\u00edtica Medioambiental, un compromiso que respaldamos con responsabilidad, integridad y visi\u00f3n a largo plazo.<\/p>\n","protected":false},"author":1,"featured_media":0,"parent":0,"menu_order":0,"comment_status":"closed","ping_status":"closed","template":"","meta":{"postBodyCss":"","postBodyMargin":[],"postBodyPadding":[],"postBodyBackground":{"backgroundType":"classic","gradient":""},"inspiro_hide_title":false,"footnotes":""},"class_list":["post-8850","page","type-page","status-publish","hentry"],"yoast_head":"<!-- This site is optimized with the Yoast SEO plugin v27.4 - https:\/\/yoast.com\/product\/yoast-seo-wordpress\/ -->\n<title>POL\u00cdTICA MEDIOAMBIENTAL - GOTEC Bonding Systems<\/title>\n<meta name=\"description\" content=\"Pol\u00edtica medioambiental de GOTEC Bonding Systems: menos emisiones y residuos, ahorro de recursos y cumplimiento normativo.\" \/>\n<meta name=\"robots\" content=\"noindex, follow\" \/>\n<meta property=\"og:locale\" content=\"es_ES\" \/>\n<meta property=\"og:type\" content=\"article\" \/>\n<meta property=\"og:title\" content=\"POL\u00cdTICA MEDIOAMBIENTAL - GOTEC Bonding Systems\" \/>\n<meta property=\"og:description\" content=\"Pol\u00edtica medioambiental de GOTEC Bonding Systems: menos emisiones y residuos, ahorro de recursos y cumplimiento normativo.\" \/>\n<meta property=\"og:url\" content=\"https:\/\/gotec-bonding-agent-systems.com\/es\/politica-medioambiental\/\" \/>\n<meta property=\"og:site_name\" content=\"GOTEC Bonding Systems\" \/>\n<meta property=\"article:modified_time\" content=\"2026-04-03T10:52:08+00:00\" \/>\n<meta property=\"og:image\" content=\"https:\/\/gotec-bonding-agent-systems.com\/wp-content\/uploads\/2025\/12\/Bildschirmfoto-2025-12-02-um-00.14.20.png\" \/>\n<meta name=\"twitter:card\" content=\"summary_large_image\" \/>\n<meta name=\"twitter:label1\" content=\"Tiempo de lectura\" \/>\n\t<meta name=\"twitter:data1\" content=\"2 minutos\" \/>\n<script type=\"application\/ld+json\" class=\"yoast-schema-graph\">{\"@context\":\"https:\\\/\\\/schema.org\",\"@graph\":[{\"@type\":\"WebPage\",\"@id\":\"https:\\\/\\\/gotec-bonding-agent-systems.com\\\/es\\\/politica-medioambiental\\\/\",\"url\":\"https:\\\/\\\/gotec-bonding-agent-systems.com\\\/es\\\/politica-medioambiental\\\/\",\"name\":\"POL\u00cdTICA MEDIOAMBIENTAL - GOTEC Bonding Systems\",\"isPartOf\":{\"@id\":\"https:\\\/\\\/gotec-bonding-agent-systems.com\\\/#website\"},\"primaryImageOfPage\":{\"@id\":\"https:\\\/\\\/gotec-bonding-agent-systems.com\\\/es\\\/politica-medioambiental\\\/#primaryimage\"},\"image\":{\"@id\":\"https:\\\/\\\/gotec-bonding-agent-systems.com\\\/es\\\/politica-medioambiental\\\/#primaryimage\"},\"thumbnailUrl\":\"https:\\\/\\\/gotec-bonding-agent-systems.com\\\/wp-content\\\/uploads\\\/2025\\\/12\\\/Bildschirmfoto-2025-12-02-um-00.14.20.png\",\"datePublished\":\"2025-11-13T21:44:33+00:00\",\"dateModified\":\"2026-04-03T10:52:08+00:00\",\"description\":\"Pol\u00edtica medioambiental de GOTEC Bonding Systems: menos emisiones y residuos, ahorro de recursos y cumplimiento normativo.\",\"breadcrumb\":{\"@id\":\"https:\\\/\\\/gotec-bonding-agent-systems.com\\\/es\\\/politica-medioambiental\\\/#breadcrumb\"},\"inLanguage\":\"es\",\"potentialAction\":[{\"@type\":\"ReadAction\",\"target\":[\"https:\\\/\\\/gotec-bonding-agent-systems.com\\\/es\\\/politica-medioambiental\\\/\"]}]},{\"@type\":\"ImageObject\",\"inLanguage\":\"es\",\"@id\":\"https:\\\/\\\/gotec-bonding-agent-systems.com\\\/es\\\/politica-medioambiental\\\/#primaryimage\",\"url\":\"https:\\\/\\\/gotec-bonding-agent-systems.com\\\/wp-content\\\/uploads\\\/2025\\\/12\\\/Bildschirmfoto-2025-12-02-um-00.14.20.png\",\"contentUrl\":\"https:\\\/\\\/gotec-bonding-agent-systems.com\\\/wp-content\\\/uploads\\\/2025\\\/12\\\/Bildschirmfoto-2025-12-02-um-00.14.20.png\"},{\"@type\":\"BreadcrumbList\",\"@id\":\"https:\\\/\\\/gotec-bonding-agent-systems.com\\\/es\\\/politica-medioambiental\\\/#breadcrumb\",\"itemListElement\":[{\"@type\":\"ListItem\",\"position\":1,\"name\":\"Start\",\"item\":\"https:\\\/\\\/gotec-bonding-agent-systems.com\\\/es\\\/\"},{\"@type\":\"ListItem\",\"position\":2,\"name\":\"POL\u00cdTICA MEDIOAMBIENTAL\"}]},{\"@type\":\"WebSite\",\"@id\":\"https:\\\/\\\/gotec-bonding-agent-systems.com\\\/#website\",\"url\":\"https:\\\/\\\/gotec-bonding-agent-systems.com\\\/\",\"name\":\"GOTEC Bonding Systems\",\"description\":\"\",\"publisher\":{\"@id\":\"https:\\\/\\\/gotec-bonding-agent-systems.com\\\/#organization\"},\"potentialAction\":[{\"@type\":\"SearchAction\",\"target\":{\"@type\":\"EntryPoint\",\"urlTemplate\":\"https:\\\/\\\/gotec-bonding-agent-systems.com\\\/?s={search_term_string}\"},\"query-input\":{\"@type\":\"PropertyValueSpecification\",\"valueRequired\":true,\"valueName\":\"search_term_string\"}}],\"inLanguage\":\"es\"},{\"@type\":\"Organization\",\"@id\":\"https:\\\/\\\/gotec-bonding-agent-systems.com\\\/#organization\",\"name\":\"GOTEC Bonding Systems\",\"url\":\"https:\\\/\\\/gotec-bonding-agent-systems.com\\\/\",\"logo\":{\"@type\":\"ImageObject\",\"inLanguage\":\"es\",\"@id\":\"https:\\\/\\\/gotec-bonding-agent-systems.com\\\/#\\\/schema\\\/logo\\\/image\\\/\",\"url\":\"https:\\\/\\\/gotec-bonding-agent-systems.com\\\/wp-content\\\/uploads\\\/2025\\\/11\\\/cropped-GOTEC_Bonding_Systems_Logo.png\",\"contentUrl\":\"https:\\\/\\\/gotec-bonding-agent-systems.com\\\/wp-content\\\/uploads\\\/2025\\\/11\\\/cropped-GOTEC_Bonding_Systems_Logo.png\",\"width\":2122,\"height\":1287,\"caption\":\"GOTEC Bonding Systems\"},\"image\":{\"@id\":\"https:\\\/\\\/gotec-bonding-agent-systems.com\\\/#\\\/schema\\\/logo\\\/image\\\/\"}}]}<\/script>\n<!-- \/ Yoast SEO plugin. -->","yoast_head_json":{"title":"POL\u00cdTICA MEDIOAMBIENTAL - GOTEC Bonding Systems","description":"Pol\u00edtica medioambiental de GOTEC Bonding Systems: menos emisiones y residuos, ahorro de recursos y cumplimiento normativo.","robots":{"index":"noindex","follow":"follow"},"og_locale":"es_ES","og_type":"article","og_title":"POL\u00cdTICA MEDIOAMBIENTAL - GOTEC Bonding Systems","og_description":"Pol\u00edtica medioambiental de GOTEC Bonding Systems: menos emisiones y residuos, ahorro de recursos y cumplimiento normativo.","og_url":"https:\/\/gotec-bonding-agent-systems.com\/es\/politica-medioambiental\/","og_site_name":"GOTEC Bonding Systems","article_modified_time":"2026-04-03T10:52:08+00:00","og_image":[{"url":"https:\/\/gotec-bonding-agent-systems.com\/wp-content\/uploads\/2025\/12\/Bildschirmfoto-2025-12-02-um-00.14.20.png","type":"","width":"","height":""}],"twitter_card":"summary_large_image","twitter_misc":{"Tiempo de lectura":"2 minutos"},"schema":{"@context":"https:\/\/schema.org","@graph":[{"@type":"WebPage","@id":"https:\/\/gotec-bonding-agent-systems.com\/es\/politica-medioambiental\/","url":"https:\/\/gotec-bonding-agent-systems.com\/es\/politica-medioambiental\/","name":"POL\u00cdTICA MEDIOAMBIENTAL - GOTEC Bonding Systems","isPartOf":{"@id":"https:\/\/gotec-bonding-agent-systems.com\/#website"},"primaryImageOfPage":{"@id":"https:\/\/gotec-bonding-agent-systems.com\/es\/politica-medioambiental\/#primaryimage"},"image":{"@id":"https:\/\/gotec-bonding-agent-systems.com\/es\/politica-medioambiental\/#primaryimage"},"thumbnailUrl":"https:\/\/gotec-bonding-agent-systems.com\/wp-content\/uploads\/2025\/12\/Bildschirmfoto-2025-12-02-um-00.14.20.png","datePublished":"2025-11-13T21:44:33+00:00","dateModified":"2026-04-03T10:52:08+00:00","description":"Pol\u00edtica medioambiental de GOTEC Bonding Systems: menos emisiones y residuos, ahorro de recursos y cumplimiento normativo.","breadcrumb":{"@id":"https:\/\/gotec-bonding-agent-systems.com\/es\/politica-medioambiental\/#breadcrumb"},"inLanguage":"es","potentialAction":[{"@type":"ReadAction","target":["https:\/\/gotec-bonding-agent-systems.com\/es\/politica-medioambiental\/"]}]},{"@type":"ImageObject","inLanguage":"es","@id":"https:\/\/gotec-bonding-agent-systems.com\/es\/politica-medioambiental\/#primaryimage","url":"https:\/\/gotec-bonding-agent-systems.com\/wp-content\/uploads\/2025\/12\/Bildschirmfoto-2025-12-02-um-00.14.20.png","contentUrl":"https:\/\/gotec-bonding-agent-systems.com\/wp-content\/uploads\/2025\/12\/Bildschirmfoto-2025-12-02-um-00.14.20.png"},{"@type":"BreadcrumbList","@id":"https:\/\/gotec-bonding-agent-systems.com\/es\/politica-medioambiental\/#breadcrumb","itemListElement":[{"@type":"ListItem","position":1,"name":"Start","item":"https:\/\/gotec-bonding-agent-systems.com\/es\/"},{"@type":"ListItem","position":2,"name":"POL\u00cdTICA MEDIOAMBIENTAL"}]},{"@type":"WebSite","@id":"https:\/\/gotec-bonding-agent-systems.com\/#website","url":"https:\/\/gotec-bonding-agent-systems.com\/","name":"GOTEC Bonding Systems","description":"","publisher":{"@id":"https:\/\/gotec-bonding-agent-systems.com\/#organization"},"potentialAction":[{"@type":"SearchAction","target":{"@type":"EntryPoint","urlTemplate":"https:\/\/gotec-bonding-agent-systems.com\/?s={search_term_string}"},"query-input":{"@type":"PropertyValueSpecification","valueRequired":true,"valueName":"search_term_string"}}],"inLanguage":"es"},{"@type":"Organization","@id":"https:\/\/gotec-bonding-agent-systems.com\/#organization","name":"GOTEC Bonding Systems","url":"https:\/\/gotec-bonding-agent-systems.com\/","logo":{"@type":"ImageObject","inLanguage":"es","@id":"https:\/\/gotec-bonding-agent-systems.com\/#\/schema\/logo\/image\/","url":"https:\/\/gotec-bonding-agent-systems.com\/wp-content\/uploads\/2025\/11\/cropped-GOTEC_Bonding_Systems_Logo.png","contentUrl":"https:\/\/gotec-bonding-agent-systems.com\/wp-content\/uploads\/2025\/11\/cropped-GOTEC_Bonding_Systems_Logo.png","width":2122,"height":1287,"caption":"GOTEC Bonding Systems"},"image":{"@id":"https:\/\/gotec-bonding-agent-systems.com\/#\/schema\/logo\/image\/"}}]}},"featured_media_urls":[],"_links":{"self":[{"href":"https:\/\/gotec-bonding-agent-systems.com\/es\/wp-json\/wp\/v2\/pages\/8850","targetHints":{"allow":["GET"]}}],"collection":[{"href":"https:\/\/gotec-bonding-agent-systems.com\/es\/wp-json\/wp\/v2\/pages"}],"about":[{"href":"https:\/\/gotec-bonding-agent-systems.com\/es\/wp-json\/wp\/v2\/types\/page"}],"author":[{"embeddable":true,"href":"https:\/\/gotec-bonding-agent-systems.com\/es\/wp-json\/wp\/v2\/users\/1"}],"replies":[{"embeddable":true,"href":"https:\/\/gotec-bonding-agent-systems.com\/es\/wp-json\/wp\/v2\/comments?post=8850"}],"version-history":[{"count":3,"href":"https:\/\/gotec-bonding-agent-systems.com\/es\/wp-json\/wp\/v2\/pages\/8850\/revisions"}],"predecessor-version":[{"id":9125,"href":"https:\/\/gotec-bonding-agent-systems.com\/es\/wp-json\/wp\/v2\/pages\/8850\/revisions\/9125"}],"wp:attachment":[{"href":"https:\/\/gotec-bonding-agent-systems.com\/es\/wp-json\/wp\/v2\/media?parent=8850"}],"curies":[{"name":"wp","href":"https:\/\/api.w.org\/{rel}","templated":true}]}}