{"id":8883,"date":"2026-01-22T18:37:16","date_gmt":"2026-01-22T18:37:16","guid":{"rendered":"https:\/\/gotec-bonding-agent-systems.com\/kamelock-mp-05\/"},"modified":"2026-04-03T11:06:16","modified_gmt":"2026-04-03T11:06:16","slug":"kamelock-mp-05","status":"publish","type":"page","link":"https:\/\/gotec-bonding-agent-systems.com\/es\/kamelock-mp-05\/","title":{"rendered":"KA&amp;MELOCK MP 05:para uso con agentes de uni\u00f3n KA&amp;MELOCK"},"content":{"rendered":"\t\t<div data-elementor-type=\"wp-page\" data-elementor-id=\"8883\" class=\"elementor elementor-8883 elementor-7652\">\n\t\t\t\t<div class=\"elementor-element elementor-element-7597cbde e-flex e-con-boxed wpr-particle-no wpr-jarallax-no wpr-parallax-no wpr-sticky-section-no wpr-equal-height-no e-con e-parent\" data-id=\"7597cbde\" data-element_type=\"container\" data-e-type=\"container\" data-settings=\"{&quot;background_background&quot;:&quot;classic&quot;}\">\n\t\t\t\t\t<div class=\"e-con-inner\">\n\t\t<div class=\"elementor-element elementor-element-3e68a1a0 e-con-full e-flex wpr-particle-no wpr-jarallax-no wpr-parallax-no wpr-sticky-section-no wpr-equal-height-no e-con e-child\" data-id=\"3e68a1a0\" data-element_type=\"container\" data-e-type=\"container\">\n\t\t\t\t<div class=\"elementor-element elementor-element-c8424c7 elementor-widget elementor-widget-elementskit-heading\" data-id=\"c8424c7\" data-element_type=\"widget\" data-e-type=\"widget\" data-widget_type=\"elementskit-heading.default\">\n\t\t\t\t\t<div class=\"ekit-wid-con\" ><div class=\"ekit-heading elementskit-section-title-wraper text_left   ekit_heading_tablet-   ekit_heading_mobile-\"><h2 class=\"ekit-heading--title elementskit-section-title \">KA&amp;MELOCK MP 05<\/h2>\t\t\t\t<div class='ekit-heading__description'>\n\t\t\t\t\t<p><strong>KA&amp;MELOCK MP 05<\/strong> es una imprimaci\u00f3n universal dise\u00f1ada para su uso con agentes de uni\u00f3n KA&amp;MELOCK.<br>Proporciona una uni\u00f3n fiable de elast\u00f3mero a metal con una excelente resistencia al agua, a la corrosi\u00f3n y a los efectos hidrol\u00edticos.<\/p>\n<p>La imprimaci\u00f3n ofrece un <strong>alto rendimiento din\u00e1mico y estabilidad t\u00e9rmica<\/strong>, lo que garantiza uniones duraderas incluso en condiciones de funcionamiento exigentes.<br>Un beneficio adicional de KA&amp;MELOCK MP 05 es su <strong>resistencia a grasas y aceites t\u00e9cnicos<\/strong>, lo que favorece un rendimiento estable en entornos industriales.<\/p>\n<p>KA&amp;MELOCK MP 05 permite obtener resultados de uni\u00f3n fuertes y consistentes, incluso en <strong>sustratos dif\u00edciles de unir<\/strong>, lo que facilita un procesamiento eficiente y fiable.<\/p>\n<p>El producto es especialmente adecuado para la <strong>uni\u00f3n en una sola capa de caucho de nitrilo (NBR)<\/strong> y se utiliza ampliamente en la fabricaci\u00f3n de juntas.<\/p>\n\t\t\t\t<\/div>\n\t\t\t<\/div><\/div>\t\t\t\t<\/div>\n\t\t\t\t<\/div>\n\t\t<div class=\"elementor-element elementor-element-7ca6a1cc e-con-full e-flex wpr-particle-no wpr-jarallax-no wpr-parallax-no wpr-sticky-section-no wpr-equal-height-no e-con e-child\" data-id=\"7ca6a1cc\" data-element_type=\"container\" data-e-type=\"container\">\n\t\t\t\t<div class=\"elementor-element elementor-element-1ceffe5 elementor-widget elementor-widget-image\" data-id=\"1ceffe5\" data-element_type=\"widget\" data-e-type=\"widget\" data-widget_type=\"image.default\">\n\t\t\t\t\t\t\t\t\t\t\t\t\t\t\t<img fetchpriority=\"high\" decoding=\"async\" width=\"950\" height=\"634\" src=\"https:\/\/gotec-bonding-agent-systems.com\/wp-content\/uploads\/2026\/02\/KAMELOCK-MP-05-1024x683.png\" class=\"attachment-large size-large wp-image-8888\" alt=\"KA&amp;MELOCK MP 05\" srcset=\"https:\/\/gotec-bonding-agent-systems.com\/wp-content\/uploads\/2026\/02\/KAMELOCK-MP-05-1024x683.png 1024w, https:\/\/gotec-bonding-agent-systems.com\/wp-content\/uploads\/2026\/02\/KAMELOCK-MP-05-300x200.png 300w, https:\/\/gotec-bonding-agent-systems.com\/wp-content\/uploads\/2026\/02\/KAMELOCK-MP-05-600x400.png 600w, https:\/\/gotec-bonding-agent-systems.com\/wp-content\/uploads\/2026\/02\/KAMELOCK-MP-05-1200x800.png 1200w, https:\/\/gotec-bonding-agent-systems.com\/wp-content\/uploads\/2026\/02\/KAMELOCK-MP-05.png 1536w\" sizes=\"100vw\" \/>\t\t\t\t\t\t\t\t\t\t\t\t\t\t\t<\/div>\n\t\t\t\t<div class=\"elementor-element elementor-element-15919c6 elementor-widget elementor-widget-spacer\" data-id=\"15919c6\" data-element_type=\"widget\" data-e-type=\"widget\" data-widget_type=\"spacer.default\">\n\t\t\t\t\t\t\t<div class=\"elementor-spacer\">\n\t\t\t<div class=\"elementor-spacer-inner\"><\/div>\n\t\t<\/div>\n\t\t\t\t\t\t<\/div>\n\t\t\t\t<div class=\"elementor-element elementor-element-4474110 elementor-widget elementor-widget-button\" data-id=\"4474110\" data-element_type=\"widget\" data-e-type=\"widget\" data-widget_type=\"button.default\">\n\t\t\t\t\t\t\t\t\t\t<a class=\"elementor-button elementor-button-link elementor-size-sm\" href=\"https:\/\/gotec-bonding-agent-systems.com\/wp-content\/uploads\/2026\/01\/mvyxF6-Unknown.pdf\">\n\t\t\t\t\t\t<span class=\"elementor-button-content-wrapper\">\n\t\t\t\t\t\t\t\t\t<span class=\"elementor-button-text\">DESCARGAR PDF<\/span>\n\t\t\t\t\t<\/span>\n\t\t\t\t\t<\/a>\n\t\t\t\t\t\t\t\t<\/div>\n\t\t\t\t<\/div>\n\t\t\t\t\t<\/div>\n\t\t\t\t<\/div>\n\t\t\t\t<section class=\"elementor-section elementor-top-section elementor-element elementor-element-333e64580 elementor-section-boxed elementor-section-height-default elementor-section-height-default wpr-particle-no wpr-jarallax-no wpr-parallax-no wpr-sticky-section-no wpr-equal-height-no\" data-id=\"333e64580\" data-element_type=\"section\" data-e-type=\"section\">\n\t\t\t\t\t\t<div class=\"elementor-container elementor-column-gap-default\">\n\t\t\t\t\t<div class=\"elementor-column elementor-col-100 elementor-top-column elementor-element elementor-element-7f430c98\" data-id=\"7f430c98\" data-element_type=\"column\" data-e-type=\"column\">\n\t\t\t<div class=\"elementor-widget-wrap elementor-element-populated\">\n\t\t\t\t\t\t<div class=\"elementor-element elementor-element-66743ef1 elementor-widget elementor-widget-spacer\" data-id=\"66743ef1\" data-element_type=\"widget\" data-e-type=\"widget\" data-widget_type=\"spacer.default\">\n\t\t\t\t\t\t\t<div class=\"elementor-spacer\">\n\t\t\t<div class=\"elementor-spacer-inner\"><\/div>\n\t\t<\/div>\n\t\t\t\t\t\t<\/div>\n\t\t\t\t\t<\/div>\n\t\t<\/div>\n\t\t\t\t\t<\/div>\n\t\t<\/section>\n\t\t\t\t<section class=\"elementor-section elementor-top-section elementor-element elementor-element-4e5b9b05 elementor-section-boxed elementor-section-height-default elementor-section-height-default wpr-particle-no wpr-jarallax-no wpr-parallax-no wpr-sticky-section-no wpr-equal-height-no\" data-id=\"4e5b9b05\" data-element_type=\"section\" data-e-type=\"section\">\n\t\t\t\t\t\t<div class=\"elementor-container elementor-column-gap-default\">\n\t\t\t\t\t<div class=\"elementor-column elementor-col-100 elementor-top-column elementor-element elementor-element-2c5f9d4a\" data-id=\"2c5f9d4a\" data-element_type=\"column\" data-e-type=\"column\">\n\t\t\t<div class=\"elementor-widget-wrap elementor-element-populated\">\n\t\t\t\t\t\t<div class=\"elementor-element elementor-element-70889308 elementor-widget elementor-widget-heading\" data-id=\"70889308\" data-element_type=\"widget\" data-e-type=\"widget\" data-widget_type=\"heading.default\">\n\t\t\t\t\t<h2 class=\"elementor-heading-title elementor-size-default\">Datos t\u00e9cnicos<\/h2>\t\t\t\t<\/div>\n\t\t\t\t<div class=\"elementor-element elementor-element-3cd7fbb8 wpr-list-style-none elementor-widget elementor-widget-wpr-posts-timeline\" data-id=\"3cd7fbb8\" data-element_type=\"widget\" data-e-type=\"widget\" data-settings=\"{&quot;animation_offset&quot;:150,&quot;aos_animation_duration&quot;:600}\" data-widget_type=\"wpr-posts-timeline.default\">\n\t\t\t\t\t\n\t\t<div class=\"wpr-wrapper wpr-vertical wpr-one-sided-wrapper\">\n\t\t\t<div class=\"wpr-timeline-centered wpr-line wpr-one-sided-timeline\"><div class=\"wpr-middle-line\"><\/div><div class=\"wpr-timeline-fill\" data-layout=\"one-sided\"><\/div><article class=\"wpr-timeline-entry wpr-right-aligned elementor-repeater-item-f94da51\" data-item-id=\"elementor-repeater-item-f94da51\"><div class=\"wpr-timeline-entry-inner\"><div class=\"wpr-main-line-icon wpr-icon\"><\/div><div class=\"wpr-story-info-vertical wpr-data-wrap \"  data-aos=\"fade\" data-aos-left=\"\" data-aos-right=\"\" data-animation-offset=\"150\" data-animation-duration=\"600\"><div class=\"wpr-timeline-content-wrapper\"><div class=\"wpr-content-wrapper\"><div class=\"wpr-description\"><table>\n<tbody>\n<tr>\n<td>\n<p>L\u00edquido de color gris<\/p>\n<\/td>\n<td>\n<p> <\/p>\n<\/td>\n<\/tr>\n<\/tbody>\n<\/table>\n<table style=\"height: 124px\" width=\"238\">\n<tbody>\n<tr>\n<td>\n<p>Viscosidad copa DIN 4 mm 18 \u2013 22 s<\/p>\n<\/td>\n<td>\n<p> <\/p>\n<\/td>\n<\/tr>\n<\/tbody>\n<\/table>\n<table>\n<tbody>\n<tr>\n<td>\n<p>Viscosidad, cps a 25 \u00b0C (77 \u00b0F)<\/p>\n<table>\n<tbody>\n<tr>\n<td>\n<p>  90 \u2013 170 mPas<\/p>\n<\/td>\n<\/tr>\n<\/tbody>\n<\/table>\n<p>Brookfield SNB1<br>Husillo 2, 30 rpm<\/p>\n<\/td>\n<td> <\/td>\n<\/tr>\n<\/tbody>\n<\/table><\/div><\/div><\/div><\/div>\n\t\t\t\t\t\t<\/div>\n\t\t\t\t<\/article><article class=\"wpr-timeline-entry wpr-right-aligned elementor-repeater-item-2a37755\" data-item-id=\"elementor-repeater-item-2a37755\"><div class=\"wpr-timeline-entry-inner\"><div class=\"wpr-main-line-icon wpr-icon\"><\/div><div class=\"wpr-story-info-vertical wpr-data-wrap \"  data-aos=\"fade\" data-aos-left=\"\" data-aos-right=\"\" data-animation-offset=\"150\" data-animation-duration=\"600\"><div class=\"wpr-timeline-content-wrapper\"><div class=\"wpr-content-wrapper\"><div class=\"wpr-description\"><table>\n<tbody>\n<tr>\n<td>\n<p>Gravedad espec\u00edfica 0,92 \u2013 0,96 g\/cm\u00b3<\/p>\n<\/td>\n<td>\n<p> <\/p>\n<\/td>\n<\/tr>\n<\/tbody>\n<\/table>\n<table style=\"height: 172px\" width=\"201\">\n<tbody>\n<tr>\n<td>\n<p>Contenido de s\u00f3lidos 22 \u2013 26 % en peso  <\/p>\n<\/td>\n<td> <\/td>\n<\/tr>\n<\/tbody>\n<\/table>\n<table>\n<tbody>\n<tr>\n<td>\n<p>Disolventes<\/p>\n<\/td>\n<td>\n<p>Metilisobutilcetona (MIBK), xileno<\/p>\n<\/td>\n<\/tr>\n<\/tbody>\n<\/table>\n<p>*Los datos son t\u00edpicos y no deben utilizarse con fines de especificaci\u00f3n.<\/p><\/div><\/div><\/div><\/div>\n\t\t\t\t\t\t<\/div>\n\t\t\t\t<\/article><\/div>    \n\t\t\t<\/div>\t\t\t\t<\/div>\n\t\t\t\t<div class=\"elementor-element elementor-element-f615578 elementor-widget elementor-widget-text-editor\" data-id=\"f615578\" data-element_type=\"widget\" data-e-type=\"widget\" data-widget_type=\"text-editor.default\">\n\t\t\t\t\t\t\t\t\t<p data-start=\"344\" data-end=\"670\"><strong data-start=\"344\" data-end=\"449\">En GOTEC Bonding Agents, las pruebas y los an\u00e1lisis precisos constituyen la base del rendimiento de nuestros productos.<\/strong><br data-start=\"449\" data-end=\"452\">Todos los agentes de uni\u00f3n KA&amp;MELOCK se prueban, documentan y validan en nuestros laboratorios. Adem\u00e1s, se llevan a cabo actividades continuas de I+D y desarrollo de productos en nuestras instalaciones dedicadas a demostraciones y aplicaciones. <\/p>\n<p data-start=\"677\" data-end=\"852\">Nuestras soluciones de uni\u00f3n de elast\u00f3meros aportan un valor fiable a su negocio al permitir procesos estables y un funcionamiento sin problemas en una amplia gama de industrias y aplicaciones.<\/p>\n<p data-start=\"859\" data-end=\"1148\">Los <strong data-start=\"859\" data-end=\"887\">agentes de uni\u00f3n KA&amp;MELOCK<\/strong> se utilizan para la uni\u00f3n de una o dos capas de compuestos de elast\u00f3mero a sustratos como metales, pl\u00e1sticos, PTFE (Tefl\u00f3n) y fibras textiles durante el proceso de vulcanizaci\u00f3n.<br data-start=\"1063\" data-end=\"1066\">Consulte la gama de productos KA&amp;MELOCK para obtener recomendaciones detalladas sobre el sistema.<\/p>\t\t\t\t\t\t\t\t<\/div>\n\t\t\t\t\t<\/div>\n\t\t<\/div>\n\t\t\t\t\t<\/div>\n\t\t<\/section>\n\t\t\t\t<section class=\"elementor-section elementor-top-section elementor-element elementor-element-e3ed2fc elementor-section-boxed elementor-section-height-default elementor-section-height-default wpr-particle-no wpr-jarallax-no wpr-parallax-no wpr-sticky-section-no wpr-equal-height-no\" data-id=\"e3ed2fc\" data-element_type=\"section\" data-e-type=\"section\">\n\t\t\t\t\t\t<div class=\"elementor-container elementor-column-gap-default\">\n\t\t\t\t\t<div class=\"elementor-column elementor-col-100 elementor-top-column elementor-element elementor-element-3c54f343\" data-id=\"3c54f343\" data-element_type=\"column\" data-e-type=\"column\">\n\t\t\t<div class=\"elementor-widget-wrap elementor-element-populated\">\n\t\t\t\t\t\t<div class=\"elementor-element elementor-element-6cde0bce elementor-widget elementor-widget-spacer\" data-id=\"6cde0bce\" data-element_type=\"widget\" data-e-type=\"widget\" data-widget_type=\"spacer.default\">\n\t\t\t\t\t\t\t<div class=\"elementor-spacer\">\n\t\t\t<div class=\"elementor-spacer-inner\"><\/div>\n\t\t<\/div>\n\t\t\t\t\t\t<\/div>\n\t\t\t\t\t<\/div>\n\t\t<\/div>\n\t\t\t\t\t<\/div>\n\t\t<\/section>\n\t\t\t\t<\/div>\n\t\t\n    <div class=\"xs_social_share_widget xs_share_url after_content \t\tmain_content  wslu-style-1 wslu-share-box-shaped wslu-fill-colored wslu-none wslu-share-horizontal wslu-theme-font-no wslu-main_content\">\n\n\t\t\n        <ul>\n\t\t\t        <\/ul>\n    <\/div> \n","protected":false},"excerpt":{"rendered":"<p>KA&amp;MELOCK MP 05 KA&amp;MELOCK MP 05 es una imprimaci\u00f3n universal dise\u00f1ada para su uso con agentes de uni\u00f3n KA&amp;MELOCK.Proporciona una uni\u00f3n fiable de elast\u00f3mero a metal con una excelente resistencia al agua, a la corrosi\u00f3n y a los efectos hidrol\u00edticos. La imprimaci\u00f3n ofrece un alto rendimiento din\u00e1mico y estabilidad t\u00e9rmica, lo que garantiza uniones duraderas incluso en condiciones de funcionamiento exigentes.Un beneficio adicional de KA&amp;MELOCK MP 05 es su resistencia a grasas y aceites t\u00e9cnicos, lo que favorece un rendimiento estable en entornos industriales. KA&amp;MELOCK MP 05 permite obtener resultados de uni\u00f3n fuertes y consistentes, incluso en sustratos dif\u00edciles de unir, lo que facilita un procesamiento eficiente y fiable. El producto es especialmente adecuado para la uni\u00f3n en una sola capa de caucho de nitrilo (NBR) y se utiliza ampliamente en la fabricaci\u00f3n de juntas. DESCARGAR PDF Datos t\u00e9cnicos L\u00edquido de color gris Viscosidad copa DIN 4 mm 18 \u2013 22 s Viscosidad, cps a 25 \u00b0C (77 \u00b0F) 90 \u2013 170 mPas Brookfield SNB1Husillo 2, 30 rpm Gravedad espec\u00edfica 0,92 \u2013 0,96 g\/cm\u00b3 Contenido de s\u00f3lidos 22 \u2013 26 % en peso Disolventes Metilisobutilcetona (MIBK), xileno *Los datos son t\u00edpicos y no deben utilizarse con fines de especificaci\u00f3n. En GOTEC Bonding Agents, las pruebas y los an\u00e1lisis precisos constituyen la base del rendimiento de nuestros productos.Todos los agentes de uni\u00f3n KA&amp;MELOCK se prueban, documentan y validan en nuestros laboratorios. Adem\u00e1s, se llevan a cabo actividades continuas de I+D y desarrollo de productos en nuestras instalaciones dedicadas a demostraciones y aplicaciones. Nuestras soluciones de uni\u00f3n de elast\u00f3meros aportan un valor fiable a su negocio al permitir procesos estables y un funcionamiento sin problemas en una amplia gama de industrias y aplicaciones. Los agentes de uni\u00f3n KA&amp;MELOCK se utilizan para la uni\u00f3n de una o dos capas de compuestos de elast\u00f3mero a sustratos como metales, pl\u00e1sticos, PTFE (Tefl\u00f3n) y fibras textiles durante el proceso de vulcanizaci\u00f3n.Consulte la gama de productos KA&amp;MELOCK para obtener recomendaciones detalladas sobre el sistema.<\/p>\n","protected":false},"author":1,"featured_media":0,"parent":0,"menu_order":0,"comment_status":"closed","ping_status":"closed","template":"","meta":{"postBodyCss":"","postBodyMargin":[],"postBodyPadding":[],"postBodyBackground":{"backgroundType":"classic","gradient":""},"inspiro_hide_title":false,"footnotes":""},"class_list":["post-8883","page","type-page","status-publish","hentry"],"yoast_head":"<!-- This site is optimized with the Yoast SEO plugin v27.4 - https:\/\/yoast.com\/product\/yoast-seo-wordpress\/ -->\n<title>KA&amp;MELOCK MP 05 Imprimaci\u00f3n universal<\/title>\n<meta name=\"description\" content=\"Imprimaci\u00f3n universal KA&amp;MELOCK MP 05 para la uni\u00f3n de elast\u00f3mero a metal. Fuerte adhesi\u00f3n con resistencia al agua, aceites y corrosi\u00f3n.\" \/>\n<meta name=\"robots\" content=\"index, follow, max-snippet:-1, max-image-preview:large, max-video-preview:-1\" \/>\n<link rel=\"canonical\" href=\"https:\/\/gotec-bonding-agent-systems.com\/es\/kamelock-mp-05\/\" \/>\n<meta property=\"og:locale\" content=\"es_ES\" \/>\n<meta property=\"og:type\" content=\"article\" \/>\n<meta property=\"og:title\" content=\"KA&amp;MELOCK MP 05 Imprimaci\u00f3n universal\" \/>\n<meta property=\"og:description\" content=\"Imprimaci\u00f3n universal KA&amp;MELOCK MP 05 para la uni\u00f3n de elast\u00f3mero a metal. Fuerte adhesi\u00f3n con resistencia al agua, aceites y corrosi\u00f3n.\" \/>\n<meta property=\"og:url\" content=\"https:\/\/gotec-bonding-agent-systems.com\/es\/kamelock-mp-05\/\" \/>\n<meta property=\"og:site_name\" content=\"GOTEC Bonding Systems\" \/>\n<meta property=\"article:modified_time\" content=\"2026-04-03T11:06:16+00:00\" \/>\n<meta property=\"og:image\" content=\"https:\/\/gotec-bonding-agent-systems.com\/wp-content\/uploads\/2026\/02\/KAMELOCK-MP-05-1024x683.png\" \/>\n<meta name=\"twitter:card\" content=\"summary_large_image\" \/>\n<meta name=\"twitter:label1\" content=\"Tiempo de lectura\" \/>\n\t<meta name=\"twitter:data1\" content=\"2 minutos\" \/>\n<script type=\"application\/ld+json\" class=\"yoast-schema-graph\">{\"@context\":\"https:\\\/\\\/schema.org\",\"@graph\":[{\"@type\":\"WebPage\",\"@id\":\"https:\\\/\\\/gotec-bonding-agent-systems.com\\\/es\\\/kamelock-mp-05\\\/\",\"url\":\"https:\\\/\\\/gotec-bonding-agent-systems.com\\\/es\\\/kamelock-mp-05\\\/\",\"name\":\"KA&MELOCK MP 05 Imprimaci\u00f3n universal\",\"isPartOf\":{\"@id\":\"https:\\\/\\\/gotec-bonding-agent-systems.com\\\/#website\"},\"primaryImageOfPage\":{\"@id\":\"https:\\\/\\\/gotec-bonding-agent-systems.com\\\/es\\\/kamelock-mp-05\\\/#primaryimage\"},\"image\":{\"@id\":\"https:\\\/\\\/gotec-bonding-agent-systems.com\\\/es\\\/kamelock-mp-05\\\/#primaryimage\"},\"thumbnailUrl\":\"https:\\\/\\\/gotec-bonding-agent-systems.com\\\/wp-content\\\/uploads\\\/2026\\\/02\\\/KAMELOCK-MP-05-1024x683.png\",\"datePublished\":\"2026-01-22T18:37:16+00:00\",\"dateModified\":\"2026-04-03T11:06:16+00:00\",\"description\":\"Imprimaci\u00f3n universal KA&MELOCK MP 05 para la uni\u00f3n de elast\u00f3mero a metal. Fuerte adhesi\u00f3n con resistencia al agua, aceites y corrosi\u00f3n.\",\"breadcrumb\":{\"@id\":\"https:\\\/\\\/gotec-bonding-agent-systems.com\\\/es\\\/kamelock-mp-05\\\/#breadcrumb\"},\"inLanguage\":\"es\",\"potentialAction\":[{\"@type\":\"ReadAction\",\"target\":[\"https:\\\/\\\/gotec-bonding-agent-systems.com\\\/es\\\/kamelock-mp-05\\\/\"]}]},{\"@type\":\"ImageObject\",\"inLanguage\":\"es\",\"@id\":\"https:\\\/\\\/gotec-bonding-agent-systems.com\\\/es\\\/kamelock-mp-05\\\/#primaryimage\",\"url\":\"https:\\\/\\\/gotec-bonding-agent-systems.com\\\/wp-content\\\/uploads\\\/2026\\\/02\\\/KAMELOCK-MP-05-1024x683.png\",\"contentUrl\":\"https:\\\/\\\/gotec-bonding-agent-systems.com\\\/wp-content\\\/uploads\\\/2026\\\/02\\\/KAMELOCK-MP-05-1024x683.png\"},{\"@type\":\"BreadcrumbList\",\"@id\":\"https:\\\/\\\/gotec-bonding-agent-systems.com\\\/es\\\/kamelock-mp-05\\\/#breadcrumb\",\"itemListElement\":[{\"@type\":\"ListItem\",\"position\":1,\"name\":\"Start\",\"item\":\"https:\\\/\\\/gotec-bonding-agent-systems.com\\\/es\\\/\"},{\"@type\":\"ListItem\",\"position\":2,\"name\":\"KA&amp;MELOCK MP 05:para uso con agentes de uni\u00f3n KA&amp;MELOCK\"}]},{\"@type\":\"WebSite\",\"@id\":\"https:\\\/\\\/gotec-bonding-agent-systems.com\\\/#website\",\"url\":\"https:\\\/\\\/gotec-bonding-agent-systems.com\\\/\",\"name\":\"GOTEC Bonding Systems\",\"description\":\"\",\"publisher\":{\"@id\":\"https:\\\/\\\/gotec-bonding-agent-systems.com\\\/#organization\"},\"potentialAction\":[{\"@type\":\"SearchAction\",\"target\":{\"@type\":\"EntryPoint\",\"urlTemplate\":\"https:\\\/\\\/gotec-bonding-agent-systems.com\\\/?s={search_term_string}\"},\"query-input\":{\"@type\":\"PropertyValueSpecification\",\"valueRequired\":true,\"valueName\":\"search_term_string\"}}],\"inLanguage\":\"es\"},{\"@type\":\"Organization\",\"@id\":\"https:\\\/\\\/gotec-bonding-agent-systems.com\\\/#organization\",\"name\":\"GOTEC Bonding Systems\",\"url\":\"https:\\\/\\\/gotec-bonding-agent-systems.com\\\/\",\"logo\":{\"@type\":\"ImageObject\",\"inLanguage\":\"es\",\"@id\":\"https:\\\/\\\/gotec-bonding-agent-systems.com\\\/#\\\/schema\\\/logo\\\/image\\\/\",\"url\":\"https:\\\/\\\/gotec-bonding-agent-systems.com\\\/wp-content\\\/uploads\\\/2025\\\/11\\\/cropped-GOTEC_Bonding_Systems_Logo.png\",\"contentUrl\":\"https:\\\/\\\/gotec-bonding-agent-systems.com\\\/wp-content\\\/uploads\\\/2025\\\/11\\\/cropped-GOTEC_Bonding_Systems_Logo.png\",\"width\":2122,\"height\":1287,\"caption\":\"GOTEC Bonding Systems\"},\"image\":{\"@id\":\"https:\\\/\\\/gotec-bonding-agent-systems.com\\\/#\\\/schema\\\/logo\\\/image\\\/\"}}]}<\/script>\n<!-- \/ Yoast SEO plugin. -->","yoast_head_json":{"title":"KA&MELOCK MP 05 Imprimaci\u00f3n universal","description":"Imprimaci\u00f3n universal KA&MELOCK MP 05 para la uni\u00f3n de elast\u00f3mero a metal. Fuerte adhesi\u00f3n con resistencia al agua, aceites y corrosi\u00f3n.","robots":{"index":"index","follow":"follow","max-snippet":"max-snippet:-1","max-image-preview":"max-image-preview:large","max-video-preview":"max-video-preview:-1"},"canonical":"https:\/\/gotec-bonding-agent-systems.com\/es\/kamelock-mp-05\/","og_locale":"es_ES","og_type":"article","og_title":"KA&MELOCK MP 05 Imprimaci\u00f3n universal","og_description":"Imprimaci\u00f3n universal KA&MELOCK MP 05 para la uni\u00f3n de elast\u00f3mero a metal. Fuerte adhesi\u00f3n con resistencia al agua, aceites y corrosi\u00f3n.","og_url":"https:\/\/gotec-bonding-agent-systems.com\/es\/kamelock-mp-05\/","og_site_name":"GOTEC Bonding Systems","article_modified_time":"2026-04-03T11:06:16+00:00","og_image":[{"url":"https:\/\/gotec-bonding-agent-systems.com\/wp-content\/uploads\/2026\/02\/KAMELOCK-MP-05-1024x683.png","type":"","width":"","height":""}],"twitter_card":"summary_large_image","twitter_misc":{"Tiempo de lectura":"2 minutos"},"schema":{"@context":"https:\/\/schema.org","@graph":[{"@type":"WebPage","@id":"https:\/\/gotec-bonding-agent-systems.com\/es\/kamelock-mp-05\/","url":"https:\/\/gotec-bonding-agent-systems.com\/es\/kamelock-mp-05\/","name":"KA&MELOCK MP 05 Imprimaci\u00f3n universal","isPartOf":{"@id":"https:\/\/gotec-bonding-agent-systems.com\/#website"},"primaryImageOfPage":{"@id":"https:\/\/gotec-bonding-agent-systems.com\/es\/kamelock-mp-05\/#primaryimage"},"image":{"@id":"https:\/\/gotec-bonding-agent-systems.com\/es\/kamelock-mp-05\/#primaryimage"},"thumbnailUrl":"https:\/\/gotec-bonding-agent-systems.com\/wp-content\/uploads\/2026\/02\/KAMELOCK-MP-05-1024x683.png","datePublished":"2026-01-22T18:37:16+00:00","dateModified":"2026-04-03T11:06:16+00:00","description":"Imprimaci\u00f3n universal KA&MELOCK MP 05 para la uni\u00f3n de elast\u00f3mero a metal. Fuerte adhesi\u00f3n con resistencia al agua, aceites y corrosi\u00f3n.","breadcrumb":{"@id":"https:\/\/gotec-bonding-agent-systems.com\/es\/kamelock-mp-05\/#breadcrumb"},"inLanguage":"es","potentialAction":[{"@type":"ReadAction","target":["https:\/\/gotec-bonding-agent-systems.com\/es\/kamelock-mp-05\/"]}]},{"@type":"ImageObject","inLanguage":"es","@id":"https:\/\/gotec-bonding-agent-systems.com\/es\/kamelock-mp-05\/#primaryimage","url":"https:\/\/gotec-bonding-agent-systems.com\/wp-content\/uploads\/2026\/02\/KAMELOCK-MP-05-1024x683.png","contentUrl":"https:\/\/gotec-bonding-agent-systems.com\/wp-content\/uploads\/2026\/02\/KAMELOCK-MP-05-1024x683.png"},{"@type":"BreadcrumbList","@id":"https:\/\/gotec-bonding-agent-systems.com\/es\/kamelock-mp-05\/#breadcrumb","itemListElement":[{"@type":"ListItem","position":1,"name":"Start","item":"https:\/\/gotec-bonding-agent-systems.com\/es\/"},{"@type":"ListItem","position":2,"name":"KA&amp;MELOCK MP 05:para uso con agentes de uni\u00f3n KA&amp;MELOCK"}]},{"@type":"WebSite","@id":"https:\/\/gotec-bonding-agent-systems.com\/#website","url":"https:\/\/gotec-bonding-agent-systems.com\/","name":"GOTEC Bonding Systems","description":"","publisher":{"@id":"https:\/\/gotec-bonding-agent-systems.com\/#organization"},"potentialAction":[{"@type":"SearchAction","target":{"@type":"EntryPoint","urlTemplate":"https:\/\/gotec-bonding-agent-systems.com\/?s={search_term_string}"},"query-input":{"@type":"PropertyValueSpecification","valueRequired":true,"valueName":"search_term_string"}}],"inLanguage":"es"},{"@type":"Organization","@id":"https:\/\/gotec-bonding-agent-systems.com\/#organization","name":"GOTEC Bonding Systems","url":"https:\/\/gotec-bonding-agent-systems.com\/","logo":{"@type":"ImageObject","inLanguage":"es","@id":"https:\/\/gotec-bonding-agent-systems.com\/#\/schema\/logo\/image\/","url":"https:\/\/gotec-bonding-agent-systems.com\/wp-content\/uploads\/2025\/11\/cropped-GOTEC_Bonding_Systems_Logo.png","contentUrl":"https:\/\/gotec-bonding-agent-systems.com\/wp-content\/uploads\/2025\/11\/cropped-GOTEC_Bonding_Systems_Logo.png","width":2122,"height":1287,"caption":"GOTEC Bonding Systems"},"image":{"@id":"https:\/\/gotec-bonding-agent-systems.com\/#\/schema\/logo\/image\/"}}]}},"featured_media_urls":[],"_links":{"self":[{"href":"https:\/\/gotec-bonding-agent-systems.com\/es\/wp-json\/wp\/v2\/pages\/8883","targetHints":{"allow":["GET"]}}],"collection":[{"href":"https:\/\/gotec-bonding-agent-systems.com\/es\/wp-json\/wp\/v2\/pages"}],"about":[{"href":"https:\/\/gotec-bonding-agent-systems.com\/es\/wp-json\/wp\/v2\/types\/page"}],"author":[{"embeddable":true,"href":"https:\/\/gotec-bonding-agent-systems.com\/es\/wp-json\/wp\/v2\/users\/1"}],"replies":[{"embeddable":true,"href":"https:\/\/gotec-bonding-agent-systems.com\/es\/wp-json\/wp\/v2\/comments?post=8883"}],"version-history":[{"count":6,"href":"https:\/\/gotec-bonding-agent-systems.com\/es\/wp-json\/wp\/v2\/pages\/8883\/revisions"}],"predecessor-version":[{"id":9286,"href":"https:\/\/gotec-bonding-agent-systems.com\/es\/wp-json\/wp\/v2\/pages\/8883\/revisions\/9286"}],"wp:attachment":[{"href":"https:\/\/gotec-bonding-agent-systems.com\/es\/wp-json\/wp\/v2\/media?parent=8883"}],"curies":[{"name":"wp","href":"https:\/\/api.w.org\/{rel}","templated":true}]}}