{"id":8899,"date":"2026-01-22T21:21:20","date_gmt":"2026-01-22T21:21:20","guid":{"rendered":"https:\/\/gotec-bonding-agent-systems.com\/kamelock-km-16\/"},"modified":"2026-04-03T13:06:37","modified_gmt":"2026-04-03T13:06:37","slug":"kamelock-km-16","status":"publish","type":"page","link":"https:\/\/gotec-bonding-agent-systems.com\/es\/kamelock-km-16\/","title":{"rendered":"KA&amp;MELOCK KM 16 \u2013 Agente de adhesi\u00f3n para elast\u00f3meros"},"content":{"rendered":"\t\t<div data-elementor-type=\"wp-page\" data-elementor-id=\"8899\" class=\"elementor elementor-8899 elementor-7776\">\n\t\t\t\t<div class=\"elementor-element elementor-element-befc3f2 e-flex e-con-boxed wpr-particle-no wpr-jarallax-no wpr-parallax-no wpr-sticky-section-no wpr-equal-height-no e-con e-parent\" data-id=\"befc3f2\" data-element_type=\"container\" data-e-type=\"container\" data-settings=\"{&quot;background_background&quot;:&quot;classic&quot;}\">\n\t\t\t\t\t<div class=\"e-con-inner\">\n\t\t<div class=\"elementor-element elementor-element-471d8ad e-con-full e-flex wpr-particle-no wpr-jarallax-no wpr-parallax-no wpr-sticky-section-no wpr-equal-height-no e-con e-child\" data-id=\"471d8ad\" data-element_type=\"container\" data-e-type=\"container\">\n\t\t\t\t<div class=\"elementor-element elementor-element-e75b00c elementor-widget elementor-widget-elementskit-heading\" data-id=\"e75b00c\" data-element_type=\"widget\" data-e-type=\"widget\" data-widget_type=\"elementskit-heading.default\">\n\t\t\t\t\t<div class=\"ekit-wid-con\" ><div class=\"ekit-heading elementskit-section-title-wraper text_left   ekit_heading_tablet-   ekit_heading_mobile-\"><h2 class=\"ekit-heading--title elementskit-section-title \">KA&amp;MELOCK KM 16<\/h2>\t\t\t\t<div class='ekit-heading__description'>\n\t\t\t\t\t<p><strong>KA&amp;MELOCK KM 16<\/strong> es un <strong>agente de adhesi\u00f3n de elast\u00f3meros<\/strong> dise\u00f1ado para su uso como <strong>recubrimiento de acabado<\/strong>.<br>Cuando se combina con la <strong>imprimaci\u00f3n KA&amp;MELOCK MP 05<\/strong>, es especialmente adecuado para aplicaciones que requieren una <strong>alta resistencia a temperaturas elevadas, a la corrosi\u00f3n y a cargas din\u00e1micas<\/strong> durante el proceso de vulcanizaci\u00f3n de elast\u00f3meros adheridos a sustratos met\u00e1licos y pl\u00e1sticos.<br>En determinadas aplicaciones, KA&amp;MELOCK KM 16 tambi\u00e9n puede utilizarse como <strong>agente de adhesi\u00f3n de una sola capa<\/strong>.<\/p>\n<p>El recubrimiento con KA&amp;MELOCK KM 16 proporciona una <strong>buena resistencia a la corrosi\u00f3n, aceites y disolventes<\/strong>. No obstante, <strong>la resistencia t\u00e9rmica y a la corrosi\u00f3n aumentan significativamente<\/strong> cuando el sistema se aplica en combinaci\u00f3n con la <strong>imprimaci\u00f3n KA&amp;MELOCK MP 05<\/strong>. <\/p>\n<p>KA&amp;MELOCK KM 16 permite la adhesi\u00f3n fiable de compuestos de elast\u00f3meros basados en <strong>caucho natural (NR), poliisopreno (IR), polibutadieno (BR), caucho de estireno-butadieno (SBR), caucho de nitrilo (NBR), caucho de cloropreno (CR), caucho de butilo (IIR) y caucho de etileno propileno (EPDM)<\/strong> a una amplia gama de <strong>sustratos met\u00e1licos y pl\u00e1sticos<\/strong> durante el proceso de vulcanizaci\u00f3n.<\/p>\n<p>La combinaci\u00f3n de <strong>KA&amp;MELOCK MP 05 y KA&amp;MELOCK KM 16<\/strong> es especialmente adecuada para <strong>mezclas blandas de NBR y NR<\/strong>, sobre todo en la producci\u00f3n de componentes mediante <strong>moldeo por transferencia (TM) y moldeo por inyecci\u00f3n (IM)<\/strong>.<\/p>\n\t\t\t\t<\/div>\n\t\t\t<\/div><\/div>\t\t\t\t<\/div>\n\t\t\t\t<\/div>\n\t\t<div class=\"elementor-element elementor-element-d50dec6 e-con-full e-flex wpr-particle-no wpr-jarallax-no wpr-parallax-no wpr-sticky-section-no wpr-equal-height-no e-con e-child\" data-id=\"d50dec6\" data-element_type=\"container\" data-e-type=\"container\">\n\t\t\t\t<div class=\"elementor-element elementor-element-3217d04 elementor-widget elementor-widget-image\" data-id=\"3217d04\" data-element_type=\"widget\" data-e-type=\"widget\" data-widget_type=\"image.default\">\n\t\t\t\t\t\t\t\t\t\t\t\t\t\t\t<img fetchpriority=\"high\" decoding=\"async\" width=\"950\" height=\"634\" src=\"https:\/\/gotec-bonding-agent-systems.com\/wp-content\/uploads\/2026\/02\/KAMELOCK-KM-16-1024x683.png\" class=\"attachment-large size-large wp-image-8901\" alt=\"KA&amp;MELOCK KM 16\" srcset=\"https:\/\/gotec-bonding-agent-systems.com\/wp-content\/uploads\/2026\/02\/KAMELOCK-KM-16-1024x683.png 1024w, https:\/\/gotec-bonding-agent-systems.com\/wp-content\/uploads\/2026\/02\/KAMELOCK-KM-16-300x200.png 300w, https:\/\/gotec-bonding-agent-systems.com\/wp-content\/uploads\/2026\/02\/KAMELOCK-KM-16-600x400.png 600w, https:\/\/gotec-bonding-agent-systems.com\/wp-content\/uploads\/2026\/02\/KAMELOCK-KM-16-1200x800.png 1200w, https:\/\/gotec-bonding-agent-systems.com\/wp-content\/uploads\/2026\/02\/KAMELOCK-KM-16.png 1536w\" sizes=\"100vw\" \/>\t\t\t\t\t\t\t\t\t\t\t\t\t\t\t<\/div>\n\t\t\t\t<div class=\"elementor-element elementor-element-f3fb0ba elementor-widget elementor-widget-spacer\" data-id=\"f3fb0ba\" data-element_type=\"widget\" data-e-type=\"widget\" data-widget_type=\"spacer.default\">\n\t\t\t\t\t\t\t<div class=\"elementor-spacer\">\n\t\t\t<div class=\"elementor-spacer-inner\"><\/div>\n\t\t<\/div>\n\t\t\t\t\t\t<\/div>\n\t\t\t\t<div class=\"elementor-element elementor-element-c4ef493 elementor-widget elementor-widget-button\" data-id=\"c4ef493\" data-element_type=\"widget\" data-e-type=\"widget\" data-widget_type=\"button.default\">\n\t\t\t\t\t\t\t\t\t\t<a class=\"elementor-button elementor-button-link elementor-size-sm\" href=\"https:\/\/gotec-bonding-agent-systems.com\/wp-content\/uploads\/2026\/01\/heLwaO-Unknown.pdf\">\n\t\t\t\t\t\t<span class=\"elementor-button-content-wrapper\">\n\t\t\t\t\t\t\t\t\t<span class=\"elementor-button-text\">DESCARGAR PDF<\/span>\n\t\t\t\t\t<\/span>\n\t\t\t\t\t<\/a>\n\t\t\t\t\t\t\t\t<\/div>\n\t\t\t\t<\/div>\n\t\t\t\t\t<\/div>\n\t\t\t\t<\/div>\n\t\t\t\t<section class=\"elementor-section elementor-top-section elementor-element elementor-element-49d1c87 elementor-section-boxed elementor-section-height-default elementor-section-height-default wpr-particle-no wpr-jarallax-no wpr-parallax-no wpr-sticky-section-no wpr-equal-height-no\" data-id=\"49d1c87\" data-element_type=\"section\" data-e-type=\"section\">\n\t\t\t\t\t\t<div class=\"elementor-container elementor-column-gap-default\">\n\t\t\t\t\t<div class=\"elementor-column elementor-col-100 elementor-top-column elementor-element elementor-element-b4d3f9b\" data-id=\"b4d3f9b\" data-element_type=\"column\" data-e-type=\"column\">\n\t\t\t<div class=\"elementor-widget-wrap elementor-element-populated\">\n\t\t\t\t\t\t<div class=\"elementor-element elementor-element-c4de5a8 elementor-widget elementor-widget-heading\" data-id=\"c4de5a8\" data-element_type=\"widget\" data-e-type=\"widget\" data-widget_type=\"heading.default\">\n\t\t\t\t\t<h2 class=\"elementor-heading-title elementor-size-default\">Datos t\u00e9cnicos<\/h2>\t\t\t\t<\/div>\n\t\t\t\t<div class=\"elementor-element elementor-element-2a37bcb wpr-list-style-none elementor-widget elementor-widget-wpr-posts-timeline\" data-id=\"2a37bcb\" data-element_type=\"widget\" data-e-type=\"widget\" data-settings=\"{&quot;animation_offset&quot;:150,&quot;aos_animation_duration&quot;:600}\" data-widget_type=\"wpr-posts-timeline.default\">\n\t\t\t\t\t\n\t\t<div class=\"wpr-wrapper wpr-vertical wpr-one-sided-wrapper\">\n\t\t\t<div class=\"wpr-timeline-centered wpr-line wpr-one-sided-timeline\"><div class=\"wpr-middle-line\"><\/div><div class=\"wpr-timeline-fill\" data-layout=\"one-sided\"><\/div><article class=\"wpr-timeline-entry wpr-right-aligned elementor-repeater-item-f94da51\" data-item-id=\"elementor-repeater-item-f94da51\"><div class=\"wpr-timeline-entry-inner\"><div class=\"wpr-main-line-icon wpr-icon\"><\/div><div class=\"wpr-story-info-vertical wpr-data-wrap \"  data-aos=\"fade\" data-aos-left=\"\" data-aos-right=\"\" data-animation-offset=\"150\" data-animation-duration=\"600\"><div class=\"wpr-timeline-content-wrapper\"><div class=\"wpr-content-wrapper\"><div class=\"wpr-description\"><table><tbody><tr><td><p>Color l\u00edquido negro \u2013 verde<\/p><\/td><td> <\/td><\/tr><\/tbody><\/table><table style=\"height: 124px\" width=\"238\"><tbody><tr><td><p>Viscosidad copa DIN 4 mm 80 \u2013 120 s<\/p><\/td><td> <\/td><\/tr><\/tbody><\/table><table><tbody><tr><td><p>Viscosidad, cps a 25 \u00b0C (77 \u00b0F)<\/p><table><tbody><tr><td><p>  200 \u2013 600 mPas<\/p><\/td><\/tr><\/tbody><\/table><p>Brookfield SNB1<br>Husillo 2, 30 rpm<\/p><\/td><td> <\/td><\/tr><\/tbody><\/table><\/div><\/div><\/div><\/div>\n\t\t\t\t\t\t<\/div>\n\t\t\t\t<\/article><article class=\"wpr-timeline-entry wpr-right-aligned elementor-repeater-item-2a37755\" data-item-id=\"elementor-repeater-item-2a37755\"><div class=\"wpr-timeline-entry-inner\"><div class=\"wpr-main-line-icon wpr-icon\"><\/div><div class=\"wpr-story-info-vertical wpr-data-wrap \"  data-aos=\"fade\" data-aos-left=\"\" data-aos-right=\"\" data-animation-offset=\"150\" data-animation-duration=\"600\"><div class=\"wpr-timeline-content-wrapper\"><div class=\"wpr-content-wrapper\"><div class=\"wpr-description\"><table><tbody><tr><td><p>Gravedad espec\u00edfica 0,96 \u2013 1,04 g\/cm\u00b3<\/p><\/td><td> <\/td><\/tr><\/tbody><\/table><table style=\"height: 172px\" width=\"201\"><tbody><tr><td><p>Contenido de s\u00f3lidos 22 \u2013 26 % en peso<\/p><\/td><td> <\/td><\/tr><\/tbody><\/table><table><tbody><tr><td><p>Disolventes Xileno<\/p><\/td><td> <\/td><\/tr><\/tbody><\/table><p>*Los datos son t\u00edpicos y no deben utilizarse con fines de especificaci\u00f3n.<\/p><\/div><\/div><\/div><\/div>\n\t\t\t\t\t\t<\/div>\n\t\t\t\t<\/article><\/div>    \n\t\t\t<\/div>\t\t\t\t<\/div>\n\t\t\t\t<div class=\"elementor-element elementor-element-12b57ba elementor-widget elementor-widget-text-editor\" data-id=\"12b57ba\" data-element_type=\"widget\" data-e-type=\"widget\" data-widget_type=\"text-editor.default\">\n\t\t\t\t\t\t\t\t\t<p data-start=\"269\" data-end=\"621\"><strong data-start=\"269\" data-end=\"366\">En GOTEC Bonding Agents, las pruebas y an\u00e1lisis precisos son fundamentales para el rendimiento del producto.<\/strong><br data-start=\"366\" data-end=\"369\">Todos los agentes de adhesi\u00f3n KA&amp;MELOCK se prueban, documentan y validan en nuestros laboratorios. Paralelamente, se llevan a cabo actividades continuas de investigaci\u00f3n y desarrollo mediante la optimizaci\u00f3n constante de los productos en nuestras instalaciones dedicadas a demostraciones y aplicaciones. <\/p><p data-start=\"628\" data-end=\"807\">Nuestras <strong data-start=\"632\" data-end=\"663\">soluciones de adhesi\u00f3n de elast\u00f3meros<\/strong> aportan un valor fiable a su negocio al permitir procesos estables y un funcionamiento sin problemas en una amplia gama de industrias y aplicaciones.<\/p><p data-start=\"814\" data-end=\"1158\">Los <strong data-start=\"814\" data-end=\"842\">agentes de adhesi\u00f3n KA&amp;MELOCK<\/strong> son adecuados para <strong data-start=\"860\" data-end=\"903\">sistemas de adhesi\u00f3n de una o dos capas<\/strong>, lo que permite una uni\u00f3n fiable de compuestos de elast\u00f3mero a sustratos como <strong data-start=\"976\" data-end=\"1031\">metales, pl\u00e1sticos, PTFE (Tefl\u00f3n) y fibras textiles<\/strong> durante el <strong data-start=\"1043\" data-end=\"1068\">proceso de vulcanizaci\u00f3n<\/strong>.<br data-start=\"1069\" data-end=\"1072\">Consulte la <strong data-start=\"1094\" data-end=\"1121\">gama de productos KA&amp;MELOCK<\/strong> para obtener recomendaciones detalladas sobre el sistema.<\/p>\t\t\t\t\t\t\t\t<\/div>\n\t\t\t\t\t<\/div>\n\t\t<\/div>\n\t\t\t\t\t<\/div>\n\t\t<\/section>\n\t\t\t\t<\/div>\n\t\t\n    <div class=\"xs_social_share_widget xs_share_url after_content \t\tmain_content  wslu-style-1 wslu-share-box-shaped wslu-fill-colored wslu-none wslu-share-horizontal wslu-theme-font-no wslu-main_content\">\n\n\t\t\n        <ul>\n\t\t\t        <\/ul>\n    <\/div> \n","protected":false},"excerpt":{"rendered":"<p>KA&amp;MELOCK KM 16 KA&amp;MELOCK KM 16 es un agente de adhesi\u00f3n de elast\u00f3meros dise\u00f1ado para su uso como recubrimiento de acabado.Cuando se combina con la imprimaci\u00f3n KA&amp;MELOCK MP 05, es especialmente adecuado para aplicaciones que requieren una alta resistencia a temperaturas elevadas, a la corrosi\u00f3n y a cargas din\u00e1micas durante el proceso de vulcanizaci\u00f3n de elast\u00f3meros adheridos a sustratos met\u00e1licos y pl\u00e1sticos.En determinadas aplicaciones, KA&amp;MELOCK KM 16 tambi\u00e9n puede utilizarse como agente de adhesi\u00f3n de una sola capa. El recubrimiento con KA&amp;MELOCK KM 16 proporciona una buena resistencia a la corrosi\u00f3n, aceites y disolventes. No obstante, la resistencia t\u00e9rmica y a la corrosi\u00f3n aumentan significativamente cuando el sistema se aplica en combinaci\u00f3n con la imprimaci\u00f3n KA&amp;MELOCK MP 05. KA&amp;MELOCK KM 16 permite la adhesi\u00f3n fiable de compuestos de elast\u00f3meros basados en caucho natural (NR), poliisopreno (IR), polibutadieno (BR), caucho de estireno-butadieno (SBR), caucho de nitrilo (NBR), caucho de cloropreno (CR), caucho de butilo (IIR) y caucho de etileno propileno (EPDM) a una amplia gama de sustratos met\u00e1licos y pl\u00e1sticos durante el proceso de vulcanizaci\u00f3n. La combinaci\u00f3n de KA&amp;MELOCK MP 05 y KA&amp;MELOCK KM 16 es especialmente adecuada para mezclas blandas de NBR y NR, sobre todo en la producci\u00f3n de componentes mediante moldeo por transferencia (TM) y moldeo por inyecci\u00f3n (IM). DESCARGAR PDF Datos t\u00e9cnicos Color l\u00edquido negro \u2013 verde Viscosidad copa DIN 4 mm 80 \u2013 120 s Viscosidad, cps a 25 \u00b0C (77 \u00b0F) 200 \u2013 600 mPas Brookfield SNB1Husillo 2, 30 rpm Gravedad espec\u00edfica 0,96 \u2013 1,04 g\/cm\u00b3 Contenido de s\u00f3lidos 22 \u2013 26 % en peso Disolventes Xileno *Los datos son t\u00edpicos y no deben utilizarse con fines de especificaci\u00f3n. En GOTEC Bonding Agents, las pruebas y an\u00e1lisis precisos son fundamentales para el rendimiento del producto.Todos los agentes de adhesi\u00f3n KA&amp;MELOCK se prueban, documentan y validan en nuestros laboratorios. Paralelamente, se llevan a cabo actividades continuas de investigaci\u00f3n y desarrollo mediante la optimizaci\u00f3n constante de los productos en nuestras instalaciones dedicadas a demostraciones y aplicaciones. Nuestras soluciones de adhesi\u00f3n de elast\u00f3meros aportan un valor fiable a su negocio al permitir procesos estables y un funcionamiento sin problemas en una amplia gama de industrias y aplicaciones. Los agentes de adhesi\u00f3n KA&amp;MELOCK son adecuados para sistemas de adhesi\u00f3n de una o dos capas, lo que permite una uni\u00f3n fiable de compuestos de elast\u00f3mero a sustratos como metales, pl\u00e1sticos, PTFE (Tefl\u00f3n) y fibras textiles durante el proceso de vulcanizaci\u00f3n.Consulte la gama de productos KA&amp;MELOCK para obtener recomendaciones detalladas sobre el sistema.<\/p>\n","protected":false},"author":1,"featured_media":0,"parent":0,"menu_order":0,"comment_status":"closed","ping_status":"closed","template":"","meta":{"postBodyCss":"","postBodyMargin":[],"postBodyPadding":[],"postBodyBackground":{"backgroundType":"classic","gradient":""},"inspiro_hide_title":false,"footnotes":""},"class_list":["post-8899","page","type-page","status-publish","hentry"],"yoast_head":"<!-- This site is optimized with the Yoast SEO plugin v27.4 - https:\/\/yoast.com\/product\/yoast-seo-wordpress\/ -->\n<title>KA&amp;MELOCK KM 16 \u2013 Agente de adhesi\u00f3n para elast\u00f3meros<\/title>\n<meta name=\"description\" content=\"KA&amp;MELOCK KM 16: acabado para elast\u00f3meros con alta resistencia t\u00e9rmica, corrosiva y din\u00e1mica. Compatible con MP 05.\" \/>\n<meta name=\"robots\" content=\"index, follow, max-snippet:-1, max-image-preview:large, max-video-preview:-1\" \/>\n<link rel=\"canonical\" href=\"https:\/\/gotec-bonding-agent-systems.com\/es\/kamelock-km-16\/\" \/>\n<meta property=\"og:locale\" content=\"es_ES\" \/>\n<meta property=\"og:type\" content=\"article\" \/>\n<meta property=\"og:title\" content=\"KA&amp;MELOCK KM 16 \u2013 Agente de adhesi\u00f3n para elast\u00f3meros\" \/>\n<meta property=\"og:description\" content=\"KA&amp;MELOCK KM 16: acabado para elast\u00f3meros con alta resistencia t\u00e9rmica, corrosiva y din\u00e1mica. Compatible con MP 05.\" \/>\n<meta property=\"og:url\" content=\"https:\/\/gotec-bonding-agent-systems.com\/es\/kamelock-km-16\/\" \/>\n<meta property=\"og:site_name\" content=\"GOTEC Bonding Systems\" \/>\n<meta property=\"article:modified_time\" content=\"2026-04-03T13:06:37+00:00\" \/>\n<meta property=\"og:image\" content=\"https:\/\/gotec-bonding-agent-systems.com\/wp-content\/uploads\/2026\/02\/KAMELOCK-KM-16.png\" \/>\n\t<meta property=\"og:image:width\" content=\"1536\" \/>\n\t<meta property=\"og:image:height\" content=\"1024\" \/>\n\t<meta property=\"og:image:type\" content=\"image\/png\" \/>\n<meta name=\"twitter:card\" content=\"summary_large_image\" \/>\n<meta name=\"twitter:label1\" content=\"Tiempo de lectura\" \/>\n\t<meta name=\"twitter:data1\" content=\"2 minutos\" \/>\n<script type=\"application\/ld+json\" class=\"yoast-schema-graph\">{\"@context\":\"https:\\\/\\\/schema.org\",\"@graph\":[{\"@type\":\"WebPage\",\"@id\":\"https:\\\/\\\/gotec-bonding-agent-systems.com\\\/es\\\/kamelock-km-16\\\/\",\"url\":\"https:\\\/\\\/gotec-bonding-agent-systems.com\\\/es\\\/kamelock-km-16\\\/\",\"name\":\"KA&MELOCK KM 16 \u2013 Agente de adhesi\u00f3n para elast\u00f3meros\",\"isPartOf\":{\"@id\":\"https:\\\/\\\/gotec-bonding-agent-systems.com\\\/#website\"},\"primaryImageOfPage\":{\"@id\":\"https:\\\/\\\/gotec-bonding-agent-systems.com\\\/es\\\/kamelock-km-16\\\/#primaryimage\"},\"image\":{\"@id\":\"https:\\\/\\\/gotec-bonding-agent-systems.com\\\/es\\\/kamelock-km-16\\\/#primaryimage\"},\"thumbnailUrl\":\"https:\\\/\\\/gotec-bonding-agent-systems.com\\\/wp-content\\\/uploads\\\/2026\\\/02\\\/KAMELOCK-KM-16-1024x683.png\",\"datePublished\":\"2026-01-22T21:21:20+00:00\",\"dateModified\":\"2026-04-03T13:06:37+00:00\",\"description\":\"KA&MELOCK KM 16: acabado para elast\u00f3meros con alta resistencia t\u00e9rmica, corrosiva y din\u00e1mica. Compatible con MP 05.\",\"breadcrumb\":{\"@id\":\"https:\\\/\\\/gotec-bonding-agent-systems.com\\\/es\\\/kamelock-km-16\\\/#breadcrumb\"},\"inLanguage\":\"es\",\"potentialAction\":[{\"@type\":\"ReadAction\",\"target\":[\"https:\\\/\\\/gotec-bonding-agent-systems.com\\\/es\\\/kamelock-km-16\\\/\"]}]},{\"@type\":\"ImageObject\",\"inLanguage\":\"es\",\"@id\":\"https:\\\/\\\/gotec-bonding-agent-systems.com\\\/es\\\/kamelock-km-16\\\/#primaryimage\",\"url\":\"https:\\\/\\\/gotec-bonding-agent-systems.com\\\/wp-content\\\/uploads\\\/2026\\\/02\\\/KAMELOCK-KM-16-1024x683.png\",\"contentUrl\":\"https:\\\/\\\/gotec-bonding-agent-systems.com\\\/wp-content\\\/uploads\\\/2026\\\/02\\\/KAMELOCK-KM-16-1024x683.png\"},{\"@type\":\"BreadcrumbList\",\"@id\":\"https:\\\/\\\/gotec-bonding-agent-systems.com\\\/es\\\/kamelock-km-16\\\/#breadcrumb\",\"itemListElement\":[{\"@type\":\"ListItem\",\"position\":1,\"name\":\"Start\",\"item\":\"https:\\\/\\\/gotec-bonding-agent-systems.com\\\/es\\\/\"},{\"@type\":\"ListItem\",\"position\":2,\"name\":\"KA&amp;MELOCK KM 16 \u2013 Agente de adhesi\u00f3n para elast\u00f3meros\"}]},{\"@type\":\"WebSite\",\"@id\":\"https:\\\/\\\/gotec-bonding-agent-systems.com\\\/#website\",\"url\":\"https:\\\/\\\/gotec-bonding-agent-systems.com\\\/\",\"name\":\"GOTEC Bonding Systems\",\"description\":\"\",\"publisher\":{\"@id\":\"https:\\\/\\\/gotec-bonding-agent-systems.com\\\/#organization\"},\"potentialAction\":[{\"@type\":\"SearchAction\",\"target\":{\"@type\":\"EntryPoint\",\"urlTemplate\":\"https:\\\/\\\/gotec-bonding-agent-systems.com\\\/?s={search_term_string}\"},\"query-input\":{\"@type\":\"PropertyValueSpecification\",\"valueRequired\":true,\"valueName\":\"search_term_string\"}}],\"inLanguage\":\"es\"},{\"@type\":\"Organization\",\"@id\":\"https:\\\/\\\/gotec-bonding-agent-systems.com\\\/#organization\",\"name\":\"GOTEC Bonding Systems\",\"url\":\"https:\\\/\\\/gotec-bonding-agent-systems.com\\\/\",\"logo\":{\"@type\":\"ImageObject\",\"inLanguage\":\"es\",\"@id\":\"https:\\\/\\\/gotec-bonding-agent-systems.com\\\/#\\\/schema\\\/logo\\\/image\\\/\",\"url\":\"https:\\\/\\\/gotec-bonding-agent-systems.com\\\/wp-content\\\/uploads\\\/2025\\\/11\\\/cropped-GOTEC_Bonding_Systems_Logo.png\",\"contentUrl\":\"https:\\\/\\\/gotec-bonding-agent-systems.com\\\/wp-content\\\/uploads\\\/2025\\\/11\\\/cropped-GOTEC_Bonding_Systems_Logo.png\",\"width\":2122,\"height\":1287,\"caption\":\"GOTEC Bonding Systems\"},\"image\":{\"@id\":\"https:\\\/\\\/gotec-bonding-agent-systems.com\\\/#\\\/schema\\\/logo\\\/image\\\/\"}}]}<\/script>\n<!-- \/ Yoast SEO plugin. -->","yoast_head_json":{"title":"KA&MELOCK KM 16 \u2013 Agente de adhesi\u00f3n para elast\u00f3meros","description":"KA&MELOCK KM 16: acabado para elast\u00f3meros con alta resistencia t\u00e9rmica, corrosiva y din\u00e1mica. Compatible con MP 05.","robots":{"index":"index","follow":"follow","max-snippet":"max-snippet:-1","max-image-preview":"max-image-preview:large","max-video-preview":"max-video-preview:-1"},"canonical":"https:\/\/gotec-bonding-agent-systems.com\/es\/kamelock-km-16\/","og_locale":"es_ES","og_type":"article","og_title":"KA&MELOCK KM 16 \u2013 Agente de adhesi\u00f3n para elast\u00f3meros","og_description":"KA&MELOCK KM 16: acabado para elast\u00f3meros con alta resistencia t\u00e9rmica, corrosiva y din\u00e1mica. Compatible con MP 05.","og_url":"https:\/\/gotec-bonding-agent-systems.com\/es\/kamelock-km-16\/","og_site_name":"GOTEC Bonding Systems","article_modified_time":"2026-04-03T13:06:37+00:00","og_image":[{"width":1536,"height":1024,"url":"https:\/\/gotec-bonding-agent-systems.com\/wp-content\/uploads\/2026\/02\/KAMELOCK-KM-16.png","type":"image\/png"}],"twitter_card":"summary_large_image","twitter_misc":{"Tiempo de lectura":"2 minutos"},"schema":{"@context":"https:\/\/schema.org","@graph":[{"@type":"WebPage","@id":"https:\/\/gotec-bonding-agent-systems.com\/es\/kamelock-km-16\/","url":"https:\/\/gotec-bonding-agent-systems.com\/es\/kamelock-km-16\/","name":"KA&MELOCK KM 16 \u2013 Agente de adhesi\u00f3n para elast\u00f3meros","isPartOf":{"@id":"https:\/\/gotec-bonding-agent-systems.com\/#website"},"primaryImageOfPage":{"@id":"https:\/\/gotec-bonding-agent-systems.com\/es\/kamelock-km-16\/#primaryimage"},"image":{"@id":"https:\/\/gotec-bonding-agent-systems.com\/es\/kamelock-km-16\/#primaryimage"},"thumbnailUrl":"https:\/\/gotec-bonding-agent-systems.com\/wp-content\/uploads\/2026\/02\/KAMELOCK-KM-16-1024x683.png","datePublished":"2026-01-22T21:21:20+00:00","dateModified":"2026-04-03T13:06:37+00:00","description":"KA&MELOCK KM 16: acabado para elast\u00f3meros con alta resistencia t\u00e9rmica, corrosiva y din\u00e1mica. Compatible con MP 05.","breadcrumb":{"@id":"https:\/\/gotec-bonding-agent-systems.com\/es\/kamelock-km-16\/#breadcrumb"},"inLanguage":"es","potentialAction":[{"@type":"ReadAction","target":["https:\/\/gotec-bonding-agent-systems.com\/es\/kamelock-km-16\/"]}]},{"@type":"ImageObject","inLanguage":"es","@id":"https:\/\/gotec-bonding-agent-systems.com\/es\/kamelock-km-16\/#primaryimage","url":"https:\/\/gotec-bonding-agent-systems.com\/wp-content\/uploads\/2026\/02\/KAMELOCK-KM-16-1024x683.png","contentUrl":"https:\/\/gotec-bonding-agent-systems.com\/wp-content\/uploads\/2026\/02\/KAMELOCK-KM-16-1024x683.png"},{"@type":"BreadcrumbList","@id":"https:\/\/gotec-bonding-agent-systems.com\/es\/kamelock-km-16\/#breadcrumb","itemListElement":[{"@type":"ListItem","position":1,"name":"Start","item":"https:\/\/gotec-bonding-agent-systems.com\/es\/"},{"@type":"ListItem","position":2,"name":"KA&amp;MELOCK KM 16 \u2013 Agente de adhesi\u00f3n para elast\u00f3meros"}]},{"@type":"WebSite","@id":"https:\/\/gotec-bonding-agent-systems.com\/#website","url":"https:\/\/gotec-bonding-agent-systems.com\/","name":"GOTEC Bonding Systems","description":"","publisher":{"@id":"https:\/\/gotec-bonding-agent-systems.com\/#organization"},"potentialAction":[{"@type":"SearchAction","target":{"@type":"EntryPoint","urlTemplate":"https:\/\/gotec-bonding-agent-systems.com\/?s={search_term_string}"},"query-input":{"@type":"PropertyValueSpecification","valueRequired":true,"valueName":"search_term_string"}}],"inLanguage":"es"},{"@type":"Organization","@id":"https:\/\/gotec-bonding-agent-systems.com\/#organization","name":"GOTEC Bonding Systems","url":"https:\/\/gotec-bonding-agent-systems.com\/","logo":{"@type":"ImageObject","inLanguage":"es","@id":"https:\/\/gotec-bonding-agent-systems.com\/#\/schema\/logo\/image\/","url":"https:\/\/gotec-bonding-agent-systems.com\/wp-content\/uploads\/2025\/11\/cropped-GOTEC_Bonding_Systems_Logo.png","contentUrl":"https:\/\/gotec-bonding-agent-systems.com\/wp-content\/uploads\/2025\/11\/cropped-GOTEC_Bonding_Systems_Logo.png","width":2122,"height":1287,"caption":"GOTEC Bonding Systems"},"image":{"@id":"https:\/\/gotec-bonding-agent-systems.com\/#\/schema\/logo\/image\/"}}]}},"featured_media_urls":[],"_links":{"self":[{"href":"https:\/\/gotec-bonding-agent-systems.com\/es\/wp-json\/wp\/v2\/pages\/8899","targetHints":{"allow":["GET"]}}],"collection":[{"href":"https:\/\/gotec-bonding-agent-systems.com\/es\/wp-json\/wp\/v2\/pages"}],"about":[{"href":"https:\/\/gotec-bonding-agent-systems.com\/es\/wp-json\/wp\/v2\/types\/page"}],"author":[{"embeddable":true,"href":"https:\/\/gotec-bonding-agent-systems.com\/es\/wp-json\/wp\/v2\/users\/1"}],"replies":[{"embeddable":true,"href":"https:\/\/gotec-bonding-agent-systems.com\/es\/wp-json\/wp\/v2\/comments?post=8899"}],"version-history":[{"count":6,"href":"https:\/\/gotec-bonding-agent-systems.com\/es\/wp-json\/wp\/v2\/pages\/8899\/revisions"}],"predecessor-version":[{"id":9365,"href":"https:\/\/gotec-bonding-agent-systems.com\/es\/wp-json\/wp\/v2\/pages\/8899\/revisions\/9365"}],"wp:attachment":[{"href":"https:\/\/gotec-bonding-agent-systems.com\/es\/wp-json\/wp\/v2\/media?parent=8899"}],"curies":[{"name":"wp","href":"https:\/\/api.w.org\/{rel}","templated":true}]}}