{"id":8904,"date":"2026-01-22T21:12:39","date_gmt":"2026-01-22T21:12:39","guid":{"rendered":"https:\/\/gotec-bonding-agent-systems.com\/kamelock-km-14\/"},"modified":"2026-04-05T10:27:37","modified_gmt":"2026-04-05T10:27:37","slug":"kamelock-km-14","status":"publish","type":"page","link":"https:\/\/gotec-bonding-agent-systems.com\/es\/kamelock-km-14\/","title":{"rendered":"KA&amp;MELOCK KM 14 \u2013 Adhesivo de Gran Versatilidad"},"content":{"rendered":"\t\t<div data-elementor-type=\"wp-page\" data-elementor-id=\"8904\" class=\"elementor elementor-8904 elementor-7760\">\n\t\t\t\t<div class=\"elementor-element elementor-element-1f622a0 e-flex e-con-boxed wpr-particle-no wpr-jarallax-no wpr-parallax-no wpr-sticky-section-no wpr-equal-height-no e-con e-parent\" data-id=\"1f622a0\" data-element_type=\"container\" data-e-type=\"container\" data-settings=\"{&quot;background_background&quot;:&quot;classic&quot;}\">\n\t\t\t\t\t<div class=\"e-con-inner\">\n\t\t<div class=\"elementor-element elementor-element-3459be7 e-con-full e-flex wpr-particle-no wpr-jarallax-no wpr-parallax-no wpr-sticky-section-no wpr-equal-height-no e-con e-child\" data-id=\"3459be7\" data-element_type=\"container\" data-e-type=\"container\">\n\t\t\t\t<div class=\"elementor-element elementor-element-5274b39 elementor-widget elementor-widget-elementskit-heading\" data-id=\"5274b39\" data-element_type=\"widget\" data-e-type=\"widget\" data-widget_type=\"elementskit-heading.default\">\n\t\t\t\t\t<div class=\"ekit-wid-con\" ><div class=\"ekit-heading elementskit-section-title-wraper text_left   ekit_heading_tablet-   ekit_heading_mobile-\"><h2 class=\"ekit-heading--title elementskit-section-title \">KA&amp;MELOCK KM 14<\/h2>\t\t\t\t<div class='ekit-heading__description'>\n\t\t\t\t\t<p><strong>KA&amp;MELOCK KM 14<\/strong> es un <strong>adhesivo<\/strong> de gran versatilidad, adecuado tanto para procesos de <strong>vulcanizaci\u00f3n a baja temperatura<\/strong> a <strong>90\u2013100 \u00b0C<\/strong> como para <strong>temperaturas de vulcanizaci\u00f3n est\u00e1ndar<\/strong> que oscilan entre <strong>150\u2013170 \u00b0C<\/strong>.<br>Cuando se utiliza en combinaci\u00f3n con la <strong>imprimaci\u00f3n KA&amp;MELOCK MP 05<\/strong>, el sistema ofrece un excelente rendimiento para aplicaciones como <strong>revestimientos de tanques<\/strong>, as\u00ed como para la producci\u00f3n de <strong>rodillos y cilindros de caucho<\/strong>.<\/p>\n<p>KA&amp;MELOCK KM 14 permite la uni\u00f3n fiable de <strong>sustratos textiles<\/strong>, incluyendo <strong>poli\u00e9ster y poliamida<\/strong>, a una amplia gama de compuestos de caucho, como <strong>caucho de bromo\/clorobutilo (BIIR\/CIIR), caucho de cloropreno (CR), polietileno clorosulfonado (CSM), caucho de etileno propileno (EPDM), caucho but\u00edlico (IIR), poliisopreno (IR), caucho de nitrilo (NBR), caucho natural (NR) y caucho de estireno-butadieno (SBR)<\/strong>.<\/p>\n<p>Adem\u00e1s, KA&amp;MELOCK KM 14 es adecuado para la uni\u00f3n de <strong>caucho sin curar a caucho curado<\/strong> basado en <strong>CR, CSM, EPDM, IIR, NBR, NR y SBR<\/strong>, lo que permite resultados de uni\u00f3n estables y duraderos.<\/p>\n<p>El producto tambi\u00e9n es muy adecuado para la <strong>producci\u00f3n de juntas<\/strong>.<\/p>\n\t\t\t\t<\/div>\n\t\t\t<\/div><\/div>\t\t\t\t<\/div>\n\t\t\t\t<\/div>\n\t\t<div class=\"elementor-element elementor-element-d7d36e3 e-con-full e-flex wpr-particle-no wpr-jarallax-no wpr-parallax-no wpr-sticky-section-no wpr-equal-height-no e-con e-child\" data-id=\"d7d36e3\" data-element_type=\"container\" data-e-type=\"container\">\n\t\t\t\t<div class=\"elementor-element elementor-element-20d3825 elementor-widget elementor-widget-image\" data-id=\"20d3825\" data-element_type=\"widget\" data-e-type=\"widget\" data-widget_type=\"image.default\">\n\t\t\t\t\t\t\t\t\t\t\t\t\t\t\t<img fetchpriority=\"high\" decoding=\"async\" width=\"950\" height=\"634\" src=\"https:\/\/gotec-bonding-agent-systems.com\/wp-content\/uploads\/2026\/02\/KAMELOCK-KM-14-1024x683.png\" class=\"attachment-large size-large wp-image-8906\" alt=\"KA&amp;MELOCK KM 14\" srcset=\"https:\/\/gotec-bonding-agent-systems.com\/wp-content\/uploads\/2026\/02\/KAMELOCK-KM-14-1024x683.png 1024w, https:\/\/gotec-bonding-agent-systems.com\/wp-content\/uploads\/2026\/02\/KAMELOCK-KM-14-300x200.png 300w, https:\/\/gotec-bonding-agent-systems.com\/wp-content\/uploads\/2026\/02\/KAMELOCK-KM-14-600x400.png 600w, https:\/\/gotec-bonding-agent-systems.com\/wp-content\/uploads\/2026\/02\/KAMELOCK-KM-14-1200x800.png 1200w, https:\/\/gotec-bonding-agent-systems.com\/wp-content\/uploads\/2026\/02\/KAMELOCK-KM-14.png 1536w\" sizes=\"100vw\" \/>\t\t\t\t\t\t\t\t\t\t\t\t\t\t\t<\/div>\n\t\t\t\t<div class=\"elementor-element elementor-element-b099ba1 elementor-widget elementor-widget-spacer\" data-id=\"b099ba1\" data-element_type=\"widget\" data-e-type=\"widget\" data-widget_type=\"spacer.default\">\n\t\t\t\t\t\t\t<div class=\"elementor-spacer\">\n\t\t\t<div class=\"elementor-spacer-inner\"><\/div>\n\t\t<\/div>\n\t\t\t\t\t\t<\/div>\n\t\t\t\t<div class=\"elementor-element elementor-element-a1719ab elementor-widget elementor-widget-button\" data-id=\"a1719ab\" data-element_type=\"widget\" data-e-type=\"widget\" data-widget_type=\"button.default\">\n\t\t\t\t\t\t\t\t\t\t<a class=\"elementor-button elementor-button-link elementor-size-sm\" href=\"https:\/\/gotec-bonding-agent-systems.com\/wp-content\/uploads\/2026\/01\/6Evog2-Unknown.pdf\">\n\t\t\t\t\t\t<span class=\"elementor-button-content-wrapper\">\n\t\t\t\t\t\t\t\t\t<span class=\"elementor-button-text\">DESCARGAR PDF<\/span>\n\t\t\t\t\t<\/span>\n\t\t\t\t\t<\/a>\n\t\t\t\t\t\t\t\t<\/div>\n\t\t\t\t<\/div>\n\t\t\t\t\t<\/div>\n\t\t\t\t<\/div>\n\t\t\t\t<section class=\"elementor-section elementor-top-section elementor-element elementor-element-150c821 elementor-section-boxed elementor-section-height-default elementor-section-height-default wpr-particle-no wpr-jarallax-no wpr-parallax-no wpr-sticky-section-no wpr-equal-height-no\" data-id=\"150c821\" data-element_type=\"section\" data-e-type=\"section\">\n\t\t\t\t\t\t<div class=\"elementor-container elementor-column-gap-default\">\n\t\t\t\t\t<div class=\"elementor-column elementor-col-100 elementor-top-column elementor-element elementor-element-29aed3d\" data-id=\"29aed3d\" data-element_type=\"column\" data-e-type=\"column\">\n\t\t\t<div class=\"elementor-widget-wrap elementor-element-populated\">\n\t\t\t\t\t\t<div class=\"elementor-element elementor-element-0fdcab4 elementor-widget elementor-widget-heading\" data-id=\"0fdcab4\" data-element_type=\"widget\" data-e-type=\"widget\" data-widget_type=\"heading.default\">\n\t\t\t\t\t<h2 class=\"elementor-heading-title elementor-size-default\">Datos T\u00e9cnicos<\/h2>\t\t\t\t<\/div>\n\t\t\t\t<div class=\"elementor-element elementor-element-feec445 wpr-list-style-none elementor-widget elementor-widget-wpr-posts-timeline\" data-id=\"feec445\" data-element_type=\"widget\" data-e-type=\"widget\" data-settings=\"{&quot;animation_offset&quot;:150,&quot;aos_animation_duration&quot;:600}\" data-widget_type=\"wpr-posts-timeline.default\">\n\t\t\t\t\t\n\t\t<div class=\"wpr-wrapper wpr-vertical wpr-one-sided-wrapper\">\n\t\t\t<div class=\"wpr-timeline-centered wpr-line wpr-one-sided-timeline\"><div class=\"wpr-middle-line\"><\/div><div class=\"wpr-timeline-fill\" data-layout=\"one-sided\"><\/div><article class=\"wpr-timeline-entry wpr-right-aligned elementor-repeater-item-f94da51\" data-item-id=\"elementor-repeater-item-f94da51\"><div class=\"wpr-timeline-entry-inner\"><div class=\"wpr-main-line-icon wpr-icon\"><\/div><div class=\"wpr-story-info-vertical wpr-data-wrap \"  data-aos=\"fade\" data-aos-left=\"\" data-aos-right=\"\" data-animation-offset=\"150\" data-animation-duration=\"600\"><div class=\"wpr-timeline-content-wrapper\"><div class=\"wpr-content-wrapper\"><div class=\"wpr-description\"><table>\n<tbody>\n<tr>\n<td>\n<p>Color Negro \u2013 L\u00edquido verde<\/p>\n<\/td>\n<td>\n<p> <\/p>\n<\/td>\n<\/tr>\n<\/tbody>\n<\/table>\n<table style=\"height: 124px\" width=\"238\">\n<tbody>\n<tr>\n<td>\n<p>Viscosidad 4 mm DIN-Cup 70 \u2013 120 s<\/p>\n<\/td>\n<td>\n<p> <\/p>\n<\/td>\n<\/tr>\n<\/tbody>\n<\/table>\n<table>\n<tbody>\n<tr>\n<td>\n<p>Viscosidad, cps a 25 \u00b0C (77 \u00b0F)<\/p>\n<table>\n<tbody>\n<tr>\n<td>\n<p> 200 \u2013 600 mPas<\/p>\n<\/td>\n<\/tr>\n<\/tbody>\n<\/table>\n<p>Brookfield SNB1<br>Husillo 2, 30 rpm<\/p>\n<\/td>\n<td> <\/td>\n<\/tr>\n<\/tbody>\n<\/table><\/div><\/div><\/div><\/div>\n\t\t\t\t\t\t<\/div>\n\t\t\t\t<\/article><article class=\"wpr-timeline-entry wpr-right-aligned elementor-repeater-item-2a37755\" data-item-id=\"elementor-repeater-item-2a37755\"><div class=\"wpr-timeline-entry-inner\"><div class=\"wpr-main-line-icon wpr-icon\"><\/div><div class=\"wpr-story-info-vertical wpr-data-wrap \"  data-aos=\"fade\" data-aos-left=\"\" data-aos-right=\"\" data-animation-offset=\"150\" data-animation-duration=\"600\"><div class=\"wpr-timeline-content-wrapper\"><div class=\"wpr-content-wrapper\"><div class=\"wpr-description\"><table>\n<tbody>\n<tr>\n<td>\n<p>Densidad espec\u00edfica 0,93 \u2013 0,97 g\/cm\u00b3<\/p>\n<\/td>\n<td>\n<p> <\/p>\n<\/td>\n<\/tr>\n<\/tbody>\n<\/table>\n<table style=\"height: 172px\" width=\"201\">\n<tbody>\n<tr>\n<td>\n<p>Contenido de s\u00f3lidos 18 \u2013 22 % en peso<\/p>\n<\/td>\n<td> <\/td>\n<\/tr>\n<\/tbody>\n<\/table>\n<table>\n<tbody>\n<tr>\n<td>\n<p>Disolventes Xileno<\/p>\n<\/td>\n<td>\n<p> <\/p>\n<\/td>\n<\/tr>\n<\/tbody>\n<\/table>\n<p>*Los datos son t\u00edpicos y no deben utilizarse con fines de especificaci\u00f3n.<\/p><\/div><\/div><\/div><\/div>\n\t\t\t\t\t\t<\/div>\n\t\t\t\t<\/article><\/div>    \n\t\t\t<\/div>\t\t\t\t<\/div>\n\t\t\t\t<div class=\"elementor-element elementor-element-4d60a54 elementor-widget elementor-widget-text-editor\" data-id=\"4d60a54\" data-element_type=\"widget\" data-e-type=\"widget\" data-widget_type=\"text-editor.default\">\n\t\t\t\t\t\t\t\t\t<p data-start=\"313\" data-end=\"551\"><strong data-start=\"313\" data-end=\"337\">GOTEC Bonding Agents<\/strong> se compromete a ofrecer la m\u00e1xima calidad posible a sus clientes.<br data-start=\"411\" data-end=\"414\">Nuestro sistema de gesti\u00f3n de calidad establecido garantiza que todos los productos cumplan consistentemente los requisitos definidos de rendimiento y fiabilidad.<\/p>\n<p data-start=\"558\" data-end=\"725\">Nuestras <strong data-start=\"562\" data-end=\"593\">soluciones de uni\u00f3n de elast\u00f3meros<\/strong> a\u00f1aden un valor fiable a su negocio, permitiendo un funcionamiento estable y sin problemas en una amplia gama de industrias y aplicaciones.<\/p>\n<p data-start=\"732\" data-end=\"1067\">Dado que los <strong data-start=\"735\" data-end=\"763\">adhesivos KA&amp;MELOCK<\/strong> son diversos y vers\u00e1tiles, se pueden utilizar varios m\u00e9todos y equipos de aplicaci\u00f3n seg\u00fan los requisitos espec\u00edficos del proceso.<br data-start=\"888\" data-end=\"891\">Ning\u00fan m\u00e9todo de aplicaci\u00f3n es superior a otro; la elecci\u00f3n \u00f3ptima depende del <strong data-start=\"980\" data-end=\"1002\">tipo de adhesivo<\/strong>, el dise\u00f1o del producto y los requisitos del sustrato y la superficie.<\/p>\n<p data-start=\"1074\" data-end=\"1255\">Las recomendaciones detalladas para los m\u00e9todos de aplicaci\u00f3n adecuados se pueden encontrar en la <strong data-start=\"1163\" data-end=\"1196\">informaci\u00f3n del producto KA&amp;MELOCK<\/strong> correspondiente, lo que respalda un procesamiento eficiente y un rendimiento fiable.<\/p>\t\t\t\t\t\t\t\t<\/div>\n\t\t\t\t\t<\/div>\n\t\t<\/div>\n\t\t\t\t\t<\/div>\n\t\t<\/section>\n\t\t\t\t<\/div>\n\t\t\n    <div class=\"xs_social_share_widget xs_share_url after_content \t\tmain_content  wslu-style-1 wslu-share-box-shaped wslu-fill-colored wslu-none wslu-share-horizontal wslu-theme-font-no wslu-main_content\">\n\n\t\t\n        <ul>\n\t\t\t        <\/ul>\n    <\/div> \n","protected":false},"excerpt":{"rendered":"<p>KA&amp;MELOCK KM 14 KA&amp;MELOCK KM 14 es un adhesivo de gran versatilidad, adecuado tanto para procesos de vulcanizaci\u00f3n a baja temperatura a 90\u2013100 \u00b0C como para temperaturas de vulcanizaci\u00f3n est\u00e1ndar que oscilan entre 150\u2013170 \u00b0C.Cuando se utiliza en combinaci\u00f3n con la imprimaci\u00f3n KA&amp;MELOCK MP 05, el sistema ofrece un excelente rendimiento para aplicaciones como revestimientos de tanques, as\u00ed como para la producci\u00f3n de rodillos y cilindros de caucho. KA&amp;MELOCK KM 14 permite la uni\u00f3n fiable de sustratos textiles, incluyendo poli\u00e9ster y poliamida, a una amplia gama de compuestos de caucho, como caucho de bromo\/clorobutilo (BIIR\/CIIR), caucho de cloropreno (CR), polietileno clorosulfonado (CSM), caucho de etileno propileno (EPDM), caucho but\u00edlico (IIR), poliisopreno (IR), caucho de nitrilo (NBR), caucho natural (NR) y caucho de estireno-butadieno (SBR). Adem\u00e1s, KA&amp;MELOCK KM 14 es adecuado para la uni\u00f3n de caucho sin curar a caucho curado basado en CR, CSM, EPDM, IIR, NBR, NR y SBR, lo que permite resultados de uni\u00f3n estables y duraderos. El producto tambi\u00e9n es muy adecuado para la producci\u00f3n de juntas. DESCARGAR PDF Datos T\u00e9cnicos Color Negro \u2013 L\u00edquido verde Viscosidad 4 mm DIN-Cup 70 \u2013 120 s Viscosidad, cps a 25 \u00b0C (77 \u00b0F) 200 \u2013 600 mPas Brookfield SNB1Husillo 2, 30 rpm Densidad espec\u00edfica 0,93 \u2013 0,97 g\/cm\u00b3 Contenido de s\u00f3lidos 18 \u2013 22 % en peso Disolventes Xileno *Los datos son t\u00edpicos y no deben utilizarse con fines de especificaci\u00f3n. GOTEC Bonding Agents se compromete a ofrecer la m\u00e1xima calidad posible a sus clientes.Nuestro sistema de gesti\u00f3n de calidad establecido garantiza que todos los productos cumplan consistentemente los requisitos definidos de rendimiento y fiabilidad. Nuestras soluciones de uni\u00f3n de elast\u00f3meros a\u00f1aden un valor fiable a su negocio, permitiendo un funcionamiento estable y sin problemas en una amplia gama de industrias y aplicaciones. Dado que los adhesivos KA&amp;MELOCK son diversos y vers\u00e1tiles, se pueden utilizar varios m\u00e9todos y equipos de aplicaci\u00f3n seg\u00fan los requisitos espec\u00edficos del proceso.Ning\u00fan m\u00e9todo de aplicaci\u00f3n es superior a otro; la elecci\u00f3n \u00f3ptima depende del tipo de adhesivo, el dise\u00f1o del producto y los requisitos del sustrato y la superficie. Las recomendaciones detalladas para los m\u00e9todos de aplicaci\u00f3n adecuados se pueden encontrar en la informaci\u00f3n del producto KA&amp;MELOCK correspondiente, lo que respalda un procesamiento eficiente y un rendimiento fiable.<\/p>\n","protected":false},"author":1,"featured_media":0,"parent":0,"menu_order":0,"comment_status":"closed","ping_status":"closed","template":"","meta":{"postBodyCss":"","postBodyMargin":[],"postBodyPadding":[],"postBodyBackground":{"backgroundType":"classic","gradient":""},"inspiro_hide_title":false,"footnotes":""},"class_list":["post-8904","page","type-page","status-publish","hentry"],"yoast_head":"<!-- This site is optimized with the Yoast SEO plugin v27.4 - https:\/\/yoast.com\/product\/yoast-seo-wordpress\/ -->\n<title>KA&amp;MELOCK KM 14 \u2013 Adhesivo de Gran Versatilidad<\/title>\n<meta name=\"description\" content=\"KA&amp;MELOCK KM 14, adhesivo vers\u00e1til para vulcanizaci\u00f3n a baja temperatura y est\u00e1ndar. Ideal con MP 05 para rodillos y juntas.\" \/>\n<meta name=\"robots\" content=\"index, follow, max-snippet:-1, max-image-preview:large, max-video-preview:-1\" \/>\n<link rel=\"canonical\" href=\"https:\/\/gotec-bonding-agent-systems.com\/es\/kamelock-km-14\/\" \/>\n<meta property=\"og:locale\" content=\"es_ES\" \/>\n<meta property=\"og:type\" content=\"article\" \/>\n<meta property=\"og:title\" content=\"KA&amp;MELOCK KM 14 \u2013 Adhesivo de Gran Versatilidad\" \/>\n<meta property=\"og:description\" content=\"KA&amp;MELOCK KM 14, adhesivo vers\u00e1til para vulcanizaci\u00f3n a baja temperatura y est\u00e1ndar. Ideal con MP 05 para rodillos y juntas.\" \/>\n<meta property=\"og:url\" content=\"https:\/\/gotec-bonding-agent-systems.com\/es\/kamelock-km-14\/\" \/>\n<meta property=\"og:site_name\" content=\"GOTEC Bonding Systems\" \/>\n<meta property=\"article:modified_time\" content=\"2026-04-05T10:27:37+00:00\" \/>\n<meta property=\"og:image\" content=\"https:\/\/gotec-bonding-agent-systems.com\/wp-content\/uploads\/2026\/02\/KAMELOCK-KM-14-1024x683.png\" \/>\n<meta name=\"twitter:card\" content=\"summary_large_image\" \/>\n<meta name=\"twitter:label1\" content=\"Tiempo de lectura\" \/>\n\t<meta name=\"twitter:data1\" content=\"2 minutos\" \/>\n<script type=\"application\/ld+json\" class=\"yoast-schema-graph\">{\"@context\":\"https:\\\/\\\/schema.org\",\"@graph\":[{\"@type\":\"WebPage\",\"@id\":\"https:\\\/\\\/gotec-bonding-agent-systems.com\\\/es\\\/kamelock-km-14\\\/\",\"url\":\"https:\\\/\\\/gotec-bonding-agent-systems.com\\\/es\\\/kamelock-km-14\\\/\",\"name\":\"KA&MELOCK KM 14 \u2013 Adhesivo de Gran Versatilidad\",\"isPartOf\":{\"@id\":\"https:\\\/\\\/gotec-bonding-agent-systems.com\\\/#website\"},\"primaryImageOfPage\":{\"@id\":\"https:\\\/\\\/gotec-bonding-agent-systems.com\\\/es\\\/kamelock-km-14\\\/#primaryimage\"},\"image\":{\"@id\":\"https:\\\/\\\/gotec-bonding-agent-systems.com\\\/es\\\/kamelock-km-14\\\/#primaryimage\"},\"thumbnailUrl\":\"https:\\\/\\\/gotec-bonding-agent-systems.com\\\/wp-content\\\/uploads\\\/2026\\\/02\\\/KAMELOCK-KM-14-1024x683.png\",\"datePublished\":\"2026-01-22T21:12:39+00:00\",\"dateModified\":\"2026-04-05T10:27:37+00:00\",\"description\":\"KA&MELOCK KM 14, adhesivo vers\u00e1til para vulcanizaci\u00f3n a baja temperatura y est\u00e1ndar. Ideal con MP 05 para rodillos y juntas.\",\"breadcrumb\":{\"@id\":\"https:\\\/\\\/gotec-bonding-agent-systems.com\\\/es\\\/kamelock-km-14\\\/#breadcrumb\"},\"inLanguage\":\"es\",\"potentialAction\":[{\"@type\":\"ReadAction\",\"target\":[\"https:\\\/\\\/gotec-bonding-agent-systems.com\\\/es\\\/kamelock-km-14\\\/\"]}]},{\"@type\":\"ImageObject\",\"inLanguage\":\"es\",\"@id\":\"https:\\\/\\\/gotec-bonding-agent-systems.com\\\/es\\\/kamelock-km-14\\\/#primaryimage\",\"url\":\"https:\\\/\\\/gotec-bonding-agent-systems.com\\\/wp-content\\\/uploads\\\/2026\\\/02\\\/KAMELOCK-KM-14-1024x683.png\",\"contentUrl\":\"https:\\\/\\\/gotec-bonding-agent-systems.com\\\/wp-content\\\/uploads\\\/2026\\\/02\\\/KAMELOCK-KM-14-1024x683.png\"},{\"@type\":\"BreadcrumbList\",\"@id\":\"https:\\\/\\\/gotec-bonding-agent-systems.com\\\/es\\\/kamelock-km-14\\\/#breadcrumb\",\"itemListElement\":[{\"@type\":\"ListItem\",\"position\":1,\"name\":\"Start\",\"item\":\"https:\\\/\\\/gotec-bonding-agent-systems.com\\\/es\\\/\"},{\"@type\":\"ListItem\",\"position\":2,\"name\":\"KA&amp;MELOCK KM 14 \u2013 Adhesivo de Gran Versatilidad\"}]},{\"@type\":\"WebSite\",\"@id\":\"https:\\\/\\\/gotec-bonding-agent-systems.com\\\/#website\",\"url\":\"https:\\\/\\\/gotec-bonding-agent-systems.com\\\/\",\"name\":\"GOTEC Bonding Systems\",\"description\":\"\",\"publisher\":{\"@id\":\"https:\\\/\\\/gotec-bonding-agent-systems.com\\\/#organization\"},\"potentialAction\":[{\"@type\":\"SearchAction\",\"target\":{\"@type\":\"EntryPoint\",\"urlTemplate\":\"https:\\\/\\\/gotec-bonding-agent-systems.com\\\/?s={search_term_string}\"},\"query-input\":{\"@type\":\"PropertyValueSpecification\",\"valueRequired\":true,\"valueName\":\"search_term_string\"}}],\"inLanguage\":\"es\"},{\"@type\":\"Organization\",\"@id\":\"https:\\\/\\\/gotec-bonding-agent-systems.com\\\/#organization\",\"name\":\"GOTEC Bonding Systems\",\"url\":\"https:\\\/\\\/gotec-bonding-agent-systems.com\\\/\",\"logo\":{\"@type\":\"ImageObject\",\"inLanguage\":\"es\",\"@id\":\"https:\\\/\\\/gotec-bonding-agent-systems.com\\\/#\\\/schema\\\/logo\\\/image\\\/\",\"url\":\"https:\\\/\\\/gotec-bonding-agent-systems.com\\\/wp-content\\\/uploads\\\/2025\\\/11\\\/cropped-GOTEC_Bonding_Systems_Logo.png\",\"contentUrl\":\"https:\\\/\\\/gotec-bonding-agent-systems.com\\\/wp-content\\\/uploads\\\/2025\\\/11\\\/cropped-GOTEC_Bonding_Systems_Logo.png\",\"width\":2122,\"height\":1287,\"caption\":\"GOTEC Bonding Systems\"},\"image\":{\"@id\":\"https:\\\/\\\/gotec-bonding-agent-systems.com\\\/#\\\/schema\\\/logo\\\/image\\\/\"}}]}<\/script>\n<!-- \/ Yoast SEO plugin. -->","yoast_head_json":{"title":"KA&MELOCK KM 14 \u2013 Adhesivo de Gran Versatilidad","description":"KA&MELOCK KM 14, adhesivo vers\u00e1til para vulcanizaci\u00f3n a baja temperatura y est\u00e1ndar. Ideal con MP 05 para rodillos y juntas.","robots":{"index":"index","follow":"follow","max-snippet":"max-snippet:-1","max-image-preview":"max-image-preview:large","max-video-preview":"max-video-preview:-1"},"canonical":"https:\/\/gotec-bonding-agent-systems.com\/es\/kamelock-km-14\/","og_locale":"es_ES","og_type":"article","og_title":"KA&MELOCK KM 14 \u2013 Adhesivo de Gran Versatilidad","og_description":"KA&MELOCK KM 14, adhesivo vers\u00e1til para vulcanizaci\u00f3n a baja temperatura y est\u00e1ndar. Ideal con MP 05 para rodillos y juntas.","og_url":"https:\/\/gotec-bonding-agent-systems.com\/es\/kamelock-km-14\/","og_site_name":"GOTEC Bonding Systems","article_modified_time":"2026-04-05T10:27:37+00:00","og_image":[{"url":"https:\/\/gotec-bonding-agent-systems.com\/wp-content\/uploads\/2026\/02\/KAMELOCK-KM-14-1024x683.png","type":"","width":"","height":""}],"twitter_card":"summary_large_image","twitter_misc":{"Tiempo de lectura":"2 minutos"},"schema":{"@context":"https:\/\/schema.org","@graph":[{"@type":"WebPage","@id":"https:\/\/gotec-bonding-agent-systems.com\/es\/kamelock-km-14\/","url":"https:\/\/gotec-bonding-agent-systems.com\/es\/kamelock-km-14\/","name":"KA&MELOCK KM 14 \u2013 Adhesivo de Gran Versatilidad","isPartOf":{"@id":"https:\/\/gotec-bonding-agent-systems.com\/#website"},"primaryImageOfPage":{"@id":"https:\/\/gotec-bonding-agent-systems.com\/es\/kamelock-km-14\/#primaryimage"},"image":{"@id":"https:\/\/gotec-bonding-agent-systems.com\/es\/kamelock-km-14\/#primaryimage"},"thumbnailUrl":"https:\/\/gotec-bonding-agent-systems.com\/wp-content\/uploads\/2026\/02\/KAMELOCK-KM-14-1024x683.png","datePublished":"2026-01-22T21:12:39+00:00","dateModified":"2026-04-05T10:27:37+00:00","description":"KA&MELOCK KM 14, adhesivo vers\u00e1til para vulcanizaci\u00f3n a baja temperatura y est\u00e1ndar. Ideal con MP 05 para rodillos y juntas.","breadcrumb":{"@id":"https:\/\/gotec-bonding-agent-systems.com\/es\/kamelock-km-14\/#breadcrumb"},"inLanguage":"es","potentialAction":[{"@type":"ReadAction","target":["https:\/\/gotec-bonding-agent-systems.com\/es\/kamelock-km-14\/"]}]},{"@type":"ImageObject","inLanguage":"es","@id":"https:\/\/gotec-bonding-agent-systems.com\/es\/kamelock-km-14\/#primaryimage","url":"https:\/\/gotec-bonding-agent-systems.com\/wp-content\/uploads\/2026\/02\/KAMELOCK-KM-14-1024x683.png","contentUrl":"https:\/\/gotec-bonding-agent-systems.com\/wp-content\/uploads\/2026\/02\/KAMELOCK-KM-14-1024x683.png"},{"@type":"BreadcrumbList","@id":"https:\/\/gotec-bonding-agent-systems.com\/es\/kamelock-km-14\/#breadcrumb","itemListElement":[{"@type":"ListItem","position":1,"name":"Start","item":"https:\/\/gotec-bonding-agent-systems.com\/es\/"},{"@type":"ListItem","position":2,"name":"KA&amp;MELOCK KM 14 \u2013 Adhesivo de Gran Versatilidad"}]},{"@type":"WebSite","@id":"https:\/\/gotec-bonding-agent-systems.com\/#website","url":"https:\/\/gotec-bonding-agent-systems.com\/","name":"GOTEC Bonding Systems","description":"","publisher":{"@id":"https:\/\/gotec-bonding-agent-systems.com\/#organization"},"potentialAction":[{"@type":"SearchAction","target":{"@type":"EntryPoint","urlTemplate":"https:\/\/gotec-bonding-agent-systems.com\/?s={search_term_string}"},"query-input":{"@type":"PropertyValueSpecification","valueRequired":true,"valueName":"search_term_string"}}],"inLanguage":"es"},{"@type":"Organization","@id":"https:\/\/gotec-bonding-agent-systems.com\/#organization","name":"GOTEC Bonding Systems","url":"https:\/\/gotec-bonding-agent-systems.com\/","logo":{"@type":"ImageObject","inLanguage":"es","@id":"https:\/\/gotec-bonding-agent-systems.com\/#\/schema\/logo\/image\/","url":"https:\/\/gotec-bonding-agent-systems.com\/wp-content\/uploads\/2025\/11\/cropped-GOTEC_Bonding_Systems_Logo.png","contentUrl":"https:\/\/gotec-bonding-agent-systems.com\/wp-content\/uploads\/2025\/11\/cropped-GOTEC_Bonding_Systems_Logo.png","width":2122,"height":1287,"caption":"GOTEC Bonding Systems"},"image":{"@id":"https:\/\/gotec-bonding-agent-systems.com\/#\/schema\/logo\/image\/"}}]}},"featured_media_urls":[],"_links":{"self":[{"href":"https:\/\/gotec-bonding-agent-systems.com\/es\/wp-json\/wp\/v2\/pages\/8904","targetHints":{"allow":["GET"]}}],"collection":[{"href":"https:\/\/gotec-bonding-agent-systems.com\/es\/wp-json\/wp\/v2\/pages"}],"about":[{"href":"https:\/\/gotec-bonding-agent-systems.com\/es\/wp-json\/wp\/v2\/types\/page"}],"author":[{"embeddable":true,"href":"https:\/\/gotec-bonding-agent-systems.com\/es\/wp-json\/wp\/v2\/users\/1"}],"replies":[{"embeddable":true,"href":"https:\/\/gotec-bonding-agent-systems.com\/es\/wp-json\/wp\/v2\/comments?post=8904"}],"version-history":[{"count":6,"href":"https:\/\/gotec-bonding-agent-systems.com\/es\/wp-json\/wp\/v2\/pages\/8904\/revisions"}],"predecessor-version":[{"id":9346,"href":"https:\/\/gotec-bonding-agent-systems.com\/es\/wp-json\/wp\/v2\/pages\/8904\/revisions\/9346"}],"wp:attachment":[{"href":"https:\/\/gotec-bonding-agent-systems.com\/es\/wp-json\/wp\/v2\/media?parent=8904"}],"curies":[{"name":"wp","href":"https:\/\/api.w.org\/{rel}","templated":true}]}}