{"id":8918,"date":"2026-02-11T19:44:54","date_gmt":"2026-02-11T19:44:54","guid":{"rendered":"https:\/\/gotec-bonding-agent-systems.com\/kamelock-mp-07\/"},"modified":"2026-04-03T11:25:18","modified_gmt":"2026-04-03T11:25:18","slug":"kamelock-mp-07","status":"publish","type":"page","link":"https:\/\/gotec-bonding-agent-systems.com\/es\/kamelock-mp-07\/","title":{"rendered":"KA&amp;MELOCK MP 07 &#8211; Imprimaci\u00f3n de alto rendimiento con resistencia mejorada al glicol"},"content":{"rendered":"\t\t<div data-elementor-type=\"wp-page\" data-elementor-id=\"8918\" class=\"elementor elementor-8918 elementor-8507\">\n\t\t\t\t<div class=\"elementor-element elementor-element-f0702cf e-flex e-con-boxed wpr-particle-no wpr-jarallax-no wpr-parallax-no wpr-sticky-section-no wpr-equal-height-no e-con e-parent\" data-id=\"f0702cf\" data-element_type=\"container\" data-e-type=\"container\" data-settings=\"{&quot;background_background&quot;:&quot;classic&quot;}\">\n\t\t\t\t\t<div class=\"e-con-inner\">\n\t\t<div class=\"elementor-element elementor-element-fadf62c e-con-full e-flex wpr-particle-no wpr-jarallax-no wpr-parallax-no wpr-sticky-section-no wpr-equal-height-no e-con e-child\" data-id=\"fadf62c\" data-element_type=\"container\" data-e-type=\"container\">\n\t\t\t\t<div class=\"elementor-element elementor-element-e1dc426 elementor-widget elementor-widget-elementskit-heading\" data-id=\"e1dc426\" data-element_type=\"widget\" data-e-type=\"widget\" data-widget_type=\"elementskit-heading.default\">\n\t\t\t\t\t<div class=\"ekit-wid-con\" ><div class=\"ekit-heading elementskit-section-title-wraper text_left   ekit_heading_tablet-   ekit_heading_mobile-\"><h2 class=\"ekit-heading--title elementskit-section-title \">KA&amp;MELOCK MP 07 <\/h2>\t\t\t\t<div class='ekit-heading__description'>\n\t\t\t\t\t<p><strong>KA&amp;MELOCK MP 07<\/strong> es una imprimaci\u00f3n universal dise\u00f1ada para su uso con los agentes de uni\u00f3n <strong>KA&amp;MELOCK<\/strong>. Garantiza una uni\u00f3n elast\u00f3mero-metal fiable, a la vez que proporciona una protecci\u00f3n excepcional contra el agua, la corrosi\u00f3n y las influencias hidrol\u00edticas. <\/p>\n<p>La imprimaci\u00f3n ofrece una excelente estabilidad din\u00e1mica y t\u00e9rmica, as\u00ed como resistencia a aceites y grasas t\u00e9cnicos. Es especialmente adecuada para aplicaciones que requieren una resistencia mejorada al glicol. <\/p>\n\t\t\t\t<\/div>\n\t\t\t<\/div><\/div>\t\t\t\t<\/div>\n\t\t\t\t<\/div>\n\t\t<div class=\"elementor-element elementor-element-04b220d e-con-full e-flex wpr-particle-no wpr-jarallax-no wpr-parallax-no wpr-sticky-section-no wpr-equal-height-no e-con e-child\" data-id=\"04b220d\" data-element_type=\"container\" data-e-type=\"container\">\n\t\t\t\t<div class=\"elementor-element elementor-element-d1721f1 elementor-widget elementor-widget-image\" data-id=\"d1721f1\" data-element_type=\"widget\" data-e-type=\"widget\" data-widget_type=\"image.default\">\n\t\t\t\t\t\t\t\t\t\t\t\t\t\t\t<img fetchpriority=\"high\" decoding=\"async\" width=\"950\" height=\"634\" src=\"https:\/\/gotec-bonding-agent-systems.com\/wp-content\/uploads\/2026\/02\/KAMELOCK-MP-07-1024x683.png\" class=\"attachment-large size-large wp-image-8920\" alt=\"KA&amp;MELOCK MP 07\" srcset=\"https:\/\/gotec-bonding-agent-systems.com\/wp-content\/uploads\/2026\/02\/KAMELOCK-MP-07-1024x683.png 1024w, https:\/\/gotec-bonding-agent-systems.com\/wp-content\/uploads\/2026\/02\/KAMELOCK-MP-07-300x200.png 300w, https:\/\/gotec-bonding-agent-systems.com\/wp-content\/uploads\/2026\/02\/KAMELOCK-MP-07-600x400.png 600w, https:\/\/gotec-bonding-agent-systems.com\/wp-content\/uploads\/2026\/02\/KAMELOCK-MP-07-1200x800.png 1200w, https:\/\/gotec-bonding-agent-systems.com\/wp-content\/uploads\/2026\/02\/KAMELOCK-MP-07.png 1536w\" sizes=\"100vw\" \/>\t\t\t\t\t\t\t\t\t\t\t\t\t\t\t<\/div>\n\t\t\t\t<div class=\"elementor-element elementor-element-53bd37f elementor-widget elementor-widget-spacer\" data-id=\"53bd37f\" data-element_type=\"widget\" data-e-type=\"widget\" data-widget_type=\"spacer.default\">\n\t\t\t\t\t\t\t<div class=\"elementor-spacer\">\n\t\t\t<div class=\"elementor-spacer-inner\"><\/div>\n\t\t<\/div>\n\t\t\t\t\t\t<\/div>\n\t\t\t\t<div class=\"elementor-element elementor-element-aadd4cb elementor-widget elementor-widget-button\" data-id=\"aadd4cb\" data-element_type=\"widget\" data-e-type=\"widget\" data-widget_type=\"button.default\">\n\t\t\t\t\t\t\t\t\t\t<a class=\"elementor-button elementor-button-link elementor-size-sm\" href=\"https:\/\/gotec-bonding-agent-systems.com\/wp-content\/uploads\/2026\/02\/KAMELOCK-MP-07-TDS-EN-1.pdf\">\n\t\t\t\t\t\t<span class=\"elementor-button-content-wrapper\">\n\t\t\t\t\t\t\t\t\t<span class=\"elementor-button-text\">DESCARGAR PDF<\/span>\n\t\t\t\t\t<\/span>\n\t\t\t\t\t<\/a>\n\t\t\t\t\t\t\t\t<\/div>\n\t\t\t\t<\/div>\n\t\t\t\t\t<\/div>\n\t\t\t\t<\/div>\n\t\t\t\t<section class=\"elementor-section elementor-top-section elementor-element elementor-element-186f4c4 elementor-section-boxed elementor-section-height-default elementor-section-height-default wpr-particle-no wpr-jarallax-no wpr-parallax-no wpr-sticky-section-no wpr-equal-height-no\" data-id=\"186f4c4\" data-element_type=\"section\" data-e-type=\"section\">\n\t\t\t\t\t\t<div class=\"elementor-container elementor-column-gap-default\">\n\t\t\t\t\t<div class=\"elementor-column elementor-col-100 elementor-top-column elementor-element elementor-element-a9e8138\" data-id=\"a9e8138\" data-element_type=\"column\" data-e-type=\"column\">\n\t\t\t<div class=\"elementor-widget-wrap elementor-element-populated\">\n\t\t\t\t\t\t<div class=\"elementor-element elementor-element-08c6054 elementor-widget elementor-widget-heading\" data-id=\"08c6054\" data-element_type=\"widget\" data-e-type=\"widget\" data-widget_type=\"heading.default\">\n\t\t\t\t\t<h2 class=\"elementor-heading-title elementor-size-default\">Datos t\u00e9cnicos<\/h2>\t\t\t\t<\/div>\n\t\t\t\t<div class=\"elementor-element elementor-element-9c1529e wpr-list-style-none elementor-widget elementor-widget-wpr-posts-timeline\" data-id=\"9c1529e\" data-element_type=\"widget\" data-e-type=\"widget\" data-settings=\"{&quot;animation_offset&quot;:150,&quot;aos_animation_duration&quot;:600}\" data-widget_type=\"wpr-posts-timeline.default\">\n\t\t\t\t\t\n\t\t<div class=\"wpr-wrapper wpr-vertical wpr-one-sided-wrapper\">\n\t\t\t<div class=\"wpr-timeline-centered wpr-line wpr-one-sided-timeline\"><div class=\"wpr-middle-line\"><\/div><div class=\"wpr-timeline-fill\" data-layout=\"one-sided\"><\/div><article class=\"wpr-timeline-entry wpr-right-aligned elementor-repeater-item-f94da51\" data-item-id=\"elementor-repeater-item-f94da51\"><div class=\"wpr-timeline-entry-inner\"><div class=\"wpr-main-line-icon wpr-icon\"><\/div><div class=\"wpr-story-info-vertical wpr-data-wrap \"  data-aos=\"fade\" data-aos-left=\"\" data-aos-right=\"\" data-animation-offset=\"150\" data-animation-duration=\"600\"><div class=\"wpr-timeline-content-wrapper\"><div class=\"wpr-content-wrapper\"><div class=\"wpr-description\"><table><tbody><tr><td><p>Color gris<\/p><\/td><td> <\/td><\/tr><\/tbody><\/table><table style=\"height: 124px\" width=\"238\"><tbody><tr><td><p>Viscosidad 4 mm DIN-Cup 15 \u2013 22 s<\/p><\/td><td> <\/td><\/tr><\/tbody><\/table><table><tbody><tr><td><p>Viscosidad, cps a 25 \u00b0C (77 \u00b0F)<\/p><table><tbody><tr><td><p> 90 \u2013 170 mPas<\/p><\/td><\/tr><\/tbody><\/table><p>Brookfield SNB1<br>Husillo 2, 30 rpm<\/p><\/td><td> <\/td><\/tr><\/tbody><\/table><\/div><\/div><\/div><\/div>\n\t\t\t\t\t\t<\/div>\n\t\t\t\t<\/article><article class=\"wpr-timeline-entry wpr-right-aligned elementor-repeater-item-2a37755\" data-item-id=\"elementor-repeater-item-2a37755\"><div class=\"wpr-timeline-entry-inner\"><div class=\"wpr-main-line-icon wpr-icon\"><\/div><div class=\"wpr-story-info-vertical wpr-data-wrap \"  data-aos=\"fade\" data-aos-left=\"\" data-aos-right=\"\" data-animation-offset=\"150\" data-animation-duration=\"600\"><div class=\"wpr-timeline-content-wrapper\"><div class=\"wpr-content-wrapper\"><div class=\"wpr-description\"><table><tbody><tr><td><p>Densidad 0,92 \u2013 0,96 g\/cm\u00b3<\/p><\/td><td> <\/td><\/tr><\/tbody><\/table><table style=\"height: 172px\" width=\"201\"><tbody><tr><td><p>Contenido de s\u00f3lidos 22 \u2013 26 % en peso<\/p><\/td><td> <\/td><\/tr><\/tbody><\/table><table><tbody><tr><td><p>Disolventes Metil etil cetona (MEK), Xileno<\/p><\/td><td> <\/td><\/tr><\/tbody><\/table><p>*Los datos son t\u00edpicos y no deben utilizarse para fines de especificaci\u00f3n.<\/p><\/div><\/div><\/div><\/div>\n\t\t\t\t\t\t<\/div>\n\t\t\t\t<\/article><\/div>    \n\t\t\t<\/div>\t\t\t\t<\/div>\n\t\t\t\t<div class=\"elementor-element elementor-element-f23d66b elementor-widget elementor-widget-text-editor\" data-id=\"f23d66b\" data-element_type=\"widget\" data-e-type=\"widget\" data-widget_type=\"text-editor.default\">\n\t\t\t\t\t\t\t\t\t<p data-start=\"1163\" data-end=\"1464\"><strong>KA&amp;MELOCK MP 07<\/strong> ha sido desarrollado espec\u00edficamente como una imprimaci\u00f3n de alto rendimiento para aplicaciones exigentes de uni\u00f3n elast\u00f3mero-metal. Mejora la adhesi\u00f3n incluso en sustratos dif\u00edciles de unir y permite una uni\u00f3n fiable en una sola capa, especialmente para caucho de nitrilo (NBR), ampliamente utilizado en la producci\u00f3n de juntas. <\/p><p data-start=\"1466\" data-end=\"1499\">Las caracter\u00edsticas clave de rendimiento incluyen:<\/p><p data-start=\"1466\" data-end=\"1499\">\u2022 Excelente protecci\u00f3n contra la corrosi\u00f3n<\/p><p data-start=\"1466\" data-end=\"1499\">\u2022 Resistencia al agua y a los efectos hidrol\u00edticos<\/p><p data-start=\"1585\" data-end=\"1625\">\u2022 Alta estabilidad din\u00e1mica y t\u00e9rmica<\/p><p data-start=\"1628\" data-end=\"1670\">\u2022 Resistencia a grasas y aceites t\u00e9cnicos<\/p><p data-start=\"1673\" data-end=\"1728\">\u2022 Idoneidad especial para aplicaciones resistentes al glicol<\/p><p data-start=\"1730\" data-end=\"1891\">Una vez seco, <strong>KA&amp;MELOCK MP 07<\/strong> forma una pel\u00edcula gris uniforme sobre la superficie met\u00e1lica, lo que permite almacenar las piezas debidamente imprimadas durante varias semanas en un entorno limpio.<\/p>\t\t\t\t\t\t\t\t<\/div>\n\t\t\t\t\t<\/div>\n\t\t<\/div>\n\t\t\t\t\t<\/div>\n\t\t<\/section>\n\t\t\t\t<\/div>\n\t\t\n    <div class=\"xs_social_share_widget xs_share_url after_content \t\tmain_content  wslu-style-1 wslu-share-box-shaped wslu-fill-colored wslu-none wslu-share-horizontal wslu-theme-font-no wslu-main_content\">\n\n\t\t\n        <ul>\n\t\t\t        <\/ul>\n    <\/div> \n","protected":false},"excerpt":{"rendered":"<p>KA&amp;MELOCK MP 07 KA&amp;MELOCK MP 07 es una imprimaci\u00f3n universal dise\u00f1ada para su uso con los agentes de uni\u00f3n KA&amp;MELOCK. Garantiza una uni\u00f3n elast\u00f3mero-metal fiable, a la vez que proporciona una protecci\u00f3n excepcional contra el agua, la corrosi\u00f3n y las influencias hidrol\u00edticas. La imprimaci\u00f3n ofrece una excelente estabilidad din\u00e1mica y t\u00e9rmica, as\u00ed como resistencia a aceites y grasas t\u00e9cnicos. Es especialmente adecuada para aplicaciones que requieren una resistencia mejorada al glicol. DESCARGAR PDF Datos t\u00e9cnicos Color gris Viscosidad 4 mm DIN-Cup 15 \u2013 22 s Viscosidad, cps a 25 \u00b0C (77 \u00b0F) 90 \u2013 170 mPas Brookfield SNB1Husillo 2, 30 rpm Densidad 0,92 \u2013 0,96 g\/cm\u00b3 Contenido de s\u00f3lidos 22 \u2013 26 % en peso Disolventes Metil etil cetona (MEK), Xileno *Los datos son t\u00edpicos y no deben utilizarse para fines de especificaci\u00f3n. KA&amp;MELOCK MP 07 ha sido desarrollado espec\u00edficamente como una imprimaci\u00f3n de alto rendimiento para aplicaciones exigentes de uni\u00f3n elast\u00f3mero-metal. Mejora la adhesi\u00f3n incluso en sustratos dif\u00edciles de unir y permite una uni\u00f3n fiable en una sola capa, especialmente para caucho de nitrilo (NBR), ampliamente utilizado en la producci\u00f3n de juntas. Las caracter\u00edsticas clave de rendimiento incluyen: \u2022 Excelente protecci\u00f3n contra la corrosi\u00f3n \u2022 Resistencia al agua y a los efectos hidrol\u00edticos \u2022 Alta estabilidad din\u00e1mica y t\u00e9rmica \u2022 Resistencia a grasas y aceites t\u00e9cnicos \u2022 Idoneidad especial para aplicaciones resistentes al glicol Una vez seco, KA&amp;MELOCK MP 07 forma una pel\u00edcula gris uniforme sobre la superficie met\u00e1lica, lo que permite almacenar las piezas debidamente imprimadas durante varias semanas en un entorno limpio.<\/p>\n","protected":false},"author":1,"featured_media":0,"parent":0,"menu_order":0,"comment_status":"closed","ping_status":"closed","template":"","meta":{"postBodyCss":"","postBodyMargin":[],"postBodyPadding":[],"postBodyBackground":{"backgroundType":"classic","gradient":""},"inspiro_hide_title":false,"footnotes":""},"class_list":["post-8918","page","type-page","status-publish","hentry"],"yoast_head":"<!-- This site is optimized with the Yoast SEO plugin v27.4 - https:\/\/yoast.com\/product\/yoast-seo-wordpress\/ -->\n<title>KA&amp;MELOCK MP 07 | Imprimaci\u00f3n resistente al glicol<\/title>\n<meta name=\"description\" content=\"Imprimaci\u00f3n KA&amp;MELOCK MP 07 para la uni\u00f3n elast\u00f3mero-metal con fuerte protecci\u00f3n contra la corrosi\u00f3n y resistencia a aceites\/grasas.\" \/>\n<meta name=\"robots\" content=\"index, follow, max-snippet:-1, max-image-preview:large, max-video-preview:-1\" \/>\n<link rel=\"canonical\" href=\"https:\/\/gotec-bonding-agent-systems.com\/es\/kamelock-mp-07\/\" \/>\n<meta property=\"og:locale\" content=\"es_ES\" \/>\n<meta property=\"og:type\" content=\"article\" \/>\n<meta property=\"og:title\" content=\"KA&amp;MELOCK MP 07 | Imprimaci\u00f3n resistente al glicol\" \/>\n<meta property=\"og:description\" content=\"Imprimaci\u00f3n KA&amp;MELOCK MP 07 para la uni\u00f3n elast\u00f3mero-metal con fuerte protecci\u00f3n contra la corrosi\u00f3n y resistencia a aceites\/grasas.\" \/>\n<meta property=\"og:url\" content=\"https:\/\/gotec-bonding-agent-systems.com\/es\/kamelock-mp-07\/\" \/>\n<meta property=\"og:site_name\" content=\"GOTEC Bonding Systems\" \/>\n<meta property=\"article:modified_time\" content=\"2026-04-03T11:25:18+00:00\" \/>\n<meta property=\"og:image\" content=\"https:\/\/gotec-bonding-agent-systems.com\/wp-content\/uploads\/2026\/02\/KAMELOCK-MP-07-1024x683.png\" \/>\n<meta name=\"twitter:card\" content=\"summary_large_image\" \/>\n<meta name=\"twitter:label1\" content=\"Tiempo de lectura\" \/>\n\t<meta name=\"twitter:data1\" content=\"2 minutos\" \/>\n<script type=\"application\/ld+json\" class=\"yoast-schema-graph\">{\"@context\":\"https:\\\/\\\/schema.org\",\"@graph\":[{\"@type\":\"WebPage\",\"@id\":\"https:\\\/\\\/gotec-bonding-agent-systems.com\\\/es\\\/kamelock-mp-07\\\/\",\"url\":\"https:\\\/\\\/gotec-bonding-agent-systems.com\\\/es\\\/kamelock-mp-07\\\/\",\"name\":\"KA&MELOCK MP 07 | Imprimaci\u00f3n resistente al glicol\",\"isPartOf\":{\"@id\":\"https:\\\/\\\/gotec-bonding-agent-systems.com\\\/#website\"},\"primaryImageOfPage\":{\"@id\":\"https:\\\/\\\/gotec-bonding-agent-systems.com\\\/es\\\/kamelock-mp-07\\\/#primaryimage\"},\"image\":{\"@id\":\"https:\\\/\\\/gotec-bonding-agent-systems.com\\\/es\\\/kamelock-mp-07\\\/#primaryimage\"},\"thumbnailUrl\":\"https:\\\/\\\/gotec-bonding-agent-systems.com\\\/wp-content\\\/uploads\\\/2026\\\/02\\\/KAMELOCK-MP-07-1024x683.png\",\"datePublished\":\"2026-02-11T19:44:54+00:00\",\"dateModified\":\"2026-04-03T11:25:18+00:00\",\"description\":\"Imprimaci\u00f3n KA&MELOCK MP 07 para la uni\u00f3n elast\u00f3mero-metal con fuerte protecci\u00f3n contra la corrosi\u00f3n y resistencia a aceites\\\/grasas.\",\"breadcrumb\":{\"@id\":\"https:\\\/\\\/gotec-bonding-agent-systems.com\\\/es\\\/kamelock-mp-07\\\/#breadcrumb\"},\"inLanguage\":\"es\",\"potentialAction\":[{\"@type\":\"ReadAction\",\"target\":[\"https:\\\/\\\/gotec-bonding-agent-systems.com\\\/es\\\/kamelock-mp-07\\\/\"]}]},{\"@type\":\"ImageObject\",\"inLanguage\":\"es\",\"@id\":\"https:\\\/\\\/gotec-bonding-agent-systems.com\\\/es\\\/kamelock-mp-07\\\/#primaryimage\",\"url\":\"https:\\\/\\\/gotec-bonding-agent-systems.com\\\/wp-content\\\/uploads\\\/2026\\\/02\\\/KAMELOCK-MP-07-1024x683.png\",\"contentUrl\":\"https:\\\/\\\/gotec-bonding-agent-systems.com\\\/wp-content\\\/uploads\\\/2026\\\/02\\\/KAMELOCK-MP-07-1024x683.png\"},{\"@type\":\"BreadcrumbList\",\"@id\":\"https:\\\/\\\/gotec-bonding-agent-systems.com\\\/es\\\/kamelock-mp-07\\\/#breadcrumb\",\"itemListElement\":[{\"@type\":\"ListItem\",\"position\":1,\"name\":\"Start\",\"item\":\"https:\\\/\\\/gotec-bonding-agent-systems.com\\\/es\\\/\"},{\"@type\":\"ListItem\",\"position\":2,\"name\":\"KA&amp;MELOCK MP 07 &#8211; Imprimaci\u00f3n de alto rendimiento con resistencia mejorada al glicol\"}]},{\"@type\":\"WebSite\",\"@id\":\"https:\\\/\\\/gotec-bonding-agent-systems.com\\\/#website\",\"url\":\"https:\\\/\\\/gotec-bonding-agent-systems.com\\\/\",\"name\":\"GOTEC Bonding Systems\",\"description\":\"\",\"publisher\":{\"@id\":\"https:\\\/\\\/gotec-bonding-agent-systems.com\\\/#organization\"},\"potentialAction\":[{\"@type\":\"SearchAction\",\"target\":{\"@type\":\"EntryPoint\",\"urlTemplate\":\"https:\\\/\\\/gotec-bonding-agent-systems.com\\\/?s={search_term_string}\"},\"query-input\":{\"@type\":\"PropertyValueSpecification\",\"valueRequired\":true,\"valueName\":\"search_term_string\"}}],\"inLanguage\":\"es\"},{\"@type\":\"Organization\",\"@id\":\"https:\\\/\\\/gotec-bonding-agent-systems.com\\\/#organization\",\"name\":\"GOTEC Bonding Systems\",\"url\":\"https:\\\/\\\/gotec-bonding-agent-systems.com\\\/\",\"logo\":{\"@type\":\"ImageObject\",\"inLanguage\":\"es\",\"@id\":\"https:\\\/\\\/gotec-bonding-agent-systems.com\\\/#\\\/schema\\\/logo\\\/image\\\/\",\"url\":\"https:\\\/\\\/gotec-bonding-agent-systems.com\\\/wp-content\\\/uploads\\\/2025\\\/11\\\/cropped-GOTEC_Bonding_Systems_Logo.png\",\"contentUrl\":\"https:\\\/\\\/gotec-bonding-agent-systems.com\\\/wp-content\\\/uploads\\\/2025\\\/11\\\/cropped-GOTEC_Bonding_Systems_Logo.png\",\"width\":2122,\"height\":1287,\"caption\":\"GOTEC Bonding Systems\"},\"image\":{\"@id\":\"https:\\\/\\\/gotec-bonding-agent-systems.com\\\/#\\\/schema\\\/logo\\\/image\\\/\"}}]}<\/script>\n<!-- \/ Yoast SEO plugin. -->","yoast_head_json":{"title":"KA&MELOCK MP 07 | Imprimaci\u00f3n resistente al glicol","description":"Imprimaci\u00f3n KA&MELOCK MP 07 para la uni\u00f3n elast\u00f3mero-metal con fuerte protecci\u00f3n contra la corrosi\u00f3n y resistencia a aceites\/grasas.","robots":{"index":"index","follow":"follow","max-snippet":"max-snippet:-1","max-image-preview":"max-image-preview:large","max-video-preview":"max-video-preview:-1"},"canonical":"https:\/\/gotec-bonding-agent-systems.com\/es\/kamelock-mp-07\/","og_locale":"es_ES","og_type":"article","og_title":"KA&MELOCK MP 07 | Imprimaci\u00f3n resistente al glicol","og_description":"Imprimaci\u00f3n KA&MELOCK MP 07 para la uni\u00f3n elast\u00f3mero-metal con fuerte protecci\u00f3n contra la corrosi\u00f3n y resistencia a aceites\/grasas.","og_url":"https:\/\/gotec-bonding-agent-systems.com\/es\/kamelock-mp-07\/","og_site_name":"GOTEC Bonding Systems","article_modified_time":"2026-04-03T11:25:18+00:00","og_image":[{"url":"https:\/\/gotec-bonding-agent-systems.com\/wp-content\/uploads\/2026\/02\/KAMELOCK-MP-07-1024x683.png","type":"","width":"","height":""}],"twitter_card":"summary_large_image","twitter_misc":{"Tiempo de lectura":"2 minutos"},"schema":{"@context":"https:\/\/schema.org","@graph":[{"@type":"WebPage","@id":"https:\/\/gotec-bonding-agent-systems.com\/es\/kamelock-mp-07\/","url":"https:\/\/gotec-bonding-agent-systems.com\/es\/kamelock-mp-07\/","name":"KA&MELOCK MP 07 | Imprimaci\u00f3n resistente al glicol","isPartOf":{"@id":"https:\/\/gotec-bonding-agent-systems.com\/#website"},"primaryImageOfPage":{"@id":"https:\/\/gotec-bonding-agent-systems.com\/es\/kamelock-mp-07\/#primaryimage"},"image":{"@id":"https:\/\/gotec-bonding-agent-systems.com\/es\/kamelock-mp-07\/#primaryimage"},"thumbnailUrl":"https:\/\/gotec-bonding-agent-systems.com\/wp-content\/uploads\/2026\/02\/KAMELOCK-MP-07-1024x683.png","datePublished":"2026-02-11T19:44:54+00:00","dateModified":"2026-04-03T11:25:18+00:00","description":"Imprimaci\u00f3n KA&MELOCK MP 07 para la uni\u00f3n elast\u00f3mero-metal con fuerte protecci\u00f3n contra la corrosi\u00f3n y resistencia a aceites\/grasas.","breadcrumb":{"@id":"https:\/\/gotec-bonding-agent-systems.com\/es\/kamelock-mp-07\/#breadcrumb"},"inLanguage":"es","potentialAction":[{"@type":"ReadAction","target":["https:\/\/gotec-bonding-agent-systems.com\/es\/kamelock-mp-07\/"]}]},{"@type":"ImageObject","inLanguage":"es","@id":"https:\/\/gotec-bonding-agent-systems.com\/es\/kamelock-mp-07\/#primaryimage","url":"https:\/\/gotec-bonding-agent-systems.com\/wp-content\/uploads\/2026\/02\/KAMELOCK-MP-07-1024x683.png","contentUrl":"https:\/\/gotec-bonding-agent-systems.com\/wp-content\/uploads\/2026\/02\/KAMELOCK-MP-07-1024x683.png"},{"@type":"BreadcrumbList","@id":"https:\/\/gotec-bonding-agent-systems.com\/es\/kamelock-mp-07\/#breadcrumb","itemListElement":[{"@type":"ListItem","position":1,"name":"Start","item":"https:\/\/gotec-bonding-agent-systems.com\/es\/"},{"@type":"ListItem","position":2,"name":"KA&amp;MELOCK MP 07 &#8211; Imprimaci\u00f3n de alto rendimiento con resistencia mejorada al glicol"}]},{"@type":"WebSite","@id":"https:\/\/gotec-bonding-agent-systems.com\/#website","url":"https:\/\/gotec-bonding-agent-systems.com\/","name":"GOTEC Bonding Systems","description":"","publisher":{"@id":"https:\/\/gotec-bonding-agent-systems.com\/#organization"},"potentialAction":[{"@type":"SearchAction","target":{"@type":"EntryPoint","urlTemplate":"https:\/\/gotec-bonding-agent-systems.com\/?s={search_term_string}"},"query-input":{"@type":"PropertyValueSpecification","valueRequired":true,"valueName":"search_term_string"}}],"inLanguage":"es"},{"@type":"Organization","@id":"https:\/\/gotec-bonding-agent-systems.com\/#organization","name":"GOTEC Bonding Systems","url":"https:\/\/gotec-bonding-agent-systems.com\/","logo":{"@type":"ImageObject","inLanguage":"es","@id":"https:\/\/gotec-bonding-agent-systems.com\/#\/schema\/logo\/image\/","url":"https:\/\/gotec-bonding-agent-systems.com\/wp-content\/uploads\/2025\/11\/cropped-GOTEC_Bonding_Systems_Logo.png","contentUrl":"https:\/\/gotec-bonding-agent-systems.com\/wp-content\/uploads\/2025\/11\/cropped-GOTEC_Bonding_Systems_Logo.png","width":2122,"height":1287,"caption":"GOTEC Bonding Systems"},"image":{"@id":"https:\/\/gotec-bonding-agent-systems.com\/#\/schema\/logo\/image\/"}}]}},"featured_media_urls":[],"_links":{"self":[{"href":"https:\/\/gotec-bonding-agent-systems.com\/es\/wp-json\/wp\/v2\/pages\/8918","targetHints":{"allow":["GET"]}}],"collection":[{"href":"https:\/\/gotec-bonding-agent-systems.com\/es\/wp-json\/wp\/v2\/pages"}],"about":[{"href":"https:\/\/gotec-bonding-agent-systems.com\/es\/wp-json\/wp\/v2\/types\/page"}],"author":[{"embeddable":true,"href":"https:\/\/gotec-bonding-agent-systems.com\/es\/wp-json\/wp\/v2\/users\/1"}],"replies":[{"embeddable":true,"href":"https:\/\/gotec-bonding-agent-systems.com\/es\/wp-json\/wp\/v2\/comments?post=8918"}],"version-history":[{"count":6,"href":"https:\/\/gotec-bonding-agent-systems.com\/es\/wp-json\/wp\/v2\/pages\/8918\/revisions"}],"predecessor-version":[{"id":9305,"href":"https:\/\/gotec-bonding-agent-systems.com\/es\/wp-json\/wp\/v2\/pages\/8918\/revisions\/9305"}],"wp:attachment":[{"href":"https:\/\/gotec-bonding-agent-systems.com\/es\/wp-json\/wp\/v2\/media?parent=8918"}],"curies":[{"name":"wp","href":"https:\/\/api.w.org\/{rel}","templated":true}]}}