{"id":8964,"date":"2026-01-23T18:57:22","date_gmt":"2026-01-23T18:57:22","guid":{"rendered":"https:\/\/gotec-bonding-agent-systems.com\/kamelock-km-25\/"},"modified":"2026-04-03T13:55:49","modified_gmt":"2026-04-03T13:55:49","slug":"kamelock-km-25","status":"publish","type":"page","link":"https:\/\/gotec-bonding-agent-systems.com\/es\/kamelock-km-25\/","title":{"rendered":"KA&amp;MELOCK KM 25 &#8211; Sistema de adhesi\u00f3n para elast\u00f3meros para aplicaciones de recubrimiento superior"},"content":{"rendered":"\t\t<div data-elementor-type=\"wp-page\" data-elementor-id=\"8964\" class=\"elementor elementor-8964 elementor-7876\">\n\t\t\t\t<div class=\"elementor-element elementor-element-808ac83 e-flex e-con-boxed wpr-particle-no wpr-jarallax-no wpr-parallax-no wpr-sticky-section-no wpr-equal-height-no e-con e-parent\" data-id=\"808ac83\" data-element_type=\"container\" data-e-type=\"container\" data-settings=\"{&quot;background_background&quot;:&quot;classic&quot;}\">\n\t\t\t\t\t<div class=\"e-con-inner\">\n\t\t<div class=\"elementor-element elementor-element-e549ca5 e-con-full e-flex wpr-particle-no wpr-jarallax-no wpr-parallax-no wpr-sticky-section-no wpr-equal-height-no e-con e-child\" data-id=\"e549ca5\" data-element_type=\"container\" data-e-type=\"container\">\n\t\t\t\t<div class=\"elementor-element elementor-element-833773f elementor-widget elementor-widget-elementskit-heading\" data-id=\"833773f\" data-element_type=\"widget\" data-e-type=\"widget\" data-widget_type=\"elementskit-heading.default\">\n\t\t\t\t\t<div class=\"ekit-wid-con\" ><div class=\"ekit-heading elementskit-section-title-wraper text_left   ekit_heading_tablet-   ekit_heading_mobile-\"><h2 class=\"ekit-heading--title elementskit-section-title \">KA&amp;MELOCK KM 25<\/h2>\t\t\t\t<div class='ekit-heading__description'>\n\t\t\t\t\t<p><strong>KA&amp;MELOCK KM 25<\/strong> es un <strong>agente de uni\u00f3n de elast\u00f3meros<\/strong> adecuado para <strong>aplicaciones de acabado<\/strong>. Se utiliza en combinaci\u00f3n con la <strong>imprimaci\u00f3n KA&amp;MELOCK MP 05<\/strong> cuando se requiere <strong>resistencia a la corrosi\u00f3n a alta temperatura y resistencia din\u00e1mica<\/strong> para la uni\u00f3n de diversos elast\u00f3meros a sustratos met\u00e1licos y pl\u00e1sticos durante el <strong>proceso de vulcanizaci\u00f3n<\/strong>. <\/p>\n<p>El agente de uni\u00f3n est\u00e1 compuesto por una mezcla de <strong>pol\u00edmeros dispersos, agentes de reticulaci\u00f3n y s\u00f3lidos en suspensi\u00f3n<\/strong> en un <strong>sistema de disolventes org\u00e1nicos<\/strong>.<\/p>\n<p>KA&amp;MELOCK KM 25 permite la uni\u00f3n fiable de compuestos de caucho basados en <strong>caucho natural (NR), poliisopreno (IR), polibutadieno (BR), estireno-butadieno (SBR), caucho de nitrilo (NBR), caucho de cloropreno (CR), caucho de butilo (IIR), polietileno clorosulfonado (CSM) y caucho de etileno propileno (EPDM)<\/strong> a una amplia gama de <strong>sustratos met\u00e1licos y pl\u00e1sticos<\/strong> durante la vulcanizaci\u00f3n.<\/p>\n\t\t\t\t<\/div>\n\t\t\t<\/div><\/div>\t\t\t\t<\/div>\n\t\t\t\t<\/div>\n\t\t<div class=\"elementor-element elementor-element-705eea2 e-con-full e-flex wpr-particle-no wpr-jarallax-no wpr-parallax-no wpr-sticky-section-no wpr-equal-height-no e-con e-child\" data-id=\"705eea2\" data-element_type=\"container\" data-e-type=\"container\">\n\t\t\t\t<div class=\"elementor-element elementor-element-a86ce28 elementor-widget elementor-widget-image\" data-id=\"a86ce28\" data-element_type=\"widget\" data-e-type=\"widget\" data-widget_type=\"image.default\">\n\t\t\t\t\t\t\t\t\t\t\t\t\t\t\t<img fetchpriority=\"high\" decoding=\"async\" width=\"950\" height=\"634\" src=\"https:\/\/gotec-bonding-agent-systems.com\/wp-content\/uploads\/2026\/02\/KAMELOCK-KM-25-1024x683.png\" class=\"attachment-large size-large wp-image-8966\" alt=\"KA&amp;MELOCK KM 25\" srcset=\"https:\/\/gotec-bonding-agent-systems.com\/wp-content\/uploads\/2026\/02\/KAMELOCK-KM-25-1024x683.png 1024w, https:\/\/gotec-bonding-agent-systems.com\/wp-content\/uploads\/2026\/02\/KAMELOCK-KM-25-300x200.png 300w, https:\/\/gotec-bonding-agent-systems.com\/wp-content\/uploads\/2026\/02\/KAMELOCK-KM-25-600x400.png 600w, https:\/\/gotec-bonding-agent-systems.com\/wp-content\/uploads\/2026\/02\/KAMELOCK-KM-25-1200x800.png 1200w, https:\/\/gotec-bonding-agent-systems.com\/wp-content\/uploads\/2026\/02\/KAMELOCK-KM-25.png 1536w\" sizes=\"100vw\" \/>\t\t\t\t\t\t\t\t\t\t\t\t\t\t\t<\/div>\n\t\t\t\t<div class=\"elementor-element elementor-element-8552ff8 elementor-widget elementor-widget-spacer\" data-id=\"8552ff8\" data-element_type=\"widget\" data-e-type=\"widget\" data-widget_type=\"spacer.default\">\n\t\t\t\t\t\t\t<div class=\"elementor-spacer\">\n\t\t\t<div class=\"elementor-spacer-inner\"><\/div>\n\t\t<\/div>\n\t\t\t\t\t\t<\/div>\n\t\t\t\t<div class=\"elementor-element elementor-element-59732fa elementor-widget elementor-widget-button\" data-id=\"59732fa\" data-element_type=\"widget\" data-e-type=\"widget\" data-widget_type=\"button.default\">\n\t\t\t\t\t\t\t\t\t\t<a class=\"elementor-button elementor-button-link elementor-size-sm\" href=\"#\">\n\t\t\t\t\t\t<span class=\"elementor-button-content-wrapper\">\n\t\t\t\t\t\t\t\t\t<span class=\"elementor-button-text\">DESCARGAR PDF<\/span>\n\t\t\t\t\t<\/span>\n\t\t\t\t\t<\/a>\n\t\t\t\t\t\t\t\t<\/div>\n\t\t\t\t<\/div>\n\t\t\t\t\t<\/div>\n\t\t\t\t<\/div>\n\t\t\t\t<section class=\"elementor-section elementor-top-section elementor-element elementor-element-45f9e12 elementor-section-boxed elementor-section-height-default elementor-section-height-default wpr-particle-no wpr-jarallax-no wpr-parallax-no wpr-sticky-section-no wpr-equal-height-no\" data-id=\"45f9e12\" data-element_type=\"section\" data-e-type=\"section\">\n\t\t\t\t\t\t<div class=\"elementor-container elementor-column-gap-default\">\n\t\t\t\t\t<div class=\"elementor-column elementor-col-100 elementor-top-column elementor-element elementor-element-6d52a9b\" data-id=\"6d52a9b\" data-element_type=\"column\" data-e-type=\"column\">\n\t\t\t<div class=\"elementor-widget-wrap elementor-element-populated\">\n\t\t\t\t\t\t<div class=\"elementor-element elementor-element-152844e elementor-widget elementor-widget-heading\" data-id=\"152844e\" data-element_type=\"widget\" data-e-type=\"widget\" data-widget_type=\"heading.default\">\n\t\t\t\t\t<h2 class=\"elementor-heading-title elementor-size-default\">Datos t\u00e9cnicos<\/h2>\t\t\t\t<\/div>\n\t\t\t\t<div class=\"elementor-element elementor-element-694c8f4 wpr-list-style-none elementor-widget elementor-widget-wpr-posts-timeline\" data-id=\"694c8f4\" data-element_type=\"widget\" data-e-type=\"widget\" data-settings=\"{&quot;animation_offset&quot;:150,&quot;aos_animation_duration&quot;:600}\" data-widget_type=\"wpr-posts-timeline.default\">\n\t\t\t\t\t\n\t\t<div class=\"wpr-wrapper wpr-vertical wpr-one-sided-wrapper\">\n\t\t\t<div class=\"wpr-timeline-centered wpr-line wpr-one-sided-timeline\"><div class=\"wpr-middle-line\"><\/div><div class=\"wpr-timeline-fill\" data-layout=\"one-sided\"><\/div><article class=\"wpr-timeline-entry wpr-right-aligned elementor-repeater-item-f94da51\" data-item-id=\"elementor-repeater-item-f94da51\"><div class=\"wpr-timeline-entry-inner\"><div class=\"wpr-main-line-icon wpr-icon\"><\/div><div class=\"wpr-story-info-vertical wpr-data-wrap \"  data-aos=\"fade\" data-aos-left=\"\" data-aos-right=\"\" data-animation-offset=\"150\" data-animation-duration=\"600\"><div class=\"wpr-timeline-content-wrapper\"><div class=\"wpr-content-wrapper\"><div class=\"wpr-description\"><table><tbody><tr><td><p>Color L\u00edquido verde-negro<\/p><\/td><td> <\/td><\/tr><\/tbody><\/table><table style=\"height: 124px\" width=\"238\"><tbody><tr><td><p>Viscosidad Copa DIN 4 mm 80 \u2013 120 s<\/p><\/td><td> <\/td><\/tr><\/tbody><\/table><table><tbody><tr><td><p>Viscosidad, cps @ 25 \u00b0C (77 \u00b0F)<\/p><table><tbody><tr><td><p>  200 \u2013 800 mPas<\/p><\/td><\/tr><\/tbody><\/table><p>Brookfield SNB1<br>Husillo 2, 30 rpm<\/p><\/td><td> <\/td><\/tr><\/tbody><\/table><\/div><\/div><\/div><\/div>\n\t\t\t\t\t\t<\/div>\n\t\t\t\t<\/article><article class=\"wpr-timeline-entry wpr-right-aligned elementor-repeater-item-2a37755\" data-item-id=\"elementor-repeater-item-2a37755\"><div class=\"wpr-timeline-entry-inner\"><div class=\"wpr-main-line-icon wpr-icon\"><\/div><div class=\"wpr-story-info-vertical wpr-data-wrap \"  data-aos=\"fade\" data-aos-left=\"\" data-aos-right=\"\" data-animation-offset=\"150\" data-animation-duration=\"600\"><div class=\"wpr-timeline-content-wrapper\"><div class=\"wpr-content-wrapper\"><div class=\"wpr-description\"><table><tbody><tr><td><p>Gravedad espec\u00edfica 0,98 \u2013 1,02 g\/cm\u00b3<\/p><\/td><td> <\/td><\/tr><\/tbody><\/table><table style=\"height: 172px\" width=\"201\"><tbody><tr><td><p>Contenido de s\u00f3lidos 22 \u2013 27 % en peso<\/p><\/td><td> <\/td><\/tr><\/tbody><\/table><table><tbody><tr><td><p>Disolventes Xileno<\/p><\/td><td> <\/td><\/tr><\/tbody><\/table><p>*Los datos son t\u00edpicos y no deben utilizarse para fines de especificaci\u00f3n.<\/p><\/div><\/div><\/div><\/div>\n\t\t\t\t\t\t<\/div>\n\t\t\t\t<\/article><\/div>    \n\t\t\t<\/div>\t\t\t\t<\/div>\n\t\t\t\t<div class=\"elementor-element elementor-element-e029327 elementor-widget elementor-widget-text-editor\" data-id=\"e029327\" data-element_type=\"widget\" data-e-type=\"widget\" data-widget_type=\"text-editor.default\">\n\t\t\t\t\t\t\t\t\t<p data-start=\"206\" data-end=\"644\">Dado que los <strong data-start=\"209\" data-end=\"231\">productos KA&amp;MELOCK<\/strong> son diversos y vers\u00e1tiles, se pueden utilizar <strong data-start=\"259\" data-end=\"304\">diversos m\u00e9todos y equipos de aplicaci\u00f3n<\/strong>. Ning\u00fan m\u00e9todo de aplicaci\u00f3n es superior a otro; la selecci\u00f3n debe basarse en el <strong data-start=\"408\" data-end=\"433\">tipo de agente de uni\u00f3n<\/strong>, la <strong data-start=\"439\" data-end=\"464\">naturaleza del producto<\/strong> y los <strong data-start=\"474\" data-end=\"498\">requisitos de la superficie<\/strong>.<br data-start=\"499\" data-end=\"502\">La informaci\u00f3n de los productos KA&amp;MELOCK proporciona <strong data-start=\"541\" data-end=\"584\">recomendaciones para el uso adecuado<\/strong> de nuestros productos seg\u00fan los diferentes m\u00e9todos de aplicaci\u00f3n. <\/p><p data-start=\"646\" data-end=\"944\">Creemos que <strong data-start=\"662\" data-end=\"709\">las pruebas y los an\u00e1lisis precisos son esenciales<\/strong>. En <strong data-start=\"714\" data-end=\"739\">GOTEC Bonding Systems<\/strong>, todos los productos KA&amp;MELOCK se prueban y documentan en nuestros laboratorios. Adem\u00e1s, nuestras <strong data-start=\"828\" data-end=\"846\">actividades de I+D<\/strong> apoyan continuamente el desarrollo de productos mediante el trabajo constante en nuestras instalaciones de demostraci\u00f3n y pruebas.  <\/p><p data-start=\"946\" data-end=\"1057\">Aumente el valor de sus productos con la <strong data-start=\"987\" data-end=\"1008\">calidad de KA&amp;MELOCK<\/strong>.<br data-start=\"1009\" data-end=\"1012\">Nuestros equipos de soporte est\u00e1n siempre a su servicio.<\/p>\t\t\t\t\t\t\t\t<\/div>\n\t\t\t\t\t<\/div>\n\t\t<\/div>\n\t\t\t\t\t<\/div>\n\t\t<\/section>\n\t\t\t\t<\/div>\n\t\t\n    <div class=\"xs_social_share_widget xs_share_url after_content \t\tmain_content  wslu-style-1 wslu-share-box-shaped wslu-fill-colored wslu-none wslu-share-horizontal wslu-theme-font-no wslu-main_content\">\n\n\t\t\n        <ul>\n\t\t\t        <\/ul>\n    <\/div> \n","protected":false},"excerpt":{"rendered":"<p>KA&amp;MELOCK KM 25 KA&amp;MELOCK KM 25 es un agente de uni\u00f3n de elast\u00f3meros adecuado para aplicaciones de acabado. Se utiliza en combinaci\u00f3n con la imprimaci\u00f3n KA&amp;MELOCK MP 05 cuando se requiere resistencia a la corrosi\u00f3n a alta temperatura y resistencia din\u00e1mica para la uni\u00f3n de diversos elast\u00f3meros a sustratos met\u00e1licos y pl\u00e1sticos durante el proceso de vulcanizaci\u00f3n. El agente de uni\u00f3n est\u00e1 compuesto por una mezcla de pol\u00edmeros dispersos, agentes de reticulaci\u00f3n y s\u00f3lidos en suspensi\u00f3n en un sistema de disolventes org\u00e1nicos. KA&amp;MELOCK KM 25 permite la uni\u00f3n fiable de compuestos de caucho basados en caucho natural (NR), poliisopreno (IR), polibutadieno (BR), estireno-butadieno (SBR), caucho de nitrilo (NBR), caucho de cloropreno (CR), caucho de butilo (IIR), polietileno clorosulfonado (CSM) y caucho de etileno propileno (EPDM) a una amplia gama de sustratos met\u00e1licos y pl\u00e1sticos durante la vulcanizaci\u00f3n. DESCARGAR PDF Datos t\u00e9cnicos Color L\u00edquido verde-negro Viscosidad Copa DIN 4 mm 80 \u2013 120 s Viscosidad, cps @ 25 \u00b0C (77 \u00b0F) 200 \u2013 800 mPas Brookfield SNB1Husillo 2, 30 rpm Gravedad espec\u00edfica 0,98 \u2013 1,02 g\/cm\u00b3 Contenido de s\u00f3lidos 22 \u2013 27 % en peso Disolventes Xileno *Los datos son t\u00edpicos y no deben utilizarse para fines de especificaci\u00f3n. Dado que los productos KA&amp;MELOCK son diversos y vers\u00e1tiles, se pueden utilizar diversos m\u00e9todos y equipos de aplicaci\u00f3n. Ning\u00fan m\u00e9todo de aplicaci\u00f3n es superior a otro; la selecci\u00f3n debe basarse en el tipo de agente de uni\u00f3n, la naturaleza del producto y los requisitos de la superficie.La informaci\u00f3n de los productos KA&amp;MELOCK proporciona recomendaciones para el uso adecuado de nuestros productos seg\u00fan los diferentes m\u00e9todos de aplicaci\u00f3n. Creemos que las pruebas y los an\u00e1lisis precisos son esenciales. En GOTEC Bonding Systems, todos los productos KA&amp;MELOCK se prueban y documentan en nuestros laboratorios. Adem\u00e1s, nuestras actividades de I+D apoyan continuamente el desarrollo de productos mediante el trabajo constante en nuestras instalaciones de demostraci\u00f3n y pruebas. Aumente el valor de sus productos con la calidad de KA&amp;MELOCK.Nuestros equipos de soporte est\u00e1n siempre a su servicio.<\/p>\n","protected":false},"author":1,"featured_media":0,"parent":0,"menu_order":0,"comment_status":"closed","ping_status":"closed","template":"","meta":{"postBodyCss":"","postBodyMargin":[],"postBodyPadding":[],"postBodyBackground":{"backgroundType":"classic","gradient":""},"inspiro_hide_title":false,"footnotes":""},"class_list":["post-8964","page","type-page","status-publish","hentry"],"yoast_head":"<!-- This site is optimized with the Yoast SEO plugin v27.4 - https:\/\/yoast.com\/product\/yoast-seo-wordpress\/ -->\n<title>KA&amp;MELOCK KM 25 | Sistema de adhesi\u00f3n para recubrimientos<\/title>\n<meta name=\"description\" content=\"Agente de uni\u00f3n de acabado KA&amp;MELOCK KM 25 para uniones duraderas de elast\u00f3mero a metal. Util\u00edcese con MP 05 para un rendimiento a altas temperaturas.\" \/>\n<meta name=\"robots\" content=\"index, follow, max-snippet:-1, max-image-preview:large, max-video-preview:-1\" \/>\n<link rel=\"canonical\" href=\"https:\/\/gotec-bonding-agent-systems.com\/es\/kamelock-km-25\/\" \/>\n<meta property=\"og:locale\" content=\"es_ES\" \/>\n<meta property=\"og:type\" content=\"article\" \/>\n<meta property=\"og:title\" content=\"KA&amp;MELOCK KM 25 | Sistema de adhesi\u00f3n para recubrimientos\" \/>\n<meta property=\"og:description\" content=\"Agente de uni\u00f3n de acabado KA&amp;MELOCK KM 25 para uniones duraderas de elast\u00f3mero a metal. Util\u00edcese con MP 05 para un rendimiento a altas temperaturas.\" \/>\n<meta property=\"og:url\" content=\"https:\/\/gotec-bonding-agent-systems.com\/es\/kamelock-km-25\/\" \/>\n<meta property=\"og:site_name\" content=\"GOTEC Bonding Systems\" \/>\n<meta property=\"article:modified_time\" content=\"2026-04-03T13:55:49+00:00\" \/>\n<meta property=\"og:image\" content=\"https:\/\/gotec-bonding-agent-systems.com\/wp-content\/uploads\/2026\/02\/KAMELOCK-KM-25.png\" \/>\n\t<meta property=\"og:image:width\" content=\"1536\" \/>\n\t<meta property=\"og:image:height\" content=\"1024\" \/>\n\t<meta property=\"og:image:type\" content=\"image\/png\" \/>\n<meta name=\"twitter:card\" content=\"summary_large_image\" \/>\n<meta name=\"twitter:label1\" content=\"Tiempo de lectura\" \/>\n\t<meta name=\"twitter:data1\" content=\"2 minutos\" \/>\n<script type=\"application\/ld+json\" class=\"yoast-schema-graph\">{\"@context\":\"https:\\\/\\\/schema.org\",\"@graph\":[{\"@type\":\"WebPage\",\"@id\":\"https:\\\/\\\/gotec-bonding-agent-systems.com\\\/es\\\/kamelock-km-25\\\/\",\"url\":\"https:\\\/\\\/gotec-bonding-agent-systems.com\\\/es\\\/kamelock-km-25\\\/\",\"name\":\"KA&MELOCK KM 25 | Sistema de adhesi\u00f3n para recubrimientos\",\"isPartOf\":{\"@id\":\"https:\\\/\\\/gotec-bonding-agent-systems.com\\\/#website\"},\"primaryImageOfPage\":{\"@id\":\"https:\\\/\\\/gotec-bonding-agent-systems.com\\\/es\\\/kamelock-km-25\\\/#primaryimage\"},\"image\":{\"@id\":\"https:\\\/\\\/gotec-bonding-agent-systems.com\\\/es\\\/kamelock-km-25\\\/#primaryimage\"},\"thumbnailUrl\":\"https:\\\/\\\/gotec-bonding-agent-systems.com\\\/wp-content\\\/uploads\\\/2026\\\/02\\\/KAMELOCK-KM-25-1024x683.png\",\"datePublished\":\"2026-01-23T18:57:22+00:00\",\"dateModified\":\"2026-04-03T13:55:49+00:00\",\"description\":\"Agente de uni\u00f3n de acabado KA&MELOCK KM 25 para uniones duraderas de elast\u00f3mero a metal. Util\u00edcese con MP 05 para un rendimiento a altas temperaturas.\",\"breadcrumb\":{\"@id\":\"https:\\\/\\\/gotec-bonding-agent-systems.com\\\/es\\\/kamelock-km-25\\\/#breadcrumb\"},\"inLanguage\":\"es\",\"potentialAction\":[{\"@type\":\"ReadAction\",\"target\":[\"https:\\\/\\\/gotec-bonding-agent-systems.com\\\/es\\\/kamelock-km-25\\\/\"]}]},{\"@type\":\"ImageObject\",\"inLanguage\":\"es\",\"@id\":\"https:\\\/\\\/gotec-bonding-agent-systems.com\\\/es\\\/kamelock-km-25\\\/#primaryimage\",\"url\":\"https:\\\/\\\/gotec-bonding-agent-systems.com\\\/wp-content\\\/uploads\\\/2026\\\/02\\\/KAMELOCK-KM-25-1024x683.png\",\"contentUrl\":\"https:\\\/\\\/gotec-bonding-agent-systems.com\\\/wp-content\\\/uploads\\\/2026\\\/02\\\/KAMELOCK-KM-25-1024x683.png\"},{\"@type\":\"BreadcrumbList\",\"@id\":\"https:\\\/\\\/gotec-bonding-agent-systems.com\\\/es\\\/kamelock-km-25\\\/#breadcrumb\",\"itemListElement\":[{\"@type\":\"ListItem\",\"position\":1,\"name\":\"Start\",\"item\":\"https:\\\/\\\/gotec-bonding-agent-systems.com\\\/es\\\/\"},{\"@type\":\"ListItem\",\"position\":2,\"name\":\"KA&amp;MELOCK KM 25 &#8211; Sistema de adhesi\u00f3n para elast\u00f3meros para aplicaciones de recubrimiento superior\"}]},{\"@type\":\"WebSite\",\"@id\":\"https:\\\/\\\/gotec-bonding-agent-systems.com\\\/#website\",\"url\":\"https:\\\/\\\/gotec-bonding-agent-systems.com\\\/\",\"name\":\"GOTEC Bonding Systems\",\"description\":\"\",\"publisher\":{\"@id\":\"https:\\\/\\\/gotec-bonding-agent-systems.com\\\/#organization\"},\"potentialAction\":[{\"@type\":\"SearchAction\",\"target\":{\"@type\":\"EntryPoint\",\"urlTemplate\":\"https:\\\/\\\/gotec-bonding-agent-systems.com\\\/?s={search_term_string}\"},\"query-input\":{\"@type\":\"PropertyValueSpecification\",\"valueRequired\":true,\"valueName\":\"search_term_string\"}}],\"inLanguage\":\"es\"},{\"@type\":\"Organization\",\"@id\":\"https:\\\/\\\/gotec-bonding-agent-systems.com\\\/#organization\",\"name\":\"GOTEC Bonding Systems\",\"url\":\"https:\\\/\\\/gotec-bonding-agent-systems.com\\\/\",\"logo\":{\"@type\":\"ImageObject\",\"inLanguage\":\"es\",\"@id\":\"https:\\\/\\\/gotec-bonding-agent-systems.com\\\/#\\\/schema\\\/logo\\\/image\\\/\",\"url\":\"https:\\\/\\\/gotec-bonding-agent-systems.com\\\/wp-content\\\/uploads\\\/2025\\\/11\\\/cropped-GOTEC_Bonding_Systems_Logo.png\",\"contentUrl\":\"https:\\\/\\\/gotec-bonding-agent-systems.com\\\/wp-content\\\/uploads\\\/2025\\\/11\\\/cropped-GOTEC_Bonding_Systems_Logo.png\",\"width\":2122,\"height\":1287,\"caption\":\"GOTEC Bonding Systems\"},\"image\":{\"@id\":\"https:\\\/\\\/gotec-bonding-agent-systems.com\\\/#\\\/schema\\\/logo\\\/image\\\/\"}}]}<\/script>\n<!-- \/ Yoast SEO plugin. -->","yoast_head_json":{"title":"KA&MELOCK KM 25 | Sistema de adhesi\u00f3n para recubrimientos","description":"Agente de uni\u00f3n de acabado KA&MELOCK KM 25 para uniones duraderas de elast\u00f3mero a metal. Util\u00edcese con MP 05 para un rendimiento a altas temperaturas.","robots":{"index":"index","follow":"follow","max-snippet":"max-snippet:-1","max-image-preview":"max-image-preview:large","max-video-preview":"max-video-preview:-1"},"canonical":"https:\/\/gotec-bonding-agent-systems.com\/es\/kamelock-km-25\/","og_locale":"es_ES","og_type":"article","og_title":"KA&MELOCK KM 25 | Sistema de adhesi\u00f3n para recubrimientos","og_description":"Agente de uni\u00f3n de acabado KA&MELOCK KM 25 para uniones duraderas de elast\u00f3mero a metal. Util\u00edcese con MP 05 para un rendimiento a altas temperaturas.","og_url":"https:\/\/gotec-bonding-agent-systems.com\/es\/kamelock-km-25\/","og_site_name":"GOTEC Bonding Systems","article_modified_time":"2026-04-03T13:55:49+00:00","og_image":[{"width":1536,"height":1024,"url":"https:\/\/gotec-bonding-agent-systems.com\/wp-content\/uploads\/2026\/02\/KAMELOCK-KM-25.png","type":"image\/png"}],"twitter_card":"summary_large_image","twitter_misc":{"Tiempo de lectura":"2 minutos"},"schema":{"@context":"https:\/\/schema.org","@graph":[{"@type":"WebPage","@id":"https:\/\/gotec-bonding-agent-systems.com\/es\/kamelock-km-25\/","url":"https:\/\/gotec-bonding-agent-systems.com\/es\/kamelock-km-25\/","name":"KA&MELOCK KM 25 | Sistema de adhesi\u00f3n para recubrimientos","isPartOf":{"@id":"https:\/\/gotec-bonding-agent-systems.com\/#website"},"primaryImageOfPage":{"@id":"https:\/\/gotec-bonding-agent-systems.com\/es\/kamelock-km-25\/#primaryimage"},"image":{"@id":"https:\/\/gotec-bonding-agent-systems.com\/es\/kamelock-km-25\/#primaryimage"},"thumbnailUrl":"https:\/\/gotec-bonding-agent-systems.com\/wp-content\/uploads\/2026\/02\/KAMELOCK-KM-25-1024x683.png","datePublished":"2026-01-23T18:57:22+00:00","dateModified":"2026-04-03T13:55:49+00:00","description":"Agente de uni\u00f3n de acabado KA&MELOCK KM 25 para uniones duraderas de elast\u00f3mero a metal. Util\u00edcese con MP 05 para un rendimiento a altas temperaturas.","breadcrumb":{"@id":"https:\/\/gotec-bonding-agent-systems.com\/es\/kamelock-km-25\/#breadcrumb"},"inLanguage":"es","potentialAction":[{"@type":"ReadAction","target":["https:\/\/gotec-bonding-agent-systems.com\/es\/kamelock-km-25\/"]}]},{"@type":"ImageObject","inLanguage":"es","@id":"https:\/\/gotec-bonding-agent-systems.com\/es\/kamelock-km-25\/#primaryimage","url":"https:\/\/gotec-bonding-agent-systems.com\/wp-content\/uploads\/2026\/02\/KAMELOCK-KM-25-1024x683.png","contentUrl":"https:\/\/gotec-bonding-agent-systems.com\/wp-content\/uploads\/2026\/02\/KAMELOCK-KM-25-1024x683.png"},{"@type":"BreadcrumbList","@id":"https:\/\/gotec-bonding-agent-systems.com\/es\/kamelock-km-25\/#breadcrumb","itemListElement":[{"@type":"ListItem","position":1,"name":"Start","item":"https:\/\/gotec-bonding-agent-systems.com\/es\/"},{"@type":"ListItem","position":2,"name":"KA&amp;MELOCK KM 25 &#8211; Sistema de adhesi\u00f3n para elast\u00f3meros para aplicaciones de recubrimiento superior"}]},{"@type":"WebSite","@id":"https:\/\/gotec-bonding-agent-systems.com\/#website","url":"https:\/\/gotec-bonding-agent-systems.com\/","name":"GOTEC Bonding Systems","description":"","publisher":{"@id":"https:\/\/gotec-bonding-agent-systems.com\/#organization"},"potentialAction":[{"@type":"SearchAction","target":{"@type":"EntryPoint","urlTemplate":"https:\/\/gotec-bonding-agent-systems.com\/?s={search_term_string}"},"query-input":{"@type":"PropertyValueSpecification","valueRequired":true,"valueName":"search_term_string"}}],"inLanguage":"es"},{"@type":"Organization","@id":"https:\/\/gotec-bonding-agent-systems.com\/#organization","name":"GOTEC Bonding Systems","url":"https:\/\/gotec-bonding-agent-systems.com\/","logo":{"@type":"ImageObject","inLanguage":"es","@id":"https:\/\/gotec-bonding-agent-systems.com\/#\/schema\/logo\/image\/","url":"https:\/\/gotec-bonding-agent-systems.com\/wp-content\/uploads\/2025\/11\/cropped-GOTEC_Bonding_Systems_Logo.png","contentUrl":"https:\/\/gotec-bonding-agent-systems.com\/wp-content\/uploads\/2025\/11\/cropped-GOTEC_Bonding_Systems_Logo.png","width":2122,"height":1287,"caption":"GOTEC Bonding Systems"},"image":{"@id":"https:\/\/gotec-bonding-agent-systems.com\/#\/schema\/logo\/image\/"}}]}},"featured_media_urls":[],"_links":{"self":[{"href":"https:\/\/gotec-bonding-agent-systems.com\/es\/wp-json\/wp\/v2\/pages\/8964","targetHints":{"allow":["GET"]}}],"collection":[{"href":"https:\/\/gotec-bonding-agent-systems.com\/es\/wp-json\/wp\/v2\/pages"}],"about":[{"href":"https:\/\/gotec-bonding-agent-systems.com\/es\/wp-json\/wp\/v2\/types\/page"}],"author":[{"embeddable":true,"href":"https:\/\/gotec-bonding-agent-systems.com\/es\/wp-json\/wp\/v2\/users\/1"}],"replies":[{"embeddable":true,"href":"https:\/\/gotec-bonding-agent-systems.com\/es\/wp-json\/wp\/v2\/comments?post=8964"}],"version-history":[{"count":6,"href":"https:\/\/gotec-bonding-agent-systems.com\/es\/wp-json\/wp\/v2\/pages\/8964\/revisions"}],"predecessor-version":[{"id":9405,"href":"https:\/\/gotec-bonding-agent-systems.com\/es\/wp-json\/wp\/v2\/pages\/8964\/revisions\/9405"}],"wp:attachment":[{"href":"https:\/\/gotec-bonding-agent-systems.com\/es\/wp-json\/wp\/v2\/media?parent=8964"}],"curies":[{"name":"wp","href":"https:\/\/api.w.org\/{rel}","templated":true}]}}