{"id":8979,"date":"2026-01-22T21:54:14","date_gmt":"2026-01-22T21:54:14","guid":{"rendered":"https:\/\/gotec-bonding-agent-systems.com\/kamelock-km-22\/"},"modified":"2026-04-03T13:32:06","modified_gmt":"2026-04-03T13:32:06","slug":"kamelock-km-22","status":"publish","type":"page","link":"https:\/\/gotec-bonding-agent-systems.com\/es\/kamelock-km-22\/","title":{"rendered":"KA&amp;MELOCK KM 22 &#8211; Sistemas de adhesi\u00f3n universales para elast\u00f3meros"},"content":{"rendered":"\t\t<div data-elementor-type=\"wp-page\" data-elementor-id=\"8979\" class=\"elementor elementor-8979 elementor-7815\">\n\t\t\t\t<div class=\"elementor-element elementor-element-5d1e8613 e-flex e-con-boxed wpr-particle-no wpr-jarallax-no wpr-parallax-no wpr-sticky-section-no wpr-equal-height-no e-con e-parent\" data-id=\"5d1e8613\" data-element_type=\"container\" data-e-type=\"container\">\n\t\t\t\t\t<div class=\"e-con-inner\">\n\t\t\t\t<div class=\"elementor-element elementor-element-324bb969 elementor-widget elementor-widget-text-editor\" data-id=\"324bb969\" data-element_type=\"widget\" data-e-type=\"widget\" data-widget_type=\"text-editor.default\">\n\t\t\t\t\t\t\t\t\t\n<p\/>\n\n\n\n<p\/>\n\t\t\t\t\t\t\t\t<\/div>\n\t\t\t\t\t<\/div>\n\t\t\t\t<\/div>\n\t\t<div class=\"elementor-element elementor-element-6023780 e-flex e-con-boxed wpr-particle-no wpr-jarallax-no wpr-parallax-no wpr-sticky-section-no wpr-equal-height-no e-con e-parent\" data-id=\"6023780\" data-element_type=\"container\" data-e-type=\"container\" data-settings=\"{&quot;background_background&quot;:&quot;classic&quot;}\">\n\t\t\t\t\t<div class=\"e-con-inner\">\n\t\t<div class=\"elementor-element elementor-element-d875da3 e-con-full e-flex wpr-particle-no wpr-jarallax-no wpr-parallax-no wpr-sticky-section-no wpr-equal-height-no e-con e-child\" data-id=\"d875da3\" data-element_type=\"container\" data-e-type=\"container\">\n\t\t\t\t<div class=\"elementor-element elementor-element-d988995 elementor-widget elementor-widget-elementskit-heading\" data-id=\"d988995\" data-element_type=\"widget\" data-e-type=\"widget\" data-widget_type=\"elementskit-heading.default\">\n\t\t\t\t\t<div class=\"ekit-wid-con\" ><div class=\"ekit-heading elementskit-section-title-wraper text_left   ekit_heading_tablet-   ekit_heading_mobile-\"><h2 class=\"ekit-heading--title elementskit-section-title \">KA&amp;MELOCK KM 22<\/h2>\t\t\t\t<div class='ekit-heading__description'>\n\t\t\t\t\t<p><strong>KA&amp;MELOCK KM 22<\/strong> es un <strong>agente de adhesi\u00f3n universal para elast\u00f3meros<\/strong> dise\u00f1ado para unir una amplia gama de compuestos elastom\u00e9ricos a <strong>sustratos met\u00e1licos y pl\u00e1sticos<\/strong>. Est\u00e1 previsto para su uso en combinaci\u00f3n con la imprimaci\u00f3n adecuada <strong>KA&amp;MELOCK MP 05<\/strong>. <\/p>\n<p>Este sistema de adhesi\u00f3n ofrece <strong>excelente resistencia a la corrosi\u00f3n, la temperatura y los aceites<\/strong>. El sistema KA&amp;MELOCK KM 22 es <strong>sin plomo<\/strong> y adecuado para aplicaciones industriales exigentes. <\/p>\n<p>KA&amp;MELOCK KM 20 une compuestos elastom\u00e9ricos basados en <strong>caucho natural (NR), butadieno (BR), isopreno (IR), caucho estireno-butadieno (SBR), caucho but\u00edlico (IIR), caucho nitr\u00edlico (NBR) y caucho de cloropreno (CR)<\/strong> a una amplia gama de <strong>metales, aleaciones y sustratos polim\u00e9ricos polares<\/strong>.<\/p>\n<p>La adhesi\u00f3n se produce durante el <strong>proceso de vulcanizaci\u00f3n<\/strong>. Las temperaturas de curado t\u00edpicas para aplicaciones de moldeo oscilan entre <strong>130\u2013180 \u00b0C<\/strong>.<br>Para <strong>aplicaciones de revestimiento de tanques<\/strong>, tambi\u00e9n pueden utilizarse temperaturas de curado m\u00e1s bajas, de aproximadamente <strong>100 \u00b0C<\/strong>, combinadas con tiempos de curado m\u00e1s prolongados. <\/p>\n\t\t\t\t<\/div>\n\t\t\t<\/div><\/div>\t\t\t\t<\/div>\n\t\t\t\t<\/div>\n\t\t<div class=\"elementor-element elementor-element-7816eec e-con-full e-flex wpr-particle-no wpr-jarallax-no wpr-parallax-no wpr-sticky-section-no wpr-equal-height-no e-con e-child\" data-id=\"7816eec\" data-element_type=\"container\" data-e-type=\"container\">\n\t\t\t\t<div class=\"elementor-element elementor-element-c9ee38f elementor-widget elementor-widget-image\" data-id=\"c9ee38f\" data-element_type=\"widget\" data-e-type=\"widget\" data-widget_type=\"image.default\">\n\t\t\t\t\t\t\t\t\t\t\t\t\t\t\t<img fetchpriority=\"high\" decoding=\"async\" width=\"950\" height=\"634\" src=\"https:\/\/gotec-bonding-agent-systems.com\/wp-content\/uploads\/2026\/02\/KAMELOCK-KM-22-1024x683.png\" class=\"attachment-large size-large wp-image-8981\" alt=\"KA&amp;MELOCK KM 22\" srcset=\"https:\/\/gotec-bonding-agent-systems.com\/wp-content\/uploads\/2026\/02\/KAMELOCK-KM-22-1024x683.png 1024w, https:\/\/gotec-bonding-agent-systems.com\/wp-content\/uploads\/2026\/02\/KAMELOCK-KM-22-300x200.png 300w, https:\/\/gotec-bonding-agent-systems.com\/wp-content\/uploads\/2026\/02\/KAMELOCK-KM-22-600x400.png 600w, https:\/\/gotec-bonding-agent-systems.com\/wp-content\/uploads\/2026\/02\/KAMELOCK-KM-22-1200x800.png 1200w, https:\/\/gotec-bonding-agent-systems.com\/wp-content\/uploads\/2026\/02\/KAMELOCK-KM-22.png 1536w\" sizes=\"100vw\" \/>\t\t\t\t\t\t\t\t\t\t\t\t\t\t\t<\/div>\n\t\t\t\t<div class=\"elementor-element elementor-element-38f99e8 elementor-widget elementor-widget-spacer\" data-id=\"38f99e8\" data-element_type=\"widget\" data-e-type=\"widget\" data-widget_type=\"spacer.default\">\n\t\t\t\t\t\t\t<div class=\"elementor-spacer\">\n\t\t\t<div class=\"elementor-spacer-inner\"><\/div>\n\t\t<\/div>\n\t\t\t\t\t\t<\/div>\n\t\t\t\t<div class=\"elementor-element elementor-element-09f82dc elementor-widget elementor-widget-button\" data-id=\"09f82dc\" data-element_type=\"widget\" data-e-type=\"widget\" data-widget_type=\"button.default\">\n\t\t\t\t\t\t\t\t\t\t<a class=\"elementor-button elementor-button-link elementor-size-sm\" href=\"https:\/\/gotec-bonding-agent-systems.com\/wp-content\/uploads\/2026\/01\/QaszHD-Unknown.pdf\">\n\t\t\t\t\t\t<span class=\"elementor-button-content-wrapper\">\n\t\t\t\t\t\t\t\t\t<span class=\"elementor-button-text\">DESCARGAR PDF<\/span>\n\t\t\t\t\t<\/span>\n\t\t\t\t\t<\/a>\n\t\t\t\t\t\t\t\t<\/div>\n\t\t\t\t<\/div>\n\t\t\t\t\t<\/div>\n\t\t\t\t<\/div>\n\t\t\t\t<section class=\"elementor-section elementor-top-section elementor-element elementor-element-2447476 elementor-section-boxed elementor-section-height-default elementor-section-height-default wpr-particle-no wpr-jarallax-no wpr-parallax-no wpr-sticky-section-no wpr-equal-height-no\" data-id=\"2447476\" data-element_type=\"section\" data-e-type=\"section\">\n\t\t\t\t\t\t<div class=\"elementor-container elementor-column-gap-default\">\n\t\t\t\t\t<div class=\"elementor-column elementor-col-100 elementor-top-column elementor-element elementor-element-8188452\" data-id=\"8188452\" data-element_type=\"column\" data-e-type=\"column\">\n\t\t\t<div class=\"elementor-widget-wrap elementor-element-populated\">\n\t\t\t\t\t\t<div class=\"elementor-element elementor-element-a47cf76 elementor-widget elementor-widget-heading\" data-id=\"a47cf76\" data-element_type=\"widget\" data-e-type=\"widget\" data-widget_type=\"heading.default\">\n\t\t\t\t\t<h2 class=\"elementor-heading-title elementor-size-default\">Datos t\u00e9cnicos<\/h2>\t\t\t\t<\/div>\n\t\t\t\t<div class=\"elementor-element elementor-element-9494818 wpr-list-style-none elementor-widget elementor-widget-wpr-posts-timeline\" data-id=\"9494818\" data-element_type=\"widget\" data-e-type=\"widget\" data-settings=\"{&quot;animation_offset&quot;:150,&quot;aos_animation_duration&quot;:600}\" data-widget_type=\"wpr-posts-timeline.default\">\n\t\t\t\t\t\n\t\t<div class=\"wpr-wrapper wpr-vertical wpr-one-sided-wrapper\">\n\t\t\t<div class=\"wpr-timeline-centered wpr-line wpr-one-sided-timeline\"><div class=\"wpr-middle-line\"><\/div><div class=\"wpr-timeline-fill\" data-layout=\"one-sided\"><\/div><article class=\"wpr-timeline-entry wpr-right-aligned elementor-repeater-item-f94da51\" data-item-id=\"elementor-repeater-item-f94da51\"><div class=\"wpr-timeline-entry-inner\"><div class=\"wpr-main-line-icon wpr-icon\"><\/div><div class=\"wpr-story-info-vertical wpr-data-wrap \"  data-aos=\"fade\" data-aos-left=\"\" data-aos-right=\"\" data-animation-offset=\"150\" data-animation-duration=\"600\"><div class=\"wpr-timeline-content-wrapper\"><div class=\"wpr-content-wrapper\"><div class=\"wpr-description\"><table>\n<tbody>\n<tr>\n<td>\n<p>Color: l\u00edquido marr\u00f3n<\/p>\n<\/td>\n<td>\n<p> <\/p>\n<\/td>\n<\/tr>\n<\/tbody>\n<\/table>\n<table style=\"height: 124px\" width=\"238\">\n<tbody>\n<tr>\n<td>\n<p>Viscosidad: copa DIN de 4 mm 10\u201314 s<\/p>\n<\/td>\n<td> <\/td>\n<\/tr>\n<\/tbody>\n<\/table>\n<table>\n<tbody>\n<tr>\n<td>\n<p>Viscosidad, cps a 25 \u00b0C (77 \u00b0F)<\/p>\n<table>\n<tbody>\n<tr>\n<td>\n<p> 50\u2013120 mPas<\/p>\n<\/td>\n<\/tr>\n<\/tbody>\n<\/table>\n<p>Brookfield SNB1<br>Husillo 2, 30 rpm<\/p>\n<\/td>\n<td> <\/td>\n<\/tr>\n<\/tbody>\n<\/table><\/div><\/div><\/div><\/div>\n\t\t\t\t\t\t<\/div>\n\t\t\t\t<\/article><article class=\"wpr-timeline-entry wpr-right-aligned elementor-repeater-item-2a37755\" data-item-id=\"elementor-repeater-item-2a37755\"><div class=\"wpr-timeline-entry-inner\"><div class=\"wpr-main-line-icon wpr-icon\"><\/div><div class=\"wpr-story-info-vertical wpr-data-wrap \"  data-aos=\"fade\" data-aos-left=\"\" data-aos-right=\"\" data-animation-offset=\"150\" data-animation-duration=\"600\"><div class=\"wpr-timeline-content-wrapper\"><div class=\"wpr-content-wrapper\"><div class=\"wpr-description\"><table>\n<tbody>\n<tr>\n<td>\n<p>Densidad 0,82\u20130,86 g\/cm\u00b3<\/p>\n<\/td>\n<td> <\/td>\n<\/tr>\n<\/tbody>\n<\/table>\n<table style=\"height: 172px\" width=\"201\">\n<tbody>\n<tr>\n<td>\n<p>Contenido de s\u00f3lidos 11\u201315 % en peso<\/p>\n<\/td>\n<td> <\/td>\n<\/tr>\n<\/tbody>\n<\/table>\n<table>\n<tbody>\n<tr>\n<td>\n<p>Disolventes: metil isobutil cetona (MIBK), metil etil cetona (MEK)<\/p>\n<\/td>\n<td>\n<p> <\/p>\n<\/td>\n<\/tr>\n<\/tbody>\n<\/table>\n<p>*Los datos son t\u00edpicos y no deben utilizarse con fines de especificaci\u00f3n.<\/p><\/div><\/div><\/div><\/div>\n\t\t\t\t\t\t<\/div>\n\t\t\t\t<\/article><\/div>    \n\t\t\t<\/div>\t\t\t\t<\/div>\n\t\t\t\t<div class=\"elementor-element elementor-element-362607d elementor-widget elementor-widget-text-editor\" data-id=\"362607d\" data-element_type=\"widget\" data-e-type=\"widget\" data-widget_type=\"text-editor.default\">\n\t\t\t\t\t\t\t\t\t<p data-start=\"185\" data-end=\"333\">Nuestras <strong data-start=\"189\" data-end=\"220\">soluciones de adhesi\u00f3n para elast\u00f3meros<\/strong> aportan un valor fiable a su negocio, garantizando un <strong data-start=\"267\" data-end=\"332\">funcionamiento sin problemas en todos los sectores y aplicaciones<\/strong>.<\/p>\n<p data-start=\"335\" data-end=\"654\">Creemos que <strong data-start=\"351\" data-end=\"398\">las pruebas y el an\u00e1lisis precisos son esenciales<\/strong>. En <strong data-start=\"403\" data-end=\"428\">GOTEC Bonding Systems<\/strong>, todos los productos KA&amp;MELOCK se prueban y documentan exhaustivamente en nuestros laboratorios. Adem\u00e1s, nuestras <strong data-start=\"528\" data-end=\"546\">actividades de I+D<\/strong> apoyan continuamente el desarrollo y la optimizaci\u00f3n de productos en nuestras instalaciones espec\u00edficas de demostraci\u00f3n y ensayo.  <\/p>\n<p data-start=\"656\" data-end=\"955\">Para determinar el <strong data-start=\"687\" data-end=\"714\">agente de adhesi\u00f3n KA&amp;MELOCK<\/strong> m\u00e1s adecuado para su aplicaci\u00f3n, p\u00f3ngase en contacto con nuestro equipo y facilite informaci\u00f3n sobre su <strong data-start=\"793\" data-end=\"857\">sistema de adhesi\u00f3n, m\u00e9todo de aplicaci\u00f3n, elast\u00f3mero y sustrato<\/strong>. Con base en estos datos, le recomendaremos los agentes de adhesi\u00f3n KA&amp;MELOCK adecuados para su proceso. <\/p>\t\t\t\t\t\t\t\t<\/div>\n\t\t\t\t\t<\/div>\n\t\t<\/div>\n\t\t\t\t\t<\/div>\n\t\t<\/section>\n\t\t\t\t<\/div>\n\t\t\n    <div class=\"xs_social_share_widget xs_share_url after_content \t\tmain_content  wslu-style-1 wslu-share-box-shaped wslu-fill-colored wslu-none wslu-share-horizontal wslu-theme-font-no wslu-main_content\">\n\n\t\t\n        <ul>\n\t\t\t        <\/ul>\n    <\/div> \n","protected":false},"excerpt":{"rendered":"<p>KA&amp;MELOCK KM 22 KA&amp;MELOCK KM 22 es un agente de adhesi\u00f3n universal para elast\u00f3meros dise\u00f1ado para unir una amplia gama de compuestos elastom\u00e9ricos a sustratos met\u00e1licos y pl\u00e1sticos. Est\u00e1 previsto para su uso en combinaci\u00f3n con la imprimaci\u00f3n adecuada KA&amp;MELOCK MP 05. Este sistema de adhesi\u00f3n ofrece excelente resistencia a la corrosi\u00f3n, la temperatura y los aceites. El sistema KA&amp;MELOCK KM 22 es sin plomo y adecuado para aplicaciones industriales exigentes. KA&amp;MELOCK KM 20 une compuestos elastom\u00e9ricos basados en caucho natural (NR), butadieno (BR), isopreno (IR), caucho estireno-butadieno (SBR), caucho but\u00edlico (IIR), caucho nitr\u00edlico (NBR) y caucho de cloropreno (CR) a una amplia gama de metales, aleaciones y sustratos polim\u00e9ricos polares. La adhesi\u00f3n se produce durante el proceso de vulcanizaci\u00f3n. Las temperaturas de curado t\u00edpicas para aplicaciones de moldeo oscilan entre 130\u2013180 \u00b0C.Para aplicaciones de revestimiento de tanques, tambi\u00e9n pueden utilizarse temperaturas de curado m\u00e1s bajas, de aproximadamente 100 \u00b0C, combinadas con tiempos de curado m\u00e1s prolongados. DESCARGAR PDF Datos t\u00e9cnicos Color: l\u00edquido marr\u00f3n Viscosidad: copa DIN de 4 mm 10\u201314 s Viscosidad, cps a 25 \u00b0C (77 \u00b0F) 50\u2013120 mPas Brookfield SNB1Husillo 2, 30 rpm Densidad 0,82\u20130,86 g\/cm\u00b3 Contenido de s\u00f3lidos 11\u201315 % en peso Disolventes: metil isobutil cetona (MIBK), metil etil cetona (MEK) *Los datos son t\u00edpicos y no deben utilizarse con fines de especificaci\u00f3n. Nuestras soluciones de adhesi\u00f3n para elast\u00f3meros aportan un valor fiable a su negocio, garantizando un funcionamiento sin problemas en todos los sectores y aplicaciones. Creemos que las pruebas y el an\u00e1lisis precisos son esenciales. En GOTEC Bonding Systems, todos los productos KA&amp;MELOCK se prueban y documentan exhaustivamente en nuestros laboratorios. Adem\u00e1s, nuestras actividades de I+D apoyan continuamente el desarrollo y la optimizaci\u00f3n de productos en nuestras instalaciones espec\u00edficas de demostraci\u00f3n y ensayo. Para determinar el agente de adhesi\u00f3n KA&amp;MELOCK m\u00e1s adecuado para su aplicaci\u00f3n, p\u00f3ngase en contacto con nuestro equipo y facilite informaci\u00f3n sobre su sistema de adhesi\u00f3n, m\u00e9todo de aplicaci\u00f3n, elast\u00f3mero y sustrato. Con base en estos datos, le recomendaremos los agentes de adhesi\u00f3n KA&amp;MELOCK adecuados para su proceso.<\/p>\n","protected":false},"author":1,"featured_media":0,"parent":0,"menu_order":0,"comment_status":"closed","ping_status":"closed","template":"","meta":{"postBodyCss":"","postBodyMargin":[],"postBodyPadding":[],"postBodyBackground":{"backgroundType":"classic","gradient":""},"inspiro_hide_title":false,"footnotes":""},"class_list":["post-8979","page","type-page","status-publish","hentry"],"yoast_head":"<!-- This site is optimized with the Yoast SEO plugin v27.4 - https:\/\/yoast.com\/product\/yoast-seo-wordpress\/ -->\n<title>KA&amp;MELOCK KM 22 | Sistema de adhesi\u00f3n universal<\/title>\n<meta name=\"description\" content=\"KA&amp;MELOCK KM 22, agente de adhesi\u00f3n universal sin plomo para elast\u00f3meros sobre metal y pl\u00e1sticos. Comb\u00ednelo con MP 05 para mayor durabilidad.\" \/>\n<meta name=\"robots\" content=\"index, follow, max-snippet:-1, max-image-preview:large, max-video-preview:-1\" \/>\n<link rel=\"canonical\" href=\"https:\/\/gotec-bonding-agent-systems.com\/es\/kamelock-km-22\/\" \/>\n<meta property=\"og:locale\" content=\"es_ES\" \/>\n<meta property=\"og:type\" content=\"article\" \/>\n<meta property=\"og:title\" content=\"KA&amp;MELOCK KM 22 | Sistema de adhesi\u00f3n universal\" \/>\n<meta property=\"og:description\" content=\"KA&amp;MELOCK KM 22, agente de adhesi\u00f3n universal sin plomo para elast\u00f3meros sobre metal y pl\u00e1sticos. Comb\u00ednelo con MP 05 para mayor durabilidad.\" \/>\n<meta property=\"og:url\" content=\"https:\/\/gotec-bonding-agent-systems.com\/es\/kamelock-km-22\/\" \/>\n<meta property=\"og:site_name\" content=\"GOTEC Bonding Systems\" \/>\n<meta property=\"article:modified_time\" content=\"2026-04-03T13:32:06+00:00\" \/>\n<meta property=\"og:image\" content=\"https:\/\/gotec-bonding-agent-systems.com\/wp-content\/uploads\/2026\/02\/KAMELOCK-KM-22.png\" \/>\n\t<meta property=\"og:image:width\" content=\"1536\" \/>\n\t<meta property=\"og:image:height\" content=\"1024\" \/>\n\t<meta property=\"og:image:type\" content=\"image\/png\" \/>\n<meta name=\"twitter:card\" content=\"summary_large_image\" \/>\n<meta name=\"twitter:label1\" content=\"Tiempo de lectura\" \/>\n\t<meta name=\"twitter:data1\" content=\"2 minutos\" \/>\n<script type=\"application\/ld+json\" class=\"yoast-schema-graph\">{\"@context\":\"https:\\\/\\\/schema.org\",\"@graph\":[{\"@type\":\"WebPage\",\"@id\":\"https:\\\/\\\/gotec-bonding-agent-systems.com\\\/es\\\/kamelock-km-22\\\/\",\"url\":\"https:\\\/\\\/gotec-bonding-agent-systems.com\\\/es\\\/kamelock-km-22\\\/\",\"name\":\"KA&MELOCK KM 22 | Sistema de adhesi\u00f3n universal\",\"isPartOf\":{\"@id\":\"https:\\\/\\\/gotec-bonding-agent-systems.com\\\/#website\"},\"primaryImageOfPage\":{\"@id\":\"https:\\\/\\\/gotec-bonding-agent-systems.com\\\/es\\\/kamelock-km-22\\\/#primaryimage\"},\"image\":{\"@id\":\"https:\\\/\\\/gotec-bonding-agent-systems.com\\\/es\\\/kamelock-km-22\\\/#primaryimage\"},\"thumbnailUrl\":\"https:\\\/\\\/gotec-bonding-agent-systems.com\\\/wp-content\\\/uploads\\\/2026\\\/02\\\/KAMELOCK-KM-22-1024x683.png\",\"datePublished\":\"2026-01-22T21:54:14+00:00\",\"dateModified\":\"2026-04-03T13:32:06+00:00\",\"description\":\"KA&MELOCK KM 22, agente de adhesi\u00f3n universal sin plomo para elast\u00f3meros sobre metal y pl\u00e1sticos. Comb\u00ednelo con MP 05 para mayor durabilidad.\",\"breadcrumb\":{\"@id\":\"https:\\\/\\\/gotec-bonding-agent-systems.com\\\/es\\\/kamelock-km-22\\\/#breadcrumb\"},\"inLanguage\":\"es\",\"potentialAction\":[{\"@type\":\"ReadAction\",\"target\":[\"https:\\\/\\\/gotec-bonding-agent-systems.com\\\/es\\\/kamelock-km-22\\\/\"]}]},{\"@type\":\"ImageObject\",\"inLanguage\":\"es\",\"@id\":\"https:\\\/\\\/gotec-bonding-agent-systems.com\\\/es\\\/kamelock-km-22\\\/#primaryimage\",\"url\":\"https:\\\/\\\/gotec-bonding-agent-systems.com\\\/wp-content\\\/uploads\\\/2026\\\/02\\\/KAMELOCK-KM-22-1024x683.png\",\"contentUrl\":\"https:\\\/\\\/gotec-bonding-agent-systems.com\\\/wp-content\\\/uploads\\\/2026\\\/02\\\/KAMELOCK-KM-22-1024x683.png\"},{\"@type\":\"BreadcrumbList\",\"@id\":\"https:\\\/\\\/gotec-bonding-agent-systems.com\\\/es\\\/kamelock-km-22\\\/#breadcrumb\",\"itemListElement\":[{\"@type\":\"ListItem\",\"position\":1,\"name\":\"Start\",\"item\":\"https:\\\/\\\/gotec-bonding-agent-systems.com\\\/es\\\/\"},{\"@type\":\"ListItem\",\"position\":2,\"name\":\"KA&amp;MELOCK KM 22 &#8211; Sistemas de adhesi\u00f3n universales para elast\u00f3meros\"}]},{\"@type\":\"WebSite\",\"@id\":\"https:\\\/\\\/gotec-bonding-agent-systems.com\\\/#website\",\"url\":\"https:\\\/\\\/gotec-bonding-agent-systems.com\\\/\",\"name\":\"GOTEC Bonding Systems\",\"description\":\"\",\"publisher\":{\"@id\":\"https:\\\/\\\/gotec-bonding-agent-systems.com\\\/#organization\"},\"potentialAction\":[{\"@type\":\"SearchAction\",\"target\":{\"@type\":\"EntryPoint\",\"urlTemplate\":\"https:\\\/\\\/gotec-bonding-agent-systems.com\\\/?s={search_term_string}\"},\"query-input\":{\"@type\":\"PropertyValueSpecification\",\"valueRequired\":true,\"valueName\":\"search_term_string\"}}],\"inLanguage\":\"es\"},{\"@type\":\"Organization\",\"@id\":\"https:\\\/\\\/gotec-bonding-agent-systems.com\\\/#organization\",\"name\":\"GOTEC Bonding Systems\",\"url\":\"https:\\\/\\\/gotec-bonding-agent-systems.com\\\/\",\"logo\":{\"@type\":\"ImageObject\",\"inLanguage\":\"es\",\"@id\":\"https:\\\/\\\/gotec-bonding-agent-systems.com\\\/#\\\/schema\\\/logo\\\/image\\\/\",\"url\":\"https:\\\/\\\/gotec-bonding-agent-systems.com\\\/wp-content\\\/uploads\\\/2025\\\/11\\\/cropped-GOTEC_Bonding_Systems_Logo.png\",\"contentUrl\":\"https:\\\/\\\/gotec-bonding-agent-systems.com\\\/wp-content\\\/uploads\\\/2025\\\/11\\\/cropped-GOTEC_Bonding_Systems_Logo.png\",\"width\":2122,\"height\":1287,\"caption\":\"GOTEC Bonding Systems\"},\"image\":{\"@id\":\"https:\\\/\\\/gotec-bonding-agent-systems.com\\\/#\\\/schema\\\/logo\\\/image\\\/\"}}]}<\/script>\n<!-- \/ Yoast SEO plugin. -->","yoast_head_json":{"title":"KA&MELOCK KM 22 | Sistema de adhesi\u00f3n universal","description":"KA&MELOCK KM 22, agente de adhesi\u00f3n universal sin plomo para elast\u00f3meros sobre metal y pl\u00e1sticos. Comb\u00ednelo con MP 05 para mayor durabilidad.","robots":{"index":"index","follow":"follow","max-snippet":"max-snippet:-1","max-image-preview":"max-image-preview:large","max-video-preview":"max-video-preview:-1"},"canonical":"https:\/\/gotec-bonding-agent-systems.com\/es\/kamelock-km-22\/","og_locale":"es_ES","og_type":"article","og_title":"KA&MELOCK KM 22 | Sistema de adhesi\u00f3n universal","og_description":"KA&MELOCK KM 22, agente de adhesi\u00f3n universal sin plomo para elast\u00f3meros sobre metal y pl\u00e1sticos. Comb\u00ednelo con MP 05 para mayor durabilidad.","og_url":"https:\/\/gotec-bonding-agent-systems.com\/es\/kamelock-km-22\/","og_site_name":"GOTEC Bonding Systems","article_modified_time":"2026-04-03T13:32:06+00:00","og_image":[{"width":1536,"height":1024,"url":"https:\/\/gotec-bonding-agent-systems.com\/wp-content\/uploads\/2026\/02\/KAMELOCK-KM-22.png","type":"image\/png"}],"twitter_card":"summary_large_image","twitter_misc":{"Tiempo de lectura":"2 minutos"},"schema":{"@context":"https:\/\/schema.org","@graph":[{"@type":"WebPage","@id":"https:\/\/gotec-bonding-agent-systems.com\/es\/kamelock-km-22\/","url":"https:\/\/gotec-bonding-agent-systems.com\/es\/kamelock-km-22\/","name":"KA&MELOCK KM 22 | Sistema de adhesi\u00f3n universal","isPartOf":{"@id":"https:\/\/gotec-bonding-agent-systems.com\/#website"},"primaryImageOfPage":{"@id":"https:\/\/gotec-bonding-agent-systems.com\/es\/kamelock-km-22\/#primaryimage"},"image":{"@id":"https:\/\/gotec-bonding-agent-systems.com\/es\/kamelock-km-22\/#primaryimage"},"thumbnailUrl":"https:\/\/gotec-bonding-agent-systems.com\/wp-content\/uploads\/2026\/02\/KAMELOCK-KM-22-1024x683.png","datePublished":"2026-01-22T21:54:14+00:00","dateModified":"2026-04-03T13:32:06+00:00","description":"KA&MELOCK KM 22, agente de adhesi\u00f3n universal sin plomo para elast\u00f3meros sobre metal y pl\u00e1sticos. Comb\u00ednelo con MP 05 para mayor durabilidad.","breadcrumb":{"@id":"https:\/\/gotec-bonding-agent-systems.com\/es\/kamelock-km-22\/#breadcrumb"},"inLanguage":"es","potentialAction":[{"@type":"ReadAction","target":["https:\/\/gotec-bonding-agent-systems.com\/es\/kamelock-km-22\/"]}]},{"@type":"ImageObject","inLanguage":"es","@id":"https:\/\/gotec-bonding-agent-systems.com\/es\/kamelock-km-22\/#primaryimage","url":"https:\/\/gotec-bonding-agent-systems.com\/wp-content\/uploads\/2026\/02\/KAMELOCK-KM-22-1024x683.png","contentUrl":"https:\/\/gotec-bonding-agent-systems.com\/wp-content\/uploads\/2026\/02\/KAMELOCK-KM-22-1024x683.png"},{"@type":"BreadcrumbList","@id":"https:\/\/gotec-bonding-agent-systems.com\/es\/kamelock-km-22\/#breadcrumb","itemListElement":[{"@type":"ListItem","position":1,"name":"Start","item":"https:\/\/gotec-bonding-agent-systems.com\/es\/"},{"@type":"ListItem","position":2,"name":"KA&amp;MELOCK KM 22 &#8211; Sistemas de adhesi\u00f3n universales para elast\u00f3meros"}]},{"@type":"WebSite","@id":"https:\/\/gotec-bonding-agent-systems.com\/#website","url":"https:\/\/gotec-bonding-agent-systems.com\/","name":"GOTEC Bonding Systems","description":"","publisher":{"@id":"https:\/\/gotec-bonding-agent-systems.com\/#organization"},"potentialAction":[{"@type":"SearchAction","target":{"@type":"EntryPoint","urlTemplate":"https:\/\/gotec-bonding-agent-systems.com\/?s={search_term_string}"},"query-input":{"@type":"PropertyValueSpecification","valueRequired":true,"valueName":"search_term_string"}}],"inLanguage":"es"},{"@type":"Organization","@id":"https:\/\/gotec-bonding-agent-systems.com\/#organization","name":"GOTEC Bonding Systems","url":"https:\/\/gotec-bonding-agent-systems.com\/","logo":{"@type":"ImageObject","inLanguage":"es","@id":"https:\/\/gotec-bonding-agent-systems.com\/#\/schema\/logo\/image\/","url":"https:\/\/gotec-bonding-agent-systems.com\/wp-content\/uploads\/2025\/11\/cropped-GOTEC_Bonding_Systems_Logo.png","contentUrl":"https:\/\/gotec-bonding-agent-systems.com\/wp-content\/uploads\/2025\/11\/cropped-GOTEC_Bonding_Systems_Logo.png","width":2122,"height":1287,"caption":"GOTEC Bonding Systems"},"image":{"@id":"https:\/\/gotec-bonding-agent-systems.com\/#\/schema\/logo\/image\/"}}]}},"featured_media_urls":[],"_links":{"self":[{"href":"https:\/\/gotec-bonding-agent-systems.com\/es\/wp-json\/wp\/v2\/pages\/8979","targetHints":{"allow":["GET"]}}],"collection":[{"href":"https:\/\/gotec-bonding-agent-systems.com\/es\/wp-json\/wp\/v2\/pages"}],"about":[{"href":"https:\/\/gotec-bonding-agent-systems.com\/es\/wp-json\/wp\/v2\/types\/page"}],"author":[{"embeddable":true,"href":"https:\/\/gotec-bonding-agent-systems.com\/es\/wp-json\/wp\/v2\/users\/1"}],"replies":[{"embeddable":true,"href":"https:\/\/gotec-bonding-agent-systems.com\/es\/wp-json\/wp\/v2\/comments?post=8979"}],"version-history":[{"count":6,"href":"https:\/\/gotec-bonding-agent-systems.com\/es\/wp-json\/wp\/v2\/pages\/8979\/revisions"}],"predecessor-version":[{"id":9393,"href":"https:\/\/gotec-bonding-agent-systems.com\/es\/wp-json\/wp\/v2\/pages\/8979\/revisions\/9393"}],"wp:attachment":[{"href":"https:\/\/gotec-bonding-agent-systems.com\/es\/wp-json\/wp\/v2\/media?parent=8979"}],"curies":[{"name":"wp","href":"https:\/\/api.w.org\/{rel}","templated":true}]}}