{"id":8994,"date":"2026-01-22T21:44:14","date_gmt":"2026-01-22T21:44:14","guid":{"rendered":"https:\/\/gotec-bonding-agent-systems.com\/kamelock-km-20\/"},"modified":"2026-04-05T10:32:41","modified_gmt":"2026-04-05T10:32:41","slug":"kamelock-km-20","status":"publish","type":"page","link":"https:\/\/gotec-bonding-agent-systems.com\/es\/kamelock-km-20\/","title":{"rendered":"KA&amp;MELOCK KM 20 \u2013 Sistema de Adhesi\u00f3n sin Plomo"},"content":{"rendered":"\t\t<div data-elementor-type=\"wp-page\" data-elementor-id=\"8994\" class=\"elementor elementor-8994 elementor-7801\">\n\t\t\t\t<div class=\"elementor-element elementor-element-1412f02d e-flex e-con-boxed wpr-particle-no wpr-jarallax-no wpr-parallax-no wpr-sticky-section-no wpr-equal-height-no e-con e-parent\" data-id=\"1412f02d\" data-element_type=\"container\" data-e-type=\"container\">\n\t\t\t\t\t<div class=\"e-con-inner\">\n\t\t\t\t<div class=\"elementor-element elementor-element-31eaca3c elementor-widget elementor-widget-text-editor\" data-id=\"31eaca3c\" data-element_type=\"widget\" data-e-type=\"widget\" data-widget_type=\"text-editor.default\">\n\t\t\t\t\t\t\t\t\t\n<p\/>\n\n\n\n<p\/>\n\t\t\t\t\t\t\t\t<\/div>\n\t\t\t\t\t<\/div>\n\t\t\t\t<\/div>\n\t\t<div class=\"elementor-element elementor-element-3b6aab8 e-flex e-con-boxed wpr-particle-no wpr-jarallax-no wpr-parallax-no wpr-sticky-section-no wpr-equal-height-no e-con e-parent\" data-id=\"3b6aab8\" data-element_type=\"container\" data-e-type=\"container\" data-settings=\"{&quot;background_background&quot;:&quot;classic&quot;}\">\n\t\t\t\t\t<div class=\"e-con-inner\">\n\t\t<div class=\"elementor-element elementor-element-3ec5e32 e-con-full e-flex wpr-particle-no wpr-jarallax-no wpr-parallax-no wpr-sticky-section-no wpr-equal-height-no e-con e-child\" data-id=\"3ec5e32\" data-element_type=\"container\" data-e-type=\"container\">\n\t\t\t\t<div class=\"elementor-element elementor-element-4125371 elementor-widget elementor-widget-elementskit-heading\" data-id=\"4125371\" data-element_type=\"widget\" data-e-type=\"widget\" data-widget_type=\"elementskit-heading.default\">\n\t\t\t\t\t<div class=\"ekit-wid-con\" ><div class=\"ekit-heading elementskit-section-title-wraper text_left   ekit_heading_tablet-   ekit_heading_mobile-\"><h2 class=\"ekit-heading--title elementskit-section-title \">KA&amp;MELOCK KM 20<\/h2>\t\t\t\t<div class='ekit-heading__description'>\n\t\t\t\t\t<p><strong>KA&amp;MELOCK KM 20<\/strong> es un <strong>adhesivo universal<\/strong> dise\u00f1ado para unir una amplia gama de compuestos elastom\u00e9ricos a <strong>sustratos met\u00e1licos y pl\u00e1sticos<\/strong>.<br>Est\u00e1 destinado a ser utilizado en combinaci\u00f3n con el <strong>imprimador KA&amp;MELOCK MP 05<\/strong> adecuado, formando un sistema de uni\u00f3n fiable.<\/p>\n<p>Este sistema proporciona una <strong>excelente resistencia a la corrosi\u00f3n, a las altas temperaturas y a los aceites<\/strong>, asegurando un rendimiento estable en condiciones industriales exigentes.<br>El <strong>sistema de uni\u00f3n KA&amp;MELOCK KM 20 no contiene plomo<\/strong>.<\/p>\n<p>KA&amp;MELOCK KM 20 permite la uni\u00f3n fiable de compuestos elastom\u00e9ricos basados en <strong>caucho natural (NR), caucho de butadieno (BR), caucho de isopreno (IR), caucho de estireno-butadieno (SBR), caucho de butilo (IIR), caucho de nitrilo (NBR) y caucho de cloropreno (CR)<\/strong> a la <strong>mayor\u00eda de metales, aleaciones met\u00e1licas y sustratos polim\u00e9ricos polares<\/strong>.<\/p>\n<p>La uni\u00f3n se produce durante el <strong>proceso de vulcanizaci\u00f3n<\/strong> del caucho.<br>Las temperaturas de curado t\u00edpicas para aplicaciones de moldeo oscilan entre <strong>130 y 180 \u00b0C<\/strong>.<\/p>\n\t\t\t\t<\/div>\n\t\t\t<\/div><\/div>\t\t\t\t<\/div>\n\t\t\t\t<\/div>\n\t\t<div class=\"elementor-element elementor-element-97ab580 e-con-full e-flex wpr-particle-no wpr-jarallax-no wpr-parallax-no wpr-sticky-section-no wpr-equal-height-no e-con e-child\" data-id=\"97ab580\" data-element_type=\"container\" data-e-type=\"container\">\n\t\t\t\t<div class=\"elementor-element elementor-element-619c866 elementor-widget elementor-widget-image\" data-id=\"619c866\" data-element_type=\"widget\" data-e-type=\"widget\" data-widget_type=\"image.default\">\n\t\t\t\t\t\t\t\t\t\t\t\t\t\t\t<img fetchpriority=\"high\" decoding=\"async\" width=\"683\" height=\"1024\" src=\"https:\/\/gotec-bonding-agent-systems.com\/wp-content\/uploads\/2026\/02\/KAMELOCK-KM-20-683x1024.png\" class=\"attachment-large size-large wp-image-8996\" alt=\"KA&amp;MELOCK KM 20\" srcset=\"https:\/\/gotec-bonding-agent-systems.com\/wp-content\/uploads\/2026\/02\/KAMELOCK-KM-20-683x1024.png 683w, https:\/\/gotec-bonding-agent-systems.com\/wp-content\/uploads\/2026\/02\/KAMELOCK-KM-20-200x300.png 200w, https:\/\/gotec-bonding-agent-systems.com\/wp-content\/uploads\/2026\/02\/KAMELOCK-KM-20-600x900.png 600w, https:\/\/gotec-bonding-agent-systems.com\/wp-content\/uploads\/2026\/02\/KAMELOCK-KM-20.png 1024w\" sizes=\"100vw\" \/>\t\t\t\t\t\t\t\t\t\t\t\t\t\t\t<\/div>\n\t\t\t\t<div class=\"elementor-element elementor-element-3c837e0 elementor-widget elementor-widget-spacer\" data-id=\"3c837e0\" data-element_type=\"widget\" data-e-type=\"widget\" data-widget_type=\"spacer.default\">\n\t\t\t\t\t\t\t<div class=\"elementor-spacer\">\n\t\t\t<div class=\"elementor-spacer-inner\"><\/div>\n\t\t<\/div>\n\t\t\t\t\t\t<\/div>\n\t\t\t\t<div class=\"elementor-element elementor-element-ff44b2c elementor-widget elementor-widget-button\" data-id=\"ff44b2c\" data-element_type=\"widget\" data-e-type=\"widget\" data-widget_type=\"button.default\">\n\t\t\t\t\t\t\t\t\t\t<a class=\"elementor-button elementor-button-link elementor-size-sm\" href=\"https:\/\/gotec-bonding-agent-systems.com\/wp-content\/uploads\/2026\/01\/9gAZ0t-Unknown.pdf\">\n\t\t\t\t\t\t<span class=\"elementor-button-content-wrapper\">\n\t\t\t\t\t\t\t\t\t<span class=\"elementor-button-text\">DESCARGAR PDF<\/span>\n\t\t\t\t\t<\/span>\n\t\t\t\t\t<\/a>\n\t\t\t\t\t\t\t\t<\/div>\n\t\t\t\t<\/div>\n\t\t\t\t\t<\/div>\n\t\t\t\t<\/div>\n\t\t\t\t<section class=\"elementor-section elementor-top-section elementor-element elementor-element-5612abe elementor-section-boxed elementor-section-height-default elementor-section-height-default wpr-particle-no wpr-jarallax-no wpr-parallax-no wpr-sticky-section-no wpr-equal-height-no\" data-id=\"5612abe\" data-element_type=\"section\" data-e-type=\"section\">\n\t\t\t\t\t\t<div class=\"elementor-container elementor-column-gap-default\">\n\t\t\t\t\t<div class=\"elementor-column elementor-col-100 elementor-top-column elementor-element elementor-element-41a7f47\" data-id=\"41a7f47\" data-element_type=\"column\" data-e-type=\"column\">\n\t\t\t<div class=\"elementor-widget-wrap elementor-element-populated\">\n\t\t\t\t\t\t<div class=\"elementor-element elementor-element-6fa31e6 elementor-widget elementor-widget-heading\" data-id=\"6fa31e6\" data-element_type=\"widget\" data-e-type=\"widget\" data-widget_type=\"heading.default\">\n\t\t\t\t\t<h2 class=\"elementor-heading-title elementor-size-default\">Datos T\u00e9cnicos<\/h2>\t\t\t\t<\/div>\n\t\t\t\t<div class=\"elementor-element elementor-element-f480252 wpr-list-style-none elementor-widget elementor-widget-wpr-posts-timeline\" data-id=\"f480252\" data-element_type=\"widget\" data-e-type=\"widget\" data-settings=\"{&quot;animation_offset&quot;:150,&quot;aos_animation_duration&quot;:600}\" data-widget_type=\"wpr-posts-timeline.default\">\n\t\t\t\t\t\n\t\t<div class=\"wpr-wrapper wpr-vertical wpr-one-sided-wrapper\">\n\t\t\t<div class=\"wpr-timeline-centered wpr-line wpr-one-sided-timeline\"><div class=\"wpr-middle-line\"><\/div><div class=\"wpr-timeline-fill\" data-layout=\"one-sided\"><\/div><article class=\"wpr-timeline-entry wpr-right-aligned elementor-repeater-item-f94da51\" data-item-id=\"elementor-repeater-item-f94da51\"><div class=\"wpr-timeline-entry-inner\"><div class=\"wpr-main-line-icon wpr-icon\"><\/div><div class=\"wpr-story-info-vertical wpr-data-wrap \"  data-aos=\"fade\" data-aos-left=\"\" data-aos-right=\"\" data-animation-offset=\"150\" data-animation-duration=\"600\"><div class=\"wpr-timeline-content-wrapper\"><div class=\"wpr-content-wrapper\"><div class=\"wpr-description\"><table>\n<tbody>\n<tr>\n<td>\n<p>L\u00edquido negro \u2013 verde color<\/p>\n<\/td>\n<td>\n<p> <\/p>\n<\/td>\n<\/tr>\n<\/tbody>\n<\/table>\n<table style=\"height: 124px\" width=\"238\">\n<tbody>\n<tr>\n<td>\n<p>Viscosidad 4 mm DIN-Cup 30 \u2013 70 s<\/p>\n<\/td>\n<td> <\/td>\n<\/tr>\n<\/tbody>\n<\/table>\n<table>\n<tbody>\n<tr>\n<td>\n<p>Viscosidad, cps a 25 \u00b0C (77 \u00b0F)<\/p>\n<table>\n<tbody>\n<tr>\n<td>\n<p> 80 \u2013 250 mPas<\/p>\n<\/td>\n<\/tr>\n<\/tbody>\n<\/table>\n<p>Brookfield SNB1<br>Husillo 2, 30 rpm<\/p>\n<\/td>\n<td> <\/td>\n<\/tr>\n<\/tbody>\n<\/table><\/div><\/div><\/div><\/div>\n\t\t\t\t\t\t<\/div>\n\t\t\t\t<\/article><article class=\"wpr-timeline-entry wpr-right-aligned elementor-repeater-item-2a37755\" data-item-id=\"elementor-repeater-item-2a37755\"><div class=\"wpr-timeline-entry-inner\"><div class=\"wpr-main-line-icon wpr-icon\"><\/div><div class=\"wpr-story-info-vertical wpr-data-wrap \"  data-aos=\"fade\" data-aos-left=\"\" data-aos-right=\"\" data-animation-offset=\"150\" data-animation-duration=\"600\"><div class=\"wpr-timeline-content-wrapper\"><div class=\"wpr-content-wrapper\"><div class=\"wpr-description\"><table>\n<tbody>\n<tr>\n<td>\n<p>Densidad relativa 0,96 \u2013 1,04 g\/cm\u00b3<\/p>\n<\/td>\n<td> <\/td>\n<\/tr>\n<\/tbody>\n<\/table>\n<table style=\"height: 172px\" width=\"201\">\n<tbody>\n<tr>\n<td>\n<p>Contenido de s\u00f3lidos 22 \u2013 26 % en peso<\/p>\n<\/td>\n<td> <\/td>\n<\/tr>\n<\/tbody>\n<\/table>\n<table>\n<tbody>\n<tr>\n<td>\n<p>Disolventes Xileno<\/p>\n<\/td>\n<td>\n<p> <\/p>\n<\/td>\n<\/tr>\n<\/tbody>\n<\/table>\n<p>*Los datos son t\u00edpicos y no deben utilizarse para fines de especificaci\u00f3n.<\/p><\/div><\/div><\/div><\/div>\n\t\t\t\t\t\t<\/div>\n\t\t\t\t<\/article><\/div>    \n\t\t\t<\/div>\t\t\t\t<\/div>\n\t\t\t\t<div class=\"elementor-element elementor-element-956306b elementor-widget elementor-widget-text-editor\" data-id=\"956306b\" data-element_type=\"widget\" data-e-type=\"widget\" data-widget_type=\"text-editor.default\">\n\t\t\t\t\t\t\t\t\t<p data-start=\"257\" data-end=\"514\"><strong data-start=\"257\" data-end=\"282\">GOTEC Bonding Systems<\/strong> se compromete a ofrecer la m\u00e1xima calidad posible a sus clientes.<br data-start=\"356\" data-end=\"359\">Un sistema de gesti\u00f3n de calidad estructurado y fiable garantiza que todos los productos cumplan sistem\u00e1ticamente los requisitos de rendimiento definidos y las expectativas del cliente.<\/p>\n<p data-start=\"516\" data-end=\"752\">Los <strong data-start=\"516\" data-end=\"544\">adhesivos KA&amp;MELOCK<\/strong> son de base solvente y permiten una aplicaci\u00f3n fiable y sin problemas incluso en <strong data-start=\"620\" data-end=\"640\">condiciones adversas<\/strong>, incluyendo <strong data-start=\"652\" data-end=\"703\">temperaturas extremas y altas tensiones mec\u00e1nicas<\/strong>, en una amplia gama de aplicaciones industriales.<\/p>\n<p data-start=\"754\" data-end=\"1045\">Creemos que las <strong data-start=\"770\" data-end=\"817\">pruebas y an\u00e1lisis precisos son esenciales<\/strong>.<br data-start=\"818\" data-end=\"821\">Todos los productos KA&amp;MELOCK se prueban y documentan exhaustivamente en nuestros laboratorios. Paralelamente, nuestras <strong data-start=\"919\" data-end=\"937\">actividades de I+D<\/strong> apoyan continuamente el desarrollo y la optimizaci\u00f3n de productos en nuestras instalaciones dedicadas de demostraci\u00f3n y pruebas.<\/p>\t\t\t\t\t\t\t\t<\/div>\n\t\t\t\t\t<\/div>\n\t\t<\/div>\n\t\t\t\t\t<\/div>\n\t\t<\/section>\n\t\t\t\t<\/div>\n\t\t\n    <div class=\"xs_social_share_widget xs_share_url after_content \t\tmain_content  wslu-style-1 wslu-share-box-shaped wslu-fill-colored wslu-none wslu-share-horizontal wslu-theme-font-no wslu-main_content\">\n\n\t\t\n        <ul>\n\t\t\t        <\/ul>\n    <\/div> \n","protected":false},"excerpt":{"rendered":"<p>KA&amp;MELOCK KM 20 KA&amp;MELOCK KM 20 es un adhesivo universal dise\u00f1ado para unir una amplia gama de compuestos elastom\u00e9ricos a sustratos met\u00e1licos y pl\u00e1sticos.Est\u00e1 destinado a ser utilizado en combinaci\u00f3n con el imprimador KA&amp;MELOCK MP 05 adecuado, formando un sistema de uni\u00f3n fiable. Este sistema proporciona una excelente resistencia a la corrosi\u00f3n, a las altas temperaturas y a los aceites, asegurando un rendimiento estable en condiciones industriales exigentes.El sistema de uni\u00f3n KA&amp;MELOCK KM 20 no contiene plomo. KA&amp;MELOCK KM 20 permite la uni\u00f3n fiable de compuestos elastom\u00e9ricos basados en caucho natural (NR), caucho de butadieno (BR), caucho de isopreno (IR), caucho de estireno-butadieno (SBR), caucho de butilo (IIR), caucho de nitrilo (NBR) y caucho de cloropreno (CR) a la mayor\u00eda de metales, aleaciones met\u00e1licas y sustratos polim\u00e9ricos polares. La uni\u00f3n se produce durante el proceso de vulcanizaci\u00f3n del caucho.Las temperaturas de curado t\u00edpicas para aplicaciones de moldeo oscilan entre 130 y 180 \u00b0C. DESCARGAR PDF Datos T\u00e9cnicos L\u00edquido negro \u2013 verde color Viscosidad 4 mm DIN-Cup 30 \u2013 70 s Viscosidad, cps a 25 \u00b0C (77 \u00b0F) 80 \u2013 250 mPas Brookfield SNB1Husillo 2, 30 rpm Densidad relativa 0,96 \u2013 1,04 g\/cm\u00b3 Contenido de s\u00f3lidos 22 \u2013 26 % en peso Disolventes Xileno *Los datos son t\u00edpicos y no deben utilizarse para fines de especificaci\u00f3n. GOTEC Bonding Systems se compromete a ofrecer la m\u00e1xima calidad posible a sus clientes.Un sistema de gesti\u00f3n de calidad estructurado y fiable garantiza que todos los productos cumplan sistem\u00e1ticamente los requisitos de rendimiento definidos y las expectativas del cliente. Los adhesivos KA&amp;MELOCK son de base solvente y permiten una aplicaci\u00f3n fiable y sin problemas incluso en condiciones adversas, incluyendo temperaturas extremas y altas tensiones mec\u00e1nicas, en una amplia gama de aplicaciones industriales. Creemos que las pruebas y an\u00e1lisis precisos son esenciales.Todos los productos KA&amp;MELOCK se prueban y documentan exhaustivamente en nuestros laboratorios. Paralelamente, nuestras actividades de I+D apoyan continuamente el desarrollo y la optimizaci\u00f3n de productos en nuestras instalaciones dedicadas de demostraci\u00f3n y pruebas.<\/p>\n","protected":false},"author":1,"featured_media":0,"parent":0,"menu_order":0,"comment_status":"closed","ping_status":"closed","template":"","meta":{"postBodyCss":"","postBodyMargin":[],"postBodyPadding":[],"postBodyBackground":{"backgroundType":"classic","gradient":""},"inspiro_hide_title":false,"footnotes":""},"class_list":["post-8994","page","type-page","status-publish","hentry"],"yoast_head":"<!-- This site is optimized with the Yoast SEO plugin v27.4 - https:\/\/yoast.com\/product\/yoast-seo-wordpress\/ -->\n<title>KA&amp;MELOCK KM 20 \u2013 Sistema de Adhesi\u00f3n sin Plomo<\/title>\n<meta name=\"description\" content=\"KA&amp;MELOCK KM 20 adhesivo universal sin plomo para elast\u00f3meros a metal y pl\u00e1sticos. Utilizar con MP 05 para mayor durabilidad.\" \/>\n<meta name=\"robots\" content=\"index, follow, max-snippet:-1, max-image-preview:large, max-video-preview:-1\" \/>\n<link rel=\"canonical\" href=\"https:\/\/gotec-bonding-agent-systems.com\/es\/kamelock-km-20\/\" \/>\n<meta property=\"og:locale\" content=\"es_ES\" \/>\n<meta property=\"og:type\" content=\"article\" \/>\n<meta property=\"og:title\" content=\"KA&amp;MELOCK KM 20 \u2013 Sistema de Adhesi\u00f3n sin Plomo\" \/>\n<meta property=\"og:description\" content=\"KA&amp;MELOCK KM 20 adhesivo universal sin plomo para elast\u00f3meros a metal y pl\u00e1sticos. Utilizar con MP 05 para mayor durabilidad.\" \/>\n<meta property=\"og:url\" content=\"https:\/\/gotec-bonding-agent-systems.com\/es\/kamelock-km-20\/\" \/>\n<meta property=\"og:site_name\" content=\"GOTEC Bonding Systems\" \/>\n<meta property=\"article:modified_time\" content=\"2026-04-05T10:32:41+00:00\" \/>\n<meta property=\"og:image\" content=\"https:\/\/gotec-bonding-agent-systems.com\/wp-content\/uploads\/2026\/02\/KAMELOCK-KM-20-683x1024.png\" \/>\n<meta name=\"twitter:card\" content=\"summary_large_image\" \/>\n<meta name=\"twitter:label1\" content=\"Tiempo de lectura\" \/>\n\t<meta name=\"twitter:data1\" content=\"2 minutos\" \/>\n<script type=\"application\/ld+json\" class=\"yoast-schema-graph\">{\"@context\":\"https:\\\/\\\/schema.org\",\"@graph\":[{\"@type\":\"WebPage\",\"@id\":\"https:\\\/\\\/gotec-bonding-agent-systems.com\\\/es\\\/kamelock-km-20\\\/\",\"url\":\"https:\\\/\\\/gotec-bonding-agent-systems.com\\\/es\\\/kamelock-km-20\\\/\",\"name\":\"KA&amp;MELOCK KM 20 \u2013 Sistema de Adhesi\u00f3n sin Plomo\",\"isPartOf\":{\"@id\":\"https:\\\/\\\/gotec-bonding-agent-systems.com\\\/#website\"},\"primaryImageOfPage\":{\"@id\":\"https:\\\/\\\/gotec-bonding-agent-systems.com\\\/es\\\/kamelock-km-20\\\/#primaryimage\"},\"image\":{\"@id\":\"https:\\\/\\\/gotec-bonding-agent-systems.com\\\/es\\\/kamelock-km-20\\\/#primaryimage\"},\"thumbnailUrl\":\"https:\\\/\\\/gotec-bonding-agent-systems.com\\\/wp-content\\\/uploads\\\/2026\\\/02\\\/KAMELOCK-KM-20-683x1024.png\",\"datePublished\":\"2026-01-22T21:44:14+00:00\",\"dateModified\":\"2026-04-05T10:32:41+00:00\",\"description\":\"KA&MELOCK KM 20 adhesivo universal sin plomo para elast\u00f3meros a metal y pl\u00e1sticos. Utilizar con MP 05 para mayor durabilidad.\",\"breadcrumb\":{\"@id\":\"https:\\\/\\\/gotec-bonding-agent-systems.com\\\/es\\\/kamelock-km-20\\\/#breadcrumb\"},\"inLanguage\":\"es\",\"potentialAction\":[{\"@type\":\"ReadAction\",\"target\":[\"https:\\\/\\\/gotec-bonding-agent-systems.com\\\/es\\\/kamelock-km-20\\\/\"]}]},{\"@type\":\"ImageObject\",\"inLanguage\":\"es\",\"@id\":\"https:\\\/\\\/gotec-bonding-agent-systems.com\\\/es\\\/kamelock-km-20\\\/#primaryimage\",\"url\":\"https:\\\/\\\/gotec-bonding-agent-systems.com\\\/wp-content\\\/uploads\\\/2026\\\/02\\\/KAMELOCK-KM-20-683x1024.png\",\"contentUrl\":\"https:\\\/\\\/gotec-bonding-agent-systems.com\\\/wp-content\\\/uploads\\\/2026\\\/02\\\/KAMELOCK-KM-20-683x1024.png\"},{\"@type\":\"BreadcrumbList\",\"@id\":\"https:\\\/\\\/gotec-bonding-agent-systems.com\\\/es\\\/kamelock-km-20\\\/#breadcrumb\",\"itemListElement\":[{\"@type\":\"ListItem\",\"position\":1,\"name\":\"Start\",\"item\":\"https:\\\/\\\/gotec-bonding-agent-systems.com\\\/es\\\/\"},{\"@type\":\"ListItem\",\"position\":2,\"name\":\"KA&amp;MELOCK KM 20 \u2013 Sistema de Adhesi\u00f3n sin Plomo\"}]},{\"@type\":\"WebSite\",\"@id\":\"https:\\\/\\\/gotec-bonding-agent-systems.com\\\/#website\",\"url\":\"https:\\\/\\\/gotec-bonding-agent-systems.com\\\/\",\"name\":\"GOTEC Bonding Systems\",\"description\":\"\",\"publisher\":{\"@id\":\"https:\\\/\\\/gotec-bonding-agent-systems.com\\\/#organization\"},\"potentialAction\":[{\"@type\":\"SearchAction\",\"target\":{\"@type\":\"EntryPoint\",\"urlTemplate\":\"https:\\\/\\\/gotec-bonding-agent-systems.com\\\/?s={search_term_string}\"},\"query-input\":{\"@type\":\"PropertyValueSpecification\",\"valueRequired\":true,\"valueName\":\"search_term_string\"}}],\"inLanguage\":\"es\"},{\"@type\":\"Organization\",\"@id\":\"https:\\\/\\\/gotec-bonding-agent-systems.com\\\/#organization\",\"name\":\"GOTEC Bonding Systems\",\"url\":\"https:\\\/\\\/gotec-bonding-agent-systems.com\\\/\",\"logo\":{\"@type\":\"ImageObject\",\"inLanguage\":\"es\",\"@id\":\"https:\\\/\\\/gotec-bonding-agent-systems.com\\\/#\\\/schema\\\/logo\\\/image\\\/\",\"url\":\"https:\\\/\\\/gotec-bonding-agent-systems.com\\\/wp-content\\\/uploads\\\/2025\\\/11\\\/cropped-GOTEC_Bonding_Systems_Logo.png\",\"contentUrl\":\"https:\\\/\\\/gotec-bonding-agent-systems.com\\\/wp-content\\\/uploads\\\/2025\\\/11\\\/cropped-GOTEC_Bonding_Systems_Logo.png\",\"width\":2122,\"height\":1287,\"caption\":\"GOTEC Bonding Systems\"},\"image\":{\"@id\":\"https:\\\/\\\/gotec-bonding-agent-systems.com\\\/#\\\/schema\\\/logo\\\/image\\\/\"}}]}<\/script>\n<!-- \/ Yoast SEO plugin. -->","yoast_head_json":{"title":"KA&amp;MELOCK KM 20 \u2013 Sistema de Adhesi\u00f3n sin Plomo","description":"KA&MELOCK KM 20 adhesivo universal sin plomo para elast\u00f3meros a metal y pl\u00e1sticos. Utilizar con MP 05 para mayor durabilidad.","robots":{"index":"index","follow":"follow","max-snippet":"max-snippet:-1","max-image-preview":"max-image-preview:large","max-video-preview":"max-video-preview:-1"},"canonical":"https:\/\/gotec-bonding-agent-systems.com\/es\/kamelock-km-20\/","og_locale":"es_ES","og_type":"article","og_title":"KA&amp;MELOCK KM 20 \u2013 Sistema de Adhesi\u00f3n sin Plomo","og_description":"KA&MELOCK KM 20 adhesivo universal sin plomo para elast\u00f3meros a metal y pl\u00e1sticos. Utilizar con MP 05 para mayor durabilidad.","og_url":"https:\/\/gotec-bonding-agent-systems.com\/es\/kamelock-km-20\/","og_site_name":"GOTEC Bonding Systems","article_modified_time":"2026-04-05T10:32:41+00:00","og_image":[{"url":"https:\/\/gotec-bonding-agent-systems.com\/wp-content\/uploads\/2026\/02\/KAMELOCK-KM-20-683x1024.png","type":"","width":"","height":""}],"twitter_card":"summary_large_image","twitter_misc":{"Tiempo de lectura":"2 minutos"},"schema":{"@context":"https:\/\/schema.org","@graph":[{"@type":"WebPage","@id":"https:\/\/gotec-bonding-agent-systems.com\/es\/kamelock-km-20\/","url":"https:\/\/gotec-bonding-agent-systems.com\/es\/kamelock-km-20\/","name":"KA&amp;MELOCK KM 20 \u2013 Sistema de Adhesi\u00f3n sin Plomo","isPartOf":{"@id":"https:\/\/gotec-bonding-agent-systems.com\/#website"},"primaryImageOfPage":{"@id":"https:\/\/gotec-bonding-agent-systems.com\/es\/kamelock-km-20\/#primaryimage"},"image":{"@id":"https:\/\/gotec-bonding-agent-systems.com\/es\/kamelock-km-20\/#primaryimage"},"thumbnailUrl":"https:\/\/gotec-bonding-agent-systems.com\/wp-content\/uploads\/2026\/02\/KAMELOCK-KM-20-683x1024.png","datePublished":"2026-01-22T21:44:14+00:00","dateModified":"2026-04-05T10:32:41+00:00","description":"KA&MELOCK KM 20 adhesivo universal sin plomo para elast\u00f3meros a metal y pl\u00e1sticos. Utilizar con MP 05 para mayor durabilidad.","breadcrumb":{"@id":"https:\/\/gotec-bonding-agent-systems.com\/es\/kamelock-km-20\/#breadcrumb"},"inLanguage":"es","potentialAction":[{"@type":"ReadAction","target":["https:\/\/gotec-bonding-agent-systems.com\/es\/kamelock-km-20\/"]}]},{"@type":"ImageObject","inLanguage":"es","@id":"https:\/\/gotec-bonding-agent-systems.com\/es\/kamelock-km-20\/#primaryimage","url":"https:\/\/gotec-bonding-agent-systems.com\/wp-content\/uploads\/2026\/02\/KAMELOCK-KM-20-683x1024.png","contentUrl":"https:\/\/gotec-bonding-agent-systems.com\/wp-content\/uploads\/2026\/02\/KAMELOCK-KM-20-683x1024.png"},{"@type":"BreadcrumbList","@id":"https:\/\/gotec-bonding-agent-systems.com\/es\/kamelock-km-20\/#breadcrumb","itemListElement":[{"@type":"ListItem","position":1,"name":"Start","item":"https:\/\/gotec-bonding-agent-systems.com\/es\/"},{"@type":"ListItem","position":2,"name":"KA&amp;MELOCK KM 20 \u2013 Sistema de Adhesi\u00f3n sin Plomo"}]},{"@type":"WebSite","@id":"https:\/\/gotec-bonding-agent-systems.com\/#website","url":"https:\/\/gotec-bonding-agent-systems.com\/","name":"GOTEC Bonding Systems","description":"","publisher":{"@id":"https:\/\/gotec-bonding-agent-systems.com\/#organization"},"potentialAction":[{"@type":"SearchAction","target":{"@type":"EntryPoint","urlTemplate":"https:\/\/gotec-bonding-agent-systems.com\/?s={search_term_string}"},"query-input":{"@type":"PropertyValueSpecification","valueRequired":true,"valueName":"search_term_string"}}],"inLanguage":"es"},{"@type":"Organization","@id":"https:\/\/gotec-bonding-agent-systems.com\/#organization","name":"GOTEC Bonding Systems","url":"https:\/\/gotec-bonding-agent-systems.com\/","logo":{"@type":"ImageObject","inLanguage":"es","@id":"https:\/\/gotec-bonding-agent-systems.com\/#\/schema\/logo\/image\/","url":"https:\/\/gotec-bonding-agent-systems.com\/wp-content\/uploads\/2025\/11\/cropped-GOTEC_Bonding_Systems_Logo.png","contentUrl":"https:\/\/gotec-bonding-agent-systems.com\/wp-content\/uploads\/2025\/11\/cropped-GOTEC_Bonding_Systems_Logo.png","width":2122,"height":1287,"caption":"GOTEC Bonding Systems"},"image":{"@id":"https:\/\/gotec-bonding-agent-systems.com\/#\/schema\/logo\/image\/"}}]}},"featured_media_urls":[],"_links":{"self":[{"href":"https:\/\/gotec-bonding-agent-systems.com\/es\/wp-json\/wp\/v2\/pages\/8994","targetHints":{"allow":["GET"]}}],"collection":[{"href":"https:\/\/gotec-bonding-agent-systems.com\/es\/wp-json\/wp\/v2\/pages"}],"about":[{"href":"https:\/\/gotec-bonding-agent-systems.com\/es\/wp-json\/wp\/v2\/types\/page"}],"author":[{"embeddable":true,"href":"https:\/\/gotec-bonding-agent-systems.com\/es\/wp-json\/wp\/v2\/users\/1"}],"replies":[{"embeddable":true,"href":"https:\/\/gotec-bonding-agent-systems.com\/es\/wp-json\/wp\/v2\/comments?post=8994"}],"version-history":[{"count":6,"href":"https:\/\/gotec-bonding-agent-systems.com\/es\/wp-json\/wp\/v2\/pages\/8994\/revisions"}],"predecessor-version":[{"id":9383,"href":"https:\/\/gotec-bonding-agent-systems.com\/es\/wp-json\/wp\/v2\/pages\/8994\/revisions\/9383"}],"wp:attachment":[{"href":"https:\/\/gotec-bonding-agent-systems.com\/es\/wp-json\/wp\/v2\/media?parent=8994"}],"curies":[{"name":"wp","href":"https:\/\/api.w.org\/{rel}","templated":true}]}}