{"id":9004,"date":"2026-01-22T21:32:31","date_gmt":"2026-01-22T21:32:31","guid":{"rendered":"https:\/\/gotec-bonding-agent-systems.com\/kamelock-km-17\/"},"modified":"2026-04-05T10:32:01","modified_gmt":"2026-04-05T10:32:01","slug":"kamelock-km-17","status":"publish","type":"page","link":"https:\/\/gotec-bonding-agent-systems.com\/es\/kamelock-km-17\/","title":{"rendered":"KA&amp;MELOCK KM 17 \u2013 Adhesivo de capa superior"},"content":{"rendered":"\t\t<div data-elementor-type=\"wp-page\" data-elementor-id=\"9004\" class=\"elementor elementor-9004 elementor-7790\">\n\t\t\t\t<div class=\"elementor-element elementor-element-8d958a4 e-flex e-con-boxed wpr-particle-no wpr-jarallax-no wpr-parallax-no wpr-sticky-section-no wpr-equal-height-no e-con e-parent\" data-id=\"8d958a4\" data-element_type=\"container\" data-e-type=\"container\" data-settings=\"{&quot;background_background&quot;:&quot;classic&quot;}\">\n\t\t\t\t\t<div class=\"e-con-inner\">\n\t\t<div class=\"elementor-element elementor-element-26bbeaa e-con-full e-flex wpr-particle-no wpr-jarallax-no wpr-parallax-no wpr-sticky-section-no wpr-equal-height-no e-con e-child\" data-id=\"26bbeaa\" data-element_type=\"container\" data-e-type=\"container\">\n\t\t\t\t<div class=\"elementor-element elementor-element-711f11c elementor-widget elementor-widget-elementskit-heading\" data-id=\"711f11c\" data-element_type=\"widget\" data-e-type=\"widget\" data-widget_type=\"elementskit-heading.default\">\n\t\t\t\t\t<div class=\"ekit-wid-con\" ><div class=\"ekit-heading elementskit-section-title-wraper text_left   ekit_heading_tablet-   ekit_heading_mobile-\"><h2 class=\"ekit-heading--title elementskit-section-title \">KA&amp;MELOCK KM 17<\/h2>\t\t\t\t<div class='ekit-heading__description'>\n\t\t\t\t\t<p><strong>KA&amp;MELOCK KM 17<\/strong> es un <strong>adhesivo para elast\u00f3meros<\/strong> dise\u00f1ado para ser utilizado como <strong>capa superior<\/strong>.<br>Cuando se aplica en combinaci\u00f3n con la <strong>imprimaci\u00f3n KA&amp;MELOCK MP 05<\/strong>, es especialmente adecuado para aplicaciones que requieren <strong>alta resistencia a temperaturas elevadas, corrosi\u00f3n y cargas din\u00e1micas<\/strong> durante el proceso de vulcanizaci\u00f3n de elast\u00f3meros unidos a sustratos met\u00e1licos y pl\u00e1sticos.<br>En ciertas aplicaciones, KA&amp;MELOCK KM 17 tambi\u00e9n puede utilizarse como <strong>adhesivo de una sola capa<\/strong>.<\/p>\n<p>El recubrimiento con KA&amp;MELOCK KM 17 proporciona <strong>buena resistencia a la corrosi\u00f3n, aceites y disolventes<\/strong>. Sin embargo, la <strong>resistencia a la corrosi\u00f3n y al calor se mejora significativamente<\/strong> cuando el sistema se aplica en combinaci\u00f3n con la <strong>imprimaci\u00f3n KA&amp;MELOCK MP 05<\/strong>. <\/p>\n<p>KA&amp;MELOCK KM 17 permite la uni\u00f3n fiable de compuestos de elast\u00f3meros basados en <strong>caucho natural (NR), poliisopreno (IR), polibutadieno (BR), caucho de estireno-butadieno (SBR), caucho de nitrilo (NBR), caucho de cloropreno (CR), caucho de butilo (IIR) y caucho de etileno-propileno (EPDM)<\/strong> a una amplia gama de <strong>sustratos met\u00e1licos y pl\u00e1sticos<\/strong> durante el proceso de vulcanizaci\u00f3n.<\/p>\n<p>La combinaci\u00f3n de <strong>KA&amp;MELOCK MP 05 y KA&amp;MELOCK KM 17<\/strong> es especialmente adecuada para <strong>mezclas blandas de NBR y NR<\/strong>, sobre todo en la producci\u00f3n de componentes de <strong>moldeo por transferencia (TM) y moldeo por inyecci\u00f3n (IM)<\/strong>.<\/p>\n\t\t\t\t<\/div>\n\t\t\t<\/div><\/div>\t\t\t\t<\/div>\n\t\t\t\t<\/div>\n\t\t<div class=\"elementor-element elementor-element-9936c04 e-con-full e-flex wpr-particle-no wpr-jarallax-no wpr-parallax-no wpr-sticky-section-no wpr-equal-height-no e-con e-child\" data-id=\"9936c04\" data-element_type=\"container\" data-e-type=\"container\">\n\t\t\t\t<div class=\"elementor-element elementor-element-28e1b4a elementor-widget elementor-widget-image\" data-id=\"28e1b4a\" data-element_type=\"widget\" data-e-type=\"widget\" data-widget_type=\"image.default\">\n\t\t\t\t\t\t\t\t\t\t\t\t\t\t\t<img fetchpriority=\"high\" decoding=\"async\" width=\"950\" height=\"634\" src=\"https:\/\/gotec-bonding-agent-systems.com\/wp-content\/uploads\/2026\/02\/KAMELOCK-KM-17-1024x683.png\" class=\"attachment-large size-large wp-image-9006\" alt=\"KA&amp;MELOCK KM 17\" srcset=\"https:\/\/gotec-bonding-agent-systems.com\/wp-content\/uploads\/2026\/02\/KAMELOCK-KM-17-1024x683.png 1024w, https:\/\/gotec-bonding-agent-systems.com\/wp-content\/uploads\/2026\/02\/KAMELOCK-KM-17-300x200.png 300w, https:\/\/gotec-bonding-agent-systems.com\/wp-content\/uploads\/2026\/02\/KAMELOCK-KM-17-600x400.png 600w, https:\/\/gotec-bonding-agent-systems.com\/wp-content\/uploads\/2026\/02\/KAMELOCK-KM-17-1200x800.png 1200w, https:\/\/gotec-bonding-agent-systems.com\/wp-content\/uploads\/2026\/02\/KAMELOCK-KM-17.png 1536w\" sizes=\"100vw\" \/>\t\t\t\t\t\t\t\t\t\t\t\t\t\t\t<\/div>\n\t\t\t\t<div class=\"elementor-element elementor-element-c3fcfd9 elementor-widget elementor-widget-spacer\" data-id=\"c3fcfd9\" data-element_type=\"widget\" data-e-type=\"widget\" data-widget_type=\"spacer.default\">\n\t\t\t\t\t\t\t<div class=\"elementor-spacer\">\n\t\t\t<div class=\"elementor-spacer-inner\"><\/div>\n\t\t<\/div>\n\t\t\t\t\t\t<\/div>\n\t\t\t\t<div class=\"elementor-element elementor-element-cc13d99 elementor-widget elementor-widget-button\" data-id=\"cc13d99\" data-element_type=\"widget\" data-e-type=\"widget\" data-widget_type=\"button.default\">\n\t\t\t\t\t\t\t\t\t\t<a class=\"elementor-button elementor-button-link elementor-size-sm\" href=\"https:\/\/gotec-bonding-agent-systems.com\/wp-content\/uploads\/2026\/01\/7ts9pw-Unknown.pdf\">\n\t\t\t\t\t\t<span class=\"elementor-button-content-wrapper\">\n\t\t\t\t\t\t\t\t\t<span class=\"elementor-button-text\">DESCARGAR PDF<\/span>\n\t\t\t\t\t<\/span>\n\t\t\t\t\t<\/a>\n\t\t\t\t\t\t\t\t<\/div>\n\t\t\t\t<\/div>\n\t\t\t\t\t<\/div>\n\t\t\t\t<\/div>\n\t\t\t\t<section class=\"elementor-section elementor-top-section elementor-element elementor-element-5e3b37d elementor-section-boxed elementor-section-height-default elementor-section-height-default wpr-particle-no wpr-jarallax-no wpr-parallax-no wpr-sticky-section-no wpr-equal-height-no\" data-id=\"5e3b37d\" data-element_type=\"section\" data-e-type=\"section\">\n\t\t\t\t\t\t<div class=\"elementor-container elementor-column-gap-default\">\n\t\t\t\t\t<div class=\"elementor-column elementor-col-100 elementor-top-column elementor-element elementor-element-a235b31\" data-id=\"a235b31\" data-element_type=\"column\" data-e-type=\"column\">\n\t\t\t<div class=\"elementor-widget-wrap elementor-element-populated\">\n\t\t\t\t\t\t<div class=\"elementor-element elementor-element-0fc6c56 elementor-widget elementor-widget-heading\" data-id=\"0fc6c56\" data-element_type=\"widget\" data-e-type=\"widget\" data-widget_type=\"heading.default\">\n\t\t\t\t\t<h2 class=\"elementor-heading-title elementor-size-default\">Datos T\u00e9cnicos<\/h2>\t\t\t\t<\/div>\n\t\t\t\t<div class=\"elementor-element elementor-element-8f674c1 wpr-list-style-none elementor-widget elementor-widget-wpr-posts-timeline\" data-id=\"8f674c1\" data-element_type=\"widget\" data-e-type=\"widget\" data-settings=\"{&quot;animation_offset&quot;:150,&quot;aos_animation_duration&quot;:600}\" data-widget_type=\"wpr-posts-timeline.default\">\n\t\t\t\t\t\n\t\t<div class=\"wpr-wrapper wpr-vertical wpr-one-sided-wrapper\">\n\t\t\t<div class=\"wpr-timeline-centered wpr-line wpr-one-sided-timeline\"><div class=\"wpr-middle-line\"><\/div><div class=\"wpr-timeline-fill\" data-layout=\"one-sided\"><\/div><article class=\"wpr-timeline-entry wpr-right-aligned elementor-repeater-item-f94da51\" data-item-id=\"elementor-repeater-item-f94da51\"><div class=\"wpr-timeline-entry-inner\"><div class=\"wpr-main-line-icon wpr-icon\"><\/div><div class=\"wpr-story-info-vertical wpr-data-wrap \"  data-aos=\"fade\" data-aos-left=\"\" data-aos-right=\"\" data-animation-offset=\"150\" data-animation-duration=\"600\"><div class=\"wpr-timeline-content-wrapper\"><div class=\"wpr-content-wrapper\"><div class=\"wpr-description\"><table><tbody><tr><td><p>L\u00edquido marr\u00f3n<\/p><\/td><td> <\/td><\/tr><\/tbody><\/table><table style=\"height: 124px\" width=\"238\"><tbody><tr><td><p>Viscosidad 4 mm DIN-Cup 80 \u2013 120 s<\/p><\/td><td> <\/td><\/tr><\/tbody><\/table><table><tbody><tr><td><p>Viscosidad, cps a 25 \u00b0C (77 \u00b0F)<\/p><table><tbody><tr><td><p> 200 \u2013 600 mPas<\/p><\/td><\/tr><\/tbody><\/table><p>Brookfield SNB1<br>Husillo 2, 30 rpm<\/p><\/td><td> <\/td><\/tr><\/tbody><\/table><\/div><\/div><\/div><\/div>\n\t\t\t\t\t\t<\/div>\n\t\t\t\t<\/article><article class=\"wpr-timeline-entry wpr-right-aligned elementor-repeater-item-2a37755\" data-item-id=\"elementor-repeater-item-2a37755\"><div class=\"wpr-timeline-entry-inner\"><div class=\"wpr-main-line-icon wpr-icon\"><\/div><div class=\"wpr-story-info-vertical wpr-data-wrap \"  data-aos=\"fade\" data-aos-left=\"\" data-aos-right=\"\" data-animation-offset=\"150\" data-animation-duration=\"600\"><div class=\"wpr-timeline-content-wrapper\"><div class=\"wpr-content-wrapper\"><div class=\"wpr-description\"><table><tbody><tr><td><p>Densidad 0,96 \u2013 1,04 g\/cm\u00b3<\/p><\/td><td> <\/td><\/tr><\/tbody><\/table><table style=\"height: 172px\" width=\"201\"><tbody><tr><td><p>Contenido de s\u00f3lidos 22 \u2013 26 % en peso<\/p><\/td><td> <\/td><\/tr><\/tbody><\/table><table><tbody><tr><td><p>Disolventes Xileno<\/p><\/td><td> <\/td><\/tr><\/tbody><\/table><p>*Los datos son t\u00edpicos y no deben utilizarse con fines de especificaci\u00f3n.<\/p><\/div><\/div><\/div><\/div>\n\t\t\t\t\t\t<\/div>\n\t\t\t\t<\/article><\/div>    \n\t\t\t<\/div>\t\t\t\t<\/div>\n\t\t\t\t<div class=\"elementor-element elementor-element-b8dfb14 elementor-widget elementor-widget-text-editor\" data-id=\"b8dfb14\" data-element_type=\"widget\" data-e-type=\"widget\" data-widget_type=\"text-editor.default\">\n\t\t\t\t\t\t\t\t\t<p data-start=\"246\" data-end=\"599\"><strong data-start=\"246\" data-end=\"360\">En GOTEC Bonding Agents, las pruebas precisas y el an\u00e1lisis exhaustivo son la base del rendimiento fiable de nuestros productos.<\/strong><br data-start=\"360\" data-end=\"363\">Todos los adhesivos KA&amp;MELOCK se prueban, documentan y validan en nuestros laboratorios. Paralelamente, las actividades continuas de investigaci\u00f3n y desarrollo respaldan la optimizaci\u00f3n constante de los productos en nuestras instalaciones dedicadas de demostraci\u00f3n y aplicaci\u00f3n. <\/p><p data-start=\"606\" data-end=\"923\">Para identificar el <strong data-start=\"636\" data-end=\"663\">adhesivo KA&amp;MELOCK<\/strong> m\u00e1s adecuado para su aplicaci\u00f3n, nuestro equipo t\u00e9cnico est\u00e1 a su disposici\u00f3n para ayudarle.<br data-start=\"732\" data-end=\"735\">Al proporcionar informaci\u00f3n sobre su compuesto de elast\u00f3mero, sustrato y m\u00e9todo de aplicaci\u00f3n, podemos recomendarle el <strong data-start=\"858\" data-end=\"892\">sistema adhesivo KA&amp;MELOCK<\/strong> apropiado y adaptado a sus requisitos.<\/p><p data-start=\"930\" data-end=\"1108\">Aumente el valor de sus productos con la <strong data-start=\"971\" data-end=\"992\">calidad KA&amp;MELOCK<\/strong>.<br data-start=\"993\" data-end=\"996\">Nuestros equipos de soporte t\u00e9cnico est\u00e1n disponibles para ayudarle durante sus procesos de desarrollo y producci\u00f3n.<\/p>\t\t\t\t\t\t\t\t<\/div>\n\t\t\t\t\t<\/div>\n\t\t<\/div>\n\t\t\t\t\t<\/div>\n\t\t<\/section>\n\t\t\t\t<\/div>\n\t\t\n    <div class=\"xs_social_share_widget xs_share_url after_content \t\tmain_content  wslu-style-1 wslu-share-box-shaped wslu-fill-colored wslu-none wslu-share-horizontal wslu-theme-font-no wslu-main_content\">\n\n\t\t\n        <ul>\n\t\t\t        <\/ul>\n    <\/div> \n","protected":false},"excerpt":{"rendered":"<p>KA&amp;MELOCK KM 17 KA&amp;MELOCK KM 17 es un adhesivo para elast\u00f3meros dise\u00f1ado para ser utilizado como capa superior.Cuando se aplica en combinaci\u00f3n con la imprimaci\u00f3n KA&amp;MELOCK MP 05, es especialmente adecuado para aplicaciones que requieren alta resistencia a temperaturas elevadas, corrosi\u00f3n y cargas din\u00e1micas durante el proceso de vulcanizaci\u00f3n de elast\u00f3meros unidos a sustratos met\u00e1licos y pl\u00e1sticos.En ciertas aplicaciones, KA&amp;MELOCK KM 17 tambi\u00e9n puede utilizarse como adhesivo de una sola capa. El recubrimiento con KA&amp;MELOCK KM 17 proporciona buena resistencia a la corrosi\u00f3n, aceites y disolventes. Sin embargo, la resistencia a la corrosi\u00f3n y al calor se mejora significativamente cuando el sistema se aplica en combinaci\u00f3n con la imprimaci\u00f3n KA&amp;MELOCK MP 05. KA&amp;MELOCK KM 17 permite la uni\u00f3n fiable de compuestos de elast\u00f3meros basados en caucho natural (NR), poliisopreno (IR), polibutadieno (BR), caucho de estireno-butadieno (SBR), caucho de nitrilo (NBR), caucho de cloropreno (CR), caucho de butilo (IIR) y caucho de etileno-propileno (EPDM) a una amplia gama de sustratos met\u00e1licos y pl\u00e1sticos durante el proceso de vulcanizaci\u00f3n. La combinaci\u00f3n de KA&amp;MELOCK MP 05 y KA&amp;MELOCK KM 17 es especialmente adecuada para mezclas blandas de NBR y NR, sobre todo en la producci\u00f3n de componentes de moldeo por transferencia (TM) y moldeo por inyecci\u00f3n (IM). DESCARGAR PDF Datos T\u00e9cnicos L\u00edquido marr\u00f3n Viscosidad 4 mm DIN-Cup 80 \u2013 120 s Viscosidad, cps a 25 \u00b0C (77 \u00b0F) 200 \u2013 600 mPas Brookfield SNB1Husillo 2, 30 rpm Densidad 0,96 \u2013 1,04 g\/cm\u00b3 Contenido de s\u00f3lidos 22 \u2013 26 % en peso Disolventes Xileno *Los datos son t\u00edpicos y no deben utilizarse con fines de especificaci\u00f3n. En GOTEC Bonding Agents, las pruebas precisas y el an\u00e1lisis exhaustivo son la base del rendimiento fiable de nuestros productos.Todos los adhesivos KA&amp;MELOCK se prueban, documentan y validan en nuestros laboratorios. Paralelamente, las actividades continuas de investigaci\u00f3n y desarrollo respaldan la optimizaci\u00f3n constante de los productos en nuestras instalaciones dedicadas de demostraci\u00f3n y aplicaci\u00f3n. Para identificar el adhesivo KA&amp;MELOCK m\u00e1s adecuado para su aplicaci\u00f3n, nuestro equipo t\u00e9cnico est\u00e1 a su disposici\u00f3n para ayudarle.Al proporcionar informaci\u00f3n sobre su compuesto de elast\u00f3mero, sustrato y m\u00e9todo de aplicaci\u00f3n, podemos recomendarle el sistema adhesivo KA&amp;MELOCK apropiado y adaptado a sus requisitos. Aumente el valor de sus productos con la calidad KA&amp;MELOCK.Nuestros equipos de soporte t\u00e9cnico est\u00e1n disponibles para ayudarle durante sus procesos de desarrollo y producci\u00f3n.<\/p>\n","protected":false},"author":1,"featured_media":0,"parent":0,"menu_order":0,"comment_status":"closed","ping_status":"closed","template":"","meta":{"postBodyCss":"","postBodyMargin":[],"postBodyPadding":[],"postBodyBackground":{"backgroundType":"classic","gradient":""},"inspiro_hide_title":false,"footnotes":""},"class_list":["post-9004","page","type-page","status-publish","hentry"],"yoast_head":"<!-- This site is optimized with the Yoast SEO plugin v27.4 - https:\/\/yoast.com\/product\/yoast-seo-wordpress\/ -->\n<title>KA&amp;MELOCK KM 17 \u2013 Adhesivo de capa superior<\/title>\n<meta name=\"description\" content=\"Adhesivo de capa superior KA&amp;MELOCK KM 17 para uniones elast\u00f3mero-metal\/pl\u00e1stico. Alta resistencia a la temperatura y a la corrosi\u00f3n con MP 05.\" \/>\n<meta name=\"robots\" content=\"index, follow, max-snippet:-1, max-image-preview:large, max-video-preview:-1\" \/>\n<link rel=\"canonical\" href=\"https:\/\/gotec-bonding-agent-systems.com\/es\/kamelock-km-17\/\" \/>\n<meta property=\"og:locale\" content=\"es_ES\" \/>\n<meta property=\"og:type\" content=\"article\" \/>\n<meta property=\"og:title\" content=\"KA&amp;MELOCK KM 17 \u2013 Adhesivo de capa superior\" \/>\n<meta property=\"og:description\" content=\"Adhesivo de capa superior KA&amp;MELOCK KM 17 para uniones elast\u00f3mero-metal\/pl\u00e1stico. Alta resistencia a la temperatura y a la corrosi\u00f3n con MP 05.\" \/>\n<meta property=\"og:url\" content=\"https:\/\/gotec-bonding-agent-systems.com\/es\/kamelock-km-17\/\" \/>\n<meta property=\"og:site_name\" content=\"GOTEC Bonding Systems\" \/>\n<meta property=\"article:modified_time\" content=\"2026-04-05T10:32:01+00:00\" \/>\n<meta property=\"og:image\" content=\"https:\/\/gotec-bonding-agent-systems.com\/wp-content\/uploads\/2026\/02\/KAMELOCK-KM-17-1024x683.png\" \/>\n<meta name=\"twitter:card\" content=\"summary_large_image\" \/>\n<meta name=\"twitter:label1\" content=\"Tiempo de lectura\" \/>\n\t<meta name=\"twitter:data1\" content=\"2 minutos\" \/>\n<script type=\"application\/ld+json\" class=\"yoast-schema-graph\">{\"@context\":\"https:\\\/\\\/schema.org\",\"@graph\":[{\"@type\":\"WebPage\",\"@id\":\"https:\\\/\\\/gotec-bonding-agent-systems.com\\\/es\\\/kamelock-km-17\\\/\",\"url\":\"https:\\\/\\\/gotec-bonding-agent-systems.com\\\/es\\\/kamelock-km-17\\\/\",\"name\":\"KA&MELOCK KM 17 \u2013 Adhesivo de capa superior\",\"isPartOf\":{\"@id\":\"https:\\\/\\\/gotec-bonding-agent-systems.com\\\/#website\"},\"primaryImageOfPage\":{\"@id\":\"https:\\\/\\\/gotec-bonding-agent-systems.com\\\/es\\\/kamelock-km-17\\\/#primaryimage\"},\"image\":{\"@id\":\"https:\\\/\\\/gotec-bonding-agent-systems.com\\\/es\\\/kamelock-km-17\\\/#primaryimage\"},\"thumbnailUrl\":\"https:\\\/\\\/gotec-bonding-agent-systems.com\\\/wp-content\\\/uploads\\\/2026\\\/02\\\/KAMELOCK-KM-17-1024x683.png\",\"datePublished\":\"2026-01-22T21:32:31+00:00\",\"dateModified\":\"2026-04-05T10:32:01+00:00\",\"description\":\"Adhesivo de capa superior KA&MELOCK KM 17 para uniones elast\u00f3mero-metal\\\/pl\u00e1stico. Alta resistencia a la temperatura y a la corrosi\u00f3n con MP 05.\",\"breadcrumb\":{\"@id\":\"https:\\\/\\\/gotec-bonding-agent-systems.com\\\/es\\\/kamelock-km-17\\\/#breadcrumb\"},\"inLanguage\":\"es\",\"potentialAction\":[{\"@type\":\"ReadAction\",\"target\":[\"https:\\\/\\\/gotec-bonding-agent-systems.com\\\/es\\\/kamelock-km-17\\\/\"]}]},{\"@type\":\"ImageObject\",\"inLanguage\":\"es\",\"@id\":\"https:\\\/\\\/gotec-bonding-agent-systems.com\\\/es\\\/kamelock-km-17\\\/#primaryimage\",\"url\":\"https:\\\/\\\/gotec-bonding-agent-systems.com\\\/wp-content\\\/uploads\\\/2026\\\/02\\\/KAMELOCK-KM-17-1024x683.png\",\"contentUrl\":\"https:\\\/\\\/gotec-bonding-agent-systems.com\\\/wp-content\\\/uploads\\\/2026\\\/02\\\/KAMELOCK-KM-17-1024x683.png\"},{\"@type\":\"BreadcrumbList\",\"@id\":\"https:\\\/\\\/gotec-bonding-agent-systems.com\\\/es\\\/kamelock-km-17\\\/#breadcrumb\",\"itemListElement\":[{\"@type\":\"ListItem\",\"position\":1,\"name\":\"Start\",\"item\":\"https:\\\/\\\/gotec-bonding-agent-systems.com\\\/es\\\/\"},{\"@type\":\"ListItem\",\"position\":2,\"name\":\"KA&amp;MELOCK KM 17 \u2013 Adhesivo de capa superior\"}]},{\"@type\":\"WebSite\",\"@id\":\"https:\\\/\\\/gotec-bonding-agent-systems.com\\\/#website\",\"url\":\"https:\\\/\\\/gotec-bonding-agent-systems.com\\\/\",\"name\":\"GOTEC Bonding Systems\",\"description\":\"\",\"publisher\":{\"@id\":\"https:\\\/\\\/gotec-bonding-agent-systems.com\\\/#organization\"},\"potentialAction\":[{\"@type\":\"SearchAction\",\"target\":{\"@type\":\"EntryPoint\",\"urlTemplate\":\"https:\\\/\\\/gotec-bonding-agent-systems.com\\\/?s={search_term_string}\"},\"query-input\":{\"@type\":\"PropertyValueSpecification\",\"valueRequired\":true,\"valueName\":\"search_term_string\"}}],\"inLanguage\":\"es\"},{\"@type\":\"Organization\",\"@id\":\"https:\\\/\\\/gotec-bonding-agent-systems.com\\\/#organization\",\"name\":\"GOTEC Bonding Systems\",\"url\":\"https:\\\/\\\/gotec-bonding-agent-systems.com\\\/\",\"logo\":{\"@type\":\"ImageObject\",\"inLanguage\":\"es\",\"@id\":\"https:\\\/\\\/gotec-bonding-agent-systems.com\\\/#\\\/schema\\\/logo\\\/image\\\/\",\"url\":\"https:\\\/\\\/gotec-bonding-agent-systems.com\\\/wp-content\\\/uploads\\\/2025\\\/11\\\/cropped-GOTEC_Bonding_Systems_Logo.png\",\"contentUrl\":\"https:\\\/\\\/gotec-bonding-agent-systems.com\\\/wp-content\\\/uploads\\\/2025\\\/11\\\/cropped-GOTEC_Bonding_Systems_Logo.png\",\"width\":2122,\"height\":1287,\"caption\":\"GOTEC Bonding Systems\"},\"image\":{\"@id\":\"https:\\\/\\\/gotec-bonding-agent-systems.com\\\/#\\\/schema\\\/logo\\\/image\\\/\"}}]}<\/script>\n<!-- \/ Yoast SEO plugin. -->","yoast_head_json":{"title":"KA&MELOCK KM 17 \u2013 Adhesivo de capa superior","description":"Adhesivo de capa superior KA&MELOCK KM 17 para uniones elast\u00f3mero-metal\/pl\u00e1stico. Alta resistencia a la temperatura y a la corrosi\u00f3n con MP 05.","robots":{"index":"index","follow":"follow","max-snippet":"max-snippet:-1","max-image-preview":"max-image-preview:large","max-video-preview":"max-video-preview:-1"},"canonical":"https:\/\/gotec-bonding-agent-systems.com\/es\/kamelock-km-17\/","og_locale":"es_ES","og_type":"article","og_title":"KA&MELOCK KM 17 \u2013 Adhesivo de capa superior","og_description":"Adhesivo de capa superior KA&MELOCK KM 17 para uniones elast\u00f3mero-metal\/pl\u00e1stico. Alta resistencia a la temperatura y a la corrosi\u00f3n con MP 05.","og_url":"https:\/\/gotec-bonding-agent-systems.com\/es\/kamelock-km-17\/","og_site_name":"GOTEC Bonding Systems","article_modified_time":"2026-04-05T10:32:01+00:00","og_image":[{"url":"https:\/\/gotec-bonding-agent-systems.com\/wp-content\/uploads\/2026\/02\/KAMELOCK-KM-17-1024x683.png","type":"","width":"","height":""}],"twitter_card":"summary_large_image","twitter_misc":{"Tiempo de lectura":"2 minutos"},"schema":{"@context":"https:\/\/schema.org","@graph":[{"@type":"WebPage","@id":"https:\/\/gotec-bonding-agent-systems.com\/es\/kamelock-km-17\/","url":"https:\/\/gotec-bonding-agent-systems.com\/es\/kamelock-km-17\/","name":"KA&MELOCK KM 17 \u2013 Adhesivo de capa superior","isPartOf":{"@id":"https:\/\/gotec-bonding-agent-systems.com\/#website"},"primaryImageOfPage":{"@id":"https:\/\/gotec-bonding-agent-systems.com\/es\/kamelock-km-17\/#primaryimage"},"image":{"@id":"https:\/\/gotec-bonding-agent-systems.com\/es\/kamelock-km-17\/#primaryimage"},"thumbnailUrl":"https:\/\/gotec-bonding-agent-systems.com\/wp-content\/uploads\/2026\/02\/KAMELOCK-KM-17-1024x683.png","datePublished":"2026-01-22T21:32:31+00:00","dateModified":"2026-04-05T10:32:01+00:00","description":"Adhesivo de capa superior KA&MELOCK KM 17 para uniones elast\u00f3mero-metal\/pl\u00e1stico. Alta resistencia a la temperatura y a la corrosi\u00f3n con MP 05.","breadcrumb":{"@id":"https:\/\/gotec-bonding-agent-systems.com\/es\/kamelock-km-17\/#breadcrumb"},"inLanguage":"es","potentialAction":[{"@type":"ReadAction","target":["https:\/\/gotec-bonding-agent-systems.com\/es\/kamelock-km-17\/"]}]},{"@type":"ImageObject","inLanguage":"es","@id":"https:\/\/gotec-bonding-agent-systems.com\/es\/kamelock-km-17\/#primaryimage","url":"https:\/\/gotec-bonding-agent-systems.com\/wp-content\/uploads\/2026\/02\/KAMELOCK-KM-17-1024x683.png","contentUrl":"https:\/\/gotec-bonding-agent-systems.com\/wp-content\/uploads\/2026\/02\/KAMELOCK-KM-17-1024x683.png"},{"@type":"BreadcrumbList","@id":"https:\/\/gotec-bonding-agent-systems.com\/es\/kamelock-km-17\/#breadcrumb","itemListElement":[{"@type":"ListItem","position":1,"name":"Start","item":"https:\/\/gotec-bonding-agent-systems.com\/es\/"},{"@type":"ListItem","position":2,"name":"KA&amp;MELOCK KM 17 \u2013 Adhesivo de capa superior"}]},{"@type":"WebSite","@id":"https:\/\/gotec-bonding-agent-systems.com\/#website","url":"https:\/\/gotec-bonding-agent-systems.com\/","name":"GOTEC Bonding Systems","description":"","publisher":{"@id":"https:\/\/gotec-bonding-agent-systems.com\/#organization"},"potentialAction":[{"@type":"SearchAction","target":{"@type":"EntryPoint","urlTemplate":"https:\/\/gotec-bonding-agent-systems.com\/?s={search_term_string}"},"query-input":{"@type":"PropertyValueSpecification","valueRequired":true,"valueName":"search_term_string"}}],"inLanguage":"es"},{"@type":"Organization","@id":"https:\/\/gotec-bonding-agent-systems.com\/#organization","name":"GOTEC Bonding Systems","url":"https:\/\/gotec-bonding-agent-systems.com\/","logo":{"@type":"ImageObject","inLanguage":"es","@id":"https:\/\/gotec-bonding-agent-systems.com\/#\/schema\/logo\/image\/","url":"https:\/\/gotec-bonding-agent-systems.com\/wp-content\/uploads\/2025\/11\/cropped-GOTEC_Bonding_Systems_Logo.png","contentUrl":"https:\/\/gotec-bonding-agent-systems.com\/wp-content\/uploads\/2025\/11\/cropped-GOTEC_Bonding_Systems_Logo.png","width":2122,"height":1287,"caption":"GOTEC Bonding Systems"},"image":{"@id":"https:\/\/gotec-bonding-agent-systems.com\/#\/schema\/logo\/image\/"}}]}},"featured_media_urls":[],"_links":{"self":[{"href":"https:\/\/gotec-bonding-agent-systems.com\/es\/wp-json\/wp\/v2\/pages\/9004","targetHints":{"allow":["GET"]}}],"collection":[{"href":"https:\/\/gotec-bonding-agent-systems.com\/es\/wp-json\/wp\/v2\/pages"}],"about":[{"href":"https:\/\/gotec-bonding-agent-systems.com\/es\/wp-json\/wp\/v2\/types\/page"}],"author":[{"embeddable":true,"href":"https:\/\/gotec-bonding-agent-systems.com\/es\/wp-json\/wp\/v2\/users\/1"}],"replies":[{"embeddable":true,"href":"https:\/\/gotec-bonding-agent-systems.com\/es\/wp-json\/wp\/v2\/comments?post=9004"}],"version-history":[{"count":6,"href":"https:\/\/gotec-bonding-agent-systems.com\/es\/wp-json\/wp\/v2\/pages\/9004\/revisions"}],"predecessor-version":[{"id":9374,"href":"https:\/\/gotec-bonding-agent-systems.com\/es\/wp-json\/wp\/v2\/pages\/9004\/revisions\/9374"}],"wp:attachment":[{"href":"https:\/\/gotec-bonding-agent-systems.com\/es\/wp-json\/wp\/v2\/media?parent=9004"}],"curies":[{"name":"wp","href":"https:\/\/api.w.org\/{rel}","templated":true}]}}