{"id":9030,"date":"2026-01-23T20:47:47","date_gmt":"2026-01-23T20:47:47","guid":{"rendered":"https:\/\/gotec-bonding-agent-systems.com\/aviso-legal\/"},"modified":"2026-03-16T21:59:07","modified_gmt":"2026-03-16T21:59:07","slug":"aviso-legal","status":"publish","type":"page","link":"https:\/\/gotec-bonding-agent-systems.com\/es\/aviso-legal\/","title":{"rendered":"Aviso legal"},"content":{"rendered":"\n<h2 class=\"wp-block-heading\"><\/h2>\n\n<h3 class=\"wp-block-heading\">Informaci\u00f3n de la empresa<\/h3>\n\n<p><strong>GOTEC Bonding Agents<\/strong><br\/>Kayapa OSB, Kayapa Mah. Beyaz Cad. N.\u00ba 18<br\/>Nil\u00fcfer \/ Bursa<br\/>Turqu\u00eda  <\/p>\n\n<p><strong>Correo electr\u00f3nico:<\/strong> <a>info@gotec-bonding-systems.com<\/a><br\/><strong>Sitio web:<\/strong> <a href=\"https:\/\/gotec-bonding-agent-systems.com\/es\/\">https:\/\/gotec-bonding-agent-systems.com<\/a><\/p>\n\n<h3 class=\"wp-block-heading\">Forma jur\u00eddica y representaci\u00f3n<\/h3>\n\n<p>GOTEC Bonding Agents est\u00e1 representada por su direcci\u00f3n autorizada.<br\/>Se proporcionar\u00e1n m\u00e1s detalles sobre la representaci\u00f3n legal tras la aprobaci\u00f3n definitiva.<\/p>\n\n<h3 class=\"wp-block-heading\">Registro mercantil<\/h3>\n\n<p>Registrada en Turqu\u00eda.<br\/>Los datos del registro mercantil se a\u00f1adir\u00e1n tras la confirmaci\u00f3n definitiva.<\/p>\n\n<h3 class=\"wp-block-heading\">N\u00famero de identificaci\u00f3n fiscal<\/h3>\n\n<p>NIF (si procede): se proporcionar\u00e1.<\/p>\n\n<h3 class=\"wp-block-heading\">Responsabilidad por el contenido<\/h3>\n\n<p>Los contenidos de nuestro sitio web se han elaborado con el m\u00e1ximo cuidado.<br\/>No obstante, no podemos garantizar la exactitud, integridad o actualidad del contenido.<br\/>Como proveedor de servicios, somos responsables de nuestro propio contenido en estas p\u00e1ginas de conformidad con la legislaci\u00f3n aplicable.<\/p>\n\n<h3 class=\"wp-block-heading\">Responsabilidad por enlaces<\/h3>\n\n<p>Nuestro sitio web contiene enlaces a sitios web externos de terceros.<br\/>No tenemos influencia sobre el contenido de estos sitios web y, por lo tanto, no podemos asumir ninguna responsabilidad por su contenido.<br\/>El proveedor u operador respectivo de las p\u00e1ginas enlazadas es siempre responsable de su contenido.<\/p>\n\n<h3 class=\"wp-block-heading\">Propiedad intelectual<\/h3>\n\n<p>Todos los contenidos, textos, im\u00e1genes, gr\u00e1ficos y dise\u00f1os de este sitio web est\u00e1n sujetos a las leyes de derechos de autor y propiedad intelectual.<br\/>Cualquier reproducci\u00f3n, modificaci\u00f3n o uso m\u00e1s all\u00e1 de los l\u00edmites de la ley de derechos de autor requiere consentimiento previo por escrito.<\/p>\n\n<h3 class=\"wp-block-heading\">Legislaci\u00f3n aplicable<\/h3>\n\n<p>Este sitio web y sus contenidos est\u00e1n sujetos a las leyes de la Rep\u00fablica de Turqu\u00eda.<\/p>\n\n<p><\/p>\n\n    <div class=\"xs_social_share_widget xs_share_url after_content \t\tmain_content  wslu-style-1 wslu-share-box-shaped wslu-fill-colored wslu-none wslu-share-horizontal wslu-theme-font-no wslu-main_content\">\n\n\t\t\n        <ul>\n\t\t\t        <\/ul>\n    <\/div> \n","protected":false},"excerpt":{"rendered":"<p>Informaci\u00f3n de la empresa GOTEC Bonding AgentsKayapa OSB, Kayapa Mah. Beyaz Cad. N.\u00ba 18Nil\u00fcfer \/ BursaTurqu\u00eda Correo electr\u00f3nico: info@gotec-bonding-systems.comSitio web: https:\/\/gotec-bonding-agent-systems.com Forma jur\u00eddica y representaci\u00f3n GOTEC Bonding Agents est\u00e1 representada por su direcci\u00f3n autorizada.Se proporcionar\u00e1n m\u00e1s detalles sobre la representaci\u00f3n legal tras la aprobaci\u00f3n definitiva. Registro mercantil Registrada en Turqu\u00eda.Los datos del registro mercantil se a\u00f1adir\u00e1n tras la confirmaci\u00f3n definitiva. N\u00famero de identificaci\u00f3n fiscal NIF (si procede): se proporcionar\u00e1. Responsabilidad por el contenido Los contenidos de nuestro sitio web se han elaborado con el m\u00e1ximo cuidado.No obstante, no podemos garantizar la exactitud, integridad o actualidad del contenido.Como proveedor de servicios, somos responsables de nuestro propio contenido en estas p\u00e1ginas de conformidad con la legislaci\u00f3n aplicable. Responsabilidad por enlaces Nuestro sitio web contiene enlaces a sitios web externos de terceros.No tenemos influencia sobre el contenido de estos sitios web y, por lo tanto, no podemos asumir ninguna responsabilidad por su contenido.El proveedor u operador respectivo de las p\u00e1ginas enlazadas es siempre responsable de su contenido. Propiedad intelectual Todos los contenidos, textos, im\u00e1genes, gr\u00e1ficos y dise\u00f1os de este sitio web est\u00e1n sujetos a las leyes de derechos de autor y propiedad intelectual.Cualquier reproducci\u00f3n, modificaci\u00f3n o uso m\u00e1s all\u00e1 de los l\u00edmites de la ley de derechos de autor requiere consentimiento previo por escrito. Legislaci\u00f3n aplicable Este sitio web y sus contenidos est\u00e1n sujetos a las leyes de la Rep\u00fablica de Turqu\u00eda.<\/p>\n","protected":false},"author":1,"featured_media":0,"parent":0,"menu_order":0,"comment_status":"closed","ping_status":"closed","template":"","meta":{"postBodyCss":"","postBodyMargin":[],"postBodyPadding":[],"postBodyBackground":{"backgroundType":"classic","gradient":""},"inspiro_hide_title":false,"footnotes":""},"class_list":["post-9030","page","type-page","status-publish","hentry"],"yoast_head":"<!-- This site is optimized with the Yoast SEO plugin v27.4 - https:\/\/yoast.com\/product\/yoast-seo-wordpress\/ -->\n<title>Aviso legal - GOTEC Bonding Systems<\/title>\n<meta name=\"robots\" content=\"noindex, follow\" \/>\n<meta property=\"og:locale\" content=\"es_ES\" \/>\n<meta property=\"og:type\" content=\"article\" \/>\n<meta property=\"og:title\" content=\"Aviso legal - GOTEC Bonding Systems\" \/>\n<meta property=\"og:description\" content=\"Informaci\u00f3n de la empresa GOTEC Bonding AgentsKayapa OSB, Kayapa Mah. Beyaz Cad. N.\u00ba 18Nil\u00fcfer \/ BursaTurqu\u00eda Correo electr\u00f3nico: info@gotec-bonding-systems.comSitio web: https:\/\/gotec-bonding-agent-systems.com Forma jur\u00eddica y representaci\u00f3n GOTEC Bonding Agents est\u00e1 representada por su direcci\u00f3n autorizada.Se proporcionar\u00e1n m\u00e1s detalles sobre la representaci\u00f3n legal tras la aprobaci\u00f3n definitiva. Registro mercantil Registrada en Turqu\u00eda.Los datos del registro mercantil se a\u00f1adir\u00e1n tras la confirmaci\u00f3n definitiva. N\u00famero de identificaci\u00f3n fiscal NIF (si procede): se proporcionar\u00e1. Responsabilidad por el contenido Los contenidos de nuestro sitio web se han elaborado con el m\u00e1ximo cuidado.No obstante, no podemos garantizar la exactitud, integridad o actualidad del contenido.Como proveedor de servicios, somos responsables de nuestro propio contenido en estas p\u00e1ginas de conformidad con la legislaci\u00f3n aplicable. Responsabilidad por enlaces Nuestro sitio web contiene enlaces a sitios web externos de terceros.No tenemos influencia sobre el contenido de estos sitios web y, por lo tanto, no podemos asumir ninguna responsabilidad por su contenido.El proveedor u operador respectivo de las p\u00e1ginas enlazadas es siempre responsable de su contenido. Propiedad intelectual Todos los contenidos, textos, im\u00e1genes, gr\u00e1ficos y dise\u00f1os de este sitio web est\u00e1n sujetos a las leyes de derechos de autor y propiedad intelectual.Cualquier reproducci\u00f3n, modificaci\u00f3n o uso m\u00e1s all\u00e1 de los l\u00edmites de la ley de derechos de autor requiere consentimiento previo por escrito. Legislaci\u00f3n aplicable Este sitio web y sus contenidos est\u00e1n sujetos a las leyes de la Rep\u00fablica de Turqu\u00eda.\" \/>\n<meta property=\"og:url\" content=\"https:\/\/gotec-bonding-agent-systems.com\/es\/?page_id=9030\" \/>\n<meta property=\"og:site_name\" content=\"GOTEC Bonding Systems\" \/>\n<meta property=\"article:modified_time\" content=\"2026-03-16T21:59:07+00:00\" \/>\n<meta name=\"twitter:card\" content=\"summary_large_image\" \/>\n<meta name=\"twitter:label1\" content=\"Tiempo de lectura\" \/>\n\t<meta name=\"twitter:data1\" content=\"1 minuto\" \/>\n<script type=\"application\/ld+json\" class=\"yoast-schema-graph\">{\"@context\":\"https:\\\/\\\/schema.org\",\"@graph\":[{\"@type\":\"WebPage\",\"@id\":\"https:\\\/\\\/gotec-bonding-agent-systems.com\\\/es\\\/?page_id=9030\",\"url\":\"https:\\\/\\\/gotec-bonding-agent-systems.com\\\/es\\\/?page_id=9030\",\"name\":\"Aviso legal - GOTEC Bonding Systems\",\"isPartOf\":{\"@id\":\"https:\\\/\\\/gotec-bonding-agent-systems.com\\\/#website\"},\"datePublished\":\"2026-01-23T20:47:47+00:00\",\"dateModified\":\"2026-03-16T21:59:07+00:00\",\"breadcrumb\":{\"@id\":\"https:\\\/\\\/gotec-bonding-agent-systems.com\\\/es\\\/?page_id=9030#breadcrumb\"},\"inLanguage\":\"es\",\"potentialAction\":[{\"@type\":\"ReadAction\",\"target\":[\"https:\\\/\\\/gotec-bonding-agent-systems.com\\\/es\\\/?page_id=9030\"]}]},{\"@type\":\"BreadcrumbList\",\"@id\":\"https:\\\/\\\/gotec-bonding-agent-systems.com\\\/es\\\/?page_id=9030#breadcrumb\",\"itemListElement\":[{\"@type\":\"ListItem\",\"position\":1,\"name\":\"Start\",\"item\":\"https:\\\/\\\/gotec-bonding-agent-systems.com\\\/es\\\/\"},{\"@type\":\"ListItem\",\"position\":2,\"name\":\"Aviso legal\"}]},{\"@type\":\"WebSite\",\"@id\":\"https:\\\/\\\/gotec-bonding-agent-systems.com\\\/#website\",\"url\":\"https:\\\/\\\/gotec-bonding-agent-systems.com\\\/\",\"name\":\"GOTEC Bonding Systems\",\"description\":\"\",\"publisher\":{\"@id\":\"https:\\\/\\\/gotec-bonding-agent-systems.com\\\/#organization\"},\"potentialAction\":[{\"@type\":\"SearchAction\",\"target\":{\"@type\":\"EntryPoint\",\"urlTemplate\":\"https:\\\/\\\/gotec-bonding-agent-systems.com\\\/?s={search_term_string}\"},\"query-input\":{\"@type\":\"PropertyValueSpecification\",\"valueRequired\":true,\"valueName\":\"search_term_string\"}}],\"inLanguage\":\"es\"},{\"@type\":\"Organization\",\"@id\":\"https:\\\/\\\/gotec-bonding-agent-systems.com\\\/#organization\",\"name\":\"GOTEC Bonding Systems\",\"url\":\"https:\\\/\\\/gotec-bonding-agent-systems.com\\\/\",\"logo\":{\"@type\":\"ImageObject\",\"inLanguage\":\"es\",\"@id\":\"https:\\\/\\\/gotec-bonding-agent-systems.com\\\/#\\\/schema\\\/logo\\\/image\\\/\",\"url\":\"https:\\\/\\\/gotec-bonding-agent-systems.com\\\/wp-content\\\/uploads\\\/2025\\\/11\\\/cropped-GOTEC_Bonding_Systems_Logo.png\",\"contentUrl\":\"https:\\\/\\\/gotec-bonding-agent-systems.com\\\/wp-content\\\/uploads\\\/2025\\\/11\\\/cropped-GOTEC_Bonding_Systems_Logo.png\",\"width\":2122,\"height\":1287,\"caption\":\"GOTEC Bonding Systems\"},\"image\":{\"@id\":\"https:\\\/\\\/gotec-bonding-agent-systems.com\\\/#\\\/schema\\\/logo\\\/image\\\/\"}}]}<\/script>\n<!-- \/ Yoast SEO plugin. -->","yoast_head_json":{"title":"Aviso legal - GOTEC Bonding Systems","robots":{"index":"noindex","follow":"follow"},"og_locale":"es_ES","og_type":"article","og_title":"Aviso legal - GOTEC Bonding Systems","og_description":"Informaci\u00f3n de la empresa GOTEC Bonding AgentsKayapa OSB, Kayapa Mah. Beyaz Cad. N.\u00ba 18Nil\u00fcfer \/ BursaTurqu\u00eda Correo electr\u00f3nico: info@gotec-bonding-systems.comSitio web: https:\/\/gotec-bonding-agent-systems.com Forma jur\u00eddica y representaci\u00f3n GOTEC Bonding Agents est\u00e1 representada por su direcci\u00f3n autorizada.Se proporcionar\u00e1n m\u00e1s detalles sobre la representaci\u00f3n legal tras la aprobaci\u00f3n definitiva. Registro mercantil Registrada en Turqu\u00eda.Los datos del registro mercantil se a\u00f1adir\u00e1n tras la confirmaci\u00f3n definitiva. N\u00famero de identificaci\u00f3n fiscal NIF (si procede): se proporcionar\u00e1. Responsabilidad por el contenido Los contenidos de nuestro sitio web se han elaborado con el m\u00e1ximo cuidado.No obstante, no podemos garantizar la exactitud, integridad o actualidad del contenido.Como proveedor de servicios, somos responsables de nuestro propio contenido en estas p\u00e1ginas de conformidad con la legislaci\u00f3n aplicable. Responsabilidad por enlaces Nuestro sitio web contiene enlaces a sitios web externos de terceros.No tenemos influencia sobre el contenido de estos sitios web y, por lo tanto, no podemos asumir ninguna responsabilidad por su contenido.El proveedor u operador respectivo de las p\u00e1ginas enlazadas es siempre responsable de su contenido. Propiedad intelectual Todos los contenidos, textos, im\u00e1genes, gr\u00e1ficos y dise\u00f1os de este sitio web est\u00e1n sujetos a las leyes de derechos de autor y propiedad intelectual.Cualquier reproducci\u00f3n, modificaci\u00f3n o uso m\u00e1s all\u00e1 de los l\u00edmites de la ley de derechos de autor requiere consentimiento previo por escrito. Legislaci\u00f3n aplicable Este sitio web y sus contenidos est\u00e1n sujetos a las leyes de la Rep\u00fablica de Turqu\u00eda.","og_url":"https:\/\/gotec-bonding-agent-systems.com\/es\/?page_id=9030","og_site_name":"GOTEC Bonding Systems","article_modified_time":"2026-03-16T21:59:07+00:00","twitter_card":"summary_large_image","twitter_misc":{"Tiempo de lectura":"1 minuto"},"schema":{"@context":"https:\/\/schema.org","@graph":[{"@type":"WebPage","@id":"https:\/\/gotec-bonding-agent-systems.com\/es\/?page_id=9030","url":"https:\/\/gotec-bonding-agent-systems.com\/es\/?page_id=9030","name":"Aviso legal - GOTEC Bonding Systems","isPartOf":{"@id":"https:\/\/gotec-bonding-agent-systems.com\/#website"},"datePublished":"2026-01-23T20:47:47+00:00","dateModified":"2026-03-16T21:59:07+00:00","breadcrumb":{"@id":"https:\/\/gotec-bonding-agent-systems.com\/es\/?page_id=9030#breadcrumb"},"inLanguage":"es","potentialAction":[{"@type":"ReadAction","target":["https:\/\/gotec-bonding-agent-systems.com\/es\/?page_id=9030"]}]},{"@type":"BreadcrumbList","@id":"https:\/\/gotec-bonding-agent-systems.com\/es\/?page_id=9030#breadcrumb","itemListElement":[{"@type":"ListItem","position":1,"name":"Start","item":"https:\/\/gotec-bonding-agent-systems.com\/es\/"},{"@type":"ListItem","position":2,"name":"Aviso legal"}]},{"@type":"WebSite","@id":"https:\/\/gotec-bonding-agent-systems.com\/#website","url":"https:\/\/gotec-bonding-agent-systems.com\/","name":"GOTEC Bonding Systems","description":"","publisher":{"@id":"https:\/\/gotec-bonding-agent-systems.com\/#organization"},"potentialAction":[{"@type":"SearchAction","target":{"@type":"EntryPoint","urlTemplate":"https:\/\/gotec-bonding-agent-systems.com\/?s={search_term_string}"},"query-input":{"@type":"PropertyValueSpecification","valueRequired":true,"valueName":"search_term_string"}}],"inLanguage":"es"},{"@type":"Organization","@id":"https:\/\/gotec-bonding-agent-systems.com\/#organization","name":"GOTEC Bonding Systems","url":"https:\/\/gotec-bonding-agent-systems.com\/","logo":{"@type":"ImageObject","inLanguage":"es","@id":"https:\/\/gotec-bonding-agent-systems.com\/#\/schema\/logo\/image\/","url":"https:\/\/gotec-bonding-agent-systems.com\/wp-content\/uploads\/2025\/11\/cropped-GOTEC_Bonding_Systems_Logo.png","contentUrl":"https:\/\/gotec-bonding-agent-systems.com\/wp-content\/uploads\/2025\/11\/cropped-GOTEC_Bonding_Systems_Logo.png","width":2122,"height":1287,"caption":"GOTEC Bonding Systems"},"image":{"@id":"https:\/\/gotec-bonding-agent-systems.com\/#\/schema\/logo\/image\/"}}]}},"featured_media_urls":[],"_links":{"self":[{"href":"https:\/\/gotec-bonding-agent-systems.com\/es\/wp-json\/wp\/v2\/pages\/9030","targetHints":{"allow":["GET"]}}],"collection":[{"href":"https:\/\/gotec-bonding-agent-systems.com\/es\/wp-json\/wp\/v2\/pages"}],"about":[{"href":"https:\/\/gotec-bonding-agent-systems.com\/es\/wp-json\/wp\/v2\/types\/page"}],"author":[{"embeddable":true,"href":"https:\/\/gotec-bonding-agent-systems.com\/es\/wp-json\/wp\/v2\/users\/1"}],"replies":[{"embeddable":true,"href":"https:\/\/gotec-bonding-agent-systems.com\/es\/wp-json\/wp\/v2\/comments?post=9030"}],"version-history":[{"count":2,"href":"https:\/\/gotec-bonding-agent-systems.com\/es\/wp-json\/wp\/v2\/pages\/9030\/revisions"}],"predecessor-version":[{"id":9036,"href":"https:\/\/gotec-bonding-agent-systems.com\/es\/wp-json\/wp\/v2\/pages\/9030\/revisions\/9036"}],"wp:attachment":[{"href":"https:\/\/gotec-bonding-agent-systems.com\/es\/wp-json\/wp\/v2\/media?parent=9030"}],"curies":[{"name":"wp","href":"https:\/\/api.w.org\/{rel}","templated":true}]}}