{"id":8561,"date":"2026-01-23T20:47:47","date_gmt":"2026-01-23T20:47:47","guid":{"rendered":"https:\/\/gotec-bonding-agent-systems.com\/kunye\/"},"modified":"2026-03-24T07:04:59","modified_gmt":"2026-03-24T07:04:59","slug":"kunye","status":"publish","type":"page","link":"https:\/\/gotec-bonding-agent-systems.com\/tr\/kunye\/","title":{"rendered":"K\u00fcnye"},"content":{"rendered":"\n<h2 class=\"wp-block-heading\"><\/h2>\n\n<h3 class=\"wp-block-heading\">\u015eirket Bilgileri<\/h3>\n\n<p><strong>GOTEC Yap\u0131\u015ft\u0131rma Ajanlar\u0131<\/strong><br\/>Kayapa OSB, Kayapa Mah. Beyaz Cad. No: 18<br\/>Nil\u00fcfer \/ Bursa<br\/>T\u00fcrkiye<\/p>\n\n<p><strong>E-posta:<\/strong> <a>info@gotec-bonding-systems.com<\/a><br\/><strong>Web Sitesi:<\/strong> <a href=\"https:\/\/gotec-bonding-agent-systems.com\/tr\/\">https:\/\/gotec-bonding-agent-systems.com<\/a><\/p>\n\n<h3 class=\"wp-block-heading\">Yasal Stat\u00fc ve Temsil<\/h3>\n\n<p>GOTEC Yap\u0131\u015ft\u0131rma Ajanlar\u0131, yetkili y\u00f6netimi taraf\u0131ndan temsil edilmektedir.<br\/>Yasal temsil ile ilgili di\u011fer detaylar nihai onaydan sonra sa\u011flanacakt\u0131r.<\/p>\n\n<h3 class=\"wp-block-heading\">Ticaret Sicili<\/h3>\n\n<p>T\u00fcrkiye&#8217;de tescillidir.<br\/>Ticaret sicil bilgileri nihai onaydan sonra eklenecektir.<\/p>\n\n<h3 class=\"wp-block-heading\">KDV Kimlik Numaras\u0131<\/h3>\n\n<p>KDV Kimlik Numaras\u0131 (varsa): sa\u011flanacakt\u0131r.<\/p>\n\n<h3 class=\"wp-block-heading\">\u0130\u00e7erikten Sorumluluk<\/h3>\n\n<p>Web sitemizin i\u00e7eri\u011fi azami \u00f6zenle olu\u015fturulmu\u015ftur.<br\/>Ancak, i\u00e7eri\u011fin do\u011frulu\u011fu, eksiksizli\u011fi veya g\u00fcncelli\u011fi konusunda garanti veremeyiz.<br\/>Bir hizmet sa\u011flay\u0131c\u0131 olarak, bu sayfalardaki kendi i\u00e7eri\u011fimizden y\u00fcr\u00fcrl\u00fckteki yasalara uygun olarak sorumluyuz.<\/p>\n\n<h3 class=\"wp-block-heading\">Ba\u011flant\u0131lardan Sorumluluk<\/h3>\n\n<p>Web sitemiz, harici \u00fc\u00e7\u00fcnc\u00fc taraf web sitelerine ba\u011flant\u0131lar i\u00e7ermektedir.<br\/>Bu web sitelerinin i\u00e7eri\u011fi \u00fczerinde hi\u00e7bir etkimiz yoktur ve bu nedenle i\u00e7eriklerinden herhangi bir sorumluluk kabul edemeyiz.<br\/>Ba\u011flant\u0131 verilen sayfalar\u0131n ilgili sa\u011flay\u0131c\u0131s\u0131 veya i\u015fletmecisi her zaman kendi i\u00e7eriklerinden sorumludur.<\/p>\n\n<h3 class=\"wp-block-heading\">Fikri M\u00fclkiyet<\/h3>\n\n<p>Bu web sitesindeki t\u00fcm i\u00e7erik, metinler, g\u00f6rseller, grafikler ve d\u00fczenler telif hakk\u0131 ve fikri m\u00fclkiyet yasalar\u0131na tabidir.<br\/>Telif hakk\u0131 yasas\u0131n\u0131n s\u0131n\u0131rlar\u0131 d\u0131\u015f\u0131nda herhangi bir \u00e7o\u011faltma, de\u011fi\u015ftirme veya kullan\u0131m \u00f6nceden yaz\u0131l\u0131 izin gerektirir.<\/p>\n\n<h3 class=\"wp-block-heading\">Uygulanacak Hukuk<\/h3>\n\n<p>Bu web sitesi ve i\u00e7eri\u011fi T\u00fcrkiye Cumhuriyeti yasalar\u0131na tabidir.<\/p>\n\n<p><\/p>\n\n    <div class=\"xs_social_share_widget xs_share_url after_content \t\tmain_content  wslu-style-1 wslu-share-box-shaped wslu-fill-colored wslu-none wslu-share-horizontal wslu-theme-font-no wslu-main_content\">\n\n\t\t\n        <ul>\n\t\t\t        <\/ul>\n    <\/div> \n","protected":false},"excerpt":{"rendered":"<p>\u015eirket Bilgileri GOTEC Yap\u0131\u015ft\u0131rma Ajanlar\u0131Kayapa OSB, Kayapa Mah. Beyaz Cad. No: 18Nil\u00fcfer \/ BursaT\u00fcrkiye E-posta: info@gotec-bonding-systems.comWeb Sitesi: https:\/\/gotec-bonding-agent-systems.com Yasal Stat\u00fc ve Temsil GOTEC Yap\u0131\u015ft\u0131rma Ajanlar\u0131, yetkili y\u00f6netimi taraf\u0131ndan temsil edilmektedir.Yasal temsil ile ilgili di\u011fer detaylar nihai onaydan sonra sa\u011flanacakt\u0131r. Ticaret Sicili T\u00fcrkiye&#8217;de tescillidir.Ticaret sicil bilgileri nihai onaydan sonra eklenecektir. KDV Kimlik Numaras\u0131 KDV Kimlik Numaras\u0131 (varsa): sa\u011flanacakt\u0131r. \u0130\u00e7erikten Sorumluluk Web sitemizin i\u00e7eri\u011fi azami \u00f6zenle olu\u015fturulmu\u015ftur.Ancak, i\u00e7eri\u011fin do\u011frulu\u011fu, eksiksizli\u011fi veya g\u00fcncelli\u011fi konusunda garanti veremeyiz.Bir hizmet sa\u011flay\u0131c\u0131 olarak, bu sayfalardaki kendi i\u00e7eri\u011fimizden y\u00fcr\u00fcrl\u00fckteki yasalara uygun olarak sorumluyuz. Ba\u011flant\u0131lardan Sorumluluk Web sitemiz, harici \u00fc\u00e7\u00fcnc\u00fc taraf web sitelerine ba\u011flant\u0131lar i\u00e7ermektedir.Bu web sitelerinin i\u00e7eri\u011fi \u00fczerinde hi\u00e7bir etkimiz yoktur ve bu nedenle i\u00e7eriklerinden herhangi bir sorumluluk kabul edemeyiz.Ba\u011flant\u0131 verilen sayfalar\u0131n ilgili sa\u011flay\u0131c\u0131s\u0131 veya i\u015fletmecisi her zaman kendi i\u00e7eriklerinden sorumludur. Fikri M\u00fclkiyet Bu web sitesindeki t\u00fcm i\u00e7erik, metinler, g\u00f6rseller, grafikler ve d\u00fczenler telif hakk\u0131 ve fikri m\u00fclkiyet yasalar\u0131na tabidir.Telif hakk\u0131 yasas\u0131n\u0131n s\u0131n\u0131rlar\u0131 d\u0131\u015f\u0131nda herhangi bir \u00e7o\u011faltma, de\u011fi\u015ftirme veya kullan\u0131m \u00f6nceden yaz\u0131l\u0131 izin gerektirir. Uygulanacak Hukuk Bu web sitesi ve i\u00e7eri\u011fi T\u00fcrkiye Cumhuriyeti yasalar\u0131na tabidir.<\/p>\n","protected":false},"author":1,"featured_media":0,"parent":0,"menu_order":0,"comment_status":"closed","ping_status":"closed","template":"","meta":{"postBodyCss":"","postBodyMargin":[],"postBodyPadding":[],"postBodyBackground":{"backgroundType":"classic","gradient":""},"inspiro_hide_title":false,"footnotes":""},"class_list":["post-8561","page","type-page","status-publish","hentry"],"yoast_head":"<!-- This site is optimized with the Yoast SEO plugin v27.4 - https:\/\/yoast.com\/product\/yoast-seo-wordpress\/ -->\n<title>K\u00fcnye - GOTEC Bonding Systems<\/title>\n<meta name=\"robots\" content=\"noindex, follow\" \/>\n<meta property=\"og:locale\" content=\"tr_TR\" \/>\n<meta property=\"og:type\" content=\"article\" \/>\n<meta property=\"og:title\" content=\"K\u00fcnye - GOTEC Bonding Systems\" \/>\n<meta property=\"og:description\" content=\"\u015eirket Bilgileri GOTEC Yap\u0131\u015ft\u0131rma Ajanlar\u0131Kayapa OSB, Kayapa Mah. Beyaz Cad. No: 18Nil\u00fcfer \/ BursaT\u00fcrkiye E-posta: info@gotec-bonding-systems.comWeb Sitesi: https:\/\/gotec-bonding-agent-systems.com Yasal Stat\u00fc ve Temsil GOTEC Yap\u0131\u015ft\u0131rma Ajanlar\u0131, yetkili y\u00f6netimi taraf\u0131ndan temsil edilmektedir.Yasal temsil ile ilgili di\u011fer detaylar nihai onaydan sonra sa\u011flanacakt\u0131r. Ticaret Sicili T\u00fcrkiye&#8217;de tescillidir.Ticaret sicil bilgileri nihai onaydan sonra eklenecektir. KDV Kimlik Numaras\u0131 KDV Kimlik Numaras\u0131 (varsa): sa\u011flanacakt\u0131r. \u0130\u00e7erikten Sorumluluk Web sitemizin i\u00e7eri\u011fi azami \u00f6zenle olu\u015fturulmu\u015ftur.Ancak, i\u00e7eri\u011fin do\u011frulu\u011fu, eksiksizli\u011fi veya g\u00fcncelli\u011fi konusunda garanti veremeyiz.Bir hizmet sa\u011flay\u0131c\u0131 olarak, bu sayfalardaki kendi i\u00e7eri\u011fimizden y\u00fcr\u00fcrl\u00fckteki yasalara uygun olarak sorumluyuz. Ba\u011flant\u0131lardan Sorumluluk Web sitemiz, harici \u00fc\u00e7\u00fcnc\u00fc taraf web sitelerine ba\u011flant\u0131lar i\u00e7ermektedir.Bu web sitelerinin i\u00e7eri\u011fi \u00fczerinde hi\u00e7bir etkimiz yoktur ve bu nedenle i\u00e7eriklerinden herhangi bir sorumluluk kabul edemeyiz.Ba\u011flant\u0131 verilen sayfalar\u0131n ilgili sa\u011flay\u0131c\u0131s\u0131 veya i\u015fletmecisi her zaman kendi i\u00e7eriklerinden sorumludur. Fikri M\u00fclkiyet Bu web sitesindeki t\u00fcm i\u00e7erik, metinler, g\u00f6rseller, grafikler ve d\u00fczenler telif hakk\u0131 ve fikri m\u00fclkiyet yasalar\u0131na tabidir.Telif hakk\u0131 yasas\u0131n\u0131n s\u0131n\u0131rlar\u0131 d\u0131\u015f\u0131nda herhangi bir \u00e7o\u011faltma, de\u011fi\u015ftirme veya kullan\u0131m \u00f6nceden yaz\u0131l\u0131 izin gerektirir. Uygulanacak Hukuk Bu web sitesi ve i\u00e7eri\u011fi T\u00fcrkiye Cumhuriyeti yasalar\u0131na tabidir.\" \/>\n<meta property=\"og:url\" content=\"https:\/\/gotec-bonding-agent-systems.com\/tr\/kunye\/\" \/>\n<meta property=\"og:site_name\" content=\"GOTEC Bonding Systems\" \/>\n<meta property=\"article:modified_time\" content=\"2026-03-24T07:04:59+00:00\" \/>\n<meta name=\"twitter:card\" content=\"summary_large_image\" \/>\n<meta name=\"twitter:label1\" content=\"Tahmini okuma s\u00fcresi\" \/>\n\t<meta name=\"twitter:data1\" content=\"1 dakika\" \/>\n<script type=\"application\/ld+json\" class=\"yoast-schema-graph\">{\"@context\":\"https:\\\/\\\/schema.org\",\"@graph\":[{\"@type\":\"WebPage\",\"@id\":\"https:\\\/\\\/gotec-bonding-agent-systems.com\\\/tr\\\/kunye\\\/\",\"url\":\"https:\\\/\\\/gotec-bonding-agent-systems.com\\\/tr\\\/kunye\\\/\",\"name\":\"K\u00fcnye - GOTEC Bonding Systems\",\"isPartOf\":{\"@id\":\"https:\\\/\\\/gotec-bonding-agent-systems.com\\\/#website\"},\"datePublished\":\"2026-01-23T20:47:47+00:00\",\"dateModified\":\"2026-03-24T07:04:59+00:00\",\"breadcrumb\":{\"@id\":\"https:\\\/\\\/gotec-bonding-agent-systems.com\\\/tr\\\/kunye\\\/#breadcrumb\"},\"inLanguage\":\"tr\",\"potentialAction\":[{\"@type\":\"ReadAction\",\"target\":[\"https:\\\/\\\/gotec-bonding-agent-systems.com\\\/tr\\\/kunye\\\/\"]}]},{\"@type\":\"BreadcrumbList\",\"@id\":\"https:\\\/\\\/gotec-bonding-agent-systems.com\\\/tr\\\/kunye\\\/#breadcrumb\",\"itemListElement\":[{\"@type\":\"ListItem\",\"position\":1,\"name\":\"Start\",\"item\":\"https:\\\/\\\/gotec-bonding-agent-systems.com\\\/tr\\\/\"},{\"@type\":\"ListItem\",\"position\":2,\"name\":\"K\u00fcnye\"}]},{\"@type\":\"WebSite\",\"@id\":\"https:\\\/\\\/gotec-bonding-agent-systems.com\\\/#website\",\"url\":\"https:\\\/\\\/gotec-bonding-agent-systems.com\\\/\",\"name\":\"GOTEC Bonding Systems\",\"description\":\"\",\"publisher\":{\"@id\":\"https:\\\/\\\/gotec-bonding-agent-systems.com\\\/#organization\"},\"potentialAction\":[{\"@type\":\"SearchAction\",\"target\":{\"@type\":\"EntryPoint\",\"urlTemplate\":\"https:\\\/\\\/gotec-bonding-agent-systems.com\\\/?s={search_term_string}\"},\"query-input\":{\"@type\":\"PropertyValueSpecification\",\"valueRequired\":true,\"valueName\":\"search_term_string\"}}],\"inLanguage\":\"tr\"},{\"@type\":\"Organization\",\"@id\":\"https:\\\/\\\/gotec-bonding-agent-systems.com\\\/#organization\",\"name\":\"GOTEC Bonding Systems\",\"url\":\"https:\\\/\\\/gotec-bonding-agent-systems.com\\\/\",\"logo\":{\"@type\":\"ImageObject\",\"inLanguage\":\"tr\",\"@id\":\"https:\\\/\\\/gotec-bonding-agent-systems.com\\\/#\\\/schema\\\/logo\\\/image\\\/\",\"url\":\"https:\\\/\\\/gotec-bonding-agent-systems.com\\\/wp-content\\\/uploads\\\/2025\\\/11\\\/cropped-GOTEC_Bonding_Systems_Logo.png\",\"contentUrl\":\"https:\\\/\\\/gotec-bonding-agent-systems.com\\\/wp-content\\\/uploads\\\/2025\\\/11\\\/cropped-GOTEC_Bonding_Systems_Logo.png\",\"width\":2122,\"height\":1287,\"caption\":\"GOTEC Bonding Systems\"},\"image\":{\"@id\":\"https:\\\/\\\/gotec-bonding-agent-systems.com\\\/#\\\/schema\\\/logo\\\/image\\\/\"}}]}<\/script>\n<!-- \/ Yoast SEO plugin. -->","yoast_head_json":{"title":"K\u00fcnye - GOTEC Bonding Systems","robots":{"index":"noindex","follow":"follow"},"og_locale":"tr_TR","og_type":"article","og_title":"K\u00fcnye - GOTEC Bonding Systems","og_description":"\u015eirket Bilgileri GOTEC Yap\u0131\u015ft\u0131rma Ajanlar\u0131Kayapa OSB, Kayapa Mah. Beyaz Cad. No: 18Nil\u00fcfer \/ BursaT\u00fcrkiye E-posta: info@gotec-bonding-systems.comWeb Sitesi: https:\/\/gotec-bonding-agent-systems.com Yasal Stat\u00fc ve Temsil GOTEC Yap\u0131\u015ft\u0131rma Ajanlar\u0131, yetkili y\u00f6netimi taraf\u0131ndan temsil edilmektedir.Yasal temsil ile ilgili di\u011fer detaylar nihai onaydan sonra sa\u011flanacakt\u0131r. Ticaret Sicili T\u00fcrkiye&#8217;de tescillidir.Ticaret sicil bilgileri nihai onaydan sonra eklenecektir. KDV Kimlik Numaras\u0131 KDV Kimlik Numaras\u0131 (varsa): sa\u011flanacakt\u0131r. \u0130\u00e7erikten Sorumluluk Web sitemizin i\u00e7eri\u011fi azami \u00f6zenle olu\u015fturulmu\u015ftur.Ancak, i\u00e7eri\u011fin do\u011frulu\u011fu, eksiksizli\u011fi veya g\u00fcncelli\u011fi konusunda garanti veremeyiz.Bir hizmet sa\u011flay\u0131c\u0131 olarak, bu sayfalardaki kendi i\u00e7eri\u011fimizden y\u00fcr\u00fcrl\u00fckteki yasalara uygun olarak sorumluyuz. Ba\u011flant\u0131lardan Sorumluluk Web sitemiz, harici \u00fc\u00e7\u00fcnc\u00fc taraf web sitelerine ba\u011flant\u0131lar i\u00e7ermektedir.Bu web sitelerinin i\u00e7eri\u011fi \u00fczerinde hi\u00e7bir etkimiz yoktur ve bu nedenle i\u00e7eriklerinden herhangi bir sorumluluk kabul edemeyiz.Ba\u011flant\u0131 verilen sayfalar\u0131n ilgili sa\u011flay\u0131c\u0131s\u0131 veya i\u015fletmecisi her zaman kendi i\u00e7eriklerinden sorumludur. Fikri M\u00fclkiyet Bu web sitesindeki t\u00fcm i\u00e7erik, metinler, g\u00f6rseller, grafikler ve d\u00fczenler telif hakk\u0131 ve fikri m\u00fclkiyet yasalar\u0131na tabidir.Telif hakk\u0131 yasas\u0131n\u0131n s\u0131n\u0131rlar\u0131 d\u0131\u015f\u0131nda herhangi bir \u00e7o\u011faltma, de\u011fi\u015ftirme veya kullan\u0131m \u00f6nceden yaz\u0131l\u0131 izin gerektirir. Uygulanacak Hukuk Bu web sitesi ve i\u00e7eri\u011fi T\u00fcrkiye Cumhuriyeti yasalar\u0131na tabidir.","og_url":"https:\/\/gotec-bonding-agent-systems.com\/tr\/kunye\/","og_site_name":"GOTEC Bonding Systems","article_modified_time":"2026-03-24T07:04:59+00:00","twitter_card":"summary_large_image","twitter_misc":{"Tahmini okuma s\u00fcresi":"1 dakika"},"schema":{"@context":"https:\/\/schema.org","@graph":[{"@type":"WebPage","@id":"https:\/\/gotec-bonding-agent-systems.com\/tr\/kunye\/","url":"https:\/\/gotec-bonding-agent-systems.com\/tr\/kunye\/","name":"K\u00fcnye - GOTEC Bonding Systems","isPartOf":{"@id":"https:\/\/gotec-bonding-agent-systems.com\/#website"},"datePublished":"2026-01-23T20:47:47+00:00","dateModified":"2026-03-24T07:04:59+00:00","breadcrumb":{"@id":"https:\/\/gotec-bonding-agent-systems.com\/tr\/kunye\/#breadcrumb"},"inLanguage":"tr","potentialAction":[{"@type":"ReadAction","target":["https:\/\/gotec-bonding-agent-systems.com\/tr\/kunye\/"]}]},{"@type":"BreadcrumbList","@id":"https:\/\/gotec-bonding-agent-systems.com\/tr\/kunye\/#breadcrumb","itemListElement":[{"@type":"ListItem","position":1,"name":"Start","item":"https:\/\/gotec-bonding-agent-systems.com\/tr\/"},{"@type":"ListItem","position":2,"name":"K\u00fcnye"}]},{"@type":"WebSite","@id":"https:\/\/gotec-bonding-agent-systems.com\/#website","url":"https:\/\/gotec-bonding-agent-systems.com\/","name":"GOTEC Bonding Systems","description":"","publisher":{"@id":"https:\/\/gotec-bonding-agent-systems.com\/#organization"},"potentialAction":[{"@type":"SearchAction","target":{"@type":"EntryPoint","urlTemplate":"https:\/\/gotec-bonding-agent-systems.com\/?s={search_term_string}"},"query-input":{"@type":"PropertyValueSpecification","valueRequired":true,"valueName":"search_term_string"}}],"inLanguage":"tr"},{"@type":"Organization","@id":"https:\/\/gotec-bonding-agent-systems.com\/#organization","name":"GOTEC Bonding Systems","url":"https:\/\/gotec-bonding-agent-systems.com\/","logo":{"@type":"ImageObject","inLanguage":"tr","@id":"https:\/\/gotec-bonding-agent-systems.com\/#\/schema\/logo\/image\/","url":"https:\/\/gotec-bonding-agent-systems.com\/wp-content\/uploads\/2025\/11\/cropped-GOTEC_Bonding_Systems_Logo.png","contentUrl":"https:\/\/gotec-bonding-agent-systems.com\/wp-content\/uploads\/2025\/11\/cropped-GOTEC_Bonding_Systems_Logo.png","width":2122,"height":1287,"caption":"GOTEC Bonding Systems"},"image":{"@id":"https:\/\/gotec-bonding-agent-systems.com\/#\/schema\/logo\/image\/"}}]}},"featured_media_urls":[],"_links":{"self":[{"href":"https:\/\/gotec-bonding-agent-systems.com\/tr\/wp-json\/wp\/v2\/pages\/8561","targetHints":{"allow":["GET"]}}],"collection":[{"href":"https:\/\/gotec-bonding-agent-systems.com\/tr\/wp-json\/wp\/v2\/pages"}],"about":[{"href":"https:\/\/gotec-bonding-agent-systems.com\/tr\/wp-json\/wp\/v2\/types\/page"}],"author":[{"embeddable":true,"href":"https:\/\/gotec-bonding-agent-systems.com\/tr\/wp-json\/wp\/v2\/users\/1"}],"replies":[{"embeddable":true,"href":"https:\/\/gotec-bonding-agent-systems.com\/tr\/wp-json\/wp\/v2\/comments?post=8561"}],"version-history":[{"count":2,"href":"https:\/\/gotec-bonding-agent-systems.com\/tr\/wp-json\/wp\/v2\/pages\/8561\/revisions"}],"predecessor-version":[{"id":8564,"href":"https:\/\/gotec-bonding-agent-systems.com\/tr\/wp-json\/wp\/v2\/pages\/8561\/revisions\/8564"}],"wp:attachment":[{"href":"https:\/\/gotec-bonding-agent-systems.com\/tr\/wp-json\/wp\/v2\/media?parent=8561"}],"curies":[{"name":"wp","href":"https:\/\/api.w.org\/{rel}","templated":true}]}}