{"id":8565,"date":"2026-01-23T19:16:58","date_gmt":"2026-01-23T19:16:58","guid":{"rendered":"https:\/\/gotec-bonding-agent-systems.com\/kamelock-mp-05cc\/"},"modified":"2026-04-03T13:03:02","modified_gmt":"2026-04-03T13:03:02","slug":"kamelock-mp-05cc","status":"publish","type":"page","link":"https:\/\/gotec-bonding-agent-systems.com\/tr\/kamelock-mp-05cc\/","title":{"rendered":"KA&amp;MELOCK MP 05CC \u2013 Elastomer-metal yap\u0131\u015fmas\u0131 i\u00e7in evrensel astar"},"content":{"rendered":"\t\t<div data-elementor-type=\"wp-page\" data-elementor-id=\"8565\" class=\"elementor elementor-8565 elementor-7918\">\n\t\t\t\t<div class=\"elementor-element elementor-element-d02585c e-flex e-con-boxed wpr-particle-no wpr-jarallax-no wpr-parallax-no wpr-sticky-section-no wpr-equal-height-no e-con e-parent\" data-id=\"d02585c\" data-element_type=\"container\" data-e-type=\"container\" data-settings=\"{&quot;background_background&quot;:&quot;classic&quot;}\">\n\t\t\t\t\t<div class=\"e-con-inner\">\n\t\t<div class=\"elementor-element elementor-element-0859b28 e-con-full e-flex wpr-particle-no wpr-jarallax-no wpr-parallax-no wpr-sticky-section-no wpr-equal-height-no e-con e-child\" data-id=\"0859b28\" data-element_type=\"container\" data-e-type=\"container\">\n\t\t\t\t<div class=\"elementor-element elementor-element-4ab1798 elementor-widget elementor-widget-elementskit-heading\" data-id=\"4ab1798\" data-element_type=\"widget\" data-e-type=\"widget\" data-widget_type=\"elementskit-heading.default\">\n\t\t\t\t\t<div class=\"ekit-wid-con\" ><div class=\"ekit-heading elementskit-section-title-wraper text_left   ekit_heading_tablet-   ekit_heading_mobile-\"><h2 class=\"ekit-heading--title elementskit-section-title \">KA&amp;MELOCK MP 05CC<\/h2>\t\t\t\t<div class='ekit-heading__description'>\n\t\t\t\t\t<p><strong>KA&amp;MELOCK MP 05<\/strong>, KA&amp;MELOCK yap\u0131\u015ft\u0131rma ajanlar\u0131 ile kullan\u0131lmak \u00fczere tasarlanm\u0131\u015f evrensel bir astard\u0131r.<br>Elastomer-metal yap\u0131\u015ft\u0131rmas\u0131 sa\u011flarken, suya, korozyona ve hidrolitik etkilere kar\u015f\u0131 m\u00fckemmel koruma sunar ve <strong>\u00fcst\u00fcn dinamik ve s\u0131cakl\u0131k kararl\u0131l\u0131\u011f\u0131<\/strong> sa\u011flar. KA&amp;MELOCK MP 05'in ek bir faydas\u0131, teknik greslere ve ya\u011flara kar\u015f\u0131 direncidir. <\/p>\n<p><strong>Yap\u0131\u015ft\u0131r\u0131lmas\u0131 zor y\u00fczeylere<\/strong> uyguland\u0131\u011f\u0131nda bile KA&amp;MELOCK MP 05, <strong>g\u00fcvenilir ve dayan\u0131kl\u0131 bir yap\u0131\u015fma<\/strong> sa\u011flar.<br>\u00d6zellikle <strong>Nitril Kau\u00e7uk (NBR) i\u00e7in tek katmanl\u0131 yap\u0131\u015ft\u0131rma<\/strong> i\u00e7in \u00e7ok uygundur ve <strong>conta \u00fcretiminde<\/strong> yayg\u0131n olarak kullan\u0131l\u0131r.<\/p>\n\t\t\t\t<\/div>\n\t\t\t<\/div><\/div>\t\t\t\t<\/div>\n\t\t\t\t<\/div>\n\t\t<div class=\"elementor-element elementor-element-03166b5 e-con-full e-flex wpr-particle-no wpr-jarallax-no wpr-parallax-no wpr-sticky-section-no wpr-equal-height-no e-con e-child\" data-id=\"03166b5\" data-element_type=\"container\" data-e-type=\"container\">\n\t\t\t\t<div class=\"elementor-element elementor-element-922643f elementor-widget elementor-widget-image\" data-id=\"922643f\" data-element_type=\"widget\" data-e-type=\"widget\" data-widget_type=\"image.default\">\n\t\t\t\t\t\t\t\t\t\t\t\t\t\t\t<img fetchpriority=\"high\" decoding=\"async\" width=\"950\" height=\"634\" src=\"https:\/\/gotec-bonding-agent-systems.com\/wp-content\/uploads\/2026\/02\/KAMELOCK-MP-05CC-1024x683.png\" class=\"attachment-large size-large wp-image-8567\" alt=\"KA&amp;MELOCK MP 05CC\" srcset=\"https:\/\/gotec-bonding-agent-systems.com\/wp-content\/uploads\/2026\/02\/KAMELOCK-MP-05CC-1024x683.png 1024w, https:\/\/gotec-bonding-agent-systems.com\/wp-content\/uploads\/2026\/02\/KAMELOCK-MP-05CC-300x200.png 300w, https:\/\/gotec-bonding-agent-systems.com\/wp-content\/uploads\/2026\/02\/KAMELOCK-MP-05CC-600x400.png 600w, https:\/\/gotec-bonding-agent-systems.com\/wp-content\/uploads\/2026\/02\/KAMELOCK-MP-05CC-1200x800.png 1200w, https:\/\/gotec-bonding-agent-systems.com\/wp-content\/uploads\/2026\/02\/KAMELOCK-MP-05CC.png 1536w\" sizes=\"100vw\" \/>\t\t\t\t\t\t\t\t\t\t\t\t\t\t\t<\/div>\n\t\t\t\t<div class=\"elementor-element elementor-element-17bb618 elementor-widget elementor-widget-spacer\" data-id=\"17bb618\" data-element_type=\"widget\" data-e-type=\"widget\" data-widget_type=\"spacer.default\">\n\t\t\t\t\t\t\t<div class=\"elementor-spacer\">\n\t\t\t<div class=\"elementor-spacer-inner\"><\/div>\n\t\t<\/div>\n\t\t\t\t\t\t<\/div>\n\t\t\t\t<div class=\"elementor-element elementor-element-5f83442 elementor-widget elementor-widget-button\" data-id=\"5f83442\" data-element_type=\"widget\" data-e-type=\"widget\" data-widget_type=\"button.default\">\n\t\t\t\t\t\t\t\t\t\t<a class=\"elementor-button elementor-button-link elementor-size-sm\" href=\"https:\/\/gotec-bonding-agent-systems.com\/wp-content\/uploads\/2026\/01\/lJoTZ2-Unknown.pdf\">\n\t\t\t\t\t\t<span class=\"elementor-button-content-wrapper\">\n\t\t\t\t\t\t\t\t\t<span class=\"elementor-button-text\">PDF \u0130ND\u0130R<\/span>\n\t\t\t\t\t<\/span>\n\t\t\t\t\t<\/a>\n\t\t\t\t\t\t\t\t<\/div>\n\t\t\t\t<\/div>\n\t\t\t\t\t<\/div>\n\t\t\t\t<\/div>\n\t\t\t\t<section class=\"elementor-section elementor-top-section elementor-element elementor-element-4187885 elementor-section-boxed elementor-section-height-default elementor-section-height-default wpr-particle-no wpr-jarallax-no wpr-parallax-no wpr-sticky-section-no wpr-equal-height-no\" data-id=\"4187885\" data-element_type=\"section\" data-e-type=\"section\">\n\t\t\t\t\t\t<div class=\"elementor-container elementor-column-gap-default\">\n\t\t\t\t\t<div class=\"elementor-column elementor-col-100 elementor-top-column elementor-element elementor-element-204a21a\" data-id=\"204a21a\" data-element_type=\"column\" data-e-type=\"column\">\n\t\t\t<div class=\"elementor-widget-wrap elementor-element-populated\">\n\t\t\t\t\t\t<div class=\"elementor-element elementor-element-30e4bf4 elementor-widget elementor-widget-heading\" data-id=\"30e4bf4\" data-element_type=\"widget\" data-e-type=\"widget\" data-widget_type=\"heading.default\">\n\t\t\t\t\t<h2 class=\"elementor-heading-title elementor-size-default\">Teknik Veriler<\/h2>\t\t\t\t<\/div>\n\t\t\t\t<div class=\"elementor-element elementor-element-c6742d1 wpr-list-style-none elementor-widget elementor-widget-wpr-posts-timeline\" data-id=\"c6742d1\" data-element_type=\"widget\" data-e-type=\"widget\" data-settings=\"{&quot;animation_offset&quot;:150,&quot;aos_animation_duration&quot;:600}\" data-widget_type=\"wpr-posts-timeline.default\">\n\t\t\t\t\t\n\t\t<div class=\"wpr-wrapper wpr-vertical wpr-one-sided-wrapper\">\n\t\t\t<div class=\"wpr-timeline-centered wpr-line wpr-one-sided-timeline\"><div class=\"wpr-middle-line\"><\/div><div class=\"wpr-timeline-fill\" data-layout=\"one-sided\"><\/div><article class=\"wpr-timeline-entry wpr-right-aligned elementor-repeater-item-f94da51\" data-item-id=\"elementor-repeater-item-f94da51\"><div class=\"wpr-timeline-entry-inner\"><div class=\"wpr-main-line-icon wpr-icon\"><\/div><div class=\"wpr-story-info-vertical wpr-data-wrap \"  data-aos=\"fade\" data-aos-left=\"\" data-aos-right=\"\" data-animation-offset=\"150\" data-animation-duration=\"600\"><div class=\"wpr-timeline-content-wrapper\"><div class=\"wpr-content-wrapper\"><div class=\"wpr-description\"><table><tbody><tr><td><p>Renk Gri S\u0131v\u0131<\/p><\/td><td> <\/td><\/tr><\/tbody><\/table><table style=\"height: 124px\" width=\"238\"><tbody><tr><td><p>Viskozite 4 mm DIN-Kupa 16 \u2013 22 s<\/p><\/td><td> <\/td><\/tr><\/tbody><\/table><table><tbody><tr><td><p>Viskozite, cps@25\u00b0C(77\u00b0F)<\/p><table><tbody><tr><td><p> 50 \u2013 300 mPas<\/p><\/td><\/tr><\/tbody><\/table><p>Brookfield SNB1<br>Mil 2, 30 dev\/dak<\/p><\/td><td> <\/td><\/tr><\/tbody><\/table><\/div><\/div><\/div><\/div>\n\t\t\t\t\t\t<\/div>\n\t\t\t\t<\/article><article class=\"wpr-timeline-entry wpr-right-aligned elementor-repeater-item-2a37755\" data-item-id=\"elementor-repeater-item-2a37755\"><div class=\"wpr-timeline-entry-inner\"><div class=\"wpr-main-line-icon wpr-icon\"><\/div><div class=\"wpr-story-info-vertical wpr-data-wrap \"  data-aos=\"fade\" data-aos-left=\"\" data-aos-right=\"\" data-animation-offset=\"150\" data-animation-duration=\"600\"><div class=\"wpr-timeline-content-wrapper\"><div class=\"wpr-content-wrapper\"><div class=\"wpr-description\"><table><tbody><tr><td><p>\u00d6zg\u00fcl A\u011f\u0131rl\u0131k 0,90 \u2013 0,94 g\/cm\u00b3<\/p><\/td><td> <\/td><\/tr><\/tbody><\/table><table style=\"height: 172px\" width=\"201\"><tbody><tr><td><p>Kat\u0131 \u0130\u00e7eri\u011fi %23 \u2013 26 a\u011f\u0131rl\u0131k\u00e7a<\/p><\/td><td> <\/td><\/tr><\/tbody><\/table><table><tbody><tr><td><p>\u00c7\u00f6z\u00fcc\u00fcler Metil \u0130sob\u00fctil Keton (MIBK), MEK<\/p><\/td><td> <\/td><\/tr><\/tbody><\/table><p>*Veriler tipiktir ve spesifikasyon ama\u00e7lar\u0131 i\u00e7in kullan\u0131lmamal\u0131d\u0131r.<\/p><\/div><\/div><\/div><\/div>\n\t\t\t\t\t\t<\/div>\n\t\t\t\t<\/article><\/div>    \n\t\t\t<\/div>\t\t\t\t<\/div>\n\t\t\t\t<div class=\"elementor-element elementor-element-b344d90 elementor-widget elementor-widget-text-editor\" data-id=\"b344d90\" data-element_type=\"widget\" data-e-type=\"widget\" data-widget_type=\"text-editor.default\">\n\t\t\t\t\t\t\t\t\t<p data-start=\"241\" data-end=\"523\"><strong data-start=\"257\" data-end=\"304\">Do\u011fru test ve analizin esas oldu\u011funa<\/strong> inan\u0131yoruz.<br data-start=\"305\" data-end=\"308\"><strong data-start=\"311\" data-end=\"336\">GOTEC Bonding Systems<\/strong>&#8216;de t\u00fcm \u00fcr\u00fcnlerimiz <strong data-start=\"362\" data-end=\"419\">laboratuvarlar\u0131m\u0131zda test edilir, belgelenir ve do\u011frulan\u0131r<\/strong>. Ayr\u0131ca, <strong data-start=\"438\" data-end=\"522\">Ar-Ge faaliyetlerimiz, demo tesisimizde devam eden \u00fcr\u00fcn geli\u015ftirme \u00e7al\u0131\u015fmalar\u0131yla s\u00fcrd\u00fcr\u00fclmektedir<\/strong>.<\/p><p data-start=\"525\" data-end=\"677\"><strong data-start=\"529\" data-end=\"560\">Elastomer yap\u0131\u015ft\u0131rma \u00e7\u00f6z\u00fcmlerimiz<\/strong>, <strong data-start=\"565\" data-end=\"600\">i\u015fletmenize g\u00fcvenilir de\u011fer katarak<\/strong>, <strong data-start=\"611\" data-end=\"676\">t\u00fcm end\u00fcstrilerde ve uygulamalarda sorunsuz \u00e7al\u0131\u015fma<\/strong> sa\u011flar.<\/p><p data-start=\"679\" data-end=\"967\"><strong data-start=\"679\" data-end=\"707\">KA&amp;MELOCK yap\u0131\u015ft\u0131rma ajanlar\u0131<\/strong>, <strong data-start=\"857\" data-end=\"882\">vulkanizasyon s\u00fcreci<\/strong> s\u0131ras\u0131nda <strong data-start=\"790\" data-end=\"845\">metaller, plastikler, PTFE (Teflon) ve tekstil lifleri<\/strong> gibi y\u00fczeylere bile\u015fiklerin <strong data-start=\"721\" data-end=\"756\">tek veya \u00e7ift katmanl\u0131 yap\u0131\u015ft\u0131r\u0131lmas\u0131<\/strong> i\u00e7in kullan\u0131l\u0131r.<br data-start=\"883\" data-end=\"886\">Detayl\u0131 uygulama se\u00e7enekleri i\u00e7in l\u00fctfen <strong data-start=\"906\" data-end=\"933\">KA&amp;MELOCK \u00fcr\u00fcn yelpazesine<\/strong> bak\u0131n\u0131z.<\/p>\t\t\t\t\t\t\t\t<\/div>\n\t\t\t\t\t<\/div>\n\t\t<\/div>\n\t\t\t\t\t<\/div>\n\t\t<\/section>\n\t\t\t\t<\/div>\n\t\t\n    <div class=\"xs_social_share_widget xs_share_url after_content \t\tmain_content  wslu-style-1 wslu-share-box-shaped wslu-fill-colored wslu-none wslu-share-horizontal wslu-theme-font-no wslu-main_content\">\n\n\t\t\n        <ul>\n\t\t\t        <\/ul>\n    <\/div> \n","protected":false},"excerpt":{"rendered":"<p>KA&amp;MELOCK MP 05CC KA&amp;MELOCK MP 05, KA&amp;MELOCK yap\u0131\u015ft\u0131rma ajanlar\u0131 ile kullan\u0131lmak \u00fczere tasarlanm\u0131\u015f evrensel bir astard\u0131r.Elastomer-metal yap\u0131\u015ft\u0131rmas\u0131 sa\u011flarken, suya, korozyona ve hidrolitik etkilere kar\u015f\u0131 m\u00fckemmel koruma sunar ve \u00fcst\u00fcn dinamik ve s\u0131cakl\u0131k kararl\u0131l\u0131\u011f\u0131 sa\u011flar. KA&amp;MELOCK MP 05&#8217;in ek bir faydas\u0131, teknik greslere ve ya\u011flara kar\u015f\u0131 direncidir. Yap\u0131\u015ft\u0131r\u0131lmas\u0131 zor y\u00fczeylere uyguland\u0131\u011f\u0131nda bile KA&amp;MELOCK MP 05, g\u00fcvenilir ve dayan\u0131kl\u0131 bir yap\u0131\u015fma sa\u011flar.\u00d6zellikle Nitril Kau\u00e7uk (NBR) i\u00e7in tek katmanl\u0131 yap\u0131\u015ft\u0131rma i\u00e7in \u00e7ok uygundur ve conta \u00fcretiminde yayg\u0131n olarak kullan\u0131l\u0131r. PDF \u0130ND\u0130R Teknik Veriler Renk Gri S\u0131v\u0131 Viskozite 4 mm DIN-Kupa 16 \u2013 22 s Viskozite, cps@25\u00b0C(77\u00b0F) 50 \u2013 300 mPas Brookfield SNB1Mil 2, 30 dev\/dak \u00d6zg\u00fcl A\u011f\u0131rl\u0131k 0,90 \u2013 0,94 g\/cm\u00b3 Kat\u0131 \u0130\u00e7eri\u011fi %23 \u2013 26 a\u011f\u0131rl\u0131k\u00e7a \u00c7\u00f6z\u00fcc\u00fcler Metil \u0130sob\u00fctil Keton (MIBK), MEK *Veriler tipiktir ve spesifikasyon ama\u00e7lar\u0131 i\u00e7in kullan\u0131lmamal\u0131d\u0131r. Do\u011fru test ve analizin esas oldu\u011funa inan\u0131yoruz.GOTEC Bonding Systems&#8216;de t\u00fcm \u00fcr\u00fcnlerimiz laboratuvarlar\u0131m\u0131zda test edilir, belgelenir ve do\u011frulan\u0131r. Ayr\u0131ca, Ar-Ge faaliyetlerimiz, demo tesisimizde devam eden \u00fcr\u00fcn geli\u015ftirme \u00e7al\u0131\u015fmalar\u0131yla s\u00fcrd\u00fcr\u00fclmektedir. Elastomer yap\u0131\u015ft\u0131rma \u00e7\u00f6z\u00fcmlerimiz, i\u015fletmenize g\u00fcvenilir de\u011fer katarak, t\u00fcm end\u00fcstrilerde ve uygulamalarda sorunsuz \u00e7al\u0131\u015fma sa\u011flar. KA&amp;MELOCK yap\u0131\u015ft\u0131rma ajanlar\u0131, vulkanizasyon s\u00fcreci s\u0131ras\u0131nda metaller, plastikler, PTFE (Teflon) ve tekstil lifleri gibi y\u00fczeylere bile\u015fiklerin tek veya \u00e7ift katmanl\u0131 yap\u0131\u015ft\u0131r\u0131lmas\u0131 i\u00e7in kullan\u0131l\u0131r.Detayl\u0131 uygulama se\u00e7enekleri i\u00e7in l\u00fctfen KA&amp;MELOCK \u00fcr\u00fcn yelpazesine bak\u0131n\u0131z.<\/p>\n","protected":false},"author":1,"featured_media":0,"parent":0,"menu_order":0,"comment_status":"closed","ping_status":"closed","template":"","meta":{"postBodyCss":"","postBodyMargin":[],"postBodyPadding":[],"postBodyBackground":{"backgroundType":"classic","gradient":""},"inspiro_hide_title":false,"footnotes":""},"class_list":["post-8565","page","type-page","status-publish","hentry"],"yoast_head":"<!-- This site is optimized with the Yoast SEO plugin v27.4 - https:\/\/yoast.com\/product\/yoast-seo-wordpress\/ -->\n<title>KA&amp;MELOCK MP 05CC | Elastomer-metal yap\u0131\u015fmas\u0131 i\u00e7in astar<\/title>\n<meta name=\"description\" content=\"KA&amp;MELOCK MP 05, elastomer-metal yap\u0131\u015ft\u0131rma uygulamalar\u0131nda g\u00fc\u00e7l\u00fc tutunma, korozyon korumas\u0131 ve y\u00fcksek dayan\u0131m sa\u011flar.\" \/>\n<meta name=\"robots\" content=\"index, follow, max-snippet:-1, max-image-preview:large, max-video-preview:-1\" \/>\n<link rel=\"canonical\" href=\"https:\/\/gotec-bonding-agent-systems.com\/tr\/kamelock-mp-05cc\/\" \/>\n<meta property=\"og:locale\" content=\"tr_TR\" \/>\n<meta property=\"og:type\" content=\"article\" \/>\n<meta property=\"og:title\" content=\"KA&amp;MELOCK MP 05CC | Elastomer-metal yap\u0131\u015fmas\u0131 i\u00e7in astar\" \/>\n<meta property=\"og:description\" content=\"KA&amp;MELOCK MP 05, elastomer-metal yap\u0131\u015ft\u0131rma uygulamalar\u0131nda g\u00fc\u00e7l\u00fc tutunma, korozyon korumas\u0131 ve y\u00fcksek dayan\u0131m sa\u011flar.\" \/>\n<meta property=\"og:url\" content=\"https:\/\/gotec-bonding-agent-systems.com\/tr\/kamelock-mp-05cc\/\" \/>\n<meta property=\"og:site_name\" content=\"GOTEC Bonding Systems\" \/>\n<meta property=\"article:modified_time\" content=\"2026-04-03T13:03:02+00:00\" \/>\n<meta property=\"og:image\" content=\"https:\/\/gotec-bonding-agent-systems.com\/wp-content\/uploads\/2026\/02\/KAMELOCK-MP-05CC-1024x683.png\" \/>\n<meta name=\"twitter:card\" content=\"summary_large_image\" \/>\n<meta name=\"twitter:label1\" content=\"Tahmini okuma s\u00fcresi\" \/>\n\t<meta name=\"twitter:data1\" content=\"2 dakika\" \/>\n<script type=\"application\/ld+json\" class=\"yoast-schema-graph\">{\"@context\":\"https:\\\/\\\/schema.org\",\"@graph\":[{\"@type\":\"WebPage\",\"@id\":\"https:\\\/\\\/gotec-bonding-agent-systems.com\\\/tr\\\/kamelock-mp-05cc\\\/\",\"url\":\"https:\\\/\\\/gotec-bonding-agent-systems.com\\\/tr\\\/kamelock-mp-05cc\\\/\",\"name\":\"KA&MELOCK MP 05CC | Elastomer-metal yap\u0131\u015fmas\u0131 i\u00e7in astar\",\"isPartOf\":{\"@id\":\"https:\\\/\\\/gotec-bonding-agent-systems.com\\\/#website\"},\"primaryImageOfPage\":{\"@id\":\"https:\\\/\\\/gotec-bonding-agent-systems.com\\\/tr\\\/kamelock-mp-05cc\\\/#primaryimage\"},\"image\":{\"@id\":\"https:\\\/\\\/gotec-bonding-agent-systems.com\\\/tr\\\/kamelock-mp-05cc\\\/#primaryimage\"},\"thumbnailUrl\":\"https:\\\/\\\/gotec-bonding-agent-systems.com\\\/wp-content\\\/uploads\\\/2026\\\/02\\\/KAMELOCK-MP-05CC-1024x683.png\",\"datePublished\":\"2026-01-23T19:16:58+00:00\",\"dateModified\":\"2026-04-03T13:03:02+00:00\",\"description\":\"KA&MELOCK MP 05, elastomer-metal yap\u0131\u015ft\u0131rma uygulamalar\u0131nda g\u00fc\u00e7l\u00fc tutunma, korozyon korumas\u0131 ve y\u00fcksek dayan\u0131m sa\u011flar.\",\"breadcrumb\":{\"@id\":\"https:\\\/\\\/gotec-bonding-agent-systems.com\\\/tr\\\/kamelock-mp-05cc\\\/#breadcrumb\"},\"inLanguage\":\"tr\",\"potentialAction\":[{\"@type\":\"ReadAction\",\"target\":[\"https:\\\/\\\/gotec-bonding-agent-systems.com\\\/tr\\\/kamelock-mp-05cc\\\/\"]}]},{\"@type\":\"ImageObject\",\"inLanguage\":\"tr\",\"@id\":\"https:\\\/\\\/gotec-bonding-agent-systems.com\\\/tr\\\/kamelock-mp-05cc\\\/#primaryimage\",\"url\":\"https:\\\/\\\/gotec-bonding-agent-systems.com\\\/wp-content\\\/uploads\\\/2026\\\/02\\\/KAMELOCK-MP-05CC-1024x683.png\",\"contentUrl\":\"https:\\\/\\\/gotec-bonding-agent-systems.com\\\/wp-content\\\/uploads\\\/2026\\\/02\\\/KAMELOCK-MP-05CC-1024x683.png\"},{\"@type\":\"BreadcrumbList\",\"@id\":\"https:\\\/\\\/gotec-bonding-agent-systems.com\\\/tr\\\/kamelock-mp-05cc\\\/#breadcrumb\",\"itemListElement\":[{\"@type\":\"ListItem\",\"position\":1,\"name\":\"Start\",\"item\":\"https:\\\/\\\/gotec-bonding-agent-systems.com\\\/tr\\\/\"},{\"@type\":\"ListItem\",\"position\":2,\"name\":\"KA&amp;MELOCK MP 05CC \u2013 Elastomer-metal yap\u0131\u015fmas\u0131 i\u00e7in evrensel astar\"}]},{\"@type\":\"WebSite\",\"@id\":\"https:\\\/\\\/gotec-bonding-agent-systems.com\\\/#website\",\"url\":\"https:\\\/\\\/gotec-bonding-agent-systems.com\\\/\",\"name\":\"GOTEC Bonding Systems\",\"description\":\"\",\"publisher\":{\"@id\":\"https:\\\/\\\/gotec-bonding-agent-systems.com\\\/#organization\"},\"potentialAction\":[{\"@type\":\"SearchAction\",\"target\":{\"@type\":\"EntryPoint\",\"urlTemplate\":\"https:\\\/\\\/gotec-bonding-agent-systems.com\\\/?s={search_term_string}\"},\"query-input\":{\"@type\":\"PropertyValueSpecification\",\"valueRequired\":true,\"valueName\":\"search_term_string\"}}],\"inLanguage\":\"tr\"},{\"@type\":\"Organization\",\"@id\":\"https:\\\/\\\/gotec-bonding-agent-systems.com\\\/#organization\",\"name\":\"GOTEC Bonding Systems\",\"url\":\"https:\\\/\\\/gotec-bonding-agent-systems.com\\\/\",\"logo\":{\"@type\":\"ImageObject\",\"inLanguage\":\"tr\",\"@id\":\"https:\\\/\\\/gotec-bonding-agent-systems.com\\\/#\\\/schema\\\/logo\\\/image\\\/\",\"url\":\"https:\\\/\\\/gotec-bonding-agent-systems.com\\\/wp-content\\\/uploads\\\/2025\\\/11\\\/cropped-GOTEC_Bonding_Systems_Logo.png\",\"contentUrl\":\"https:\\\/\\\/gotec-bonding-agent-systems.com\\\/wp-content\\\/uploads\\\/2025\\\/11\\\/cropped-GOTEC_Bonding_Systems_Logo.png\",\"width\":2122,\"height\":1287,\"caption\":\"GOTEC Bonding Systems\"},\"image\":{\"@id\":\"https:\\\/\\\/gotec-bonding-agent-systems.com\\\/#\\\/schema\\\/logo\\\/image\\\/\"}}]}<\/script>\n<!-- \/ Yoast SEO plugin. -->","yoast_head_json":{"title":"KA&MELOCK MP 05CC | Elastomer-metal yap\u0131\u015fmas\u0131 i\u00e7in astar","description":"KA&MELOCK MP 05, elastomer-metal yap\u0131\u015ft\u0131rma uygulamalar\u0131nda g\u00fc\u00e7l\u00fc tutunma, korozyon korumas\u0131 ve y\u00fcksek dayan\u0131m sa\u011flar.","robots":{"index":"index","follow":"follow","max-snippet":"max-snippet:-1","max-image-preview":"max-image-preview:large","max-video-preview":"max-video-preview:-1"},"canonical":"https:\/\/gotec-bonding-agent-systems.com\/tr\/kamelock-mp-05cc\/","og_locale":"tr_TR","og_type":"article","og_title":"KA&MELOCK MP 05CC | Elastomer-metal yap\u0131\u015fmas\u0131 i\u00e7in astar","og_description":"KA&MELOCK MP 05, elastomer-metal yap\u0131\u015ft\u0131rma uygulamalar\u0131nda g\u00fc\u00e7l\u00fc tutunma, korozyon korumas\u0131 ve y\u00fcksek dayan\u0131m sa\u011flar.","og_url":"https:\/\/gotec-bonding-agent-systems.com\/tr\/kamelock-mp-05cc\/","og_site_name":"GOTEC Bonding Systems","article_modified_time":"2026-04-03T13:03:02+00:00","og_image":[{"url":"https:\/\/gotec-bonding-agent-systems.com\/wp-content\/uploads\/2026\/02\/KAMELOCK-MP-05CC-1024x683.png","type":"","width":"","height":""}],"twitter_card":"summary_large_image","twitter_misc":{"Tahmini okuma s\u00fcresi":"2 dakika"},"schema":{"@context":"https:\/\/schema.org","@graph":[{"@type":"WebPage","@id":"https:\/\/gotec-bonding-agent-systems.com\/tr\/kamelock-mp-05cc\/","url":"https:\/\/gotec-bonding-agent-systems.com\/tr\/kamelock-mp-05cc\/","name":"KA&MELOCK MP 05CC | Elastomer-metal yap\u0131\u015fmas\u0131 i\u00e7in astar","isPartOf":{"@id":"https:\/\/gotec-bonding-agent-systems.com\/#website"},"primaryImageOfPage":{"@id":"https:\/\/gotec-bonding-agent-systems.com\/tr\/kamelock-mp-05cc\/#primaryimage"},"image":{"@id":"https:\/\/gotec-bonding-agent-systems.com\/tr\/kamelock-mp-05cc\/#primaryimage"},"thumbnailUrl":"https:\/\/gotec-bonding-agent-systems.com\/wp-content\/uploads\/2026\/02\/KAMELOCK-MP-05CC-1024x683.png","datePublished":"2026-01-23T19:16:58+00:00","dateModified":"2026-04-03T13:03:02+00:00","description":"KA&MELOCK MP 05, elastomer-metal yap\u0131\u015ft\u0131rma uygulamalar\u0131nda g\u00fc\u00e7l\u00fc tutunma, korozyon korumas\u0131 ve y\u00fcksek dayan\u0131m sa\u011flar.","breadcrumb":{"@id":"https:\/\/gotec-bonding-agent-systems.com\/tr\/kamelock-mp-05cc\/#breadcrumb"},"inLanguage":"tr","potentialAction":[{"@type":"ReadAction","target":["https:\/\/gotec-bonding-agent-systems.com\/tr\/kamelock-mp-05cc\/"]}]},{"@type":"ImageObject","inLanguage":"tr","@id":"https:\/\/gotec-bonding-agent-systems.com\/tr\/kamelock-mp-05cc\/#primaryimage","url":"https:\/\/gotec-bonding-agent-systems.com\/wp-content\/uploads\/2026\/02\/KAMELOCK-MP-05CC-1024x683.png","contentUrl":"https:\/\/gotec-bonding-agent-systems.com\/wp-content\/uploads\/2026\/02\/KAMELOCK-MP-05CC-1024x683.png"},{"@type":"BreadcrumbList","@id":"https:\/\/gotec-bonding-agent-systems.com\/tr\/kamelock-mp-05cc\/#breadcrumb","itemListElement":[{"@type":"ListItem","position":1,"name":"Start","item":"https:\/\/gotec-bonding-agent-systems.com\/tr\/"},{"@type":"ListItem","position":2,"name":"KA&amp;MELOCK MP 05CC \u2013 Elastomer-metal yap\u0131\u015fmas\u0131 i\u00e7in evrensel astar"}]},{"@type":"WebSite","@id":"https:\/\/gotec-bonding-agent-systems.com\/#website","url":"https:\/\/gotec-bonding-agent-systems.com\/","name":"GOTEC Bonding Systems","description":"","publisher":{"@id":"https:\/\/gotec-bonding-agent-systems.com\/#organization"},"potentialAction":[{"@type":"SearchAction","target":{"@type":"EntryPoint","urlTemplate":"https:\/\/gotec-bonding-agent-systems.com\/?s={search_term_string}"},"query-input":{"@type":"PropertyValueSpecification","valueRequired":true,"valueName":"search_term_string"}}],"inLanguage":"tr"},{"@type":"Organization","@id":"https:\/\/gotec-bonding-agent-systems.com\/#organization","name":"GOTEC Bonding Systems","url":"https:\/\/gotec-bonding-agent-systems.com\/","logo":{"@type":"ImageObject","inLanguage":"tr","@id":"https:\/\/gotec-bonding-agent-systems.com\/#\/schema\/logo\/image\/","url":"https:\/\/gotec-bonding-agent-systems.com\/wp-content\/uploads\/2025\/11\/cropped-GOTEC_Bonding_Systems_Logo.png","contentUrl":"https:\/\/gotec-bonding-agent-systems.com\/wp-content\/uploads\/2025\/11\/cropped-GOTEC_Bonding_Systems_Logo.png","width":2122,"height":1287,"caption":"GOTEC Bonding Systems"},"image":{"@id":"https:\/\/gotec-bonding-agent-systems.com\/#\/schema\/logo\/image\/"}}]}},"featured_media_urls":[],"_links":{"self":[{"href":"https:\/\/gotec-bonding-agent-systems.com\/tr\/wp-json\/wp\/v2\/pages\/8565","targetHints":{"allow":["GET"]}}],"collection":[{"href":"https:\/\/gotec-bonding-agent-systems.com\/tr\/wp-json\/wp\/v2\/pages"}],"about":[{"href":"https:\/\/gotec-bonding-agent-systems.com\/tr\/wp-json\/wp\/v2\/types\/page"}],"author":[{"embeddable":true,"href":"https:\/\/gotec-bonding-agent-systems.com\/tr\/wp-json\/wp\/v2\/users\/1"}],"replies":[{"embeddable":true,"href":"https:\/\/gotec-bonding-agent-systems.com\/tr\/wp-json\/wp\/v2\/comments?post=8565"}],"version-history":[{"count":6,"href":"https:\/\/gotec-bonding-agent-systems.com\/tr\/wp-json\/wp\/v2\/pages\/8565\/revisions"}],"predecessor-version":[{"id":9361,"href":"https:\/\/gotec-bonding-agent-systems.com\/tr\/wp-json\/wp\/v2\/pages\/8565\/revisions\/9361"}],"wp:attachment":[{"href":"https:\/\/gotec-bonding-agent-systems.com\/tr\/wp-json\/wp\/v2\/media?parent=8565"}],"curies":[{"name":"wp","href":"https:\/\/api.w.org\/{rel}","templated":true}]}}