{"id":8568,"date":"2025-11-13T21:44:33","date_gmt":"2025-11-13T21:44:33","guid":{"rendered":"https:\/\/gotec-bonding-agent-systems.com\/cevre-politikasi\/"},"modified":"2026-04-03T09:57:08","modified_gmt":"2026-04-03T09:57:08","slug":"cevre-politikasi","status":"publish","type":"page","link":"https:\/\/gotec-bonding-agent-systems.com\/tr\/cevre-politikasi\/","title":{"rendered":"\u00c7EVRE POL\u0130T\u0130KASI"},"content":{"rendered":"\t\t<div data-elementor-type=\"wp-page\" data-elementor-id=\"8568\" class=\"elementor elementor-8568 elementor-6831\">\n\t\t\t\t\t\t<section class=\"elementor-section elementor-top-section elementor-element elementor-element-bd346d1 elementor-section-height-min-height elementor-section-stretched elementor-section-boxed elementor-section-height-default elementor-section-items-middle wpr-particle-no wpr-jarallax-no wpr-parallax-no wpr-sticky-section-no wpr-equal-height-no\" data-id=\"bd346d1\" data-element_type=\"section\" data-e-type=\"section\" data-settings=\"{&quot;background_background&quot;:&quot;classic&quot;,&quot;shape_divider_bottom&quot;:&quot;opacity-tilt&quot;,&quot;stretch_section&quot;:&quot;section-stretched&quot;}\">\n\t\t\t\t\t\t\t<div class=\"elementor-background-overlay\"><\/div>\n\t\t\t\t\t\t<div class=\"elementor-shape elementor-shape-bottom\" aria-hidden=\"true\" data-negative=\"false\">\n\t\t\t<svg xmlns=\"http:\/\/www.w3.org\/2000\/svg\" viewBox=\"0 0 2600 131.1\" preserveAspectRatio=\"none\">\n\t<path class=\"elementor-shape-fill\" d=\"M0 0L2600 0 2600 69.1 0 0z\"\/>\n\t<path class=\"elementor-shape-fill\" style=\"opacity:0.5\" d=\"M0 0L2600 0 2600 69.1 0 69.1z\"\/>\n\t<path class=\"elementor-shape-fill\" style=\"opacity:0.25\" d=\"M2600 0L0 0 0 130.1 2600 69.1z\"\/>\n<\/svg>\t\t<\/div>\n\t\t\t\t\t<div class=\"elementor-container elementor-column-gap-default\">\n\t\t\t\t\t<div class=\"elementor-column elementor-col-100 elementor-top-column elementor-element elementor-element-53c46a8\" data-id=\"53c46a8\" data-element_type=\"column\" data-e-type=\"column\">\n\t\t\t<div class=\"elementor-widget-wrap elementor-element-populated\">\n\t\t\t\t\t\t<div class=\"elementor-element elementor-element-8be642c elementor-widget elementor-widget-heading\" data-id=\"8be642c\" data-element_type=\"widget\" data-e-type=\"widget\" data-widget_type=\"heading.default\">\n\t\t\t\t\t<h2 class=\"elementor-heading-title elementor-size-default\">\u00c7evre Politikas\u0131<\/h2>\t\t\t\t<\/div>\n\t\t\t\t\t<\/div>\n\t\t<\/div>\n\t\t\t\t\t<\/div>\n\t\t<\/section>\n\t\t<div class=\"elementor-element elementor-element-eeea201 e-flex e-con-boxed wpr-particle-no wpr-jarallax-no wpr-parallax-no wpr-sticky-section-no wpr-equal-height-no e-con e-parent\" data-id=\"eeea201\" data-element_type=\"container\" data-e-type=\"container\">\n\t\t\t\t\t<div class=\"e-con-inner\">\n\t\t<div class=\"elementor-element elementor-element-b74b96e e-con-full e-flex wpr-particle-no wpr-jarallax-no wpr-parallax-no wpr-sticky-section-no wpr-equal-height-no e-con e-child\" data-id=\"b74b96e\" data-element_type=\"container\" data-e-type=\"container\">\n\t\t\t\t<div class=\"elementor-element elementor-element-c053407 elementor-widget-divider--view-line elementor-widget elementor-widget-divider\" data-id=\"c053407\" data-element_type=\"widget\" data-e-type=\"widget\" data-widget_type=\"divider.default\">\n\t\t\t\t\t\t\t<div class=\"elementor-divider\">\n\t\t\t<span class=\"elementor-divider-separator\">\n\t\t\t\t\t\t<\/span>\n\t\t<\/div>\n\t\t\t\t\t\t<\/div>\n\t\t\t\t<div class=\"elementor-element elementor-element-0f328f5 elementor-widget elementor-widget-text-editor\" data-id=\"0f328f5\" data-element_type=\"widget\" data-e-type=\"widget\" data-widget_type=\"text-editor.default\">\n\t\t\t\t\t\t\t\t\t<p data-start=\"659\" data-end=\"1098\"><strong data-start=\"662\" data-end=\"687\">GOTEC Bonding Systems<\/strong> olarak, \u00e7evresel sorumluluk kimli\u011fimizin ve i\u015fleyi\u015fimizin ayr\u0131lmaz bir par\u00e7as\u0131d\u0131r.<br data-start=\"771\" data-end=\"774\">Her \u00fcr\u00fcn\u00fc ve her s\u00fcreci bir <strong data-start=\"823\" data-end=\"845\">ya\u015fam d\u00f6ng\u00fcs\u00fc yakla\u015f\u0131m\u0131yla<\/strong> tasarl\u0131yor, \u00e7evresel etkiyi en ba\u015f\u0131ndan de\u011ferlendiriyor ve her a\u015famada at\u0131\u011f\u0131 en aza indiriyoruz. Emisyonlar\u0131 kontrol ederek, kirlili\u011fi kayna\u011f\u0131nda \u00f6nleyerek ve su ile kaynak t\u00fcketimini azaltarak, \u00e7evreyi s\u00fcrd\u00fcr\u00fclebilir bir niyetle koruyoruz.<\/p><p data-start=\"1100\" data-end=\"1272\">T\u00fcm ge\u00e7erli \u00e7evre yasalar\u0131na, d\u00fczenlemelerine ve uyum y\u00fck\u00fcml\u00fcl\u00fcklerine sadece bir gereklilik olarak de\u011fil, gezegenimize ve gelecek nesillere olan bir taahh\u00fct olarak uyuyoruz.<\/p><p data-start=\"1274\" data-end=\"1470\">\u00c7evre bilincini g\u00fc\u00e7lendirmek i\u00e7in \u00e7al\u0131\u015fanlar\u0131m\u0131z\u0131 her seviyede e\u011fitiyor, bilgilendiriyor ve yetkilendiriyoruz. Birlikte, s\u00fcrd\u00fcr\u00fclebilirlik ve sorumlulu\u011fun g\u00fcnl\u00fck kararlar\u0131m\u0131za rehberlik etti\u011fi bir k\u00fclt\u00fcr geli\u015ftiriyoruz.<\/p><p data-start=\"1472\" data-end=\"1674\">At\u0131k y\u00f6netim hiyerar\u015fisini takip ederek, m\u00fcmk\u00fcn oldu\u011funca at\u0131\u011f\u0131 kayna\u011f\u0131nda \u00f6nl\u00fcyor, malzemeleri yeniden kullan\u0131yor ve do\u011fay\u0131 koruyan, kaynaklar\u0131 muhafaza eden geri d\u00f6n\u00fc\u015f\u00fcm ve geri kazan\u0131m programlar\u0131n\u0131 te\u015fvik ediyoruz.<\/p><p data-start=\"1676\" data-end=\"1832\">Hammadde ve do\u011fal kaynaklar\u0131 verimli kullanarak gereksiz t\u00fcketimi azalt\u0131yor, malzeme ve enerji kullan\u0131m\u0131nda s\u00fcrekli iyile\u015ftirme i\u00e7in \u00e7abal\u0131yoruz.<\/p><p data-start=\"1834\" data-end=\"2106\">Amac\u0131m\u0131z, t\u00fcm organizasyonumuzda \u00e7evre bilincini geni\u015fletmek; \u00e7al\u0131\u015fanlar\u0131m\u0131z\u0131, tedarik\u00e7ilerimizi, i\u015f ortaklar\u0131m\u0131z\u0131 ve k\u00fcresel a\u011f\u0131m\u0131z\u0131 sorumlu davranmaya te\u015fvik etmektir. Sadece s\u00fcrd\u00fcr\u00fclebilirli\u011fi uygulamakla kalmay\u0131p, <strong data-start=\"2073\" data-end=\"2105\">sekt\u00f6r\u00fcm\u00fcze \u00f6rnek olarak liderlik etmeyi<\/strong> hedefliyoruz.<\/p><p data-start=\"2108\" data-end=\"2229\"><strong data-start=\"2108\" data-end=\"2229\">Bu bizim \u00c7evre Politikam\u0131zd\u0131r; sorumluluk, d\u00fcr\u00fcstl\u00fck ve uzun vadeli bir vizyonla arkas\u0131nda durdu\u011fumuz bir taahh\u00fctt\u00fcr.<\/strong><\/p>\t\t\t\t\t\t\t\t<\/div>\n\t\t\t\t<\/div>\n\t\t<div class=\"elementor-element elementor-element-eba742a e-con-full e-flex wpr-particle-no wpr-jarallax-no wpr-parallax-no wpr-sticky-section-no wpr-equal-height-no e-con e-child\" data-id=\"eba742a\" data-element_type=\"container\" data-e-type=\"container\">\n\t\t<div class=\"elementor-element elementor-element-09758c4 e-con-full e-flex wpr-particle-no wpr-jarallax-no wpr-parallax-no wpr-sticky-section-no wpr-equal-height-no e-con e-child\" data-id=\"09758c4\" data-element_type=\"container\" data-e-type=\"container\">\n\t\t\t\t<div class=\"elementor-element elementor-element-998b119 elementor-invisible elementor-widget elementor-widget-image\" data-id=\"998b119\" data-element_type=\"widget\" data-e-type=\"widget\" data-settings=\"{&quot;_animation&quot;:&quot;fadeInRight&quot;}\" data-widget_type=\"image.default\">\n\t\t\t\t\t\t\t\t\t\t\t\t\t\t\t<img fetchpriority=\"high\" decoding=\"async\" width=\"950\" height=\"676\" src=\"https:\/\/gotec-bonding-agent-systems.com\/wp-content\/uploads\/2025\/12\/Bildschirmfoto-2025-12-02-um-00.14.20.png\" class=\"attachment-large size-large wp-image-8572\" alt=\"ENVIRONMENTAL POLICY\" srcset=\"https:\/\/gotec-bonding-agent-systems.com\/wp-content\/uploads\/2025\/12\/Bildschirmfoto-2025-12-02-um-00.14.20.png 970w, https:\/\/gotec-bonding-agent-systems.com\/wp-content\/uploads\/2025\/12\/Bildschirmfoto-2025-12-02-um-00.14.20-300x213.png 300w, https:\/\/gotec-bonding-agent-systems.com\/wp-content\/uploads\/2025\/12\/Bildschirmfoto-2025-12-02-um-00.14.20-600x427.png 600w\" sizes=\"100vw\" \/>\t\t\t\t\t\t\t\t\t\t\t\t\t\t\t<\/div>\n\t\t\t\t<\/div>\n\t\t\t\t<\/div>\n\t\t\t\t\t<\/div>\n\t\t\t\t<\/div>\n\t\t<div class=\"elementor-element elementor-element-b35ca80 e-flex e-con-boxed wpr-particle-no wpr-jarallax-no wpr-parallax-no wpr-sticky-section-no wpr-equal-height-no e-con e-parent\" data-id=\"b35ca80\" data-element_type=\"container\" data-e-type=\"container\">\n\t\t\t\t\t<div class=\"e-con-inner\">\n\t\t\t\t<div class=\"elementor-element elementor-element-e1abf01 elementor-widget elementor-widget-spacer\" data-id=\"e1abf01\" data-element_type=\"widget\" data-e-type=\"widget\" data-widget_type=\"spacer.default\">\n\t\t\t\t\t\t\t<div class=\"elementor-spacer\">\n\t\t\t<div class=\"elementor-spacer-inner\"><\/div>\n\t\t<\/div>\n\t\t\t\t\t\t<\/div>\n\t\t\t\t\t<\/div>\n\t\t\t\t<\/div>\n\t\t\t\t<\/div>\n\t\t\n    <div class=\"xs_social_share_widget xs_share_url after_content \t\tmain_content  wslu-style-1 wslu-share-box-shaped wslu-fill-colored wslu-none wslu-share-horizontal wslu-theme-font-no wslu-main_content\">\n\n\t\t\n        <ul>\n\t\t\t        <\/ul>\n    <\/div> \n","protected":false},"excerpt":{"rendered":"<p>\u00c7evre Politikas\u0131 GOTEC Bonding Systems olarak, \u00e7evresel sorumluluk kimli\u011fimizin ve i\u015fleyi\u015fimizin ayr\u0131lmaz bir par\u00e7as\u0131d\u0131r.Her \u00fcr\u00fcn\u00fc ve her s\u00fcreci bir ya\u015fam d\u00f6ng\u00fcs\u00fc yakla\u015f\u0131m\u0131yla tasarl\u0131yor, \u00e7evresel etkiyi en ba\u015f\u0131ndan de\u011ferlendiriyor ve her a\u015famada at\u0131\u011f\u0131 en aza indiriyoruz. Emisyonlar\u0131 kontrol ederek, kirlili\u011fi kayna\u011f\u0131nda \u00f6nleyerek ve su ile kaynak t\u00fcketimini azaltarak, \u00e7evreyi s\u00fcrd\u00fcr\u00fclebilir bir niyetle koruyoruz. T\u00fcm ge\u00e7erli \u00e7evre yasalar\u0131na, d\u00fczenlemelerine ve uyum y\u00fck\u00fcml\u00fcl\u00fcklerine sadece bir gereklilik olarak de\u011fil, gezegenimize ve gelecek nesillere olan bir taahh\u00fct olarak uyuyoruz. \u00c7evre bilincini g\u00fc\u00e7lendirmek i\u00e7in \u00e7al\u0131\u015fanlar\u0131m\u0131z\u0131 her seviyede e\u011fitiyor, bilgilendiriyor ve yetkilendiriyoruz. Birlikte, s\u00fcrd\u00fcr\u00fclebilirlik ve sorumlulu\u011fun g\u00fcnl\u00fck kararlar\u0131m\u0131za rehberlik etti\u011fi bir k\u00fclt\u00fcr geli\u015ftiriyoruz. At\u0131k y\u00f6netim hiyerar\u015fisini takip ederek, m\u00fcmk\u00fcn oldu\u011funca at\u0131\u011f\u0131 kayna\u011f\u0131nda \u00f6nl\u00fcyor, malzemeleri yeniden kullan\u0131yor ve do\u011fay\u0131 koruyan, kaynaklar\u0131 muhafaza eden geri d\u00f6n\u00fc\u015f\u00fcm ve geri kazan\u0131m programlar\u0131n\u0131 te\u015fvik ediyoruz. Hammadde ve do\u011fal kaynaklar\u0131 verimli kullanarak gereksiz t\u00fcketimi azalt\u0131yor, malzeme ve enerji kullan\u0131m\u0131nda s\u00fcrekli iyile\u015ftirme i\u00e7in \u00e7abal\u0131yoruz. Amac\u0131m\u0131z, t\u00fcm organizasyonumuzda \u00e7evre bilincini geni\u015fletmek; \u00e7al\u0131\u015fanlar\u0131m\u0131z\u0131, tedarik\u00e7ilerimizi, i\u015f ortaklar\u0131m\u0131z\u0131 ve k\u00fcresel a\u011f\u0131m\u0131z\u0131 sorumlu davranmaya te\u015fvik etmektir. Sadece s\u00fcrd\u00fcr\u00fclebilirli\u011fi uygulamakla kalmay\u0131p, sekt\u00f6r\u00fcm\u00fcze \u00f6rnek olarak liderlik etmeyi hedefliyoruz. Bu bizim \u00c7evre Politikam\u0131zd\u0131r; sorumluluk, d\u00fcr\u00fcstl\u00fck ve uzun vadeli bir vizyonla arkas\u0131nda durdu\u011fumuz bir taahh\u00fctt\u00fcr.<\/p>\n","protected":false},"author":1,"featured_media":0,"parent":0,"menu_order":0,"comment_status":"closed","ping_status":"closed","template":"","meta":{"postBodyCss":"","postBodyMargin":[],"postBodyPadding":[],"postBodyBackground":{"backgroundType":"classic","gradient":""},"inspiro_hide_title":false,"footnotes":""},"class_list":["post-8568","page","type-page","status-publish","hentry"],"yoast_head":"<!-- This site is optimized with the Yoast SEO plugin v27.4 - https:\/\/yoast.com\/product\/yoast-seo-wordpress\/ -->\n<title>\u00c7EVRE POL\u0130T\u0130KASI - GOTEC Bonding Systems<\/title>\n<meta name=\"description\" content=\"GOTEC Bonding Systems \u00e7evre politikas\u0131: emisyonlar\u0131n azalt\u0131lmas\u0131, kaynaklar\u0131n korunmas\u0131 ve s\u00fcrd\u00fcr\u00fclebilir \u00fcretim anlay\u0131\u015f\u0131.\" \/>\n<meta name=\"robots\" content=\"noindex, follow\" \/>\n<meta property=\"og:locale\" content=\"tr_TR\" \/>\n<meta property=\"og:type\" content=\"article\" \/>\n<meta property=\"og:title\" content=\"\u00c7EVRE POL\u0130T\u0130KASI - GOTEC Bonding Systems\" \/>\n<meta property=\"og:description\" content=\"GOTEC Bonding Systems \u00e7evre politikas\u0131: emisyonlar\u0131n azalt\u0131lmas\u0131, kaynaklar\u0131n korunmas\u0131 ve s\u00fcrd\u00fcr\u00fclebilir \u00fcretim anlay\u0131\u015f\u0131.\" \/>\n<meta property=\"og:url\" content=\"https:\/\/gotec-bonding-agent-systems.com\/tr\/cevre-politikasi\/\" \/>\n<meta property=\"og:site_name\" content=\"GOTEC Bonding Systems\" \/>\n<meta property=\"article:modified_time\" content=\"2026-04-03T09:57:08+00:00\" \/>\n<meta property=\"og:image\" content=\"https:\/\/gotec-bonding-agent-systems.com\/wp-content\/uploads\/2025\/12\/Bildschirmfoto-2025-12-02-um-00.14.20.png\" \/>\n<meta name=\"twitter:card\" content=\"summary_large_image\" \/>\n<meta name=\"twitter:label1\" content=\"Tahmini okuma s\u00fcresi\" \/>\n\t<meta name=\"twitter:data1\" content=\"2 dakika\" \/>\n<script type=\"application\/ld+json\" class=\"yoast-schema-graph\">{\"@context\":\"https:\\\/\\\/schema.org\",\"@graph\":[{\"@type\":\"WebPage\",\"@id\":\"https:\\\/\\\/gotec-bonding-agent-systems.com\\\/tr\\\/cevre-politikasi\\\/\",\"url\":\"https:\\\/\\\/gotec-bonding-agent-systems.com\\\/tr\\\/cevre-politikasi\\\/\",\"name\":\"\u00c7EVRE POL\u0130T\u0130KASI - GOTEC Bonding Systems\",\"isPartOf\":{\"@id\":\"https:\\\/\\\/gotec-bonding-agent-systems.com\\\/#website\"},\"primaryImageOfPage\":{\"@id\":\"https:\\\/\\\/gotec-bonding-agent-systems.com\\\/tr\\\/cevre-politikasi\\\/#primaryimage\"},\"image\":{\"@id\":\"https:\\\/\\\/gotec-bonding-agent-systems.com\\\/tr\\\/cevre-politikasi\\\/#primaryimage\"},\"thumbnailUrl\":\"https:\\\/\\\/gotec-bonding-agent-systems.com\\\/wp-content\\\/uploads\\\/2025\\\/12\\\/Bildschirmfoto-2025-12-02-um-00.14.20.png\",\"datePublished\":\"2025-11-13T21:44:33+00:00\",\"dateModified\":\"2026-04-03T09:57:08+00:00\",\"description\":\"GOTEC Bonding Systems \u00e7evre politikas\u0131: emisyonlar\u0131n azalt\u0131lmas\u0131, kaynaklar\u0131n korunmas\u0131 ve s\u00fcrd\u00fcr\u00fclebilir \u00fcretim anlay\u0131\u015f\u0131.\",\"breadcrumb\":{\"@id\":\"https:\\\/\\\/gotec-bonding-agent-systems.com\\\/tr\\\/cevre-politikasi\\\/#breadcrumb\"},\"inLanguage\":\"tr\",\"potentialAction\":[{\"@type\":\"ReadAction\",\"target\":[\"https:\\\/\\\/gotec-bonding-agent-systems.com\\\/tr\\\/cevre-politikasi\\\/\"]}]},{\"@type\":\"ImageObject\",\"inLanguage\":\"tr\",\"@id\":\"https:\\\/\\\/gotec-bonding-agent-systems.com\\\/tr\\\/cevre-politikasi\\\/#primaryimage\",\"url\":\"https:\\\/\\\/gotec-bonding-agent-systems.com\\\/wp-content\\\/uploads\\\/2025\\\/12\\\/Bildschirmfoto-2025-12-02-um-00.14.20.png\",\"contentUrl\":\"https:\\\/\\\/gotec-bonding-agent-systems.com\\\/wp-content\\\/uploads\\\/2025\\\/12\\\/Bildschirmfoto-2025-12-02-um-00.14.20.png\"},{\"@type\":\"BreadcrumbList\",\"@id\":\"https:\\\/\\\/gotec-bonding-agent-systems.com\\\/tr\\\/cevre-politikasi\\\/#breadcrumb\",\"itemListElement\":[{\"@type\":\"ListItem\",\"position\":1,\"name\":\"Start\",\"item\":\"https:\\\/\\\/gotec-bonding-agent-systems.com\\\/tr\\\/\"},{\"@type\":\"ListItem\",\"position\":2,\"name\":\"\u00c7EVRE POL\u0130T\u0130KASI\"}]},{\"@type\":\"WebSite\",\"@id\":\"https:\\\/\\\/gotec-bonding-agent-systems.com\\\/#website\",\"url\":\"https:\\\/\\\/gotec-bonding-agent-systems.com\\\/\",\"name\":\"GOTEC Bonding Systems\",\"description\":\"\",\"publisher\":{\"@id\":\"https:\\\/\\\/gotec-bonding-agent-systems.com\\\/#organization\"},\"potentialAction\":[{\"@type\":\"SearchAction\",\"target\":{\"@type\":\"EntryPoint\",\"urlTemplate\":\"https:\\\/\\\/gotec-bonding-agent-systems.com\\\/?s={search_term_string}\"},\"query-input\":{\"@type\":\"PropertyValueSpecification\",\"valueRequired\":true,\"valueName\":\"search_term_string\"}}],\"inLanguage\":\"tr\"},{\"@type\":\"Organization\",\"@id\":\"https:\\\/\\\/gotec-bonding-agent-systems.com\\\/#organization\",\"name\":\"GOTEC Bonding Systems\",\"url\":\"https:\\\/\\\/gotec-bonding-agent-systems.com\\\/\",\"logo\":{\"@type\":\"ImageObject\",\"inLanguage\":\"tr\",\"@id\":\"https:\\\/\\\/gotec-bonding-agent-systems.com\\\/#\\\/schema\\\/logo\\\/image\\\/\",\"url\":\"https:\\\/\\\/gotec-bonding-agent-systems.com\\\/wp-content\\\/uploads\\\/2025\\\/11\\\/cropped-GOTEC_Bonding_Systems_Logo.png\",\"contentUrl\":\"https:\\\/\\\/gotec-bonding-agent-systems.com\\\/wp-content\\\/uploads\\\/2025\\\/11\\\/cropped-GOTEC_Bonding_Systems_Logo.png\",\"width\":2122,\"height\":1287,\"caption\":\"GOTEC Bonding Systems\"},\"image\":{\"@id\":\"https:\\\/\\\/gotec-bonding-agent-systems.com\\\/#\\\/schema\\\/logo\\\/image\\\/\"}}]}<\/script>\n<!-- \/ Yoast SEO plugin. -->","yoast_head_json":{"title":"\u00c7EVRE POL\u0130T\u0130KASI - GOTEC Bonding Systems","description":"GOTEC Bonding Systems \u00e7evre politikas\u0131: emisyonlar\u0131n azalt\u0131lmas\u0131, kaynaklar\u0131n korunmas\u0131 ve s\u00fcrd\u00fcr\u00fclebilir \u00fcretim anlay\u0131\u015f\u0131.","robots":{"index":"noindex","follow":"follow"},"og_locale":"tr_TR","og_type":"article","og_title":"\u00c7EVRE POL\u0130T\u0130KASI - GOTEC Bonding Systems","og_description":"GOTEC Bonding Systems \u00e7evre politikas\u0131: emisyonlar\u0131n azalt\u0131lmas\u0131, kaynaklar\u0131n korunmas\u0131 ve s\u00fcrd\u00fcr\u00fclebilir \u00fcretim anlay\u0131\u015f\u0131.","og_url":"https:\/\/gotec-bonding-agent-systems.com\/tr\/cevre-politikasi\/","og_site_name":"GOTEC Bonding Systems","article_modified_time":"2026-04-03T09:57:08+00:00","og_image":[{"url":"https:\/\/gotec-bonding-agent-systems.com\/wp-content\/uploads\/2025\/12\/Bildschirmfoto-2025-12-02-um-00.14.20.png","type":"","width":"","height":""}],"twitter_card":"summary_large_image","twitter_misc":{"Tahmini okuma s\u00fcresi":"2 dakika"},"schema":{"@context":"https:\/\/schema.org","@graph":[{"@type":"WebPage","@id":"https:\/\/gotec-bonding-agent-systems.com\/tr\/cevre-politikasi\/","url":"https:\/\/gotec-bonding-agent-systems.com\/tr\/cevre-politikasi\/","name":"\u00c7EVRE POL\u0130T\u0130KASI - GOTEC Bonding Systems","isPartOf":{"@id":"https:\/\/gotec-bonding-agent-systems.com\/#website"},"primaryImageOfPage":{"@id":"https:\/\/gotec-bonding-agent-systems.com\/tr\/cevre-politikasi\/#primaryimage"},"image":{"@id":"https:\/\/gotec-bonding-agent-systems.com\/tr\/cevre-politikasi\/#primaryimage"},"thumbnailUrl":"https:\/\/gotec-bonding-agent-systems.com\/wp-content\/uploads\/2025\/12\/Bildschirmfoto-2025-12-02-um-00.14.20.png","datePublished":"2025-11-13T21:44:33+00:00","dateModified":"2026-04-03T09:57:08+00:00","description":"GOTEC Bonding Systems \u00e7evre politikas\u0131: emisyonlar\u0131n azalt\u0131lmas\u0131, kaynaklar\u0131n korunmas\u0131 ve s\u00fcrd\u00fcr\u00fclebilir \u00fcretim anlay\u0131\u015f\u0131.","breadcrumb":{"@id":"https:\/\/gotec-bonding-agent-systems.com\/tr\/cevre-politikasi\/#breadcrumb"},"inLanguage":"tr","potentialAction":[{"@type":"ReadAction","target":["https:\/\/gotec-bonding-agent-systems.com\/tr\/cevre-politikasi\/"]}]},{"@type":"ImageObject","inLanguage":"tr","@id":"https:\/\/gotec-bonding-agent-systems.com\/tr\/cevre-politikasi\/#primaryimage","url":"https:\/\/gotec-bonding-agent-systems.com\/wp-content\/uploads\/2025\/12\/Bildschirmfoto-2025-12-02-um-00.14.20.png","contentUrl":"https:\/\/gotec-bonding-agent-systems.com\/wp-content\/uploads\/2025\/12\/Bildschirmfoto-2025-12-02-um-00.14.20.png"},{"@type":"BreadcrumbList","@id":"https:\/\/gotec-bonding-agent-systems.com\/tr\/cevre-politikasi\/#breadcrumb","itemListElement":[{"@type":"ListItem","position":1,"name":"Start","item":"https:\/\/gotec-bonding-agent-systems.com\/tr\/"},{"@type":"ListItem","position":2,"name":"\u00c7EVRE POL\u0130T\u0130KASI"}]},{"@type":"WebSite","@id":"https:\/\/gotec-bonding-agent-systems.com\/#website","url":"https:\/\/gotec-bonding-agent-systems.com\/","name":"GOTEC Bonding Systems","description":"","publisher":{"@id":"https:\/\/gotec-bonding-agent-systems.com\/#organization"},"potentialAction":[{"@type":"SearchAction","target":{"@type":"EntryPoint","urlTemplate":"https:\/\/gotec-bonding-agent-systems.com\/?s={search_term_string}"},"query-input":{"@type":"PropertyValueSpecification","valueRequired":true,"valueName":"search_term_string"}}],"inLanguage":"tr"},{"@type":"Organization","@id":"https:\/\/gotec-bonding-agent-systems.com\/#organization","name":"GOTEC Bonding Systems","url":"https:\/\/gotec-bonding-agent-systems.com\/","logo":{"@type":"ImageObject","inLanguage":"tr","@id":"https:\/\/gotec-bonding-agent-systems.com\/#\/schema\/logo\/image\/","url":"https:\/\/gotec-bonding-agent-systems.com\/wp-content\/uploads\/2025\/11\/cropped-GOTEC_Bonding_Systems_Logo.png","contentUrl":"https:\/\/gotec-bonding-agent-systems.com\/wp-content\/uploads\/2025\/11\/cropped-GOTEC_Bonding_Systems_Logo.png","width":2122,"height":1287,"caption":"GOTEC Bonding Systems"},"image":{"@id":"https:\/\/gotec-bonding-agent-systems.com\/#\/schema\/logo\/image\/"}}]}},"featured_media_urls":[],"_links":{"self":[{"href":"https:\/\/gotec-bonding-agent-systems.com\/tr\/wp-json\/wp\/v2\/pages\/8568","targetHints":{"allow":["GET"]}}],"collection":[{"href":"https:\/\/gotec-bonding-agent-systems.com\/tr\/wp-json\/wp\/v2\/pages"}],"about":[{"href":"https:\/\/gotec-bonding-agent-systems.com\/tr\/wp-json\/wp\/v2\/types\/page"}],"author":[{"embeddable":true,"href":"https:\/\/gotec-bonding-agent-systems.com\/tr\/wp-json\/wp\/v2\/users\/1"}],"replies":[{"embeddable":true,"href":"https:\/\/gotec-bonding-agent-systems.com\/tr\/wp-json\/wp\/v2\/comments?post=8568"}],"version-history":[{"count":2,"href":"https:\/\/gotec-bonding-agent-systems.com\/tr\/wp-json\/wp\/v2\/pages\/8568\/revisions"}],"predecessor-version":[{"id":8579,"href":"https:\/\/gotec-bonding-agent-systems.com\/tr\/wp-json\/wp\/v2\/pages\/8568\/revisions\/8579"}],"wp:attachment":[{"href":"https:\/\/gotec-bonding-agent-systems.com\/tr\/wp-json\/wp\/v2\/media?parent=8568"}],"curies":[{"name":"wp","href":"https:\/\/api.w.org\/{rel}","templated":true}]}}