{"id":8648,"date":"2026-02-11T19:44:54","date_gmt":"2026-02-11T19:44:54","guid":{"rendered":"https:\/\/gotec-bonding-agent-systems.com\/kamelock-mp-07\/"},"modified":"2026-04-03T11:23:39","modified_gmt":"2026-04-03T11:23:39","slug":"kamelock-mp-07","status":"publish","type":"page","link":"https:\/\/gotec-bonding-agent-systems.com\/tr\/kamelock-mp-07\/","title":{"rendered":"KA&amp;MELOCK MP 07 &#8211; Art\u0131r\u0131lm\u0131\u015f glikol direncine sahip y\u00fcksek performansl\u0131 astar"},"content":{"rendered":"\t\t<div data-elementor-type=\"wp-page\" data-elementor-id=\"8648\" class=\"elementor elementor-8648 elementor-8507\">\n\t\t\t\t<div class=\"elementor-element elementor-element-f0702cf e-flex e-con-boxed wpr-particle-no wpr-jarallax-no wpr-parallax-no wpr-sticky-section-no wpr-equal-height-no e-con e-parent\" data-id=\"f0702cf\" data-element_type=\"container\" data-e-type=\"container\" data-settings=\"{&quot;background_background&quot;:&quot;classic&quot;}\">\n\t\t\t\t\t<div class=\"e-con-inner\">\n\t\t<div class=\"elementor-element elementor-element-fadf62c e-con-full e-flex wpr-particle-no wpr-jarallax-no wpr-parallax-no wpr-sticky-section-no wpr-equal-height-no e-con e-child\" data-id=\"fadf62c\" data-element_type=\"container\" data-e-type=\"container\">\n\t\t\t\t<div class=\"elementor-element elementor-element-e1dc426 elementor-widget elementor-widget-elementskit-heading\" data-id=\"e1dc426\" data-element_type=\"widget\" data-e-type=\"widget\" data-widget_type=\"elementskit-heading.default\">\n\t\t\t\t\t<div class=\"ekit-wid-con\" ><div class=\"ekit-heading elementskit-section-title-wraper text_left   ekit_heading_tablet-   ekit_heading_mobile-\"><h2 class=\"ekit-heading--title elementskit-section-title \">KA&amp;MELOCK MP 07<\/h2>\t\t\t\t<div class='ekit-heading__description'>\n\t\t\t\t\t<p><strong>KA&amp;MELOCK MP 07<\/strong>, <strong>KA&amp;MELOCK<\/strong> yap\u0131\u015ft\u0131r\u0131c\u0131lar\u0131 ile kullan\u0131lmak \u00fczere tasarlanm\u0131\u015f evrensel bir astard\u0131r. Suya, korozyona ve hidrolitik etkilere kar\u015f\u0131 \u00fcst\u00fcn koruma sa\u011flarken, elastomerden metale g\u00fcvenilir yap\u0131\u015fmay\u0131 garanti eder. <\/p>\n<p>Astar, m\u00fckemmel dinamik ve s\u0131cakl\u0131k kararl\u0131l\u0131\u011f\u0131n\u0131n yan\u0131 s\u0131ra teknik ya\u011flara ve greslere kar\u015f\u0131 diren\u00e7 sunar. \u00d6zellikle geli\u015fmi\u015f glikol direnci gerektiren uygulamalar i\u00e7in uygundur. <\/p>\n\t\t\t\t<\/div>\n\t\t\t<\/div><\/div>\t\t\t\t<\/div>\n\t\t\t\t<\/div>\n\t\t<div class=\"elementor-element elementor-element-04b220d e-con-full e-flex wpr-particle-no wpr-jarallax-no wpr-parallax-no wpr-sticky-section-no wpr-equal-height-no e-con e-child\" data-id=\"04b220d\" data-element_type=\"container\" data-e-type=\"container\">\n\t\t\t\t<div class=\"elementor-element elementor-element-d1721f1 elementor-widget elementor-widget-image\" data-id=\"d1721f1\" data-element_type=\"widget\" data-e-type=\"widget\" data-widget_type=\"image.default\">\n\t\t\t\t\t\t\t\t\t\t\t\t\t\t\t<img fetchpriority=\"high\" decoding=\"async\" width=\"950\" height=\"634\" src=\"https:\/\/gotec-bonding-agent-systems.com\/wp-content\/uploads\/2026\/02\/KAMELOCK-MP-07-1024x683.png\" class=\"attachment-large size-large wp-image-8651\" alt=\"KA&amp;MELOCK MP 07\" srcset=\"https:\/\/gotec-bonding-agent-systems.com\/wp-content\/uploads\/2026\/02\/KAMELOCK-MP-07-1024x683.png 1024w, https:\/\/gotec-bonding-agent-systems.com\/wp-content\/uploads\/2026\/02\/KAMELOCK-MP-07-300x200.png 300w, https:\/\/gotec-bonding-agent-systems.com\/wp-content\/uploads\/2026\/02\/KAMELOCK-MP-07-600x400.png 600w, https:\/\/gotec-bonding-agent-systems.com\/wp-content\/uploads\/2026\/02\/KAMELOCK-MP-07-1200x800.png 1200w, https:\/\/gotec-bonding-agent-systems.com\/wp-content\/uploads\/2026\/02\/KAMELOCK-MP-07.png 1536w\" sizes=\"100vw\" \/>\t\t\t\t\t\t\t\t\t\t\t\t\t\t\t<\/div>\n\t\t\t\t<div class=\"elementor-element elementor-element-53bd37f elementor-widget elementor-widget-spacer\" data-id=\"53bd37f\" data-element_type=\"widget\" data-e-type=\"widget\" data-widget_type=\"spacer.default\">\n\t\t\t\t\t\t\t<div class=\"elementor-spacer\">\n\t\t\t<div class=\"elementor-spacer-inner\"><\/div>\n\t\t<\/div>\n\t\t\t\t\t\t<\/div>\n\t\t\t\t<div class=\"elementor-element elementor-element-aadd4cb elementor-widget elementor-widget-button\" data-id=\"aadd4cb\" data-element_type=\"widget\" data-e-type=\"widget\" data-widget_type=\"button.default\">\n\t\t\t\t\t\t\t\t\t\t<a class=\"elementor-button elementor-button-link elementor-size-sm\" href=\"https:\/\/gotec-bonding-agent-systems.com\/wp-content\/uploads\/2026\/02\/KAMELOCK-MP-07-TDS-EN-1.pdf\">\n\t\t\t\t\t\t<span class=\"elementor-button-content-wrapper\">\n\t\t\t\t\t\t\t\t\t<span class=\"elementor-button-text\">PDF \u0130ND\u0130R<\/span>\n\t\t\t\t\t<\/span>\n\t\t\t\t\t<\/a>\n\t\t\t\t\t\t\t\t<\/div>\n\t\t\t\t<\/div>\n\t\t\t\t\t<\/div>\n\t\t\t\t<\/div>\n\t\t\t\t<section class=\"elementor-section elementor-top-section elementor-element elementor-element-186f4c4 elementor-section-boxed elementor-section-height-default elementor-section-height-default wpr-particle-no wpr-jarallax-no wpr-parallax-no wpr-sticky-section-no wpr-equal-height-no\" data-id=\"186f4c4\" data-element_type=\"section\" data-e-type=\"section\">\n\t\t\t\t\t\t<div class=\"elementor-container elementor-column-gap-default\">\n\t\t\t\t\t<div class=\"elementor-column elementor-col-100 elementor-top-column elementor-element elementor-element-a9e8138\" data-id=\"a9e8138\" data-element_type=\"column\" data-e-type=\"column\">\n\t\t\t<div class=\"elementor-widget-wrap elementor-element-populated\">\n\t\t\t\t\t\t<div class=\"elementor-element elementor-element-08c6054 elementor-widget elementor-widget-heading\" data-id=\"08c6054\" data-element_type=\"widget\" data-e-type=\"widget\" data-widget_type=\"heading.default\">\n\t\t\t\t\t<h2 class=\"elementor-heading-title elementor-size-default\">Teknik Veriler<\/h2>\t\t\t\t<\/div>\n\t\t\t\t<div class=\"elementor-element elementor-element-9c1529e wpr-list-style-none elementor-widget elementor-widget-wpr-posts-timeline\" data-id=\"9c1529e\" data-element_type=\"widget\" data-e-type=\"widget\" data-settings=\"{&quot;animation_offset&quot;:150,&quot;aos_animation_duration&quot;:600}\" data-widget_type=\"wpr-posts-timeline.default\">\n\t\t\t\t\t\n\t\t<div class=\"wpr-wrapper wpr-vertical wpr-one-sided-wrapper\">\n\t\t\t<div class=\"wpr-timeline-centered wpr-line wpr-one-sided-timeline\"><div class=\"wpr-middle-line\"><\/div><div class=\"wpr-timeline-fill\" data-layout=\"one-sided\"><\/div><article class=\"wpr-timeline-entry wpr-right-aligned elementor-repeater-item-f94da51\" data-item-id=\"elementor-repeater-item-f94da51\"><div class=\"wpr-timeline-entry-inner\"><div class=\"wpr-main-line-icon wpr-icon\"><\/div><div class=\"wpr-story-info-vertical wpr-data-wrap \"  data-aos=\"fade\" data-aos-left=\"\" data-aos-right=\"\" data-animation-offset=\"150\" data-animation-duration=\"600\"><div class=\"wpr-timeline-content-wrapper\"><div class=\"wpr-content-wrapper\"><div class=\"wpr-description\"><table><tbody><tr><td><p>Renk Gri<\/p><\/td><td> <\/td><\/tr><\/tbody><\/table><table style=\"height: 124px\" width=\"238\"><tbody><tr><td><p>Viskozite 4 mm DIN-Kupa 15 \u2013 22 s<\/p><\/td><td> <\/td><\/tr><\/tbody><\/table><table><tbody><tr><td><p>Viskozite, cps@25\u00b0C(77\u00b0F)<\/p><table><tbody><tr><td><p> 90 \u2013 170 mPas<\/p><\/td><\/tr><\/tbody><\/table><p>Brookfield SNB1<br>Mil 2, 30 dev\/dak<\/p><\/td><td> <\/td><\/tr><\/tbody><\/table><\/div><\/div><\/div><\/div>\n\t\t\t\t\t\t<\/div>\n\t\t\t\t<\/article><article class=\"wpr-timeline-entry wpr-right-aligned elementor-repeater-item-2a37755\" data-item-id=\"elementor-repeater-item-2a37755\"><div class=\"wpr-timeline-entry-inner\"><div class=\"wpr-main-line-icon wpr-icon\"><\/div><div class=\"wpr-story-info-vertical wpr-data-wrap \"  data-aos=\"fade\" data-aos-left=\"\" data-aos-right=\"\" data-animation-offset=\"150\" data-animation-duration=\"600\"><div class=\"wpr-timeline-content-wrapper\"><div class=\"wpr-content-wrapper\"><div class=\"wpr-description\"><table><tbody><tr><td><p>\u00d6zg\u00fcl A\u011f\u0131rl\u0131k 0,92 \u2013 0,96 g\/cm\u00b3<\/p><\/td><td> <\/td><\/tr><\/tbody><\/table><table style=\"height: 172px\" width=\"201\"><tbody><tr><td><p>Kat\u0131 Madde \u0130\u00e7eri\u011fi %22 \u2013 26 a\u011f\u0131rl\u0131k\u00e7a<\/p><\/td><td> <\/td><\/tr><\/tbody><\/table><table><tbody><tr><td><p>\u00c7\u00f6z\u00fcc\u00fcler Metil Etil Keton (MEK), Ksilen<\/p><\/td><td> <\/td><\/tr><\/tbody><\/table><p>*Veriler tipiktir ve spesifikasyon ama\u00e7lar\u0131 i\u00e7in kullan\u0131lmamal\u0131d\u0131r.<\/p><\/div><\/div><\/div><\/div>\n\t\t\t\t\t\t<\/div>\n\t\t\t\t<\/article><\/div>    \n\t\t\t<\/div>\t\t\t\t<\/div>\n\t\t\t\t<div class=\"elementor-element elementor-element-f23d66b elementor-widget elementor-widget-text-editor\" data-id=\"f23d66b\" data-element_type=\"widget\" data-e-type=\"widget\" data-widget_type=\"text-editor.default\">\n\t\t\t\t\t\t\t\t\t<p data-start=\"1163\" data-end=\"1464\"><strong>KA&amp;MELOCK MP 07<\/strong>, zorlu elastomerden metale yap\u0131\u015ft\u0131rma uygulamalar\u0131 i\u00e7in y\u00fcksek performansl\u0131 bir astar olarak \u00f6zel olarak geli\u015ftirilmi\u015ftir. Yap\u0131\u015fmas\u0131 zor y\u00fczeylerde bile yap\u0131\u015fmay\u0131 iyile\u015ftirir ve \u00f6zellikle conta \u00fcretiminde yayg\u0131n olarak kullan\u0131lan Nitril Kau\u00e7uk (NBR) i\u00e7in g\u00fcvenilir tek katmanl\u0131 yap\u0131\u015ft\u0131rma sa\u011flar. <\/p><p data-start=\"1466\" data-end=\"1499\">Ba\u015fl\u0131ca performans \u00f6zellikleri \u015funlard\u0131r:<\/p><p data-start=\"1466\" data-end=\"1499\">\u2022 M\u00fckemmel korozyon korumas\u0131<\/p><p data-start=\"1466\" data-end=\"1499\">\u2022 Suya ve hidrolitik etkilere kar\u015f\u0131 diren\u00e7<\/p><p data-start=\"1585\" data-end=\"1625\">\u2022 Y\u00fcksek dinamik ve s\u0131cakl\u0131k kararl\u0131l\u0131\u011f\u0131<\/p><p data-start=\"1628\" data-end=\"1670\">\u2022 Teknik greslere ve ya\u011flara kar\u015f\u0131 diren\u00e7<\/p><p data-start=\"1673\" data-end=\"1728\">\u2022 Glikole dayan\u0131kl\u0131 uygulamalar i\u00e7in \u00f6zel uygunluk<\/p><p data-start=\"1730\" data-end=\"1891\">Kuruduktan sonra <strong>KA&amp;MELOCK MP 07<\/strong>, metal y\u00fczeyde tek tip gri bir film olu\u015fturur ve uygun \u015fekilde astarlanm\u0131\u015f par\u00e7alar\u0131n temiz bir ortamda birka\u00e7 hafta saklanmas\u0131na olanak tan\u0131r.<\/p>\t\t\t\t\t\t\t\t<\/div>\n\t\t\t\t\t<\/div>\n\t\t<\/div>\n\t\t\t\t\t<\/div>\n\t\t<\/section>\n\t\t\t\t<\/div>\n\t\t\n    <div class=\"xs_social_share_widget xs_share_url after_content \t\tmain_content  wslu-style-1 wslu-share-box-shaped wslu-fill-colored wslu-none wslu-share-horizontal wslu-theme-font-no wslu-main_content\">\n\n\t\t\n        <ul>\n\t\t\t        <\/ul>\n    <\/div> \n","protected":false},"excerpt":{"rendered":"<p>KA&amp;MELOCK MP 07 KA&amp;MELOCK MP 07, KA&amp;MELOCK yap\u0131\u015ft\u0131r\u0131c\u0131lar\u0131 ile kullan\u0131lmak \u00fczere tasarlanm\u0131\u015f evrensel bir astard\u0131r. Suya, korozyona ve hidrolitik etkilere kar\u015f\u0131 \u00fcst\u00fcn koruma sa\u011flarken, elastomerden metale g\u00fcvenilir yap\u0131\u015fmay\u0131 garanti eder. Astar, m\u00fckemmel dinamik ve s\u0131cakl\u0131k kararl\u0131l\u0131\u011f\u0131n\u0131n yan\u0131 s\u0131ra teknik ya\u011flara ve greslere kar\u015f\u0131 diren\u00e7 sunar. \u00d6zellikle geli\u015fmi\u015f glikol direnci gerektiren uygulamalar i\u00e7in uygundur. PDF \u0130ND\u0130R Teknik Veriler Renk Gri Viskozite 4 mm DIN-Kupa 15 \u2013 22 s Viskozite, cps@25\u00b0C(77\u00b0F) 90 \u2013 170 mPas Brookfield SNB1Mil 2, 30 dev\/dak \u00d6zg\u00fcl A\u011f\u0131rl\u0131k 0,92 \u2013 0,96 g\/cm\u00b3 Kat\u0131 Madde \u0130\u00e7eri\u011fi %22 \u2013 26 a\u011f\u0131rl\u0131k\u00e7a \u00c7\u00f6z\u00fcc\u00fcler Metil Etil Keton (MEK), Ksilen *Veriler tipiktir ve spesifikasyon ama\u00e7lar\u0131 i\u00e7in kullan\u0131lmamal\u0131d\u0131r. KA&amp;MELOCK MP 07, zorlu elastomerden metale yap\u0131\u015ft\u0131rma uygulamalar\u0131 i\u00e7in y\u00fcksek performansl\u0131 bir astar olarak \u00f6zel olarak geli\u015ftirilmi\u015ftir. Yap\u0131\u015fmas\u0131 zor y\u00fczeylerde bile yap\u0131\u015fmay\u0131 iyile\u015ftirir ve \u00f6zellikle conta \u00fcretiminde yayg\u0131n olarak kullan\u0131lan Nitril Kau\u00e7uk (NBR) i\u00e7in g\u00fcvenilir tek katmanl\u0131 yap\u0131\u015ft\u0131rma sa\u011flar. Ba\u015fl\u0131ca performans \u00f6zellikleri \u015funlard\u0131r: \u2022 M\u00fckemmel korozyon korumas\u0131 \u2022 Suya ve hidrolitik etkilere kar\u015f\u0131 diren\u00e7 \u2022 Y\u00fcksek dinamik ve s\u0131cakl\u0131k kararl\u0131l\u0131\u011f\u0131 \u2022 Teknik greslere ve ya\u011flara kar\u015f\u0131 diren\u00e7 \u2022 Glikole dayan\u0131kl\u0131 uygulamalar i\u00e7in \u00f6zel uygunluk Kuruduktan sonra KA&amp;MELOCK MP 07, metal y\u00fczeyde tek tip gri bir film olu\u015fturur ve uygun \u015fekilde astarlanm\u0131\u015f par\u00e7alar\u0131n temiz bir ortamda birka\u00e7 hafta saklanmas\u0131na olanak tan\u0131r.<\/p>\n","protected":false},"author":1,"featured_media":0,"parent":0,"menu_order":0,"comment_status":"closed","ping_status":"closed","template":"","meta":{"postBodyCss":"","postBodyMargin":[],"postBodyPadding":[],"postBodyBackground":{"backgroundType":"classic","gradient":""},"inspiro_hide_title":false,"footnotes":""},"class_list":["post-8648","page","type-page","status-publish","hentry"],"yoast_head":"<!-- This site is optimized with the Yoast SEO plugin v27.4 - https:\/\/yoast.com\/product\/yoast-seo-wordpress\/ -->\n<title>KA&amp;MELOCK MP 07 | Glikol diren\u00e7li astar<\/title>\n<meta name=\"description\" content=\"KA&amp;MELOCK MP 07, elastomerden metale yap\u0131\u015ft\u0131rma uygulamalar\u0131 i\u00e7in geli\u015ftirilmi\u015f, y\u00fcksek performansl\u0131 ve g\u00fcvenilir bir astard\u0131r.\" \/>\n<meta name=\"robots\" content=\"index, follow, max-snippet:-1, max-image-preview:large, max-video-preview:-1\" \/>\n<link rel=\"canonical\" href=\"https:\/\/gotec-bonding-agent-systems.com\/tr\/kamelock-mp-07\/\" \/>\n<meta property=\"og:locale\" content=\"tr_TR\" \/>\n<meta property=\"og:type\" content=\"article\" \/>\n<meta property=\"og:title\" content=\"KA&amp;MELOCK MP 07 | Glikol diren\u00e7li astar\" \/>\n<meta property=\"og:description\" content=\"KA&amp;MELOCK MP 07, elastomerden metale yap\u0131\u015ft\u0131rma uygulamalar\u0131 i\u00e7in geli\u015ftirilmi\u015f, y\u00fcksek performansl\u0131 ve g\u00fcvenilir bir astard\u0131r.\" \/>\n<meta property=\"og:url\" content=\"https:\/\/gotec-bonding-agent-systems.com\/tr\/kamelock-mp-07\/\" \/>\n<meta property=\"og:site_name\" content=\"GOTEC Bonding Systems\" \/>\n<meta property=\"article:modified_time\" content=\"2026-04-03T11:23:39+00:00\" \/>\n<meta property=\"og:image\" content=\"https:\/\/gotec-bonding-agent-systems.com\/wp-content\/uploads\/2026\/02\/KAMELOCK-MP-07-1024x683.png\" \/>\n<meta name=\"twitter:card\" content=\"summary_large_image\" \/>\n<meta name=\"twitter:label1\" content=\"Tahmini okuma s\u00fcresi\" \/>\n\t<meta name=\"twitter:data1\" content=\"2 dakika\" \/>\n<script type=\"application\/ld+json\" class=\"yoast-schema-graph\">{\"@context\":\"https:\\\/\\\/schema.org\",\"@graph\":[{\"@type\":\"WebPage\",\"@id\":\"https:\\\/\\\/gotec-bonding-agent-systems.com\\\/tr\\\/kamelock-mp-07\\\/\",\"url\":\"https:\\\/\\\/gotec-bonding-agent-systems.com\\\/tr\\\/kamelock-mp-07\\\/\",\"name\":\"KA&MELOCK MP 07 | Glikol diren\u00e7li astar\",\"isPartOf\":{\"@id\":\"https:\\\/\\\/gotec-bonding-agent-systems.com\\\/#website\"},\"primaryImageOfPage\":{\"@id\":\"https:\\\/\\\/gotec-bonding-agent-systems.com\\\/tr\\\/kamelock-mp-07\\\/#primaryimage\"},\"image\":{\"@id\":\"https:\\\/\\\/gotec-bonding-agent-systems.com\\\/tr\\\/kamelock-mp-07\\\/#primaryimage\"},\"thumbnailUrl\":\"https:\\\/\\\/gotec-bonding-agent-systems.com\\\/wp-content\\\/uploads\\\/2026\\\/02\\\/KAMELOCK-MP-07-1024x683.png\",\"datePublished\":\"2026-02-11T19:44:54+00:00\",\"dateModified\":\"2026-04-03T11:23:39+00:00\",\"description\":\"KA&MELOCK MP 07, elastomerden metale yap\u0131\u015ft\u0131rma uygulamalar\u0131 i\u00e7in geli\u015ftirilmi\u015f, y\u00fcksek performansl\u0131 ve g\u00fcvenilir bir astard\u0131r.\",\"breadcrumb\":{\"@id\":\"https:\\\/\\\/gotec-bonding-agent-systems.com\\\/tr\\\/kamelock-mp-07\\\/#breadcrumb\"},\"inLanguage\":\"tr\",\"potentialAction\":[{\"@type\":\"ReadAction\",\"target\":[\"https:\\\/\\\/gotec-bonding-agent-systems.com\\\/tr\\\/kamelock-mp-07\\\/\"]}]},{\"@type\":\"ImageObject\",\"inLanguage\":\"tr\",\"@id\":\"https:\\\/\\\/gotec-bonding-agent-systems.com\\\/tr\\\/kamelock-mp-07\\\/#primaryimage\",\"url\":\"https:\\\/\\\/gotec-bonding-agent-systems.com\\\/wp-content\\\/uploads\\\/2026\\\/02\\\/KAMELOCK-MP-07-1024x683.png\",\"contentUrl\":\"https:\\\/\\\/gotec-bonding-agent-systems.com\\\/wp-content\\\/uploads\\\/2026\\\/02\\\/KAMELOCK-MP-07-1024x683.png\"},{\"@type\":\"BreadcrumbList\",\"@id\":\"https:\\\/\\\/gotec-bonding-agent-systems.com\\\/tr\\\/kamelock-mp-07\\\/#breadcrumb\",\"itemListElement\":[{\"@type\":\"ListItem\",\"position\":1,\"name\":\"Start\",\"item\":\"https:\\\/\\\/gotec-bonding-agent-systems.com\\\/tr\\\/\"},{\"@type\":\"ListItem\",\"position\":2,\"name\":\"KA&amp;MELOCK MP 07 &#8211; Art\u0131r\u0131lm\u0131\u015f glikol direncine sahip y\u00fcksek performansl\u0131 astar\"}]},{\"@type\":\"WebSite\",\"@id\":\"https:\\\/\\\/gotec-bonding-agent-systems.com\\\/#website\",\"url\":\"https:\\\/\\\/gotec-bonding-agent-systems.com\\\/\",\"name\":\"GOTEC Bonding Systems\",\"description\":\"\",\"publisher\":{\"@id\":\"https:\\\/\\\/gotec-bonding-agent-systems.com\\\/#organization\"},\"potentialAction\":[{\"@type\":\"SearchAction\",\"target\":{\"@type\":\"EntryPoint\",\"urlTemplate\":\"https:\\\/\\\/gotec-bonding-agent-systems.com\\\/?s={search_term_string}\"},\"query-input\":{\"@type\":\"PropertyValueSpecification\",\"valueRequired\":true,\"valueName\":\"search_term_string\"}}],\"inLanguage\":\"tr\"},{\"@type\":\"Organization\",\"@id\":\"https:\\\/\\\/gotec-bonding-agent-systems.com\\\/#organization\",\"name\":\"GOTEC Bonding Systems\",\"url\":\"https:\\\/\\\/gotec-bonding-agent-systems.com\\\/\",\"logo\":{\"@type\":\"ImageObject\",\"inLanguage\":\"tr\",\"@id\":\"https:\\\/\\\/gotec-bonding-agent-systems.com\\\/#\\\/schema\\\/logo\\\/image\\\/\",\"url\":\"https:\\\/\\\/gotec-bonding-agent-systems.com\\\/wp-content\\\/uploads\\\/2025\\\/11\\\/cropped-GOTEC_Bonding_Systems_Logo.png\",\"contentUrl\":\"https:\\\/\\\/gotec-bonding-agent-systems.com\\\/wp-content\\\/uploads\\\/2025\\\/11\\\/cropped-GOTEC_Bonding_Systems_Logo.png\",\"width\":2122,\"height\":1287,\"caption\":\"GOTEC Bonding Systems\"},\"image\":{\"@id\":\"https:\\\/\\\/gotec-bonding-agent-systems.com\\\/#\\\/schema\\\/logo\\\/image\\\/\"}}]}<\/script>\n<!-- \/ Yoast SEO plugin. -->","yoast_head_json":{"title":"KA&MELOCK MP 07 | Glikol diren\u00e7li astar","description":"KA&MELOCK MP 07, elastomerden metale yap\u0131\u015ft\u0131rma uygulamalar\u0131 i\u00e7in geli\u015ftirilmi\u015f, y\u00fcksek performansl\u0131 ve g\u00fcvenilir bir astard\u0131r.","robots":{"index":"index","follow":"follow","max-snippet":"max-snippet:-1","max-image-preview":"max-image-preview:large","max-video-preview":"max-video-preview:-1"},"canonical":"https:\/\/gotec-bonding-agent-systems.com\/tr\/kamelock-mp-07\/","og_locale":"tr_TR","og_type":"article","og_title":"KA&MELOCK MP 07 | Glikol diren\u00e7li astar","og_description":"KA&MELOCK MP 07, elastomerden metale yap\u0131\u015ft\u0131rma uygulamalar\u0131 i\u00e7in geli\u015ftirilmi\u015f, y\u00fcksek performansl\u0131 ve g\u00fcvenilir bir astard\u0131r.","og_url":"https:\/\/gotec-bonding-agent-systems.com\/tr\/kamelock-mp-07\/","og_site_name":"GOTEC Bonding Systems","article_modified_time":"2026-04-03T11:23:39+00:00","og_image":[{"url":"https:\/\/gotec-bonding-agent-systems.com\/wp-content\/uploads\/2026\/02\/KAMELOCK-MP-07-1024x683.png","type":"","width":"","height":""}],"twitter_card":"summary_large_image","twitter_misc":{"Tahmini okuma s\u00fcresi":"2 dakika"},"schema":{"@context":"https:\/\/schema.org","@graph":[{"@type":"WebPage","@id":"https:\/\/gotec-bonding-agent-systems.com\/tr\/kamelock-mp-07\/","url":"https:\/\/gotec-bonding-agent-systems.com\/tr\/kamelock-mp-07\/","name":"KA&MELOCK MP 07 | Glikol diren\u00e7li astar","isPartOf":{"@id":"https:\/\/gotec-bonding-agent-systems.com\/#website"},"primaryImageOfPage":{"@id":"https:\/\/gotec-bonding-agent-systems.com\/tr\/kamelock-mp-07\/#primaryimage"},"image":{"@id":"https:\/\/gotec-bonding-agent-systems.com\/tr\/kamelock-mp-07\/#primaryimage"},"thumbnailUrl":"https:\/\/gotec-bonding-agent-systems.com\/wp-content\/uploads\/2026\/02\/KAMELOCK-MP-07-1024x683.png","datePublished":"2026-02-11T19:44:54+00:00","dateModified":"2026-04-03T11:23:39+00:00","description":"KA&MELOCK MP 07, elastomerden metale yap\u0131\u015ft\u0131rma uygulamalar\u0131 i\u00e7in geli\u015ftirilmi\u015f, y\u00fcksek performansl\u0131 ve g\u00fcvenilir bir astard\u0131r.","breadcrumb":{"@id":"https:\/\/gotec-bonding-agent-systems.com\/tr\/kamelock-mp-07\/#breadcrumb"},"inLanguage":"tr","potentialAction":[{"@type":"ReadAction","target":["https:\/\/gotec-bonding-agent-systems.com\/tr\/kamelock-mp-07\/"]}]},{"@type":"ImageObject","inLanguage":"tr","@id":"https:\/\/gotec-bonding-agent-systems.com\/tr\/kamelock-mp-07\/#primaryimage","url":"https:\/\/gotec-bonding-agent-systems.com\/wp-content\/uploads\/2026\/02\/KAMELOCK-MP-07-1024x683.png","contentUrl":"https:\/\/gotec-bonding-agent-systems.com\/wp-content\/uploads\/2026\/02\/KAMELOCK-MP-07-1024x683.png"},{"@type":"BreadcrumbList","@id":"https:\/\/gotec-bonding-agent-systems.com\/tr\/kamelock-mp-07\/#breadcrumb","itemListElement":[{"@type":"ListItem","position":1,"name":"Start","item":"https:\/\/gotec-bonding-agent-systems.com\/tr\/"},{"@type":"ListItem","position":2,"name":"KA&amp;MELOCK MP 07 &#8211; Art\u0131r\u0131lm\u0131\u015f glikol direncine sahip y\u00fcksek performansl\u0131 astar"}]},{"@type":"WebSite","@id":"https:\/\/gotec-bonding-agent-systems.com\/#website","url":"https:\/\/gotec-bonding-agent-systems.com\/","name":"GOTEC Bonding Systems","description":"","publisher":{"@id":"https:\/\/gotec-bonding-agent-systems.com\/#organization"},"potentialAction":[{"@type":"SearchAction","target":{"@type":"EntryPoint","urlTemplate":"https:\/\/gotec-bonding-agent-systems.com\/?s={search_term_string}"},"query-input":{"@type":"PropertyValueSpecification","valueRequired":true,"valueName":"search_term_string"}}],"inLanguage":"tr"},{"@type":"Organization","@id":"https:\/\/gotec-bonding-agent-systems.com\/#organization","name":"GOTEC Bonding Systems","url":"https:\/\/gotec-bonding-agent-systems.com\/","logo":{"@type":"ImageObject","inLanguage":"tr","@id":"https:\/\/gotec-bonding-agent-systems.com\/#\/schema\/logo\/image\/","url":"https:\/\/gotec-bonding-agent-systems.com\/wp-content\/uploads\/2025\/11\/cropped-GOTEC_Bonding_Systems_Logo.png","contentUrl":"https:\/\/gotec-bonding-agent-systems.com\/wp-content\/uploads\/2025\/11\/cropped-GOTEC_Bonding_Systems_Logo.png","width":2122,"height":1287,"caption":"GOTEC Bonding Systems"},"image":{"@id":"https:\/\/gotec-bonding-agent-systems.com\/#\/schema\/logo\/image\/"}}]}},"featured_media_urls":[],"_links":{"self":[{"href":"https:\/\/gotec-bonding-agent-systems.com\/tr\/wp-json\/wp\/v2\/pages\/8648","targetHints":{"allow":["GET"]}}],"collection":[{"href":"https:\/\/gotec-bonding-agent-systems.com\/tr\/wp-json\/wp\/v2\/pages"}],"about":[{"href":"https:\/\/gotec-bonding-agent-systems.com\/tr\/wp-json\/wp\/v2\/types\/page"}],"author":[{"embeddable":true,"href":"https:\/\/gotec-bonding-agent-systems.com\/tr\/wp-json\/wp\/v2\/users\/1"}],"replies":[{"embeddable":true,"href":"https:\/\/gotec-bonding-agent-systems.com\/tr\/wp-json\/wp\/v2\/comments?post=8648"}],"version-history":[{"count":3,"href":"https:\/\/gotec-bonding-agent-systems.com\/tr\/wp-json\/wp\/v2\/pages\/8648\/revisions"}],"predecessor-version":[{"id":9306,"href":"https:\/\/gotec-bonding-agent-systems.com\/tr\/wp-json\/wp\/v2\/pages\/8648\/revisions\/9306"}],"wp:attachment":[{"href":"https:\/\/gotec-bonding-agent-systems.com\/tr\/wp-json\/wp\/v2\/media?parent=8648"}],"curies":[{"name":"wp","href":"https:\/\/api.w.org\/{rel}","templated":true}]}}