{"id":8671,"date":"2026-01-22T21:12:39","date_gmt":"2026-01-22T21:12:39","guid":{"rendered":"https:\/\/gotec-bonding-agent-systems.com\/kamelock-km-14\/"},"modified":"2026-04-05T10:31:34","modified_gmt":"2026-04-05T10:31:34","slug":"kamelock-km-14","status":"publish","type":"page","link":"https:\/\/gotec-bonding-agent-systems.com\/tr\/kamelock-km-14\/","title":{"rendered":"KA&amp;MELOCK KM 14 &#8211; D\u00fc\u015f\u00fck ve standart vulkanizasyon i\u00e7in \u00e7ok y\u00f6nl\u00fc yap\u0131\u015ft\u0131r\u0131c\u0131"},"content":{"rendered":"\t\t<div data-elementor-type=\"wp-page\" data-elementor-id=\"8671\" class=\"elementor elementor-8671 elementor-7760\">\n\t\t\t\t<div class=\"elementor-element elementor-element-1f622a0 e-flex e-con-boxed wpr-particle-no wpr-jarallax-no wpr-parallax-no wpr-sticky-section-no wpr-equal-height-no e-con e-parent\" data-id=\"1f622a0\" data-element_type=\"container\" data-e-type=\"container\" data-settings=\"{&quot;background_background&quot;:&quot;classic&quot;}\">\n\t\t\t\t\t<div class=\"e-con-inner\">\n\t\t<div class=\"elementor-element elementor-element-3459be7 e-con-full e-flex wpr-particle-no wpr-jarallax-no wpr-parallax-no wpr-sticky-section-no wpr-equal-height-no e-con e-child\" data-id=\"3459be7\" data-element_type=\"container\" data-e-type=\"container\">\n\t\t\t\t<div class=\"elementor-element elementor-element-5274b39 elementor-widget elementor-widget-elementskit-heading\" data-id=\"5274b39\" data-element_type=\"widget\" data-e-type=\"widget\" data-widget_type=\"elementskit-heading.default\">\n\t\t\t\t\t<div class=\"ekit-wid-con\" ><div class=\"ekit-heading elementskit-section-title-wraper text_left   ekit_heading_tablet-   ekit_heading_mobile-\"><h2 class=\"ekit-heading--title elementskit-section-title \">KA&amp;MELOCK KM 14<\/h2>\t\t\t\t<div class='ekit-heading__description'>\n\t\t\t\t\t<p>KA&amp;MELOCK KM 14, 90\u2013100 \u00b0C aral\u0131\u011f\u0131ndaki d\u00fc\u015f\u00fck s\u0131cakl\u0131kl\u0131 vulkanizasyon prosesleri ile 150\u2013170 \u00b0C aral\u0131\u011f\u0131ndaki standart vulkanizasyon s\u0131cakl\u0131klar\u0131 i\u00e7in uygun, \u00e7ok y\u00f6nl\u00fc bir yap\u0131\u015ft\u0131rma ajan\u0131d\u0131r.<br>KA&amp;MELOCK MP 05 astar\u0131 ile birlikte kullan\u0131ld\u0131\u011f\u0131nda, tank kaplamalar\u0131 ile kau\u00e7uk merdane ve kau\u00e7uk silindir \u00fcretimi gibi uygulamalarda \u00fcst\u00fcn performans sa\u011flar.<\/p>\n<p>KA&amp;MELOCK KM 14, polyester ve poliamid dahil olmak \u00fczere tekstil substratlar\u0131n\u0131n, bromo-\/klorob\u00fctil kau\u00e7uk (BIIR\/CIIR), kloropren kau\u00e7uk (CR), kloros\u00fclfonatl\u0131 polietilen (CSM), etilen propilen kau\u00e7uk (EPDM), b\u00fctil kau\u00e7uk (IIR), poliizopren (IR), nitril kau\u00e7uk (NBR), do\u011fal kau\u00e7uk (NR) ve stiren-b\u00fctadien kau\u00e7uk (SBR) gibi geni\u015f bir kau\u00e7uk bile\u015fi\u011fi yelpazesine g\u00fcvenilir bir \u015fekilde yap\u0131\u015fmas\u0131n\u0131 sa\u011flar.<\/p>\n<p>Ek olarak, KA&amp;MELOCK KM 14, <strong>CR, CSM, EPDM, IIR, NBR, NR ve SBR<\/strong> bazl\u0131 <strong>k\u00fcrlenmemi\u015f kau\u00e7u\u011fun k\u00fcrlenmi\u015f kau\u00e7u\u011fa<\/strong> yap\u0131\u015ft\u0131r\u0131lmas\u0131 i\u00e7in uygundur ve istikrarl\u0131 ve dayan\u0131kl\u0131 yap\u0131\u015ft\u0131rma sonu\u00e7lar\u0131 sa\u011flar.<\/p>\n<p>\u00dcr\u00fcn, <strong>conta \u00fcretimi<\/strong> i\u00e7in de olduk\u00e7a uygundur.<\/p>\n\t\t\t\t<\/div>\n\t\t\t<\/div><\/div>\t\t\t\t<\/div>\n\t\t\t\t<\/div>\n\t\t<div class=\"elementor-element elementor-element-d7d36e3 e-con-full e-flex wpr-particle-no wpr-jarallax-no wpr-parallax-no wpr-sticky-section-no wpr-equal-height-no e-con e-child\" data-id=\"d7d36e3\" data-element_type=\"container\" data-e-type=\"container\">\n\t\t\t\t<div class=\"elementor-element elementor-element-20d3825 elementor-widget elementor-widget-image\" data-id=\"20d3825\" data-element_type=\"widget\" data-e-type=\"widget\" data-widget_type=\"image.default\">\n\t\t\t\t\t\t\t\t\t\t\t\t\t\t\t<img fetchpriority=\"high\" decoding=\"async\" width=\"950\" height=\"634\" src=\"https:\/\/gotec-bonding-agent-systems.com\/wp-content\/uploads\/2026\/02\/KAMELOCK-KM-14-1024x683.png\" class=\"attachment-large size-large wp-image-8673\" alt=\"KA&amp;MELOCK KM 14\" srcset=\"https:\/\/gotec-bonding-agent-systems.com\/wp-content\/uploads\/2026\/02\/KAMELOCK-KM-14-1024x683.png 1024w, https:\/\/gotec-bonding-agent-systems.com\/wp-content\/uploads\/2026\/02\/KAMELOCK-KM-14-300x200.png 300w, https:\/\/gotec-bonding-agent-systems.com\/wp-content\/uploads\/2026\/02\/KAMELOCK-KM-14-600x400.png 600w, https:\/\/gotec-bonding-agent-systems.com\/wp-content\/uploads\/2026\/02\/KAMELOCK-KM-14-1200x800.png 1200w, https:\/\/gotec-bonding-agent-systems.com\/wp-content\/uploads\/2026\/02\/KAMELOCK-KM-14.png 1536w\" sizes=\"100vw\" \/>\t\t\t\t\t\t\t\t\t\t\t\t\t\t\t<\/div>\n\t\t\t\t<div class=\"elementor-element elementor-element-b099ba1 elementor-widget elementor-widget-spacer\" data-id=\"b099ba1\" data-element_type=\"widget\" data-e-type=\"widget\" data-widget_type=\"spacer.default\">\n\t\t\t\t\t\t\t<div class=\"elementor-spacer\">\n\t\t\t<div class=\"elementor-spacer-inner\"><\/div>\n\t\t<\/div>\n\t\t\t\t\t\t<\/div>\n\t\t\t\t<div class=\"elementor-element elementor-element-a1719ab elementor-widget elementor-widget-button\" data-id=\"a1719ab\" data-element_type=\"widget\" data-e-type=\"widget\" data-widget_type=\"button.default\">\n\t\t\t\t\t\t\t\t\t\t<a class=\"elementor-button elementor-button-link elementor-size-sm\" href=\"https:\/\/gotec-bonding-agent-systems.com\/wp-content\/uploads\/2026\/01\/6Evog2-Unknown.pdf\">\n\t\t\t\t\t\t<span class=\"elementor-button-content-wrapper\">\n\t\t\t\t\t\t\t\t\t<span class=\"elementor-button-text\">PDF \u0130ND\u0130R<\/span>\n\t\t\t\t\t<\/span>\n\t\t\t\t\t<\/a>\n\t\t\t\t\t\t\t\t<\/div>\n\t\t\t\t<\/div>\n\t\t\t\t\t<\/div>\n\t\t\t\t<\/div>\n\t\t\t\t<section class=\"elementor-section elementor-top-section elementor-element elementor-element-150c821 elementor-section-boxed elementor-section-height-default elementor-section-height-default wpr-particle-no wpr-jarallax-no wpr-parallax-no wpr-sticky-section-no wpr-equal-height-no\" data-id=\"150c821\" data-element_type=\"section\" data-e-type=\"section\">\n\t\t\t\t\t\t<div class=\"elementor-container elementor-column-gap-default\">\n\t\t\t\t\t<div class=\"elementor-column elementor-col-100 elementor-top-column elementor-element elementor-element-29aed3d\" data-id=\"29aed3d\" data-element_type=\"column\" data-e-type=\"column\">\n\t\t\t<div class=\"elementor-widget-wrap elementor-element-populated\">\n\t\t\t\t\t\t<div class=\"elementor-element elementor-element-0fdcab4 elementor-widget elementor-widget-heading\" data-id=\"0fdcab4\" data-element_type=\"widget\" data-e-type=\"widget\" data-widget_type=\"heading.default\">\n\t\t\t\t\t<h2 class=\"elementor-heading-title elementor-size-default\">Teknik Veriler<\/h2>\t\t\t\t<\/div>\n\t\t\t\t<div class=\"elementor-element elementor-element-feec445 wpr-list-style-none elementor-widget elementor-widget-wpr-posts-timeline\" data-id=\"feec445\" data-element_type=\"widget\" data-e-type=\"widget\" data-settings=\"{&quot;animation_offset&quot;:150,&quot;aos_animation_duration&quot;:600}\" data-widget_type=\"wpr-posts-timeline.default\">\n\t\t\t\t\t\n\t\t<div class=\"wpr-wrapper wpr-vertical wpr-one-sided-wrapper\">\n\t\t\t<div class=\"wpr-timeline-centered wpr-line wpr-one-sided-timeline\"><div class=\"wpr-middle-line\"><\/div><div class=\"wpr-timeline-fill\" data-layout=\"one-sided\"><\/div><article class=\"wpr-timeline-entry wpr-right-aligned elementor-repeater-item-f94da51\" data-item-id=\"elementor-repeater-item-f94da51\"><div class=\"wpr-timeline-entry-inner\"><div class=\"wpr-main-line-icon wpr-icon\"><\/div><div class=\"wpr-story-info-vertical wpr-data-wrap \"  data-aos=\"fade\" data-aos-left=\"\" data-aos-right=\"\" data-animation-offset=\"150\" data-animation-duration=\"600\"><div class=\"wpr-timeline-content-wrapper\"><div class=\"wpr-content-wrapper\"><div class=\"wpr-description\"><table>\n<tbody>\n<tr>\n<td>\n<p>Renk Siyah \u2013 Ye\u015fil S\u0131v\u0131<\/p>\n<\/td>\n<td>\n<p> <\/p>\n<\/td>\n<\/tr>\n<\/tbody>\n<\/table>\n<table style=\"height: 124px\" width=\"238\">\n<tbody>\n<tr>\n<td>\n<p>Viskozite 4 mm DIN-Kupa 70 \u2013 120 s<\/p>\n<\/td>\n<td>\n<p> <\/p>\n<\/td>\n<\/tr>\n<\/tbody>\n<\/table>\n<table>\n<tbody>\n<tr>\n<td>\n<p>Viskozite, cps@25\u00b0C(77\u00b0F)<\/p>\n<table>\n<tbody>\n<tr>\n<td>\n<p> 200 \u2013 600 mPas<\/p>\n<\/td>\n<\/tr>\n<\/tbody>\n<\/table>\n<p>Brookfield SNB1<br>Mil 2, 30 dev\/dak<\/p>\n<\/td>\n<td> <\/td>\n<\/tr>\n<\/tbody>\n<\/table><\/div><\/div><\/div><\/div>\n\t\t\t\t\t\t<\/div>\n\t\t\t\t<\/article><article class=\"wpr-timeline-entry wpr-right-aligned elementor-repeater-item-2a37755\" data-item-id=\"elementor-repeater-item-2a37755\"><div class=\"wpr-timeline-entry-inner\"><div class=\"wpr-main-line-icon wpr-icon\"><\/div><div class=\"wpr-story-info-vertical wpr-data-wrap \"  data-aos=\"fade\" data-aos-left=\"\" data-aos-right=\"\" data-animation-offset=\"150\" data-animation-duration=\"600\"><div class=\"wpr-timeline-content-wrapper\"><div class=\"wpr-content-wrapper\"><div class=\"wpr-description\"><table>\n<tbody>\n<tr>\n<td>\n<p>\u00d6zg\u00fcl A\u011f\u0131rl\u0131k 0,93 \u2013 0,97 g\/cm\u00b3<\/p>\n<\/td>\n<td>\n<p> <\/p>\n<\/td>\n<\/tr>\n<\/tbody>\n<\/table>\n<table style=\"height: 172px\" width=\"201\">\n<tbody>\n<tr>\n<td>\n<p>Kat\u0131 Madde \u0130\u00e7eri\u011fi A\u011f\u0131rl\u0131k\u00e7a %18 \u2013 22<\/p>\n<\/td>\n<td> <\/td>\n<\/tr>\n<\/tbody>\n<\/table>\n<table>\n<tbody>\n<tr>\n<td>\n<p>Solventler Ksilen<\/p>\n<\/td>\n<td>\n<p> <\/p>\n<\/td>\n<\/tr>\n<\/tbody>\n<\/table>\n<p>*Veriler tipiktir ve spesifikasyon ama\u00e7lar\u0131 i\u00e7in kullan\u0131lmamal\u0131d\u0131r.<\/p><\/div><\/div><\/div><\/div>\n\t\t\t\t\t\t<\/div>\n\t\t\t\t<\/article><\/div>    \n\t\t\t<\/div>\t\t\t\t<\/div>\n\t\t\t\t<div class=\"elementor-element elementor-element-4d60a54 elementor-widget elementor-widget-text-editor\" data-id=\"4d60a54\" data-element_type=\"widget\" data-e-type=\"widget\" data-widget_type=\"text-editor.default\">\n\t\t\t\t\t\t\t\t\t<p data-start=\"313\" data-end=\"551\">GOTEC Bonding Agents, m\u00fc\u015fterilerine m\u00fcmk\u00fcn olan en y\u00fcksek kaliteyi sunmay\u0131 taahh\u00fct eder.<br data-start=\"411\" data-end=\"414\">Yerle\u015fik kalite y\u00f6netim sistemimiz, t\u00fcm \u00fcr\u00fcnlerin tan\u0131mlanm\u0131\u015f performans ve g\u00fcvenilirlik gereksinimlerini s\u00fcrekli olarak kar\u015f\u0131lamas\u0131n\u0131 sa\u011flar.<\/p>\n<p data-start=\"558\" data-end=\"725\">Bizim <strong data-start=\"562\" data-end=\"593\">elastomer yap\u0131\u015ft\u0131rma \u00e7\u00f6z\u00fcmlerimiz<\/strong>, i\u015finize g\u00fcvenilir de\u011fer katarak geni\u015f bir end\u00fcstri ve uygulama yelpazesinde istikrarl\u0131 ve sorunsuz operasyon sa\u011flar.<\/p>\n<p data-start=\"732\" data-end=\"1067\">KA&amp;MELOCK yap\u0131\u015ft\u0131rma maddeleri \u00e7e\u015fitli ve \u00e7ok y\u00f6nl\u00fc oldu\u011fundan, \u00f6zel proses gereksinimlerine ba\u011fl\u0131 olarak \u00e7e\u015fitli uygulama y\u00f6ntemleri ve ekipmanlar\u0131 kullan\u0131labilir.<br data-start=\"888\" data-end=\"891\">Hi\u00e7bir uygulama y\u00f6ntemi di\u011ferine \u00fcst\u00fcn de\u011fildir; en uygun se\u00e7im, ba\u011flay\u0131c\u0131 madde tipine, \u00fcr\u00fcn tasar\u0131m\u0131na ve alt tabaka ve y\u00fczey gereksinimlerine ba\u011fl\u0131d\u0131r.<\/p>\n<p data-start=\"1074\" data-end=\"1255\">Uygun uygulama y\u00f6ntemleri i\u00e7in detayl\u0131 tavsiyeler, verimli i\u015fleme ve g\u00fcvenilir performans deste\u011fi sa\u011flayan ilgili <strong data-start=\"1163\" data-end=\"1196\">KA&amp;MELOCK \u00fcr\u00fcn bilgilerinde<\/strong> bulunabilir.<\/p>\t\t\t\t\t\t\t\t<\/div>\n\t\t\t\t\t<\/div>\n\t\t<\/div>\n\t\t\t\t\t<\/div>\n\t\t<\/section>\n\t\t\t\t<\/div>\n\t\t\n    <div class=\"xs_social_share_widget xs_share_url after_content \t\tmain_content  wslu-style-1 wslu-share-box-shaped wslu-fill-colored wslu-none wslu-share-horizontal wslu-theme-font-no wslu-main_content\">\n\n\t\t\n        <ul>\n\t\t\t        <\/ul>\n    <\/div> \n","protected":false},"excerpt":{"rendered":"<p>KA&amp;MELOCK KM 14 KA&amp;MELOCK KM 14, 90\u2013100 \u00b0C aral\u0131\u011f\u0131ndaki d\u00fc\u015f\u00fck s\u0131cakl\u0131kl\u0131 vulkanizasyon prosesleri ile 150\u2013170 \u00b0C aral\u0131\u011f\u0131ndaki standart vulkanizasyon s\u0131cakl\u0131klar\u0131 i\u00e7in uygun, \u00e7ok y\u00f6nl\u00fc bir yap\u0131\u015ft\u0131rma ajan\u0131d\u0131r.KA&amp;MELOCK MP 05 astar\u0131 ile birlikte kullan\u0131ld\u0131\u011f\u0131nda, tank kaplamalar\u0131 ile kau\u00e7uk merdane ve kau\u00e7uk silindir \u00fcretimi gibi uygulamalarda \u00fcst\u00fcn performans sa\u011flar. KA&amp;MELOCK KM 14, polyester ve poliamid dahil olmak \u00fczere tekstil substratlar\u0131n\u0131n, bromo-\/klorob\u00fctil kau\u00e7uk (BIIR\/CIIR), kloropren kau\u00e7uk (CR), kloros\u00fclfonatl\u0131 polietilen (CSM), etilen propilen kau\u00e7uk (EPDM), b\u00fctil kau\u00e7uk (IIR), poliizopren (IR), nitril kau\u00e7uk (NBR), do\u011fal kau\u00e7uk (NR) ve stiren-b\u00fctadien kau\u00e7uk (SBR) gibi geni\u015f bir kau\u00e7uk bile\u015fi\u011fi yelpazesine g\u00fcvenilir bir \u015fekilde yap\u0131\u015fmas\u0131n\u0131 sa\u011flar. Ek olarak, KA&amp;MELOCK KM 14, CR, CSM, EPDM, IIR, NBR, NR ve SBR bazl\u0131 k\u00fcrlenmemi\u015f kau\u00e7u\u011fun k\u00fcrlenmi\u015f kau\u00e7u\u011fa yap\u0131\u015ft\u0131r\u0131lmas\u0131 i\u00e7in uygundur ve istikrarl\u0131 ve dayan\u0131kl\u0131 yap\u0131\u015ft\u0131rma sonu\u00e7lar\u0131 sa\u011flar. \u00dcr\u00fcn, conta \u00fcretimi i\u00e7in de olduk\u00e7a uygundur. PDF \u0130ND\u0130R Teknik Veriler Renk Siyah \u2013 Ye\u015fil S\u0131v\u0131 Viskozite 4 mm DIN-Kupa 70 \u2013 120 s Viskozite, cps@25\u00b0C(77\u00b0F) 200 \u2013 600 mPas Brookfield SNB1Mil 2, 30 dev\/dak \u00d6zg\u00fcl A\u011f\u0131rl\u0131k 0,93 \u2013 0,97 g\/cm\u00b3 Kat\u0131 Madde \u0130\u00e7eri\u011fi A\u011f\u0131rl\u0131k\u00e7a %18 \u2013 22 Solventler Ksilen *Veriler tipiktir ve spesifikasyon ama\u00e7lar\u0131 i\u00e7in kullan\u0131lmamal\u0131d\u0131r. GOTEC Bonding Agents, m\u00fc\u015fterilerine m\u00fcmk\u00fcn olan en y\u00fcksek kaliteyi sunmay\u0131 taahh\u00fct eder.Yerle\u015fik kalite y\u00f6netim sistemimiz, t\u00fcm \u00fcr\u00fcnlerin tan\u0131mlanm\u0131\u015f performans ve g\u00fcvenilirlik gereksinimlerini s\u00fcrekli olarak kar\u015f\u0131lamas\u0131n\u0131 sa\u011flar. Bizim elastomer yap\u0131\u015ft\u0131rma \u00e7\u00f6z\u00fcmlerimiz, i\u015finize g\u00fcvenilir de\u011fer katarak geni\u015f bir end\u00fcstri ve uygulama yelpazesinde istikrarl\u0131 ve sorunsuz operasyon sa\u011flar. KA&amp;MELOCK yap\u0131\u015ft\u0131rma maddeleri \u00e7e\u015fitli ve \u00e7ok y\u00f6nl\u00fc oldu\u011fundan, \u00f6zel proses gereksinimlerine ba\u011fl\u0131 olarak \u00e7e\u015fitli uygulama y\u00f6ntemleri ve ekipmanlar\u0131 kullan\u0131labilir.Hi\u00e7bir uygulama y\u00f6ntemi di\u011ferine \u00fcst\u00fcn de\u011fildir; en uygun se\u00e7im, ba\u011flay\u0131c\u0131 madde tipine, \u00fcr\u00fcn tasar\u0131m\u0131na ve alt tabaka ve y\u00fczey gereksinimlerine ba\u011fl\u0131d\u0131r. Uygun uygulama y\u00f6ntemleri i\u00e7in detayl\u0131 tavsiyeler, verimli i\u015fleme ve g\u00fcvenilir performans deste\u011fi sa\u011flayan ilgili KA&amp;MELOCK \u00fcr\u00fcn bilgilerinde bulunabilir.<\/p>\n","protected":false},"author":1,"featured_media":0,"parent":0,"menu_order":0,"comment_status":"closed","ping_status":"closed","template":"","meta":{"postBodyCss":"","postBodyMargin":[],"postBodyPadding":[],"postBodyBackground":{"backgroundType":"classic","gradient":""},"inspiro_hide_title":false,"footnotes":""},"class_list":["post-8671","page","type-page","status-publish","hentry"],"yoast_head":"<!-- This site is optimized with the Yoast SEO plugin v27.4 - https:\/\/yoast.com\/product\/yoast-seo-wordpress\/ -->\n<title>KA&amp;MELOCK KM 14 - Vulkanizasyon i\u00e7in yap\u0131\u015ft\u0131r\u0131c\u0131<\/title>\n<meta name=\"description\" content=\"KA&amp;MELOCK KM 14, d\u00fc\u015f\u00fck ve standart vulkanizasyon i\u00e7in \u00e7ok y\u00f6nl\u00fc bir yap\u0131\u015ft\u0131rma ajan\u0131d\u0131r. G\u00fcvenilir ve dayan\u0131kl\u0131 yap\u0131\u015fma sa\u011flar.\" \/>\n<meta name=\"robots\" content=\"index, follow, max-snippet:-1, max-image-preview:large, max-video-preview:-1\" \/>\n<link rel=\"canonical\" href=\"https:\/\/gotec-bonding-agent-systems.com\/tr\/kamelock-km-14\/\" \/>\n<meta property=\"og:locale\" content=\"tr_TR\" \/>\n<meta property=\"og:type\" content=\"article\" \/>\n<meta property=\"og:title\" content=\"KA&amp;MELOCK KM 14 - Vulkanizasyon i\u00e7in yap\u0131\u015ft\u0131r\u0131c\u0131\" \/>\n<meta property=\"og:description\" content=\"KA&amp;MELOCK KM 14, d\u00fc\u015f\u00fck ve standart vulkanizasyon i\u00e7in \u00e7ok y\u00f6nl\u00fc bir yap\u0131\u015ft\u0131rma ajan\u0131d\u0131r. G\u00fcvenilir ve dayan\u0131kl\u0131 yap\u0131\u015fma sa\u011flar.\" \/>\n<meta property=\"og:url\" content=\"https:\/\/gotec-bonding-agent-systems.com\/tr\/kamelock-km-14\/\" \/>\n<meta property=\"og:site_name\" content=\"GOTEC Bonding Systems\" \/>\n<meta property=\"article:modified_time\" content=\"2026-04-05T10:31:34+00:00\" \/>\n<meta property=\"og:image\" content=\"https:\/\/gotec-bonding-agent-systems.com\/wp-content\/uploads\/2026\/02\/KAMELOCK-KM-14-1024x683.png\" \/>\n<meta name=\"twitter:card\" content=\"summary_large_image\" \/>\n<meta name=\"twitter:label1\" content=\"Tahmini okuma s\u00fcresi\" \/>\n\t<meta name=\"twitter:data1\" content=\"2 dakika\" \/>\n<script type=\"application\/ld+json\" class=\"yoast-schema-graph\">{\"@context\":\"https:\\\/\\\/schema.org\",\"@graph\":[{\"@type\":\"WebPage\",\"@id\":\"https:\\\/\\\/gotec-bonding-agent-systems.com\\\/tr\\\/kamelock-km-14\\\/\",\"url\":\"https:\\\/\\\/gotec-bonding-agent-systems.com\\\/tr\\\/kamelock-km-14\\\/\",\"name\":\"KA&MELOCK KM 14 - Vulkanizasyon i\u00e7in yap\u0131\u015ft\u0131r\u0131c\u0131\",\"isPartOf\":{\"@id\":\"https:\\\/\\\/gotec-bonding-agent-systems.com\\\/#website\"},\"primaryImageOfPage\":{\"@id\":\"https:\\\/\\\/gotec-bonding-agent-systems.com\\\/tr\\\/kamelock-km-14\\\/#primaryimage\"},\"image\":{\"@id\":\"https:\\\/\\\/gotec-bonding-agent-systems.com\\\/tr\\\/kamelock-km-14\\\/#primaryimage\"},\"thumbnailUrl\":\"https:\\\/\\\/gotec-bonding-agent-systems.com\\\/wp-content\\\/uploads\\\/2026\\\/02\\\/KAMELOCK-KM-14-1024x683.png\",\"datePublished\":\"2026-01-22T21:12:39+00:00\",\"dateModified\":\"2026-04-05T10:31:34+00:00\",\"description\":\"KA&MELOCK KM 14, d\u00fc\u015f\u00fck ve standart vulkanizasyon i\u00e7in \u00e7ok y\u00f6nl\u00fc bir yap\u0131\u015ft\u0131rma ajan\u0131d\u0131r. G\u00fcvenilir ve dayan\u0131kl\u0131 yap\u0131\u015fma sa\u011flar.\",\"breadcrumb\":{\"@id\":\"https:\\\/\\\/gotec-bonding-agent-systems.com\\\/tr\\\/kamelock-km-14\\\/#breadcrumb\"},\"inLanguage\":\"tr\",\"potentialAction\":[{\"@type\":\"ReadAction\",\"target\":[\"https:\\\/\\\/gotec-bonding-agent-systems.com\\\/tr\\\/kamelock-km-14\\\/\"]}]},{\"@type\":\"ImageObject\",\"inLanguage\":\"tr\",\"@id\":\"https:\\\/\\\/gotec-bonding-agent-systems.com\\\/tr\\\/kamelock-km-14\\\/#primaryimage\",\"url\":\"https:\\\/\\\/gotec-bonding-agent-systems.com\\\/wp-content\\\/uploads\\\/2026\\\/02\\\/KAMELOCK-KM-14-1024x683.png\",\"contentUrl\":\"https:\\\/\\\/gotec-bonding-agent-systems.com\\\/wp-content\\\/uploads\\\/2026\\\/02\\\/KAMELOCK-KM-14-1024x683.png\"},{\"@type\":\"BreadcrumbList\",\"@id\":\"https:\\\/\\\/gotec-bonding-agent-systems.com\\\/tr\\\/kamelock-km-14\\\/#breadcrumb\",\"itemListElement\":[{\"@type\":\"ListItem\",\"position\":1,\"name\":\"Start\",\"item\":\"https:\\\/\\\/gotec-bonding-agent-systems.com\\\/tr\\\/\"},{\"@type\":\"ListItem\",\"position\":2,\"name\":\"KA&amp;MELOCK KM 14 &#8211; D\u00fc\u015f\u00fck ve standart vulkanizasyon i\u00e7in \u00e7ok y\u00f6nl\u00fc yap\u0131\u015ft\u0131r\u0131c\u0131\"}]},{\"@type\":\"WebSite\",\"@id\":\"https:\\\/\\\/gotec-bonding-agent-systems.com\\\/#website\",\"url\":\"https:\\\/\\\/gotec-bonding-agent-systems.com\\\/\",\"name\":\"GOTEC Bonding Systems\",\"description\":\"\",\"publisher\":{\"@id\":\"https:\\\/\\\/gotec-bonding-agent-systems.com\\\/#organization\"},\"potentialAction\":[{\"@type\":\"SearchAction\",\"target\":{\"@type\":\"EntryPoint\",\"urlTemplate\":\"https:\\\/\\\/gotec-bonding-agent-systems.com\\\/?s={search_term_string}\"},\"query-input\":{\"@type\":\"PropertyValueSpecification\",\"valueRequired\":true,\"valueName\":\"search_term_string\"}}],\"inLanguage\":\"tr\"},{\"@type\":\"Organization\",\"@id\":\"https:\\\/\\\/gotec-bonding-agent-systems.com\\\/#organization\",\"name\":\"GOTEC Bonding Systems\",\"url\":\"https:\\\/\\\/gotec-bonding-agent-systems.com\\\/\",\"logo\":{\"@type\":\"ImageObject\",\"inLanguage\":\"tr\",\"@id\":\"https:\\\/\\\/gotec-bonding-agent-systems.com\\\/#\\\/schema\\\/logo\\\/image\\\/\",\"url\":\"https:\\\/\\\/gotec-bonding-agent-systems.com\\\/wp-content\\\/uploads\\\/2025\\\/11\\\/cropped-GOTEC_Bonding_Systems_Logo.png\",\"contentUrl\":\"https:\\\/\\\/gotec-bonding-agent-systems.com\\\/wp-content\\\/uploads\\\/2025\\\/11\\\/cropped-GOTEC_Bonding_Systems_Logo.png\",\"width\":2122,\"height\":1287,\"caption\":\"GOTEC Bonding Systems\"},\"image\":{\"@id\":\"https:\\\/\\\/gotec-bonding-agent-systems.com\\\/#\\\/schema\\\/logo\\\/image\\\/\"}}]}<\/script>\n<!-- \/ Yoast SEO plugin. -->","yoast_head_json":{"title":"KA&MELOCK KM 14 - Vulkanizasyon i\u00e7in yap\u0131\u015ft\u0131r\u0131c\u0131","description":"KA&MELOCK KM 14, d\u00fc\u015f\u00fck ve standart vulkanizasyon i\u00e7in \u00e7ok y\u00f6nl\u00fc bir yap\u0131\u015ft\u0131rma ajan\u0131d\u0131r. G\u00fcvenilir ve dayan\u0131kl\u0131 yap\u0131\u015fma sa\u011flar.","robots":{"index":"index","follow":"follow","max-snippet":"max-snippet:-1","max-image-preview":"max-image-preview:large","max-video-preview":"max-video-preview:-1"},"canonical":"https:\/\/gotec-bonding-agent-systems.com\/tr\/kamelock-km-14\/","og_locale":"tr_TR","og_type":"article","og_title":"KA&MELOCK KM 14 - Vulkanizasyon i\u00e7in yap\u0131\u015ft\u0131r\u0131c\u0131","og_description":"KA&MELOCK KM 14, d\u00fc\u015f\u00fck ve standart vulkanizasyon i\u00e7in \u00e7ok y\u00f6nl\u00fc bir yap\u0131\u015ft\u0131rma ajan\u0131d\u0131r. G\u00fcvenilir ve dayan\u0131kl\u0131 yap\u0131\u015fma sa\u011flar.","og_url":"https:\/\/gotec-bonding-agent-systems.com\/tr\/kamelock-km-14\/","og_site_name":"GOTEC Bonding Systems","article_modified_time":"2026-04-05T10:31:34+00:00","og_image":[{"url":"https:\/\/gotec-bonding-agent-systems.com\/wp-content\/uploads\/2026\/02\/KAMELOCK-KM-14-1024x683.png","type":"","width":"","height":""}],"twitter_card":"summary_large_image","twitter_misc":{"Tahmini okuma s\u00fcresi":"2 dakika"},"schema":{"@context":"https:\/\/schema.org","@graph":[{"@type":"WebPage","@id":"https:\/\/gotec-bonding-agent-systems.com\/tr\/kamelock-km-14\/","url":"https:\/\/gotec-bonding-agent-systems.com\/tr\/kamelock-km-14\/","name":"KA&MELOCK KM 14 - Vulkanizasyon i\u00e7in yap\u0131\u015ft\u0131r\u0131c\u0131","isPartOf":{"@id":"https:\/\/gotec-bonding-agent-systems.com\/#website"},"primaryImageOfPage":{"@id":"https:\/\/gotec-bonding-agent-systems.com\/tr\/kamelock-km-14\/#primaryimage"},"image":{"@id":"https:\/\/gotec-bonding-agent-systems.com\/tr\/kamelock-km-14\/#primaryimage"},"thumbnailUrl":"https:\/\/gotec-bonding-agent-systems.com\/wp-content\/uploads\/2026\/02\/KAMELOCK-KM-14-1024x683.png","datePublished":"2026-01-22T21:12:39+00:00","dateModified":"2026-04-05T10:31:34+00:00","description":"KA&MELOCK KM 14, d\u00fc\u015f\u00fck ve standart vulkanizasyon i\u00e7in \u00e7ok y\u00f6nl\u00fc bir yap\u0131\u015ft\u0131rma ajan\u0131d\u0131r. G\u00fcvenilir ve dayan\u0131kl\u0131 yap\u0131\u015fma sa\u011flar.","breadcrumb":{"@id":"https:\/\/gotec-bonding-agent-systems.com\/tr\/kamelock-km-14\/#breadcrumb"},"inLanguage":"tr","potentialAction":[{"@type":"ReadAction","target":["https:\/\/gotec-bonding-agent-systems.com\/tr\/kamelock-km-14\/"]}]},{"@type":"ImageObject","inLanguage":"tr","@id":"https:\/\/gotec-bonding-agent-systems.com\/tr\/kamelock-km-14\/#primaryimage","url":"https:\/\/gotec-bonding-agent-systems.com\/wp-content\/uploads\/2026\/02\/KAMELOCK-KM-14-1024x683.png","contentUrl":"https:\/\/gotec-bonding-agent-systems.com\/wp-content\/uploads\/2026\/02\/KAMELOCK-KM-14-1024x683.png"},{"@type":"BreadcrumbList","@id":"https:\/\/gotec-bonding-agent-systems.com\/tr\/kamelock-km-14\/#breadcrumb","itemListElement":[{"@type":"ListItem","position":1,"name":"Start","item":"https:\/\/gotec-bonding-agent-systems.com\/tr\/"},{"@type":"ListItem","position":2,"name":"KA&amp;MELOCK KM 14 &#8211; D\u00fc\u015f\u00fck ve standart vulkanizasyon i\u00e7in \u00e7ok y\u00f6nl\u00fc yap\u0131\u015ft\u0131r\u0131c\u0131"}]},{"@type":"WebSite","@id":"https:\/\/gotec-bonding-agent-systems.com\/#website","url":"https:\/\/gotec-bonding-agent-systems.com\/","name":"GOTEC Bonding Systems","description":"","publisher":{"@id":"https:\/\/gotec-bonding-agent-systems.com\/#organization"},"potentialAction":[{"@type":"SearchAction","target":{"@type":"EntryPoint","urlTemplate":"https:\/\/gotec-bonding-agent-systems.com\/?s={search_term_string}"},"query-input":{"@type":"PropertyValueSpecification","valueRequired":true,"valueName":"search_term_string"}}],"inLanguage":"tr"},{"@type":"Organization","@id":"https:\/\/gotec-bonding-agent-systems.com\/#organization","name":"GOTEC Bonding Systems","url":"https:\/\/gotec-bonding-agent-systems.com\/","logo":{"@type":"ImageObject","inLanguage":"tr","@id":"https:\/\/gotec-bonding-agent-systems.com\/#\/schema\/logo\/image\/","url":"https:\/\/gotec-bonding-agent-systems.com\/wp-content\/uploads\/2025\/11\/cropped-GOTEC_Bonding_Systems_Logo.png","contentUrl":"https:\/\/gotec-bonding-agent-systems.com\/wp-content\/uploads\/2025\/11\/cropped-GOTEC_Bonding_Systems_Logo.png","width":2122,"height":1287,"caption":"GOTEC Bonding Systems"},"image":{"@id":"https:\/\/gotec-bonding-agent-systems.com\/#\/schema\/logo\/image\/"}}]}},"featured_media_urls":[],"_links":{"self":[{"href":"https:\/\/gotec-bonding-agent-systems.com\/tr\/wp-json\/wp\/v2\/pages\/8671","targetHints":{"allow":["GET"]}}],"collection":[{"href":"https:\/\/gotec-bonding-agent-systems.com\/tr\/wp-json\/wp\/v2\/pages"}],"about":[{"href":"https:\/\/gotec-bonding-agent-systems.com\/tr\/wp-json\/wp\/v2\/types\/page"}],"author":[{"embeddable":true,"href":"https:\/\/gotec-bonding-agent-systems.com\/tr\/wp-json\/wp\/v2\/users\/1"}],"replies":[{"embeddable":true,"href":"https:\/\/gotec-bonding-agent-systems.com\/tr\/wp-json\/wp\/v2\/comments?post=8671"}],"version-history":[{"count":10,"href":"https:\/\/gotec-bonding-agent-systems.com\/tr\/wp-json\/wp\/v2\/pages\/8671\/revisions"}],"predecessor-version":[{"id":9534,"href":"https:\/\/gotec-bonding-agent-systems.com\/tr\/wp-json\/wp\/v2\/pages\/8671\/revisions\/9534"}],"wp:attachment":[{"href":"https:\/\/gotec-bonding-agent-systems.com\/tr\/wp-json\/wp\/v2\/media?parent=8671"}],"curies":[{"name":"wp","href":"https:\/\/api.w.org\/{rel}","templated":true}]}}