{"id":8676,"date":"2026-01-23T18:48:49","date_gmt":"2026-01-23T18:48:49","guid":{"rendered":"https:\/\/gotec-bonding-agent-systems.com\/kamelock-km-36-w\/"},"modified":"2026-04-03T14:09:03","modified_gmt":"2026-04-03T14:09:03","slug":"kamelock-km-36-w","status":"publish","type":"page","link":"https:\/\/gotec-bonding-agent-systems.com\/tr\/kamelock-km-36-w\/","title":{"rendered":"KA&amp;MELOCK KM 36 W \u2013 Tek katl\u0131 yap\u0131\u015fma sistemi"},"content":{"rendered":"\t\t<div data-elementor-type=\"wp-page\" data-elementor-id=\"8676\" class=\"elementor elementor-8676 elementor-7861\">\n\t\t\t\t<div class=\"elementor-element elementor-element-8e536b6 e-flex e-con-boxed wpr-particle-no wpr-jarallax-no wpr-parallax-no wpr-sticky-section-no wpr-equal-height-no e-con e-parent\" data-id=\"8e536b6\" data-element_type=\"container\" data-e-type=\"container\" data-settings=\"{&quot;background_background&quot;:&quot;classic&quot;}\">\n\t\t\t\t\t<div class=\"e-con-inner\">\n\t\t<div class=\"elementor-element elementor-element-db8c0e1 e-con-full e-flex wpr-particle-no wpr-jarallax-no wpr-parallax-no wpr-sticky-section-no wpr-equal-height-no e-con e-child\" data-id=\"db8c0e1\" data-element_type=\"container\" data-e-type=\"container\">\n\t\t\t\t<div class=\"elementor-element elementor-element-96c40bc elementor-widget elementor-widget-elementskit-heading\" data-id=\"96c40bc\" data-element_type=\"widget\" data-e-type=\"widget\" data-widget_type=\"elementskit-heading.default\">\n\t\t\t\t\t<div class=\"ekit-wid-con\" ><div class=\"ekit-heading elementskit-section-title-wraper text_left   ekit_heading_tablet-   ekit_heading_mobile-\"><h2 class=\"ekit-heading--title elementskit-section-title \">KA&amp;MELOCK KM 36 W<\/h2>\t\t\t\t<div class='ekit-heading__description'>\n\t\t\t\t\t<p><strong>KA&amp;MELOCK KM 36 W<\/strong>, <strong>Akrilik Kau\u00e7uk (ACM), Etilen Akrilik Kau\u00e7uk (AEM \u201cVAMAC\u201d), Epiklorohidrin Kau\u00e7uk (ECO), Hidrojenlenmi\u015f Nitril Kau\u00e7uk (HNBR) ve Nitril Kau\u00e7uk (NBR)<\/strong>'u <strong>metal y\u00fczeylere<\/strong> yap\u0131\u015ft\u0131rmak i\u00e7in tasarlanm\u0131\u015f <strong>tek katmanl\u0131 bir yap\u0131\u015ft\u0131r\u0131c\u0131d\u0131r<\/strong>.<\/p>\n<p>Kau\u00e7uk bile\u015fi\u011fi ile metal aras\u0131ndaki yap\u0131\u015fma, <strong>vulkanizasyon s\u00fcreci<\/strong> s\u0131ras\u0131nda ger\u00e7ekle\u015fir. Uygulamadan \u00f6nce metal par\u00e7alar <strong>kimyasal veya mekanik olarak i\u015flem g\u00f6r\u00fcr<\/strong>. Y\u00fczey KA&amp;MELOCK KM 36 W ile kapland\u0131ktan ve filmin kurumas\u0131 beklendikten sonra, yap\u0131\u015fma pres i\u00e7indeki vulkanizasyon s\u0131ras\u0131nda olu\u015fur.  <\/p>\n<p>KA&amp;MELOCK KM 36 W, \u00f6zellikle <strong>s\u0131zd\u0131rmazl\u0131k bile\u015fenlerinin \u00fcretimi<\/strong> i\u00e7in uygundur.<\/p>\n\t\t\t\t<\/div>\n\t\t\t<\/div><\/div>\t\t\t\t<\/div>\n\t\t\t\t<\/div>\n\t\t<div class=\"elementor-element elementor-element-8861184 e-con-full e-flex wpr-particle-no wpr-jarallax-no wpr-parallax-no wpr-sticky-section-no wpr-equal-height-no e-con e-child\" data-id=\"8861184\" data-element_type=\"container\" data-e-type=\"container\">\n\t\t\t\t<div class=\"elementor-element elementor-element-ea4073c elementor-widget elementor-widget-image\" data-id=\"ea4073c\" data-element_type=\"widget\" data-e-type=\"widget\" data-widget_type=\"image.default\">\n\t\t\t\t\t\t\t\t\t\t\t\t\t\t\t<img fetchpriority=\"high\" decoding=\"async\" width=\"683\" height=\"1024\" src=\"https:\/\/gotec-bonding-agent-systems.com\/wp-content\/uploads\/2026\/02\/KAMELOCK-KM-36-W-683x1024.png\" class=\"attachment-large size-large wp-image-8678\" alt=\"KA&amp;MELOCK KM 36 W\" srcset=\"https:\/\/gotec-bonding-agent-systems.com\/wp-content\/uploads\/2026\/02\/KAMELOCK-KM-36-W-683x1024.png 683w, https:\/\/gotec-bonding-agent-systems.com\/wp-content\/uploads\/2026\/02\/KAMELOCK-KM-36-W-200x300.png 200w, https:\/\/gotec-bonding-agent-systems.com\/wp-content\/uploads\/2026\/02\/KAMELOCK-KM-36-W-600x900.png 600w, https:\/\/gotec-bonding-agent-systems.com\/wp-content\/uploads\/2026\/02\/KAMELOCK-KM-36-W.png 1024w\" sizes=\"100vw\" \/>\t\t\t\t\t\t\t\t\t\t\t\t\t\t\t<\/div>\n\t\t\t\t<div class=\"elementor-element elementor-element-ba9551b elementor-widget elementor-widget-spacer\" data-id=\"ba9551b\" data-element_type=\"widget\" data-e-type=\"widget\" data-widget_type=\"spacer.default\">\n\t\t\t\t\t\t\t<div class=\"elementor-spacer\">\n\t\t\t<div class=\"elementor-spacer-inner\"><\/div>\n\t\t<\/div>\n\t\t\t\t\t\t<\/div>\n\t\t\t\t<div class=\"elementor-element elementor-element-16a8fa5 elementor-widget elementor-widget-button\" data-id=\"16a8fa5\" data-element_type=\"widget\" data-e-type=\"widget\" data-widget_type=\"button.default\">\n\t\t\t\t\t\t\t\t\t\t<a class=\"elementor-button elementor-button-link elementor-size-sm\" href=\"#\">\n\t\t\t\t\t\t<span class=\"elementor-button-content-wrapper\">\n\t\t\t\t\t\t\t\t\t<span class=\"elementor-button-text\">PDF \u0130ND\u0130R<\/span>\n\t\t\t\t\t<\/span>\n\t\t\t\t\t<\/a>\n\t\t\t\t\t\t\t\t<\/div>\n\t\t\t\t<\/div>\n\t\t\t\t\t<\/div>\n\t\t\t\t<\/div>\n\t\t\t\t<section class=\"elementor-section elementor-top-section elementor-element elementor-element-ab58b22 elementor-section-boxed elementor-section-height-default elementor-section-height-default wpr-particle-no wpr-jarallax-no wpr-parallax-no wpr-sticky-section-no wpr-equal-height-no\" data-id=\"ab58b22\" data-element_type=\"section\" data-e-type=\"section\">\n\t\t\t\t\t\t<div class=\"elementor-container elementor-column-gap-default\">\n\t\t\t\t\t<div class=\"elementor-column elementor-col-100 elementor-top-column elementor-element elementor-element-9379605\" data-id=\"9379605\" data-element_type=\"column\" data-e-type=\"column\">\n\t\t\t<div class=\"elementor-widget-wrap elementor-element-populated\">\n\t\t\t\t\t\t<div class=\"elementor-element elementor-element-10f4094 elementor-widget elementor-widget-heading\" data-id=\"10f4094\" data-element_type=\"widget\" data-e-type=\"widget\" data-widget_type=\"heading.default\">\n\t\t\t\t\t<h2 class=\"elementor-heading-title elementor-size-default\">Teknik Veriler<\/h2>\t\t\t\t<\/div>\n\t\t\t\t<div class=\"elementor-element elementor-element-afc6d2e wpr-list-style-none elementor-widget elementor-widget-wpr-posts-timeline\" data-id=\"afc6d2e\" data-element_type=\"widget\" data-e-type=\"widget\" data-settings=\"{&quot;animation_offset&quot;:150,&quot;aos_animation_duration&quot;:600}\" data-widget_type=\"wpr-posts-timeline.default\">\n\t\t\t\t\t\n\t\t<div class=\"wpr-wrapper wpr-vertical wpr-one-sided-wrapper\">\n\t\t\t<div class=\"wpr-timeline-centered wpr-line wpr-one-sided-timeline\"><div class=\"wpr-middle-line\"><\/div><div class=\"wpr-timeline-fill\" data-layout=\"one-sided\"><\/div><article class=\"wpr-timeline-entry wpr-right-aligned elementor-repeater-item-f94da51\" data-item-id=\"elementor-repeater-item-f94da51\"><div class=\"wpr-timeline-entry-inner\"><div class=\"wpr-main-line-icon wpr-icon\"><\/div><div class=\"wpr-story-info-vertical wpr-data-wrap \"  data-aos=\"fade\" data-aos-left=\"\" data-aos-right=\"\" data-animation-offset=\"150\" data-animation-duration=\"600\"><div class=\"wpr-timeline-content-wrapper\"><div class=\"wpr-content-wrapper\"><div class=\"wpr-description\"><table><tbody><tr><td><p>Renk Kahverengi S\u0131v\u0131<\/p><\/td><td> <\/td><\/tr><\/tbody><\/table><table style=\"height: 124px\" width=\"238\"><tbody><tr><td><p>Viskozite 4 mm DIN-Kup 9 \u2013 13 s<\/p><\/td><td> <\/td><\/tr><\/tbody><\/table><table><tbody><tr><td><p>Viskozite, cps@25\u00b0C(77\u00b0F)<\/p><table><tbody><tr><td><p> 50 \u2013 120 mPas<\/p><\/td><\/tr><\/tbody><\/table><p>Brookfield SNB1<br>Mil 2, 30 dev\/dak<\/p><\/td><td> <\/td><\/tr><\/tbody><\/table><\/div><\/div><\/div><\/div>\n\t\t\t\t\t\t<\/div>\n\t\t\t\t<\/article><article class=\"wpr-timeline-entry wpr-right-aligned elementor-repeater-item-2a37755\" data-item-id=\"elementor-repeater-item-2a37755\"><div class=\"wpr-timeline-entry-inner\"><div class=\"wpr-main-line-icon wpr-icon\"><\/div><div class=\"wpr-story-info-vertical wpr-data-wrap \"  data-aos=\"fade\" data-aos-left=\"\" data-aos-right=\"\" data-animation-offset=\"150\" data-animation-duration=\"600\"><div class=\"wpr-timeline-content-wrapper\"><div class=\"wpr-content-wrapper\"><div class=\"wpr-description\"><table><tbody><tr><td><p>\u00d6zg\u00fcl A\u011f\u0131rl\u0131k 0,96 \u2013 0,98 g\/cm\u00b3<\/p><\/td><td> <\/td><\/tr><\/tbody><\/table><table style=\"height: 172px\" width=\"201\"><tbody><tr><td><p>Kat\u0131 Madde \u0130\u00e7eri\u011fi A\u011f\u0131rl\u0131k\u00e7a %20 \u2013 26<\/p><\/td><td> <\/td><\/tr><\/tbody><\/table><table><tbody><tr><td><p>\u00c7\u00f6z\u00fcc\u00fcler Metil \u0130sob\u00fctil Keton (MIBK), Etanol<\/p><\/td><td> <\/td><\/tr><\/tbody><\/table><p>*Veriler tipiktir ve spesifikasyon ama\u00e7lar\u0131 i\u00e7in kullan\u0131lmamal\u0131d\u0131r.<\/p><\/div><\/div><\/div><\/div>\n\t\t\t\t\t\t<\/div>\n\t\t\t\t<\/article><\/div>    \n\t\t\t<\/div>\t\t\t\t<\/div>\n\t\t\t\t<div class=\"elementor-element elementor-element-f96526c elementor-widget elementor-widget-text-editor\" data-id=\"f96526c\" data-element_type=\"widget\" data-e-type=\"widget\" data-widget_type=\"text-editor.default\">\n\t\t\t\t\t\t\t\t\t<p data-start=\"183\" data-end=\"430\"><strong data-start=\"183\" data-end=\"208\">GOTEC Yap\u0131\u015ft\u0131rma Sistemleri<\/strong>, m\u00fc\u015fterilerine m\u00fcmk\u00fcn olan en y\u00fcksek kaliteyi sunmay\u0131 taahh\u00fct eder. Yap\u0131land\u0131r\u0131lm\u0131\u015f ve g\u00fcvenilir bir kalite y\u00f6netim sistemi, t\u00fcm \u00fcr\u00fcnlerin performans gereksinimlerini ve m\u00fc\u015fteri beklentilerini s\u00fcrekli olarak kar\u015f\u0131lamas\u0131n\u0131 sa\u011flar. <\/p><p data-start=\"432\" data-end=\"703\">Bizim <strong data-start=\"436\" data-end=\"467\">elastomer yap\u0131\u015ft\u0131rma \u00e7\u00f6z\u00fcmlerimiz<\/strong>, i\u015finize g\u00fcvenilir de\u011fer katarak <strong data-start=\"514\" data-end=\"579\">t\u00fcm end\u00fcstrilerde ve uygulamalarda sorunsuz \u00e7al\u0131\u015fmay\u0131<\/strong> garanti eder.<br data-start=\"580\" data-end=\"583\">\u00dcr\u00fcnlerinizin de\u011ferini <strong data-start=\"624\" data-end=\"645\">KA&amp;MELOCK kalitesi<\/strong> ile art\u0131r\u0131n \u2014 teknik destek ekiplerimiz her zaman hizmetinizdedir.<\/p><p data-start=\"705\" data-end=\"994\"><strong data-start=\"721\" data-end=\"768\">Do\u011fru test ve analizin esas oldu\u011funa<\/strong> inan\u0131yoruz. T\u00fcm KA&amp;MELOCK \u00fcr\u00fcnleri laboratuvarlar\u0131m\u0131zda titizlikle test edilir ve belgelenir. Ayr\u0131ca, <strong data-start=\"868\" data-end=\"886\">Ar-Ge faaliyetlerimiz<\/strong>, \u00f6zel demo ve test tesislerimizde \u00fcr\u00fcn geli\u015ftirme ve optimizasyonunu s\u00fcrekli olarak destekler.  <\/p>\t\t\t\t\t\t\t\t<\/div>\n\t\t\t\t\t<\/div>\n\t\t<\/div>\n\t\t\t\t\t<\/div>\n\t\t<\/section>\n\t\t\t\t<\/div>\n\t\t\n    <div class=\"xs_social_share_widget xs_share_url after_content \t\tmain_content  wslu-style-1 wslu-share-box-shaped wslu-fill-colored wslu-none wslu-share-horizontal wslu-theme-font-no wslu-main_content\">\n\n\t\t\n        <ul>\n\t\t\t        <\/ul>\n    <\/div> \n","protected":false},"excerpt":{"rendered":"<p>KA&amp;MELOCK KM 36 W KA&amp;MELOCK KM 36 W, Akrilik Kau\u00e7uk (ACM), Etilen Akrilik Kau\u00e7uk (AEM \u201cVAMAC\u201d), Epiklorohidrin Kau\u00e7uk (ECO), Hidrojenlenmi\u015f Nitril Kau\u00e7uk (HNBR) ve Nitril Kau\u00e7uk (NBR)&#8216;u metal y\u00fczeylere yap\u0131\u015ft\u0131rmak i\u00e7in tasarlanm\u0131\u015f tek katmanl\u0131 bir yap\u0131\u015ft\u0131r\u0131c\u0131d\u0131r. Kau\u00e7uk bile\u015fi\u011fi ile metal aras\u0131ndaki yap\u0131\u015fma, vulkanizasyon s\u00fcreci s\u0131ras\u0131nda ger\u00e7ekle\u015fir. Uygulamadan \u00f6nce metal par\u00e7alar kimyasal veya mekanik olarak i\u015flem g\u00f6r\u00fcr. Y\u00fczey KA&amp;MELOCK KM 36 W ile kapland\u0131ktan ve filmin kurumas\u0131 beklendikten sonra, yap\u0131\u015fma pres i\u00e7indeki vulkanizasyon s\u0131ras\u0131nda olu\u015fur. KA&amp;MELOCK KM 36 W, \u00f6zellikle s\u0131zd\u0131rmazl\u0131k bile\u015fenlerinin \u00fcretimi i\u00e7in uygundur. PDF \u0130ND\u0130R Teknik Veriler Renk Kahverengi S\u0131v\u0131 Viskozite 4 mm DIN-Kup 9 \u2013 13 s Viskozite, cps@25\u00b0C(77\u00b0F) 50 \u2013 120 mPas Brookfield SNB1Mil 2, 30 dev\/dak \u00d6zg\u00fcl A\u011f\u0131rl\u0131k 0,96 \u2013 0,98 g\/cm\u00b3 Kat\u0131 Madde \u0130\u00e7eri\u011fi A\u011f\u0131rl\u0131k\u00e7a %20 \u2013 26 \u00c7\u00f6z\u00fcc\u00fcler Metil \u0130sob\u00fctil Keton (MIBK), Etanol *Veriler tipiktir ve spesifikasyon ama\u00e7lar\u0131 i\u00e7in kullan\u0131lmamal\u0131d\u0131r. GOTEC Yap\u0131\u015ft\u0131rma Sistemleri, m\u00fc\u015fterilerine m\u00fcmk\u00fcn olan en y\u00fcksek kaliteyi sunmay\u0131 taahh\u00fct eder. Yap\u0131land\u0131r\u0131lm\u0131\u015f ve g\u00fcvenilir bir kalite y\u00f6netim sistemi, t\u00fcm \u00fcr\u00fcnlerin performans gereksinimlerini ve m\u00fc\u015fteri beklentilerini s\u00fcrekli olarak kar\u015f\u0131lamas\u0131n\u0131 sa\u011flar. Bizim elastomer yap\u0131\u015ft\u0131rma \u00e7\u00f6z\u00fcmlerimiz, i\u015finize g\u00fcvenilir de\u011fer katarak t\u00fcm end\u00fcstrilerde ve uygulamalarda sorunsuz \u00e7al\u0131\u015fmay\u0131 garanti eder.\u00dcr\u00fcnlerinizin de\u011ferini KA&amp;MELOCK kalitesi ile art\u0131r\u0131n \u2014 teknik destek ekiplerimiz her zaman hizmetinizdedir. Do\u011fru test ve analizin esas oldu\u011funa inan\u0131yoruz. T\u00fcm KA&amp;MELOCK \u00fcr\u00fcnleri laboratuvarlar\u0131m\u0131zda titizlikle test edilir ve belgelenir. Ayr\u0131ca, Ar-Ge faaliyetlerimiz, \u00f6zel demo ve test tesislerimizde \u00fcr\u00fcn geli\u015ftirme ve optimizasyonunu s\u00fcrekli olarak destekler.<\/p>\n","protected":false},"author":1,"featured_media":0,"parent":0,"menu_order":0,"comment_status":"closed","ping_status":"closed","template":"","meta":{"postBodyCss":"","postBodyMargin":[],"postBodyPadding":[],"postBodyBackground":{"backgroundType":"classic","gradient":""},"inspiro_hide_title":false,"footnotes":""},"class_list":["post-8676","page","type-page","status-publish","hentry"],"yoast_head":"<!-- This site is optimized with the Yoast SEO plugin v27.4 - https:\/\/yoast.com\/product\/yoast-seo-wordpress\/ -->\n<title>KA&amp;MELOCK KM 36 W | Tek katl\u0131 yap\u0131\u015fma sistemi<\/title>\n<meta name=\"description\" content=\"KA&amp;MELOCK KM 36 W, kau\u00e7uk ile metal y\u00fczeyler aras\u0131nda g\u00fc\u00e7l\u00fc yap\u0131\u015fma sa\u011flayan tek katmanl\u0131 bir yap\u0131\u015ft\u0131r\u0131c\u0131d\u0131r.\" \/>\n<meta name=\"robots\" content=\"index, follow, max-snippet:-1, max-image-preview:large, max-video-preview:-1\" \/>\n<link rel=\"canonical\" href=\"https:\/\/gotec-bonding-agent-systems.com\/tr\/kamelock-km-36-w\/\" \/>\n<meta property=\"og:locale\" content=\"tr_TR\" \/>\n<meta property=\"og:type\" content=\"article\" \/>\n<meta property=\"og:title\" content=\"KA&amp;MELOCK KM 36 W | Tek katl\u0131 yap\u0131\u015fma sistemi\" \/>\n<meta property=\"og:description\" content=\"KA&amp;MELOCK KM 36 W, kau\u00e7uk ile metal y\u00fczeyler aras\u0131nda g\u00fc\u00e7l\u00fc yap\u0131\u015fma sa\u011flayan tek katmanl\u0131 bir yap\u0131\u015ft\u0131r\u0131c\u0131d\u0131r.\" \/>\n<meta property=\"og:url\" content=\"https:\/\/gotec-bonding-agent-systems.com\/tr\/kamelock-km-36-w\/\" \/>\n<meta property=\"og:site_name\" content=\"GOTEC Bonding Systems\" \/>\n<meta property=\"article:modified_time\" content=\"2026-04-03T14:09:03+00:00\" \/>\n<meta property=\"og:image\" content=\"https:\/\/gotec-bonding-agent-systems.com\/wp-content\/uploads\/2026\/02\/KAMELOCK-KM-36-W-683x1024.png\" \/>\n<meta name=\"twitter:card\" content=\"summary_large_image\" \/>\n<meta name=\"twitter:label1\" content=\"Tahmini okuma s\u00fcresi\" \/>\n\t<meta name=\"twitter:data1\" content=\"2 dakika\" \/>\n<script type=\"application\/ld+json\" class=\"yoast-schema-graph\">{\"@context\":\"https:\\\/\\\/schema.org\",\"@graph\":[{\"@type\":\"WebPage\",\"@id\":\"https:\\\/\\\/gotec-bonding-agent-systems.com\\\/tr\\\/kamelock-km-36-w\\\/\",\"url\":\"https:\\\/\\\/gotec-bonding-agent-systems.com\\\/tr\\\/kamelock-km-36-w\\\/\",\"name\":\"KA&MELOCK KM 36 W | Tek katl\u0131 yap\u0131\u015fma sistemi\",\"isPartOf\":{\"@id\":\"https:\\\/\\\/gotec-bonding-agent-systems.com\\\/#website\"},\"primaryImageOfPage\":{\"@id\":\"https:\\\/\\\/gotec-bonding-agent-systems.com\\\/tr\\\/kamelock-km-36-w\\\/#primaryimage\"},\"image\":{\"@id\":\"https:\\\/\\\/gotec-bonding-agent-systems.com\\\/tr\\\/kamelock-km-36-w\\\/#primaryimage\"},\"thumbnailUrl\":\"https:\\\/\\\/gotec-bonding-agent-systems.com\\\/wp-content\\\/uploads\\\/2026\\\/02\\\/KAMELOCK-KM-36-W-683x1024.png\",\"datePublished\":\"2026-01-23T18:48:49+00:00\",\"dateModified\":\"2026-04-03T14:09:03+00:00\",\"description\":\"KA&MELOCK KM 36 W, kau\u00e7uk ile metal y\u00fczeyler aras\u0131nda g\u00fc\u00e7l\u00fc yap\u0131\u015fma sa\u011flayan tek katmanl\u0131 bir yap\u0131\u015ft\u0131r\u0131c\u0131d\u0131r.\",\"breadcrumb\":{\"@id\":\"https:\\\/\\\/gotec-bonding-agent-systems.com\\\/tr\\\/kamelock-km-36-w\\\/#breadcrumb\"},\"inLanguage\":\"tr\",\"potentialAction\":[{\"@type\":\"ReadAction\",\"target\":[\"https:\\\/\\\/gotec-bonding-agent-systems.com\\\/tr\\\/kamelock-km-36-w\\\/\"]}]},{\"@type\":\"ImageObject\",\"inLanguage\":\"tr\",\"@id\":\"https:\\\/\\\/gotec-bonding-agent-systems.com\\\/tr\\\/kamelock-km-36-w\\\/#primaryimage\",\"url\":\"https:\\\/\\\/gotec-bonding-agent-systems.com\\\/wp-content\\\/uploads\\\/2026\\\/02\\\/KAMELOCK-KM-36-W-683x1024.png\",\"contentUrl\":\"https:\\\/\\\/gotec-bonding-agent-systems.com\\\/wp-content\\\/uploads\\\/2026\\\/02\\\/KAMELOCK-KM-36-W-683x1024.png\"},{\"@type\":\"BreadcrumbList\",\"@id\":\"https:\\\/\\\/gotec-bonding-agent-systems.com\\\/tr\\\/kamelock-km-36-w\\\/#breadcrumb\",\"itemListElement\":[{\"@type\":\"ListItem\",\"position\":1,\"name\":\"Start\",\"item\":\"https:\\\/\\\/gotec-bonding-agent-systems.com\\\/tr\\\/\"},{\"@type\":\"ListItem\",\"position\":2,\"name\":\"KA&amp;MELOCK KM 36 W \u2013 Tek katl\u0131 yap\u0131\u015fma sistemi\"}]},{\"@type\":\"WebSite\",\"@id\":\"https:\\\/\\\/gotec-bonding-agent-systems.com\\\/#website\",\"url\":\"https:\\\/\\\/gotec-bonding-agent-systems.com\\\/\",\"name\":\"GOTEC Bonding Systems\",\"description\":\"\",\"publisher\":{\"@id\":\"https:\\\/\\\/gotec-bonding-agent-systems.com\\\/#organization\"},\"potentialAction\":[{\"@type\":\"SearchAction\",\"target\":{\"@type\":\"EntryPoint\",\"urlTemplate\":\"https:\\\/\\\/gotec-bonding-agent-systems.com\\\/?s={search_term_string}\"},\"query-input\":{\"@type\":\"PropertyValueSpecification\",\"valueRequired\":true,\"valueName\":\"search_term_string\"}}],\"inLanguage\":\"tr\"},{\"@type\":\"Organization\",\"@id\":\"https:\\\/\\\/gotec-bonding-agent-systems.com\\\/#organization\",\"name\":\"GOTEC Bonding Systems\",\"url\":\"https:\\\/\\\/gotec-bonding-agent-systems.com\\\/\",\"logo\":{\"@type\":\"ImageObject\",\"inLanguage\":\"tr\",\"@id\":\"https:\\\/\\\/gotec-bonding-agent-systems.com\\\/#\\\/schema\\\/logo\\\/image\\\/\",\"url\":\"https:\\\/\\\/gotec-bonding-agent-systems.com\\\/wp-content\\\/uploads\\\/2025\\\/11\\\/cropped-GOTEC_Bonding_Systems_Logo.png\",\"contentUrl\":\"https:\\\/\\\/gotec-bonding-agent-systems.com\\\/wp-content\\\/uploads\\\/2025\\\/11\\\/cropped-GOTEC_Bonding_Systems_Logo.png\",\"width\":2122,\"height\":1287,\"caption\":\"GOTEC Bonding Systems\"},\"image\":{\"@id\":\"https:\\\/\\\/gotec-bonding-agent-systems.com\\\/#\\\/schema\\\/logo\\\/image\\\/\"}}]}<\/script>\n<!-- \/ Yoast SEO plugin. -->","yoast_head_json":{"title":"KA&MELOCK KM 36 W | Tek katl\u0131 yap\u0131\u015fma sistemi","description":"KA&MELOCK KM 36 W, kau\u00e7uk ile metal y\u00fczeyler aras\u0131nda g\u00fc\u00e7l\u00fc yap\u0131\u015fma sa\u011flayan tek katmanl\u0131 bir yap\u0131\u015ft\u0131r\u0131c\u0131d\u0131r.","robots":{"index":"index","follow":"follow","max-snippet":"max-snippet:-1","max-image-preview":"max-image-preview:large","max-video-preview":"max-video-preview:-1"},"canonical":"https:\/\/gotec-bonding-agent-systems.com\/tr\/kamelock-km-36-w\/","og_locale":"tr_TR","og_type":"article","og_title":"KA&MELOCK KM 36 W | Tek katl\u0131 yap\u0131\u015fma sistemi","og_description":"KA&MELOCK KM 36 W, kau\u00e7uk ile metal y\u00fczeyler aras\u0131nda g\u00fc\u00e7l\u00fc yap\u0131\u015fma sa\u011flayan tek katmanl\u0131 bir yap\u0131\u015ft\u0131r\u0131c\u0131d\u0131r.","og_url":"https:\/\/gotec-bonding-agent-systems.com\/tr\/kamelock-km-36-w\/","og_site_name":"GOTEC Bonding Systems","article_modified_time":"2026-04-03T14:09:03+00:00","og_image":[{"url":"https:\/\/gotec-bonding-agent-systems.com\/wp-content\/uploads\/2026\/02\/KAMELOCK-KM-36-W-683x1024.png","type":"","width":"","height":""}],"twitter_card":"summary_large_image","twitter_misc":{"Tahmini okuma s\u00fcresi":"2 dakika"},"schema":{"@context":"https:\/\/schema.org","@graph":[{"@type":"WebPage","@id":"https:\/\/gotec-bonding-agent-systems.com\/tr\/kamelock-km-36-w\/","url":"https:\/\/gotec-bonding-agent-systems.com\/tr\/kamelock-km-36-w\/","name":"KA&MELOCK KM 36 W | Tek katl\u0131 yap\u0131\u015fma sistemi","isPartOf":{"@id":"https:\/\/gotec-bonding-agent-systems.com\/#website"},"primaryImageOfPage":{"@id":"https:\/\/gotec-bonding-agent-systems.com\/tr\/kamelock-km-36-w\/#primaryimage"},"image":{"@id":"https:\/\/gotec-bonding-agent-systems.com\/tr\/kamelock-km-36-w\/#primaryimage"},"thumbnailUrl":"https:\/\/gotec-bonding-agent-systems.com\/wp-content\/uploads\/2026\/02\/KAMELOCK-KM-36-W-683x1024.png","datePublished":"2026-01-23T18:48:49+00:00","dateModified":"2026-04-03T14:09:03+00:00","description":"KA&MELOCK KM 36 W, kau\u00e7uk ile metal y\u00fczeyler aras\u0131nda g\u00fc\u00e7l\u00fc yap\u0131\u015fma sa\u011flayan tek katmanl\u0131 bir yap\u0131\u015ft\u0131r\u0131c\u0131d\u0131r.","breadcrumb":{"@id":"https:\/\/gotec-bonding-agent-systems.com\/tr\/kamelock-km-36-w\/#breadcrumb"},"inLanguage":"tr","potentialAction":[{"@type":"ReadAction","target":["https:\/\/gotec-bonding-agent-systems.com\/tr\/kamelock-km-36-w\/"]}]},{"@type":"ImageObject","inLanguage":"tr","@id":"https:\/\/gotec-bonding-agent-systems.com\/tr\/kamelock-km-36-w\/#primaryimage","url":"https:\/\/gotec-bonding-agent-systems.com\/wp-content\/uploads\/2026\/02\/KAMELOCK-KM-36-W-683x1024.png","contentUrl":"https:\/\/gotec-bonding-agent-systems.com\/wp-content\/uploads\/2026\/02\/KAMELOCK-KM-36-W-683x1024.png"},{"@type":"BreadcrumbList","@id":"https:\/\/gotec-bonding-agent-systems.com\/tr\/kamelock-km-36-w\/#breadcrumb","itemListElement":[{"@type":"ListItem","position":1,"name":"Start","item":"https:\/\/gotec-bonding-agent-systems.com\/tr\/"},{"@type":"ListItem","position":2,"name":"KA&amp;MELOCK KM 36 W \u2013 Tek katl\u0131 yap\u0131\u015fma sistemi"}]},{"@type":"WebSite","@id":"https:\/\/gotec-bonding-agent-systems.com\/#website","url":"https:\/\/gotec-bonding-agent-systems.com\/","name":"GOTEC Bonding Systems","description":"","publisher":{"@id":"https:\/\/gotec-bonding-agent-systems.com\/#organization"},"potentialAction":[{"@type":"SearchAction","target":{"@type":"EntryPoint","urlTemplate":"https:\/\/gotec-bonding-agent-systems.com\/?s={search_term_string}"},"query-input":{"@type":"PropertyValueSpecification","valueRequired":true,"valueName":"search_term_string"}}],"inLanguage":"tr"},{"@type":"Organization","@id":"https:\/\/gotec-bonding-agent-systems.com\/#organization","name":"GOTEC Bonding Systems","url":"https:\/\/gotec-bonding-agent-systems.com\/","logo":{"@type":"ImageObject","inLanguage":"tr","@id":"https:\/\/gotec-bonding-agent-systems.com\/#\/schema\/logo\/image\/","url":"https:\/\/gotec-bonding-agent-systems.com\/wp-content\/uploads\/2025\/11\/cropped-GOTEC_Bonding_Systems_Logo.png","contentUrl":"https:\/\/gotec-bonding-agent-systems.com\/wp-content\/uploads\/2025\/11\/cropped-GOTEC_Bonding_Systems_Logo.png","width":2122,"height":1287,"caption":"GOTEC Bonding Systems"},"image":{"@id":"https:\/\/gotec-bonding-agent-systems.com\/#\/schema\/logo\/image\/"}}]}},"featured_media_urls":[],"_links":{"self":[{"href":"https:\/\/gotec-bonding-agent-systems.com\/tr\/wp-json\/wp\/v2\/pages\/8676","targetHints":{"allow":["GET"]}}],"collection":[{"href":"https:\/\/gotec-bonding-agent-systems.com\/tr\/wp-json\/wp\/v2\/pages"}],"about":[{"href":"https:\/\/gotec-bonding-agent-systems.com\/tr\/wp-json\/wp\/v2\/types\/page"}],"author":[{"embeddable":true,"href":"https:\/\/gotec-bonding-agent-systems.com\/tr\/wp-json\/wp\/v2\/users\/1"}],"replies":[{"embeddable":true,"href":"https:\/\/gotec-bonding-agent-systems.com\/tr\/wp-json\/wp\/v2\/comments?post=8676"}],"version-history":[{"count":3,"href":"https:\/\/gotec-bonding-agent-systems.com\/tr\/wp-json\/wp\/v2\/pages\/8676\/revisions"}],"predecessor-version":[{"id":9425,"href":"https:\/\/gotec-bonding-agent-systems.com\/tr\/wp-json\/wp\/v2\/pages\/8676\/revisions\/9425"}],"wp:attachment":[{"href":"https:\/\/gotec-bonding-agent-systems.com\/tr\/wp-json\/wp\/v2\/media?parent=8676"}],"curies":[{"name":"wp","href":"https:\/\/api.w.org\/{rel}","templated":true}]}}