{"id":8681,"date":"2026-01-23T18:57:22","date_gmt":"2026-01-23T18:57:22","guid":{"rendered":"https:\/\/gotec-bonding-agent-systems.com\/kamelock-km-25\/"},"modified":"2026-04-03T13:56:34","modified_gmt":"2026-04-03T13:56:34","slug":"kamelock-km-25","status":"publish","type":"page","link":"https:\/\/gotec-bonding-agent-systems.com\/tr\/kamelock-km-25\/","title":{"rendered":"KA&amp;MELOCK KM 25 -\u00dcst kaplama uygulamalar\u0131 i\u00e7in elastomer yap\u0131\u015fma sistemi"},"content":{"rendered":"\t\t<div data-elementor-type=\"wp-page\" data-elementor-id=\"8681\" class=\"elementor elementor-8681 elementor-7876\">\n\t\t\t\t<div class=\"elementor-element elementor-element-808ac83 e-flex e-con-boxed wpr-particle-no wpr-jarallax-no wpr-parallax-no wpr-sticky-section-no wpr-equal-height-no e-con e-parent\" data-id=\"808ac83\" data-element_type=\"container\" data-e-type=\"container\" data-settings=\"{&quot;background_background&quot;:&quot;classic&quot;}\">\n\t\t\t\t\t<div class=\"e-con-inner\">\n\t\t<div class=\"elementor-element elementor-element-e549ca5 e-con-full e-flex wpr-particle-no wpr-jarallax-no wpr-parallax-no wpr-sticky-section-no wpr-equal-height-no e-con e-child\" data-id=\"e549ca5\" data-element_type=\"container\" data-e-type=\"container\">\n\t\t\t\t<div class=\"elementor-element elementor-element-833773f elementor-widget elementor-widget-elementskit-heading\" data-id=\"833773f\" data-element_type=\"widget\" data-e-type=\"widget\" data-widget_type=\"elementskit-heading.default\">\n\t\t\t\t\t<div class=\"ekit-wid-con\" ><div class=\"ekit-heading elementskit-section-title-wraper text_left   ekit_heading_tablet-   ekit_heading_mobile-\"><h2 class=\"ekit-heading--title elementskit-section-title \">KA&amp;MELOCK KM 25<\/h2>\t\t\t\t<div class='ekit-heading__description'>\n\t\t\t\t\t<p><strong>KA&amp;MELOCK KM 25<\/strong>, <strong>\u00fcst katman uygulamalar\u0131<\/strong> i\u00e7in uygun bir <strong>elastomer yap\u0131\u015ft\u0131r\u0131c\u0131d\u0131r<\/strong>. \u00c7e\u015fitli elastomerleri metal ve plastik y\u00fczeylere <strong>vulkanizasyon i\u015flemi<\/strong> s\u0131ras\u0131nda yap\u0131\u015ft\u0131rmak i\u00e7in <strong>y\u00fcksek s\u0131cakl\u0131k korozyon direnci ve dinamik diren\u00e7<\/strong> gerekti\u011finde <strong>KA&amp;MELOCK MP 05 astar\u0131<\/strong> ile birlikte kullan\u0131l\u0131r. <\/p>\n<p>Yap\u0131\u015ft\u0131r\u0131c\u0131, <strong>organik bir solvent sisteminde<\/strong> <strong>da\u011f\u0131lm\u0131\u015f polimerler, \u00e7apraz ba\u011flama ajanlar\u0131 ve s\u00fcspansiyon halindeki kat\u0131 maddelerden<\/strong> olu\u015fan bir kar\u0131\u015f\u0131md\u0131r.<\/p>\n<p>KA&amp;MELOCK KM 25, <strong>Do\u011fal Kau\u00e7uk (NR), Poliizopren (IR), Polib\u00fctadien (BR), Stiren B\u00fctadien (SBR), Nitril Kau\u00e7uk (NBR), Kloropren Kau\u00e7uk (CR), B\u00fctil Kau\u00e7uk (IIR), Kloros\u00fclfonatl\u0131 Polietilen (CSM) ve Etilen Propilen Kau\u00e7uk (EPDM)<\/strong> bazl\u0131 kau\u00e7uk bile\u015fiklerinin vulkanizasyon s\u0131ras\u0131nda \u00e7ok \u00e7e\u015fitli <strong>metal ve plastik y\u00fczeylere<\/strong> g\u00fcvenilir bir \u015fekilde yap\u0131\u015ft\u0131r\u0131lmas\u0131n\u0131 sa\u011flar.<\/p>\n\t\t\t\t<\/div>\n\t\t\t<\/div><\/div>\t\t\t\t<\/div>\n\t\t\t\t<\/div>\n\t\t<div class=\"elementor-element elementor-element-705eea2 e-con-full e-flex wpr-particle-no wpr-jarallax-no wpr-parallax-no wpr-sticky-section-no wpr-equal-height-no e-con e-child\" data-id=\"705eea2\" data-element_type=\"container\" data-e-type=\"container\">\n\t\t\t\t<div class=\"elementor-element elementor-element-a86ce28 elementor-widget elementor-widget-image\" data-id=\"a86ce28\" data-element_type=\"widget\" data-e-type=\"widget\" data-widget_type=\"image.default\">\n\t\t\t\t\t\t\t\t\t\t\t\t\t\t\t<img fetchpriority=\"high\" decoding=\"async\" width=\"950\" height=\"634\" src=\"https:\/\/gotec-bonding-agent-systems.com\/wp-content\/uploads\/2026\/02\/KAMELOCK-KM-25-1024x683.png\" class=\"attachment-large size-large wp-image-8683\" alt=\"KA&amp;MELOCK KM 25\" srcset=\"https:\/\/gotec-bonding-agent-systems.com\/wp-content\/uploads\/2026\/02\/KAMELOCK-KM-25-1024x683.png 1024w, https:\/\/gotec-bonding-agent-systems.com\/wp-content\/uploads\/2026\/02\/KAMELOCK-KM-25-300x200.png 300w, https:\/\/gotec-bonding-agent-systems.com\/wp-content\/uploads\/2026\/02\/KAMELOCK-KM-25-600x400.png 600w, https:\/\/gotec-bonding-agent-systems.com\/wp-content\/uploads\/2026\/02\/KAMELOCK-KM-25-1200x800.png 1200w, https:\/\/gotec-bonding-agent-systems.com\/wp-content\/uploads\/2026\/02\/KAMELOCK-KM-25.png 1536w\" sizes=\"100vw\" \/>\t\t\t\t\t\t\t\t\t\t\t\t\t\t\t<\/div>\n\t\t\t\t<div class=\"elementor-element elementor-element-8552ff8 elementor-widget elementor-widget-spacer\" data-id=\"8552ff8\" data-element_type=\"widget\" data-e-type=\"widget\" data-widget_type=\"spacer.default\">\n\t\t\t\t\t\t\t<div class=\"elementor-spacer\">\n\t\t\t<div class=\"elementor-spacer-inner\"><\/div>\n\t\t<\/div>\n\t\t\t\t\t\t<\/div>\n\t\t\t\t<div class=\"elementor-element elementor-element-59732fa elementor-widget elementor-widget-button\" data-id=\"59732fa\" data-element_type=\"widget\" data-e-type=\"widget\" data-widget_type=\"button.default\">\n\t\t\t\t\t\t\t\t\t\t<a class=\"elementor-button elementor-button-link elementor-size-sm\" href=\"#\">\n\t\t\t\t\t\t<span class=\"elementor-button-content-wrapper\">\n\t\t\t\t\t\t\t\t\t<span class=\"elementor-button-text\">PDF \u0130ND\u0130R<\/span>\n\t\t\t\t\t<\/span>\n\t\t\t\t\t<\/a>\n\t\t\t\t\t\t\t\t<\/div>\n\t\t\t\t<\/div>\n\t\t\t\t\t<\/div>\n\t\t\t\t<\/div>\n\t\t\t\t<section class=\"elementor-section elementor-top-section elementor-element elementor-element-45f9e12 elementor-section-boxed elementor-section-height-default elementor-section-height-default wpr-particle-no wpr-jarallax-no wpr-parallax-no wpr-sticky-section-no wpr-equal-height-no\" data-id=\"45f9e12\" data-element_type=\"section\" data-e-type=\"section\">\n\t\t\t\t\t\t<div class=\"elementor-container elementor-column-gap-default\">\n\t\t\t\t\t<div class=\"elementor-column elementor-col-100 elementor-top-column elementor-element elementor-element-6d52a9b\" data-id=\"6d52a9b\" data-element_type=\"column\" data-e-type=\"column\">\n\t\t\t<div class=\"elementor-widget-wrap elementor-element-populated\">\n\t\t\t\t\t\t<div class=\"elementor-element elementor-element-152844e elementor-widget elementor-widget-heading\" data-id=\"152844e\" data-element_type=\"widget\" data-e-type=\"widget\" data-widget_type=\"heading.default\">\n\t\t\t\t\t<h2 class=\"elementor-heading-title elementor-size-default\">Teknik Veriler<\/h2>\t\t\t\t<\/div>\n\t\t\t\t<div class=\"elementor-element elementor-element-694c8f4 wpr-list-style-none elementor-widget elementor-widget-wpr-posts-timeline\" data-id=\"694c8f4\" data-element_type=\"widget\" data-e-type=\"widget\" data-settings=\"{&quot;animation_offset&quot;:150,&quot;aos_animation_duration&quot;:600}\" data-widget_type=\"wpr-posts-timeline.default\">\n\t\t\t\t\t\n\t\t<div class=\"wpr-wrapper wpr-vertical wpr-one-sided-wrapper\">\n\t\t\t<div class=\"wpr-timeline-centered wpr-line wpr-one-sided-timeline\"><div class=\"wpr-middle-line\"><\/div><div class=\"wpr-timeline-fill\" data-layout=\"one-sided\"><\/div><article class=\"wpr-timeline-entry wpr-right-aligned elementor-repeater-item-f94da51\" data-item-id=\"elementor-repeater-item-f94da51\"><div class=\"wpr-timeline-entry-inner\"><div class=\"wpr-main-line-icon wpr-icon\"><\/div><div class=\"wpr-story-info-vertical wpr-data-wrap \"  data-aos=\"fade\" data-aos-left=\"\" data-aos-right=\"\" data-animation-offset=\"150\" data-animation-duration=\"600\"><div class=\"wpr-timeline-content-wrapper\"><div class=\"wpr-content-wrapper\"><div class=\"wpr-description\"><table><tbody><tr><td><p>Renk Ye\u015fil-siyah S\u0131v\u0131<\/p><\/td><td> <\/td><\/tr><\/tbody><\/table><table style=\"height: 124px\" width=\"238\"><tbody><tr><td><p>Viskozite 4 mm DIN-Kupa 80 \u2013 120 s<\/p><\/td><td> <\/td><\/tr><\/tbody><\/table><table><tbody><tr><td><p>Viskozite, cps@25\u00b0C(77\u00b0F)<\/p><table><tbody><tr><td><p> 200 \u2013 800 mPas<\/p><\/td><\/tr><\/tbody><\/table><p>Brookfield SNB1<br>Mil 2, 30 dev\/dak<\/p><\/td><td> <\/td><\/tr><\/tbody><\/table><\/div><\/div><\/div><\/div>\n\t\t\t\t\t\t<\/div>\n\t\t\t\t<\/article><article class=\"wpr-timeline-entry wpr-right-aligned elementor-repeater-item-2a37755\" data-item-id=\"elementor-repeater-item-2a37755\"><div class=\"wpr-timeline-entry-inner\"><div class=\"wpr-main-line-icon wpr-icon\"><\/div><div class=\"wpr-story-info-vertical wpr-data-wrap \"  data-aos=\"fade\" data-aos-left=\"\" data-aos-right=\"\" data-animation-offset=\"150\" data-animation-duration=\"600\"><div class=\"wpr-timeline-content-wrapper\"><div class=\"wpr-content-wrapper\"><div class=\"wpr-description\"><table><tbody><tr><td><p>\u00d6zg\u00fcl A\u011f\u0131rl\u0131k 0,98 \u2013 1,02 g\/cm\u00b3<\/p><\/td><td> <\/td><\/tr><\/tbody><\/table><table style=\"height: 172px\" width=\"201\"><tbody><tr><td><p>Kat\u0131 Madde \u0130\u00e7eri\u011fi %22 \u2013 27 a\u011f\u0131rl\u0131k\u00e7a<\/p><\/td><td> <\/td><\/tr><\/tbody><\/table><table><tbody><tr><td><p>Solventler Ksilen<\/p><\/td><td> <\/td><\/tr><\/tbody><\/table><p>*Veriler tipiktir ve spesifikasyon ama\u00e7lar\u0131 i\u00e7in kullan\u0131lmamal\u0131d\u0131r.<\/p><\/div><\/div><\/div><\/div>\n\t\t\t\t\t\t<\/div>\n\t\t\t\t<\/article><\/div>    \n\t\t\t<\/div>\t\t\t\t<\/div>\n\t\t\t\t<div class=\"elementor-element elementor-element-e029327 elementor-widget elementor-widget-text-editor\" data-id=\"e029327\" data-element_type=\"widget\" data-e-type=\"widget\" data-widget_type=\"text-editor.default\">\n\t\t\t\t\t\t\t\t\t<p data-start=\"206\" data-end=\"644\"><strong data-start=\"209\" data-end=\"231\">KA&amp;MELOCK \u00fcr\u00fcnleri<\/strong> \u00e7e\u015fitli ve \u00e7ok y\u00f6nl\u00fc oldu\u011fundan, <strong data-start=\"259\" data-end=\"304\">farkl\u0131 uygulama y\u00f6ntemleri ve ekipmanlar\u0131<\/strong> kullan\u0131labilir. Hi\u00e7bir uygulama y\u00f6ntemi di\u011ferinden \u00fcst\u00fcn de\u011fildir; se\u00e7im <strong data-start=\"408\" data-end=\"433\">yap\u0131\u015ft\u0131r\u0131c\u0131 tipine<\/strong>, <strong data-start=\"439\" data-end=\"464\">\u00fcr\u00fcn\u00fcn niteli\u011fine<\/strong> ve <strong data-start=\"474\" data-end=\"498\">y\u00fczey gereksinimlerine<\/strong> g\u00f6re yap\u0131lmal\u0131d\u0131r.<br data-start=\"499\" data-end=\"502\">KA&amp;MELOCK \u00fcr\u00fcn bilgileri, farkl\u0131 uygulama y\u00f6ntemlerine g\u00f6re \u00fcr\u00fcnlerimizin <strong data-start=\"541\" data-end=\"584\">uygun kullan\u0131m\u0131 i\u00e7in tavsiyeler<\/strong> sunmaktad\u0131r.<\/p><p data-start=\"646\" data-end=\"944\"><strong data-start=\"662\" data-end=\"709\">Do\u011fru test ve analizin esas oldu\u011funa<\/strong> inan\u0131yoruz. <strong data-start=\"714\" data-end=\"739\">GOTEC Bonding Systems<\/strong>&#8216;de t\u00fcm KA&amp;MELOCK \u00fcr\u00fcnleri laboratuvarlar\u0131m\u0131zda test edilmekte ve belgelenmektedir. Ek olarak, <strong data-start=\"828\" data-end=\"846\">Ar-Ge faaliyetlerimiz<\/strong>, demo ve test tesislerimizdeki s\u00fcrekli \u00e7al\u0131\u015fmalarla \u00fcr\u00fcn geli\u015ftirmeyi desteklemektedir.<\/p><p data-start=\"946\" data-end=\"1057\">\u00dcr\u00fcnlerinizin de\u011ferini <strong data-start=\"987\" data-end=\"1008\">KA&amp;MELOCK kalitesi<\/strong> ile art\u0131r\u0131n.<br data-start=\"1009\" data-end=\"1012\">Destek ekiplerimiz her zaman hizmetinizdedir.<\/p>\t\t\t\t\t\t\t\t<\/div>\n\t\t\t\t\t<\/div>\n\t\t<\/div>\n\t\t\t\t\t<\/div>\n\t\t<\/section>\n\t\t\t\t<\/div>\n\t\t\n    <div class=\"xs_social_share_widget xs_share_url after_content \t\tmain_content  wslu-style-1 wslu-share-box-shaped wslu-fill-colored wslu-none wslu-share-horizontal wslu-theme-font-no wslu-main_content\">\n\n\t\t\n        <ul>\n\t\t\t        <\/ul>\n    <\/div> \n","protected":false},"excerpt":{"rendered":"<p>KA&amp;MELOCK KM 25 KA&amp;MELOCK KM 25, \u00fcst katman uygulamalar\u0131 i\u00e7in uygun bir elastomer yap\u0131\u015ft\u0131r\u0131c\u0131d\u0131r. \u00c7e\u015fitli elastomerleri metal ve plastik y\u00fczeylere vulkanizasyon i\u015flemi s\u0131ras\u0131nda yap\u0131\u015ft\u0131rmak i\u00e7in y\u00fcksek s\u0131cakl\u0131k korozyon direnci ve dinamik diren\u00e7 gerekti\u011finde KA&amp;MELOCK MP 05 astar\u0131 ile birlikte kullan\u0131l\u0131r. Yap\u0131\u015ft\u0131r\u0131c\u0131, organik bir solvent sisteminde da\u011f\u0131lm\u0131\u015f polimerler, \u00e7apraz ba\u011flama ajanlar\u0131 ve s\u00fcspansiyon halindeki kat\u0131 maddelerden olu\u015fan bir kar\u0131\u015f\u0131md\u0131r. KA&amp;MELOCK KM 25, Do\u011fal Kau\u00e7uk (NR), Poliizopren (IR), Polib\u00fctadien (BR), Stiren B\u00fctadien (SBR), Nitril Kau\u00e7uk (NBR), Kloropren Kau\u00e7uk (CR), B\u00fctil Kau\u00e7uk (IIR), Kloros\u00fclfonatl\u0131 Polietilen (CSM) ve Etilen Propilen Kau\u00e7uk (EPDM) bazl\u0131 kau\u00e7uk bile\u015fiklerinin vulkanizasyon s\u0131ras\u0131nda \u00e7ok \u00e7e\u015fitli metal ve plastik y\u00fczeylere g\u00fcvenilir bir \u015fekilde yap\u0131\u015ft\u0131r\u0131lmas\u0131n\u0131 sa\u011flar. PDF \u0130ND\u0130R Teknik Veriler Renk Ye\u015fil-siyah S\u0131v\u0131 Viskozite 4 mm DIN-Kupa 80 \u2013 120 s Viskozite, cps@25\u00b0C(77\u00b0F) 200 \u2013 800 mPas Brookfield SNB1Mil 2, 30 dev\/dak \u00d6zg\u00fcl A\u011f\u0131rl\u0131k 0,98 \u2013 1,02 g\/cm\u00b3 Kat\u0131 Madde \u0130\u00e7eri\u011fi %22 \u2013 27 a\u011f\u0131rl\u0131k\u00e7a Solventler Ksilen *Veriler tipiktir ve spesifikasyon ama\u00e7lar\u0131 i\u00e7in kullan\u0131lmamal\u0131d\u0131r. KA&amp;MELOCK \u00fcr\u00fcnleri \u00e7e\u015fitli ve \u00e7ok y\u00f6nl\u00fc oldu\u011fundan, farkl\u0131 uygulama y\u00f6ntemleri ve ekipmanlar\u0131 kullan\u0131labilir. Hi\u00e7bir uygulama y\u00f6ntemi di\u011ferinden \u00fcst\u00fcn de\u011fildir; se\u00e7im yap\u0131\u015ft\u0131r\u0131c\u0131 tipine, \u00fcr\u00fcn\u00fcn niteli\u011fine ve y\u00fczey gereksinimlerine g\u00f6re yap\u0131lmal\u0131d\u0131r.KA&amp;MELOCK \u00fcr\u00fcn bilgileri, farkl\u0131 uygulama y\u00f6ntemlerine g\u00f6re \u00fcr\u00fcnlerimizin uygun kullan\u0131m\u0131 i\u00e7in tavsiyeler sunmaktad\u0131r. Do\u011fru test ve analizin esas oldu\u011funa inan\u0131yoruz. GOTEC Bonding Systems&#8216;de t\u00fcm KA&amp;MELOCK \u00fcr\u00fcnleri laboratuvarlar\u0131m\u0131zda test edilmekte ve belgelenmektedir. Ek olarak, Ar-Ge faaliyetlerimiz, demo ve test tesislerimizdeki s\u00fcrekli \u00e7al\u0131\u015fmalarla \u00fcr\u00fcn geli\u015ftirmeyi desteklemektedir. \u00dcr\u00fcnlerinizin de\u011ferini KA&amp;MELOCK kalitesi ile art\u0131r\u0131n.Destek ekiplerimiz her zaman hizmetinizdedir.<\/p>\n","protected":false},"author":1,"featured_media":0,"parent":0,"menu_order":0,"comment_status":"closed","ping_status":"closed","template":"","meta":{"postBodyCss":"","postBodyMargin":[],"postBodyPadding":[],"postBodyBackground":{"backgroundType":"classic","gradient":""},"inspiro_hide_title":false,"footnotes":""},"class_list":["post-8681","page","type-page","status-publish","hentry"],"yoast_head":"<!-- This site is optimized with the Yoast SEO plugin v27.4 - https:\/\/yoast.com\/product\/yoast-seo-wordpress\/ -->\n<title>KA&amp;MELOCK KM 25 | \u00dcst kaplama i\u00e7in yap\u0131\u015fma sistemi<\/title>\n<meta name=\"description\" content=\"KA&amp;MELOCK KM 25, \u00e7ok katl\u0131 kau\u00e7uk-metal ve plastik yap\u0131\u015ft\u0131rma uygulamalar\u0131 i\u00e7in geli\u015ftirilmi\u015f elastomer yap\u0131\u015ft\u0131r\u0131c\u0131d\u0131r.\" \/>\n<meta name=\"robots\" content=\"index, follow, max-snippet:-1, max-image-preview:large, max-video-preview:-1\" \/>\n<link rel=\"canonical\" href=\"https:\/\/gotec-bonding-agent-systems.com\/tr\/kamelock-km-25\/\" \/>\n<meta property=\"og:locale\" content=\"tr_TR\" \/>\n<meta property=\"og:type\" content=\"article\" \/>\n<meta property=\"og:title\" content=\"KA&amp;MELOCK KM 25 | \u00dcst kaplama i\u00e7in yap\u0131\u015fma sistemi\" \/>\n<meta property=\"og:description\" content=\"KA&amp;MELOCK KM 25, \u00e7ok katl\u0131 kau\u00e7uk-metal ve plastik yap\u0131\u015ft\u0131rma uygulamalar\u0131 i\u00e7in geli\u015ftirilmi\u015f elastomer yap\u0131\u015ft\u0131r\u0131c\u0131d\u0131r.\" \/>\n<meta property=\"og:url\" content=\"https:\/\/gotec-bonding-agent-systems.com\/tr\/kamelock-km-25\/\" \/>\n<meta property=\"og:site_name\" content=\"GOTEC Bonding Systems\" \/>\n<meta property=\"article:modified_time\" content=\"2026-04-03T13:56:34+00:00\" \/>\n<meta property=\"og:image\" content=\"https:\/\/gotec-bonding-agent-systems.com\/wp-content\/uploads\/2026\/02\/KAMELOCK-KM-25-1024x683.png\" \/>\n<meta name=\"twitter:card\" content=\"summary_large_image\" \/>\n<meta name=\"twitter:label1\" content=\"Tahmini okuma s\u00fcresi\" \/>\n\t<meta name=\"twitter:data1\" content=\"2 dakika\" \/>\n<script type=\"application\/ld+json\" class=\"yoast-schema-graph\">{\"@context\":\"https:\\\/\\\/schema.org\",\"@graph\":[{\"@type\":\"WebPage\",\"@id\":\"https:\\\/\\\/gotec-bonding-agent-systems.com\\\/tr\\\/kamelock-km-25\\\/\",\"url\":\"https:\\\/\\\/gotec-bonding-agent-systems.com\\\/tr\\\/kamelock-km-25\\\/\",\"name\":\"KA&MELOCK KM 25 | \u00dcst kaplama i\u00e7in yap\u0131\u015fma sistemi\",\"isPartOf\":{\"@id\":\"https:\\\/\\\/gotec-bonding-agent-systems.com\\\/#website\"},\"primaryImageOfPage\":{\"@id\":\"https:\\\/\\\/gotec-bonding-agent-systems.com\\\/tr\\\/kamelock-km-25\\\/#primaryimage\"},\"image\":{\"@id\":\"https:\\\/\\\/gotec-bonding-agent-systems.com\\\/tr\\\/kamelock-km-25\\\/#primaryimage\"},\"thumbnailUrl\":\"https:\\\/\\\/gotec-bonding-agent-systems.com\\\/wp-content\\\/uploads\\\/2026\\\/02\\\/KAMELOCK-KM-25-1024x683.png\",\"datePublished\":\"2026-01-23T18:57:22+00:00\",\"dateModified\":\"2026-04-03T13:56:34+00:00\",\"description\":\"KA&MELOCK KM 25, \u00e7ok katl\u0131 kau\u00e7uk-metal ve plastik yap\u0131\u015ft\u0131rma uygulamalar\u0131 i\u00e7in geli\u015ftirilmi\u015f elastomer yap\u0131\u015ft\u0131r\u0131c\u0131d\u0131r.\",\"breadcrumb\":{\"@id\":\"https:\\\/\\\/gotec-bonding-agent-systems.com\\\/tr\\\/kamelock-km-25\\\/#breadcrumb\"},\"inLanguage\":\"tr\",\"potentialAction\":[{\"@type\":\"ReadAction\",\"target\":[\"https:\\\/\\\/gotec-bonding-agent-systems.com\\\/tr\\\/kamelock-km-25\\\/\"]}]},{\"@type\":\"ImageObject\",\"inLanguage\":\"tr\",\"@id\":\"https:\\\/\\\/gotec-bonding-agent-systems.com\\\/tr\\\/kamelock-km-25\\\/#primaryimage\",\"url\":\"https:\\\/\\\/gotec-bonding-agent-systems.com\\\/wp-content\\\/uploads\\\/2026\\\/02\\\/KAMELOCK-KM-25-1024x683.png\",\"contentUrl\":\"https:\\\/\\\/gotec-bonding-agent-systems.com\\\/wp-content\\\/uploads\\\/2026\\\/02\\\/KAMELOCK-KM-25-1024x683.png\"},{\"@type\":\"BreadcrumbList\",\"@id\":\"https:\\\/\\\/gotec-bonding-agent-systems.com\\\/tr\\\/kamelock-km-25\\\/#breadcrumb\",\"itemListElement\":[{\"@type\":\"ListItem\",\"position\":1,\"name\":\"Start\",\"item\":\"https:\\\/\\\/gotec-bonding-agent-systems.com\\\/tr\\\/\"},{\"@type\":\"ListItem\",\"position\":2,\"name\":\"KA&amp;MELOCK KM 25 -\u00dcst kaplama uygulamalar\u0131 i\u00e7in elastomer yap\u0131\u015fma sistemi\"}]},{\"@type\":\"WebSite\",\"@id\":\"https:\\\/\\\/gotec-bonding-agent-systems.com\\\/#website\",\"url\":\"https:\\\/\\\/gotec-bonding-agent-systems.com\\\/\",\"name\":\"GOTEC Bonding Systems\",\"description\":\"\",\"publisher\":{\"@id\":\"https:\\\/\\\/gotec-bonding-agent-systems.com\\\/#organization\"},\"potentialAction\":[{\"@type\":\"SearchAction\",\"target\":{\"@type\":\"EntryPoint\",\"urlTemplate\":\"https:\\\/\\\/gotec-bonding-agent-systems.com\\\/?s={search_term_string}\"},\"query-input\":{\"@type\":\"PropertyValueSpecification\",\"valueRequired\":true,\"valueName\":\"search_term_string\"}}],\"inLanguage\":\"tr\"},{\"@type\":\"Organization\",\"@id\":\"https:\\\/\\\/gotec-bonding-agent-systems.com\\\/#organization\",\"name\":\"GOTEC Bonding Systems\",\"url\":\"https:\\\/\\\/gotec-bonding-agent-systems.com\\\/\",\"logo\":{\"@type\":\"ImageObject\",\"inLanguage\":\"tr\",\"@id\":\"https:\\\/\\\/gotec-bonding-agent-systems.com\\\/#\\\/schema\\\/logo\\\/image\\\/\",\"url\":\"https:\\\/\\\/gotec-bonding-agent-systems.com\\\/wp-content\\\/uploads\\\/2025\\\/11\\\/cropped-GOTEC_Bonding_Systems_Logo.png\",\"contentUrl\":\"https:\\\/\\\/gotec-bonding-agent-systems.com\\\/wp-content\\\/uploads\\\/2025\\\/11\\\/cropped-GOTEC_Bonding_Systems_Logo.png\",\"width\":2122,\"height\":1287,\"caption\":\"GOTEC Bonding Systems\"},\"image\":{\"@id\":\"https:\\\/\\\/gotec-bonding-agent-systems.com\\\/#\\\/schema\\\/logo\\\/image\\\/\"}}]}<\/script>\n<!-- \/ Yoast SEO plugin. -->","yoast_head_json":{"title":"KA&MELOCK KM 25 | \u00dcst kaplama i\u00e7in yap\u0131\u015fma sistemi","description":"KA&MELOCK KM 25, \u00e7ok katl\u0131 kau\u00e7uk-metal ve plastik yap\u0131\u015ft\u0131rma uygulamalar\u0131 i\u00e7in geli\u015ftirilmi\u015f elastomer yap\u0131\u015ft\u0131r\u0131c\u0131d\u0131r.","robots":{"index":"index","follow":"follow","max-snippet":"max-snippet:-1","max-image-preview":"max-image-preview:large","max-video-preview":"max-video-preview:-1"},"canonical":"https:\/\/gotec-bonding-agent-systems.com\/tr\/kamelock-km-25\/","og_locale":"tr_TR","og_type":"article","og_title":"KA&MELOCK KM 25 | \u00dcst kaplama i\u00e7in yap\u0131\u015fma sistemi","og_description":"KA&MELOCK KM 25, \u00e7ok katl\u0131 kau\u00e7uk-metal ve plastik yap\u0131\u015ft\u0131rma uygulamalar\u0131 i\u00e7in geli\u015ftirilmi\u015f elastomer yap\u0131\u015ft\u0131r\u0131c\u0131d\u0131r.","og_url":"https:\/\/gotec-bonding-agent-systems.com\/tr\/kamelock-km-25\/","og_site_name":"GOTEC Bonding Systems","article_modified_time":"2026-04-03T13:56:34+00:00","og_image":[{"url":"https:\/\/gotec-bonding-agent-systems.com\/wp-content\/uploads\/2026\/02\/KAMELOCK-KM-25-1024x683.png","type":"","width":"","height":""}],"twitter_card":"summary_large_image","twitter_misc":{"Tahmini okuma s\u00fcresi":"2 dakika"},"schema":{"@context":"https:\/\/schema.org","@graph":[{"@type":"WebPage","@id":"https:\/\/gotec-bonding-agent-systems.com\/tr\/kamelock-km-25\/","url":"https:\/\/gotec-bonding-agent-systems.com\/tr\/kamelock-km-25\/","name":"KA&MELOCK KM 25 | \u00dcst kaplama i\u00e7in yap\u0131\u015fma sistemi","isPartOf":{"@id":"https:\/\/gotec-bonding-agent-systems.com\/#website"},"primaryImageOfPage":{"@id":"https:\/\/gotec-bonding-agent-systems.com\/tr\/kamelock-km-25\/#primaryimage"},"image":{"@id":"https:\/\/gotec-bonding-agent-systems.com\/tr\/kamelock-km-25\/#primaryimage"},"thumbnailUrl":"https:\/\/gotec-bonding-agent-systems.com\/wp-content\/uploads\/2026\/02\/KAMELOCK-KM-25-1024x683.png","datePublished":"2026-01-23T18:57:22+00:00","dateModified":"2026-04-03T13:56:34+00:00","description":"KA&MELOCK KM 25, \u00e7ok katl\u0131 kau\u00e7uk-metal ve plastik yap\u0131\u015ft\u0131rma uygulamalar\u0131 i\u00e7in geli\u015ftirilmi\u015f elastomer yap\u0131\u015ft\u0131r\u0131c\u0131d\u0131r.","breadcrumb":{"@id":"https:\/\/gotec-bonding-agent-systems.com\/tr\/kamelock-km-25\/#breadcrumb"},"inLanguage":"tr","potentialAction":[{"@type":"ReadAction","target":["https:\/\/gotec-bonding-agent-systems.com\/tr\/kamelock-km-25\/"]}]},{"@type":"ImageObject","inLanguage":"tr","@id":"https:\/\/gotec-bonding-agent-systems.com\/tr\/kamelock-km-25\/#primaryimage","url":"https:\/\/gotec-bonding-agent-systems.com\/wp-content\/uploads\/2026\/02\/KAMELOCK-KM-25-1024x683.png","contentUrl":"https:\/\/gotec-bonding-agent-systems.com\/wp-content\/uploads\/2026\/02\/KAMELOCK-KM-25-1024x683.png"},{"@type":"BreadcrumbList","@id":"https:\/\/gotec-bonding-agent-systems.com\/tr\/kamelock-km-25\/#breadcrumb","itemListElement":[{"@type":"ListItem","position":1,"name":"Start","item":"https:\/\/gotec-bonding-agent-systems.com\/tr\/"},{"@type":"ListItem","position":2,"name":"KA&amp;MELOCK KM 25 -\u00dcst kaplama uygulamalar\u0131 i\u00e7in elastomer yap\u0131\u015fma sistemi"}]},{"@type":"WebSite","@id":"https:\/\/gotec-bonding-agent-systems.com\/#website","url":"https:\/\/gotec-bonding-agent-systems.com\/","name":"GOTEC Bonding Systems","description":"","publisher":{"@id":"https:\/\/gotec-bonding-agent-systems.com\/#organization"},"potentialAction":[{"@type":"SearchAction","target":{"@type":"EntryPoint","urlTemplate":"https:\/\/gotec-bonding-agent-systems.com\/?s={search_term_string}"},"query-input":{"@type":"PropertyValueSpecification","valueRequired":true,"valueName":"search_term_string"}}],"inLanguage":"tr"},{"@type":"Organization","@id":"https:\/\/gotec-bonding-agent-systems.com\/#organization","name":"GOTEC Bonding Systems","url":"https:\/\/gotec-bonding-agent-systems.com\/","logo":{"@type":"ImageObject","inLanguage":"tr","@id":"https:\/\/gotec-bonding-agent-systems.com\/#\/schema\/logo\/image\/","url":"https:\/\/gotec-bonding-agent-systems.com\/wp-content\/uploads\/2025\/11\/cropped-GOTEC_Bonding_Systems_Logo.png","contentUrl":"https:\/\/gotec-bonding-agent-systems.com\/wp-content\/uploads\/2025\/11\/cropped-GOTEC_Bonding_Systems_Logo.png","width":2122,"height":1287,"caption":"GOTEC Bonding Systems"},"image":{"@id":"https:\/\/gotec-bonding-agent-systems.com\/#\/schema\/logo\/image\/"}}]}},"featured_media_urls":[],"_links":{"self":[{"href":"https:\/\/gotec-bonding-agent-systems.com\/tr\/wp-json\/wp\/v2\/pages\/8681","targetHints":{"allow":["GET"]}}],"collection":[{"href":"https:\/\/gotec-bonding-agent-systems.com\/tr\/wp-json\/wp\/v2\/pages"}],"about":[{"href":"https:\/\/gotec-bonding-agent-systems.com\/tr\/wp-json\/wp\/v2\/types\/page"}],"author":[{"embeddable":true,"href":"https:\/\/gotec-bonding-agent-systems.com\/tr\/wp-json\/wp\/v2\/users\/1"}],"replies":[{"embeddable":true,"href":"https:\/\/gotec-bonding-agent-systems.com\/tr\/wp-json\/wp\/v2\/comments?post=8681"}],"version-history":[{"count":3,"href":"https:\/\/gotec-bonding-agent-systems.com\/tr\/wp-json\/wp\/v2\/pages\/8681\/revisions"}],"predecessor-version":[{"id":9406,"href":"https:\/\/gotec-bonding-agent-systems.com\/tr\/wp-json\/wp\/v2\/pages\/8681\/revisions\/9406"}],"wp:attachment":[{"href":"https:\/\/gotec-bonding-agent-systems.com\/tr\/wp-json\/wp\/v2\/media?parent=8681"}],"curies":[{"name":"wp","href":"https:\/\/api.w.org\/{rel}","templated":true}]}}