{"id":8686,"date":"2026-01-22T21:21:20","date_gmt":"2026-01-22T21:21:20","guid":{"rendered":"https:\/\/gotec-bonding-agent-systems.com\/kamelock-km-16\/"},"modified":"2026-04-05T09:44:21","modified_gmt":"2026-04-05T09:44:21","slug":"kamelock-km-16","status":"publish","type":"page","link":"https:\/\/gotec-bonding-agent-systems.com\/tr\/kamelock-km-16\/","title":{"rendered":"KA&amp;MELOCK KM 16 \u2013 Elastomerler i\u00e7in yap\u0131\u015fma ajan\u0131"},"content":{"rendered":"\t\t<div data-elementor-type=\"wp-page\" data-elementor-id=\"8686\" class=\"elementor elementor-8686 elementor-7776\">\n\t\t\t\t<div class=\"elementor-element elementor-element-befc3f2 e-flex e-con-boxed wpr-particle-no wpr-jarallax-no wpr-parallax-no wpr-sticky-section-no wpr-equal-height-no e-con e-parent\" data-id=\"befc3f2\" data-element_type=\"container\" data-e-type=\"container\" data-settings=\"{&quot;background_background&quot;:&quot;classic&quot;}\">\n\t\t\t\t\t<div class=\"e-con-inner\">\n\t\t<div class=\"elementor-element elementor-element-471d8ad e-con-full e-flex wpr-particle-no wpr-jarallax-no wpr-parallax-no wpr-sticky-section-no wpr-equal-height-no e-con e-child\" data-id=\"471d8ad\" data-element_type=\"container\" data-e-type=\"container\">\n\t\t\t\t<div class=\"elementor-element elementor-element-e75b00c elementor-widget elementor-widget-elementskit-heading\" data-id=\"e75b00c\" data-element_type=\"widget\" data-e-type=\"widget\" data-widget_type=\"elementskit-heading.default\">\n\t\t\t\t\t<div class=\"ekit-wid-con\" ><div class=\"ekit-heading elementskit-section-title-wraper text_left   ekit_heading_tablet-   ekit_heading_mobile-\"><h2 class=\"ekit-heading--title elementskit-section-title \">KA&amp;MELOCK KM 16<\/h2>\t\t\t\t<div class='ekit-heading__description'>\n\t\t\t\t\t<p><strong>KA&amp;MELOCK KM 16<\/strong>, <strong>elastomer yap\u0131\u015ft\u0131r\u0131c\u0131<\/strong> olarak tasarlanm\u0131\u015f bir <strong>son kat<\/strong> \u00fcr\u00fcn\u00fcd\u00fcr.<br> <strong>KA&amp;MELOCK MP 05 astar\u0131<\/strong> ile birle\u015ftirildi\u011finde, metal ve plastik y\u00fczeylere yap\u0131\u015ft\u0131r\u0131lan elastomerlerin vulkanizasyon s\u00fcreci s\u0131ras\u0131nda <strong>y\u00fcksek s\u0131cakl\u0131klara, korozyona ve dinamik y\u00fcklere kar\u015f\u0131 y\u00fcksek diren\u00e7<\/strong> gerektiren uygulamalar i\u00e7in \u00f6zellikle uygundur.<br>Baz\u0131 uygulamalarda, KA&amp;MELOCK KM 16 <strong>tek katmanl\u0131 yap\u0131\u015ft\u0131r\u0131c\u0131<\/strong> olarak da kullan\u0131labilir.<\/p>\n<p>KA&amp;MELOCK KM 16 ile kaplama, <strong>korozyona, ya\u011flara ve solventlere kar\u015f\u0131 iyi diren\u00e7<\/strong> sa\u011flar. Ancak, sistem <strong>KA&amp;MELOCK MP 05 astar\u0131<\/strong> ile birlikte uyguland\u0131\u011f\u0131nda <strong>korozyon ve \u0131s\u0131 direnci \u00f6nemli \u00f6l\u00e7\u00fcde art\u0131r\u0131l\u0131r<\/strong>. <\/p>\n<p>Vulkanizasyon s\u00fcrecinde KA&amp;MELOCK KM 16, do\u011fal kau\u00e7uk (NR), poliizopren (IR), polib\u00fctadien (BR), stiren-b\u00fctadien kau\u00e7uk (SBR), nitril kau\u00e7uk (NBR), kloropren kau\u00e7uk (CR), b\u00fctil kau\u00e7uk (IIR) ve etilen propilen kau\u00e7uk (EPDM) esasl\u0131 elastomer bile\u015fiklerinin farkl\u0131 metal ve plastik y\u00fczeylere g\u00fcvenilir bi\u00e7imde yap\u0131\u015fmas\u0131na katk\u0131 sa\u011flar.<\/p>\n<p><strong>KA&amp;MELOCK MP 05 ve KA&amp;MELOCK KM 16<\/strong> kombinasyonu, \u00f6zellikle <strong>transfer kal\u0131plama (TM) ve enjeksiyon kal\u0131plama (IM)<\/strong> bile\u015fenlerinin \u00fcretiminde, <strong>yumu\u015fak NBR ve NR kar\u0131\u015f\u0131mlar\u0131<\/strong> i\u00e7in son derece uygundur.<\/p>\n\t\t\t\t<\/div>\n\t\t\t<\/div><\/div>\t\t\t\t<\/div>\n\t\t\t\t<\/div>\n\t\t<div class=\"elementor-element elementor-element-d50dec6 e-con-full e-flex wpr-particle-no wpr-jarallax-no wpr-parallax-no wpr-sticky-section-no wpr-equal-height-no e-con e-child\" data-id=\"d50dec6\" data-element_type=\"container\" data-e-type=\"container\">\n\t\t\t\t<div class=\"elementor-element elementor-element-3217d04 elementor-widget elementor-widget-image\" data-id=\"3217d04\" data-element_type=\"widget\" data-e-type=\"widget\" data-widget_type=\"image.default\">\n\t\t\t\t\t\t\t\t\t\t\t\t\t\t\t<img fetchpriority=\"high\" decoding=\"async\" width=\"950\" height=\"634\" src=\"https:\/\/gotec-bonding-agent-systems.com\/wp-content\/uploads\/2026\/02\/KAMELOCK-KM-16-1024x683.png\" class=\"attachment-large size-large wp-image-8688\" alt=\"KA&amp;MELOCK KM 16\" srcset=\"https:\/\/gotec-bonding-agent-systems.com\/wp-content\/uploads\/2026\/02\/KAMELOCK-KM-16-1024x683.png 1024w, https:\/\/gotec-bonding-agent-systems.com\/wp-content\/uploads\/2026\/02\/KAMELOCK-KM-16-300x200.png 300w, https:\/\/gotec-bonding-agent-systems.com\/wp-content\/uploads\/2026\/02\/KAMELOCK-KM-16-600x400.png 600w, https:\/\/gotec-bonding-agent-systems.com\/wp-content\/uploads\/2026\/02\/KAMELOCK-KM-16-1200x800.png 1200w, https:\/\/gotec-bonding-agent-systems.com\/wp-content\/uploads\/2026\/02\/KAMELOCK-KM-16.png 1536w\" sizes=\"100vw\" \/>\t\t\t\t\t\t\t\t\t\t\t\t\t\t\t<\/div>\n\t\t\t\t<div class=\"elementor-element elementor-element-f3fb0ba elementor-widget elementor-widget-spacer\" data-id=\"f3fb0ba\" data-element_type=\"widget\" data-e-type=\"widget\" data-widget_type=\"spacer.default\">\n\t\t\t\t\t\t\t<div class=\"elementor-spacer\">\n\t\t\t<div class=\"elementor-spacer-inner\"><\/div>\n\t\t<\/div>\n\t\t\t\t\t\t<\/div>\n\t\t\t\t<div class=\"elementor-element elementor-element-c4ef493 elementor-widget elementor-widget-button\" data-id=\"c4ef493\" data-element_type=\"widget\" data-e-type=\"widget\" data-widget_type=\"button.default\">\n\t\t\t\t\t\t\t\t\t\t<a class=\"elementor-button elementor-button-link elementor-size-sm\" href=\"https:\/\/gotec-bonding-agent-systems.com\/wp-content\/uploads\/2026\/01\/heLwaO-Unknown.pdf\">\n\t\t\t\t\t\t<span class=\"elementor-button-content-wrapper\">\n\t\t\t\t\t\t\t\t\t<span class=\"elementor-button-text\">PDF \u0130ND\u0130R<\/span>\n\t\t\t\t\t<\/span>\n\t\t\t\t\t<\/a>\n\t\t\t\t\t\t\t\t<\/div>\n\t\t\t\t<\/div>\n\t\t\t\t\t<\/div>\n\t\t\t\t<\/div>\n\t\t\t\t<section class=\"elementor-section elementor-top-section elementor-element elementor-element-49d1c87 elementor-section-boxed elementor-section-height-default elementor-section-height-default wpr-particle-no wpr-jarallax-no wpr-parallax-no wpr-sticky-section-no wpr-equal-height-no\" data-id=\"49d1c87\" data-element_type=\"section\" data-e-type=\"section\">\n\t\t\t\t\t\t<div class=\"elementor-container elementor-column-gap-default\">\n\t\t\t\t\t<div class=\"elementor-column elementor-col-100 elementor-top-column elementor-element elementor-element-b4d3f9b\" data-id=\"b4d3f9b\" data-element_type=\"column\" data-e-type=\"column\">\n\t\t\t<div class=\"elementor-widget-wrap elementor-element-populated\">\n\t\t\t\t\t\t<div class=\"elementor-element elementor-element-c4de5a8 elementor-widget elementor-widget-heading\" data-id=\"c4de5a8\" data-element_type=\"widget\" data-e-type=\"widget\" data-widget_type=\"heading.default\">\n\t\t\t\t\t<h2 class=\"elementor-heading-title elementor-size-default\">Teknik Veriler<\/h2>\t\t\t\t<\/div>\n\t\t\t\t<div class=\"elementor-element elementor-element-2a37bcb wpr-list-style-none elementor-widget elementor-widget-wpr-posts-timeline\" data-id=\"2a37bcb\" data-element_type=\"widget\" data-e-type=\"widget\" data-settings=\"{&quot;animation_offset&quot;:150,&quot;aos_animation_duration&quot;:600}\" data-widget_type=\"wpr-posts-timeline.default\">\n\t\t\t\t\t\n\t\t<div class=\"wpr-wrapper wpr-vertical wpr-one-sided-wrapper\">\n\t\t\t<div class=\"wpr-timeline-centered wpr-line wpr-one-sided-timeline\"><div class=\"wpr-middle-line\"><\/div><div class=\"wpr-timeline-fill\" data-layout=\"one-sided\"><\/div><article class=\"wpr-timeline-entry wpr-right-aligned elementor-repeater-item-f94da51\" data-item-id=\"elementor-repeater-item-f94da51\"><div class=\"wpr-timeline-entry-inner\"><div class=\"wpr-main-line-icon wpr-icon\"><\/div><div class=\"wpr-story-info-vertical wpr-data-wrap \"  data-aos=\"fade\" data-aos-left=\"\" data-aos-right=\"\" data-animation-offset=\"150\" data-animation-duration=\"600\"><div class=\"wpr-timeline-content-wrapper\"><div class=\"wpr-content-wrapper\"><div class=\"wpr-description\"><table><tbody><tr><td><p>Renk Siyah \u2013 Ye\u015fil S\u0131v\u0131<\/p><\/td><td> <\/td><\/tr><\/tbody><\/table><table style=\"height: 124px\" width=\"238\"><tbody><tr><td><p>Viskozite 4 mm DIN-Kupa 80 \u2013 120 s<\/p><\/td><td> <\/td><\/tr><\/tbody><\/table><table><tbody><tr><td><p>Viskozite, cps@25\u00b0C(77\u00b0F)<\/p><table><tbody><tr><td><p> 200 \u2013 600 mPas<\/p><\/td><\/tr><\/tbody><\/table><p>Brookfield SNB1<br>Mil 2, 30 dev\/dak<\/p><\/td><td> <\/td><\/tr><\/tbody><\/table><\/div><\/div><\/div><\/div>\n\t\t\t\t\t\t<\/div>\n\t\t\t\t<\/article><article class=\"wpr-timeline-entry wpr-right-aligned elementor-repeater-item-2a37755\" data-item-id=\"elementor-repeater-item-2a37755\"><div class=\"wpr-timeline-entry-inner\"><div class=\"wpr-main-line-icon wpr-icon\"><\/div><div class=\"wpr-story-info-vertical wpr-data-wrap \"  data-aos=\"fade\" data-aos-left=\"\" data-aos-right=\"\" data-animation-offset=\"150\" data-animation-duration=\"600\"><div class=\"wpr-timeline-content-wrapper\"><div class=\"wpr-content-wrapper\"><div class=\"wpr-description\"><table><tbody><tr><td><p>\u00d6zg\u00fcl A\u011f\u0131rl\u0131k 0,96 \u2013 1,04 g\/cm\u00b3<\/p><\/td><td> <\/td><\/tr><\/tbody><\/table><table style=\"height: 172px\" width=\"201\"><tbody><tr><td><p>Kat\u0131 Madde \u0130\u00e7eri\u011fi A\u011f\u0131rl\u0131k\u00e7a %22 \u2013 26<\/p><\/td><td> <\/td><\/tr><\/tbody><\/table><table><tbody><tr><td><p>Solventler Ksilen<\/p><\/td><td> <\/td><\/tr><\/tbody><\/table><p>*Veriler tipiktir ve spesifikasyon ama\u00e7lar\u0131 i\u00e7in kullan\u0131lmamal\u0131d\u0131r.<\/p><\/div><\/div><\/div><\/div>\n\t\t\t\t\t\t<\/div>\n\t\t\t\t<\/article><\/div>    \n\t\t\t<\/div>\t\t\t\t<\/div>\n\t\t\t\t<div class=\"elementor-element elementor-element-12b57ba elementor-widget elementor-widget-text-editor\" data-id=\"12b57ba\" data-element_type=\"widget\" data-e-type=\"widget\" data-widget_type=\"text-editor.default\">\n\t\t\t\t\t\t\t\t\t<p data-start=\"269\" data-end=\"621\"><strong data-start=\"269\" data-end=\"366\">GOTEC Yap\u0131\u015ft\u0131r\u0131c\u0131 Sistemlerinde, hassas test ve analizler \u00fcr\u00fcn performans\u0131n\u0131n temelini olu\u015fturur.<\/strong><br data-start=\"366\" data-end=\"369\">T\u00fcm KA&amp;MELOCK yap\u0131\u015ft\u0131r\u0131c\u0131lar\u0131 laboratuvarlar\u0131m\u0131zda test edilir, belgelenir ve do\u011frulan\u0131r. Buna paralel olarak, \u00f6zel demo ve uygulama tesislerimizde s\u00fcrekli \u00fcr\u00fcn optimizasyonu yoluyla s\u00fcrekli ara\u015ft\u0131rma ve geli\u015ftirme faaliyetleri y\u00fcr\u00fct\u00fclmektedir.<\/p><p data-start=\"628\" data-end=\"807\">Bizim <strong data-start=\"632\" data-end=\"663\">elastomer yap\u0131\u015ft\u0131rma \u00e7\u00f6z\u00fcmlerimiz<\/strong>, geni\u015f bir end\u00fcstri ve uygulama yelpazesinde istikrarl\u0131 s\u00fcre\u00e7ler ve sorunsuz \u00e7al\u0131\u015fma sa\u011flayarak i\u015fletmenize g\u00fcvenilir de\u011fer katar.<\/p><p data-start=\"814\" data-end=\"1158\"><strong data-start=\"814\" data-end=\"842\">KA&amp;MELOCK yap\u0131\u015ft\u0131r\u0131c\u0131lar\u0131<\/strong>, <strong data-start=\"860\" data-end=\"903\">tek veya \u00e7ift katmanl\u0131 yap\u0131\u015ft\u0131rma sistemleri<\/strong> i\u00e7in uygundur ve <strong data-start=\"1043\" data-end=\"1068\">vulkanizasyon s\u00fcreci<\/strong> s\u0131ras\u0131nda elastomer bile\u015fiklerinin <strong data-start=\"976\" data-end=\"1031\">metaller, plastikler, PTFE (Teflon) ve tekstil elyaflar\u0131<\/strong> gibi y\u00fczeylere g\u00fcvenilir bir \u015fekilde yap\u0131\u015fmas\u0131n\u0131 sa\u011flar.<br data-start=\"1069\" data-end=\"1072\">Detayl\u0131 sistem \u00f6nerileri i\u00e7in l\u00fctfen <strong data-start=\"1094\" data-end=\"1121\">KA&amp;MELOCK \u00fcr\u00fcn yelpazesine<\/strong> bak\u0131n\u0131z.<\/p>\t\t\t\t\t\t\t\t<\/div>\n\t\t\t\t\t<\/div>\n\t\t<\/div>\n\t\t\t\t\t<\/div>\n\t\t<\/section>\n\t\t\t\t<\/div>\n\t\t\n    <div class=\"xs_social_share_widget xs_share_url after_content \t\tmain_content  wslu-style-1 wslu-share-box-shaped wslu-fill-colored wslu-none wslu-share-horizontal wslu-theme-font-no wslu-main_content\">\n\n\t\t\n        <ul>\n\t\t\t        <\/ul>\n    <\/div> \n","protected":false},"excerpt":{"rendered":"<p>KA&amp;MELOCK KM 16 KA&amp;MELOCK KM 16, elastomer yap\u0131\u015ft\u0131r\u0131c\u0131 olarak tasarlanm\u0131\u015f bir son kat \u00fcr\u00fcn\u00fcd\u00fcr. KA&amp;MELOCK MP 05 astar\u0131 ile birle\u015ftirildi\u011finde, metal ve plastik y\u00fczeylere yap\u0131\u015ft\u0131r\u0131lan elastomerlerin vulkanizasyon s\u00fcreci s\u0131ras\u0131nda y\u00fcksek s\u0131cakl\u0131klara, korozyona ve dinamik y\u00fcklere kar\u015f\u0131 y\u00fcksek diren\u00e7 gerektiren uygulamalar i\u00e7in \u00f6zellikle uygundur.Baz\u0131 uygulamalarda, KA&amp;MELOCK KM 16 tek katmanl\u0131 yap\u0131\u015ft\u0131r\u0131c\u0131 olarak da kullan\u0131labilir. KA&amp;MELOCK KM 16 ile kaplama, korozyona, ya\u011flara ve solventlere kar\u015f\u0131 iyi diren\u00e7 sa\u011flar. Ancak, sistem KA&amp;MELOCK MP 05 astar\u0131 ile birlikte uyguland\u0131\u011f\u0131nda korozyon ve \u0131s\u0131 direnci \u00f6nemli \u00f6l\u00e7\u00fcde art\u0131r\u0131l\u0131r. Vulkanizasyon s\u00fcrecinde KA&amp;MELOCK KM 16, do\u011fal kau\u00e7uk (NR), poliizopren (IR), polib\u00fctadien (BR), stiren-b\u00fctadien kau\u00e7uk (SBR), nitril kau\u00e7uk (NBR), kloropren kau\u00e7uk (CR), b\u00fctil kau\u00e7uk (IIR) ve etilen propilen kau\u00e7uk (EPDM) esasl\u0131 elastomer bile\u015fiklerinin farkl\u0131 metal ve plastik y\u00fczeylere g\u00fcvenilir bi\u00e7imde yap\u0131\u015fmas\u0131na katk\u0131 sa\u011flar. KA&amp;MELOCK MP 05 ve KA&amp;MELOCK KM 16 kombinasyonu, \u00f6zellikle transfer kal\u0131plama (TM) ve enjeksiyon kal\u0131plama (IM) bile\u015fenlerinin \u00fcretiminde, yumu\u015fak NBR ve NR kar\u0131\u015f\u0131mlar\u0131 i\u00e7in son derece uygundur. PDF \u0130ND\u0130R Teknik Veriler Renk Siyah \u2013 Ye\u015fil S\u0131v\u0131 Viskozite 4 mm DIN-Kupa 80 \u2013 120 s Viskozite, cps@25\u00b0C(77\u00b0F) 200 \u2013 600 mPas Brookfield SNB1Mil 2, 30 dev\/dak \u00d6zg\u00fcl A\u011f\u0131rl\u0131k 0,96 \u2013 1,04 g\/cm\u00b3 Kat\u0131 Madde \u0130\u00e7eri\u011fi A\u011f\u0131rl\u0131k\u00e7a %22 \u2013 26 Solventler Ksilen *Veriler tipiktir ve spesifikasyon ama\u00e7lar\u0131 i\u00e7in kullan\u0131lmamal\u0131d\u0131r. GOTEC Yap\u0131\u015ft\u0131r\u0131c\u0131 Sistemlerinde, hassas test ve analizler \u00fcr\u00fcn performans\u0131n\u0131n temelini olu\u015fturur.T\u00fcm KA&amp;MELOCK yap\u0131\u015ft\u0131r\u0131c\u0131lar\u0131 laboratuvarlar\u0131m\u0131zda test edilir, belgelenir ve do\u011frulan\u0131r. Buna paralel olarak, \u00f6zel demo ve uygulama tesislerimizde s\u00fcrekli \u00fcr\u00fcn optimizasyonu yoluyla s\u00fcrekli ara\u015ft\u0131rma ve geli\u015ftirme faaliyetleri y\u00fcr\u00fct\u00fclmektedir. Bizim elastomer yap\u0131\u015ft\u0131rma \u00e7\u00f6z\u00fcmlerimiz, geni\u015f bir end\u00fcstri ve uygulama yelpazesinde istikrarl\u0131 s\u00fcre\u00e7ler ve sorunsuz \u00e7al\u0131\u015fma sa\u011flayarak i\u015fletmenize g\u00fcvenilir de\u011fer katar. KA&amp;MELOCK yap\u0131\u015ft\u0131r\u0131c\u0131lar\u0131, tek veya \u00e7ift katmanl\u0131 yap\u0131\u015ft\u0131rma sistemleri i\u00e7in uygundur ve vulkanizasyon s\u00fcreci s\u0131ras\u0131nda elastomer bile\u015fiklerinin metaller, plastikler, PTFE (Teflon) ve tekstil elyaflar\u0131 gibi y\u00fczeylere g\u00fcvenilir bir \u015fekilde yap\u0131\u015fmas\u0131n\u0131 sa\u011flar.Detayl\u0131 sistem \u00f6nerileri i\u00e7in l\u00fctfen KA&amp;MELOCK \u00fcr\u00fcn yelpazesine bak\u0131n\u0131z.<\/p>\n","protected":false},"author":1,"featured_media":0,"parent":0,"menu_order":0,"comment_status":"closed","ping_status":"closed","template":"","meta":{"postBodyCss":"","postBodyMargin":[],"postBodyPadding":[],"postBodyBackground":{"backgroundType":"classic","gradient":""},"inspiro_hide_title":false,"footnotes":""},"class_list":["post-8686","page","type-page","status-publish","hentry"],"yoast_head":"<!-- This site is optimized with the Yoast SEO plugin v27.4 - https:\/\/yoast.com\/product\/yoast-seo-wordpress\/ -->\n<title>KA&amp;MELOCK KM 16 \u2013 Elastomerler i\u00e7in yap\u0131\u015fma ajan\u0131<\/title>\n<meta name=\"description\" content=\"KA&amp;MELOCK KM 16, elastomerlerin metal ve plastik y\u00fczeylere g\u00fcvenli yap\u0131\u015fmas\u0131n\u0131 sa\u011flayan dayan\u0131kl\u0131 bir yap\u0131\u015ft\u0131r\u0131c\u0131d\u0131r.\" \/>\n<meta name=\"robots\" content=\"index, follow, max-snippet:-1, max-image-preview:large, max-video-preview:-1\" \/>\n<link rel=\"canonical\" href=\"https:\/\/gotec-bonding-agent-systems.com\/tr\/kamelock-km-16\/\" \/>\n<meta property=\"og:locale\" content=\"tr_TR\" \/>\n<meta property=\"og:type\" content=\"article\" \/>\n<meta property=\"og:title\" content=\"KA&amp;MELOCK KM 16 \u2013 Elastomerler i\u00e7in yap\u0131\u015fma ajan\u0131\" \/>\n<meta property=\"og:description\" content=\"KA&amp;MELOCK KM 16, elastomerlerin metal ve plastik y\u00fczeylere g\u00fcvenli yap\u0131\u015fmas\u0131n\u0131 sa\u011flayan dayan\u0131kl\u0131 bir yap\u0131\u015ft\u0131r\u0131c\u0131d\u0131r.\" \/>\n<meta property=\"og:url\" content=\"https:\/\/gotec-bonding-agent-systems.com\/tr\/kamelock-km-16\/\" \/>\n<meta property=\"og:site_name\" content=\"GOTEC Bonding Systems\" \/>\n<meta property=\"article:modified_time\" content=\"2026-04-05T09:44:21+00:00\" \/>\n<meta property=\"og:image\" content=\"https:\/\/gotec-bonding-agent-systems.com\/wp-content\/uploads\/2026\/02\/KAMELOCK-KM-16-1024x683.png\" \/>\n<meta name=\"twitter:card\" content=\"summary_large_image\" \/>\n<meta name=\"twitter:label1\" content=\"Tahmini okuma s\u00fcresi\" \/>\n\t<meta name=\"twitter:data1\" content=\"2 dakika\" \/>\n<script type=\"application\/ld+json\" class=\"yoast-schema-graph\">{\"@context\":\"https:\\\/\\\/schema.org\",\"@graph\":[{\"@type\":\"WebPage\",\"@id\":\"https:\\\/\\\/gotec-bonding-agent-systems.com\\\/tr\\\/kamelock-km-16\\\/\",\"url\":\"https:\\\/\\\/gotec-bonding-agent-systems.com\\\/tr\\\/kamelock-km-16\\\/\",\"name\":\"KA&MELOCK KM 16 \u2013 Elastomerler i\u00e7in yap\u0131\u015fma ajan\u0131\",\"isPartOf\":{\"@id\":\"https:\\\/\\\/gotec-bonding-agent-systems.com\\\/#website\"},\"primaryImageOfPage\":{\"@id\":\"https:\\\/\\\/gotec-bonding-agent-systems.com\\\/tr\\\/kamelock-km-16\\\/#primaryimage\"},\"image\":{\"@id\":\"https:\\\/\\\/gotec-bonding-agent-systems.com\\\/tr\\\/kamelock-km-16\\\/#primaryimage\"},\"thumbnailUrl\":\"https:\\\/\\\/gotec-bonding-agent-systems.com\\\/wp-content\\\/uploads\\\/2026\\\/02\\\/KAMELOCK-KM-16-1024x683.png\",\"datePublished\":\"2026-01-22T21:21:20+00:00\",\"dateModified\":\"2026-04-05T09:44:21+00:00\",\"description\":\"KA&MELOCK KM 16, elastomerlerin metal ve plastik y\u00fczeylere g\u00fcvenli yap\u0131\u015fmas\u0131n\u0131 sa\u011flayan dayan\u0131kl\u0131 bir yap\u0131\u015ft\u0131r\u0131c\u0131d\u0131r.\",\"breadcrumb\":{\"@id\":\"https:\\\/\\\/gotec-bonding-agent-systems.com\\\/tr\\\/kamelock-km-16\\\/#breadcrumb\"},\"inLanguage\":\"tr\",\"potentialAction\":[{\"@type\":\"ReadAction\",\"target\":[\"https:\\\/\\\/gotec-bonding-agent-systems.com\\\/tr\\\/kamelock-km-16\\\/\"]}]},{\"@type\":\"ImageObject\",\"inLanguage\":\"tr\",\"@id\":\"https:\\\/\\\/gotec-bonding-agent-systems.com\\\/tr\\\/kamelock-km-16\\\/#primaryimage\",\"url\":\"https:\\\/\\\/gotec-bonding-agent-systems.com\\\/wp-content\\\/uploads\\\/2026\\\/02\\\/KAMELOCK-KM-16-1024x683.png\",\"contentUrl\":\"https:\\\/\\\/gotec-bonding-agent-systems.com\\\/wp-content\\\/uploads\\\/2026\\\/02\\\/KAMELOCK-KM-16-1024x683.png\"},{\"@type\":\"BreadcrumbList\",\"@id\":\"https:\\\/\\\/gotec-bonding-agent-systems.com\\\/tr\\\/kamelock-km-16\\\/#breadcrumb\",\"itemListElement\":[{\"@type\":\"ListItem\",\"position\":1,\"name\":\"Start\",\"item\":\"https:\\\/\\\/gotec-bonding-agent-systems.com\\\/tr\\\/\"},{\"@type\":\"ListItem\",\"position\":2,\"name\":\"KA&amp;MELOCK KM 16 \u2013 Elastomerler i\u00e7in yap\u0131\u015fma ajan\u0131\"}]},{\"@type\":\"WebSite\",\"@id\":\"https:\\\/\\\/gotec-bonding-agent-systems.com\\\/#website\",\"url\":\"https:\\\/\\\/gotec-bonding-agent-systems.com\\\/\",\"name\":\"GOTEC Bonding Systems\",\"description\":\"\",\"publisher\":{\"@id\":\"https:\\\/\\\/gotec-bonding-agent-systems.com\\\/#organization\"},\"potentialAction\":[{\"@type\":\"SearchAction\",\"target\":{\"@type\":\"EntryPoint\",\"urlTemplate\":\"https:\\\/\\\/gotec-bonding-agent-systems.com\\\/?s={search_term_string}\"},\"query-input\":{\"@type\":\"PropertyValueSpecification\",\"valueRequired\":true,\"valueName\":\"search_term_string\"}}],\"inLanguage\":\"tr\"},{\"@type\":\"Organization\",\"@id\":\"https:\\\/\\\/gotec-bonding-agent-systems.com\\\/#organization\",\"name\":\"GOTEC Bonding Systems\",\"url\":\"https:\\\/\\\/gotec-bonding-agent-systems.com\\\/\",\"logo\":{\"@type\":\"ImageObject\",\"inLanguage\":\"tr\",\"@id\":\"https:\\\/\\\/gotec-bonding-agent-systems.com\\\/#\\\/schema\\\/logo\\\/image\\\/\",\"url\":\"https:\\\/\\\/gotec-bonding-agent-systems.com\\\/wp-content\\\/uploads\\\/2025\\\/11\\\/cropped-GOTEC_Bonding_Systems_Logo.png\",\"contentUrl\":\"https:\\\/\\\/gotec-bonding-agent-systems.com\\\/wp-content\\\/uploads\\\/2025\\\/11\\\/cropped-GOTEC_Bonding_Systems_Logo.png\",\"width\":2122,\"height\":1287,\"caption\":\"GOTEC Bonding Systems\"},\"image\":{\"@id\":\"https:\\\/\\\/gotec-bonding-agent-systems.com\\\/#\\\/schema\\\/logo\\\/image\\\/\"}}]}<\/script>\n<!-- \/ Yoast SEO plugin. -->","yoast_head_json":{"title":"KA&MELOCK KM 16 \u2013 Elastomerler i\u00e7in yap\u0131\u015fma ajan\u0131","description":"KA&MELOCK KM 16, elastomerlerin metal ve plastik y\u00fczeylere g\u00fcvenli yap\u0131\u015fmas\u0131n\u0131 sa\u011flayan dayan\u0131kl\u0131 bir yap\u0131\u015ft\u0131r\u0131c\u0131d\u0131r.","robots":{"index":"index","follow":"follow","max-snippet":"max-snippet:-1","max-image-preview":"max-image-preview:large","max-video-preview":"max-video-preview:-1"},"canonical":"https:\/\/gotec-bonding-agent-systems.com\/tr\/kamelock-km-16\/","og_locale":"tr_TR","og_type":"article","og_title":"KA&MELOCK KM 16 \u2013 Elastomerler i\u00e7in yap\u0131\u015fma ajan\u0131","og_description":"KA&MELOCK KM 16, elastomerlerin metal ve plastik y\u00fczeylere g\u00fcvenli yap\u0131\u015fmas\u0131n\u0131 sa\u011flayan dayan\u0131kl\u0131 bir yap\u0131\u015ft\u0131r\u0131c\u0131d\u0131r.","og_url":"https:\/\/gotec-bonding-agent-systems.com\/tr\/kamelock-km-16\/","og_site_name":"GOTEC Bonding Systems","article_modified_time":"2026-04-05T09:44:21+00:00","og_image":[{"url":"https:\/\/gotec-bonding-agent-systems.com\/wp-content\/uploads\/2026\/02\/KAMELOCK-KM-16-1024x683.png","type":"","width":"","height":""}],"twitter_card":"summary_large_image","twitter_misc":{"Tahmini okuma s\u00fcresi":"2 dakika"},"schema":{"@context":"https:\/\/schema.org","@graph":[{"@type":"WebPage","@id":"https:\/\/gotec-bonding-agent-systems.com\/tr\/kamelock-km-16\/","url":"https:\/\/gotec-bonding-agent-systems.com\/tr\/kamelock-km-16\/","name":"KA&MELOCK KM 16 \u2013 Elastomerler i\u00e7in yap\u0131\u015fma ajan\u0131","isPartOf":{"@id":"https:\/\/gotec-bonding-agent-systems.com\/#website"},"primaryImageOfPage":{"@id":"https:\/\/gotec-bonding-agent-systems.com\/tr\/kamelock-km-16\/#primaryimage"},"image":{"@id":"https:\/\/gotec-bonding-agent-systems.com\/tr\/kamelock-km-16\/#primaryimage"},"thumbnailUrl":"https:\/\/gotec-bonding-agent-systems.com\/wp-content\/uploads\/2026\/02\/KAMELOCK-KM-16-1024x683.png","datePublished":"2026-01-22T21:21:20+00:00","dateModified":"2026-04-05T09:44:21+00:00","description":"KA&MELOCK KM 16, elastomerlerin metal ve plastik y\u00fczeylere g\u00fcvenli yap\u0131\u015fmas\u0131n\u0131 sa\u011flayan dayan\u0131kl\u0131 bir yap\u0131\u015ft\u0131r\u0131c\u0131d\u0131r.","breadcrumb":{"@id":"https:\/\/gotec-bonding-agent-systems.com\/tr\/kamelock-km-16\/#breadcrumb"},"inLanguage":"tr","potentialAction":[{"@type":"ReadAction","target":["https:\/\/gotec-bonding-agent-systems.com\/tr\/kamelock-km-16\/"]}]},{"@type":"ImageObject","inLanguage":"tr","@id":"https:\/\/gotec-bonding-agent-systems.com\/tr\/kamelock-km-16\/#primaryimage","url":"https:\/\/gotec-bonding-agent-systems.com\/wp-content\/uploads\/2026\/02\/KAMELOCK-KM-16-1024x683.png","contentUrl":"https:\/\/gotec-bonding-agent-systems.com\/wp-content\/uploads\/2026\/02\/KAMELOCK-KM-16-1024x683.png"},{"@type":"BreadcrumbList","@id":"https:\/\/gotec-bonding-agent-systems.com\/tr\/kamelock-km-16\/#breadcrumb","itemListElement":[{"@type":"ListItem","position":1,"name":"Start","item":"https:\/\/gotec-bonding-agent-systems.com\/tr\/"},{"@type":"ListItem","position":2,"name":"KA&amp;MELOCK KM 16 \u2013 Elastomerler i\u00e7in yap\u0131\u015fma ajan\u0131"}]},{"@type":"WebSite","@id":"https:\/\/gotec-bonding-agent-systems.com\/#website","url":"https:\/\/gotec-bonding-agent-systems.com\/","name":"GOTEC Bonding Systems","description":"","publisher":{"@id":"https:\/\/gotec-bonding-agent-systems.com\/#organization"},"potentialAction":[{"@type":"SearchAction","target":{"@type":"EntryPoint","urlTemplate":"https:\/\/gotec-bonding-agent-systems.com\/?s={search_term_string}"},"query-input":{"@type":"PropertyValueSpecification","valueRequired":true,"valueName":"search_term_string"}}],"inLanguage":"tr"},{"@type":"Organization","@id":"https:\/\/gotec-bonding-agent-systems.com\/#organization","name":"GOTEC Bonding Systems","url":"https:\/\/gotec-bonding-agent-systems.com\/","logo":{"@type":"ImageObject","inLanguage":"tr","@id":"https:\/\/gotec-bonding-agent-systems.com\/#\/schema\/logo\/image\/","url":"https:\/\/gotec-bonding-agent-systems.com\/wp-content\/uploads\/2025\/11\/cropped-GOTEC_Bonding_Systems_Logo.png","contentUrl":"https:\/\/gotec-bonding-agent-systems.com\/wp-content\/uploads\/2025\/11\/cropped-GOTEC_Bonding_Systems_Logo.png","width":2122,"height":1287,"caption":"GOTEC Bonding Systems"},"image":{"@id":"https:\/\/gotec-bonding-agent-systems.com\/#\/schema\/logo\/image\/"}}]}},"featured_media_urls":[],"_links":{"self":[{"href":"https:\/\/gotec-bonding-agent-systems.com\/tr\/wp-json\/wp\/v2\/pages\/8686","targetHints":{"allow":["GET"]}}],"collection":[{"href":"https:\/\/gotec-bonding-agent-systems.com\/tr\/wp-json\/wp\/v2\/pages"}],"about":[{"href":"https:\/\/gotec-bonding-agent-systems.com\/tr\/wp-json\/wp\/v2\/types\/page"}],"author":[{"embeddable":true,"href":"https:\/\/gotec-bonding-agent-systems.com\/tr\/wp-json\/wp\/v2\/users\/1"}],"replies":[{"embeddable":true,"href":"https:\/\/gotec-bonding-agent-systems.com\/tr\/wp-json\/wp\/v2\/comments?post=8686"}],"version-history":[{"count":6,"href":"https:\/\/gotec-bonding-agent-systems.com\/tr\/wp-json\/wp\/v2\/pages\/8686\/revisions"}],"predecessor-version":[{"id":9547,"href":"https:\/\/gotec-bonding-agent-systems.com\/tr\/wp-json\/wp\/v2\/pages\/8686\/revisions\/9547"}],"wp:attachment":[{"href":"https:\/\/gotec-bonding-agent-systems.com\/tr\/wp-json\/wp\/v2\/media?parent=8686"}],"curies":[{"name":"wp","href":"https:\/\/api.w.org\/{rel}","templated":true}]}}