{"id":8691,"date":"2026-01-22T21:32:31","date_gmt":"2026-01-22T21:32:31","guid":{"rendered":"https:\/\/gotec-bonding-agent-systems.com\/kamelock-km-17\/"},"modified":"2026-04-05T09:42:12","modified_gmt":"2026-04-05T09:42:12","slug":"kamelock-km-17","status":"publish","type":"page","link":"https:\/\/gotec-bonding-agent-systems.com\/tr\/kamelock-km-17\/","title":{"rendered":"KA&amp;MELOCK KM 17 \u2013 Elastomer Ba\u011flay\u0131c\u0131 Ajan\u00a0"},"content":{"rendered":"\t\t<div data-elementor-type=\"wp-page\" data-elementor-id=\"8691\" class=\"elementor elementor-8691 elementor-7790\">\n\t\t\t\t<div class=\"elementor-element elementor-element-8d958a4 e-flex e-con-boxed wpr-particle-no wpr-jarallax-no wpr-parallax-no wpr-sticky-section-no wpr-equal-height-no e-con e-parent\" data-id=\"8d958a4\" data-element_type=\"container\" data-e-type=\"container\" data-settings=\"{&quot;background_background&quot;:&quot;classic&quot;}\">\n\t\t\t\t\t<div class=\"e-con-inner\">\n\t\t<div class=\"elementor-element elementor-element-26bbeaa e-con-full e-flex wpr-particle-no wpr-jarallax-no wpr-parallax-no wpr-sticky-section-no wpr-equal-height-no e-con e-child\" data-id=\"26bbeaa\" data-element_type=\"container\" data-e-type=\"container\">\n\t\t\t\t<div class=\"elementor-element elementor-element-711f11c elementor-widget elementor-widget-elementskit-heading\" data-id=\"711f11c\" data-element_type=\"widget\" data-e-type=\"widget\" data-widget_type=\"elementskit-heading.default\">\n\t\t\t\t\t<div class=\"ekit-wid-con\" ><div class=\"ekit-heading elementskit-section-title-wraper text_left   ekit_heading_tablet-   ekit_heading_mobile-\"><h2 class=\"ekit-heading--title elementskit-section-title \">KA&amp;MELOCK KM 17<\/h2>\t\t\t\t<div class='ekit-heading__description'>\n\t\t\t\t\t<p><strong>KA&amp;MELOCK KM 17<\/strong>, <strong>elastomer ba\u011flay\u0131c\u0131 ajan<\/strong> olarak tasarlanm\u0131\u015f bir <strong>son kat<\/strong> \u00fcr\u00fcn\u00fcd\u00fcr.<br> <strong>KA&amp;MELOCK MP 05 astar\u0131<\/strong> ile birlikte uyguland\u0131\u011f\u0131nda, metal ve plastik y\u00fczeylere yap\u0131\u015ft\u0131r\u0131lan elastomerlerin vulkanizasyon s\u00fcreci s\u0131ras\u0131nda <strong>y\u00fcksek s\u0131cakl\u0131klara, korozyona ve dinamik y\u00fcklere kar\u015f\u0131 y\u00fcksek diren\u00e7<\/strong> gerektiren uygulamalar i\u00e7in \u00f6zellikle uygundur.<br>Baz\u0131 uygulamalarda, KA&amp;MELOCK KM 17 <strong>tek kat ba\u011flay\u0131c\u0131 ajan<\/strong> olarak da kullan\u0131labilir.<\/p>\n<p>KA&amp;MELOCK KM 17 ile kaplama, <strong>korozyona, ya\u011flara ve solventlere kar\u015f\u0131 iyi diren\u00e7<\/strong> sa\u011flar. Ancak, sistem <strong>KA&amp;MELOCK MP 05 astar\u0131<\/strong> ile birlikte uyguland\u0131\u011f\u0131nda <strong>korozyon ve \u0131s\u0131 direnci \u00f6nemli \u00f6l\u00e7\u00fcde art\u0131r\u0131l\u0131r<\/strong>. <\/p>\n<p>KA&amp;MELOCK KM 17, vulkanizasyon s\u00fcreci s\u0131ras\u0131nda <strong>do\u011fal kau\u00e7uk (NR), poliizopren (IR), polib\u00fctadien (BR), stiren-b\u00fctadien kau\u00e7uk (SBR), nitril kau\u00e7uk (NBR), kloropren kau\u00e7uk (CR), b\u00fctil kau\u00e7uk (IIR) ve etilen propilen kau\u00e7uk (EPDM)<\/strong> bazl\u0131 elastomer bile\u015fiklerinin \u00e7ok \u00e7e\u015fitli <strong>metal ve plastik y\u00fczeylere<\/strong> g\u00fcvenilir bir \u015fekilde yap\u0131\u015fmas\u0131n\u0131 sa\u011flar.<\/p>\n<p>Yumu\u015fak NBR ve NR bile\u015fiklerinin kullan\u0131ld\u0131\u011f\u0131 transfer kal\u0131plama (TM) ve enjeksiyon kal\u0131plama (IM) uygulamalar\u0131nda, KA&amp;MELOCK MP 05 ile KA&amp;MELOCK KM 17\u2019nin birlikte kullan\u0131m\u0131 son derece etkili sonu\u00e7lar sunar.<\/p>\n\t\t\t\t<\/div>\n\t\t\t<\/div><\/div>\t\t\t\t<\/div>\n\t\t\t\t<\/div>\n\t\t<div class=\"elementor-element elementor-element-9936c04 e-con-full e-flex wpr-particle-no wpr-jarallax-no wpr-parallax-no wpr-sticky-section-no wpr-equal-height-no e-con e-child\" data-id=\"9936c04\" data-element_type=\"container\" data-e-type=\"container\">\n\t\t\t\t<div class=\"elementor-element elementor-element-28e1b4a elementor-widget elementor-widget-image\" data-id=\"28e1b4a\" data-element_type=\"widget\" data-e-type=\"widget\" data-widget_type=\"image.default\">\n\t\t\t\t\t\t\t\t\t\t\t\t\t\t\t<img fetchpriority=\"high\" decoding=\"async\" width=\"950\" height=\"634\" src=\"https:\/\/gotec-bonding-agent-systems.com\/wp-content\/uploads\/2026\/02\/KAMELOCK-KM-17-1024x683.png\" class=\"attachment-large size-large wp-image-8693\" alt=\"KA&amp;MELOCK KM 17\" srcset=\"https:\/\/gotec-bonding-agent-systems.com\/wp-content\/uploads\/2026\/02\/KAMELOCK-KM-17-1024x683.png 1024w, https:\/\/gotec-bonding-agent-systems.com\/wp-content\/uploads\/2026\/02\/KAMELOCK-KM-17-300x200.png 300w, https:\/\/gotec-bonding-agent-systems.com\/wp-content\/uploads\/2026\/02\/KAMELOCK-KM-17-600x400.png 600w, https:\/\/gotec-bonding-agent-systems.com\/wp-content\/uploads\/2026\/02\/KAMELOCK-KM-17-1200x800.png 1200w, https:\/\/gotec-bonding-agent-systems.com\/wp-content\/uploads\/2026\/02\/KAMELOCK-KM-17.png 1536w\" sizes=\"100vw\" \/>\t\t\t\t\t\t\t\t\t\t\t\t\t\t\t<\/div>\n\t\t\t\t<div class=\"elementor-element elementor-element-c3fcfd9 elementor-widget elementor-widget-spacer\" data-id=\"c3fcfd9\" data-element_type=\"widget\" data-e-type=\"widget\" data-widget_type=\"spacer.default\">\n\t\t\t\t\t\t\t<div class=\"elementor-spacer\">\n\t\t\t<div class=\"elementor-spacer-inner\"><\/div>\n\t\t<\/div>\n\t\t\t\t\t\t<\/div>\n\t\t\t\t<div class=\"elementor-element elementor-element-cc13d99 elementor-widget elementor-widget-button\" data-id=\"cc13d99\" data-element_type=\"widget\" data-e-type=\"widget\" data-widget_type=\"button.default\">\n\t\t\t\t\t\t\t\t\t\t<a class=\"elementor-button elementor-button-link elementor-size-sm\" href=\"https:\/\/gotec-bonding-agent-systems.com\/wp-content\/uploads\/2026\/01\/7ts9pw-Unknown.pdf\">\n\t\t\t\t\t\t<span class=\"elementor-button-content-wrapper\">\n\t\t\t\t\t\t\t\t\t<span class=\"elementor-button-text\">PDF \u0130ND\u0130R<\/span>\n\t\t\t\t\t<\/span>\n\t\t\t\t\t<\/a>\n\t\t\t\t\t\t\t\t<\/div>\n\t\t\t\t<\/div>\n\t\t\t\t\t<\/div>\n\t\t\t\t<\/div>\n\t\t\t\t<section class=\"elementor-section elementor-top-section elementor-element elementor-element-5e3b37d elementor-section-boxed elementor-section-height-default elementor-section-height-default wpr-particle-no wpr-jarallax-no wpr-parallax-no wpr-sticky-section-no wpr-equal-height-no\" data-id=\"5e3b37d\" data-element_type=\"section\" data-e-type=\"section\">\n\t\t\t\t\t\t<div class=\"elementor-container elementor-column-gap-default\">\n\t\t\t\t\t<div class=\"elementor-column elementor-col-100 elementor-top-column elementor-element elementor-element-a235b31\" data-id=\"a235b31\" data-element_type=\"column\" data-e-type=\"column\">\n\t\t\t<div class=\"elementor-widget-wrap elementor-element-populated\">\n\t\t\t\t\t\t<div class=\"elementor-element elementor-element-0fc6c56 elementor-widget elementor-widget-heading\" data-id=\"0fc6c56\" data-element_type=\"widget\" data-e-type=\"widget\" data-widget_type=\"heading.default\">\n\t\t\t\t\t<h2 class=\"elementor-heading-title elementor-size-default\">Teknik Veriler<\/h2>\t\t\t\t<\/div>\n\t\t\t\t<div class=\"elementor-element elementor-element-8f674c1 wpr-list-style-none elementor-widget elementor-widget-wpr-posts-timeline\" data-id=\"8f674c1\" data-element_type=\"widget\" data-e-type=\"widget\" data-settings=\"{&quot;animation_offset&quot;:150,&quot;aos_animation_duration&quot;:600}\" data-widget_type=\"wpr-posts-timeline.default\">\n\t\t\t\t\t\n\t\t<div class=\"wpr-wrapper wpr-vertical wpr-one-sided-wrapper\">\n\t\t\t<div class=\"wpr-timeline-centered wpr-line wpr-one-sided-timeline\"><div class=\"wpr-middle-line\"><\/div><div class=\"wpr-timeline-fill\" data-layout=\"one-sided\"><\/div><article class=\"wpr-timeline-entry wpr-right-aligned elementor-repeater-item-f94da51\" data-item-id=\"elementor-repeater-item-f94da51\"><div class=\"wpr-timeline-entry-inner\"><div class=\"wpr-main-line-icon wpr-icon\"><\/div><div class=\"wpr-story-info-vertical wpr-data-wrap \"  data-aos=\"fade\" data-aos-left=\"\" data-aos-right=\"\" data-animation-offset=\"150\" data-animation-duration=\"600\"><div class=\"wpr-timeline-content-wrapper\"><div class=\"wpr-content-wrapper\"><div class=\"wpr-description\"><table><tbody><tr><td><p>Renk Kahverengi S\u0131v\u0131<\/p><\/td><td> <\/td><\/tr><\/tbody><\/table><table style=\"height: 124px\" width=\"238\"><tbody><tr><td><p>Viskozite 4 mm DIN-Kupa 80 \u2013 120 s<\/p><\/td><td> <\/td><\/tr><\/tbody><\/table><table><tbody><tr><td><p>Viskozite, cps@25\u00b0C(77\u00b0F)<\/p><table><tbody><tr><td><p> 200 \u2013 600 mPas<\/p><\/td><\/tr><\/tbody><\/table><p>Brookfield SNB1<br>Mil 2, 30 dev\/dak<\/p><\/td><td> <\/td><\/tr><\/tbody><\/table><\/div><\/div><\/div><\/div>\n\t\t\t\t\t\t<\/div>\n\t\t\t\t<\/article><article class=\"wpr-timeline-entry wpr-right-aligned elementor-repeater-item-2a37755\" data-item-id=\"elementor-repeater-item-2a37755\"><div class=\"wpr-timeline-entry-inner\"><div class=\"wpr-main-line-icon wpr-icon\"><\/div><div class=\"wpr-story-info-vertical wpr-data-wrap \"  data-aos=\"fade\" data-aos-left=\"\" data-aos-right=\"\" data-animation-offset=\"150\" data-animation-duration=\"600\"><div class=\"wpr-timeline-content-wrapper\"><div class=\"wpr-content-wrapper\"><div class=\"wpr-description\"><table><tbody><tr><td><p>\u00d6zg\u00fcl A\u011f\u0131rl\u0131k 0,96 \u2013 1,04 g\/cm\u00b3<\/p><\/td><td> <\/td><\/tr><\/tbody><\/table><table style=\"height: 172px\" width=\"201\"><tbody><tr><td><p>Kat\u0131 Madde \u0130\u00e7eri\u011fi A\u011f\u0131rl\u0131k\u00e7a %22 \u2013 26<\/p><\/td><td> <\/td><\/tr><\/tbody><\/table><table><tbody><tr><td><p>Solventler Ksilen<\/p><\/td><td> <\/td><\/tr><\/tbody><\/table><p>*Veriler tipiktir ve spesifikasyon ama\u00e7lar\u0131 i\u00e7in kullan\u0131lmamal\u0131d\u0131r.<\/p><\/div><\/div><\/div><\/div>\n\t\t\t\t\t\t<\/div>\n\t\t\t\t<\/article><\/div>    \n\t\t\t<\/div>\t\t\t\t<\/div>\n\t\t\t\t<div class=\"elementor-element elementor-element-b8dfb14 elementor-widget elementor-widget-text-editor\" data-id=\"b8dfb14\" data-element_type=\"widget\" data-e-type=\"widget\" data-widget_type=\"text-editor.default\">\n\t\t\t\t\t\t\t\t\t<p data-start=\"246\" data-end=\"599\"><strong data-start=\"246\" data-end=\"360\">GOTEC Yap\u0131\u015ft\u0131rma Ajanlar\u0131&#8217;nda, hassas testler ve kapsaml\u0131 analizler g\u00fcvenilir \u00fcr\u00fcn performans\u0131n\u0131n temelini olu\u015fturur.<\/strong><br data-start=\"360\" data-end=\"363\">T\u00fcm KA&amp;MELOCK yap\u0131\u015ft\u0131rma ajanlar\u0131 laboratuvarlar\u0131m\u0131zda test edilir, belgelenir ve do\u011frulan\u0131r. Buna paralel olarak, s\u00fcrekli ara\u015ft\u0131rma ve geli\u015ftirme faaliyetleri, \u00f6zel demo ve uygulama tesislerimizde devam eden \u00fcr\u00fcn optimizasyonunu destekler. <\/p><p data-start=\"606\" data-end=\"923\">Uygulaman\u0131z i\u00e7in en uygun <strong data-start=\"636\" data-end=\"663\">KA&amp;MELOCK yap\u0131\u015ft\u0131rma ajan\u0131n\u0131<\/strong> belirlemek \u00fczere teknik ekibimiz size yard\u0131mc\u0131 olmaya haz\u0131rd\u0131r.<br data-start=\"732\" data-end=\"735\">Elastomer bile\u015fi\u011finiz, y\u00fczeyiniz ve uygulama y\u00f6nteminiz hakk\u0131nda bilgi sa\u011flayarak, gereksinimlerinize \u00f6zel olarak uyarlanm\u0131\u015f uygun <strong data-start=\"858\" data-end=\"892\">KA&amp;MELOCK yap\u0131\u015ft\u0131rma ajan sistemini<\/strong> \u00f6nerebiliriz.<\/p><p data-start=\"930\" data-end=\"1108\"><strong data-start=\"971\" data-end=\"992\">KA&amp;MELOCK kalitesi<\/strong> ile \u00fcr\u00fcnlerinizin de\u011ferini art\u0131r\u0131n.<br data-start=\"993\" data-end=\"996\">Teknik destek ekiplerimiz, geli\u015ftirme ve \u00fcretim s\u00fcre\u00e7leriniz boyunca size destek olmak i\u00e7in haz\u0131rd\u0131r.<\/p>\t\t\t\t\t\t\t\t<\/div>\n\t\t\t\t\t<\/div>\n\t\t<\/div>\n\t\t\t\t\t<\/div>\n\t\t<\/section>\n\t\t\t\t<\/div>\n\t\t\n    <div class=\"xs_social_share_widget xs_share_url after_content \t\tmain_content  wslu-style-1 wslu-share-box-shaped wslu-fill-colored wslu-none wslu-share-horizontal wslu-theme-font-no wslu-main_content\">\n\n\t\t\n        <ul>\n\t\t\t        <\/ul>\n    <\/div> \n","protected":false},"excerpt":{"rendered":"<p>KA&amp;MELOCK KM 17 KA&amp;MELOCK KM 17, elastomer ba\u011flay\u0131c\u0131 ajan olarak tasarlanm\u0131\u015f bir son kat \u00fcr\u00fcn\u00fcd\u00fcr. KA&amp;MELOCK MP 05 astar\u0131 ile birlikte uyguland\u0131\u011f\u0131nda, metal ve plastik y\u00fczeylere yap\u0131\u015ft\u0131r\u0131lan elastomerlerin vulkanizasyon s\u00fcreci s\u0131ras\u0131nda y\u00fcksek s\u0131cakl\u0131klara, korozyona ve dinamik y\u00fcklere kar\u015f\u0131 y\u00fcksek diren\u00e7 gerektiren uygulamalar i\u00e7in \u00f6zellikle uygundur.Baz\u0131 uygulamalarda, KA&amp;MELOCK KM 17 tek kat ba\u011flay\u0131c\u0131 ajan olarak da kullan\u0131labilir. KA&amp;MELOCK KM 17 ile kaplama, korozyona, ya\u011flara ve solventlere kar\u015f\u0131 iyi diren\u00e7 sa\u011flar. Ancak, sistem KA&amp;MELOCK MP 05 astar\u0131 ile birlikte uyguland\u0131\u011f\u0131nda korozyon ve \u0131s\u0131 direnci \u00f6nemli \u00f6l\u00e7\u00fcde art\u0131r\u0131l\u0131r. KA&amp;MELOCK KM 17, vulkanizasyon s\u00fcreci s\u0131ras\u0131nda do\u011fal kau\u00e7uk (NR), poliizopren (IR), polib\u00fctadien (BR), stiren-b\u00fctadien kau\u00e7uk (SBR), nitril kau\u00e7uk (NBR), kloropren kau\u00e7uk (CR), b\u00fctil kau\u00e7uk (IIR) ve etilen propilen kau\u00e7uk (EPDM) bazl\u0131 elastomer bile\u015fiklerinin \u00e7ok \u00e7e\u015fitli metal ve plastik y\u00fczeylere g\u00fcvenilir bir \u015fekilde yap\u0131\u015fmas\u0131n\u0131 sa\u011flar. Yumu\u015fak NBR ve NR bile\u015fiklerinin kullan\u0131ld\u0131\u011f\u0131 transfer kal\u0131plama (TM) ve enjeksiyon kal\u0131plama (IM) uygulamalar\u0131nda, KA&amp;MELOCK MP 05 ile KA&amp;MELOCK KM 17\u2019nin birlikte kullan\u0131m\u0131 son derece etkili sonu\u00e7lar sunar. PDF \u0130ND\u0130R Teknik Veriler Renk Kahverengi S\u0131v\u0131 Viskozite 4 mm DIN-Kupa 80 \u2013 120 s Viskozite, cps@25\u00b0C(77\u00b0F) 200 \u2013 600 mPas Brookfield SNB1Mil 2, 30 dev\/dak \u00d6zg\u00fcl A\u011f\u0131rl\u0131k 0,96 \u2013 1,04 g\/cm\u00b3 Kat\u0131 Madde \u0130\u00e7eri\u011fi A\u011f\u0131rl\u0131k\u00e7a %22 \u2013 26 Solventler Ksilen *Veriler tipiktir ve spesifikasyon ama\u00e7lar\u0131 i\u00e7in kullan\u0131lmamal\u0131d\u0131r. GOTEC Yap\u0131\u015ft\u0131rma Ajanlar\u0131&#8217;nda, hassas testler ve kapsaml\u0131 analizler g\u00fcvenilir \u00fcr\u00fcn performans\u0131n\u0131n temelini olu\u015fturur.T\u00fcm KA&amp;MELOCK yap\u0131\u015ft\u0131rma ajanlar\u0131 laboratuvarlar\u0131m\u0131zda test edilir, belgelenir ve do\u011frulan\u0131r. Buna paralel olarak, s\u00fcrekli ara\u015ft\u0131rma ve geli\u015ftirme faaliyetleri, \u00f6zel demo ve uygulama tesislerimizde devam eden \u00fcr\u00fcn optimizasyonunu destekler. Uygulaman\u0131z i\u00e7in en uygun KA&amp;MELOCK yap\u0131\u015ft\u0131rma ajan\u0131n\u0131 belirlemek \u00fczere teknik ekibimiz size yard\u0131mc\u0131 olmaya haz\u0131rd\u0131r.Elastomer bile\u015fi\u011finiz, y\u00fczeyiniz ve uygulama y\u00f6nteminiz hakk\u0131nda bilgi sa\u011flayarak, gereksinimlerinize \u00f6zel olarak uyarlanm\u0131\u015f uygun KA&amp;MELOCK yap\u0131\u015ft\u0131rma ajan sistemini \u00f6nerebiliriz. KA&amp;MELOCK kalitesi ile \u00fcr\u00fcnlerinizin de\u011ferini art\u0131r\u0131n.Teknik destek ekiplerimiz, geli\u015ftirme ve \u00fcretim s\u00fcre\u00e7leriniz boyunca size destek olmak i\u00e7in haz\u0131rd\u0131r.<\/p>\n","protected":false},"author":1,"featured_media":0,"parent":0,"menu_order":0,"comment_status":"closed","ping_status":"closed","template":"","meta":{"postBodyCss":"","postBodyMargin":[],"postBodyPadding":[],"postBodyBackground":{"backgroundType":"classic","gradient":""},"inspiro_hide_title":false,"footnotes":""},"class_list":["post-8691","page","type-page","status-publish","hentry"],"yoast_head":"<!-- This site is optimized with the Yoast SEO plugin v27.4 - https:\/\/yoast.com\/product\/yoast-seo-wordpress\/ -->\n<title>KA&amp;MELOCK KM 17 \u2013 Elastomer Ba\u011flay\u0131c\u0131 Ajan\u00a0<\/title>\n<meta name=\"description\" content=\"KA&amp;MELOCK KM 17, elastomerlerin metal ve plastik y\u00fczeylere g\u00fcvenli yap\u0131\u015fmas\u0131n\u0131 sa\u011flayan y\u00fcksek performansl\u0131 ba\u011flay\u0131c\u0131 ajand\u0131r.\" \/>\n<meta name=\"robots\" content=\"index, follow, max-snippet:-1, max-image-preview:large, max-video-preview:-1\" \/>\n<link rel=\"canonical\" href=\"https:\/\/gotec-bonding-agent-systems.com\/tr\/kamelock-km-17\/\" \/>\n<meta property=\"og:locale\" content=\"tr_TR\" \/>\n<meta property=\"og:type\" content=\"article\" \/>\n<meta property=\"og:title\" content=\"KA&amp;MELOCK KM 17 \u2013 Elastomer Ba\u011flay\u0131c\u0131 Ajan\u00a0\" \/>\n<meta property=\"og:description\" content=\"KA&amp;MELOCK KM 17, elastomerlerin metal ve plastik y\u00fczeylere g\u00fcvenli yap\u0131\u015fmas\u0131n\u0131 sa\u011flayan y\u00fcksek performansl\u0131 ba\u011flay\u0131c\u0131 ajand\u0131r.\" \/>\n<meta property=\"og:url\" content=\"https:\/\/gotec-bonding-agent-systems.com\/tr\/kamelock-km-17\/\" \/>\n<meta property=\"og:site_name\" content=\"GOTEC Bonding Systems\" \/>\n<meta property=\"article:modified_time\" content=\"2026-04-05T09:42:12+00:00\" \/>\n<meta property=\"og:image\" content=\"https:\/\/gotec-bonding-agent-systems.com\/wp-content\/uploads\/2026\/02\/KAMELOCK-KM-17-1024x683.png\" \/>\n<meta name=\"twitter:card\" content=\"summary_large_image\" \/>\n<meta name=\"twitter:label1\" content=\"Tahmini okuma s\u00fcresi\" \/>\n\t<meta name=\"twitter:data1\" content=\"2 dakika\" \/>\n<script type=\"application\/ld+json\" class=\"yoast-schema-graph\">{\"@context\":\"https:\\\/\\\/schema.org\",\"@graph\":[{\"@type\":\"WebPage\",\"@id\":\"https:\\\/\\\/gotec-bonding-agent-systems.com\\\/tr\\\/kamelock-km-17\\\/\",\"url\":\"https:\\\/\\\/gotec-bonding-agent-systems.com\\\/tr\\\/kamelock-km-17\\\/\",\"name\":\"KA&MELOCK KM 17 \u2013 Elastomer Ba\u011flay\u0131c\u0131 Ajan\u00a0\",\"isPartOf\":{\"@id\":\"https:\\\/\\\/gotec-bonding-agent-systems.com\\\/#website\"},\"primaryImageOfPage\":{\"@id\":\"https:\\\/\\\/gotec-bonding-agent-systems.com\\\/tr\\\/kamelock-km-17\\\/#primaryimage\"},\"image\":{\"@id\":\"https:\\\/\\\/gotec-bonding-agent-systems.com\\\/tr\\\/kamelock-km-17\\\/#primaryimage\"},\"thumbnailUrl\":\"https:\\\/\\\/gotec-bonding-agent-systems.com\\\/wp-content\\\/uploads\\\/2026\\\/02\\\/KAMELOCK-KM-17-1024x683.png\",\"datePublished\":\"2026-01-22T21:32:31+00:00\",\"dateModified\":\"2026-04-05T09:42:12+00:00\",\"description\":\"KA&MELOCK KM 17, elastomerlerin metal ve plastik y\u00fczeylere g\u00fcvenli yap\u0131\u015fmas\u0131n\u0131 sa\u011flayan y\u00fcksek performansl\u0131 ba\u011flay\u0131c\u0131 ajand\u0131r.\",\"breadcrumb\":{\"@id\":\"https:\\\/\\\/gotec-bonding-agent-systems.com\\\/tr\\\/kamelock-km-17\\\/#breadcrumb\"},\"inLanguage\":\"tr\",\"potentialAction\":[{\"@type\":\"ReadAction\",\"target\":[\"https:\\\/\\\/gotec-bonding-agent-systems.com\\\/tr\\\/kamelock-km-17\\\/\"]}]},{\"@type\":\"ImageObject\",\"inLanguage\":\"tr\",\"@id\":\"https:\\\/\\\/gotec-bonding-agent-systems.com\\\/tr\\\/kamelock-km-17\\\/#primaryimage\",\"url\":\"https:\\\/\\\/gotec-bonding-agent-systems.com\\\/wp-content\\\/uploads\\\/2026\\\/02\\\/KAMELOCK-KM-17-1024x683.png\",\"contentUrl\":\"https:\\\/\\\/gotec-bonding-agent-systems.com\\\/wp-content\\\/uploads\\\/2026\\\/02\\\/KAMELOCK-KM-17-1024x683.png\"},{\"@type\":\"BreadcrumbList\",\"@id\":\"https:\\\/\\\/gotec-bonding-agent-systems.com\\\/tr\\\/kamelock-km-17\\\/#breadcrumb\",\"itemListElement\":[{\"@type\":\"ListItem\",\"position\":1,\"name\":\"Start\",\"item\":\"https:\\\/\\\/gotec-bonding-agent-systems.com\\\/tr\\\/\"},{\"@type\":\"ListItem\",\"position\":2,\"name\":\"KA&amp;MELOCK KM 17 \u2013 Elastomer Ba\u011flay\u0131c\u0131 Ajan\u00a0\"}]},{\"@type\":\"WebSite\",\"@id\":\"https:\\\/\\\/gotec-bonding-agent-systems.com\\\/#website\",\"url\":\"https:\\\/\\\/gotec-bonding-agent-systems.com\\\/\",\"name\":\"GOTEC Bonding Systems\",\"description\":\"\",\"publisher\":{\"@id\":\"https:\\\/\\\/gotec-bonding-agent-systems.com\\\/#organization\"},\"potentialAction\":[{\"@type\":\"SearchAction\",\"target\":{\"@type\":\"EntryPoint\",\"urlTemplate\":\"https:\\\/\\\/gotec-bonding-agent-systems.com\\\/?s={search_term_string}\"},\"query-input\":{\"@type\":\"PropertyValueSpecification\",\"valueRequired\":true,\"valueName\":\"search_term_string\"}}],\"inLanguage\":\"tr\"},{\"@type\":\"Organization\",\"@id\":\"https:\\\/\\\/gotec-bonding-agent-systems.com\\\/#organization\",\"name\":\"GOTEC Bonding Systems\",\"url\":\"https:\\\/\\\/gotec-bonding-agent-systems.com\\\/\",\"logo\":{\"@type\":\"ImageObject\",\"inLanguage\":\"tr\",\"@id\":\"https:\\\/\\\/gotec-bonding-agent-systems.com\\\/#\\\/schema\\\/logo\\\/image\\\/\",\"url\":\"https:\\\/\\\/gotec-bonding-agent-systems.com\\\/wp-content\\\/uploads\\\/2025\\\/11\\\/cropped-GOTEC_Bonding_Systems_Logo.png\",\"contentUrl\":\"https:\\\/\\\/gotec-bonding-agent-systems.com\\\/wp-content\\\/uploads\\\/2025\\\/11\\\/cropped-GOTEC_Bonding_Systems_Logo.png\",\"width\":2122,\"height\":1287,\"caption\":\"GOTEC Bonding Systems\"},\"image\":{\"@id\":\"https:\\\/\\\/gotec-bonding-agent-systems.com\\\/#\\\/schema\\\/logo\\\/image\\\/\"}}]}<\/script>\n<!-- \/ Yoast SEO plugin. -->","yoast_head_json":{"title":"KA&MELOCK KM 17 \u2013 Elastomer Ba\u011flay\u0131c\u0131 Ajan\u00a0","description":"KA&MELOCK KM 17, elastomerlerin metal ve plastik y\u00fczeylere g\u00fcvenli yap\u0131\u015fmas\u0131n\u0131 sa\u011flayan y\u00fcksek performansl\u0131 ba\u011flay\u0131c\u0131 ajand\u0131r.","robots":{"index":"index","follow":"follow","max-snippet":"max-snippet:-1","max-image-preview":"max-image-preview:large","max-video-preview":"max-video-preview:-1"},"canonical":"https:\/\/gotec-bonding-agent-systems.com\/tr\/kamelock-km-17\/","og_locale":"tr_TR","og_type":"article","og_title":"KA&MELOCK KM 17 \u2013 Elastomer Ba\u011flay\u0131c\u0131 Ajan\u00a0","og_description":"KA&MELOCK KM 17, elastomerlerin metal ve plastik y\u00fczeylere g\u00fcvenli yap\u0131\u015fmas\u0131n\u0131 sa\u011flayan y\u00fcksek performansl\u0131 ba\u011flay\u0131c\u0131 ajand\u0131r.","og_url":"https:\/\/gotec-bonding-agent-systems.com\/tr\/kamelock-km-17\/","og_site_name":"GOTEC Bonding Systems","article_modified_time":"2026-04-05T09:42:12+00:00","og_image":[{"url":"https:\/\/gotec-bonding-agent-systems.com\/wp-content\/uploads\/2026\/02\/KAMELOCK-KM-17-1024x683.png","type":"","width":"","height":""}],"twitter_card":"summary_large_image","twitter_misc":{"Tahmini okuma s\u00fcresi":"2 dakika"},"schema":{"@context":"https:\/\/schema.org","@graph":[{"@type":"WebPage","@id":"https:\/\/gotec-bonding-agent-systems.com\/tr\/kamelock-km-17\/","url":"https:\/\/gotec-bonding-agent-systems.com\/tr\/kamelock-km-17\/","name":"KA&MELOCK KM 17 \u2013 Elastomer Ba\u011flay\u0131c\u0131 Ajan\u00a0","isPartOf":{"@id":"https:\/\/gotec-bonding-agent-systems.com\/#website"},"primaryImageOfPage":{"@id":"https:\/\/gotec-bonding-agent-systems.com\/tr\/kamelock-km-17\/#primaryimage"},"image":{"@id":"https:\/\/gotec-bonding-agent-systems.com\/tr\/kamelock-km-17\/#primaryimage"},"thumbnailUrl":"https:\/\/gotec-bonding-agent-systems.com\/wp-content\/uploads\/2026\/02\/KAMELOCK-KM-17-1024x683.png","datePublished":"2026-01-22T21:32:31+00:00","dateModified":"2026-04-05T09:42:12+00:00","description":"KA&MELOCK KM 17, elastomerlerin metal ve plastik y\u00fczeylere g\u00fcvenli yap\u0131\u015fmas\u0131n\u0131 sa\u011flayan y\u00fcksek performansl\u0131 ba\u011flay\u0131c\u0131 ajand\u0131r.","breadcrumb":{"@id":"https:\/\/gotec-bonding-agent-systems.com\/tr\/kamelock-km-17\/#breadcrumb"},"inLanguage":"tr","potentialAction":[{"@type":"ReadAction","target":["https:\/\/gotec-bonding-agent-systems.com\/tr\/kamelock-km-17\/"]}]},{"@type":"ImageObject","inLanguage":"tr","@id":"https:\/\/gotec-bonding-agent-systems.com\/tr\/kamelock-km-17\/#primaryimage","url":"https:\/\/gotec-bonding-agent-systems.com\/wp-content\/uploads\/2026\/02\/KAMELOCK-KM-17-1024x683.png","contentUrl":"https:\/\/gotec-bonding-agent-systems.com\/wp-content\/uploads\/2026\/02\/KAMELOCK-KM-17-1024x683.png"},{"@type":"BreadcrumbList","@id":"https:\/\/gotec-bonding-agent-systems.com\/tr\/kamelock-km-17\/#breadcrumb","itemListElement":[{"@type":"ListItem","position":1,"name":"Start","item":"https:\/\/gotec-bonding-agent-systems.com\/tr\/"},{"@type":"ListItem","position":2,"name":"KA&amp;MELOCK KM 17 \u2013 Elastomer Ba\u011flay\u0131c\u0131 Ajan\u00a0"}]},{"@type":"WebSite","@id":"https:\/\/gotec-bonding-agent-systems.com\/#website","url":"https:\/\/gotec-bonding-agent-systems.com\/","name":"GOTEC Bonding Systems","description":"","publisher":{"@id":"https:\/\/gotec-bonding-agent-systems.com\/#organization"},"potentialAction":[{"@type":"SearchAction","target":{"@type":"EntryPoint","urlTemplate":"https:\/\/gotec-bonding-agent-systems.com\/?s={search_term_string}"},"query-input":{"@type":"PropertyValueSpecification","valueRequired":true,"valueName":"search_term_string"}}],"inLanguage":"tr"},{"@type":"Organization","@id":"https:\/\/gotec-bonding-agent-systems.com\/#organization","name":"GOTEC Bonding Systems","url":"https:\/\/gotec-bonding-agent-systems.com\/","logo":{"@type":"ImageObject","inLanguage":"tr","@id":"https:\/\/gotec-bonding-agent-systems.com\/#\/schema\/logo\/image\/","url":"https:\/\/gotec-bonding-agent-systems.com\/wp-content\/uploads\/2025\/11\/cropped-GOTEC_Bonding_Systems_Logo.png","contentUrl":"https:\/\/gotec-bonding-agent-systems.com\/wp-content\/uploads\/2025\/11\/cropped-GOTEC_Bonding_Systems_Logo.png","width":2122,"height":1287,"caption":"GOTEC Bonding Systems"},"image":{"@id":"https:\/\/gotec-bonding-agent-systems.com\/#\/schema\/logo\/image\/"}}]}},"featured_media_urls":[],"_links":{"self":[{"href":"https:\/\/gotec-bonding-agent-systems.com\/tr\/wp-json\/wp\/v2\/pages\/8691","targetHints":{"allow":["GET"]}}],"collection":[{"href":"https:\/\/gotec-bonding-agent-systems.com\/tr\/wp-json\/wp\/v2\/pages"}],"about":[{"href":"https:\/\/gotec-bonding-agent-systems.com\/tr\/wp-json\/wp\/v2\/types\/page"}],"author":[{"embeddable":true,"href":"https:\/\/gotec-bonding-agent-systems.com\/tr\/wp-json\/wp\/v2\/users\/1"}],"replies":[{"embeddable":true,"href":"https:\/\/gotec-bonding-agent-systems.com\/tr\/wp-json\/wp\/v2\/comments?post=8691"}],"version-history":[{"count":7,"href":"https:\/\/gotec-bonding-agent-systems.com\/tr\/wp-json\/wp\/v2\/pages\/8691\/revisions"}],"predecessor-version":[{"id":9546,"href":"https:\/\/gotec-bonding-agent-systems.com\/tr\/wp-json\/wp\/v2\/pages\/8691\/revisions\/9546"}],"wp:attachment":[{"href":"https:\/\/gotec-bonding-agent-systems.com\/tr\/wp-json\/wp\/v2\/media?parent=8691"}],"curies":[{"name":"wp","href":"https:\/\/api.w.org\/{rel}","templated":true}]}}