{"id":8696,"date":"2026-01-22T21:44:14","date_gmt":"2026-01-22T21:44:14","guid":{"rendered":"https:\/\/gotec-bonding-agent-systems.com\/kamelock-km-20\/"},"modified":"2026-04-03T13:27:12","modified_gmt":"2026-04-03T13:27:12","slug":"kamelock-km-20","status":"publish","type":"page","link":"https:\/\/gotec-bonding-agent-systems.com\/tr\/kamelock-km-20\/","title":{"rendered":"KA&amp;MELOCK KM 20 \u2013 Kur\u015funsuz yap\u0131\u015fma sistemi"},"content":{"rendered":"\t\t<div data-elementor-type=\"wp-page\" data-elementor-id=\"8696\" class=\"elementor elementor-8696 elementor-7801\">\n\t\t\t\t<div class=\"elementor-element elementor-element-1412f02d e-flex e-con-boxed wpr-particle-no wpr-jarallax-no wpr-parallax-no wpr-sticky-section-no wpr-equal-height-no e-con e-parent\" data-id=\"1412f02d\" data-element_type=\"container\" data-e-type=\"container\">\n\t\t\t\t\t<div class=\"e-con-inner\">\n\t\t\t\t<div class=\"elementor-element elementor-element-31eaca3c elementor-widget elementor-widget-text-editor\" data-id=\"31eaca3c\" data-element_type=\"widget\" data-e-type=\"widget\" data-widget_type=\"text-editor.default\">\n\t\t\t\t\t\t\t\t\t\n<p\/>\n\n\n\n<p\/>\n\t\t\t\t\t\t\t\t<\/div>\n\t\t\t\t\t<\/div>\n\t\t\t\t<\/div>\n\t\t<div class=\"elementor-element elementor-element-3b6aab8 e-flex e-con-boxed wpr-particle-no wpr-jarallax-no wpr-parallax-no wpr-sticky-section-no wpr-equal-height-no e-con e-parent\" data-id=\"3b6aab8\" data-element_type=\"container\" data-e-type=\"container\" data-settings=\"{&quot;background_background&quot;:&quot;classic&quot;}\">\n\t\t\t\t\t<div class=\"e-con-inner\">\n\t\t<div class=\"elementor-element elementor-element-3ec5e32 e-con-full e-flex wpr-particle-no wpr-jarallax-no wpr-parallax-no wpr-sticky-section-no wpr-equal-height-no e-con e-child\" data-id=\"3ec5e32\" data-element_type=\"container\" data-e-type=\"container\">\n\t\t\t\t<div class=\"elementor-element elementor-element-4125371 elementor-widget elementor-widget-elementskit-heading\" data-id=\"4125371\" data-element_type=\"widget\" data-e-type=\"widget\" data-widget_type=\"elementskit-heading.default\">\n\t\t\t\t\t<div class=\"ekit-wid-con\" ><div class=\"ekit-heading elementskit-section-title-wraper text_left   ekit_heading_tablet-   ekit_heading_mobile-\"><h2 class=\"ekit-heading--title elementskit-section-title \">KA&amp;MELOCK KM 20<\/h2>\t\t\t\t<div class='ekit-heading__description'>\n\t\t\t\t\t<p><strong>KA&amp;MELOCK KM 20<\/strong>, geni\u015f bir elastomer bile\u015fikleri yelpazesini <strong>metal ve plastik y\u00fczeylere<\/strong> yap\u0131\u015ft\u0131rmak i\u00e7in tasarlanm\u0131\u015f <strong>evrensel bir yap\u0131\u015ft\u0131rma ajan\u0131d\u0131r<\/strong>.<br>Uygun <strong>KA&amp;MELOCK MP 05 astar\u0131<\/strong> ile birlikte kullan\u0131larak g\u00fcvenilir bir yap\u0131\u015ft\u0131rma sistemi olu\u015fturmas\u0131 ama\u00e7lanm\u0131\u015ft\u0131r.<\/p>\n<p>Bu sistem, zorlu end\u00fcstriyel ko\u015fullar alt\u0131nda istikrarl\u0131 performans sa\u011flayarak <strong>korozyona, y\u00fcksek s\u0131cakl\u0131klara ve ya\u011flara kar\u015f\u0131 m\u00fckemmel diren\u00e7<\/strong> sunar.<br> <strong>KA&amp;MELOCK KM 20 yap\u0131\u015ft\u0131rma sistemi kur\u015funsuzdur<\/strong>.<\/p>\n<p>KA&amp;MELOCK KM 20, <strong>do\u011fal kau\u00e7uk (NR), b\u00fctadien kau\u00e7uk (BR), izopren kau\u00e7uk (IR), stiren-b\u00fctadien kau\u00e7uk (SBR), b\u00fctil kau\u00e7uk (IIR), nitril kau\u00e7uk (NBR) ve kloropren kau\u00e7uk (CR)<\/strong> bazl\u0131 elastomer bile\u015fiklerinin <strong>\u00e7o\u011fu metal, metal ala\u015f\u0131m\u0131 ve polar polimerik y\u00fczeye<\/strong> g\u00fcvenilir bir \u015fekilde yap\u0131\u015fmas\u0131n\u0131 sa\u011flar.<\/p>\n<p>Yap\u0131\u015ft\u0131rma, kau\u00e7u\u011fun <strong>vulkanizasyon s\u00fcreci<\/strong> s\u0131ras\u0131nda ger\u00e7ekle\u015fir.<br>Kal\u0131plama uygulamalar\u0131 i\u00e7in tipik k\u00fcrleme s\u0131cakl\u0131klar\u0131 <strong>130 ila 180 \u00b0C<\/strong> aras\u0131nda de\u011fi\u015fir.<\/p>\n\t\t\t\t<\/div>\n\t\t\t<\/div><\/div>\t\t\t\t<\/div>\n\t\t\t\t<\/div>\n\t\t<div class=\"elementor-element elementor-element-97ab580 e-con-full e-flex wpr-particle-no wpr-jarallax-no wpr-parallax-no wpr-sticky-section-no wpr-equal-height-no e-con e-child\" data-id=\"97ab580\" data-element_type=\"container\" data-e-type=\"container\">\n\t\t\t\t<div class=\"elementor-element elementor-element-619c866 elementor-widget elementor-widget-image\" data-id=\"619c866\" data-element_type=\"widget\" data-e-type=\"widget\" data-widget_type=\"image.default\">\n\t\t\t\t\t\t\t\t\t\t\t\t\t\t\t<img fetchpriority=\"high\" decoding=\"async\" width=\"683\" height=\"1024\" src=\"https:\/\/gotec-bonding-agent-systems.com\/wp-content\/uploads\/2026\/02\/KAMELOCK-KM-20-683x1024.png\" class=\"attachment-large size-large wp-image-8698\" alt=\"KA&amp;MELOCK KM 20\" srcset=\"https:\/\/gotec-bonding-agent-systems.com\/wp-content\/uploads\/2026\/02\/KAMELOCK-KM-20-683x1024.png 683w, https:\/\/gotec-bonding-agent-systems.com\/wp-content\/uploads\/2026\/02\/KAMELOCK-KM-20-200x300.png 200w, https:\/\/gotec-bonding-agent-systems.com\/wp-content\/uploads\/2026\/02\/KAMELOCK-KM-20-600x900.png 600w, https:\/\/gotec-bonding-agent-systems.com\/wp-content\/uploads\/2026\/02\/KAMELOCK-KM-20.png 1024w\" sizes=\"100vw\" \/>\t\t\t\t\t\t\t\t\t\t\t\t\t\t\t<\/div>\n\t\t\t\t<div class=\"elementor-element elementor-element-3c837e0 elementor-widget elementor-widget-spacer\" data-id=\"3c837e0\" data-element_type=\"widget\" data-e-type=\"widget\" data-widget_type=\"spacer.default\">\n\t\t\t\t\t\t\t<div class=\"elementor-spacer\">\n\t\t\t<div class=\"elementor-spacer-inner\"><\/div>\n\t\t<\/div>\n\t\t\t\t\t\t<\/div>\n\t\t\t\t<div class=\"elementor-element elementor-element-ff44b2c elementor-widget elementor-widget-button\" data-id=\"ff44b2c\" data-element_type=\"widget\" data-e-type=\"widget\" data-widget_type=\"button.default\">\n\t\t\t\t\t\t\t\t\t\t<a class=\"elementor-button elementor-button-link elementor-size-sm\" href=\"https:\/\/gotec-bonding-agent-systems.com\/wp-content\/uploads\/2026\/01\/9gAZ0t-Unknown.pdf\">\n\t\t\t\t\t\t<span class=\"elementor-button-content-wrapper\">\n\t\t\t\t\t\t\t\t\t<span class=\"elementor-button-text\">PDF \u0130ND\u0130R<\/span>\n\t\t\t\t\t<\/span>\n\t\t\t\t\t<\/a>\n\t\t\t\t\t\t\t\t<\/div>\n\t\t\t\t<\/div>\n\t\t\t\t\t<\/div>\n\t\t\t\t<\/div>\n\t\t\t\t<section class=\"elementor-section elementor-top-section elementor-element elementor-element-5612abe elementor-section-boxed elementor-section-height-default elementor-section-height-default wpr-particle-no wpr-jarallax-no wpr-parallax-no wpr-sticky-section-no wpr-equal-height-no\" data-id=\"5612abe\" data-element_type=\"section\" data-e-type=\"section\">\n\t\t\t\t\t\t<div class=\"elementor-container elementor-column-gap-default\">\n\t\t\t\t\t<div class=\"elementor-column elementor-col-100 elementor-top-column elementor-element elementor-element-41a7f47\" data-id=\"41a7f47\" data-element_type=\"column\" data-e-type=\"column\">\n\t\t\t<div class=\"elementor-widget-wrap elementor-element-populated\">\n\t\t\t\t\t\t<div class=\"elementor-element elementor-element-6fa31e6 elementor-widget elementor-widget-heading\" data-id=\"6fa31e6\" data-element_type=\"widget\" data-e-type=\"widget\" data-widget_type=\"heading.default\">\n\t\t\t\t\t<h2 class=\"elementor-heading-title elementor-size-default\">Teknik Veriler<\/h2>\t\t\t\t<\/div>\n\t\t\t\t<div class=\"elementor-element elementor-element-f480252 wpr-list-style-none elementor-widget elementor-widget-wpr-posts-timeline\" data-id=\"f480252\" data-element_type=\"widget\" data-e-type=\"widget\" data-settings=\"{&quot;animation_offset&quot;:150,&quot;aos_animation_duration&quot;:600}\" data-widget_type=\"wpr-posts-timeline.default\">\n\t\t\t\t\t\n\t\t<div class=\"wpr-wrapper wpr-vertical wpr-one-sided-wrapper\">\n\t\t\t<div class=\"wpr-timeline-centered wpr-line wpr-one-sided-timeline\"><div class=\"wpr-middle-line\"><\/div><div class=\"wpr-timeline-fill\" data-layout=\"one-sided\"><\/div><article class=\"wpr-timeline-entry wpr-right-aligned elementor-repeater-item-f94da51\" data-item-id=\"elementor-repeater-item-f94da51\"><div class=\"wpr-timeline-entry-inner\"><div class=\"wpr-main-line-icon wpr-icon\"><\/div><div class=\"wpr-story-info-vertical wpr-data-wrap \"  data-aos=\"fade\" data-aos-left=\"\" data-aos-right=\"\" data-animation-offset=\"150\" data-animation-duration=\"600\"><div class=\"wpr-timeline-content-wrapper\"><div class=\"wpr-content-wrapper\"><div class=\"wpr-description\"><table>\n<tbody>\n<tr>\n<td>\n<p>Renk Siyah \u2013 Ye\u015fil S\u0131v\u0131<\/p>\n<\/td>\n<td>\n<p> <\/p>\n<\/td>\n<\/tr>\n<\/tbody>\n<\/table>\n<table style=\"height: 124px\" width=\"238\">\n<tbody>\n<tr>\n<td>\n<p>Viskozite 4 mm DIN-Kupa 30 \u2013 70 s<\/p>\n<\/td>\n<td> <\/td>\n<\/tr>\n<\/tbody>\n<\/table>\n<table>\n<tbody>\n<tr>\n<td>\n<p>Viskozite, cps@25\u00b0C(77\u00b0F)<\/p>\n<table>\n<tbody>\n<tr>\n<td>\n<p> 80 \u2013 250 mPas<\/p>\n<\/td>\n<\/tr>\n<\/tbody>\n<\/table>\n<p>Brookfield SNB1<br>Mil 2, 30 dev\/dak<\/p>\n<\/td>\n<td> <\/td>\n<\/tr>\n<\/tbody>\n<\/table><\/div><\/div><\/div><\/div>\n\t\t\t\t\t\t<\/div>\n\t\t\t\t<\/article><article class=\"wpr-timeline-entry wpr-right-aligned elementor-repeater-item-2a37755\" data-item-id=\"elementor-repeater-item-2a37755\"><div class=\"wpr-timeline-entry-inner\"><div class=\"wpr-main-line-icon wpr-icon\"><\/div><div class=\"wpr-story-info-vertical wpr-data-wrap \"  data-aos=\"fade\" data-aos-left=\"\" data-aos-right=\"\" data-animation-offset=\"150\" data-animation-duration=\"600\"><div class=\"wpr-timeline-content-wrapper\"><div class=\"wpr-content-wrapper\"><div class=\"wpr-description\"><table>\n<tbody>\n<tr>\n<td>\n<p>\u00d6zg\u00fcl A\u011f\u0131rl\u0131k 0,96 \u2013 1,04 g\/cm\u00b3<\/p>\n<\/td>\n<td> <\/td>\n<\/tr>\n<\/tbody>\n<\/table>\n<table style=\"height: 172px\" width=\"201\">\n<tbody>\n<tr>\n<td>\n<p>Kat\u0131 Madde \u0130\u00e7eri\u011fi A\u011f\u0131rl\u0131k\u00e7a %22 \u2013 26<\/p>\n<\/td>\n<td> <\/td>\n<\/tr>\n<\/tbody>\n<\/table>\n<table>\n<tbody>\n<tr>\n<td>\n<p>Solventler Ksilen<\/p>\n<\/td>\n<td>\n<p> <\/p>\n<\/td>\n<\/tr>\n<\/tbody>\n<\/table>\n<p>*Veriler tipiktir ve spesifikasyon ama\u00e7lar\u0131 i\u00e7in kullan\u0131lmamal\u0131d\u0131r.<\/p><\/div><\/div><\/div><\/div>\n\t\t\t\t\t\t<\/div>\n\t\t\t\t<\/article><\/div>    \n\t\t\t<\/div>\t\t\t\t<\/div>\n\t\t\t\t<div class=\"elementor-element elementor-element-956306b elementor-widget elementor-widget-text-editor\" data-id=\"956306b\" data-element_type=\"widget\" data-e-type=\"widget\" data-widget_type=\"text-editor.default\">\n\t\t\t\t\t\t\t\t\t<p data-start=\"257\" data-end=\"514\"><strong data-start=\"257\" data-end=\"282\">GOTEC Bonding Systems<\/strong>, m\u00fc\u015fterilerine m\u00fcmk\u00fcn olan en y\u00fcksek kaliteyi sunmaya kararl\u0131d\u0131r.<br data-start=\"356\" data-end=\"359\">Yap\u0131land\u0131r\u0131lm\u0131\u015f ve g\u00fcvenilir bir kalite y\u00f6netim sistemi, t\u00fcm \u00fcr\u00fcnlerin tan\u0131mlanm\u0131\u015f performans gereksinimlerini ve m\u00fc\u015fteri beklentilerini tutarl\u0131 bir \u015fekilde kar\u015f\u0131lamas\u0131n\u0131 sa\u011flar.<\/p>\n<p data-start=\"516\" data-end=\"752\"><strong data-start=\"516\" data-end=\"544\">KA&amp;MELOCK yap\u0131\u015ft\u0131rma ajanlar\u0131<\/strong>, solvent bazl\u0131d\u0131r ve <strong data-start=\"652\" data-end=\"703\">a\u015f\u0131r\u0131 s\u0131cakl\u0131klar ve y\u00fcksek mekanik stres<\/strong> dahil olmak \u00fczere <strong data-start=\"620\" data-end=\"640\">zorlu ko\u015fullar<\/strong> alt\u0131nda bile geni\u015f bir end\u00fcstriyel uygulama yelpazesinde g\u00fcvenilir, sorunsuz uygulama sa\u011flar.<\/p>\n<p data-start=\"754\" data-end=\"1045\"><strong data-start=\"770\" data-end=\"817\">Do\u011fru test ve analizin temel oldu\u011funa inan\u0131yoruz<\/strong>.<br data-start=\"818\" data-end=\"821\">T\u00fcm KA&amp;MELOCK \u00fcr\u00fcnleri laboratuvarlar\u0131m\u0131zda titizlikle test edilmekte ve belgelenmektedir. Buna paralel olarak, <strong data-start=\"919\" data-end=\"937\">Ar-Ge faaliyetlerimiz<\/strong>, \u00f6zel demo ve test tesislerimizde \u00fcr\u00fcn geli\u015ftirme ve optimizasyonunu s\u00fcrekli olarak desteklemektedir. <\/p>\t\t\t\t\t\t\t\t<\/div>\n\t\t\t\t\t<\/div>\n\t\t<\/div>\n\t\t\t\t\t<\/div>\n\t\t<\/section>\n\t\t\t\t<\/div>\n\t\t\n    <div class=\"xs_social_share_widget xs_share_url after_content \t\tmain_content  wslu-style-1 wslu-share-box-shaped wslu-fill-colored wslu-none wslu-share-horizontal wslu-theme-font-no wslu-main_content\">\n\n\t\t\n        <ul>\n\t\t\t        <\/ul>\n    <\/div> \n","protected":false},"excerpt":{"rendered":"<p>KA&amp;MELOCK KM 20 KA&amp;MELOCK KM 20, geni\u015f bir elastomer bile\u015fikleri yelpazesini metal ve plastik y\u00fczeylere yap\u0131\u015ft\u0131rmak i\u00e7in tasarlanm\u0131\u015f evrensel bir yap\u0131\u015ft\u0131rma ajan\u0131d\u0131r.Uygun KA&amp;MELOCK MP 05 astar\u0131 ile birlikte kullan\u0131larak g\u00fcvenilir bir yap\u0131\u015ft\u0131rma sistemi olu\u015fturmas\u0131 ama\u00e7lanm\u0131\u015ft\u0131r. Bu sistem, zorlu end\u00fcstriyel ko\u015fullar alt\u0131nda istikrarl\u0131 performans sa\u011flayarak korozyona, y\u00fcksek s\u0131cakl\u0131klara ve ya\u011flara kar\u015f\u0131 m\u00fckemmel diren\u00e7 sunar. KA&amp;MELOCK KM 20 yap\u0131\u015ft\u0131rma sistemi kur\u015funsuzdur. KA&amp;MELOCK KM 20, do\u011fal kau\u00e7uk (NR), b\u00fctadien kau\u00e7uk (BR), izopren kau\u00e7uk (IR), stiren-b\u00fctadien kau\u00e7uk (SBR), b\u00fctil kau\u00e7uk (IIR), nitril kau\u00e7uk (NBR) ve kloropren kau\u00e7uk (CR) bazl\u0131 elastomer bile\u015fiklerinin \u00e7o\u011fu metal, metal ala\u015f\u0131m\u0131 ve polar polimerik y\u00fczeye g\u00fcvenilir bir \u015fekilde yap\u0131\u015fmas\u0131n\u0131 sa\u011flar. Yap\u0131\u015ft\u0131rma, kau\u00e7u\u011fun vulkanizasyon s\u00fcreci s\u0131ras\u0131nda ger\u00e7ekle\u015fir.Kal\u0131plama uygulamalar\u0131 i\u00e7in tipik k\u00fcrleme s\u0131cakl\u0131klar\u0131 130 ila 180 \u00b0C aras\u0131nda de\u011fi\u015fir. PDF \u0130ND\u0130R Teknik Veriler Renk Siyah \u2013 Ye\u015fil S\u0131v\u0131 Viskozite 4 mm DIN-Kupa 30 \u2013 70 s Viskozite, cps@25\u00b0C(77\u00b0F) 80 \u2013 250 mPas Brookfield SNB1Mil 2, 30 dev\/dak \u00d6zg\u00fcl A\u011f\u0131rl\u0131k 0,96 \u2013 1,04 g\/cm\u00b3 Kat\u0131 Madde \u0130\u00e7eri\u011fi A\u011f\u0131rl\u0131k\u00e7a %22 \u2013 26 Solventler Ksilen *Veriler tipiktir ve spesifikasyon ama\u00e7lar\u0131 i\u00e7in kullan\u0131lmamal\u0131d\u0131r. GOTEC Bonding Systems, m\u00fc\u015fterilerine m\u00fcmk\u00fcn olan en y\u00fcksek kaliteyi sunmaya kararl\u0131d\u0131r.Yap\u0131land\u0131r\u0131lm\u0131\u015f ve g\u00fcvenilir bir kalite y\u00f6netim sistemi, t\u00fcm \u00fcr\u00fcnlerin tan\u0131mlanm\u0131\u015f performans gereksinimlerini ve m\u00fc\u015fteri beklentilerini tutarl\u0131 bir \u015fekilde kar\u015f\u0131lamas\u0131n\u0131 sa\u011flar. KA&amp;MELOCK yap\u0131\u015ft\u0131rma ajanlar\u0131, solvent bazl\u0131d\u0131r ve a\u015f\u0131r\u0131 s\u0131cakl\u0131klar ve y\u00fcksek mekanik stres dahil olmak \u00fczere zorlu ko\u015fullar alt\u0131nda bile geni\u015f bir end\u00fcstriyel uygulama yelpazesinde g\u00fcvenilir, sorunsuz uygulama sa\u011flar. Do\u011fru test ve analizin temel oldu\u011funa inan\u0131yoruz.T\u00fcm KA&amp;MELOCK \u00fcr\u00fcnleri laboratuvarlar\u0131m\u0131zda titizlikle test edilmekte ve belgelenmektedir. Buna paralel olarak, Ar-Ge faaliyetlerimiz, \u00f6zel demo ve test tesislerimizde \u00fcr\u00fcn geli\u015ftirme ve optimizasyonunu s\u00fcrekli olarak desteklemektedir.<\/p>\n","protected":false},"author":1,"featured_media":0,"parent":0,"menu_order":0,"comment_status":"closed","ping_status":"closed","template":"","meta":{"postBodyCss":"","postBodyMargin":[],"postBodyPadding":[],"postBodyBackground":{"backgroundType":"classic","gradient":""},"inspiro_hide_title":false,"footnotes":""},"class_list":["post-8696","page","type-page","status-publish","hentry"],"yoast_head":"<!-- This site is optimized with the Yoast SEO plugin v27.4 - https:\/\/yoast.com\/product\/yoast-seo-wordpress\/ -->\n<title>KA&amp;MELOCK KM 20 \u2013 Kur\u015funsuz yap\u0131\u015fma sistemi<\/title>\n<meta name=\"description\" content=\"KA&amp;MELOCK KM 20, elastomer bile\u015fiklerini metal ve plastik y\u00fczeylere g\u00fcvenle yap\u0131\u015ft\u0131rmak i\u00e7in geli\u015ftirilmi\u015f yap\u0131\u015ft\u0131rma ajan\u0131d\u0131r.\" \/>\n<meta name=\"robots\" content=\"index, follow, max-snippet:-1, max-image-preview:large, max-video-preview:-1\" \/>\n<link rel=\"canonical\" href=\"https:\/\/gotec-bonding-agent-systems.com\/tr\/kamelock-km-20\/\" \/>\n<meta property=\"og:locale\" content=\"tr_TR\" \/>\n<meta property=\"og:type\" content=\"article\" \/>\n<meta property=\"og:title\" content=\"KA&amp;MELOCK KM 20 \u2013 Kur\u015funsuz yap\u0131\u015fma sistemi\" \/>\n<meta property=\"og:description\" content=\"KA&amp;MELOCK KM 20, elastomer bile\u015fiklerini metal ve plastik y\u00fczeylere g\u00fcvenle yap\u0131\u015ft\u0131rmak i\u00e7in geli\u015ftirilmi\u015f yap\u0131\u015ft\u0131rma ajan\u0131d\u0131r.\" \/>\n<meta property=\"og:url\" content=\"https:\/\/gotec-bonding-agent-systems.com\/tr\/kamelock-km-20\/\" \/>\n<meta property=\"og:site_name\" content=\"GOTEC Bonding Systems\" \/>\n<meta property=\"article:modified_time\" content=\"2026-04-03T13:27:12+00:00\" \/>\n<meta property=\"og:image\" content=\"https:\/\/gotec-bonding-agent-systems.com\/wp-content\/uploads\/2026\/02\/KAMELOCK-KM-20-683x1024.png\" \/>\n<meta name=\"twitter:card\" content=\"summary_large_image\" \/>\n<meta name=\"twitter:label1\" content=\"Tahmini okuma s\u00fcresi\" \/>\n\t<meta name=\"twitter:data1\" content=\"2 dakika\" \/>\n<script type=\"application\/ld+json\" class=\"yoast-schema-graph\">{\"@context\":\"https:\\\/\\\/schema.org\",\"@graph\":[{\"@type\":\"WebPage\",\"@id\":\"https:\\\/\\\/gotec-bonding-agent-systems.com\\\/tr\\\/kamelock-km-20\\\/\",\"url\":\"https:\\\/\\\/gotec-bonding-agent-systems.com\\\/tr\\\/kamelock-km-20\\\/\",\"name\":\"KA&MELOCK KM 20 \u2013 Kur\u015funsuz yap\u0131\u015fma sistemi\",\"isPartOf\":{\"@id\":\"https:\\\/\\\/gotec-bonding-agent-systems.com\\\/#website\"},\"primaryImageOfPage\":{\"@id\":\"https:\\\/\\\/gotec-bonding-agent-systems.com\\\/tr\\\/kamelock-km-20\\\/#primaryimage\"},\"image\":{\"@id\":\"https:\\\/\\\/gotec-bonding-agent-systems.com\\\/tr\\\/kamelock-km-20\\\/#primaryimage\"},\"thumbnailUrl\":\"https:\\\/\\\/gotec-bonding-agent-systems.com\\\/wp-content\\\/uploads\\\/2026\\\/02\\\/KAMELOCK-KM-20-683x1024.png\",\"datePublished\":\"2026-01-22T21:44:14+00:00\",\"dateModified\":\"2026-04-03T13:27:12+00:00\",\"description\":\"KA&MELOCK KM 20, elastomer bile\u015fiklerini metal ve plastik y\u00fczeylere g\u00fcvenle yap\u0131\u015ft\u0131rmak i\u00e7in geli\u015ftirilmi\u015f yap\u0131\u015ft\u0131rma ajan\u0131d\u0131r.\",\"breadcrumb\":{\"@id\":\"https:\\\/\\\/gotec-bonding-agent-systems.com\\\/tr\\\/kamelock-km-20\\\/#breadcrumb\"},\"inLanguage\":\"tr\",\"potentialAction\":[{\"@type\":\"ReadAction\",\"target\":[\"https:\\\/\\\/gotec-bonding-agent-systems.com\\\/tr\\\/kamelock-km-20\\\/\"]}]},{\"@type\":\"ImageObject\",\"inLanguage\":\"tr\",\"@id\":\"https:\\\/\\\/gotec-bonding-agent-systems.com\\\/tr\\\/kamelock-km-20\\\/#primaryimage\",\"url\":\"https:\\\/\\\/gotec-bonding-agent-systems.com\\\/wp-content\\\/uploads\\\/2026\\\/02\\\/KAMELOCK-KM-20-683x1024.png\",\"contentUrl\":\"https:\\\/\\\/gotec-bonding-agent-systems.com\\\/wp-content\\\/uploads\\\/2026\\\/02\\\/KAMELOCK-KM-20-683x1024.png\"},{\"@type\":\"BreadcrumbList\",\"@id\":\"https:\\\/\\\/gotec-bonding-agent-systems.com\\\/tr\\\/kamelock-km-20\\\/#breadcrumb\",\"itemListElement\":[{\"@type\":\"ListItem\",\"position\":1,\"name\":\"Start\",\"item\":\"https:\\\/\\\/gotec-bonding-agent-systems.com\\\/tr\\\/\"},{\"@type\":\"ListItem\",\"position\":2,\"name\":\"KA&amp;MELOCK KM 20 \u2013 Kur\u015funsuz yap\u0131\u015fma sistemi\"}]},{\"@type\":\"WebSite\",\"@id\":\"https:\\\/\\\/gotec-bonding-agent-systems.com\\\/#website\",\"url\":\"https:\\\/\\\/gotec-bonding-agent-systems.com\\\/\",\"name\":\"GOTEC Bonding Systems\",\"description\":\"\",\"publisher\":{\"@id\":\"https:\\\/\\\/gotec-bonding-agent-systems.com\\\/#organization\"},\"potentialAction\":[{\"@type\":\"SearchAction\",\"target\":{\"@type\":\"EntryPoint\",\"urlTemplate\":\"https:\\\/\\\/gotec-bonding-agent-systems.com\\\/?s={search_term_string}\"},\"query-input\":{\"@type\":\"PropertyValueSpecification\",\"valueRequired\":true,\"valueName\":\"search_term_string\"}}],\"inLanguage\":\"tr\"},{\"@type\":\"Organization\",\"@id\":\"https:\\\/\\\/gotec-bonding-agent-systems.com\\\/#organization\",\"name\":\"GOTEC Bonding Systems\",\"url\":\"https:\\\/\\\/gotec-bonding-agent-systems.com\\\/\",\"logo\":{\"@type\":\"ImageObject\",\"inLanguage\":\"tr\",\"@id\":\"https:\\\/\\\/gotec-bonding-agent-systems.com\\\/#\\\/schema\\\/logo\\\/image\\\/\",\"url\":\"https:\\\/\\\/gotec-bonding-agent-systems.com\\\/wp-content\\\/uploads\\\/2025\\\/11\\\/cropped-GOTEC_Bonding_Systems_Logo.png\",\"contentUrl\":\"https:\\\/\\\/gotec-bonding-agent-systems.com\\\/wp-content\\\/uploads\\\/2025\\\/11\\\/cropped-GOTEC_Bonding_Systems_Logo.png\",\"width\":2122,\"height\":1287,\"caption\":\"GOTEC Bonding Systems\"},\"image\":{\"@id\":\"https:\\\/\\\/gotec-bonding-agent-systems.com\\\/#\\\/schema\\\/logo\\\/image\\\/\"}}]}<\/script>\n<!-- \/ Yoast SEO plugin. -->","yoast_head_json":{"title":"KA&MELOCK KM 20 \u2013 Kur\u015funsuz yap\u0131\u015fma sistemi","description":"KA&MELOCK KM 20, elastomer bile\u015fiklerini metal ve plastik y\u00fczeylere g\u00fcvenle yap\u0131\u015ft\u0131rmak i\u00e7in geli\u015ftirilmi\u015f yap\u0131\u015ft\u0131rma ajan\u0131d\u0131r.","robots":{"index":"index","follow":"follow","max-snippet":"max-snippet:-1","max-image-preview":"max-image-preview:large","max-video-preview":"max-video-preview:-1"},"canonical":"https:\/\/gotec-bonding-agent-systems.com\/tr\/kamelock-km-20\/","og_locale":"tr_TR","og_type":"article","og_title":"KA&MELOCK KM 20 \u2013 Kur\u015funsuz yap\u0131\u015fma sistemi","og_description":"KA&MELOCK KM 20, elastomer bile\u015fiklerini metal ve plastik y\u00fczeylere g\u00fcvenle yap\u0131\u015ft\u0131rmak i\u00e7in geli\u015ftirilmi\u015f yap\u0131\u015ft\u0131rma ajan\u0131d\u0131r.","og_url":"https:\/\/gotec-bonding-agent-systems.com\/tr\/kamelock-km-20\/","og_site_name":"GOTEC Bonding Systems","article_modified_time":"2026-04-03T13:27:12+00:00","og_image":[{"url":"https:\/\/gotec-bonding-agent-systems.com\/wp-content\/uploads\/2026\/02\/KAMELOCK-KM-20-683x1024.png","type":"","width":"","height":""}],"twitter_card":"summary_large_image","twitter_misc":{"Tahmini okuma s\u00fcresi":"2 dakika"},"schema":{"@context":"https:\/\/schema.org","@graph":[{"@type":"WebPage","@id":"https:\/\/gotec-bonding-agent-systems.com\/tr\/kamelock-km-20\/","url":"https:\/\/gotec-bonding-agent-systems.com\/tr\/kamelock-km-20\/","name":"KA&MELOCK KM 20 \u2013 Kur\u015funsuz yap\u0131\u015fma sistemi","isPartOf":{"@id":"https:\/\/gotec-bonding-agent-systems.com\/#website"},"primaryImageOfPage":{"@id":"https:\/\/gotec-bonding-agent-systems.com\/tr\/kamelock-km-20\/#primaryimage"},"image":{"@id":"https:\/\/gotec-bonding-agent-systems.com\/tr\/kamelock-km-20\/#primaryimage"},"thumbnailUrl":"https:\/\/gotec-bonding-agent-systems.com\/wp-content\/uploads\/2026\/02\/KAMELOCK-KM-20-683x1024.png","datePublished":"2026-01-22T21:44:14+00:00","dateModified":"2026-04-03T13:27:12+00:00","description":"KA&MELOCK KM 20, elastomer bile\u015fiklerini metal ve plastik y\u00fczeylere g\u00fcvenle yap\u0131\u015ft\u0131rmak i\u00e7in geli\u015ftirilmi\u015f yap\u0131\u015ft\u0131rma ajan\u0131d\u0131r.","breadcrumb":{"@id":"https:\/\/gotec-bonding-agent-systems.com\/tr\/kamelock-km-20\/#breadcrumb"},"inLanguage":"tr","potentialAction":[{"@type":"ReadAction","target":["https:\/\/gotec-bonding-agent-systems.com\/tr\/kamelock-km-20\/"]}]},{"@type":"ImageObject","inLanguage":"tr","@id":"https:\/\/gotec-bonding-agent-systems.com\/tr\/kamelock-km-20\/#primaryimage","url":"https:\/\/gotec-bonding-agent-systems.com\/wp-content\/uploads\/2026\/02\/KAMELOCK-KM-20-683x1024.png","contentUrl":"https:\/\/gotec-bonding-agent-systems.com\/wp-content\/uploads\/2026\/02\/KAMELOCK-KM-20-683x1024.png"},{"@type":"BreadcrumbList","@id":"https:\/\/gotec-bonding-agent-systems.com\/tr\/kamelock-km-20\/#breadcrumb","itemListElement":[{"@type":"ListItem","position":1,"name":"Start","item":"https:\/\/gotec-bonding-agent-systems.com\/tr\/"},{"@type":"ListItem","position":2,"name":"KA&amp;MELOCK KM 20 \u2013 Kur\u015funsuz yap\u0131\u015fma sistemi"}]},{"@type":"WebSite","@id":"https:\/\/gotec-bonding-agent-systems.com\/#website","url":"https:\/\/gotec-bonding-agent-systems.com\/","name":"GOTEC Bonding Systems","description":"","publisher":{"@id":"https:\/\/gotec-bonding-agent-systems.com\/#organization"},"potentialAction":[{"@type":"SearchAction","target":{"@type":"EntryPoint","urlTemplate":"https:\/\/gotec-bonding-agent-systems.com\/?s={search_term_string}"},"query-input":{"@type":"PropertyValueSpecification","valueRequired":true,"valueName":"search_term_string"}}],"inLanguage":"tr"},{"@type":"Organization","@id":"https:\/\/gotec-bonding-agent-systems.com\/#organization","name":"GOTEC Bonding Systems","url":"https:\/\/gotec-bonding-agent-systems.com\/","logo":{"@type":"ImageObject","inLanguage":"tr","@id":"https:\/\/gotec-bonding-agent-systems.com\/#\/schema\/logo\/image\/","url":"https:\/\/gotec-bonding-agent-systems.com\/wp-content\/uploads\/2025\/11\/cropped-GOTEC_Bonding_Systems_Logo.png","contentUrl":"https:\/\/gotec-bonding-agent-systems.com\/wp-content\/uploads\/2025\/11\/cropped-GOTEC_Bonding_Systems_Logo.png","width":2122,"height":1287,"caption":"GOTEC Bonding Systems"},"image":{"@id":"https:\/\/gotec-bonding-agent-systems.com\/#\/schema\/logo\/image\/"}}]}},"featured_media_urls":[],"_links":{"self":[{"href":"https:\/\/gotec-bonding-agent-systems.com\/tr\/wp-json\/wp\/v2\/pages\/8696","targetHints":{"allow":["GET"]}}],"collection":[{"href":"https:\/\/gotec-bonding-agent-systems.com\/tr\/wp-json\/wp\/v2\/pages"}],"about":[{"href":"https:\/\/gotec-bonding-agent-systems.com\/tr\/wp-json\/wp\/v2\/types\/page"}],"author":[{"embeddable":true,"href":"https:\/\/gotec-bonding-agent-systems.com\/tr\/wp-json\/wp\/v2\/users\/1"}],"replies":[{"embeddable":true,"href":"https:\/\/gotec-bonding-agent-systems.com\/tr\/wp-json\/wp\/v2\/comments?post=8696"}],"version-history":[{"count":9,"href":"https:\/\/gotec-bonding-agent-systems.com\/tr\/wp-json\/wp\/v2\/pages\/8696\/revisions"}],"predecessor-version":[{"id":9384,"href":"https:\/\/gotec-bonding-agent-systems.com\/tr\/wp-json\/wp\/v2\/pages\/8696\/revisions\/9384"}],"wp:attachment":[{"href":"https:\/\/gotec-bonding-agent-systems.com\/tr\/wp-json\/wp\/v2\/media?parent=8696"}],"curies":[{"name":"wp","href":"https:\/\/api.w.org\/{rel}","templated":true}]}}