{"id":8703,"date":"2026-01-22T21:54:14","date_gmt":"2026-01-22T21:54:14","guid":{"rendered":"https:\/\/gotec-bonding-agent-systems.com\/kamelock-km-22\/"},"modified":"2026-04-03T13:34:04","modified_gmt":"2026-04-03T13:34:04","slug":"kamelock-km-22","status":"publish","type":"page","link":"https:\/\/gotec-bonding-agent-systems.com\/tr\/kamelock-km-22\/","title":{"rendered":"KA&amp;MELOCK KM 22 \u2013 Elastomerler i\u00e7in evrensel yap\u0131\u015fma sistemleri"},"content":{"rendered":"\t\t<div data-elementor-type=\"wp-page\" data-elementor-id=\"8703\" class=\"elementor elementor-8703 elementor-7815\">\n\t\t\t\t<div class=\"elementor-element elementor-element-5d1e8613 e-flex e-con-boxed wpr-particle-no wpr-jarallax-no wpr-parallax-no wpr-sticky-section-no wpr-equal-height-no e-con e-parent\" data-id=\"5d1e8613\" data-element_type=\"container\" data-e-type=\"container\">\n\t\t\t\t\t<div class=\"e-con-inner\">\n\t\t\t\t<div class=\"elementor-element elementor-element-324bb969 elementor-widget elementor-widget-text-editor\" data-id=\"324bb969\" data-element_type=\"widget\" data-e-type=\"widget\" data-widget_type=\"text-editor.default\">\n\t\t\t\t\t\t\t\t\t\n<p\/>\n\n\n\n<p\/>\n\t\t\t\t\t\t\t\t<\/div>\n\t\t\t\t\t<\/div>\n\t\t\t\t<\/div>\n\t\t<div class=\"elementor-element elementor-element-6023780 e-flex e-con-boxed wpr-particle-no wpr-jarallax-no wpr-parallax-no wpr-sticky-section-no wpr-equal-height-no e-con e-parent\" data-id=\"6023780\" data-element_type=\"container\" data-e-type=\"container\" data-settings=\"{&quot;background_background&quot;:&quot;classic&quot;}\">\n\t\t\t\t\t<div class=\"e-con-inner\">\n\t\t<div class=\"elementor-element elementor-element-d875da3 e-con-full e-flex wpr-particle-no wpr-jarallax-no wpr-parallax-no wpr-sticky-section-no wpr-equal-height-no e-con e-child\" data-id=\"d875da3\" data-element_type=\"container\" data-e-type=\"container\">\n\t\t\t\t<div class=\"elementor-element elementor-element-d988995 elementor-widget elementor-widget-elementskit-heading\" data-id=\"d988995\" data-element_type=\"widget\" data-e-type=\"widget\" data-widget_type=\"elementskit-heading.default\">\n\t\t\t\t\t<div class=\"ekit-wid-con\" ><div class=\"ekit-heading elementskit-section-title-wraper text_left   ekit_heading_tablet-   ekit_heading_mobile-\"><h2 class=\"ekit-heading--title elementskit-section-title \">KA&amp;MELOCK KM 22<\/h2>\t\t\t\t<div class='ekit-heading__description'>\n\t\t\t\t\t<p><strong>KA&amp;MELOCK KM 22<\/strong>, geni\u015f bir yelpazedeki elastomer bile\u015fiklerini <strong>metal ve plastik y\u00fczeylere<\/strong> yap\u0131\u015ft\u0131rmak i\u00e7in tasarlanm\u0131\u015f <strong>evrensel bir elastomer yap\u0131\u015ft\u0131r\u0131c\u0131d\u0131r<\/strong>. Uygun astar <strong>KA&amp;MELOCK MP 05<\/strong> ile birlikte kullan\u0131lmak \u00fczere tasarlanm\u0131\u015ft\u0131r. <\/p>\n<p>Bu yap\u0131\u015ft\u0131rma sistemi, <strong>korozyona, s\u0131cakl\u0131\u011fa ve ya\u011flara kar\u015f\u0131 m\u00fckemmel diren\u00e7<\/strong> sa\u011flar. KA&amp;MELOCK KM 22 sistemi <strong>kur\u015funsuzdur<\/strong> ve zorlu end\u00fcstriyel uygulamalar i\u00e7in uygundur. <\/p>\n<p>KA&amp;MELOCK KM 20, <strong>Do\u011fal Kau\u00e7uk (NR), B\u00fctadien (BR), \u0130zopren (IR), Stiren-B\u00fctadien Kau\u00e7uk (SBR), B\u00fctil Kau\u00e7uk (IIR), Nitril Kau\u00e7uk (NBR) ve Kloropren Kau\u00e7uk (CR)<\/strong> bazl\u0131 elastomer bile\u015fiklerini geni\u015f bir yelpazedeki <strong>metaller, ala\u015f\u0131mlar ve polar polimerik y\u00fczeylere<\/strong> yap\u0131\u015ft\u0131r\u0131r.<\/p>\n<p>Yap\u0131\u015ft\u0131rma, <strong>vulkanizasyon i\u015flemi<\/strong> s\u0131ras\u0131nda ger\u00e7ekle\u015fir. Kal\u0131plama uygulamalar\u0131 i\u00e7in tipik k\u00fcrleme s\u0131cakl\u0131klar\u0131 <strong>130\u2013180 \u00b0C<\/strong> aras\u0131nda de\u011fi\u015fir.<br> <strong>Tank kaplama uygulamalar\u0131<\/strong> i\u00e7in, yakla\u015f\u0131k <strong>100 \u00b0C<\/strong> gibi daha d\u00fc\u015f\u00fck k\u00fcrleme s\u0131cakl\u0131klar\u0131 da, uzat\u0131lm\u0131\u015f k\u00fcrleme s\u00fcreleri ile birlikte kullan\u0131labilir. <\/p>\n\t\t\t\t<\/div>\n\t\t\t<\/div><\/div>\t\t\t\t<\/div>\n\t\t\t\t<\/div>\n\t\t<div class=\"elementor-element elementor-element-7816eec e-con-full e-flex wpr-particle-no wpr-jarallax-no wpr-parallax-no wpr-sticky-section-no wpr-equal-height-no e-con e-child\" data-id=\"7816eec\" data-element_type=\"container\" data-e-type=\"container\">\n\t\t\t\t<div class=\"elementor-element elementor-element-c9ee38f elementor-widget elementor-widget-image\" data-id=\"c9ee38f\" data-element_type=\"widget\" data-e-type=\"widget\" data-widget_type=\"image.default\">\n\t\t\t\t\t\t\t\t\t\t\t\t\t\t\t<img fetchpriority=\"high\" decoding=\"async\" width=\"950\" height=\"634\" src=\"https:\/\/gotec-bonding-agent-systems.com\/wp-content\/uploads\/2026\/02\/KAMELOCK-KM-22-1024x683.png\" class=\"attachment-large size-large wp-image-8705\" alt=\"KA&amp;MELOCK KM 22\" srcset=\"https:\/\/gotec-bonding-agent-systems.com\/wp-content\/uploads\/2026\/02\/KAMELOCK-KM-22-1024x683.png 1024w, https:\/\/gotec-bonding-agent-systems.com\/wp-content\/uploads\/2026\/02\/KAMELOCK-KM-22-300x200.png 300w, https:\/\/gotec-bonding-agent-systems.com\/wp-content\/uploads\/2026\/02\/KAMELOCK-KM-22-600x400.png 600w, https:\/\/gotec-bonding-agent-systems.com\/wp-content\/uploads\/2026\/02\/KAMELOCK-KM-22-1200x800.png 1200w, https:\/\/gotec-bonding-agent-systems.com\/wp-content\/uploads\/2026\/02\/KAMELOCK-KM-22.png 1536w\" sizes=\"100vw\" \/>\t\t\t\t\t\t\t\t\t\t\t\t\t\t\t<\/div>\n\t\t\t\t<div class=\"elementor-element elementor-element-38f99e8 elementor-widget elementor-widget-spacer\" data-id=\"38f99e8\" data-element_type=\"widget\" data-e-type=\"widget\" data-widget_type=\"spacer.default\">\n\t\t\t\t\t\t\t<div class=\"elementor-spacer\">\n\t\t\t<div class=\"elementor-spacer-inner\"><\/div>\n\t\t<\/div>\n\t\t\t\t\t\t<\/div>\n\t\t\t\t<div class=\"elementor-element elementor-element-09f82dc elementor-widget elementor-widget-button\" data-id=\"09f82dc\" data-element_type=\"widget\" data-e-type=\"widget\" data-widget_type=\"button.default\">\n\t\t\t\t\t\t\t\t\t\t<a class=\"elementor-button elementor-button-link elementor-size-sm\" href=\"https:\/\/gotec-bonding-agent-systems.com\/wp-content\/uploads\/2026\/01\/QaszHD-Unknown.pdf\">\n\t\t\t\t\t\t<span class=\"elementor-button-content-wrapper\">\n\t\t\t\t\t\t\t\t\t<span class=\"elementor-button-text\">PDF \u0130ND\u0130R<\/span>\n\t\t\t\t\t<\/span>\n\t\t\t\t\t<\/a>\n\t\t\t\t\t\t\t\t<\/div>\n\t\t\t\t<\/div>\n\t\t\t\t\t<\/div>\n\t\t\t\t<\/div>\n\t\t\t\t<section class=\"elementor-section elementor-top-section elementor-element elementor-element-2447476 elementor-section-boxed elementor-section-height-default elementor-section-height-default wpr-particle-no wpr-jarallax-no wpr-parallax-no wpr-sticky-section-no wpr-equal-height-no\" data-id=\"2447476\" data-element_type=\"section\" data-e-type=\"section\">\n\t\t\t\t\t\t<div class=\"elementor-container elementor-column-gap-default\">\n\t\t\t\t\t<div class=\"elementor-column elementor-col-100 elementor-top-column elementor-element elementor-element-8188452\" data-id=\"8188452\" data-element_type=\"column\" data-e-type=\"column\">\n\t\t\t<div class=\"elementor-widget-wrap elementor-element-populated\">\n\t\t\t\t\t\t<div class=\"elementor-element elementor-element-a47cf76 elementor-widget elementor-widget-heading\" data-id=\"a47cf76\" data-element_type=\"widget\" data-e-type=\"widget\" data-widget_type=\"heading.default\">\n\t\t\t\t\t<h2 class=\"elementor-heading-title elementor-size-default\">Teknik Veriler<\/h2>\t\t\t\t<\/div>\n\t\t\t\t<div class=\"elementor-element elementor-element-9494818 wpr-list-style-none elementor-widget elementor-widget-wpr-posts-timeline\" data-id=\"9494818\" data-element_type=\"widget\" data-e-type=\"widget\" data-settings=\"{&quot;animation_offset&quot;:150,&quot;aos_animation_duration&quot;:600}\" data-widget_type=\"wpr-posts-timeline.default\">\n\t\t\t\t\t\n\t\t<div class=\"wpr-wrapper wpr-vertical wpr-one-sided-wrapper\">\n\t\t\t<div class=\"wpr-timeline-centered wpr-line wpr-one-sided-timeline\"><div class=\"wpr-middle-line\"><\/div><div class=\"wpr-timeline-fill\" data-layout=\"one-sided\"><\/div><article class=\"wpr-timeline-entry wpr-right-aligned elementor-repeater-item-f94da51\" data-item-id=\"elementor-repeater-item-f94da51\"><div class=\"wpr-timeline-entry-inner\"><div class=\"wpr-main-line-icon wpr-icon\"><\/div><div class=\"wpr-story-info-vertical wpr-data-wrap \"  data-aos=\"fade\" data-aos-left=\"\" data-aos-right=\"\" data-animation-offset=\"150\" data-animation-duration=\"600\"><div class=\"wpr-timeline-content-wrapper\"><div class=\"wpr-content-wrapper\"><div class=\"wpr-description\"><table>\n<tbody>\n<tr>\n<td>\n<p>Renk Kahverengi S\u0131v\u0131<\/p>\n<\/td>\n<td>\n<p> <\/p>\n<\/td>\n<\/tr>\n<\/tbody>\n<\/table>\n<table style=\"height: 124px\" width=\"238\">\n<tbody>\n<tr>\n<td>\n<p>Viskozite 4 mm DIN-Kupa 10 \u2013 14 s<\/p>\n<\/td>\n<td> <\/td>\n<\/tr>\n<\/tbody>\n<\/table>\n<table>\n<tbody>\n<tr>\n<td>\n<p>Viskozite, cps@25\u00b0C(77\u00b0F)<\/p>\n<table>\n<tbody>\n<tr>\n<td>\n<p> 50 \u2013 120 mPas<\/p>\n<\/td>\n<\/tr>\n<\/tbody>\n<\/table>\n<p>Brookfield SNB1<br>Mil 2, 30 dev\/dak<\/p>\n<\/td>\n<td> <\/td>\n<\/tr>\n<\/tbody>\n<\/table><\/div><\/div><\/div><\/div>\n\t\t\t\t\t\t<\/div>\n\t\t\t\t<\/article><article class=\"wpr-timeline-entry wpr-right-aligned elementor-repeater-item-2a37755\" data-item-id=\"elementor-repeater-item-2a37755\"><div class=\"wpr-timeline-entry-inner\"><div class=\"wpr-main-line-icon wpr-icon\"><\/div><div class=\"wpr-story-info-vertical wpr-data-wrap \"  data-aos=\"fade\" data-aos-left=\"\" data-aos-right=\"\" data-animation-offset=\"150\" data-animation-duration=\"600\"><div class=\"wpr-timeline-content-wrapper\"><div class=\"wpr-content-wrapper\"><div class=\"wpr-description\"><table>\n<tbody>\n<tr>\n<td>\n<p>\u00d6zg\u00fcl A\u011f\u0131rl\u0131k 0,82 \u2013 0,86 g\/cm\u00b3<\/p>\n<\/td>\n<td> <\/td>\n<\/tr>\n<\/tbody>\n<\/table>\n<table style=\"height: 172px\" width=\"201\">\n<tbody>\n<tr>\n<td>\n<p>Kat\u0131 Madde \u0130\u00e7eri\u011fi A\u011f\u0131rl\u0131k\u00e7a %11 \u2013 15<\/p>\n<\/td>\n<td> <\/td>\n<\/tr>\n<\/tbody>\n<\/table>\n<table>\n<tbody>\n<tr>\n<td>\n<p>\u00c7\u00f6z\u00fcc\u00fcler Metil \u0130sob\u00fctil Keton (MIBK), Metil Etil Keton (MEK)<\/p>\n<\/td>\n<td>\n<p> <\/p>\n<\/td>\n<\/tr>\n<\/tbody>\n<\/table>\n<p>*Veriler tipiktir ve spesifikasyon ama\u00e7lar\u0131 i\u00e7in kullan\u0131lmamal\u0131d\u0131r.<\/p><\/div><\/div><\/div><\/div>\n\t\t\t\t\t\t<\/div>\n\t\t\t\t<\/article><\/div>    \n\t\t\t<\/div>\t\t\t\t<\/div>\n\t\t\t\t<div class=\"elementor-element elementor-element-362607d elementor-widget elementor-widget-text-editor\" data-id=\"362607d\" data-element_type=\"widget\" data-e-type=\"widget\" data-widget_type=\"text-editor.default\">\n\t\t\t\t\t\t\t\t\t<p data-start=\"185\" data-end=\"333\"> <strong data-start=\"189\" data-end=\"220\">Elastomer yap\u0131\u015ft\u0131rma \u00e7\u00f6z\u00fcmlerimiz<\/strong>, i\u015finize g\u00fcvenilir de\u011fer katarak <strong data-start=\"267\" data-end=\"332\">t\u00fcm end\u00fcstrilerde ve uygulamalarda sorunsuz \u00e7al\u0131\u015fmay\u0131<\/strong> garanti eder.<\/p>\n<p data-start=\"335\" data-end=\"654\"> <strong data-start=\"351\" data-end=\"398\">Do\u011fru test ve analizin esas oldu\u011funa<\/strong> inan\u0131yoruz. <strong data-start=\"403\" data-end=\"428\">GOTEC Bonding Systems<\/strong>&#8216;de, t\u00fcm KA&amp;MELOCK \u00fcr\u00fcnleri laboratuvarlar\u0131m\u0131zda titizlikle test edilir ve belgelenir. Ayr\u0131ca, <strong data-start=\"528\" data-end=\"546\">Ar-Ge faaliyetlerimiz<\/strong>, \u00f6zel demo ve test tesislerimizde \u00fcr\u00fcn geli\u015ftirme ve optimizasyonunu s\u00fcrekli olarak desteklemektedir.  <\/p>\n<p data-start=\"656\" data-end=\"955\">Uygulaman\u0131z i\u00e7in en uygun <strong data-start=\"687\" data-end=\"714\">KA&amp;MELOCK yap\u0131\u015ft\u0131r\u0131c\u0131s\u0131n\u0131<\/strong> belirlemek \u00fczere l\u00fctfen ekibimizle ileti\u015fime ge\u00e7in ve <strong data-start=\"793\" data-end=\"857\">yap\u0131\u015ft\u0131rma sisteminiz, uygulama y\u00f6nteminiz, elastomeriniz ve y\u00fczeyiniz<\/strong> hakk\u0131nda bilgi verin. Bu verilere dayanarak, s\u00fcreciniz i\u00e7in uygun KA&amp;MELOCK yap\u0131\u015ft\u0131r\u0131c\u0131lar\u0131n\u0131 \u00f6nerece\u011fiz. <\/p>\t\t\t\t\t\t\t\t<\/div>\n\t\t\t\t\t<\/div>\n\t\t<\/div>\n\t\t\t\t\t<\/div>\n\t\t<\/section>\n\t\t\t\t<\/div>\n\t\t\n    <div class=\"xs_social_share_widget xs_share_url after_content \t\tmain_content  wslu-style-1 wslu-share-box-shaped wslu-fill-colored wslu-none wslu-share-horizontal wslu-theme-font-no wslu-main_content\">\n\n\t\t\n        <ul>\n\t\t\t        <\/ul>\n    <\/div> \n","protected":false},"excerpt":{"rendered":"<p>KA&amp;MELOCK KM 22 KA&amp;MELOCK KM 22, geni\u015f bir yelpazedeki elastomer bile\u015fiklerini metal ve plastik y\u00fczeylere yap\u0131\u015ft\u0131rmak i\u00e7in tasarlanm\u0131\u015f evrensel bir elastomer yap\u0131\u015ft\u0131r\u0131c\u0131d\u0131r. Uygun astar KA&amp;MELOCK MP 05 ile birlikte kullan\u0131lmak \u00fczere tasarlanm\u0131\u015ft\u0131r. Bu yap\u0131\u015ft\u0131rma sistemi, korozyona, s\u0131cakl\u0131\u011fa ve ya\u011flara kar\u015f\u0131 m\u00fckemmel diren\u00e7 sa\u011flar. KA&amp;MELOCK KM 22 sistemi kur\u015funsuzdur ve zorlu end\u00fcstriyel uygulamalar i\u00e7in uygundur. KA&amp;MELOCK KM 20, Do\u011fal Kau\u00e7uk (NR), B\u00fctadien (BR), \u0130zopren (IR), Stiren-B\u00fctadien Kau\u00e7uk (SBR), B\u00fctil Kau\u00e7uk (IIR), Nitril Kau\u00e7uk (NBR) ve Kloropren Kau\u00e7uk (CR) bazl\u0131 elastomer bile\u015fiklerini geni\u015f bir yelpazedeki metaller, ala\u015f\u0131mlar ve polar polimerik y\u00fczeylere yap\u0131\u015ft\u0131r\u0131r. Yap\u0131\u015ft\u0131rma, vulkanizasyon i\u015flemi s\u0131ras\u0131nda ger\u00e7ekle\u015fir. Kal\u0131plama uygulamalar\u0131 i\u00e7in tipik k\u00fcrleme s\u0131cakl\u0131klar\u0131 130\u2013180 \u00b0C aras\u0131nda de\u011fi\u015fir. Tank kaplama uygulamalar\u0131 i\u00e7in, yakla\u015f\u0131k 100 \u00b0C gibi daha d\u00fc\u015f\u00fck k\u00fcrleme s\u0131cakl\u0131klar\u0131 da, uzat\u0131lm\u0131\u015f k\u00fcrleme s\u00fcreleri ile birlikte kullan\u0131labilir. PDF \u0130ND\u0130R Teknik Veriler Renk Kahverengi S\u0131v\u0131 Viskozite 4 mm DIN-Kupa 10 \u2013 14 s Viskozite, cps@25\u00b0C(77\u00b0F) 50 \u2013 120 mPas Brookfield SNB1Mil 2, 30 dev\/dak \u00d6zg\u00fcl A\u011f\u0131rl\u0131k 0,82 \u2013 0,86 g\/cm\u00b3 Kat\u0131 Madde \u0130\u00e7eri\u011fi A\u011f\u0131rl\u0131k\u00e7a %11 \u2013 15 \u00c7\u00f6z\u00fcc\u00fcler Metil \u0130sob\u00fctil Keton (MIBK), Metil Etil Keton (MEK) *Veriler tipiktir ve spesifikasyon ama\u00e7lar\u0131 i\u00e7in kullan\u0131lmamal\u0131d\u0131r. Elastomer yap\u0131\u015ft\u0131rma \u00e7\u00f6z\u00fcmlerimiz, i\u015finize g\u00fcvenilir de\u011fer katarak t\u00fcm end\u00fcstrilerde ve uygulamalarda sorunsuz \u00e7al\u0131\u015fmay\u0131 garanti eder. Do\u011fru test ve analizin esas oldu\u011funa inan\u0131yoruz. GOTEC Bonding Systems&#8216;de, t\u00fcm KA&amp;MELOCK \u00fcr\u00fcnleri laboratuvarlar\u0131m\u0131zda titizlikle test edilir ve belgelenir. Ayr\u0131ca, Ar-Ge faaliyetlerimiz, \u00f6zel demo ve test tesislerimizde \u00fcr\u00fcn geli\u015ftirme ve optimizasyonunu s\u00fcrekli olarak desteklemektedir. Uygulaman\u0131z i\u00e7in en uygun KA&amp;MELOCK yap\u0131\u015ft\u0131r\u0131c\u0131s\u0131n\u0131 belirlemek \u00fczere l\u00fctfen ekibimizle ileti\u015fime ge\u00e7in ve yap\u0131\u015ft\u0131rma sisteminiz, uygulama y\u00f6nteminiz, elastomeriniz ve y\u00fczeyiniz hakk\u0131nda bilgi verin. Bu verilere dayanarak, s\u00fcreciniz i\u00e7in uygun KA&amp;MELOCK yap\u0131\u015ft\u0131r\u0131c\u0131lar\u0131n\u0131 \u00f6nerece\u011fiz.<\/p>\n","protected":false},"author":1,"featured_media":0,"parent":0,"menu_order":0,"comment_status":"closed","ping_status":"closed","template":"","meta":{"postBodyCss":"","postBodyMargin":[],"postBodyPadding":[],"postBodyBackground":{"backgroundType":"classic","gradient":""},"inspiro_hide_title":false,"footnotes":""},"class_list":["post-8703","page","type-page","status-publish","hentry"],"yoast_head":"<!-- This site is optimized with the Yoast SEO plugin v27.4 - https:\/\/yoast.com\/product\/yoast-seo-wordpress\/ -->\n<title>KA&amp;MELOCK KM 22 | Evrensel yap\u0131\u015fma sistemi<\/title>\n<meta name=\"description\" content=\"KA&amp;MELOCK KM 22, elastomer bile\u015fiklerini metal ve plastik y\u00fczeylere yap\u0131\u015ft\u0131rmak i\u00e7in geli\u015ftirilmi\u015f dayan\u0131kl\u0131 bir yap\u0131\u015ft\u0131r\u0131c\u0131d\u0131r.\" \/>\n<meta name=\"robots\" content=\"index, follow, max-snippet:-1, max-image-preview:large, max-video-preview:-1\" \/>\n<link rel=\"canonical\" href=\"https:\/\/gotec-bonding-agent-systems.com\/tr\/kamelock-km-22\/\" \/>\n<meta property=\"og:locale\" content=\"tr_TR\" \/>\n<meta property=\"og:type\" content=\"article\" \/>\n<meta property=\"og:title\" content=\"KA&amp;MELOCK KM 22 | Evrensel yap\u0131\u015fma sistemi\" \/>\n<meta property=\"og:description\" content=\"KA&amp;MELOCK KM 22, elastomer bile\u015fiklerini metal ve plastik y\u00fczeylere yap\u0131\u015ft\u0131rmak i\u00e7in geli\u015ftirilmi\u015f dayan\u0131kl\u0131 bir yap\u0131\u015ft\u0131r\u0131c\u0131d\u0131r.\" \/>\n<meta property=\"og:url\" content=\"https:\/\/gotec-bonding-agent-systems.com\/tr\/kamelock-km-22\/\" \/>\n<meta property=\"og:site_name\" content=\"GOTEC Bonding Systems\" \/>\n<meta property=\"article:modified_time\" content=\"2026-04-03T13:34:04+00:00\" \/>\n<meta property=\"og:image\" content=\"https:\/\/gotec-bonding-agent-systems.com\/wp-content\/uploads\/2026\/02\/KAMELOCK-KM-22-1024x683.png\" \/>\n<meta name=\"twitter:card\" content=\"summary_large_image\" \/>\n<meta name=\"twitter:label1\" content=\"Tahmini okuma s\u00fcresi\" \/>\n\t<meta name=\"twitter:data1\" content=\"2 dakika\" \/>\n<script type=\"application\/ld+json\" class=\"yoast-schema-graph\">{\"@context\":\"https:\\\/\\\/schema.org\",\"@graph\":[{\"@type\":\"WebPage\",\"@id\":\"https:\\\/\\\/gotec-bonding-agent-systems.com\\\/tr\\\/kamelock-km-22\\\/\",\"url\":\"https:\\\/\\\/gotec-bonding-agent-systems.com\\\/tr\\\/kamelock-km-22\\\/\",\"name\":\"KA&MELOCK KM 22 | Evrensel yap\u0131\u015fma sistemi\",\"isPartOf\":{\"@id\":\"https:\\\/\\\/gotec-bonding-agent-systems.com\\\/#website\"},\"primaryImageOfPage\":{\"@id\":\"https:\\\/\\\/gotec-bonding-agent-systems.com\\\/tr\\\/kamelock-km-22\\\/#primaryimage\"},\"image\":{\"@id\":\"https:\\\/\\\/gotec-bonding-agent-systems.com\\\/tr\\\/kamelock-km-22\\\/#primaryimage\"},\"thumbnailUrl\":\"https:\\\/\\\/gotec-bonding-agent-systems.com\\\/wp-content\\\/uploads\\\/2026\\\/02\\\/KAMELOCK-KM-22-1024x683.png\",\"datePublished\":\"2026-01-22T21:54:14+00:00\",\"dateModified\":\"2026-04-03T13:34:04+00:00\",\"description\":\"KA&MELOCK KM 22, elastomer bile\u015fiklerini metal ve plastik y\u00fczeylere yap\u0131\u015ft\u0131rmak i\u00e7in geli\u015ftirilmi\u015f dayan\u0131kl\u0131 bir yap\u0131\u015ft\u0131r\u0131c\u0131d\u0131r.\",\"breadcrumb\":{\"@id\":\"https:\\\/\\\/gotec-bonding-agent-systems.com\\\/tr\\\/kamelock-km-22\\\/#breadcrumb\"},\"inLanguage\":\"tr\",\"potentialAction\":[{\"@type\":\"ReadAction\",\"target\":[\"https:\\\/\\\/gotec-bonding-agent-systems.com\\\/tr\\\/kamelock-km-22\\\/\"]}]},{\"@type\":\"ImageObject\",\"inLanguage\":\"tr\",\"@id\":\"https:\\\/\\\/gotec-bonding-agent-systems.com\\\/tr\\\/kamelock-km-22\\\/#primaryimage\",\"url\":\"https:\\\/\\\/gotec-bonding-agent-systems.com\\\/wp-content\\\/uploads\\\/2026\\\/02\\\/KAMELOCK-KM-22-1024x683.png\",\"contentUrl\":\"https:\\\/\\\/gotec-bonding-agent-systems.com\\\/wp-content\\\/uploads\\\/2026\\\/02\\\/KAMELOCK-KM-22-1024x683.png\"},{\"@type\":\"BreadcrumbList\",\"@id\":\"https:\\\/\\\/gotec-bonding-agent-systems.com\\\/tr\\\/kamelock-km-22\\\/#breadcrumb\",\"itemListElement\":[{\"@type\":\"ListItem\",\"position\":1,\"name\":\"Start\",\"item\":\"https:\\\/\\\/gotec-bonding-agent-systems.com\\\/tr\\\/\"},{\"@type\":\"ListItem\",\"position\":2,\"name\":\"KA&amp;MELOCK KM 22 \u2013 Elastomerler i\u00e7in evrensel yap\u0131\u015fma sistemleri\"}]},{\"@type\":\"WebSite\",\"@id\":\"https:\\\/\\\/gotec-bonding-agent-systems.com\\\/#website\",\"url\":\"https:\\\/\\\/gotec-bonding-agent-systems.com\\\/\",\"name\":\"GOTEC Bonding Systems\",\"description\":\"\",\"publisher\":{\"@id\":\"https:\\\/\\\/gotec-bonding-agent-systems.com\\\/#organization\"},\"potentialAction\":[{\"@type\":\"SearchAction\",\"target\":{\"@type\":\"EntryPoint\",\"urlTemplate\":\"https:\\\/\\\/gotec-bonding-agent-systems.com\\\/?s={search_term_string}\"},\"query-input\":{\"@type\":\"PropertyValueSpecification\",\"valueRequired\":true,\"valueName\":\"search_term_string\"}}],\"inLanguage\":\"tr\"},{\"@type\":\"Organization\",\"@id\":\"https:\\\/\\\/gotec-bonding-agent-systems.com\\\/#organization\",\"name\":\"GOTEC Bonding Systems\",\"url\":\"https:\\\/\\\/gotec-bonding-agent-systems.com\\\/\",\"logo\":{\"@type\":\"ImageObject\",\"inLanguage\":\"tr\",\"@id\":\"https:\\\/\\\/gotec-bonding-agent-systems.com\\\/#\\\/schema\\\/logo\\\/image\\\/\",\"url\":\"https:\\\/\\\/gotec-bonding-agent-systems.com\\\/wp-content\\\/uploads\\\/2025\\\/11\\\/cropped-GOTEC_Bonding_Systems_Logo.png\",\"contentUrl\":\"https:\\\/\\\/gotec-bonding-agent-systems.com\\\/wp-content\\\/uploads\\\/2025\\\/11\\\/cropped-GOTEC_Bonding_Systems_Logo.png\",\"width\":2122,\"height\":1287,\"caption\":\"GOTEC Bonding Systems\"},\"image\":{\"@id\":\"https:\\\/\\\/gotec-bonding-agent-systems.com\\\/#\\\/schema\\\/logo\\\/image\\\/\"}}]}<\/script>\n<!-- \/ Yoast SEO plugin. -->","yoast_head_json":{"title":"KA&MELOCK KM 22 | Evrensel yap\u0131\u015fma sistemi","description":"KA&MELOCK KM 22, elastomer bile\u015fiklerini metal ve plastik y\u00fczeylere yap\u0131\u015ft\u0131rmak i\u00e7in geli\u015ftirilmi\u015f dayan\u0131kl\u0131 bir yap\u0131\u015ft\u0131r\u0131c\u0131d\u0131r.","robots":{"index":"index","follow":"follow","max-snippet":"max-snippet:-1","max-image-preview":"max-image-preview:large","max-video-preview":"max-video-preview:-1"},"canonical":"https:\/\/gotec-bonding-agent-systems.com\/tr\/kamelock-km-22\/","og_locale":"tr_TR","og_type":"article","og_title":"KA&MELOCK KM 22 | Evrensel yap\u0131\u015fma sistemi","og_description":"KA&MELOCK KM 22, elastomer bile\u015fiklerini metal ve plastik y\u00fczeylere yap\u0131\u015ft\u0131rmak i\u00e7in geli\u015ftirilmi\u015f dayan\u0131kl\u0131 bir yap\u0131\u015ft\u0131r\u0131c\u0131d\u0131r.","og_url":"https:\/\/gotec-bonding-agent-systems.com\/tr\/kamelock-km-22\/","og_site_name":"GOTEC Bonding Systems","article_modified_time":"2026-04-03T13:34:04+00:00","og_image":[{"url":"https:\/\/gotec-bonding-agent-systems.com\/wp-content\/uploads\/2026\/02\/KAMELOCK-KM-22-1024x683.png","type":"","width":"","height":""}],"twitter_card":"summary_large_image","twitter_misc":{"Tahmini okuma s\u00fcresi":"2 dakika"},"schema":{"@context":"https:\/\/schema.org","@graph":[{"@type":"WebPage","@id":"https:\/\/gotec-bonding-agent-systems.com\/tr\/kamelock-km-22\/","url":"https:\/\/gotec-bonding-agent-systems.com\/tr\/kamelock-km-22\/","name":"KA&MELOCK KM 22 | Evrensel yap\u0131\u015fma sistemi","isPartOf":{"@id":"https:\/\/gotec-bonding-agent-systems.com\/#website"},"primaryImageOfPage":{"@id":"https:\/\/gotec-bonding-agent-systems.com\/tr\/kamelock-km-22\/#primaryimage"},"image":{"@id":"https:\/\/gotec-bonding-agent-systems.com\/tr\/kamelock-km-22\/#primaryimage"},"thumbnailUrl":"https:\/\/gotec-bonding-agent-systems.com\/wp-content\/uploads\/2026\/02\/KAMELOCK-KM-22-1024x683.png","datePublished":"2026-01-22T21:54:14+00:00","dateModified":"2026-04-03T13:34:04+00:00","description":"KA&MELOCK KM 22, elastomer bile\u015fiklerini metal ve plastik y\u00fczeylere yap\u0131\u015ft\u0131rmak i\u00e7in geli\u015ftirilmi\u015f dayan\u0131kl\u0131 bir yap\u0131\u015ft\u0131r\u0131c\u0131d\u0131r.","breadcrumb":{"@id":"https:\/\/gotec-bonding-agent-systems.com\/tr\/kamelock-km-22\/#breadcrumb"},"inLanguage":"tr","potentialAction":[{"@type":"ReadAction","target":["https:\/\/gotec-bonding-agent-systems.com\/tr\/kamelock-km-22\/"]}]},{"@type":"ImageObject","inLanguage":"tr","@id":"https:\/\/gotec-bonding-agent-systems.com\/tr\/kamelock-km-22\/#primaryimage","url":"https:\/\/gotec-bonding-agent-systems.com\/wp-content\/uploads\/2026\/02\/KAMELOCK-KM-22-1024x683.png","contentUrl":"https:\/\/gotec-bonding-agent-systems.com\/wp-content\/uploads\/2026\/02\/KAMELOCK-KM-22-1024x683.png"},{"@type":"BreadcrumbList","@id":"https:\/\/gotec-bonding-agent-systems.com\/tr\/kamelock-km-22\/#breadcrumb","itemListElement":[{"@type":"ListItem","position":1,"name":"Start","item":"https:\/\/gotec-bonding-agent-systems.com\/tr\/"},{"@type":"ListItem","position":2,"name":"KA&amp;MELOCK KM 22 \u2013 Elastomerler i\u00e7in evrensel yap\u0131\u015fma sistemleri"}]},{"@type":"WebSite","@id":"https:\/\/gotec-bonding-agent-systems.com\/#website","url":"https:\/\/gotec-bonding-agent-systems.com\/","name":"GOTEC Bonding Systems","description":"","publisher":{"@id":"https:\/\/gotec-bonding-agent-systems.com\/#organization"},"potentialAction":[{"@type":"SearchAction","target":{"@type":"EntryPoint","urlTemplate":"https:\/\/gotec-bonding-agent-systems.com\/?s={search_term_string}"},"query-input":{"@type":"PropertyValueSpecification","valueRequired":true,"valueName":"search_term_string"}}],"inLanguage":"tr"},{"@type":"Organization","@id":"https:\/\/gotec-bonding-agent-systems.com\/#organization","name":"GOTEC Bonding Systems","url":"https:\/\/gotec-bonding-agent-systems.com\/","logo":{"@type":"ImageObject","inLanguage":"tr","@id":"https:\/\/gotec-bonding-agent-systems.com\/#\/schema\/logo\/image\/","url":"https:\/\/gotec-bonding-agent-systems.com\/wp-content\/uploads\/2025\/11\/cropped-GOTEC_Bonding_Systems_Logo.png","contentUrl":"https:\/\/gotec-bonding-agent-systems.com\/wp-content\/uploads\/2025\/11\/cropped-GOTEC_Bonding_Systems_Logo.png","width":2122,"height":1287,"caption":"GOTEC Bonding Systems"},"image":{"@id":"https:\/\/gotec-bonding-agent-systems.com\/#\/schema\/logo\/image\/"}}]}},"featured_media_urls":[],"_links":{"self":[{"href":"https:\/\/gotec-bonding-agent-systems.com\/tr\/wp-json\/wp\/v2\/pages\/8703","targetHints":{"allow":["GET"]}}],"collection":[{"href":"https:\/\/gotec-bonding-agent-systems.com\/tr\/wp-json\/wp\/v2\/pages"}],"about":[{"href":"https:\/\/gotec-bonding-agent-systems.com\/tr\/wp-json\/wp\/v2\/types\/page"}],"author":[{"embeddable":true,"href":"https:\/\/gotec-bonding-agent-systems.com\/tr\/wp-json\/wp\/v2\/users\/1"}],"replies":[{"embeddable":true,"href":"https:\/\/gotec-bonding-agent-systems.com\/tr\/wp-json\/wp\/v2\/comments?post=8703"}],"version-history":[{"count":7,"href":"https:\/\/gotec-bonding-agent-systems.com\/tr\/wp-json\/wp\/v2\/pages\/8703\/revisions"}],"predecessor-version":[{"id":9394,"href":"https:\/\/gotec-bonding-agent-systems.com\/tr\/wp-json\/wp\/v2\/pages\/8703\/revisions\/9394"}],"wp:attachment":[{"href":"https:\/\/gotec-bonding-agent-systems.com\/tr\/wp-json\/wp\/v2\/media?parent=8703"}],"curies":[{"name":"wp","href":"https:\/\/api.w.org\/{rel}","templated":true}]}}