{"id":8712,"date":"2026-01-22T22:07:34","date_gmt":"2026-01-22T22:07:34","guid":{"rendered":"https:\/\/gotec-bonding-agent-systems.com\/kamelock-km-28\/"},"modified":"2026-04-03T14:04:48","modified_gmt":"2026-04-03T14:04:48","slug":"kamelock-km-28","status":"publish","type":"page","link":"https:\/\/gotec-bonding-agent-systems.com\/tr\/kamelock-km-28\/","title":{"rendered":"KA&amp;MELOCK KM 28 \u2013 Silikon kau\u00e7uk i\u00e7in tek katl\u0131 yap\u0131\u015fma sistemi"},"content":{"rendered":"\t\t<div data-elementor-type=\"wp-page\" data-elementor-id=\"8712\" class=\"elementor elementor-8712 elementor-7829\">\n\t\t\t\t<div class=\"elementor-element elementor-element-6a7c7c29 e-flex e-con-boxed wpr-particle-no wpr-jarallax-no wpr-parallax-no wpr-sticky-section-no wpr-equal-height-no e-con e-parent\" data-id=\"6a7c7c29\" data-element_type=\"container\" data-e-type=\"container\">\n\t\t\t\t\t<div class=\"e-con-inner\">\n\t\t\t\t<div class=\"elementor-element elementor-element-7a8553ec elementor-widget elementor-widget-text-editor\" data-id=\"7a8553ec\" data-element_type=\"widget\" data-e-type=\"widget\" data-widget_type=\"text-editor.default\">\n\t\t\t\t\t\t\t\t\t\n<p\/>\n\n\n\n<p\/>\n\t\t\t\t\t\t\t\t<\/div>\n\t\t\t\t\t<\/div>\n\t\t\t\t<\/div>\n\t\t<div class=\"elementor-element elementor-element-eced452 e-flex e-con-boxed wpr-particle-no wpr-jarallax-no wpr-parallax-no wpr-sticky-section-no wpr-equal-height-no e-con e-parent\" data-id=\"eced452\" data-element_type=\"container\" data-e-type=\"container\" data-settings=\"{&quot;background_background&quot;:&quot;classic&quot;}\">\n\t\t\t\t\t<div class=\"e-con-inner\">\n\t\t<div class=\"elementor-element elementor-element-8f9a423 e-con-full e-flex wpr-particle-no wpr-jarallax-no wpr-parallax-no wpr-sticky-section-no wpr-equal-height-no e-con e-child\" data-id=\"8f9a423\" data-element_type=\"container\" data-e-type=\"container\">\n\t\t\t\t<div class=\"elementor-element elementor-element-cc978a0 elementor-widget elementor-widget-elementskit-heading\" data-id=\"cc978a0\" data-element_type=\"widget\" data-e-type=\"widget\" data-widget_type=\"elementskit-heading.default\">\n\t\t\t\t\t<div class=\"ekit-wid-con\" ><div class=\"ekit-heading elementskit-section-title-wraper text_left   ekit_heading_tablet-   ekit_heading_mobile-\"><h2 class=\"ekit-heading--title elementskit-section-title \">KA&amp;MELOCK KM 28<\/h2>\t\t\t\t<div class='ekit-heading__description'>\n\t\t\t\t\t<p><strong>KA&amp;MELOCK KM 28<\/strong>, <strong>silikon kau\u00e7u\u011fu<\/strong> geni\u015f bir yelpazedeki <strong>metaller, plastikler ve tekstil y\u00fczeylere<\/strong> yap\u0131\u015ft\u0131rmak i\u00e7in \u00f6zel olarak form\u00fcle edilmi\u015f <strong>tek katmanl\u0131 bir yap\u0131\u015ft\u0131r\u0131c\u0131d\u0131r<\/strong>.<\/p>\n<p><strong>KA&amp;MELOCK MP 05<\/strong> astar\u0131 ile birlikte kullan\u0131ld\u0131\u011f\u0131nda, sistem <strong>EPDM kau\u00e7uk uygulamalar\u0131 i\u00e7in de idealdir<\/strong>. Bu yap\u0131\u015ft\u0131rma sistemi, zorlu \u00e7al\u0131\u015fma ko\u015fullar\u0131nda bile <strong>m\u00fckemmel yap\u0131\u015fma<\/strong> sa\u011flar ve <strong>korozyona, ya\u011flara ve benzine kar\u015f\u0131 y\u00fcksek diren\u00e7<\/strong> g\u00f6sterir. <\/p>\n\t\t\t\t<\/div>\n\t\t\t<\/div><\/div>\t\t\t\t<\/div>\n\t\t\t\t<\/div>\n\t\t<div class=\"elementor-element elementor-element-94791a4 e-con-full e-flex wpr-particle-no wpr-jarallax-no wpr-parallax-no wpr-sticky-section-no wpr-equal-height-no e-con e-child\" data-id=\"94791a4\" data-element_type=\"container\" data-e-type=\"container\">\n\t\t\t\t<div class=\"elementor-element elementor-element-1bc3fed elementor-widget elementor-widget-image\" data-id=\"1bc3fed\" data-element_type=\"widget\" data-e-type=\"widget\" data-widget_type=\"image.default\">\n\t\t\t\t\t\t\t\t\t\t\t\t\t\t\t<img fetchpriority=\"high\" decoding=\"async\" width=\"950\" height=\"634\" src=\"https:\/\/gotec-bonding-agent-systems.com\/wp-content\/uploads\/2026\/02\/KAMELOCK-KM-28-1024x683.png\" class=\"attachment-large size-large wp-image-8714\" alt=\"KA&amp;MELOCK KM 28\" srcset=\"https:\/\/gotec-bonding-agent-systems.com\/wp-content\/uploads\/2026\/02\/KAMELOCK-KM-28-1024x683.png 1024w, https:\/\/gotec-bonding-agent-systems.com\/wp-content\/uploads\/2026\/02\/KAMELOCK-KM-28-300x200.png 300w, https:\/\/gotec-bonding-agent-systems.com\/wp-content\/uploads\/2026\/02\/KAMELOCK-KM-28-600x400.png 600w, https:\/\/gotec-bonding-agent-systems.com\/wp-content\/uploads\/2026\/02\/KAMELOCK-KM-28-1200x800.png 1200w, https:\/\/gotec-bonding-agent-systems.com\/wp-content\/uploads\/2026\/02\/KAMELOCK-KM-28.png 1536w\" sizes=\"100vw\" \/>\t\t\t\t\t\t\t\t\t\t\t\t\t\t\t<\/div>\n\t\t\t\t<div class=\"elementor-element elementor-element-1f5d3c3 elementor-widget elementor-widget-spacer\" data-id=\"1f5d3c3\" data-element_type=\"widget\" data-e-type=\"widget\" data-widget_type=\"spacer.default\">\n\t\t\t\t\t\t\t<div class=\"elementor-spacer\">\n\t\t\t<div class=\"elementor-spacer-inner\"><\/div>\n\t\t<\/div>\n\t\t\t\t\t\t<\/div>\n\t\t\t\t<div class=\"elementor-element elementor-element-8d15f5e elementor-widget elementor-widget-button\" data-id=\"8d15f5e\" data-element_type=\"widget\" data-e-type=\"widget\" data-widget_type=\"button.default\">\n\t\t\t\t\t\t\t\t\t\t<a class=\"elementor-button elementor-button-link elementor-size-sm\" href=\"https:\/\/gotec-bonding-agent-systems.com\/wp-content\/uploads\/2026\/01\/fU7E3N-Unknown.pdf\">\n\t\t\t\t\t\t<span class=\"elementor-button-content-wrapper\">\n\t\t\t\t\t\t\t\t\t<span class=\"elementor-button-text\">PDF \u0130ND\u0130R<\/span>\n\t\t\t\t\t<\/span>\n\t\t\t\t\t<\/a>\n\t\t\t\t\t\t\t\t<\/div>\n\t\t\t\t<\/div>\n\t\t\t\t\t<\/div>\n\t\t\t\t<\/div>\n\t\t\t\t<section class=\"elementor-section elementor-top-section elementor-element elementor-element-5bc6f47 elementor-section-boxed elementor-section-height-default elementor-section-height-default wpr-particle-no wpr-jarallax-no wpr-parallax-no wpr-sticky-section-no wpr-equal-height-no\" data-id=\"5bc6f47\" data-element_type=\"section\" data-e-type=\"section\">\n\t\t\t\t\t\t<div class=\"elementor-container elementor-column-gap-default\">\n\t\t\t\t\t<div class=\"elementor-column elementor-col-100 elementor-top-column elementor-element elementor-element-78ffbf7\" data-id=\"78ffbf7\" data-element_type=\"column\" data-e-type=\"column\">\n\t\t\t<div class=\"elementor-widget-wrap elementor-element-populated\">\n\t\t\t\t\t\t<div class=\"elementor-element elementor-element-db69c5b elementor-widget elementor-widget-heading\" data-id=\"db69c5b\" data-element_type=\"widget\" data-e-type=\"widget\" data-widget_type=\"heading.default\">\n\t\t\t\t\t<h2 class=\"elementor-heading-title elementor-size-default\">Teknik Veriler<\/h2>\t\t\t\t<\/div>\n\t\t\t\t<div class=\"elementor-element elementor-element-62ca7a3 wpr-list-style-none elementor-widget elementor-widget-wpr-posts-timeline\" data-id=\"62ca7a3\" data-element_type=\"widget\" data-e-type=\"widget\" data-settings=\"{&quot;animation_offset&quot;:150,&quot;aos_animation_duration&quot;:600}\" data-widget_type=\"wpr-posts-timeline.default\">\n\t\t\t\t\t\n\t\t<div class=\"wpr-wrapper wpr-vertical wpr-one-sided-wrapper\">\n\t\t\t<div class=\"wpr-timeline-centered wpr-line wpr-one-sided-timeline\"><div class=\"wpr-middle-line\"><\/div><div class=\"wpr-timeline-fill\" data-layout=\"one-sided\"><\/div><article class=\"wpr-timeline-entry wpr-right-aligned elementor-repeater-item-f94da51\" data-item-id=\"elementor-repeater-item-f94da51\"><div class=\"wpr-timeline-entry-inner\"><div class=\"wpr-main-line-icon wpr-icon\"><\/div><div class=\"wpr-story-info-vertical wpr-data-wrap \"  data-aos=\"fade\" data-aos-left=\"\" data-aos-right=\"\" data-animation-offset=\"150\" data-animation-duration=\"600\"><div class=\"wpr-timeline-content-wrapper\"><div class=\"wpr-content-wrapper\"><div class=\"wpr-description\"><table>\n<tbody>\n<tr>\n<td>\n<p>Renk \u015eeffaf<\/p>\n<\/td>\n<td>\n<p> <\/p>\n<\/td>\n<\/tr>\n<\/tbody>\n<\/table>\n<table style=\"height: 124px\" width=\"238\">\n<tbody>\n<tr>\n<td>\n<p>Viskozite 4 mm DIN-Kupa 7 \u2013 11 s<\/p>\n<\/td>\n<td> <\/td>\n<\/tr>\n<\/tbody>\n<\/table>\n<table>\n<tbody>\n<tr>\n<td width=\"284\">\u00d6zg\u00fcl A\u011f\u0131rl\u0131k 0,80 \u2013 0,85 g\/cm\u00b3<\/td>\n<td width=\"315\"> <\/td>\n<\/tr>\n<\/tbody>\n<\/table>\n<table>\n<tbody>\n<tr>\n<td width=\"284\">Kat\u0131 Madde \u0130\u00e7eri\u011fi A\u011f\u0131rl\u0131k\u00e7a %5 \u2013 7<\/td>\n<td width=\"315\"> <\/td>\n<\/tr>\n<\/tbody>\n<\/table>\n<table>\n<tbody>\n<tr>\n<td width=\"284\">\u00c7\u00f6z\u00fcc\u00fcler Etanol<\/td>\n<td width=\"315\"> <\/td>\n<\/tr>\n<\/tbody>\n<\/table><\/div><\/div><\/div><\/div>\n\t\t\t\t\t\t<\/div>\n\t\t\t\t<\/article><\/div>    \n\t\t\t<\/div>\t\t\t\t<\/div>\n\t\t\t\t<div class=\"elementor-element elementor-element-a6965db elementor-widget elementor-widget-text-editor\" data-id=\"a6965db\" data-element_type=\"widget\" data-e-type=\"widget\" data-widget_type=\"text-editor.default\">\n\t\t\t\t\t\t\t\t\t<p data-start=\"219\" data-end=\"668\"><strong data-start=\"222\" data-end=\"244\">KA&amp;MELOCK \u00fcr\u00fcnleri<\/strong> \u00e7e\u015fitli ve \u00e7ok y\u00f6nl\u00fc oldu\u011fundan, <strong data-start=\"272\" data-end=\"317\">farkl\u0131 uygulama y\u00f6ntemleri ve ekipmanlar\u0131<\/strong> kullan\u0131labilir. Hi\u00e7bir uygulama y\u00f6ntemi di\u011ferinden \u00fcst\u00fcn de\u011fildir; se\u00e7im <strong data-start=\"421\" data-end=\"443\">yap\u0131\u015ft\u0131r\u0131c\u0131 tipine<\/strong>, <strong data-start=\"449\" data-end=\"476\">\u00fcr\u00fcn \u00f6zelliklerine<\/strong> ve <strong data-start=\"486\" data-end=\"510\">y\u00fczey gereksinimlerine<\/strong> g\u00f6re yap\u0131lmal\u0131d\u0131r.<br data-start=\"511\" data-end=\"514\">KA&amp;MELOCK \u00fcr\u00fcn bilgileri, farkl\u0131 uygulama y\u00f6ntemlerine g\u00f6re yap\u0131\u015ft\u0131r\u0131c\u0131lar\u0131m\u0131z\u0131n uygun kullan\u0131m\u0131 i\u00e7in <strong data-start=\"553\" data-end=\"578\">a\u00e7\u0131k tavsiyeler<\/strong> sunar. <\/p>\n<p data-start=\"670\" data-end=\"989\"><strong data-start=\"686\" data-end=\"733\">Do\u011fru test ve analizin esas oldu\u011funa<\/strong> inan\u0131yoruz. <strong data-start=\"738\" data-end=\"763\">GOTEC Bonding Systems<\/strong>&#8216;de t\u00fcm KA&amp;MELOCK \u00fcr\u00fcnleri laboratuvarlar\u0131m\u0131zda titizlikle test edilir ve belgelenir. Ayr\u0131ca, <strong data-start=\"863\" data-end=\"881\">Ar-Ge faaliyetlerimiz<\/strong>, \u00f6zel demo ve test tesislerimizde \u00fcr\u00fcn geli\u015ftirme ve optimizasyonunu s\u00fcrekli desteklemektedir.  <\/p>\n<p data-start=\"991\" data-end=\"1112\">\u00dcr\u00fcnlerinizin de\u011ferini <strong data-start=\"1032\" data-end=\"1053\">KA&amp;MELOCK kalitesiyle<\/strong> art\u0131r\u0131n.<br data-start=\"1054\" data-end=\"1057\">Teknik destek ekiplerimiz her zaman hizmetinizdedir.<\/p>\t\t\t\t\t\t\t\t<\/div>\n\t\t\t\t\t<\/div>\n\t\t<\/div>\n\t\t\t\t\t<\/div>\n\t\t<\/section>\n\t\t\t\t<\/div>\n\t\t\n    <div class=\"xs_social_share_widget xs_share_url after_content \t\tmain_content  wslu-style-1 wslu-share-box-shaped wslu-fill-colored wslu-none wslu-share-horizontal wslu-theme-font-no wslu-main_content\">\n\n\t\t\n        <ul>\n\t\t\t        <\/ul>\n    <\/div> \n","protected":false},"excerpt":{"rendered":"<p>KA&amp;MELOCK KM 28 KA&amp;MELOCK KM 28, silikon kau\u00e7u\u011fu geni\u015f bir yelpazedeki metaller, plastikler ve tekstil y\u00fczeylere yap\u0131\u015ft\u0131rmak i\u00e7in \u00f6zel olarak form\u00fcle edilmi\u015f tek katmanl\u0131 bir yap\u0131\u015ft\u0131r\u0131c\u0131d\u0131r. KA&amp;MELOCK MP 05 astar\u0131 ile birlikte kullan\u0131ld\u0131\u011f\u0131nda, sistem EPDM kau\u00e7uk uygulamalar\u0131 i\u00e7in de idealdir. Bu yap\u0131\u015ft\u0131rma sistemi, zorlu \u00e7al\u0131\u015fma ko\u015fullar\u0131nda bile m\u00fckemmel yap\u0131\u015fma sa\u011flar ve korozyona, ya\u011flara ve benzine kar\u015f\u0131 y\u00fcksek diren\u00e7 g\u00f6sterir. PDF \u0130ND\u0130R Teknik Veriler Renk \u015eeffaf Viskozite 4 mm DIN-Kupa 7 \u2013 11 s \u00d6zg\u00fcl A\u011f\u0131rl\u0131k 0,80 \u2013 0,85 g\/cm\u00b3 Kat\u0131 Madde \u0130\u00e7eri\u011fi A\u011f\u0131rl\u0131k\u00e7a %5 \u2013 7 \u00c7\u00f6z\u00fcc\u00fcler Etanol KA&amp;MELOCK \u00fcr\u00fcnleri \u00e7e\u015fitli ve \u00e7ok y\u00f6nl\u00fc oldu\u011fundan, farkl\u0131 uygulama y\u00f6ntemleri ve ekipmanlar\u0131 kullan\u0131labilir. Hi\u00e7bir uygulama y\u00f6ntemi di\u011ferinden \u00fcst\u00fcn de\u011fildir; se\u00e7im yap\u0131\u015ft\u0131r\u0131c\u0131 tipine, \u00fcr\u00fcn \u00f6zelliklerine ve y\u00fczey gereksinimlerine g\u00f6re yap\u0131lmal\u0131d\u0131r.KA&amp;MELOCK \u00fcr\u00fcn bilgileri, farkl\u0131 uygulama y\u00f6ntemlerine g\u00f6re yap\u0131\u015ft\u0131r\u0131c\u0131lar\u0131m\u0131z\u0131n uygun kullan\u0131m\u0131 i\u00e7in a\u00e7\u0131k tavsiyeler sunar. Do\u011fru test ve analizin esas oldu\u011funa inan\u0131yoruz. GOTEC Bonding Systems&#8216;de t\u00fcm KA&amp;MELOCK \u00fcr\u00fcnleri laboratuvarlar\u0131m\u0131zda titizlikle test edilir ve belgelenir. Ayr\u0131ca, Ar-Ge faaliyetlerimiz, \u00f6zel demo ve test tesislerimizde \u00fcr\u00fcn geli\u015ftirme ve optimizasyonunu s\u00fcrekli desteklemektedir. \u00dcr\u00fcnlerinizin de\u011ferini KA&amp;MELOCK kalitesiyle art\u0131r\u0131n.Teknik destek ekiplerimiz her zaman hizmetinizdedir.<\/p>\n","protected":false},"author":1,"featured_media":0,"parent":0,"menu_order":0,"comment_status":"closed","ping_status":"closed","template":"","meta":{"postBodyCss":"","postBodyMargin":[],"postBodyPadding":[],"postBodyBackground":{"backgroundType":"classic","gradient":""},"inspiro_hide_title":false,"footnotes":""},"class_list":["post-8712","page","type-page","status-publish","hentry"],"yoast_head":"<!-- This site is optimized with the Yoast SEO plugin v27.4 - https:\/\/yoast.com\/product\/yoast-seo-wordpress\/ -->\n<title>KA&amp;MELOCK KM 28 | Silikon kau\u00e7uk i\u00e7in yap\u0131\u015fma sistemi<\/title>\n<meta name=\"description\" content=\"KA&amp;MELOCK KM 28, silikon kau\u00e7u\u011funu metal, plastik ve tekstil y\u00fczeylere yap\u0131\u015ft\u0131rmak i\u00e7in geli\u015ftirilmi\u015f tek katmanl\u0131 yap\u0131\u015ft\u0131r\u0131c\u0131d\u0131r.\" \/>\n<meta name=\"robots\" content=\"index, follow, max-snippet:-1, max-image-preview:large, max-video-preview:-1\" \/>\n<link rel=\"canonical\" href=\"https:\/\/gotec-bonding-agent-systems.com\/tr\/kamelock-km-28\/\" \/>\n<meta property=\"og:locale\" content=\"tr_TR\" \/>\n<meta property=\"og:type\" content=\"article\" \/>\n<meta property=\"og:title\" content=\"KA&amp;MELOCK KM 28 | Silikon kau\u00e7uk i\u00e7in yap\u0131\u015fma sistemi\" \/>\n<meta property=\"og:description\" content=\"KA&amp;MELOCK KM 28, silikon kau\u00e7u\u011funu metal, plastik ve tekstil y\u00fczeylere yap\u0131\u015ft\u0131rmak i\u00e7in geli\u015ftirilmi\u015f tek katmanl\u0131 yap\u0131\u015ft\u0131r\u0131c\u0131d\u0131r.\" \/>\n<meta property=\"og:url\" content=\"https:\/\/gotec-bonding-agent-systems.com\/tr\/kamelock-km-28\/\" \/>\n<meta property=\"og:site_name\" content=\"GOTEC Bonding Systems\" \/>\n<meta property=\"article:modified_time\" content=\"2026-04-03T14:04:48+00:00\" \/>\n<meta property=\"og:image\" content=\"https:\/\/gotec-bonding-agent-systems.com\/wp-content\/uploads\/2026\/02\/KAMELOCK-KM-28-1024x683.png\" \/>\n<meta name=\"twitter:card\" content=\"summary_large_image\" \/>\n<meta name=\"twitter:label1\" content=\"Tahmini okuma s\u00fcresi\" \/>\n\t<meta name=\"twitter:data1\" content=\"1 dakika\" \/>\n<script type=\"application\/ld+json\" class=\"yoast-schema-graph\">{\"@context\":\"https:\\\/\\\/schema.org\",\"@graph\":[{\"@type\":\"WebPage\",\"@id\":\"https:\\\/\\\/gotec-bonding-agent-systems.com\\\/tr\\\/kamelock-km-28\\\/\",\"url\":\"https:\\\/\\\/gotec-bonding-agent-systems.com\\\/tr\\\/kamelock-km-28\\\/\",\"name\":\"KA&MELOCK KM 28 | Silikon kau\u00e7uk i\u00e7in yap\u0131\u015fma sistemi\",\"isPartOf\":{\"@id\":\"https:\\\/\\\/gotec-bonding-agent-systems.com\\\/#website\"},\"primaryImageOfPage\":{\"@id\":\"https:\\\/\\\/gotec-bonding-agent-systems.com\\\/tr\\\/kamelock-km-28\\\/#primaryimage\"},\"image\":{\"@id\":\"https:\\\/\\\/gotec-bonding-agent-systems.com\\\/tr\\\/kamelock-km-28\\\/#primaryimage\"},\"thumbnailUrl\":\"https:\\\/\\\/gotec-bonding-agent-systems.com\\\/wp-content\\\/uploads\\\/2026\\\/02\\\/KAMELOCK-KM-28-1024x683.png\",\"datePublished\":\"2026-01-22T22:07:34+00:00\",\"dateModified\":\"2026-04-03T14:04:48+00:00\",\"description\":\"KA&MELOCK KM 28, silikon kau\u00e7u\u011funu metal, plastik ve tekstil y\u00fczeylere yap\u0131\u015ft\u0131rmak i\u00e7in geli\u015ftirilmi\u015f tek katmanl\u0131 yap\u0131\u015ft\u0131r\u0131c\u0131d\u0131r.\",\"breadcrumb\":{\"@id\":\"https:\\\/\\\/gotec-bonding-agent-systems.com\\\/tr\\\/kamelock-km-28\\\/#breadcrumb\"},\"inLanguage\":\"tr\",\"potentialAction\":[{\"@type\":\"ReadAction\",\"target\":[\"https:\\\/\\\/gotec-bonding-agent-systems.com\\\/tr\\\/kamelock-km-28\\\/\"]}]},{\"@type\":\"ImageObject\",\"inLanguage\":\"tr\",\"@id\":\"https:\\\/\\\/gotec-bonding-agent-systems.com\\\/tr\\\/kamelock-km-28\\\/#primaryimage\",\"url\":\"https:\\\/\\\/gotec-bonding-agent-systems.com\\\/wp-content\\\/uploads\\\/2026\\\/02\\\/KAMELOCK-KM-28-1024x683.png\",\"contentUrl\":\"https:\\\/\\\/gotec-bonding-agent-systems.com\\\/wp-content\\\/uploads\\\/2026\\\/02\\\/KAMELOCK-KM-28-1024x683.png\"},{\"@type\":\"BreadcrumbList\",\"@id\":\"https:\\\/\\\/gotec-bonding-agent-systems.com\\\/tr\\\/kamelock-km-28\\\/#breadcrumb\",\"itemListElement\":[{\"@type\":\"ListItem\",\"position\":1,\"name\":\"Start\",\"item\":\"https:\\\/\\\/gotec-bonding-agent-systems.com\\\/tr\\\/\"},{\"@type\":\"ListItem\",\"position\":2,\"name\":\"KA&amp;MELOCK KM 28 \u2013 Silikon kau\u00e7uk i\u00e7in tek katl\u0131 yap\u0131\u015fma sistemi\"}]},{\"@type\":\"WebSite\",\"@id\":\"https:\\\/\\\/gotec-bonding-agent-systems.com\\\/#website\",\"url\":\"https:\\\/\\\/gotec-bonding-agent-systems.com\\\/\",\"name\":\"GOTEC Bonding Systems\",\"description\":\"\",\"publisher\":{\"@id\":\"https:\\\/\\\/gotec-bonding-agent-systems.com\\\/#organization\"},\"potentialAction\":[{\"@type\":\"SearchAction\",\"target\":{\"@type\":\"EntryPoint\",\"urlTemplate\":\"https:\\\/\\\/gotec-bonding-agent-systems.com\\\/?s={search_term_string}\"},\"query-input\":{\"@type\":\"PropertyValueSpecification\",\"valueRequired\":true,\"valueName\":\"search_term_string\"}}],\"inLanguage\":\"tr\"},{\"@type\":\"Organization\",\"@id\":\"https:\\\/\\\/gotec-bonding-agent-systems.com\\\/#organization\",\"name\":\"GOTEC Bonding Systems\",\"url\":\"https:\\\/\\\/gotec-bonding-agent-systems.com\\\/\",\"logo\":{\"@type\":\"ImageObject\",\"inLanguage\":\"tr\",\"@id\":\"https:\\\/\\\/gotec-bonding-agent-systems.com\\\/#\\\/schema\\\/logo\\\/image\\\/\",\"url\":\"https:\\\/\\\/gotec-bonding-agent-systems.com\\\/wp-content\\\/uploads\\\/2025\\\/11\\\/cropped-GOTEC_Bonding_Systems_Logo.png\",\"contentUrl\":\"https:\\\/\\\/gotec-bonding-agent-systems.com\\\/wp-content\\\/uploads\\\/2025\\\/11\\\/cropped-GOTEC_Bonding_Systems_Logo.png\",\"width\":2122,\"height\":1287,\"caption\":\"GOTEC Bonding Systems\"},\"image\":{\"@id\":\"https:\\\/\\\/gotec-bonding-agent-systems.com\\\/#\\\/schema\\\/logo\\\/image\\\/\"}}]}<\/script>\n<!-- \/ Yoast SEO plugin. -->","yoast_head_json":{"title":"KA&MELOCK KM 28 | Silikon kau\u00e7uk i\u00e7in yap\u0131\u015fma sistemi","description":"KA&MELOCK KM 28, silikon kau\u00e7u\u011funu metal, plastik ve tekstil y\u00fczeylere yap\u0131\u015ft\u0131rmak i\u00e7in geli\u015ftirilmi\u015f tek katmanl\u0131 yap\u0131\u015ft\u0131r\u0131c\u0131d\u0131r.","robots":{"index":"index","follow":"follow","max-snippet":"max-snippet:-1","max-image-preview":"max-image-preview:large","max-video-preview":"max-video-preview:-1"},"canonical":"https:\/\/gotec-bonding-agent-systems.com\/tr\/kamelock-km-28\/","og_locale":"tr_TR","og_type":"article","og_title":"KA&MELOCK KM 28 | Silikon kau\u00e7uk i\u00e7in yap\u0131\u015fma sistemi","og_description":"KA&MELOCK KM 28, silikon kau\u00e7u\u011funu metal, plastik ve tekstil y\u00fczeylere yap\u0131\u015ft\u0131rmak i\u00e7in geli\u015ftirilmi\u015f tek katmanl\u0131 yap\u0131\u015ft\u0131r\u0131c\u0131d\u0131r.","og_url":"https:\/\/gotec-bonding-agent-systems.com\/tr\/kamelock-km-28\/","og_site_name":"GOTEC Bonding Systems","article_modified_time":"2026-04-03T14:04:48+00:00","og_image":[{"url":"https:\/\/gotec-bonding-agent-systems.com\/wp-content\/uploads\/2026\/02\/KAMELOCK-KM-28-1024x683.png","type":"","width":"","height":""}],"twitter_card":"summary_large_image","twitter_misc":{"Tahmini okuma s\u00fcresi":"1 dakika"},"schema":{"@context":"https:\/\/schema.org","@graph":[{"@type":"WebPage","@id":"https:\/\/gotec-bonding-agent-systems.com\/tr\/kamelock-km-28\/","url":"https:\/\/gotec-bonding-agent-systems.com\/tr\/kamelock-km-28\/","name":"KA&MELOCK KM 28 | Silikon kau\u00e7uk i\u00e7in yap\u0131\u015fma sistemi","isPartOf":{"@id":"https:\/\/gotec-bonding-agent-systems.com\/#website"},"primaryImageOfPage":{"@id":"https:\/\/gotec-bonding-agent-systems.com\/tr\/kamelock-km-28\/#primaryimage"},"image":{"@id":"https:\/\/gotec-bonding-agent-systems.com\/tr\/kamelock-km-28\/#primaryimage"},"thumbnailUrl":"https:\/\/gotec-bonding-agent-systems.com\/wp-content\/uploads\/2026\/02\/KAMELOCK-KM-28-1024x683.png","datePublished":"2026-01-22T22:07:34+00:00","dateModified":"2026-04-03T14:04:48+00:00","description":"KA&MELOCK KM 28, silikon kau\u00e7u\u011funu metal, plastik ve tekstil y\u00fczeylere yap\u0131\u015ft\u0131rmak i\u00e7in geli\u015ftirilmi\u015f tek katmanl\u0131 yap\u0131\u015ft\u0131r\u0131c\u0131d\u0131r.","breadcrumb":{"@id":"https:\/\/gotec-bonding-agent-systems.com\/tr\/kamelock-km-28\/#breadcrumb"},"inLanguage":"tr","potentialAction":[{"@type":"ReadAction","target":["https:\/\/gotec-bonding-agent-systems.com\/tr\/kamelock-km-28\/"]}]},{"@type":"ImageObject","inLanguage":"tr","@id":"https:\/\/gotec-bonding-agent-systems.com\/tr\/kamelock-km-28\/#primaryimage","url":"https:\/\/gotec-bonding-agent-systems.com\/wp-content\/uploads\/2026\/02\/KAMELOCK-KM-28-1024x683.png","contentUrl":"https:\/\/gotec-bonding-agent-systems.com\/wp-content\/uploads\/2026\/02\/KAMELOCK-KM-28-1024x683.png"},{"@type":"BreadcrumbList","@id":"https:\/\/gotec-bonding-agent-systems.com\/tr\/kamelock-km-28\/#breadcrumb","itemListElement":[{"@type":"ListItem","position":1,"name":"Start","item":"https:\/\/gotec-bonding-agent-systems.com\/tr\/"},{"@type":"ListItem","position":2,"name":"KA&amp;MELOCK KM 28 \u2013 Silikon kau\u00e7uk i\u00e7in tek katl\u0131 yap\u0131\u015fma sistemi"}]},{"@type":"WebSite","@id":"https:\/\/gotec-bonding-agent-systems.com\/#website","url":"https:\/\/gotec-bonding-agent-systems.com\/","name":"GOTEC Bonding Systems","description":"","publisher":{"@id":"https:\/\/gotec-bonding-agent-systems.com\/#organization"},"potentialAction":[{"@type":"SearchAction","target":{"@type":"EntryPoint","urlTemplate":"https:\/\/gotec-bonding-agent-systems.com\/?s={search_term_string}"},"query-input":{"@type":"PropertyValueSpecification","valueRequired":true,"valueName":"search_term_string"}}],"inLanguage":"tr"},{"@type":"Organization","@id":"https:\/\/gotec-bonding-agent-systems.com\/#organization","name":"GOTEC Bonding Systems","url":"https:\/\/gotec-bonding-agent-systems.com\/","logo":{"@type":"ImageObject","inLanguage":"tr","@id":"https:\/\/gotec-bonding-agent-systems.com\/#\/schema\/logo\/image\/","url":"https:\/\/gotec-bonding-agent-systems.com\/wp-content\/uploads\/2025\/11\/cropped-GOTEC_Bonding_Systems_Logo.png","contentUrl":"https:\/\/gotec-bonding-agent-systems.com\/wp-content\/uploads\/2025\/11\/cropped-GOTEC_Bonding_Systems_Logo.png","width":2122,"height":1287,"caption":"GOTEC Bonding Systems"},"image":{"@id":"https:\/\/gotec-bonding-agent-systems.com\/#\/schema\/logo\/image\/"}}]}},"featured_media_urls":[],"_links":{"self":[{"href":"https:\/\/gotec-bonding-agent-systems.com\/tr\/wp-json\/wp\/v2\/pages\/8712","targetHints":{"allow":["GET"]}}],"collection":[{"href":"https:\/\/gotec-bonding-agent-systems.com\/tr\/wp-json\/wp\/v2\/pages"}],"about":[{"href":"https:\/\/gotec-bonding-agent-systems.com\/tr\/wp-json\/wp\/v2\/types\/page"}],"author":[{"embeddable":true,"href":"https:\/\/gotec-bonding-agent-systems.com\/tr\/wp-json\/wp\/v2\/users\/1"}],"replies":[{"embeddable":true,"href":"https:\/\/gotec-bonding-agent-systems.com\/tr\/wp-json\/wp\/v2\/comments?post=8712"}],"version-history":[{"count":5,"href":"https:\/\/gotec-bonding-agent-systems.com\/tr\/wp-json\/wp\/v2\/pages\/8712\/revisions"}],"predecessor-version":[{"id":9416,"href":"https:\/\/gotec-bonding-agent-systems.com\/tr\/wp-json\/wp\/v2\/pages\/8712\/revisions\/9416"}],"wp:attachment":[{"href":"https:\/\/gotec-bonding-agent-systems.com\/tr\/wp-json\/wp\/v2\/media?parent=8712"}],"curies":[{"name":"wp","href":"https:\/\/api.w.org\/{rel}","templated":true}]}}